{"id":5367,"date":"2024-05-03T06:38:30","date_gmt":"2024-05-03T06:38:30","guid":{"rendered":"https:\/\/elfsight.com\/pl\/?page_id=5367"},"modified":"2024-10-24T12:03:44","modified_gmt":"2024-10-24T12:03:44","slug":"jimdo","status":"publish","type":"page","link":"https:\/\/elfsight.com\/pl\/google-maps-widget\/jimdo\/","title":{"rendered":"Google Maps &#8211; Jimdo"},"content":{"rendered":"<div class=\"application-platform-content-item-description application-platform-content-item\" id=\"description\" data-nav-section=\"description\"> <h2>Opis<\/h2> <p>\u0141atwa w instalacji, uniwersalna i ca\u0142kowicie niestandardowa wtyczka, kt\u00f3ra znacznie u\u0142atwia wyszukiwanie lokalizacji dla Twojego klienci. Skuteczne w przyci\u0105ganiu klient\u00f3w offline, szybkie dodawanie do witryny i opcje dostosowywania sprawiaj\u0105, \u017ce jest to jedna z najlepszych warto\u015bci dla ka\u017cdej witryny Jimdo. Generuj wi\u0119cej realnych klient\u00f3w, korzystaj\u0105c z responsywnych map na swojej stronie internetowej! <\/p><p><b>Korzystaj z Map Google, aby szybciej osi\u0105gn\u0105\u0107 swoje cele e-commerce! <\/b><\/p> <\/div> <div class=\"application-platform-content-item-features application-platform-content-item\" id=\"features\" data-nav-section=\"features\"> <h2>Oferujemy przydatne i \u0142atwe funkcje, zobacz niekt\u00f3re z nich: <\/h2> <ul><li>Ponad 50 znacznik\u00f3w lokalizacji dla interaktywna mapa<\/li><li>3 typy animacji znacznik\u00f3w<\/li><li>Dodawanie nowej lokalizacji poprzez podanie jedynie jej wsp\u00f3\u0142rz\u0119dnych, adresu lub nazwy <\/li><li>Obs\u0142ugiwane s\u0105 wszystkie funkcje Map Google: typy map, warstwy, elementy steruj\u0105ce<\/li><li>Karta informacyjna z maksymaln\u0105 ilo\u015bci\u0105 informacji kontaktowych<\/li><li>Automatyczne budowanie tras na podstawie lokalizacji odwiedzaj\u0105cego <\/li><li>Edytuj tytu\u0142 panelu lokalizacji i wybierz elementy<\/li><li>Przekierowanie adresu URL dla ka\u017cdego klikalnego znacznika <\/li><li>Karta informacyjna wyskakuj\u0105ca dla ka\u017cdego znacznika indywidualnie<\/li><\/ul><p><a href=\"#demo\">Mo\u017cesz przetestowa\u0107 pe\u0142ne mo\u017cliwo\u015bci wid\u017cet w wersji demonstracyjnej tutaj<\/a><\/p> <\/div> <div class=\"application-platform-content-item-installation application-platform-content-item\" id=\"installation\" data-nav-section=\"installation\"> <h2>Jak doda\u0107 Mapy Google do mojej witryny Jimdo? <\/h2> <p>Wystarczy spe\u0142ni\u0107 poni\u017csze wytyczne, aby doda\u0107 narz\u0119dzie. <\/p> <ol><li><b>Skorzystaj z naszej bezp\u0142atnej wersji demonstracyjnej i zacznij tworzy\u0107 sw\u00f3j w\u0142asny instrument. <\/b><br> Okre\u015bl preferowany uk\u0142ad i charakterystyk\u0119 narz\u0119dzia oraz zapisz zmiany. <\/li> <li><b>Skopiuj sw\u00f3j unikalny kod wy\u015bwietlony w oknie aplikacji Elfsight. <\/b><br> Po zako\u0144czeniu konfiguracji osobistego wid\u017cetu skopiuj kod osobisty z wy\u015bwietlonego wyskakuj\u0105cego okienka i zachowaj go na p\u00f3\u017aniej. <\/li> <li><b>Zacznij korzysta\u0107 z wid\u017cetu na stronie internetowej Jimdo. <\/b><br> Wprowad\u017a skopiowany wcze\u015bniej kod na swoj\u0105 stron\u0119 i zapisz poprawki. <\/li> <li><b>Konfiguracja zosta\u0142a pomy\u015blnie uko\u0144czona. <\/b><br> Przejd\u017a do swojej witryny, aby sprawdzi\u0107 dzia\u0142anie wid\u017cetu. <\/li><\/ol> <p>W przypadku napotkania jakichkolwiek przeszk\u00f3d napisz do naszego dzia\u0142u obs\u0142ugi klienta. Nasi specjali\u015bci ch\u0119tnie pomog\u0105 Ci we wszystkich problemach, jakie mo\u017cesz mie\u0107 z widgetem. <\/p> <div class=\"faq\" data-component=\"FAQ\"><div class=\"faq-item\">\r\n\t\t\t\t\t<div class=\"faq-item-question\">\r\n\t\t\t\t\t\t<h3 class=\"faq-item-question-text\">Jak doda\u0107 Mapy Google do mojej witryny Jimdo bez umiej\u0119tno\u015bci kodowania?<\/h3>\r\n\r\n\t\t\t\t\t\t<div class=\"faq-item-question-icon\"><\/div>\r\n\t\t\t\t\t<\/div>\r\n\r\n\t\t\t\t\t<div class=\"faq-item-answer\">\r\n\t\t\t\t\t\t<div class=\"faq-item-answer-text\"> <p>Elfsight zapewnia rozwi\u0105zanie SaaS, kt\u00f3re pozwala samodzielnie utworzy\u0107 wid\u017cet Map Google, zobacz, jak \u0142atwy jest ten proces to: Pracuj bezpo\u015brednio w edytorze online, aby utworzy\u0107 wid\u017cet Map Google, kt\u00f3ry chcia\u0142by\u015b zobaczy\u0107 na swojej stronie Jimdo. Wybierz jeden z gotowych szablon\u00f3w i dostosuj ustawienia Map Google, dodaj tre\u015b\u0107, zmie\u0144 uk\u0142ad i kolory bez umiej\u0119tno\u015bci kodowania. Zapisz Mapy Google i skopiuj ich kod instalacyjny, aby\u015b m\u00f3g\u0142 \u0142atwo doda\u0107 swoj\u0105 witryn\u0119 Jimdo bez konieczno\u015bci zakupu p\u0142atnej subskrypcji. Dzi\u0119ki naszemu intuicyjnemu Edytorowi ka\u017cdy u\u017cytkownik Internetu mo\u017ce stworzy\u0107 wid\u017cet Map Google online i \u0142atwo umie\u015bci\u0107 go na swojej stronie internetowej Jimdo. Aby uzyska\u0107 dost\u0119p do us\u0142ugi, nie trzeba p\u0142aci\u0107 ani wprowadza\u0107 danych uwierzytelniaj\u0105cych karty. Je\u015bli na kt\u00f3rymkolwiek etapie napotkasz jakiekolwiek problemy, skontaktuj si\u0119 z naszym zespo\u0142em pomocy technicznej.<\/p> <\/div>\r\n\t\t\t\t\t<\/div>\r\n\t\t\t\t<\/div> <\/div><\/div>","protected":false},"excerpt":{"rendered":"","protected":false},"author":9,"featured_media":0,"parent":2191,"menu_order":0,"comment_status":"closed","ping_status":"closed","template":"templates\/template-application-platform.php","meta":{"publish_to_discourse":"","publish_post_category":"","wpdc_auto_publish_overridden":"","wpdc_topic_tags":"","wpdc_pin_topic":"","wpdc_pin_until":"","discourse_post_id":"","discourse_permalink":"","wpdc_publishing_response":"","wpdc_publishing_error":"","footnotes":""},"class_list":["post-5367","page","type-page","status-publish","hentry"],"yoast_head":"<!-- This site is optimized with the Yoast SEO plugin v25.3.1 - https:\/\/yoast.com\/wordpress\/plugins\/seo\/ -->\n<title>Mapy Google - Dodaj wid\u017cet Mapa do witryny Jimdo (2025)<\/title>\n<meta name=\"description\" content=\"Utw\u00f3rz niestandardowy widget Map Google dla witryny Jimdo. Zademonstruj rozbudowane mapy w zaledwie 2 minuty za darmo w naj\u0142atwiejszym panelu wtyczek.\" \/>\n<meta name=\"robots\" content=\"index, follow, max-snippet:-1, max-image-preview:large, max-video-preview:-1\" \/>\n<link rel=\"canonical\" href=\"https:\/\/elfsight.com\/pl\/google-maps-widget\/jimdo\/\" \/>\n<meta property=\"og:locale\" content=\"pl_PL\" \/>\n<meta property=\"og:type\" content=\"article\" \/>\n<meta property=\"og:title\" content=\"Mapy Google - Dodaj wid\u017cet Mapa do witryny Jimdo (2025)\" \/>\n<meta property=\"og:description\" content=\"Utw\u00f3rz niestandardowy widget Map Google dla witryny Jimdo. Zademonstruj rozbudowane mapy w zaledwie 2 minuty za darmo w naj\u0142atwiejszym panelu wtyczek.\" \/>\n<meta property=\"og:url\" content=\"https:\/\/elfsight.com\/pl\/google-maps-widget\/jimdo\/\" \/>\n<meta property=\"og:site_name\" content=\"Elfsight PL\" \/>\n<meta property=\"article:modified_time\" content=\"2024-10-24T12:03:44+00:00\" \/>\n<meta name=\"twitter:card\" content=\"summary_large_image\" \/>\n<meta name=\"twitter:label1\" content=\"Szacowany czas czytania\" \/>\n\t<meta name=\"twitter:data1\" content=\"3 minuty\" \/>\n<!-- \/ Yoast SEO plugin. -->","yoast_head_json":{"title":"Mapy Google - Dodaj wid\u017cet Mapa do witryny Jimdo (2025)","description":"Utw\u00f3rz niestandardowy widget Map Google dla witryny Jimdo. Zademonstruj rozbudowane mapy w zaledwie 2 minuty za darmo w naj\u0142atwiejszym panelu wtyczek.","robots":{"index":"index","follow":"follow","max-snippet":"max-snippet:-1","max-image-preview":"max-image-preview:large","max-video-preview":"max-video-preview:-1"},"canonical":"https:\/\/elfsight.com\/pl\/google-maps-widget\/jimdo\/","og_locale":"pl_PL","og_type":"article","og_title":"Mapy Google - Dodaj wid\u017cet Mapa do witryny Jimdo (2025)","og_description":"Utw\u00f3rz niestandardowy widget Map Google dla witryny Jimdo. Zademonstruj rozbudowane mapy w zaledwie 2 minuty za darmo w naj\u0142atwiejszym panelu wtyczek.","og_url":"https:\/\/elfsight.com\/pl\/google-maps-widget\/jimdo\/","og_site_name":"Elfsight PL","article_modified_time":"2024-10-24T12:03:44+00:00","twitter_card":"summary_large_image","twitter_misc":{"Szacowany czas czytania":"3 minuty"},"schema":{"@context":"https:\/\/schema.org","@graph":[{"@type":"WebPage","@id":"https:\/\/elfsight.com\/pl\/google-maps-widget\/jimdo\/","url":"https:\/\/elfsight.com\/pl\/google-maps-widget\/jimdo\/","name":"Mapy Google - Dodaj wid\u017cet Mapa do witryny Jimdo (2025)","isPartOf":{"@id":"https:\/\/elfsight.com\/pl\/#website"},"datePublished":"2024-05-03T06:38:30+00:00","dateModified":"2024-10-24T12:03:44+00:00","description":"Utw\u00f3rz niestandardowy widget Map Google dla witryny Jimdo. Zademonstruj rozbudowane mapy w zaledwie 2 minuty za darmo w naj\u0142atwiejszym panelu wtyczek.","breadcrumb":{"@id":"https:\/\/elfsight.com\/pl\/google-maps-widget\/jimdo\/#breadcrumb"},"inLanguage":"pl-PL","potentialAction":[{"@type":"ReadAction","target":["https:\/\/elfsight.com\/pl\/google-maps-widget\/jimdo\/"]}]},{"@type":"BreadcrumbList","@id":"https:\/\/elfsight.com\/pl\/google-maps-widget\/jimdo\/#breadcrumb","itemListElement":[{"@type":"ListItem","position":1,"name":"Home","item":"https:\/\/elfsight.com\/pl\/"},{"@type":"ListItem","position":2,"name":"Google Maps","item":"https:\/\/elfsight.com\/pl\/google-maps-widget\/"},{"@type":"ListItem","position":3,"name":"Google Maps &#8211; Jimdo"}]},{"@type":"WebSite","@id":"https:\/\/elfsight.com\/pl\/#website","url":"https:\/\/elfsight.com\/pl\/","name":"Elfsight PL","description":"Just another Elfsight Sites site","potentialAction":[{"@type":"SearchAction","target":{"@type":"EntryPoint","urlTemplate":"https:\/\/elfsight.com\/pl\/?s={search_term_string}"},"query-input":{"@type":"PropertyValueSpecification","valueRequired":true,"valueName":"search_term_string"}}],"inLanguage":"pl-PL"}]}},"meta_box":{"industry":"","seo_heading":"","heading":"","description":"","cta_heading":"","cta_description":"","application":"2190","h1":"Wid\u017cet Map Google dla Jimdo","h1_caption":"Osad\u017a responsywn\u0105 map\u0119 Google, aby wy\u015bwietli\u0107 swoj\u0105 lokalizacj\u0119 lub wiele lokalizacji, aby u\u0142atwi\u0107 nawigacj\u0119 po witrynie Jimdo.","application_category":[],"applications_title":"","applications_request_title":"","applications_request_button_text":"","hero_text":"","hero_video":"","hero_video_schema_markup":"","selling_points_title":"","selling_points_caption":"","selling_points":[],"selling_points_cta_text":"","features_title":"","features":"","ed_cta_examples_text":"","ed_cta_examples_hidden":"","ed_cta_demo_text":"","ed_cta_demo_hidden":"","why_caption":"","why_editor_title":"","why_editor_text":"","why_team_title":"","why_team_text":"","why_service_title":"","why_service_text":"","template_catalog_visible":"","template_catalog_title":"","template_catalog_text":"","template_catalog_categories_visible":"","demo_title":"Ustaw najlepszy wid\u017cet mapy (szybko i \u0142atwo)!","demo_caption":"Konfigurator adaptacyjnych Map Google dla Twojej witryny Squarespace.","default_faq_hidden":"","app_template_category":[],"platform":"193","template_public_id":"","codecanyon_url":"","codecanyon_item_id":"","codecanyon_price":"","pricing_caption":"","pricing_elfsight_apps_hide_column":"","pricing_elfsight_apps_url":"","pricing_codecanyon_price_caption":"","integration_category":[],"integration_request_title":"","integration_request_cta":"","integration_platform":"","integrations":[],"platform_category":[],"video_schema_markup":"","price":"od 0 USD \/ miesi\u0105c","trial":"","benefits":[{"text":"Bezp\u0142atna us\u0142uga monta\u017cu"},{"text":"Do\u015bwiadczona obs\u0142uga klienta"},{"text":"14-dniowa gwarancja zwrotu pieni\u0119dzy"}],"button_url":"#demo","button_target_blank":"","button_nofollow":"","attributes":[{"name":"Instaluje"},{"name":"Czu\u0142y"},{"name":"Kompatybilne przegl\u0105darki"}],"tags":[],"tags_disable_links":"","hide_more_platforms":"","video_object":"","demo_hide_cta":"","demo_hide_cloud_options":"","pricing_title":"","pricing":[{"pricing_icon":"platform","pricing_title":"Elfsight Apps","pricing_title_caption":"Niezale\u017cne od platformy rozwi\u0105zanie cyfrowe, kt\u00f3re dzia\u0142a na ka\u017cdej stronie","pricing_price":"od 0 USD \/ miesi\u0105c","pricing_price_caption":"zacznij od bezp\u0142atnego planu","pricing_benefits":[{"text":"Nieograniczona liczba stron internetowych"},{"text":"Wsparcie premium"},{"text":"Bezp\u0142atna us\u0142uga monta\u017cu"},{"text":"Elastyczny projekt"}],"pricing_button_text":"Dodaj do witryny","pricing_button_url":"#demo"}],"related_apps_title":"","related_apps_hidden":"","author":"","image":[],"title":"","job":"","social_networks":[]},"_links":{"self":[{"href":"https:\/\/elfsight.com\/pl\/wp-json\/wp\/v2\/pages\/5367","targetHints":{"allow":["GET"]}}],"collection":[{"href":"https:\/\/elfsight.com\/pl\/wp-json\/wp\/v2\/pages"}],"about":[{"href":"https:\/\/elfsight.com\/pl\/wp-json\/wp\/v2\/types\/page"}],"author":[{"embeddable":true,"href":"https:\/\/elfsight.com\/pl\/wp-json\/wp\/v2\/users\/9"}],"replies":[{"embeddable":true,"href":"https:\/\/elfsight.com\/pl\/wp-json\/wp\/v2\/comments?post=5367"}],"version-history":[{"count":1,"href":"https:\/\/elfsight.com\/pl\/wp-json\/wp\/v2\/pages\/5367\/revisions"}],"predecessor-version":[{"id":5371,"href":"https:\/\/elfsight.com\/pl\/wp-json\/wp\/v2\/pages\/5367\/revisions\/5371"}],"up":[{"embeddable":true,"href":"https:\/\/elfsight.com\/pl\/wp-json\/wp\/v2\/pages\/2191"}],"wp:attachment":[{"href":"https:\/\/elfsight.com\/pl\/wp-json\/wp\/v2\/media?parent=5367"}],"curies":[{"name":"wp","href":"https:\/\/api.w.org\/{rel}","templated":true}]}}