{"id":5358,"date":"2024-05-03T06:38:25","date_gmt":"2024-05-03T06:38:25","guid":{"rendered":"https:\/\/elfsight.com\/pl\/?page_id=5358"},"modified":"2024-11-14T09:30:37","modified_gmt":"2024-11-14T09:30:37","slug":"elementor","status":"publish","type":"page","link":"https:\/\/elfsight.com\/pl\/g2-crowd-reviews-widget\/elementor\/","title":{"rendered":"G2 Crowd Reviews &#8211; Elementor"},"content":{"rendered":"<div class=\"application-platform-content-item-description application-platform-content-item\" id=\"description\" data-nav-section=\"description\"><h2>Umie\u015b\u0107 recenzje t\u0142umu G2 w Elementorze za pomoc\u0105 wid\u017cetu Elfsight<\/h2> <p>Widget Recenzje Elfsight G2 to najlepsza metoda ulepszenia Twojej marki reputacj\u0119 poprzez wy\u015bwietlanie recenzji prawdziwych u\u017cytkownik\u00f3w na temat Twoich ofert. Ujawniaj tylko pozytywne lub najbardziej znacz\u0105ce komentarze i uk\u0142adaj je tak, jak chcesz. Zdob\u0105d\u017a dow\u00f3d spo\u0142eczny, pokazuj\u0105c swoim odbiorcom, \u017ce Tw\u00f3j poziom wiarygodno\u015bci jest wysoki. Pom\u00f3\u017c odwiedzaj\u0105cym dzieli\u0107 si\u0119 nowymi komentarzami na temat Twojej firmy i zach\u0119caj u\u017cytkownik\u00f3w do rozm\u00f3w! <\/p><p><b>\u0141atwo i szybko wstawiaj recenzje G2 Crowd na swojej stronie<\/b><\/p><\/div><div class=\"application-platform-content-item-features application-platform-content-item\" id=\"features\" data-nav-section=\"features\"><h2>G\u0142\u00f3wne cechy G2 Crowd Reviews wid\u017cet<\/h2> <p>Aby uzyska\u0107 pe\u0142ny obraz wid\u017cetu G2 Crowd, zobacz list\u0119 najwa\u017cniejszych cech. Sprawiaj\u0105, \u017ce wid\u017cet jest maksymalnie skuteczny dla Twojej firmy:<\/p><ul> <li>Trzy dost\u0119pne filtry: wed\u0142ug typu, wykluczania wed\u0142ug i liczby wy\u015bwietlanych recenzji; <\/li><li>Cztery gotowe do u\u017cycia uk\u0142ady: Lista, Siatka, Mur i Suwak; <\/li><li>Adapowalny nag\u0142\u00f3wek wid\u017cetu; <\/li><li>Aktywny przycisk umo\u017cliwiaj\u0105cy opublikowanie kolejnej recenzji przenosi u\u017cytkownik\u00f3w na konto G2; <\/li><li>6 konfigurowalnych element\u00f3w wid\u017cetu: imi\u0119 i nazwisko autora oraz zdj\u0119cie, tekst rekomendacji, data, ikona G2 i liczba gwiazdek; <\/li><li>2 warianty scenariuszy po odrzuceniu pro\u015bby o sprawdzenie: ujawnienie tekstu lub ukrycie przycisku. <\/li><\/ul><p><a href=\"#demo\">Aby pozna\u0107 wszystkie funkcje, obejrzyj demonstracj\u0119 na \u017cywo<\/a><\/p><\/div><div class=\"application-platform-content-item-installation application-platform-content-item\" id=\"installation\" data-nav-section=\"installation\"> <h2>Jak doda\u0107 recenzje G2 Crowd do witryny Elementor<\/h2><p>Poni\u017csze kroki to jedyne, czego potrzebujesz, aby wid\u017cet G2 Crowd by\u0142 uruchomiony. <\/p><ol><li><b>Zaprojektuj w\u0142asn\u0105 wtyczk\u0119 G2 Crowd<\/b><br>Korzystaj\u0105c z naszego darmowego konfiguratora, stw\u00f3rz wtyczk\u0119 o wybranym uk\u0142adzie i funkcjonalno\u015bci. <\/li> <li><b>Zdob\u0105d\u017a osobisty kod do integracji wtyczki<\/b><br>Po utworzeniu wid\u017cetu otrzymasz unikalny kod z wy\u015bwietlonego okna aplikacji Elfsight. Skopiuj to. <\/li> <li><b>Opublikuj wtyczk\u0119 na swojej stronie Elementora<\/b><br>Znajd\u017a miejsce, w kt\u00f3rym chcesz udost\u0119pni\u0107 wtyczk\u0119 i dodaj tam skopiowany kod. Opublikuj zmiany. <\/li> <li><b>Gotowe! <\/b><br>Wejd\u017a na stron\u0119 i zobacz swoje referencje. <\/li><\/ol><p>Nadal nie mo\u017cesz si\u0119 zdecydowa\u0107? Albo natkn\u0105\u0142e\u015b si\u0119 na co\u015b? Wystarczy jedno zapytanie do naszego dzia\u0142u obs\u0142ugi klienta, aby rozwi\u0105za\u0107 ka\u017cde pytanie. <\/p><div class=\"faq\" data-component=\"FAQ\"> <div class=\"faq-item\">\r\n\t\t\t\t\t<div class=\"faq-item-question\">\r\n\t\t\t\t\t\t<h3 class=\"faq-item-question-text\">Jak mog\u0119 doda\u0107 recenzje G2 do mojej witryny Elementor bez umiej\u0119tno\u015bci kodowania?<\/h3>\r\n\r\n\t\t\t\t\t\t<div class=\"faq-item-question-icon\"><\/div>\r\n\t\t\t\t\t<\/div>\r\n\r\n\t\t\t\t\t<div class=\"faq-item-answer\">\r\n\t\t\t\t\t\t<div class=\"faq-item-answer-text\"> <p>Elfsight zapewnia rozwi\u0105zanie SaaS, kt\u00f3re pozwala samodzielnie utworzy\u0107 wid\u017cet Recenzje G2, zobacz, jak \u0142atwo proces jest nast\u0119puj\u0105cy: Pracuj bezpo\u015brednio w edytorze online, aby utworzy\u0107 wid\u017cet Recenzji G2, kt\u00f3ry chcesz zobaczy\u0107 na swojej stronie internetowej Elementor. Wybierz jeden z gotowych szablon\u00f3w i dostosuj ustawienia Recenzji G2, dodaj swoj\u0105 tre\u015b\u0107, zmie\u0144 uk\u0142ad i kolor element\u00f3w bez umiej\u0119tno\u015bci kodowania. Zapisz recenzje G2 i skopiuj ich kod instalacyjny, kt\u00f3ry mo\u017cesz \u0142atwo osadzi\u0107 na swojej stronie internetowej Elementor bez kupowania wersji p\u0142atnej. Dzi\u0119ki naszemu intuicyjnemu edytorowi ka\u017cdy u\u017cytkownik Internetu mo\u017ce stworzy\u0107 wid\u017cet Recenzje G2 online i \u0142atwo osadzi\u0107 go na swojej stronie internetowej Elementor. Aby uzyska\u0107 dost\u0119p do us\u0142ugi, nie trzeba p\u0142aci\u0107 ani wprowadza\u0107 danych uwierzytelniaj\u0105cych karty. Je\u015bli na kt\u00f3rymkolwiek etapie napotkasz jakiekolwiek problemy, skontaktuj si\u0119 z naszym zespo\u0142em pomocy technicznej.<\/p> <\/div>\r\n\t\t\t\t\t<\/div>\r\n\t\t\t\t<\/div> <\/div> <\/div>","protected":false},"excerpt":{"rendered":"","protected":false},"author":9,"featured_media":0,"parent":1481,"menu_order":0,"comment_status":"closed","ping_status":"closed","template":"templates\/template-application-platform.php","meta":{"publish_to_discourse":"","publish_post_category":"","wpdc_auto_publish_overridden":"","wpdc_topic_tags":"","wpdc_pin_topic":"","wpdc_pin_until":"","discourse_post_id":"","discourse_permalink":"","wpdc_publishing_response":"","wpdc_publishing_error":"","footnotes":""},"class_list":["post-5358","page","type-page","status-publish","hentry"],"yoast_head":"<!-- This site is optimized with the Yoast SEO plugin v25.3.1 - https:\/\/yoast.com\/wordpress\/plugins\/seo\/ -->\n<title>Umie\u015b\u0107 recenzje G2 Crowd na stronie internetowej Elementora (bezp\u0142atnie i szybko)<\/title>\n<meta name=\"description\" content=\"Dzi\u0119ki Elfsight mo\u017cesz z \u0142atwo\u015bci\u0105 utworzy\u0107 wid\u017cet Recenzje G2 Crowd i opublikowa\u0107 go na swojej stronie internetowej Elementor. Oferujemy bezp\u0142atn\u0105 obs\u0142ug\u0119 klienta i wi\u0119cej bonus\u00f3w.\" \/>\n<meta name=\"robots\" content=\"index, follow, max-snippet:-1, max-image-preview:large, max-video-preview:-1\" \/>\n<link rel=\"canonical\" href=\"https:\/\/elfsight.com\/pl\/g2-crowd-reviews-widget\/elementor\/\" \/>\n<meta property=\"og:locale\" content=\"pl_PL\" \/>\n<meta property=\"og:type\" content=\"article\" \/>\n<meta property=\"og:title\" content=\"Umie\u015b\u0107 recenzje G2 Crowd na stronie internetowej Elementora (bezp\u0142atnie i szybko)\" \/>\n<meta property=\"og:description\" content=\"Dzi\u0119ki Elfsight mo\u017cesz z \u0142atwo\u015bci\u0105 utworzy\u0107 wid\u017cet Recenzje G2 Crowd i opublikowa\u0107 go na swojej stronie internetowej Elementor. Oferujemy bezp\u0142atn\u0105 obs\u0142ug\u0119 klienta i wi\u0119cej bonus\u00f3w.\" \/>\n<meta property=\"og:url\" content=\"https:\/\/elfsight.com\/pl\/g2-crowd-reviews-widget\/elementor\/\" \/>\n<meta property=\"og:site_name\" content=\"Elfsight PL\" \/>\n<meta property=\"article:modified_time\" content=\"2024-11-14T09:30:37+00:00\" \/>\n<meta name=\"twitter:card\" content=\"summary_large_image\" \/>\n<meta name=\"twitter:label1\" content=\"Szacowany czas czytania\" \/>\n\t<meta name=\"twitter:data1\" content=\"3 minuty\" \/>\n<!-- \/ Yoast SEO plugin. -->","yoast_head_json":{"title":"Umie\u015b\u0107 recenzje G2 Crowd na stronie internetowej Elementora (bezp\u0142atnie i szybko)","description":"Dzi\u0119ki Elfsight mo\u017cesz z \u0142atwo\u015bci\u0105 utworzy\u0107 wid\u017cet Recenzje G2 Crowd i opublikowa\u0107 go na swojej stronie internetowej Elementor. Oferujemy bezp\u0142atn\u0105 obs\u0142ug\u0119 klienta i wi\u0119cej bonus\u00f3w.","robots":{"index":"index","follow":"follow","max-snippet":"max-snippet:-1","max-image-preview":"max-image-preview:large","max-video-preview":"max-video-preview:-1"},"canonical":"https:\/\/elfsight.com\/pl\/g2-crowd-reviews-widget\/elementor\/","og_locale":"pl_PL","og_type":"article","og_title":"Umie\u015b\u0107 recenzje G2 Crowd na stronie internetowej Elementora (bezp\u0142atnie i szybko)","og_description":"Dzi\u0119ki Elfsight mo\u017cesz z \u0142atwo\u015bci\u0105 utworzy\u0107 wid\u017cet Recenzje G2 Crowd i opublikowa\u0107 go na swojej stronie internetowej Elementor. Oferujemy bezp\u0142atn\u0105 obs\u0142ug\u0119 klienta i wi\u0119cej bonus\u00f3w.","og_url":"https:\/\/elfsight.com\/pl\/g2-crowd-reviews-widget\/elementor\/","og_site_name":"Elfsight PL","article_modified_time":"2024-11-14T09:30:37+00:00","twitter_card":"summary_large_image","twitter_misc":{"Szacowany czas czytania":"3 minuty"},"schema":{"@context":"https:\/\/schema.org","@graph":[{"@type":"WebPage","@id":"https:\/\/elfsight.com\/pl\/g2-crowd-reviews-widget\/elementor\/","url":"https:\/\/elfsight.com\/pl\/g2-crowd-reviews-widget\/elementor\/","name":"Umie\u015b\u0107 recenzje G2 Crowd na stronie internetowej Elementora (bezp\u0142atnie i szybko)","isPartOf":{"@id":"https:\/\/elfsight.com\/pl\/#website"},"datePublished":"2024-05-03T06:38:25+00:00","dateModified":"2024-11-14T09:30:37+00:00","description":"Dzi\u0119ki Elfsight mo\u017cesz z \u0142atwo\u015bci\u0105 utworzy\u0107 wid\u017cet Recenzje G2 Crowd i opublikowa\u0107 go na swojej stronie internetowej Elementor. Oferujemy bezp\u0142atn\u0105 obs\u0142ug\u0119 klienta i wi\u0119cej bonus\u00f3w.","breadcrumb":{"@id":"https:\/\/elfsight.com\/pl\/g2-crowd-reviews-widget\/elementor\/#breadcrumb"},"inLanguage":"pl-PL","potentialAction":[{"@type":"ReadAction","target":["https:\/\/elfsight.com\/pl\/g2-crowd-reviews-widget\/elementor\/"]}]},{"@type":"BreadcrumbList","@id":"https:\/\/elfsight.com\/pl\/g2-crowd-reviews-widget\/elementor\/#breadcrumb","itemListElement":[{"@type":"ListItem","position":1,"name":"Home","item":"https:\/\/elfsight.com\/pl\/"},{"@type":"ListItem","position":2,"name":"G2 Crowd Reviews","item":"https:\/\/elfsight.com\/pl\/g2-crowd-reviews-widget\/"},{"@type":"ListItem","position":3,"name":"G2 Crowd Reviews &#8211; Elementor"}]},{"@type":"WebSite","@id":"https:\/\/elfsight.com\/pl\/#website","url":"https:\/\/elfsight.com\/pl\/","name":"Elfsight PL","description":"Just another Elfsight Sites site","potentialAction":[{"@type":"SearchAction","target":{"@type":"EntryPoint","urlTemplate":"https:\/\/elfsight.com\/pl\/?s={search_term_string}"},"query-input":{"@type":"PropertyValueSpecification","valueRequired":true,"valueName":"search_term_string"}}],"inLanguage":"pl-PL"}]}},"meta_box":{"industry":"","seo_heading":"","heading":"","description":"","cta_heading":"","cta_description":"","application":"1480","h1":"Recenzje G2 Crowd dla Elementora","h1_caption":"Prezentuj recenzje g2, aby bez wysi\u0142ku podkre\u015bli\u0107 sukces i reputacj\u0119 swojego oprogramowania w\u015br\u00f3d u\u017cytkownik\u00f3w w swojej witrynie Elementor.","application_category":[],"applications_title":"","applications_request_title":"","applications_request_button_text":"","hero_text":"","hero_video":"","hero_video_schema_markup":"","selling_points_title":"","selling_points_caption":"","selling_points":[],"selling_points_cta_text":"","features_title":"","features":"","ed_cta_examples_text":"","ed_cta_examples_hidden":"","ed_cta_demo_text":"","ed_cta_demo_hidden":"","why_caption":"","why_editor_title":"","why_editor_text":"","why_team_title":"","why_team_text":"","why_service_title":"","why_service_text":"","template_catalog_visible":"","template_catalog_title":"","template_catalog_text":"","template_catalog_categories_visible":"","demo_title":"Utw\u00f3rz wid\u017cet Recenzje G2 Crowd","demo_caption":"Skonfiguruj swoje recenzje G2 Crowd i dodaj je do swojej witryny Elementor za darmo!","default_faq_hidden":"","app_template_category":[],"platform":"268","template_public_id":"","codecanyon_url":"","codecanyon_item_id":"","codecanyon_price":"","pricing_caption":"","pricing_elfsight_apps_hide_column":"","pricing_elfsight_apps_url":"","pricing_codecanyon_price_caption":"","integration_category":[],"integration_request_title":"","integration_request_cta":"","integration_platform":"","integrations":[],"platform_category":[],"video_schema_markup":"","price":"od 0 USD \/ miesi\u0105c","trial":"","benefits":[{"text":"Bezp\u0142atna pomoc w instalacji"},{"text":"Profesjonalna obs\u0142uga klienta"},{"text":"14-dniowa gwarancja zwrotu pieni\u0119dzy"}],"button_url":"#demo","button_target_blank":"","button_nofollow":"","attributes":[{"name":"Instaluje"},{"name":"Czu\u0142y"},{"name":"Kompatybilne przegl\u0105darki"}],"tags":[],"tags_disable_links":"","hide_more_platforms":"","video_object":"","demo_hide_cta":"","demo_hide_cloud_options":"","pricing_title":"","pricing":[{"pricing_icon":"platform","pricing_title":"Elfsight Apps","pricing_title_caption":"Wieloplatformowe rozwi\u0105zanie cyfrowe","pricing_price":"od 0 USD \/ miesi\u0105c","pricing_price_caption":"zacznij od bezp\u0142atnego planu","pricing_benefits":[{"text":"Nielimitowane domeny"},{"text":"Dedykowane wsparcie firmy i dobrze udokumentowane"},{"text":"Bezp\u0142atna pomoc w monta\u017cu"},{"text":"Oferta specjalna na wiele aplikacji"}],"pricing_button_text":"Dodaj do witryny","pricing_button_url":"#demo"}],"related_apps_title":"","related_apps_hidden":"","author":"","image":[],"title":"","job":"","social_networks":[]},"_links":{"self":[{"href":"https:\/\/elfsight.com\/pl\/wp-json\/wp\/v2\/pages\/5358","targetHints":{"allow":["GET"]}}],"collection":[{"href":"https:\/\/elfsight.com\/pl\/wp-json\/wp\/v2\/pages"}],"about":[{"href":"https:\/\/elfsight.com\/pl\/wp-json\/wp\/v2\/types\/page"}],"author":[{"embeddable":true,"href":"https:\/\/elfsight.com\/pl\/wp-json\/wp\/v2\/users\/9"}],"replies":[{"embeddable":true,"href":"https:\/\/elfsight.com\/pl\/wp-json\/wp\/v2\/comments?post=5358"}],"version-history":[{"count":1,"href":"https:\/\/elfsight.com\/pl\/wp-json\/wp\/v2\/pages\/5358\/revisions"}],"predecessor-version":[{"id":5362,"href":"https:\/\/elfsight.com\/pl\/wp-json\/wp\/v2\/pages\/5358\/revisions\/5362"}],"up":[{"embeddable":true,"href":"https:\/\/elfsight.com\/pl\/wp-json\/wp\/v2\/pages\/1481"}],"wp:attachment":[{"href":"https:\/\/elfsight.com\/pl\/wp-json\/wp\/v2\/media?parent=5358"}],"curies":[{"name":"wp","href":"https:\/\/api.w.org\/{rel}","templated":true}]}}