{"id":5357,"date":"2024-05-03T06:38:24","date_gmt":"2024-05-03T06:38:24","guid":{"rendered":"https:\/\/elfsight.com\/pl\/?page_id=5357"},"modified":"2024-11-14T09:30:37","modified_gmt":"2024-11-14T09:30:37","slug":"joomla","status":"publish","type":"page","link":"https:\/\/elfsight.com\/pl\/g2-crowd-reviews-widget\/joomla\/","title":{"rendered":"G2 Crowd Reviews &#8211; Joomla"},"content":{"rendered":"<div class=\"application-platform-content-item-description application-platform-content-item\" id=\"description\" data-nav-section=\"description\"><h2>Opis<\/h2> <p>Recenzje Elfsight G2 to najwygodniejszy spos\u00f3b na popraw\u0119 reputacji Twojej firmy poprzez wy\u015bwietlanie recenzji prawdziwych u\u017cytkownik\u00f3w na Twojej us\u0142ugi. Publikuj tylko najlepsze i najbardziej znacz\u0105ce komentarze i organizuj je dok\u0142adnie tak, jak chcesz. Zdob\u0105d\u017a dow\u00f3d spo\u0142eczny, pokazuj\u0105c odwiedzaj\u0105cym Twoj\u0105 witryn\u0119, \u017ce masz dobry poziom zaufania. Pom\u00f3\u017c u\u017cytkownikom dodawa\u0107 wi\u0119cej komentarzy na temat Twoich ofert i us\u0142ug oraz zach\u0119caj u\u017cytkownik\u00f3w do komunikacji! <\/p><p><b>Dodaj recenzje G2 Crowd do swojej witryny bez wysi\u0142ku i w mgnieniu oka<\/b><\/p><\/div><div class=\"application-platform-content-item-features application-platform-content-item\" id=\"features\" data-nav-section=\"features\"><h2>Funkcje<\/h2> <p>Aby ukszta\u0142towa\u0107 jasny odbi\u00f3r rozszerzenia G2 Crowd, sp\u00f3jrz na list\u0119 g\u0142\u00f3wnych funkcji. Dzi\u0119ki nim nasz widget jest naprawd\u0119 przydatny dla Twojej witryny: <\/p><ul> <li>Trzy predefiniowane filtry: wed\u0142ug typu, wykluczania wed\u0142ug i liczby wy\u015bwietlanych recenzji; <\/li><li>Cztery dost\u0119pne uk\u0142ady: Lista, Siatka, Mur i Suwak; <\/li><li>Mo\u017cliwo\u015b\u0107 w\u0142\u0105czenia\/wy\u0142\u0105czenia nag\u0142\u00f3wka rozszerzenia; <\/li><li>Przycisk pro\u015bby o recenzj\u0119 przenosi ludzi na Twoje konto G2; <\/li><li>Sze\u015b\u0107 elastycznych element\u00f3w recenzji: imi\u0119 i nazwisko autora i zdj\u0119cie, tekst rekomendacji, data opuszczenia, ikona G2 i liczba gwiazdek; <\/li><li>Dwa warianty odrzucenia pro\u015bby o sprawdzenie: pokazanie tekstu lub ukrycie przycisku. <\/li><\/ul><p><a href=\"#demo\"> Demo na \u017cywo poka\u017ce Ci wi\u0119cej funkcji<\/a><\/p><\/div><div class=\"application-platform-content-item-installation application-platform-content-item\" id=\"installation\" data-nav-section=\"installation\"><h2>Jak doda\u0107 recenzje G2 Crowd do witryny Joomla<\/h2><p>Wystarczy wykona\u0107 kilka krok\u00f3w podanych poni\u017cej, aby aktywowa\u0107 rozszerzenie w Joomla.<\/p> <ol><li><b>Uruchom nasz darmowy edytor i rozpocznij tworzenie Twoje spersonalizowane rozszerzenie G2 Crowd Reviews. <\/b><br> Wybierz po\u017c\u0105dany wygl\u0105d i funkcjonalno\u015b\u0107 narz\u0119dzia i zastosuj zmiany. <\/li> <li><b>Zdob\u0105d\u017a unikalny kod pojawiaj\u0105cy si\u0119 w polu w aplikacjach Elfsight. <\/b><br> Po zako\u0144czeniu konfiguracji widgetu skopiuj ekskluzywny kod z wy\u015bwietlonego okna i zapisz go na p\u00f3\u017aniej. <\/li> <li><b>Zacznij korzysta\u0107 z rozszerzenia na stronie Joomla. <\/b><br> Umie\u015b\u0107 skopiowany ostatnio kod na swojej stronie i zapisz zmiany. <\/li> <li><b>Gotowe! Osadzanie zosta\u0142o w pe\u0142ni zako\u0144czone. <\/b><br> Przejd\u017a do swojej witryny i zobacz, jak dzia\u0142a to narz\u0119dzie. <\/li><\/ol><p>Nadal nie jeste\u015b pewien? Lub masz pytania do zadania? Po prostu napisz pro\u015bb\u0119 do naszego zespo\u0142u obs\u0142ugi klienta, a oni rozwi\u0105\u017c\u0105 ka\u017cd\u0105 spraw\u0119. <\/p><div class=\"faq\" data-component=\"FAQ\"> <div class=\"faq-item\">\r\n\t\t\t\t\t<div class=\"faq-item-question\">\r\n\t\t\t\t\t\t<h3 class=\"faq-item-question-text\">Jak mog\u0119 doda\u0107 recenzje G2 do mojej witryny Joomla bez umiej\u0119tno\u015bci kodowania?<\/h3>\r\n\r\n\t\t\t\t\t\t<div class=\"faq-item-question-icon\"><\/div>\r\n\t\t\t\t\t<\/div>\r\n\r\n\t\t\t\t\t<div class=\"faq-item-answer\">\r\n\t\t\t\t\t\t<div class=\"faq-item-answer-text\"> <p>Elfsight zapewnia rozwi\u0105zanie SaaS, kt\u00f3re pozwala na samodzielne utworzenie wid\u017cetu Recenzje G2, zobacz, jak \u0142atwo jest to zrobi\u0107 proces jest nast\u0119puj\u0105cy: Pracuj bezpo\u015brednio w edytorze online, aby utworzy\u0107 wid\u017cet Recenzji G2, kt\u00f3ry chcia\u0142by\u015b zobaczy\u0107 na swojej stronie Joomla. Wybierz jeden z gotowych szablon\u00f3w i dostosuj ustawienia Recenzji G2, dodaj tre\u015b\u0107, zmie\u0144 uk\u0142ad i schemat kolor\u00f3w bez umiej\u0119tno\u015bci kodowania. Zapisz recenzje G2 i skopiuj ich kod instalacyjny, kt\u00f3ry mo\u017cesz po prostu umie\u015bci\u0107 na swojej stronie Joomla bez konieczno\u015bci kupowania p\u0142atnego planu. Dzi\u0119ki naszemu intuicyjnemu edytorowi ka\u017cdy u\u017cytkownik Internetu mo\u017ce stworzy\u0107 wid\u017cet Recenzji G2 online i \u0142atwo osadzi\u0107 go na swojej stronie Joomla. Aby uzyska\u0107 dost\u0119p do us\u0142ugi, nie trzeba p\u0142aci\u0107 ani wprowadza\u0107 danych uwierzytelniaj\u0105cych karty. Je\u015bli na kt\u00f3rymkolwiek etapie napotkasz jakiekolwiek problemy, skontaktuj si\u0119 z naszym zespo\u0142em pomocy technicznej.<\/p> <\/div>\r\n\t\t\t\t\t<\/div>\r\n\t\t\t\t<\/div> <\/div> <\/div><p><\/p>","protected":false},"excerpt":{"rendered":"","protected":false},"author":9,"featured_media":0,"parent":1481,"menu_order":0,"comment_status":"closed","ping_status":"closed","template":"templates\/template-application-platform.php","meta":{"publish_to_discourse":"","publish_post_category":"","wpdc_auto_publish_overridden":"","wpdc_topic_tags":"","wpdc_pin_topic":"","wpdc_pin_until":"","discourse_post_id":"","discourse_permalink":"","wpdc_publishing_response":"","wpdc_publishing_error":"","footnotes":""},"class_list":["post-5357","page","type-page","status-publish","hentry"],"yoast_head":"<!-- This site is optimized with the Yoast SEO plugin v25.3.1 - https:\/\/yoast.com\/wordpress\/plugins\/seo\/ -->\n<title>Osad\u017a recenzje G2 Crowd na stronie Joomla (bezp\u0142atnie i szybko)<\/title>\n<meta name=\"description\" content=\"Oto mo\u017cliwo\u015b\u0107 zaprojektowania rozszerzenia G2 Crowd Reviews i wy\u015bwietlenia go na swojej stronie Joomla. Uzyskaj bezp\u0142atn\u0105 obs\u0142ug\u0119 klienta i inne bonusy od Elfsight.\" \/>\n<meta name=\"robots\" content=\"index, follow, max-snippet:-1, max-image-preview:large, max-video-preview:-1\" \/>\n<link rel=\"canonical\" href=\"https:\/\/elfsight.com\/pl\/g2-crowd-reviews-widget\/joomla\/\" \/>\n<meta property=\"og:locale\" content=\"pl_PL\" \/>\n<meta property=\"og:type\" content=\"article\" \/>\n<meta property=\"og:title\" content=\"Osad\u017a recenzje G2 Crowd na stronie Joomla (bezp\u0142atnie i szybko)\" \/>\n<meta property=\"og:description\" content=\"Oto mo\u017cliwo\u015b\u0107 zaprojektowania rozszerzenia G2 Crowd Reviews i wy\u015bwietlenia go na swojej stronie Joomla. Uzyskaj bezp\u0142atn\u0105 obs\u0142ug\u0119 klienta i inne bonusy od Elfsight.\" \/>\n<meta property=\"og:url\" content=\"https:\/\/elfsight.com\/pl\/g2-crowd-reviews-widget\/joomla\/\" \/>\n<meta property=\"og:site_name\" content=\"Elfsight PL\" \/>\n<meta property=\"article:modified_time\" content=\"2024-11-14T09:30:37+00:00\" \/>\n<meta name=\"twitter:card\" content=\"summary_large_image\" \/>\n<meta name=\"twitter:label1\" content=\"Szacowany czas czytania\" \/>\n\t<meta name=\"twitter:data1\" content=\"3 minuty\" \/>\n<!-- \/ Yoast SEO plugin. -->","yoast_head_json":{"title":"Osad\u017a recenzje G2 Crowd na stronie Joomla (bezp\u0142atnie i szybko)","description":"Oto mo\u017cliwo\u015b\u0107 zaprojektowania rozszerzenia G2 Crowd Reviews i wy\u015bwietlenia go na swojej stronie Joomla. Uzyskaj bezp\u0142atn\u0105 obs\u0142ug\u0119 klienta i inne bonusy od Elfsight.","robots":{"index":"index","follow":"follow","max-snippet":"max-snippet:-1","max-image-preview":"max-image-preview:large","max-video-preview":"max-video-preview:-1"},"canonical":"https:\/\/elfsight.com\/pl\/g2-crowd-reviews-widget\/joomla\/","og_locale":"pl_PL","og_type":"article","og_title":"Osad\u017a recenzje G2 Crowd na stronie Joomla (bezp\u0142atnie i szybko)","og_description":"Oto mo\u017cliwo\u015b\u0107 zaprojektowania rozszerzenia G2 Crowd Reviews i wy\u015bwietlenia go na swojej stronie Joomla. Uzyskaj bezp\u0142atn\u0105 obs\u0142ug\u0119 klienta i inne bonusy od Elfsight.","og_url":"https:\/\/elfsight.com\/pl\/g2-crowd-reviews-widget\/joomla\/","og_site_name":"Elfsight PL","article_modified_time":"2024-11-14T09:30:37+00:00","twitter_card":"summary_large_image","twitter_misc":{"Szacowany czas czytania":"3 minuty"},"schema":{"@context":"https:\/\/schema.org","@graph":[{"@type":"WebPage","@id":"https:\/\/elfsight.com\/pl\/g2-crowd-reviews-widget\/joomla\/","url":"https:\/\/elfsight.com\/pl\/g2-crowd-reviews-widget\/joomla\/","name":"Osad\u017a recenzje G2 Crowd na stronie Joomla (bezp\u0142atnie i szybko)","isPartOf":{"@id":"https:\/\/elfsight.com\/pl\/#website"},"datePublished":"2024-05-03T06:38:24+00:00","dateModified":"2024-11-14T09:30:37+00:00","description":"Oto mo\u017cliwo\u015b\u0107 zaprojektowania rozszerzenia G2 Crowd Reviews i wy\u015bwietlenia go na swojej stronie Joomla. Uzyskaj bezp\u0142atn\u0105 obs\u0142ug\u0119 klienta i inne bonusy od Elfsight.","breadcrumb":{"@id":"https:\/\/elfsight.com\/pl\/g2-crowd-reviews-widget\/joomla\/#breadcrumb"},"inLanguage":"pl-PL","potentialAction":[{"@type":"ReadAction","target":["https:\/\/elfsight.com\/pl\/g2-crowd-reviews-widget\/joomla\/"]}]},{"@type":"BreadcrumbList","@id":"https:\/\/elfsight.com\/pl\/g2-crowd-reviews-widget\/joomla\/#breadcrumb","itemListElement":[{"@type":"ListItem","position":1,"name":"Home","item":"https:\/\/elfsight.com\/pl\/"},{"@type":"ListItem","position":2,"name":"G2 Crowd Reviews","item":"https:\/\/elfsight.com\/pl\/g2-crowd-reviews-widget\/"},{"@type":"ListItem","position":3,"name":"G2 Crowd Reviews &#8211; Joomla"}]},{"@type":"WebSite","@id":"https:\/\/elfsight.com\/pl\/#website","url":"https:\/\/elfsight.com\/pl\/","name":"Elfsight PL","description":"Just another Elfsight Sites site","potentialAction":[{"@type":"SearchAction","target":{"@type":"EntryPoint","urlTemplate":"https:\/\/elfsight.com\/pl\/?s={search_term_string}"},"query-input":{"@type":"PropertyValueSpecification","valueRequired":true,"valueName":"search_term_string"}}],"inLanguage":"pl-PL"}]}},"meta_box":{"industry":"","seo_heading":"","heading":"","description":"","cta_heading":"","cta_description":"","application":"1480","h1":"Recenzje G2 Crowd dla Joomla","h1_caption":"Prezentuj recenzje g2, aby bez wysi\u0142ku podkre\u015bli\u0107 sukces i reputacj\u0119 swojego oprogramowania w\u015br\u00f3d u\u017cytkownik\u00f3w w swojej witrynie Joomla.","application_category":[],"applications_title":"","applications_request_title":"","applications_request_button_text":"","hero_text":"","hero_video":"","hero_video_schema_markup":"","selling_points_title":"","selling_points_caption":"","selling_points":[],"selling_points_cta_text":"","features_title":"","features":"","ed_cta_examples_text":"","ed_cta_examples_hidden":"","ed_cta_demo_text":"","ed_cta_demo_hidden":"","why_caption":"","why_editor_title":"","why_editor_text":"","why_team_title":"","why_team_text":"","why_service_title":"","why_service_text":"","template_catalog_visible":"","template_catalog_title":"","template_catalog_text":"","template_catalog_categories_visible":"","demo_title":"Utw\u00f3rz wtyczk\u0119 G2 Crowd Reviews","demo_caption":"Skonfiguruj swoje recenzje G2 Crowd i dodaj je do swojej witryny Joomla za darmo!","default_faq_hidden":"","app_template_category":[],"platform":"53","template_public_id":"","codecanyon_url":"","codecanyon_item_id":"","codecanyon_price":"","pricing_caption":"","pricing_elfsight_apps_hide_column":"","pricing_elfsight_apps_url":"","pricing_codecanyon_price_caption":"","integration_category":[],"integration_request_title":"","integration_request_cta":"","integration_platform":"","integrations":[],"platform_category":[],"video_schema_markup":"","price":"od 0 USD \/ miesi\u0105c","trial":"","benefits":[{"text":"Bezp\u0142atna pomoc w instalacji"},{"text":"Wyj\u0105tkowe wsparcie"},{"text":"14-dniowa gwarancja zwrotu pieni\u0119dzy"}],"button_url":"#demo","button_target_blank":"","button_nofollow":"","attributes":[{"name":"Instaluje"},{"name":"Czu\u0142y"},{"name":"Kompatybilne przegl\u0105darki"}],"tags":[],"tags_disable_links":"","hide_more_platforms":"","video_object":"","demo_hide_cta":"","demo_hide_cloud_options":"","pricing_title":"","pricing":[{"pricing_icon":"platform","pricing_title":"Elfsight Apps","pricing_title_caption":"Oprogramowanie niezale\u017cne od platformy, kt\u00f3re pasuje do ka\u017cdej witryny","pricing_price":"od 0 USD \/ miesi\u0105c","pricing_price_caption":"zacznij od bezp\u0142atnego planu","pricing_benefits":[{"text":"Nielimitowane domeny"},{"text":"Szybka pomoc firmy i dobrze udokumentowana"},{"text":"Bezp\u0142atna pomoc w instalacji"},{"text":"\u015awietna oferta na wiele aplikacji"}],"pricing_button_text":"Dodaj do witryny","pricing_button_url":"#demo"}],"related_apps_title":"","related_apps_hidden":"","author":"","image":[],"title":"","job":"","social_networks":[]},"_links":{"self":[{"href":"https:\/\/elfsight.com\/pl\/wp-json\/wp\/v2\/pages\/5357","targetHints":{"allow":["GET"]}}],"collection":[{"href":"https:\/\/elfsight.com\/pl\/wp-json\/wp\/v2\/pages"}],"about":[{"href":"https:\/\/elfsight.com\/pl\/wp-json\/wp\/v2\/types\/page"}],"author":[{"embeddable":true,"href":"https:\/\/elfsight.com\/pl\/wp-json\/wp\/v2\/users\/9"}],"replies":[{"embeddable":true,"href":"https:\/\/elfsight.com\/pl\/wp-json\/wp\/v2\/comments?post=5357"}],"version-history":[{"count":1,"href":"https:\/\/elfsight.com\/pl\/wp-json\/wp\/v2\/pages\/5357\/revisions"}],"predecessor-version":[{"id":5361,"href":"https:\/\/elfsight.com\/pl\/wp-json\/wp\/v2\/pages\/5357\/revisions\/5361"}],"up":[{"embeddable":true,"href":"https:\/\/elfsight.com\/pl\/wp-json\/wp\/v2\/pages\/1481"}],"wp:attachment":[{"href":"https:\/\/elfsight.com\/pl\/wp-json\/wp\/v2\/media?parent=5357"}],"curies":[{"name":"wp","href":"https:\/\/api.w.org\/{rel}","templated":true}]}}