{"id":5351,"date":"2024-05-03T06:38:22","date_gmt":"2024-05-03T06:38:22","guid":{"rendered":"https:\/\/elfsight.com\/pl\/?page_id=5351"},"modified":"2024-11-14T09:30:29","modified_gmt":"2024-11-14T09:30:29","slug":"iframe","status":"publish","type":"page","link":"https:\/\/elfsight.com\/pl\/g2-crowd-reviews-widget\/iframe\/","title":{"rendered":"G2 Crowd Reviews &#8211; iFrame"},"content":{"rendered":"<div class=\"application-platform-content-item-description application-platform-content-item\" id=\"description\" data-nav-section=\"description\"><h2>Umie\u015b\u0107 recenzje t\u0142umu G2 w iFrame za pomoc\u0105 wid\u017cetu Elfsight<\/h2> <p>Widget Recenzje Elfsight G2 to naj\u0142atwiejszy spos\u00f3b na utrzymanie marki reputacj\u0119 poprzez prezentowanie prawdziwych recenzji klient\u00f3w na temat Twoich produkt\u00f3w. Ujawniaj tylko najlepsze i najbardziej znacz\u0105ce komentarze i porz\u0105dkuj je tak, jak potrzebujesz. Zdob\u0105d\u017a dow\u00f3d spo\u0142eczny, pokazuj\u0105c odwiedzaj\u0105cym Twoj\u0105 witryn\u0119, \u017ce masz zaufanie. Zainspiruj u\u017cytkownik\u00f3w do dodania wi\u0119kszej liczby wy\u015bwietle\u0144 na temat Twojej firmy i zach\u0119caj do komunikacji z klientami! <\/p><p><b>\u0141atwo i szybko dodawaj recenzje G2 Crowd do swojej witryny<\/b><\/p><\/div><div class=\"application-platform-content-item-features application-platform-content-item\" id=\"features\" data-nav-section=\"features\"><h2>G\u0142\u00f3wne funkcje G2 Crowd Wid\u017cet recenzji<\/h2> <p>Aby lepiej widzie\u0107 wid\u017cet, przejrzyj list\u0119 najwa\u017cniejszych funkcji. Dzi\u0119ki nim nasz widget jest maksymalnie wydajny: <\/p><ul> <li>3 dost\u0119pne filtry: wed\u0142ug typu, wykluczania wed\u0142ug i liczby wy\u015bwietlanych recenzji; <\/li><li>4 predefiniowane uk\u0142ady: lista, siatka, mur i suwak;<\/li><li>Mo\u017cliwo\u015b\u0107 kontrolowania wy\u015bwietlania nag\u0142\u00f3wka wid\u017cetu;<\/li><li>Przycisk \u017c\u0105dania sprawdzenia przenosi u\u017cytkownik\u00f3w do Strona G2;<\/li><li>Sze\u015b\u0107 regulowanych jednostek interfejsu: nazwisko autora i zdj\u0119cie, tekst recenzji, data, ikona G2 i liczba gwiazdek;<\/li><li>Dwa potencjalne scenariusze po odrzuceniu pro\u015bby o recenzj\u0119 : ujawnienie wiadomo\u015bci lub ukrycie przycisku. <\/li><\/ul><p><a href=\"#demo\">Aby sprawdzi\u0107 wszystkie funkcje, zobacz nasz\u0105 wersj\u0119 demonstracyjn\u0105<\/a><\/p><\/div><div class=\"application-platform-content-item-installation application-platform-content-item\" id=\"installation\" data-nav-section=\"installation\"><h2>Jak doda\u0107 recenzje G2 Crowd do witryny iFrame<\/h2><p>Wystarcz\u0105 poni\u017csze czynno\u015bci, aby aktywowa\u0107 wid\u017cet. <\/p><ol><li><b>Utw\u00f3rz w\u0142asn\u0105 wtyczk\u0119 G2 Crowd<\/b><br>Korzystaj\u0105c z naszego bezp\u0142atnego konfiguratora, uzyskaj wtyczk\u0119 z preferowanym uk\u0142adem i funkcjami. <\/li> <li><b>Uzyskaj osobisty kod do skonfigurowania wtyczki<\/b><br>Po skonfigurowaniu wid\u017cetu otrzymasz unikalny kod z wyskakuj\u0105cego okna aplikacji Elfsight. Skopiuj kod. <\/li> <li><b>Opublikuj wtyczk\u0119 na swojej stronie iFrame<\/b><br>Wybierz obszar, do kt\u00f3rego chcesz doda\u0107 wtyczk\u0119 i wklej tam zapisany kod. Opublikuj zmiany. <\/li> <li><b>Instalacja zosta\u0142a w pe\u0142ni uko\u0144czona<\/b><br>Wejd\u017a na swoj\u0105 stron\u0119 internetow\u0105, aby obejrze\u0107 swoj\u0105 wtyczk\u0119. <\/li><\/ol><p>Nadal masz w\u0105tpliwo\u015bci lub pytania? Wystarczy jedno zg\u0142oszenie do naszego dzia\u0142u obs\u0142ugi klienta, aby rozwi\u0105za\u0107 ka\u017cdy problem. <\/p><div class=\"faq\" data-component=\"FAQ\"> <div class=\"faq-item\">\r\n\t\t\t\t\t<div class=\"faq-item-question\">\r\n\t\t\t\t\t\t<h3 class=\"faq-item-question-text\">Jak mog\u0119 doda\u0107 recenzje G2 do mojej witryny iFrame bez umiej\u0119tno\u015bci kodowania?<\/h3>\r\n\r\n\t\t\t\t\t\t<div class=\"faq-item-question-icon\"><\/div>\r\n\t\t\t\t\t<\/div>\r\n\r\n\t\t\t\t\t<div class=\"faq-item-answer\">\r\n\t\t\t\t\t\t<div class=\"faq-item-answer-text\"> <p>Elfsight zapewnia rozwi\u0105zanie SaaS, kt\u00f3re pozwala samodzielnie utworzy\u0107 wid\u017cet Recenzje G2. Zobacz, jak \u0142atwo jest to zrobi\u0107 proces jest nast\u0119puj\u0105cy: Pracuj bezpo\u015brednio w edytorze online, aby utworzy\u0107 wid\u017cet Recenzji G2, kt\u00f3ry chcesz zobaczy\u0107 na swojej stronie internetowej iFrame. Wybierz jeden z gotowych szablon\u00f3w i dostosuj ustawienia Recenzji G2, dodaj tre\u015b\u0107, zmie\u0144 uk\u0142ad i kolory bez umiej\u0119tno\u015bci kodowania. Zapisz recenzje G2 i skopiuj ich kod instalacyjny, kt\u00f3ry mo\u017cesz \u0142atwo doda\u0107 do swojej witryny iFrame bez konieczno\u015bci kupowania p\u0142atnego planu. Dzi\u0119ki naszemu intuicyjnemu edytorowi ka\u017cdy u\u017cytkownik Internetu mo\u017ce stworzy\u0107 wid\u017cet Recenzje G2 online i \u0142atwo osadzi\u0107 go na swojej stronie internetowej iFrame. Aby uzyska\u0107 dost\u0119p do us\u0142ugi, nie trzeba p\u0142aci\u0107 ani wprowadza\u0107 danych uwierzytelniaj\u0105cych karty. Je\u015bli na kt\u00f3rymkolwiek etapie napotkasz jakiekolwiek problemy, skontaktuj si\u0119 z naszym zespo\u0142em pomocy technicznej.<\/p> <\/div>\r\n\t\t\t\t\t<\/div>\r\n\t\t\t\t<\/div> <\/div> <\/div>","protected":false},"excerpt":{"rendered":"","protected":false},"author":9,"featured_media":0,"parent":1481,"menu_order":0,"comment_status":"closed","ping_status":"closed","template":"templates\/template-application-platform.php","meta":{"publish_to_discourse":"","publish_post_category":"","wpdc_auto_publish_overridden":"","wpdc_topic_tags":"","wpdc_pin_topic":"","wpdc_pin_until":"","discourse_post_id":"","discourse_permalink":"","wpdc_publishing_response":"","wpdc_publishing_error":"","footnotes":""},"class_list":["post-5351","page","type-page","status-publish","hentry"],"yoast_head":"<!-- This site is optimized with the Yoast SEO plugin v25.3.1 - https:\/\/yoast.com\/wordpress\/plugins\/seo\/ -->\n<title>Osad\u017a recenzje G2 Crowd na stronie internetowej iFrame (bezp\u0142atnie i szybko)<\/title>\n<meta name=\"description\" content=\"Dzi\u0119ki Elfsight mo\u017cesz szybko utworzy\u0107 wid\u017cet Recenzje G2 i umie\u015bci\u0107 go na stronie internetowej iFrame. Mamy bezp\u0142atn\u0105 obs\u0142ug\u0119 klienta i inne bonusy.\" \/>\n<meta name=\"robots\" content=\"index, follow, max-snippet:-1, max-image-preview:large, max-video-preview:-1\" \/>\n<link rel=\"canonical\" href=\"https:\/\/elfsight.com\/pl\/g2-crowd-reviews-widget\/iframe\/\" \/>\n<meta property=\"og:locale\" content=\"pl_PL\" \/>\n<meta property=\"og:type\" content=\"article\" \/>\n<meta property=\"og:title\" content=\"Osad\u017a recenzje G2 Crowd na stronie internetowej iFrame (bezp\u0142atnie i szybko)\" \/>\n<meta property=\"og:description\" content=\"Dzi\u0119ki Elfsight mo\u017cesz szybko utworzy\u0107 wid\u017cet Recenzje G2 i umie\u015bci\u0107 go na stronie internetowej iFrame. Mamy bezp\u0142atn\u0105 obs\u0142ug\u0119 klienta i inne bonusy.\" \/>\n<meta property=\"og:url\" content=\"https:\/\/elfsight.com\/pl\/g2-crowd-reviews-widget\/iframe\/\" \/>\n<meta property=\"og:site_name\" content=\"Elfsight PL\" \/>\n<meta property=\"article:modified_time\" content=\"2024-11-14T09:30:29+00:00\" \/>\n<meta name=\"twitter:card\" content=\"summary_large_image\" \/>\n<meta name=\"twitter:label1\" content=\"Szacowany czas czytania\" \/>\n\t<meta name=\"twitter:data1\" content=\"3 minuty\" \/>\n<!-- \/ Yoast SEO plugin. -->","yoast_head_json":{"title":"Osad\u017a recenzje G2 Crowd na stronie internetowej iFrame (bezp\u0142atnie i szybko)","description":"Dzi\u0119ki Elfsight mo\u017cesz szybko utworzy\u0107 wid\u017cet Recenzje G2 i umie\u015bci\u0107 go na stronie internetowej iFrame. Mamy bezp\u0142atn\u0105 obs\u0142ug\u0119 klienta i inne bonusy.","robots":{"index":"index","follow":"follow","max-snippet":"max-snippet:-1","max-image-preview":"max-image-preview:large","max-video-preview":"max-video-preview:-1"},"canonical":"https:\/\/elfsight.com\/pl\/g2-crowd-reviews-widget\/iframe\/","og_locale":"pl_PL","og_type":"article","og_title":"Osad\u017a recenzje G2 Crowd na stronie internetowej iFrame (bezp\u0142atnie i szybko)","og_description":"Dzi\u0119ki Elfsight mo\u017cesz szybko utworzy\u0107 wid\u017cet Recenzje G2 i umie\u015bci\u0107 go na stronie internetowej iFrame. Mamy bezp\u0142atn\u0105 obs\u0142ug\u0119 klienta i inne bonusy.","og_url":"https:\/\/elfsight.com\/pl\/g2-crowd-reviews-widget\/iframe\/","og_site_name":"Elfsight PL","article_modified_time":"2024-11-14T09:30:29+00:00","twitter_card":"summary_large_image","twitter_misc":{"Szacowany czas czytania":"3 minuty"},"schema":{"@context":"https:\/\/schema.org","@graph":[{"@type":"WebPage","@id":"https:\/\/elfsight.com\/pl\/g2-crowd-reviews-widget\/iframe\/","url":"https:\/\/elfsight.com\/pl\/g2-crowd-reviews-widget\/iframe\/","name":"Osad\u017a recenzje G2 Crowd na stronie internetowej iFrame (bezp\u0142atnie i szybko)","isPartOf":{"@id":"https:\/\/elfsight.com\/pl\/#website"},"datePublished":"2024-05-03T06:38:22+00:00","dateModified":"2024-11-14T09:30:29+00:00","description":"Dzi\u0119ki Elfsight mo\u017cesz szybko utworzy\u0107 wid\u017cet Recenzje G2 i umie\u015bci\u0107 go na stronie internetowej iFrame. Mamy bezp\u0142atn\u0105 obs\u0142ug\u0119 klienta i inne bonusy.","breadcrumb":{"@id":"https:\/\/elfsight.com\/pl\/g2-crowd-reviews-widget\/iframe\/#breadcrumb"},"inLanguage":"pl-PL","potentialAction":[{"@type":"ReadAction","target":["https:\/\/elfsight.com\/pl\/g2-crowd-reviews-widget\/iframe\/"]}]},{"@type":"BreadcrumbList","@id":"https:\/\/elfsight.com\/pl\/g2-crowd-reviews-widget\/iframe\/#breadcrumb","itemListElement":[{"@type":"ListItem","position":1,"name":"Home","item":"https:\/\/elfsight.com\/pl\/"},{"@type":"ListItem","position":2,"name":"G2 Crowd Reviews","item":"https:\/\/elfsight.com\/pl\/g2-crowd-reviews-widget\/"},{"@type":"ListItem","position":3,"name":"G2 Crowd Reviews &#8211; iFrame"}]},{"@type":"WebSite","@id":"https:\/\/elfsight.com\/pl\/#website","url":"https:\/\/elfsight.com\/pl\/","name":"Elfsight PL","description":"Just another Elfsight Sites site","potentialAction":[{"@type":"SearchAction","target":{"@type":"EntryPoint","urlTemplate":"https:\/\/elfsight.com\/pl\/?s={search_term_string}"},"query-input":{"@type":"PropertyValueSpecification","valueRequired":true,"valueName":"search_term_string"}}],"inLanguage":"pl-PL"}]}},"meta_box":{"industry":"","seo_heading":"","heading":"","description":"","cta_heading":"","cta_description":"","application":"1480","h1":"Recenzje G2 Crowd dotycz\u0105ce iFrame","h1_caption":"Prezentuj recenzje g2, aby bez wysi\u0142ku podkre\u015bli\u0107 sukces i reputacj\u0119 swojego oprogramowania w\u015br\u00f3d u\u017cytkownik\u00f3w w swojej witrynie iFrame.","application_category":[],"applications_title":"","applications_request_title":"","applications_request_button_text":"","hero_text":"","hero_video":"","hero_video_schema_markup":"","selling_points_title":"","selling_points_caption":"","selling_points":[],"selling_points_cta_text":"","features_title":"","features":"","ed_cta_examples_text":"","ed_cta_examples_hidden":"","ed_cta_demo_text":"","ed_cta_demo_hidden":"","why_caption":"","why_editor_title":"","why_editor_text":"","why_team_title":"","why_team_text":"","why_service_title":"","why_service_text":"","template_catalog_visible":"","template_catalog_title":"","template_catalog_text":"","template_catalog_categories_visible":"","demo_title":"Utw\u00f3rz wid\u017cet Recenzje G2 Crowd","demo_caption":"Skonfiguruj swoje recenzje G2 Crowd i dodaj je do swojej witryny iFrame za darmo!","default_faq_hidden":"","app_template_category":[],"platform":"187","template_public_id":"","codecanyon_url":"","codecanyon_item_id":"","codecanyon_price":"","pricing_caption":"","pricing_elfsight_apps_hide_column":"","pricing_elfsight_apps_url":"","pricing_codecanyon_price_caption":"","integration_category":[],"integration_request_title":"","integration_request_cta":"","integration_platform":"","integrations":[],"platform_category":[],"video_schema_markup":"","price":"od 0 USD \/ miesi\u0105c","trial":"","benefits":[{"text":"Bezp\u0142atna us\u0142uga monta\u017cu"},{"text":"Wyj\u0105tkowe wsparcie"},{"text":"14-dniowa gwarancja zwrotu pieni\u0119dzy"}],"button_url":"#demo","button_target_blank":"","button_nofollow":"","attributes":[{"name":"Instaluje"},{"name":"Czu\u0142y"},{"name":"Kompatybilne przegl\u0105darki"}],"tags":[],"tags_disable_links":"","hide_more_platforms":"","video_object":"","demo_hide_cta":"","demo_hide_cloud_options":"","pricing_title":"","pricing":[{"pricing_icon":"platform","pricing_title":"Elfsight Apps","pricing_title_caption":"Oprogramowanie niezale\u017cne od platformy, kt\u00f3re pasuje do ka\u017cdej witryny internetowej","pricing_price":"od 0 USD \/ miesi\u0105c","pricing_price_caption":"zacznij od bezp\u0142atnego planu","pricing_benefits":[{"text":"Nielimitowane strony internetowe"},{"text":"Wsparcie premium i na czas"},{"text":"Bezp\u0142atna us\u0142uga monta\u017cu"},{"text":"Oferta specjalna na wiele aplikacji"}],"pricing_button_text":"Dodaj do witryny","pricing_button_url":"#demo"}],"related_apps_title":"","related_apps_hidden":"","author":"","image":[],"title":"","job":"","social_networks":[]},"_links":{"self":[{"href":"https:\/\/elfsight.com\/pl\/wp-json\/wp\/v2\/pages\/5351","targetHints":{"allow":["GET"]}}],"collection":[{"href":"https:\/\/elfsight.com\/pl\/wp-json\/wp\/v2\/pages"}],"about":[{"href":"https:\/\/elfsight.com\/pl\/wp-json\/wp\/v2\/types\/page"}],"author":[{"embeddable":true,"href":"https:\/\/elfsight.com\/pl\/wp-json\/wp\/v2\/users\/9"}],"replies":[{"embeddable":true,"href":"https:\/\/elfsight.com\/pl\/wp-json\/wp\/v2\/comments?post=5351"}],"version-history":[{"count":1,"href":"https:\/\/elfsight.com\/pl\/wp-json\/wp\/v2\/pages\/5351\/revisions"}],"predecessor-version":[{"id":5355,"href":"https:\/\/elfsight.com\/pl\/wp-json\/wp\/v2\/pages\/5351\/revisions\/5355"}],"up":[{"embeddable":true,"href":"https:\/\/elfsight.com\/pl\/wp-json\/wp\/v2\/pages\/1481"}],"wp:attachment":[{"href":"https:\/\/elfsight.com\/pl\/wp-json\/wp\/v2\/media?parent=5351"}],"curies":[{"name":"wp","href":"https:\/\/api.w.org\/{rel}","templated":true}]}}