{"id":535,"date":"2020-11-20T09:53:11","date_gmt":"2020-11-20T09:53:11","guid":{"rendered":"https:\/\/elfsight.com\/pl\/?page_id=535"},"modified":"2021-04-21T13:47:42","modified_gmt":"2021-04-21T13:47:42","slug":"sendinblue-integrations","status":"publish","type":"page","link":"https:\/\/elfsight.com\/pl\/sendinblue-integrations\/","title":{"rendered":"Sendinblue integrations"},"content":{"rendered":"\n<h2>Najskuteczniejsze integracji Elfsight dla aktualizacji twojej strony www Sendinblue<\/h2>\n\n<p>W ci\u0105gu kilku lat nasz team profesjonalist\u00f3w Elfsight wynajduje \u0142atwe w u\u017cyciu i modyfikowalne rozszerzenia chmurowe dla Twojej witryny. Nasz zesp\u00f3\u0142 gwarantuj\u0105 us\u0142ugi wsparcia i du\u017c\u0105 szybko\u015b\u0107 \u0142adowania. Aplikacji Elfsight wspomagaj\u0105 w\u0142a\u015bcicielom serwis\u00f3w www, edukacyjnych i wielu innym z r\u00f3\u017cnych cz\u0119\u015bci \u015bwiata zaradzi\u0107 podstawowymi kwestiami wydajniej. \n<\/p>\n\n<p>A\u017ceby podnie\u015b\u0107 dochody, pokaza\u0107 pozytywny feedback na swoje produkty, zwi\u0119kszy\u0107 zaufanie do swojej marki, przez zainstalowanie dodatka do swojej strony internetowej. Nasze plany subskrypcji s\u0105 w zakresie od bezp\u0142atnych do premium. Szybko w\u0142\u0105czy\u0107 wszelkie odpowiednie wtyczki korzystaj\u0105c z naszej wersji Live Demo i przekonaj si\u0119 jak bardzo to b\u0119dzie korzystne w kwestii rozwoju strony internetowej Pa\u0144stwa firmy. <\/p>\n\n<h2>Co sprawia, \u017ce nasze wtyczki Elfsight s\u0105 wyj\u0105tkowymi instrumentami dla was? <\/h2>\n\n<p> Tu jest list\u0119 powa\u017cnych cech naszych rozszerze\u0144, kt\u00f3re umo\u017cliwiaj\u0105 nam by\u0107 lepszymi, ni\u017c nasi konkurenci: <\/p>\n\n\n<ul>\n<li> Darmowa i sprawna wsparcie przy instalacje lub customizacji rozszerze\u0144; <\/li>\n<li> Automatyczne dostosowanie do wszystkich rozdzielczo\u015bci stron internetowych i przyjazne dla urz\u0105dze\u0144 mobilnych; <\/li>\n<li> Nie trzeba mie\u0107 \u015brodk\u00f3w programowania lub umiej\u0119tno\u015bci; <\/li>\n<li> Szeroka oferta mo\u017cliwo\u015bci personalizacji; <\/li>\n<li> Oparte na chmurze wtyczki pomagaj\u0105 zwi\u0119kszy\u0107 pr\u0119dko\u015b\u0107 \u0142adowania serwisu; <\/li>\n<li> Wszystkie aktualizacje s\u0105 gratisowe i regularnie publikowane; <\/li>\n<li> Przyst\u0119pne ceny; <\/li>\n<li> Kompetentna pomoc z problemami klient\u00f3w. <\/li>\n<\/ul>\n\n<p> Zbadaj wolne wersje Lite naszych rozszerze\u0144 i osi\u0105gnij jej potencja\u0142 lub zainstaluj dowolne wymagane wtyczk\u0119 z 20% obni\u017ck\u0105. <\/p>\n\n\n<h2> W jaki spos\u00f3b w\u0142\u0105czy\u0107 Elfsight dodatki na Twojej stronie Web Sendinblue <\/h2>\n\n<p> Aby integrowa\u0107 nasze rozszerzenia, zobacz poni\u017csze czynno\u015bci z dok\u0142adnej instrukcji: <\/p>\n\n\n<ol>\n<li> Wybierz wymagany widget; <\/li>\n<li> Zmodyfikuj niekt\u00f3re odpowiednie zmiany; <\/li>\n<li> Zastosuj zmiany; <\/li>\n<li> Skopiuj generowany kod; <\/li>\n<li> Wstaw ten kod instalacji w potrzebnym miejscu Twojej witryny lub szablonu; <\/li>\n<li> Zrobione! Masz zainstalowany plugin. <\/li>\n<\/ol>\n\n<p> W przypadku trudno\u015bci, zapraszamy wys\u0142a\u0107 wiadomo\u015b\u0107 do zespo\u0142u obs\u0142ugi Elfsight. <\/p>\n","protected":false},"excerpt":{"rendered":"Najskuteczniejsze integracji Elfsight dla aktualizacji twojej strony www Sendinblue W ci\u0105gu kilku lat nasz team profesjonalist\u00f3w Elfsight wynajduje \u0142atwe w u\u017cyciu i modyfikowalne rozszerzenia chmurowe dla Twojej witryny. Nasz zesp\u00f3\u0142 gwarantuj\u0105 us\u0142ugi wsparcia i du\u017c\u0105 szybko\u015b\u0107 \u0142adowania. Aplikacji Elfsight wspomagaj\u0105 w\u0142a\u015bcicielom serwis\u00f3w www, edukacyjnych i wielu innym z r\u00f3\u017cnych cz\u0119\u015bci&#8230;","protected":false},"author":13,"featured_media":0,"parent":0,"menu_order":0,"comment_status":"closed","ping_status":"closed","template":"templates\/template-platform.php","meta":{"publish_to_discourse":"","publish_post_category":"","wpdc_auto_publish_overridden":"","wpdc_topic_tags":"","wpdc_pin_topic":"","wpdc_pin_until":"","discourse_post_id":"","discourse_permalink":"","wpdc_publishing_response":"","wpdc_publishing_error":"","footnotes":""},"class_list":["post-535","page","type-page","status-publish","hentry"],"yoast_head":"<!-- This site is optimized with the Yoast SEO plugin v25.3.1 - https:\/\/yoast.com\/wordpress\/plugins\/seo\/ -->\n<title>Ponad 80 darmowych Sendinblue integracji dla strony internetowej<\/title>\n<meta name=\"description\" content=\"Lista sprawdzonych gratisowych integracji dla twojej witryny sieci Web Sendinblue. Pom\u00f3c przy personalizacji oraz szeroka gama opcji.\" \/>\n<meta name=\"robots\" content=\"index, follow, max-snippet:-1, max-image-preview:large, max-video-preview:-1\" \/>\n<link rel=\"canonical\" href=\"https:\/\/elfsight.com\/pl\/sendinblue-integrations\/\" \/>\n<meta property=\"og:locale\" content=\"pl_PL\" \/>\n<meta property=\"og:type\" content=\"article\" \/>\n<meta property=\"og:title\" content=\"Ponad 80 darmowych Sendinblue integracji dla strony internetowej\" \/>\n<meta property=\"og:description\" content=\"Lista sprawdzonych gratisowych integracji dla twojej witryny sieci Web Sendinblue. Pom\u00f3c przy personalizacji oraz szeroka gama opcji.\" \/>\n<meta property=\"og:url\" content=\"https:\/\/elfsight.com\/pl\/sendinblue-integrations\/\" \/>\n<meta property=\"og:site_name\" content=\"Elfsight PL\" \/>\n<meta property=\"article:modified_time\" content=\"2021-04-21T13:47:42+00:00\" \/>\n<meta name=\"twitter:card\" content=\"summary_large_image\" \/>\n<meta name=\"twitter:label1\" content=\"Szacowany czas czytania\" \/>\n\t<meta name=\"twitter:data1\" content=\"2 minuty\" \/>\n<!-- \/ Yoast SEO plugin. -->","yoast_head_json":{"title":"Ponad 80 darmowych Sendinblue integracji dla strony internetowej","description":"Lista sprawdzonych gratisowych integracji dla twojej witryny sieci Web Sendinblue. Pom\u00f3c przy personalizacji oraz szeroka gama opcji.","robots":{"index":"index","follow":"follow","max-snippet":"max-snippet:-1","max-image-preview":"max-image-preview:large","max-video-preview":"max-video-preview:-1"},"canonical":"https:\/\/elfsight.com\/pl\/sendinblue-integrations\/","og_locale":"pl_PL","og_type":"article","og_title":"Ponad 80 darmowych Sendinblue integracji dla strony internetowej","og_description":"Lista sprawdzonych gratisowych integracji dla twojej witryny sieci Web Sendinblue. Pom\u00f3c przy personalizacji oraz szeroka gama opcji.","og_url":"https:\/\/elfsight.com\/pl\/sendinblue-integrations\/","og_site_name":"Elfsight PL","article_modified_time":"2021-04-21T13:47:42+00:00","twitter_card":"summary_large_image","twitter_misc":{"Szacowany czas czytania":"2 minuty"},"schema":{"@context":"https:\/\/schema.org","@graph":[{"@type":"WebPage","@id":"https:\/\/elfsight.com\/pl\/sendinblue-integrations\/","url":"https:\/\/elfsight.com\/pl\/sendinblue-integrations\/","name":"Ponad 80 darmowych Sendinblue integracji dla strony internetowej","isPartOf":{"@id":"https:\/\/elfsight.com\/pl\/#website"},"datePublished":"2020-11-20T09:53:11+00:00","dateModified":"2021-04-21T13:47:42+00:00","description":"Lista sprawdzonych gratisowych integracji dla twojej witryny sieci Web Sendinblue. Pom\u00f3c przy personalizacji oraz szeroka gama opcji.","breadcrumb":{"@id":"https:\/\/elfsight.com\/pl\/sendinblue-integrations\/#breadcrumb"},"inLanguage":"pl-PL","potentialAction":[{"@type":"ReadAction","target":["https:\/\/elfsight.com\/pl\/sendinblue-integrations\/"]}]},{"@type":"BreadcrumbList","@id":"https:\/\/elfsight.com\/pl\/sendinblue-integrations\/#breadcrumb","itemListElement":[{"@type":"ListItem","position":1,"name":"Home","item":"https:\/\/elfsight.com\/pl\/"},{"@type":"ListItem","position":2,"name":"Sendinblue integrations"}]},{"@type":"WebSite","@id":"https:\/\/elfsight.com\/pl\/#website","url":"https:\/\/elfsight.com\/pl\/","name":"Elfsight PL","description":"Just another Elfsight Sites site","potentialAction":[{"@type":"SearchAction","target":{"@type":"EntryPoint","urlTemplate":"https:\/\/elfsight.com\/pl\/?s={search_term_string}"},"query-input":{"@type":"PropertyValueSpecification","valueRequired":true,"valueName":"search_term_string"}}],"inLanguage":"pl-PL"}]}},"meta_box":{"industry":"","seo_heading":"","heading":"","description":"","cta_heading":"","cta_description":"","application":"","h1":"Najlepsze integracje Sendinblue","h1_caption":"Nieodp\u0142atny zbi\u00f3r doskona\u0142ych integracji wysokiej klasy z szerok\u0105 gam\u0105 funkcji dla powi\u0119kszania zapotrzebowania u\u017cytkownik\u00f3w i wype\u0142nienia wszystkich innych cel\u00f3w w zakresie rozwoju komercyjnego. Prosta implementacja, bogata oferta opcji personalizacji oraz zawodowa obs\u0142uga klienta.","application_category":[],"applications_title":"Sprawd\u017a najbardziej odpowiednie integracji dla twojej witryny internetowej w\u015br\u00f3d wszystkich dodatk\u00f3w darmowych w demonstracje online","applications_request_title":"Nie mo\u017cesz znale\u017a\u0107 odpowiedniej integracji?","applications_request_button_text":"Zam\u00f3w integracje","hero_text":"","hero_video":"","hero_video_schema_markup":"","selling_points_title":"","selling_points_caption":"","selling_points":[],"selling_points_cta_text":"","features_title":"","features":"","ed_cta_examples_text":"","ed_cta_examples_hidden":"","ed_cta_demo_text":"","ed_cta_demo_hidden":"","why_caption":"","why_editor_title":"","why_editor_text":"","why_team_title":"","why_team_text":"","why_service_title":"","why_service_text":"","template_catalog_visible":"","template_catalog_title":"","template_catalog_text":"","template_catalog_categories_visible":"","demo_title":"","demo_caption":"","default_faq_hidden":"","app_template_category":[],"platform":"532","template_public_id":"","codecanyon_url":"","codecanyon_item_id":"","codecanyon_price":"","pricing_caption":"","pricing_elfsight_apps_hide_column":"","pricing_elfsight_apps_url":"","pricing_codecanyon_price_caption":"","integration_category":[],"integration_request_title":"","integration_request_cta":"","integration_platform":"","integrations":[],"platform_category":[],"video_schema_markup":"","price":"","trial":"","benefits":[],"button_url":"","button_target_blank":"","button_nofollow":"","attributes":[],"tags":[],"tags_disable_links":"","hide_more_platforms":"","video_object":"","demo_hide_cta":"","demo_hide_cloud_options":"","pricing_title":"","pricing":[],"related_apps_title":"","related_apps_hidden":"","author":"","image":[],"title":"","job":"","social_networks":[]},"_links":{"self":[{"href":"https:\/\/elfsight.com\/pl\/wp-json\/wp\/v2\/pages\/535","targetHints":{"allow":["GET"]}}],"collection":[{"href":"https:\/\/elfsight.com\/pl\/wp-json\/wp\/v2\/pages"}],"about":[{"href":"https:\/\/elfsight.com\/pl\/wp-json\/wp\/v2\/types\/page"}],"author":[{"embeddable":true,"href":"https:\/\/elfsight.com\/pl\/wp-json\/wp\/v2\/users\/13"}],"replies":[{"embeddable":true,"href":"https:\/\/elfsight.com\/pl\/wp-json\/wp\/v2\/comments?post=535"}],"version-history":[{"count":2,"href":"https:\/\/elfsight.com\/pl\/wp-json\/wp\/v2\/pages\/535\/revisions"}],"predecessor-version":[{"id":537,"href":"https:\/\/elfsight.com\/pl\/wp-json\/wp\/v2\/pages\/535\/revisions\/537"}],"wp:attachment":[{"href":"https:\/\/elfsight.com\/pl\/wp-json\/wp\/v2\/media?parent=535"}],"curies":[{"name":"wp","href":"https:\/\/api.w.org\/{rel}","templated":true}]}}