{"id":5343,"date":"2024-05-03T06:38:18","date_gmt":"2024-05-03T06:38:18","guid":{"rendered":"https:\/\/elfsight.com\/pl\/?page_id=5343"},"modified":"2024-11-14T09:30:21","modified_gmt":"2024-11-14T09:30:21","slug":"opencart","status":"publish","type":"page","link":"https:\/\/elfsight.com\/pl\/g2-crowd-reviews-widget\/opencart\/","title":{"rendered":"G2 Crowd Reviews &#8211; OpenCart"},"content":{"rendered":"<div class=\"application-platform-content-item-description application-platform-content-item\" id=\"description\" data-nav-section=\"description\"><h2>Opis<\/h2> <p>Rozszerzenie Elfsight G2 Reviews to najprostszy spos\u00f3b na popraw\u0119 reputacji Twojej firmy poprzez pokazywanie recenzji prawdziwych klient\u00f3w na Twoim oferuje. Publikuj tylko najlepsze lub najbardziej atrakcyjne komentarze i organizuj je tak, jak potrzebujesz. Zbieraj dow\u00f3d spo\u0142eczny, pokazuj\u0105c odbiorcom, \u017ce masz zaufanie. Zainspiruj odwiedzaj\u0105cych do dzielenia si\u0119 wi\u0119ksz\u0105 liczb\u0105 komentarzy na temat Twoich ofert i us\u0142ug oraz zach\u0119caj do komunikacji z klientami! <\/p><p><b>Osadzaj najlepsze posty na dowolnej stronie witryny<\/b><\/p><\/div><div class=\"application-platform-content-item-features application-platform-content-item\" id=\"features\" data-nav-section=\"features\"><h2>Funkcje<\/h2> <p>Aby uzyska\u0107 pe\u0142ne zrozumienie rozszerzenia G2 Crowd, mo\u017cesz przestudiowa\u0107 list\u0119 g\u0142\u00f3wnych cech. Sprawiaj\u0105, \u017ce wid\u017cet jest niezwykle skuteczny w promocji: <\/p><ul> <li>Trzy gotowe do u\u017cycia filtry: wed\u0142ug typu, wykluczania wed\u0142ug i ilo\u015bci wy\u015bwietlanych recenzji; <\/li><li>4 dost\u0119pne uk\u0142ady: Lista, Siatka, Mur i Suwak; <\/li><li>Prze\u0142\u0105czany nag\u0142\u00f3wek rozszerzenia; <\/li><li>Przycisk \u017c\u0105dania recenzji kieruje klient\u00f3w do strony G2; <\/li><li>6 elastycznych element\u00f3w interfejsu: imi\u0119 i nazwisko autora oraz zdj\u0119cie, tekst rekomendacji, data udost\u0119pnienia, ikona G2 i liczba gwiazdek; <\/li><li>2 mo\u017cliwe scenariusze po odrzuceniu pro\u015bby o sprawdzenie: wy\u015bwietlenie niestandardowego komunikatu lub ukrycie przycisku. <\/li><\/ul><p><a href=\"#demo\">Aby sprawdzi\u0107 wi\u0119cej funkcji, zobacz wersj\u0119 demonstracyjn\u0105<\/a><\/p><\/div><div class=\"application-platform-content-item-installation application-platform-content-item\" id=\"installation\" data-nav-section=\"installation\"><h2> Jak doda\u0107 recenzje G2 Crowd do witryny OpenCart<\/h2><p>Wystarczy wykona\u0107 poni\u017csze kroki, aby doda\u0107 wid\u017cet do OpenCart.<\/p> <ol><li><b>Wykonaj nasz darmowy konfigurator i rozpocznij tworzenie swojego niestandardowe rozszerzenie. <\/b><br> Znajd\u017a niestandardow\u0105 form\u0119 i charakterystyk\u0119 wid\u017cetu i zastosuj modyfikacje. <\/li> <li><b>Odbierz sw\u00f3j unikalny kod pojawiaj\u0105cy si\u0119 w oknie aplikacji Elfsight. <\/b><br> Po wygenerowaniu narz\u0119dzia skopiuj kod osobisty z wy\u015bwietlonego pola i zapisz go do dalszego wykorzystania. <\/li> <li><b>Rozpocznij stosowanie wid\u017cetu G2 Crowd Reviews na stronie internetowej OpenCart. <\/b><br> Umie\u015b\u0107 zapisany wcze\u015bniej kod na swojej stronie internetowej i zapisz ulepszenia. <\/li> <li><b>Instalacja zosta\u0142a pomy\u015blnie uko\u0144czona. <\/b><br> Przejd\u017a na swoj\u0105 stron\u0119 i sprawd\u017a, jak dzia\u0142a narz\u0119dzie. <\/li><\/ol> <p>Nadal masz co\u015b, co budzi Twoje w\u0105tpliwo\u015bci? Albo masz k\u0142opoty? Tylko jedna pro\u015bba do naszego zespo\u0142u wsparcia rozwi\u0105\u017ce ka\u017cdy problem. <\/p><div class=\"faq\" data-component=\"FAQ\"> <div class=\"faq-item\">\r\n\t\t\t\t\t<div class=\"faq-item-question\">\r\n\t\t\t\t\t\t<h3 class=\"faq-item-question-text\">Jak mog\u0119 doda\u0107 recenzje G2 do mojej witryny OpenCart bez umiej\u0119tno\u015bci kodowania?<\/h3>\r\n\r\n\t\t\t\t\t\t<div class=\"faq-item-question-icon\"><\/div>\r\n\t\t\t\t\t<\/div>\r\n\r\n\t\t\t\t\t<div class=\"faq-item-answer\">\r\n\t\t\t\t\t\t<div class=\"faq-item-answer-text\"> <p>Elfsight zapewnia rozwi\u0105zanie SaaS, kt\u00f3re pozwala samodzielnie utworzy\u0107 wid\u017cet Recenzje G2. Zobacz, jak \u0142atwo jest to zrobi\u0107 proces jest nast\u0119puj\u0105cy: Pracuj bezpo\u015brednio w edytorze online, aby utworzy\u0107 wid\u017cet Recenzji G2, kt\u00f3ry chcia\u0142by\u015b zobaczy\u0107 na swojej stronie OpenCart. Wybierz jeden z gotowych szablon\u00f3w i dostosuj ustawienia Recenzji G2, dodaj tre\u015b\u0107, zmie\u0144 uk\u0142ad i kolory bez umiej\u0119tno\u015bci kodowania. Zapisz recenzje G2 i skopiuj ich kod instalacyjny, kt\u00f3ry mo\u017cesz \u0142atwo osadzi\u0107 na swojej stronie OpenCart bez konieczno\u015bci kupowania p\u0142atnej subskrypcji. Dzi\u0119ki naszemu intuicyjnemu edytorowi ka\u017cdy u\u017cytkownik Internetu mo\u017ce stworzy\u0107 wid\u017cet Recenzje G2 online i \u0142atwo osadzi\u0107 go na swojej stronie OpenCart. Aby uzyska\u0107 dost\u0119p do us\u0142ugi, nie trzeba p\u0142aci\u0107 ani wprowadza\u0107 danych uwierzytelniaj\u0105cych karty. Je\u015bli na kt\u00f3rymkolwiek etapie napotkasz jakiekolwiek problemy, skontaktuj si\u0119 z naszym zespo\u0142em pomocy technicznej.<\/p> <\/div>\r\n\t\t\t\t\t<\/div>\r\n\t\t\t\t<\/div> <\/div> <\/div>","protected":false},"excerpt":{"rendered":"","protected":false},"author":9,"featured_media":0,"parent":1481,"menu_order":0,"comment_status":"closed","ping_status":"closed","template":"templates\/template-application-platform.php","meta":{"publish_to_discourse":"","publish_post_category":"","wpdc_auto_publish_overridden":"","wpdc_topic_tags":"","wpdc_pin_topic":"","wpdc_pin_until":"","discourse_post_id":"","discourse_permalink":"","wpdc_publishing_response":"","wpdc_publishing_error":"","footnotes":""},"class_list":["post-5343","page","type-page","status-publish","hentry"],"yoast_head":"<!-- This site is optimized with the Yoast SEO plugin v25.3.1 - https:\/\/yoast.com\/wordpress\/plugins\/seo\/ -->\n<title>Umie\u015b\u0107 recenzje G2 Crowd na stronie OpenCart (bezp\u0142atnie i szybko)<\/title>\n<meta name=\"description\" content=\"Oto mo\u017cliwo\u015b\u0107 kszta\u0142towania rozszerzenia G2 Crowd Reviews i wy\u015bwietlania go na swojej stronie OpenCart. Uzyskaj bezp\u0142atn\u0105 obs\u0142ug\u0119 klienta i inne korzy\u015bci od Elfsight.\" \/>\n<meta name=\"robots\" content=\"index, follow, max-snippet:-1, max-image-preview:large, max-video-preview:-1\" \/>\n<link rel=\"canonical\" href=\"https:\/\/elfsight.com\/pl\/g2-crowd-reviews-widget\/opencart\/\" \/>\n<meta property=\"og:locale\" content=\"pl_PL\" \/>\n<meta property=\"og:type\" content=\"article\" \/>\n<meta property=\"og:title\" content=\"Umie\u015b\u0107 recenzje G2 Crowd na stronie OpenCart (bezp\u0142atnie i szybko)\" \/>\n<meta property=\"og:description\" content=\"Oto mo\u017cliwo\u015b\u0107 kszta\u0142towania rozszerzenia G2 Crowd Reviews i wy\u015bwietlania go na swojej stronie OpenCart. Uzyskaj bezp\u0142atn\u0105 obs\u0142ug\u0119 klienta i inne korzy\u015bci od Elfsight.\" \/>\n<meta property=\"og:url\" content=\"https:\/\/elfsight.com\/pl\/g2-crowd-reviews-widget\/opencart\/\" \/>\n<meta property=\"og:site_name\" content=\"Elfsight PL\" \/>\n<meta property=\"article:modified_time\" content=\"2024-11-14T09:30:21+00:00\" \/>\n<meta name=\"twitter:card\" content=\"summary_large_image\" \/>\n<meta name=\"twitter:label1\" content=\"Szacowany czas czytania\" \/>\n\t<meta name=\"twitter:data1\" content=\"3 minuty\" \/>\n<!-- \/ Yoast SEO plugin. -->","yoast_head_json":{"title":"Umie\u015b\u0107 recenzje G2 Crowd na stronie OpenCart (bezp\u0142atnie i szybko)","description":"Oto mo\u017cliwo\u015b\u0107 kszta\u0142towania rozszerzenia G2 Crowd Reviews i wy\u015bwietlania go na swojej stronie OpenCart. Uzyskaj bezp\u0142atn\u0105 obs\u0142ug\u0119 klienta i inne korzy\u015bci od Elfsight.","robots":{"index":"index","follow":"follow","max-snippet":"max-snippet:-1","max-image-preview":"max-image-preview:large","max-video-preview":"max-video-preview:-1"},"canonical":"https:\/\/elfsight.com\/pl\/g2-crowd-reviews-widget\/opencart\/","og_locale":"pl_PL","og_type":"article","og_title":"Umie\u015b\u0107 recenzje G2 Crowd na stronie OpenCart (bezp\u0142atnie i szybko)","og_description":"Oto mo\u017cliwo\u015b\u0107 kszta\u0142towania rozszerzenia G2 Crowd Reviews i wy\u015bwietlania go na swojej stronie OpenCart. Uzyskaj bezp\u0142atn\u0105 obs\u0142ug\u0119 klienta i inne korzy\u015bci od Elfsight.","og_url":"https:\/\/elfsight.com\/pl\/g2-crowd-reviews-widget\/opencart\/","og_site_name":"Elfsight PL","article_modified_time":"2024-11-14T09:30:21+00:00","twitter_card":"summary_large_image","twitter_misc":{"Szacowany czas czytania":"3 minuty"},"schema":{"@context":"https:\/\/schema.org","@graph":[{"@type":"WebPage","@id":"https:\/\/elfsight.com\/pl\/g2-crowd-reviews-widget\/opencart\/","url":"https:\/\/elfsight.com\/pl\/g2-crowd-reviews-widget\/opencart\/","name":"Umie\u015b\u0107 recenzje G2 Crowd na stronie OpenCart (bezp\u0142atnie i szybko)","isPartOf":{"@id":"https:\/\/elfsight.com\/pl\/#website"},"datePublished":"2024-05-03T06:38:18+00:00","dateModified":"2024-11-14T09:30:21+00:00","description":"Oto mo\u017cliwo\u015b\u0107 kszta\u0142towania rozszerzenia G2 Crowd Reviews i wy\u015bwietlania go na swojej stronie OpenCart. Uzyskaj bezp\u0142atn\u0105 obs\u0142ug\u0119 klienta i inne korzy\u015bci od Elfsight.","breadcrumb":{"@id":"https:\/\/elfsight.com\/pl\/g2-crowd-reviews-widget\/opencart\/#breadcrumb"},"inLanguage":"pl-PL","potentialAction":[{"@type":"ReadAction","target":["https:\/\/elfsight.com\/pl\/g2-crowd-reviews-widget\/opencart\/"]}]},{"@type":"BreadcrumbList","@id":"https:\/\/elfsight.com\/pl\/g2-crowd-reviews-widget\/opencart\/#breadcrumb","itemListElement":[{"@type":"ListItem","position":1,"name":"Home","item":"https:\/\/elfsight.com\/pl\/"},{"@type":"ListItem","position":2,"name":"G2 Crowd Reviews","item":"https:\/\/elfsight.com\/pl\/g2-crowd-reviews-widget\/"},{"@type":"ListItem","position":3,"name":"G2 Crowd Reviews &#8211; OpenCart"}]},{"@type":"WebSite","@id":"https:\/\/elfsight.com\/pl\/#website","url":"https:\/\/elfsight.com\/pl\/","name":"Elfsight PL","description":"Just another Elfsight Sites site","potentialAction":[{"@type":"SearchAction","target":{"@type":"EntryPoint","urlTemplate":"https:\/\/elfsight.com\/pl\/?s={search_term_string}"},"query-input":{"@type":"PropertyValueSpecification","valueRequired":true,"valueName":"search_term_string"}}],"inLanguage":"pl-PL"}]}},"meta_box":{"industry":"","seo_heading":"","heading":"","description":"","cta_heading":"","cta_description":"","application":"1480","h1":"Recenzje G2 Crowd dotycz\u0105ce OpenCart","h1_caption":"Prezentuj recenzje g2, aby bez wysi\u0142ku podkre\u015bli\u0107 sukces i reputacj\u0119 swojego oprogramowania w\u015br\u00f3d u\u017cytkownik\u00f3w na swojej stronie internetowej Opencart.","application_category":[],"applications_title":"","applications_request_title":"","applications_request_button_text":"","hero_text":"","hero_video":"","hero_video_schema_markup":"","selling_points_title":"","selling_points_caption":"","selling_points":[],"selling_points_cta_text":"","features_title":"","features":"","ed_cta_examples_text":"","ed_cta_examples_hidden":"","ed_cta_demo_text":"","ed_cta_demo_hidden":"","why_caption":"","why_editor_title":"","why_editor_text":"","why_team_title":"","why_team_text":"","why_service_title":"","why_service_text":"","template_catalog_visible":"","template_catalog_title":"","template_catalog_text":"","template_catalog_categories_visible":"","demo_title":"Utw\u00f3rz rozszerzenie G2 Crowd Reviews","demo_caption":"Skonfiguruj swoje recenzje G2 Crowd i dodaj je do swojej witryny OpenCart za darmo!","default_faq_hidden":"","app_template_category":[],"platform":"107","template_public_id":"","codecanyon_url":"","codecanyon_item_id":"","codecanyon_price":"","pricing_caption":"","pricing_elfsight_apps_hide_column":"","pricing_elfsight_apps_url":"","pricing_codecanyon_price_caption":"","integration_category":[],"integration_request_title":"","integration_request_cta":"","integration_platform":"","integrations":[],"platform_category":[],"video_schema_markup":"","price":"od 0 USD \/ miesi\u0105c","trial":"","benefits":[{"text":"Bezp\u0142atna pomoc w instalacji"},{"text":"Do\u015bwiadczona obs\u0142uga klienta"},{"text":"14-dniowa gwarancja zwrotu pieni\u0119dzy"}],"button_url":"#demo","button_target_blank":"","button_nofollow":"","attributes":[{"name":"Instaluje"},{"name":"Czu\u0142y"},{"name":"Kompatybilne przegl\u0105darki"}],"tags":[],"tags_disable_links":"","hide_more_platforms":"","video_object":"","demo_hide_cta":"","demo_hide_cloud_options":"","pricing_title":"","pricing":[{"pricing_icon":"platform","pricing_title":"Elfsight Apps","pricing_title_caption":"Oprogramowanie wieloplatformowe","pricing_price":"od 0 USD \/ miesi\u0105c","pricing_price_caption":"zacznij od bezp\u0142atnego planu","pricing_benefits":[{"text":"Nielimitowane strony internetowe"},{"text":"Wsparcie premium i na czas"},{"text":"Bezp\u0142atna pomoc w instalacji"},{"text":"W pe\u0142ni konfigurowalny"}],"pricing_button_text":"Dodaj do witryny","pricing_button_url":"#demo"}],"related_apps_title":"","related_apps_hidden":"","author":"","image":[],"title":"","job":"","social_networks":[]},"_links":{"self":[{"href":"https:\/\/elfsight.com\/pl\/wp-json\/wp\/v2\/pages\/5343","targetHints":{"allow":["GET"]}}],"collection":[{"href":"https:\/\/elfsight.com\/pl\/wp-json\/wp\/v2\/pages"}],"about":[{"href":"https:\/\/elfsight.com\/pl\/wp-json\/wp\/v2\/types\/page"}],"author":[{"embeddable":true,"href":"https:\/\/elfsight.com\/pl\/wp-json\/wp\/v2\/users\/9"}],"replies":[{"embeddable":true,"href":"https:\/\/elfsight.com\/pl\/wp-json\/wp\/v2\/comments?post=5343"}],"version-history":[{"count":1,"href":"https:\/\/elfsight.com\/pl\/wp-json\/wp\/v2\/pages\/5343\/revisions"}],"predecessor-version":[{"id":5347,"href":"https:\/\/elfsight.com\/pl\/wp-json\/wp\/v2\/pages\/5343\/revisions\/5347"}],"up":[{"embeddable":true,"href":"https:\/\/elfsight.com\/pl\/wp-json\/wp\/v2\/pages\/1481"}],"wp:attachment":[{"href":"https:\/\/elfsight.com\/pl\/wp-json\/wp\/v2\/media?parent=5343"}],"curies":[{"name":"wp","href":"https:\/\/api.w.org\/{rel}","templated":true}]}}