{"id":5342,"date":"2024-05-03T06:38:17","date_gmt":"2024-05-03T06:38:17","guid":{"rendered":"https:\/\/elfsight.com\/pl\/?page_id=5342"},"modified":"2025-06-24T13:42:34","modified_gmt":"2025-06-24T13:42:34","slug":"shopify","status":"publish","type":"page","link":"https:\/\/elfsight.com\/pl\/g2-crowd-reviews-widget\/shopify\/","title":{"rendered":"G2 Crowd Reviews &#8211; Shopify"},"content":{"rendered":"<div class=\"application-platform-content-item-description application-platform-content-item\" id=\"description\" data-nav-section=\"description\">\n<h2>Umie\u015b\u0107 recenzje t\u0142umu G2 w Shopify za pomoc\u0105 wid\u017cetu Elfsight<\/h2>\n<p>Aplikacja Elfsight G2 Recenzje to najwygodniejszy spos\u00f3b kszta\u0142towania Twojej reputacj\u0119 biznesow\u0105 poprzez pokazywanie prawdziwych recenzji klient\u00f3w na temat Twoich ofert. Publikuj tylko pozytywne lub najbardziej znacz\u0105ce recenzje i uk\u0142adaj je dok\u0142adnie tak, jak chcesz. Zbierz dow\u00f3d spo\u0142eczny pokazuj\u0105cy swoim odbiorcom, \u017ce masz wysok\u0105 wiarygodno\u015b\u0107. Zainspiruj odwiedzaj\u0105cych do dodawania \u015bwie\u017cych komentarzy na temat Twojej firmy i zach\u0119caj klient\u00f3w do rozm\u00f3w!<\/p>\n<p>Zintegruj recenzje G2 Crowd w swojej witrynie bez wysi\u0142ku i w mgnieniu oka.<\/p>\n<\/div>\n\n<div class=\"application-platform-content-item-features application-platform-content-item\" id=\"features\" data-nav-section=\"features\">\n<h2>G\u0142\u00f3wne funkcje G2 Widget Crowd Reviews<\/h2>\n<p>Aby lepiej zrozumie\u0107 aplikacj\u0119 G2 Crowd, zapoznaj si\u0119 z list\u0105 jej g\u0142\u00f3wnych cech. Dzi\u0119ki nim wid\u017cet jest niezwykle skuteczny dla Twojej firmy:<\/p>\n<ul>\n    <li>3 predefiniowane filtry: wed\u0142ug typu, wykluczenia wed\u0142ug i liczby wy\u015bwietlanych recenzji;<\/li>\n    <li>4 rodzaje uk\u0142ad\u00f3w: lista, siatka, mur i suwak;<\/li>\n    <li>Mo\u017cliwo\u015b\u0107 w\u0142\u0105czenia\/wy\u0142\u0105czenia nag\u0142\u00f3wka aplikacji;<\/li>\n    <li>Aktywny przycisk udost\u0119pniania nowej recenzji przenosi klient\u00f3w na stron\u0119 G2;<\/li>\n    <li>Sze\u015b\u0107 elastycznych jednostek recenzji: nazwisko autora i zdj\u0119cie, tekst rekomendacji, data opublikowania, znak G2 i liczba gwiazdek;<\/li>\n    <li>2 opcje scenariuszy po odrzuceniu pro\u015bby o sprawdzenie: wy\u015bwietlenie komunikatu lub usuni\u0119cie przycisku.<\/li>\n<\/ul>\n<p><a href=\"#demo\">Demonstracja na \u017cywo zademonstruje Ci wi\u0119cej funkcji<\/a><\/p>\n<\/div>\n\n<div class=\"application-platform-content-item-installation application-platform-content-item\" id=\"installation\" data-nav-section=\"installation\"><\/div>\n<h2>Jak doda\u0107 recenzje G2 Crowd do witryny Shopify<\/h2>\n<p>Wystarczy kilka prostych krok\u00f3w, kt\u00f3re musisz doda\u0107.<\/p>\n<ol>\n    <li>Uruchom nasz darmowy konfigurator i zacznij tworzy\u0107 aplikacj\u0119 szyt\u0105 na miar\u0119.\n        <br>Znajd\u017a preferowany uk\u0142ad i specyfikacje aplikacji i zapisz wszystkie poprawki.<\/li>\n    <li>Zdob\u0105d\u017a unikalny kod pojawiaj\u0105cy si\u0119 w oknie aplikacji Elfsight.\n        <br>Po zako\u0144czeniu generowania aplikacji skopiuj ekskluzywny kod w wy\u015bwietlonym oknie i zachowaj go na przysz\u0142o\u015b\u0107.<\/li>\n    <li>Rozpocznij stosowanie aplikacji na swojej stronie Shopify.\n        <br>Wpisz kod, kt\u00f3ry ostatnio skopiowa\u0142e\u015b na swojej stronie i zapisz ulepszenia.<\/li>\n    <li>Instalacja zosta\u0142a pomy\u015blnie zako\u0144czona.\n        <br>Odwied\u017a swoj\u0105 witryn\u0119 i zobacz, jak dzia\u0142a aplikacja.<\/li>\n<\/ol>\n<p>Nadal nie mo\u017cesz si\u0119 zdecydowa\u0107? Albo masz k\u0142opoty? Wystarczy wys\u0142a\u0107 zapytanie do naszego dzia\u0142u obs\u0142ugi klienta. Do\u0142o\u017cymy wszelkich stara\u0144, aby rozwi\u0105za\u0107 ka\u017cdy problem.<\/p>\n\n<div class=\"faq\" data-component=\"FAQ\">\n    <div class=\"faq-item\">\r\n\t\t\t\t\t<div class=\"faq-item-question\">\r\n\t\t\t\t\t\t<h3 class=\"faq-item-question-text\">Jak doda\u0107 recenzje G2 do mojej witryny Shopify bez umiej\u0119tno\u015bci kodowania?<\/h3>\r\n\r\n\t\t\t\t\t\t<div class=\"faq-item-question-icon\"><\/div>\r\n\t\t\t\t\t<\/div>\r\n\r\n\t\t\t\t\t<div class=\"faq-item-answer\">\r\n\t\t\t\t\t\t<div class=\"faq-item-answer-text\">\n    <p>Elfsight zapewnia rozwi\u0105zanie SaaS, kt\u00f3re pozwala samodzielnie utworzy\u0107 wid\u017cet Recenzje G2. Zobacz, jak \u0142atwy jest ten proces: Pracuj bezpo\u015brednio w edytorze online, aby utworzy\u0107 wid\u017cet Recenzji G2, kt\u00f3ry chcesz zobaczy\u0107 w swojej witrynie Shopify. Wybierz jeden z gotowych szablon\u00f3w i dostosuj ustawienia Recenzji G2, dodaj tre\u015b\u0107, zmie\u0144 uk\u0142ad i kolory bez umiej\u0119tno\u015bci kodowania. Zapisz recenzje G2 i skopiuj ich kod instalacyjny, kt\u00f3ry mo\u017cesz po prostu doda\u0107 do swojej witryny Shopify bez kupowania p\u0142atnego planu. Dzi\u0119ki naszemu intuicyjnemu edytorowi ka\u017cdy u\u017cytkownik Internetu mo\u017ce utworzy\u0107 wid\u017cet Recenzje G2 online i \u0142atwo osadzi\u0107 go na swojej stronie Shopify. Nie ma takiej potrzeby aby zap\u0142aci\u0107 lub wprowadzi\u0107 dane karty w celu uzyskania dost\u0119pu do us\u0142ugi. Je\u015bli na dowolnym etapie napotkasz jakiekolwiek problemy, skontaktuj si\u0119 z naszym zespo\u0142em pomocy technicznej.<\/p>\n    <\/div>\r\n\t\t\t\t\t<\/div>\r\n\t\t\t\t<\/div>\n<\/div>","protected":false},"excerpt":{"rendered":"Jak doda\u0107 recenzje G2 Crowd do witryny Shopify Wystarczy kilka prostych krok\u00f3w, kt\u00f3re musisz doda\u0107. Uruchom nasz darmowy konfigurator i zacznij tworzy\u0107 aplikacj\u0119 szyt\u0105 na miar\u0119. Znajd\u017a preferowany uk\u0142ad i specyfikacje aplikacji i zapisz wszystkie poprawki. Zdob\u0105d\u017a unikalny kod pojawiaj\u0105cy si\u0119 w oknie aplikacji Elfsight. Po zako\u0144czeniu generowania aplikacji skopiuj&#8230;","protected":false},"author":9,"featured_media":0,"parent":1481,"menu_order":0,"comment_status":"closed","ping_status":"closed","template":"templates\/template-application-platform.php","meta":{"publish_to_discourse":"","publish_post_category":"","wpdc_auto_publish_overridden":"","wpdc_topic_tags":"","wpdc_pin_topic":"","wpdc_pin_until":"","discourse_post_id":"","discourse_permalink":"","wpdc_publishing_response":"","wpdc_publishing_error":"","footnotes":""},"class_list":["post-5342","page","type-page","status-publish","hentry"],"yoast_head":"<!-- This site is optimized with the Yoast SEO plugin v25.3.1 - https:\/\/yoast.com\/wordpress\/plugins\/seo\/ -->\n<title>Osad\u017a recenzje G2 Crowd w witrynie Shopify (bezp\u0142atnie i szybko)<\/title>\n<meta name=\"description\" content=\"Utworzenie aplikacji G2 Crowd Reviews i umieszczenie jej w witrynie Shopify jest \u0142atwe. Obs\u0142uga klienta Elfsight jest bezp\u0142atna i szybka.\" \/>\n<meta name=\"robots\" content=\"index, follow, max-snippet:-1, max-image-preview:large, max-video-preview:-1\" \/>\n<link rel=\"canonical\" href=\"https:\/\/elfsight.com\/pl\/g2-crowd-reviews-widget\/shopify\/\" \/>\n<meta property=\"og:locale\" content=\"pl_PL\" \/>\n<meta property=\"og:type\" content=\"article\" \/>\n<meta property=\"og:title\" content=\"Osad\u017a recenzje G2 Crowd w witrynie Shopify (bezp\u0142atnie i szybko)\" \/>\n<meta property=\"og:description\" content=\"Utworzenie aplikacji G2 Crowd Reviews i umieszczenie jej w witrynie Shopify jest \u0142atwe. Obs\u0142uga klienta Elfsight jest bezp\u0142atna i szybka.\" \/>\n<meta property=\"og:url\" content=\"https:\/\/elfsight.com\/pl\/g2-crowd-reviews-widget\/shopify\/\" \/>\n<meta property=\"og:site_name\" content=\"Elfsight PL\" \/>\n<meta property=\"article:modified_time\" content=\"2025-06-24T13:42:34+00:00\" \/>\n<meta name=\"twitter:card\" content=\"summary_large_image\" \/>\n<meta name=\"twitter:label1\" content=\"Szacowany czas czytania\" \/>\n\t<meta name=\"twitter:data1\" content=\"3 minuty\" \/>\n<!-- \/ Yoast SEO plugin. -->","yoast_head_json":{"title":"Osad\u017a recenzje G2 Crowd w witrynie Shopify (bezp\u0142atnie i szybko)","description":"Utworzenie aplikacji G2 Crowd Reviews i umieszczenie jej w witrynie Shopify jest \u0142atwe. Obs\u0142uga klienta Elfsight jest bezp\u0142atna i szybka.","robots":{"index":"index","follow":"follow","max-snippet":"max-snippet:-1","max-image-preview":"max-image-preview:large","max-video-preview":"max-video-preview:-1"},"canonical":"https:\/\/elfsight.com\/pl\/g2-crowd-reviews-widget\/shopify\/","og_locale":"pl_PL","og_type":"article","og_title":"Osad\u017a recenzje G2 Crowd w witrynie Shopify (bezp\u0142atnie i szybko)","og_description":"Utworzenie aplikacji G2 Crowd Reviews i umieszczenie jej w witrynie Shopify jest \u0142atwe. Obs\u0142uga klienta Elfsight jest bezp\u0142atna i szybka.","og_url":"https:\/\/elfsight.com\/pl\/g2-crowd-reviews-widget\/shopify\/","og_site_name":"Elfsight PL","article_modified_time":"2025-06-24T13:42:34+00:00","twitter_card":"summary_large_image","twitter_misc":{"Szacowany czas czytania":"3 minuty"},"schema":{"@context":"https:\/\/schema.org","@graph":[{"@type":"WebPage","@id":"https:\/\/elfsight.com\/pl\/g2-crowd-reviews-widget\/shopify\/","url":"https:\/\/elfsight.com\/pl\/g2-crowd-reviews-widget\/shopify\/","name":"Osad\u017a recenzje G2 Crowd w witrynie Shopify (bezp\u0142atnie i szybko)","isPartOf":{"@id":"https:\/\/elfsight.com\/pl\/#website"},"datePublished":"2024-05-03T06:38:17+00:00","dateModified":"2025-06-24T13:42:34+00:00","description":"Utworzenie aplikacji G2 Crowd Reviews i umieszczenie jej w witrynie Shopify jest \u0142atwe. Obs\u0142uga klienta Elfsight jest bezp\u0142atna i szybka.","breadcrumb":{"@id":"https:\/\/elfsight.com\/pl\/g2-crowd-reviews-widget\/shopify\/#breadcrumb"},"inLanguage":"pl-PL","potentialAction":[{"@type":"ReadAction","target":["https:\/\/elfsight.com\/pl\/g2-crowd-reviews-widget\/shopify\/"]}]},{"@type":"BreadcrumbList","@id":"https:\/\/elfsight.com\/pl\/g2-crowd-reviews-widget\/shopify\/#breadcrumb","itemListElement":[{"@type":"ListItem","position":1,"name":"Home","item":"https:\/\/elfsight.com\/pl\/"},{"@type":"ListItem","position":2,"name":"G2 Crowd Reviews","item":"https:\/\/elfsight.com\/pl\/g2-crowd-reviews-widget\/"},{"@type":"ListItem","position":3,"name":"G2 Crowd Reviews &#8211; Shopify"}]},{"@type":"WebSite","@id":"https:\/\/elfsight.com\/pl\/#website","url":"https:\/\/elfsight.com\/pl\/","name":"Elfsight PL","description":"Just another Elfsight Sites site","potentialAction":[{"@type":"SearchAction","target":{"@type":"EntryPoint","urlTemplate":"https:\/\/elfsight.com\/pl\/?s={search_term_string}"},"query-input":{"@type":"PropertyValueSpecification","valueRequired":true,"valueName":"search_term_string"}}],"inLanguage":"pl-PL"}]}},"meta_box":{"industry":"","seo_heading":"","heading":"","description":"","cta_heading":"","cta_description":"","application":"1480","h1":"Recenzje G2 Crowd dotycz\u0105ce Shopify","h1_caption":"Prezentuj recenzje g2, aby bez wysi\u0142ku podkre\u015bli\u0107 sukces i reputacj\u0119 swojego oprogramowania w\u015br\u00f3d u\u017cytkownik\u00f3w w swojej witrynie Shopify.","application_category":[],"applications_title":"","applications_request_title":"","applications_request_button_text":"","hero_text":"","hero_video":"","hero_video_schema_markup":"","selling_points_title":"","selling_points_caption":"","selling_points":[],"selling_points_cta_text":"","features_title":"","features":"","ed_cta_examples_text":"","ed_cta_examples_hidden":"","ed_cta_demo_text":"","ed_cta_demo_hidden":"","why_caption":"","why_editor_title":"","why_editor_text":"","why_team_title":"","why_team_text":"","why_service_title":"","why_service_text":"","template_catalog_visible":"0","template_catalog_title":"","template_catalog_text":"","template_catalog_categories_visible":"","demo_title":"Utw\u00f3rz aplikacj\u0119 G2 Crowd Reviews","demo_caption":"Skonfiguruj swoje recenzje G2 Crowd i dodaj je za darmo do swojej witryny Shopify!","default_faq_hidden":"","app_template_category":[],"platform":"7580","template_public_id":"","codecanyon_url":"","codecanyon_item_id":"","codecanyon_price":"","pricing_caption":"","pricing_elfsight_apps_hide_column":"","pricing_elfsight_apps_url":"","pricing_codecanyon_price_caption":"","integration_category":[],"integration_request_title":"","integration_request_cta":"","integration_platform":"","integrations":[],"platform_category":[],"video_schema_markup":"","price":"od 0 USD \/ miesi\u0105c","trial":"","benefits":[{"text":"Bezp\u0142atna us\u0142uga monta\u017cu"},{"text":"Wsparcie premium"},{"text":"14-dniowa gwarancja zwrotu pieni\u0119dzy"}],"button_url":"#demo","button_target_blank":"0","button_nofollow":"0","attributes":[{"name":"Instaluje"},{"name":"Czu\u0142y"},{"name":"Kompatybilne przegl\u0105darki"}],"tags":[],"tags_disable_links":"0","hide_more_platforms":"0","video_object":"","demo_hide_cta":"0","demo_hide_cloud_options":"0","pricing_title":"","pricing":[{"pricing_icon":"cloud","pricing_title":"Elfsight Apps","pricing_title_caption":"Wersja wieloplatformowa, kt\u00f3ra dzia\u0142a na ka\u017cdej stronie internetowej","pricing_price":"od 0 USD \/ miesi\u0105c","pricing_price_caption":"zacznij od bezp\u0142atnego planu","pricing_benefits":[{"text":"Nielimitowane strony internetowe"},{"text":"Wsparcie premium"},{"text":"Bezp\u0142atna us\u0142uga monta\u017cu"},{"text":"Oferta specjalna na wiele aplikacji"}],"pricing_button_text":"Dodaj do witryny","pricing_button_url":"#demo"}],"related_apps_title":"","related_apps_hidden":"0","author":"","image":[],"title":"","job":"","social_networks":[]},"_links":{"self":[{"href":"https:\/\/elfsight.com\/pl\/wp-json\/wp\/v2\/pages\/5342","targetHints":{"allow":["GET"]}}],"collection":[{"href":"https:\/\/elfsight.com\/pl\/wp-json\/wp\/v2\/pages"}],"about":[{"href":"https:\/\/elfsight.com\/pl\/wp-json\/wp\/v2\/types\/page"}],"author":[{"embeddable":true,"href":"https:\/\/elfsight.com\/pl\/wp-json\/wp\/v2\/users\/9"}],"replies":[{"embeddable":true,"href":"https:\/\/elfsight.com\/pl\/wp-json\/wp\/v2\/comments?post=5342"}],"version-history":[{"count":2,"href":"https:\/\/elfsight.com\/pl\/wp-json\/wp\/v2\/pages\/5342\/revisions"}],"predecessor-version":[{"id":10417,"href":"https:\/\/elfsight.com\/pl\/wp-json\/wp\/v2\/pages\/5342\/revisions\/10417"}],"up":[{"embeddable":true,"href":"https:\/\/elfsight.com\/pl\/wp-json\/wp\/v2\/pages\/1481"}],"wp:attachment":[{"href":"https:\/\/elfsight.com\/pl\/wp-json\/wp\/v2\/media?parent=5342"}],"curies":[{"name":"wp","href":"https:\/\/api.w.org\/{rel}","templated":true}]}}