{"id":5341,"date":"2024-05-03T06:38:16","date_gmt":"2024-05-03T06:38:16","guid":{"rendered":"https:\/\/elfsight.com\/pl\/?page_id=5341"},"modified":"2025-06-24T13:43:06","modified_gmt":"2025-06-24T13:43:06","slug":"squarespace","status":"publish","type":"page","link":"https:\/\/elfsight.com\/pl\/g2-crowd-reviews-widget\/squarespace\/","title":{"rendered":"G2 Crowd Reviews &#8211; Squarespace"},"content":{"rendered":"<div class=\"application-platform-content-item-description application-platform-content-item\" id=\"description\" data-nav-section=\"description\"><h2>Umie\u015b\u0107 recenzje t\u0142umu G2 w Squarespace za pomoc\u0105 wid\u017cetu Elfsight<\/h2> <p>Wtyczka Elfsight G2 Reviews to najlepszy spos\u00f3b na ulepszenie Twojej firmy reputacj\u0119, pokazuj\u0105c opinie prawdziwych klient\u00f3w na temat Twoich ofert. Wy\u015bwietlaj tylko pozytywne lub najbardziej atrakcyjne recenzje i organizuj je tak, jak potrzebujesz. Zdob\u0105d\u017a dow\u00f3d spo\u0142eczny, pokazuj\u0105c odwiedzaj\u0105cym Twoj\u0105 witryn\u0119, \u017ce cieszysz si\u0119 du\u017cym zaufaniem klient\u00f3w. Zainspiruj ludzi do dodawania nowych komentarzy na temat Twojej firmy i zach\u0119caj do komunikacji z u\u017cytkownikami! <\/p><p><b>Podnie\u015b poziom wiarygodno\u015bci swojej marki dzi\u0119ki recenzjom G2 Crowd w swojej witrynie<\/b><\/p><\/div><div class=\"application-platform-content-item-features application-platform-content-item\" id=\"features\" data-nav-section=\"features\"><h2>G\u0142\u00f3wne funkcje wid\u017cetu G2 Crowd Reviews<\/h2> <p>Aby w pe\u0142ni pozna\u0107 wtyczk\u0119 G2 Crowd, zobacz list\u0119 g\u0142\u00f3wnych funkcji. Dzi\u0119ki nim ten widget jest dla Ciebie niezwykle przydatny: <\/p><ul> <li>Trzy dost\u0119pne filtry: wed\u0142ug typu, wykluczania wed\u0142ug i liczby wy\u015bwietlanych recenzji; <\/li><li>Cztery gotowe do u\u017cycia uk\u0142ady: Lista, Siatka, Mur i Suwak; <\/li><li>Konfigurowalny nag\u0142\u00f3wek wtyczki; <\/li><li>Aktywny przycisk umo\u017cliwiaj\u0105cy opublikowanie jeszcze jednej recenzji kieruje ludzi do Twojego konta G2; <\/li><li>Sze\u015b\u0107 element\u00f3w recenzji, kt\u00f3re mo\u017cna dostosowywa\u0107: imi\u0119 i nazwisko autora i zdj\u0119cie, tekst recenzji, data udost\u0119pnienia, znak G2 i liczba gwiazdek; <\/li><li>Dwa potencjalne scenariusze odrzucenia pro\u015bby o sprawdzenie: ujawnienie niestandardowego tekstu lub ukrycie przycisku. <\/li><\/ul><p><a href=\"#demo\">Aby pozna\u0107 wi\u0119cej funkcji, zobacz demonstracj\u0119 na \u017cywo<\/a><\/p><\/div><div class=\"application-platform-content-item-installation application-platform-content-item\" id=\"installation\" data-nav-section=\"installation\"><h2>Jak doda\u0107 recenzje G2 Crowd do witryny Squarespace<\/h2><p> Aby wtyczka dzia\u0142a\u0142a, wystarczy kilka prostych czynno\u015bci. <\/p><ol><li><b>Stw\u00f3rz w\u0142asn\u0105 wtyczk\u0119 G2 Crowd<\/b><br>Zarz\u0105dzaj\u0105c naszym darmowym edytorem, utw\u00f3rz wtyczk\u0119 o wybranym wygl\u0105dzie i funkcjonalno\u015bci. <\/li> <li><b>Uzyskaj indywidualny kod umo\u017cliwiaj\u0105cy wy\u015bwietlenie wtyczki<\/b><br>Po utworzeniu wid\u017cetu kod instalacyjny uzyskasz z wyskakuj\u0105cego powiadomienia w aplikacji Elfsight. Skopiuj go do p\u00f3\u017aniejszego wykorzystania. <\/li> <li><b>Wy\u015bwietl wtyczk\u0119 na swojej stronie Squarespace<\/b><br>Wybierz obszar, w kt\u00f3rym planujesz ods\u0142oni\u0107 wtyczk\u0119 i tam dodaj zapisany kod. Zapisz wyniki. <\/li> <li><b>Integracja przebieg\u0142a pomy\u015blnie! <\/b><br>Wejd\u017a na stron\u0119 i obejrzyj swoj\u0105 prac\u0119. <\/li><\/ol><p>Nadal masz w\u0105tpliwo\u015bci? Lub do\u015bwiadczasz problem\u00f3w? Po prostu napisz pro\u015bb\u0119 do naszego dzia\u0142u obs\u0142ugi klienta, a oni rozwi\u0105\u017c\u0105 ka\u017cdy problem.<\/p><div class=\"faq\" data-component=\"FAQ\"> <div class=\"faq-item\">\r\n\t\t\t\t\t<div class=\"faq-item-question\">\r\n\t\t\t\t\t\t<h3 class=\"faq-item-question-text\">Jak mog\u0119 doda\u0107 recenzje G2 do mojej witryny Squarespace bez umiej\u0119tno\u015bci kodowania?<\/h3>\r\n\r\n\t\t\t\t\t\t<div class=\"faq-item-question-icon\"><\/div>\r\n\t\t\t\t\t<\/div>\r\n\r\n\t\t\t\t\t<div class=\"faq-item-answer\">\r\n\t\t\t\t\t\t<div class=\"faq-item-answer-text\"> <p>Elfsight zapewnia Rozwi\u0105zanie SaaS, kt\u00f3re umo\u017cliwia samodzielne utworzenie wid\u017cetu Recenzje G2. Przekonaj si\u0119, jak \u0142atwy jest ten proces: Pracuj bezpo\u015brednio w edytorze online, aby utworzy\u0107 wid\u017cet Recenzji G2, kt\u00f3ry chcesz zobaczy\u0107 na swojej stronie internetowej Squarespace. Wybierz jeden z gotowych szablon\u00f3w i dostosuj ustawienia Recenzji G2, dodaj tre\u015b\u0107, zmie\u0144 uk\u0142ad i schemat kolor\u00f3w bez umiej\u0119tno\u015bci kodowania. Zapisz recenzje G2 i skopiuj ich kod instalacyjny, kt\u00f3ry mo\u017cesz po prostu umie\u015bci\u0107 na swojej stronie Squarespace bez kupowania p\u0142atnej subskrypcji. Dzi\u0119ki naszemu intuicyjnemu edytorowi ka\u017cdy u\u017cytkownik Internetu mo\u017ce stworzy\u0107 wid\u017cet Recenzje G2 online i \u0142atwo osadzi\u0107 go na swojej stronie internetowej Squarespace. Aby uzyska\u0107 dost\u0119p do us\u0142ugi, nie trzeba p\u0142aci\u0107 ani wprowadza\u0107 danych uwierzytelniaj\u0105cych karty. Je\u015bli na kt\u00f3rymkolwiek etapie napotkasz jakiekolwiek problemy, skontaktuj si\u0119 z naszym zespo\u0142em pomocy technicznej.<\/p> <\/div>\r\n\t\t\t\t\t<\/div>\r\n\t\t\t\t<\/div> <\/div> <\/div>","protected":false},"excerpt":{"rendered":"","protected":false},"author":9,"featured_media":0,"parent":1481,"menu_order":0,"comment_status":"closed","ping_status":"closed","template":"templates\/template-application-platform.php","meta":{"publish_to_discourse":"","publish_post_category":"","wpdc_auto_publish_overridden":"","wpdc_topic_tags":"","wpdc_pin_topic":"","wpdc_pin_until":"","discourse_post_id":"","discourse_permalink":"","wpdc_publishing_response":"","wpdc_publishing_error":"","footnotes":""},"class_list":["post-5341","page","type-page","status-publish","hentry"],"yoast_head":"<!-- This site is optimized with the Yoast SEO plugin v25.3.1 - https:\/\/yoast.com\/wordpress\/plugins\/seo\/ -->\n<title>Umie\u015b\u0107 recenzje G2 Crowd na stronie internetowej Squarespace (bezp\u0142atnie i szybko)<\/title>\n<meta name=\"description\" content=\"Dzi\u0119ki Elfsight stw\u00f3rz wtyczk\u0119 G2 Crowd Reviews i wstaw j\u0105 w mgnieniu oka na swojej stronie Squarespace. Mamy bezp\u0142atn\u0105 obs\u0142ug\u0119 klienta i wi\u0119cej bonus\u00f3w.\" \/>\n<meta name=\"robots\" content=\"index, follow, max-snippet:-1, max-image-preview:large, max-video-preview:-1\" \/>\n<link rel=\"canonical\" href=\"https:\/\/elfsight.com\/pl\/g2-crowd-reviews-widget\/squarespace\/\" \/>\n<meta property=\"og:locale\" content=\"pl_PL\" \/>\n<meta property=\"og:type\" content=\"article\" \/>\n<meta property=\"og:title\" content=\"Umie\u015b\u0107 recenzje G2 Crowd na stronie internetowej Squarespace (bezp\u0142atnie i szybko)\" \/>\n<meta property=\"og:description\" content=\"Dzi\u0119ki Elfsight stw\u00f3rz wtyczk\u0119 G2 Crowd Reviews i wstaw j\u0105 w mgnieniu oka na swojej stronie Squarespace. Mamy bezp\u0142atn\u0105 obs\u0142ug\u0119 klienta i wi\u0119cej bonus\u00f3w.\" \/>\n<meta property=\"og:url\" content=\"https:\/\/elfsight.com\/pl\/g2-crowd-reviews-widget\/squarespace\/\" \/>\n<meta property=\"og:site_name\" content=\"Elfsight PL\" \/>\n<meta property=\"article:modified_time\" content=\"2025-06-24T13:43:06+00:00\" \/>\n<meta name=\"twitter:card\" content=\"summary_large_image\" \/>\n<meta name=\"twitter:label1\" content=\"Szacowany czas czytania\" \/>\n\t<meta name=\"twitter:data1\" content=\"3 minuty\" \/>\n<!-- \/ Yoast SEO plugin. -->","yoast_head_json":{"title":"Umie\u015b\u0107 recenzje G2 Crowd na stronie internetowej Squarespace (bezp\u0142atnie i szybko)","description":"Dzi\u0119ki Elfsight stw\u00f3rz wtyczk\u0119 G2 Crowd Reviews i wstaw j\u0105 w mgnieniu oka na swojej stronie Squarespace. Mamy bezp\u0142atn\u0105 obs\u0142ug\u0119 klienta i wi\u0119cej bonus\u00f3w.","robots":{"index":"index","follow":"follow","max-snippet":"max-snippet:-1","max-image-preview":"max-image-preview:large","max-video-preview":"max-video-preview:-1"},"canonical":"https:\/\/elfsight.com\/pl\/g2-crowd-reviews-widget\/squarespace\/","og_locale":"pl_PL","og_type":"article","og_title":"Umie\u015b\u0107 recenzje G2 Crowd na stronie internetowej Squarespace (bezp\u0142atnie i szybko)","og_description":"Dzi\u0119ki Elfsight stw\u00f3rz wtyczk\u0119 G2 Crowd Reviews i wstaw j\u0105 w mgnieniu oka na swojej stronie Squarespace. Mamy bezp\u0142atn\u0105 obs\u0142ug\u0119 klienta i wi\u0119cej bonus\u00f3w.","og_url":"https:\/\/elfsight.com\/pl\/g2-crowd-reviews-widget\/squarespace\/","og_site_name":"Elfsight PL","article_modified_time":"2025-06-24T13:43:06+00:00","twitter_card":"summary_large_image","twitter_misc":{"Szacowany czas czytania":"3 minuty"},"schema":{"@context":"https:\/\/schema.org","@graph":[{"@type":"WebPage","@id":"https:\/\/elfsight.com\/pl\/g2-crowd-reviews-widget\/squarespace\/","url":"https:\/\/elfsight.com\/pl\/g2-crowd-reviews-widget\/squarespace\/","name":"Umie\u015b\u0107 recenzje G2 Crowd na stronie internetowej Squarespace (bezp\u0142atnie i szybko)","isPartOf":{"@id":"https:\/\/elfsight.com\/pl\/#website"},"datePublished":"2024-05-03T06:38:16+00:00","dateModified":"2025-06-24T13:43:06+00:00","description":"Dzi\u0119ki Elfsight stw\u00f3rz wtyczk\u0119 G2 Crowd Reviews i wstaw j\u0105 w mgnieniu oka na swojej stronie Squarespace. Mamy bezp\u0142atn\u0105 obs\u0142ug\u0119 klienta i wi\u0119cej bonus\u00f3w.","breadcrumb":{"@id":"https:\/\/elfsight.com\/pl\/g2-crowd-reviews-widget\/squarespace\/#breadcrumb"},"inLanguage":"pl-PL","potentialAction":[{"@type":"ReadAction","target":["https:\/\/elfsight.com\/pl\/g2-crowd-reviews-widget\/squarespace\/"]}]},{"@type":"BreadcrumbList","@id":"https:\/\/elfsight.com\/pl\/g2-crowd-reviews-widget\/squarespace\/#breadcrumb","itemListElement":[{"@type":"ListItem","position":1,"name":"Home","item":"https:\/\/elfsight.com\/pl\/"},{"@type":"ListItem","position":2,"name":"G2 Crowd Reviews","item":"https:\/\/elfsight.com\/pl\/g2-crowd-reviews-widget\/"},{"@type":"ListItem","position":3,"name":"G2 Crowd Reviews &#8211; Squarespace"}]},{"@type":"WebSite","@id":"https:\/\/elfsight.com\/pl\/#website","url":"https:\/\/elfsight.com\/pl\/","name":"Elfsight PL","description":"Just another Elfsight Sites site","potentialAction":[{"@type":"SearchAction","target":{"@type":"EntryPoint","urlTemplate":"https:\/\/elfsight.com\/pl\/?s={search_term_string}"},"query-input":{"@type":"PropertyValueSpecification","valueRequired":true,"valueName":"search_term_string"}}],"inLanguage":"pl-PL"}]}},"meta_box":{"industry":"","seo_heading":"","heading":"","description":"","cta_heading":"","cta_description":"","application":"1480","h1":"Recenzje t\u0142umu G2 dotycz\u0105ce Squarespace","h1_caption":"Prezentuj recenzje g2, aby bez wysi\u0142ku podkre\u015bli\u0107 sukces i reputacj\u0119 swojego oprogramowania w\u015br\u00f3d u\u017cytkownik\u00f3w w swojej witrynie Squarespace.","application_category":[],"applications_title":"","applications_request_title":"","applications_request_button_text":"","hero_text":"","hero_video":"","hero_video_schema_markup":"","selling_points_title":"","selling_points_caption":"","selling_points":[],"selling_points_cta_text":"","features_title":"","features":"","ed_cta_examples_text":"","ed_cta_examples_hidden":"","ed_cta_demo_text":"","ed_cta_demo_hidden":"","why_caption":"","why_editor_title":"","why_editor_text":"","why_team_title":"","why_team_text":"","why_service_title":"","why_service_text":"","template_catalog_visible":"0","template_catalog_title":"","template_catalog_text":"","template_catalog_categories_visible":"","demo_title":"Utw\u00f3rz wtyczk\u0119 G2 Crowd Reviews","demo_caption":"Skonfiguruj swoje recenzje G2 Crowd i dodaj je do swojej witryny Squarespace za darmo!","default_faq_hidden":"","app_template_category":[],"platform":"7588","template_public_id":"","codecanyon_url":"","codecanyon_item_id":"","codecanyon_price":"","pricing_caption":"","pricing_elfsight_apps_hide_column":"","pricing_elfsight_apps_url":"","pricing_codecanyon_price_caption":"","integration_category":[],"integration_request_title":"","integration_request_cta":"","integration_platform":"","integrations":[],"platform_category":[],"video_schema_markup":"","price":"od 0 USD \/ miesi\u0105c","trial":"","benefits":[{"text":"Bezp\u0142atna us\u0142uga monta\u017cu"},{"text":"Kompetentna obs\u0142uga klienta"},{"text":"14-dniowa gwarancja zwrotu pieni\u0119dzy"}],"button_url":"#demo","button_target_blank":"0","button_nofollow":"0","attributes":[{"name":"Instaluje"},{"name":"Czu\u0142y"},{"name":"Kompatybilne przegl\u0105darki"}],"tags":[],"tags_disable_links":"0","hide_more_platforms":"0","video_object":"","demo_hide_cta":"0","demo_hide_cloud_options":"0","pricing_title":"","pricing":[{"pricing_icon":"platform","pricing_title":"Elfsight Apps","pricing_title_caption":"Wersja wieloplatformowa, kt\u00f3ra pasuje do ka\u017cdej witryny internetowej","pricing_price":"od 0 USD \/ miesi\u0105c","pricing_price_caption":"zacznij od bezp\u0142atnego planu","pricing_benefits":[{"text":"Nielimitowane strony internetowe"},{"text":"Ca\u0142odobowe i terminowe wsparcie oraz dobrze udokumentowane"},{"text":"Bezp\u0142atna pomoc w monta\u017cu"},{"text":"Elastyczny projekt"}],"pricing_button_text":"Dodaj do witryny","pricing_button_url":"#demo"}],"related_apps_title":"","related_apps_hidden":"0","author":"","image":[],"title":"","job":"","social_networks":[]},"_links":{"self":[{"href":"https:\/\/elfsight.com\/pl\/wp-json\/wp\/v2\/pages\/5341","targetHints":{"allow":["GET"]}}],"collection":[{"href":"https:\/\/elfsight.com\/pl\/wp-json\/wp\/v2\/pages"}],"about":[{"href":"https:\/\/elfsight.com\/pl\/wp-json\/wp\/v2\/types\/page"}],"author":[{"embeddable":true,"href":"https:\/\/elfsight.com\/pl\/wp-json\/wp\/v2\/users\/9"}],"replies":[{"embeddable":true,"href":"https:\/\/elfsight.com\/pl\/wp-json\/wp\/v2\/comments?post=5341"}],"version-history":[{"count":1,"href":"https:\/\/elfsight.com\/pl\/wp-json\/wp\/v2\/pages\/5341\/revisions"}],"predecessor-version":[{"id":5345,"href":"https:\/\/elfsight.com\/pl\/wp-json\/wp\/v2\/pages\/5341\/revisions\/5345"}],"up":[{"embeddable":true,"href":"https:\/\/elfsight.com\/pl\/wp-json\/wp\/v2\/pages\/1481"}],"wp:attachment":[{"href":"https:\/\/elfsight.com\/pl\/wp-json\/wp\/v2\/media?parent=5341"}],"curies":[{"name":"wp","href":"https:\/\/api.w.org\/{rel}","templated":true}]}}