{"id":5335,"date":"2024-05-03T06:38:14","date_gmt":"2024-05-03T06:38:14","guid":{"rendered":"https:\/\/elfsight.com\/pl\/?page_id=5335"},"modified":"2024-11-14T09:30:14","modified_gmt":"2024-11-14T09:30:14","slug":"webnode","status":"publish","type":"page","link":"https:\/\/elfsight.com\/pl\/g2-crowd-reviews-widget\/webnode\/","title":{"rendered":"G2 Crowd Reviews &#8211; Webnode"},"content":{"rendered":"<div class=\"application-platform-content-item-description application-platform-content-item\" id=\"description\" data-nav-section=\"description\"><h2>Opis<\/h2> <p>Recenzje Elfsight G2 to najwygodniejsza metoda utrzymania reputacji Twojej firmy poprzez wy\u015bwietlanie recenzji prawdziwych klient\u00f3w na Twojej oferuje. Odkryj tylko najlepsze lub najbardziej atrakcyjne komentarze i uporz\u0105dkuj je tak, jak potrzebujesz. Zbierz dow\u00f3d spo\u0142eczny, kt\u00f3ry poka\u017ce odbiorcom, \u017ce Tw\u00f3j poziom wiarygodno\u015bci jest wysoki. Inspiruj ludzi do dodawania nowych wy\u015bwietle\u0144 na temat Twoich ofert i us\u0142ug oraz zach\u0119caj u\u017cytkownik\u00f3w do rozm\u00f3w! <\/p><p><b>Sprawnie i szybko zintegruj recenzje G2 Crowd ze swoj\u0105 witryn\u0105<\/b><\/p><\/div><div class=\"application-platform-content-item-features application-platform-content-item\" id=\"features\" data-nav-section=\"features\"><h2>Funkcje<\/h2> <p>Aby uzyska\u0107 ja\u015bniejszy odbi\u00f3r wid\u017cetu G2 Crowd, przejrzyj list\u0119 jego podstawowych funkcji. Dzi\u0119ki nim nasz widget jest naprawd\u0119 skuteczny dla Twojego sklepu: <\/p><ul> <li>3 rodzaje filtr\u00f3w: wed\u0142ug typu, wykluczania wed\u0142ug i ilo\u015bci wy\u015bwietlanych recenzji; <\/li><li>4 warianty uk\u0142ad\u00f3w: Lista, Siatka, Mur i Suwak; <\/li><li>Mo\u017cliwo\u015b\u0107 pokazania lub ukrycia nag\u0142\u00f3wka wid\u017cetu; <\/li><li>Przycisk pro\u015bby o recenzj\u0119 kieruje odwiedzaj\u0105cych do Twojej strony G2; <\/li><li>Sze\u015b\u0107 elastycznych cz\u0119\u015bci wid\u017cetu: nazwisko autora i zdj\u0119cie, recenzja, data, ikona G2 i liczba gwiazdek; <\/li><li>Dwie mo\u017cliwo\u015bci odrzucenia pro\u015bby o sprawdzenie: pokazanie komunikatu lub ukrycie przycisku. <\/li><\/ul><p><a href=\"#demo\">Odkryj pe\u0142n\u0105 list\u0119 funkcji w naszej wersji demonstracyjnej na \u017cywo<\/a><\/p><\/div><div class=\"application-platform-content-item-installation application-platform-content-item\" id=\"installation\" data-nav-section=\"installation\"> <h2>Jak doda\u0107 recenzje G2 Crowd do witryny Webnode<\/h2><p> Wystarczy kilka prostych czynno\u015bci, aby dokona\u0107 integracji. <\/p><ol><li><b>Stw\u00f3rz w\u0142asn\u0105 wtyczk\u0119 G2 Crowd<\/b><br>W naszym darmowym konfiguratorze uformuj wtyczk\u0119 o preferowanym sk\u0142adzie i cechach funkcjonalnych. <\/li> <li><b>Odbierz osobisty kod do skonfigurowania wtyczki<\/b><br>Po utworzeniu wid\u017cetu otrzymasz unikalny kod z wyskakuj\u0105cego okna aplikacji Elfsight. Skopiuj ten kod do wykorzystania w przysz\u0142o\u015bci. <\/li> <li><b>Wy\u015bwietl wtyczk\u0119 na swojej stronie Webnode<\/b><br>Przejd\u017a do miejsca, w kt\u00f3rym chcesz umie\u015bci\u0107 wtyczk\u0119 i tam dodaj zapisany kod. Zapisz zmiany. <\/li> <li><b>Gotowe! <\/b><br>Wejd\u017a na stron\u0119 i sprawd\u017a swoje referencje. <\/li><\/ol><p>Nadal masz w\u0105tpliwo\u015bci? Albo masz problemy? Po prostu wy\u015blij swoj\u0105 pro\u015bb\u0119 do naszego dzia\u0142u obs\u0142ugi klienta, a pomo\u017cemy w rozwi\u0105zaniu ka\u017cdego problemu. <\/p><div class=\"faq\" data-component=\"FAQ\"> <div class=\"faq-item\">\r\n\t\t\t\t\t<div class=\"faq-item-question\">\r\n\t\t\t\t\t\t<h3 class=\"faq-item-question-text\">Jak doda\u0107 recenzje G2 do mojej witryny Webnode bez umiej\u0119tno\u015bci kodowania?<\/h3>\r\n\r\n\t\t\t\t\t\t<div class=\"faq-item-question-icon\"><\/div>\r\n\t\t\t\t\t<\/div>\r\n\r\n\t\t\t\t\t<div class=\"faq-item-answer\">\r\n\t\t\t\t\t\t<div class=\"faq-item-answer-text\"> <p>Elfsight zapewnia rozwi\u0105zanie SaaS, kt\u00f3re pozwala samodzielnie utworzy\u0107 wid\u017cet Recenzje G2, zobacz, jak \u0142atwy jest ten proces to: Pracuj bezpo\u015brednio w edytorze online, aby utworzy\u0107 wid\u017cet Recenzje G2, kt\u00f3ry chcesz zobaczy\u0107 na swojej stronie internetowej Webnode. Wybierz jeden z gotowych szablon\u00f3w i dostosuj ustawienia Recenzji G2, dodaj tre\u015b\u0107, zmie\u0144 uk\u0142ad i kolory bez umiej\u0119tno\u015bci kodowania. Zapisz recenzje G2 i skopiuj ich kod instalacyjny, kt\u00f3ry mo\u017cesz bez wysi\u0142ku wklei\u0107 na swojej stronie internetowej Webnode, bez konieczno\u015bci kupowania p\u0142atnego planu. Dzi\u0119ki naszemu intuicyjnemu edytorowi ka\u017cdy u\u017cytkownik Internetu mo\u017ce stworzy\u0107 wid\u017cet Recenzje G2 online i \u0142atwo osadzi\u0107 go na swojej stronie internetowej Webnode. Aby uzyska\u0107 dost\u0119p do us\u0142ugi, nie trzeba p\u0142aci\u0107 ani wprowadza\u0107 danych uwierzytelniaj\u0105cych karty. Je\u015bli na kt\u00f3rymkolwiek etapie napotkasz jakiekolwiek problemy, skontaktuj si\u0119 z naszym zespo\u0142em pomocy technicznej.<\/p> <\/div>\r\n\t\t\t\t\t<\/div>\r\n\t\t\t\t<\/div> <\/div> <\/div>","protected":false},"excerpt":{"rendered":"","protected":false},"author":9,"featured_media":0,"parent":1481,"menu_order":0,"comment_status":"closed","ping_status":"closed","template":"templates\/template-application-platform.php","meta":{"publish_to_discourse":"","publish_post_category":"","wpdc_auto_publish_overridden":"","wpdc_topic_tags":"","wpdc_pin_topic":"","wpdc_pin_until":"","discourse_post_id":"","discourse_permalink":"","wpdc_publishing_response":"","wpdc_publishing_error":"","footnotes":""},"class_list":["post-5335","page","type-page","status-publish","hentry"],"yoast_head":"<!-- This site is optimized with the Yoast SEO plugin v25.3.1 - https:\/\/yoast.com\/wordpress\/plugins\/seo\/ -->\n<title>Osad\u017a recenzje G2 Crowd na stronie internetowej Webnode (bezp\u0142atnie i szybko)<\/title>\n<meta name=\"description\" content=\"Oto mo\u017cliwo\u015b\u0107 skonstruowania recenzji G2 Crowd i osadzenia ich na swojej stronie internetowej Webnode. Ciesz si\u0119 bezp\u0142atn\u0105 obs\u0142ug\u0105 klienta i innymi korzy\u015bciami od Elfsight.\" \/>\n<meta name=\"robots\" content=\"index, follow, max-snippet:-1, max-image-preview:large, max-video-preview:-1\" \/>\n<link rel=\"canonical\" href=\"https:\/\/elfsight.com\/pl\/g2-crowd-reviews-widget\/webnode\/\" \/>\n<meta property=\"og:locale\" content=\"pl_PL\" \/>\n<meta property=\"og:type\" content=\"article\" \/>\n<meta property=\"og:title\" content=\"Osad\u017a recenzje G2 Crowd na stronie internetowej Webnode (bezp\u0142atnie i szybko)\" \/>\n<meta property=\"og:description\" content=\"Oto mo\u017cliwo\u015b\u0107 skonstruowania recenzji G2 Crowd i osadzenia ich na swojej stronie internetowej Webnode. Ciesz si\u0119 bezp\u0142atn\u0105 obs\u0142ug\u0105 klienta i innymi korzy\u015bciami od Elfsight.\" \/>\n<meta property=\"og:url\" content=\"https:\/\/elfsight.com\/pl\/g2-crowd-reviews-widget\/webnode\/\" \/>\n<meta property=\"og:site_name\" content=\"Elfsight PL\" \/>\n<meta property=\"article:modified_time\" content=\"2024-11-14T09:30:14+00:00\" \/>\n<meta name=\"twitter:card\" content=\"summary_large_image\" \/>\n<meta name=\"twitter:label1\" content=\"Szacowany czas czytania\" \/>\n\t<meta name=\"twitter:data1\" content=\"3 minuty\" \/>\n<!-- \/ Yoast SEO plugin. -->","yoast_head_json":{"title":"Osad\u017a recenzje G2 Crowd na stronie internetowej Webnode (bezp\u0142atnie i szybko)","description":"Oto mo\u017cliwo\u015b\u0107 skonstruowania recenzji G2 Crowd i osadzenia ich na swojej stronie internetowej Webnode. Ciesz si\u0119 bezp\u0142atn\u0105 obs\u0142ug\u0105 klienta i innymi korzy\u015bciami od Elfsight.","robots":{"index":"index","follow":"follow","max-snippet":"max-snippet:-1","max-image-preview":"max-image-preview:large","max-video-preview":"max-video-preview:-1"},"canonical":"https:\/\/elfsight.com\/pl\/g2-crowd-reviews-widget\/webnode\/","og_locale":"pl_PL","og_type":"article","og_title":"Osad\u017a recenzje G2 Crowd na stronie internetowej Webnode (bezp\u0142atnie i szybko)","og_description":"Oto mo\u017cliwo\u015b\u0107 skonstruowania recenzji G2 Crowd i osadzenia ich na swojej stronie internetowej Webnode. Ciesz si\u0119 bezp\u0142atn\u0105 obs\u0142ug\u0105 klienta i innymi korzy\u015bciami od Elfsight.","og_url":"https:\/\/elfsight.com\/pl\/g2-crowd-reviews-widget\/webnode\/","og_site_name":"Elfsight PL","article_modified_time":"2024-11-14T09:30:14+00:00","twitter_card":"summary_large_image","twitter_misc":{"Szacowany czas czytania":"3 minuty"},"schema":{"@context":"https:\/\/schema.org","@graph":[{"@type":"WebPage","@id":"https:\/\/elfsight.com\/pl\/g2-crowd-reviews-widget\/webnode\/","url":"https:\/\/elfsight.com\/pl\/g2-crowd-reviews-widget\/webnode\/","name":"Osad\u017a recenzje G2 Crowd na stronie internetowej Webnode (bezp\u0142atnie i szybko)","isPartOf":{"@id":"https:\/\/elfsight.com\/pl\/#website"},"datePublished":"2024-05-03T06:38:14+00:00","dateModified":"2024-11-14T09:30:14+00:00","description":"Oto mo\u017cliwo\u015b\u0107 skonstruowania recenzji G2 Crowd i osadzenia ich na swojej stronie internetowej Webnode. Ciesz si\u0119 bezp\u0142atn\u0105 obs\u0142ug\u0105 klienta i innymi korzy\u015bciami od Elfsight.","breadcrumb":{"@id":"https:\/\/elfsight.com\/pl\/g2-crowd-reviews-widget\/webnode\/#breadcrumb"},"inLanguage":"pl-PL","potentialAction":[{"@type":"ReadAction","target":["https:\/\/elfsight.com\/pl\/g2-crowd-reviews-widget\/webnode\/"]}]},{"@type":"BreadcrumbList","@id":"https:\/\/elfsight.com\/pl\/g2-crowd-reviews-widget\/webnode\/#breadcrumb","itemListElement":[{"@type":"ListItem","position":1,"name":"Home","item":"https:\/\/elfsight.com\/pl\/"},{"@type":"ListItem","position":2,"name":"G2 Crowd Reviews","item":"https:\/\/elfsight.com\/pl\/g2-crowd-reviews-widget\/"},{"@type":"ListItem","position":3,"name":"G2 Crowd Reviews &#8211; Webnode"}]},{"@type":"WebSite","@id":"https:\/\/elfsight.com\/pl\/#website","url":"https:\/\/elfsight.com\/pl\/","name":"Elfsight PL","description":"Just another Elfsight Sites site","potentialAction":[{"@type":"SearchAction","target":{"@type":"EntryPoint","urlTemplate":"https:\/\/elfsight.com\/pl\/?s={search_term_string}"},"query-input":{"@type":"PropertyValueSpecification","valueRequired":true,"valueName":"search_term_string"}}],"inLanguage":"pl-PL"}]}},"meta_box":{"industry":"","seo_heading":"","heading":"","description":"","cta_heading":"","cta_description":"","application":"1480","h1":"Recenzje G2 Crowd dotycz\u0105ce Webnode","h1_caption":"Prezentuj recenzje g2, aby bez wysi\u0142ku podkre\u015bli\u0107 sukces i reputacj\u0119 swojego oprogramowania w\u015br\u00f3d u\u017cytkownik\u00f3w w swojej witrynie Webnode.","application_category":[],"applications_title":"","applications_request_title":"","applications_request_button_text":"","hero_text":"","hero_video":"","hero_video_schema_markup":"","selling_points_title":"","selling_points_caption":"","selling_points":[],"selling_points_cta_text":"","features_title":"","features":"","ed_cta_examples_text":"","ed_cta_examples_hidden":"","ed_cta_demo_text":"","ed_cta_demo_hidden":"","why_caption":"","why_editor_title":"","why_editor_text":"","why_team_title":"","why_team_text":"","why_service_title":"","why_service_text":"","template_catalog_visible":"","template_catalog_title":"","template_catalog_text":"","template_catalog_categories_visible":"","demo_title":"Utw\u00f3rz wid\u017cet Recenzje G2 Crowd","demo_caption":"Skonfiguruj swoje recenzje G2 Crowd i dodaj je do swojej witryny Webnode za darmo!","default_faq_hidden":"","app_template_category":[],"platform":"138","template_public_id":"","codecanyon_url":"","codecanyon_item_id":"","codecanyon_price":"","pricing_caption":"","pricing_elfsight_apps_hide_column":"","pricing_elfsight_apps_url":"","pricing_codecanyon_price_caption":"","integration_category":[],"integration_request_title":"","integration_request_cta":"","integration_platform":"","integrations":[],"platform_category":[],"video_schema_markup":"","price":"od 0 USD \/ miesi\u0105c","trial":"","benefits":[{"text":"Bezp\u0142atna pomoc w monta\u017cu"},{"text":"Wsparcie premium"},{"text":"14-dniowa gwarancja zwrotu pieni\u0119dzy"}],"button_url":"#demo","button_target_blank":"","button_nofollow":"","attributes":[{"name":"Instaluje"},{"name":"Czu\u0142y"},{"name":"Kompatybilne przegl\u0105darki"}],"tags":[],"tags_disable_links":"","hide_more_platforms":"","video_object":"","demo_hide_cta":"","demo_hide_cloud_options":"","pricing_title":"","pricing":[{"pricing_icon":"platform","pricing_title":"Elfsight Apps","pricing_title_caption":"Oprogramowanie wieloplatformowe","pricing_price":"od 0 USD \/ miesi\u0105c","pricing_price_caption":"zacznij od bezp\u0142atnego planu","pricing_benefits":[{"text":"Nielimitowane strony internetowe"},{"text":"Dedykowane wsparcie i dobrze udokumentowane"},{"text":"Bezp\u0142atna us\u0142uga monta\u017cu"},{"text":"\u015awietna oferta na wiele aplikacji"}],"pricing_button_text":"Dodaj do witryny","pricing_button_url":"#demo"}],"related_apps_title":"","related_apps_hidden":"","author":"","image":[],"title":"","job":"","social_networks":[]},"_links":{"self":[{"href":"https:\/\/elfsight.com\/pl\/wp-json\/wp\/v2\/pages\/5335","targetHints":{"allow":["GET"]}}],"collection":[{"href":"https:\/\/elfsight.com\/pl\/wp-json\/wp\/v2\/pages"}],"about":[{"href":"https:\/\/elfsight.com\/pl\/wp-json\/wp\/v2\/types\/page"}],"author":[{"embeddable":true,"href":"https:\/\/elfsight.com\/pl\/wp-json\/wp\/v2\/users\/9"}],"replies":[{"embeddable":true,"href":"https:\/\/elfsight.com\/pl\/wp-json\/wp\/v2\/comments?post=5335"}],"version-history":[{"count":1,"href":"https:\/\/elfsight.com\/pl\/wp-json\/wp\/v2\/pages\/5335\/revisions"}],"predecessor-version":[{"id":5339,"href":"https:\/\/elfsight.com\/pl\/wp-json\/wp\/v2\/pages\/5335\/revisions\/5339"}],"up":[{"embeddable":true,"href":"https:\/\/elfsight.com\/pl\/wp-json\/wp\/v2\/pages\/1481"}],"wp:attachment":[{"href":"https:\/\/elfsight.com\/pl\/wp-json\/wp\/v2\/media?parent=5335"}],"curies":[{"name":"wp","href":"https:\/\/api.w.org\/{rel}","templated":true}]}}