{"id":5333,"date":"2024-05-03T06:38:12","date_gmt":"2024-05-03T06:38:12","guid":{"rendered":"https:\/\/elfsight.com\/pl\/?page_id=5333"},"modified":"2024-11-14T09:30:14","modified_gmt":"2024-11-14T09:30:14","slug":"wix","status":"publish","type":"page","link":"https:\/\/elfsight.com\/pl\/g2-crowd-reviews-widget\/wix\/","title":{"rendered":"G2 Crowd Reviews &#8211; Wix"},"content":{"rendered":"<div class=\"application-platform-content-item-description application-platform-content-item\" id=\"description\" data-nav-section=\"description\"><h2>Opis<\/h2> <p>Aplikacja Elfsight G2 Reviews to jedno z najlepszych narz\u0119dzi przyczyniaj\u0105cych si\u0119 do budowania reputacji Twojej marki. Pokazuje opinie prawdziwych klient\u00f3w na temat Twoich produkt\u00f3w. Wybierz tylko pozytywne lub najbardziej atrakcyjne komentarze i u\u0142\u00f3\u017c je dok\u0142adnie tak, jak potrzebujesz. Zdob\u0105d\u017a dow\u00f3d spo\u0142eczny, pokazuj\u0105c odwiedzaj\u0105cym Twoj\u0105 witryn\u0119, \u017ce masz zaufanie. Zainspiruj ludzi do dzielenia si\u0119 wi\u0119ksz\u0105 liczb\u0105 komentarzy na temat Twojej firmy i zach\u0119caj u\u017cytkownik\u00f3w do rozm\u00f3w! <\/p><p><b>Wy\u015bwietlaj najlepsze recenzje na dowolnej stronie witryny<\/b><\/p><\/div><div class=\"application-platform-content-item-features application-platform-content-item\" id=\"features\" data-nav-section=\"features\"><h2>Funkcje<\/h2> <p>Aby uzyska\u0107 ja\u015bniejszy obraz aplikacji G2 Crowd, przejrzyj list\u0119 g\u0142\u00f3wnych cech. Dzi\u0119ki nim nasz widget jest dla Ciebie maksymalnie skuteczny: <\/p><ul><li>3 predefiniowane filtry: wed\u0142ug typu, wykluczania wed\u0142ug i liczby wy\u015bwietlanych recenzji; <\/li><li>4 opcje uk\u0142ad\u00f3w: Lista, Siatka, Mur i Suwak; <\/li><li>Dostosowywalny nag\u0142\u00f3wek aplikacji; <\/li><li>Przycisk pro\u015bby o sprawdzenie przenosi ludzi na Twoje konto G2; <\/li><li>6 konfigurowalnych element\u00f3w aplikacji: nazwisko autora i zdj\u0119cie, rekomendacja, data opuszczenia, ikona G2 i liczba gwiazdek;<\/li><li>Dwa potencjalne scenariusze po odrzuceniu pro\u015bby o sprawdzenie: demonstracja sw\u00f3j tekst lub ukryj przycisk.<\/li><\/ul><p><a href=\"#demo\">Aby pozna\u0107 wszystkie funkcje, zobacz prezentacj\u0119 na \u017cywo<\/a><\/p><\/div><div class=\"application-platform-content-item-installation application-platform-content-item\" id=\"installation\" data-nav-section=\"installation\"><h2>Jak doda\u0107 recenzje G2 Crowd do witryny Wix<\/h2><p>Aby zintegrowa\u0107 aplikacj\u0119 ze swoj\u0105 witryn\u0105, wykonaj te proste kroki. <\/p><ol><li><b>Zaprojektuj w\u0142asn\u0105 wtyczk\u0119 G2 Crowd<\/b><br>W naszym bezp\u0142atnym konfiguratorze skonfiguruj wtyczk\u0119 o preferowanym uk\u0142adzie i funkcjonalno\u015bci. <\/li><li><b>Otrzymaj indywidualny kod do skonfigurowania wtyczki<\/b><br>Po utworzeniu wid\u017cetu otrzymasz kod instalacyjny z wy\u015bwietlonego okna aplikacji Elfsight. Skopiuj kod do p\u00f3\u017aniejszego wykorzystania. <\/li><li><b>Zintegruj wtyczk\u0119 ze swoj\u0105 witryn\u0105 Wix<\/b><br>Znajd\u017a obszar, do kt\u00f3rego chcesz doda\u0107 wtyczk\u0119 i wklej tam zapisany kod. Opublikuj wyniki. <\/li><li><b>Gratulacje! W\u0142a\u015bnie umie\u015bci\u0142e\u015b widget! <\/b><br>Wejd\u017a na swoj\u0105 stron\u0119 i sprawd\u017a swoje referencje. <\/li><\/ol><p>Nadal masz co\u015b, co budzi Twoje w\u0105tpliwo\u015bci? Lub masz pytania? Po prostu skieruj pro\u015bb\u0119 do naszego zespo\u0142u wsparcia, a oni rozwi\u0105\u017c\u0105 ka\u017cdy problem. <\/p><div class=\"faq\" data-component=\"FAQ\"> <div class=\"faq-item\">\r\n\t\t\t\t\t<div class=\"faq-item-question\">\r\n\t\t\t\t\t\t<h3 class=\"faq-item-question-text\">Jak doda\u0107 recenzje G2 do mojej witryny Wix bez umiej\u0119tno\u015bci kodowania?<\/h3>\r\n\r\n\t\t\t\t\t\t<div class=\"faq-item-question-icon\"><\/div>\r\n\t\t\t\t\t<\/div>\r\n\r\n\t\t\t\t\t<div class=\"faq-item-answer\">\r\n\t\t\t\t\t\t<div class=\"faq-item-answer-text\"> <p>Elfsight zapewnia rozwi\u0105zanie SaaS, kt\u00f3re pozwala samodzielnie utworzy\u0107 wid\u017cet Recenzje G2, zobacz, jak \u0142atwy jest ten proces to: Pracuj bezpo\u015brednio w edytorze online, aby utworzy\u0107 wid\u017cet Recenzji G2, kt\u00f3ry chcia\u0142by\u015b zobaczy\u0107 na swojej stronie Wix. Wybierz jeden z gotowych szablon\u00f3w i dostosuj ustawienia Recenzji G2, dodaj tre\u015b\u0107, zmie\u0144 uk\u0142ad i schemat kolor\u00f3w bez umiej\u0119tno\u015bci kodowania. Zapisz Recenzje G2 i skopiuj ich kod instalacyjny, kt\u00f3ry mo\u017cesz po prostu osadzi\u0107 na swojej stronie Wix bez konieczno\u015bci kupowania p\u0142atnej subskrypcji. Dzi\u0119ki naszemu intuicyjnemu edytorowi ka\u017cdy u\u017cytkownik Internetu mo\u017ce stworzy\u0107 wid\u017cet Recenzji G2 online i \u0142atwo osadzi\u0107 go na swojej stronie Wix. Aby uzyska\u0107 dost\u0119p do us\u0142ugi, nie trzeba p\u0142aci\u0107 ani wprowadza\u0107 danych uwierzytelniaj\u0105cych karty. Je\u015bli na kt\u00f3rymkolwiek etapie napotkasz jakiekolwiek problemy, skontaktuj si\u0119 z naszym zespo\u0142em pomocy technicznej.<\/p> <\/div>\r\n\t\t\t\t\t<\/div>\r\n\t\t\t\t<\/div> <\/div> <\/div>","protected":false},"excerpt":{"rendered":"","protected":false},"author":9,"featured_media":0,"parent":1481,"menu_order":0,"comment_status":"closed","ping_status":"closed","template":"templates\/template-application-platform.php","meta":{"publish_to_discourse":"","publish_post_category":"","wpdc_auto_publish_overridden":"","wpdc_topic_tags":"","wpdc_pin_topic":"","wpdc_pin_until":"","discourse_post_id":"","discourse_permalink":"","wpdc_publishing_response":"","wpdc_publishing_error":"","footnotes":""},"class_list":["post-5333","page","type-page","status-publish","hentry"],"yoast_head":"<!-- This site is optimized with the Yoast SEO plugin v25.3.1 - https:\/\/yoast.com\/wordpress\/plugins\/seo\/ -->\n<title>Umie\u015b\u0107 recenzje G2 Crowd na stronie Wix (bezp\u0142atnie i szybko)<\/title>\n<meta name=\"description\" content=\"Zaprojektowanie aplikacji G2 Crowd Reviews i wy\u015bwietlenie jej na stronie Wix jest ca\u0142kowicie proste. Obs\u0142uga klienta Elfsight jest bezp\u0142atna i szybka.\" \/>\n<meta name=\"robots\" content=\"index, follow, max-snippet:-1, max-image-preview:large, max-video-preview:-1\" \/>\n<link rel=\"canonical\" href=\"https:\/\/elfsight.com\/pl\/g2-crowd-reviews-widget\/wix\/\" \/>\n<meta property=\"og:locale\" content=\"pl_PL\" \/>\n<meta property=\"og:type\" content=\"article\" \/>\n<meta property=\"og:title\" content=\"Umie\u015b\u0107 recenzje G2 Crowd na stronie Wix (bezp\u0142atnie i szybko)\" \/>\n<meta property=\"og:description\" content=\"Zaprojektowanie aplikacji G2 Crowd Reviews i wy\u015bwietlenie jej na stronie Wix jest ca\u0142kowicie proste. Obs\u0142uga klienta Elfsight jest bezp\u0142atna i szybka.\" \/>\n<meta property=\"og:url\" content=\"https:\/\/elfsight.com\/pl\/g2-crowd-reviews-widget\/wix\/\" \/>\n<meta property=\"og:site_name\" content=\"Elfsight PL\" \/>\n<meta property=\"article:modified_time\" content=\"2024-11-14T09:30:14+00:00\" \/>\n<meta name=\"twitter:card\" content=\"summary_large_image\" \/>\n<meta name=\"twitter:label1\" content=\"Szacowany czas czytania\" \/>\n\t<meta name=\"twitter:data1\" content=\"3 minuty\" \/>\n<!-- \/ Yoast SEO plugin. -->","yoast_head_json":{"title":"Umie\u015b\u0107 recenzje G2 Crowd na stronie Wix (bezp\u0142atnie i szybko)","description":"Zaprojektowanie aplikacji G2 Crowd Reviews i wy\u015bwietlenie jej na stronie Wix jest ca\u0142kowicie proste. Obs\u0142uga klienta Elfsight jest bezp\u0142atna i szybka.","robots":{"index":"index","follow":"follow","max-snippet":"max-snippet:-1","max-image-preview":"max-image-preview:large","max-video-preview":"max-video-preview:-1"},"canonical":"https:\/\/elfsight.com\/pl\/g2-crowd-reviews-widget\/wix\/","og_locale":"pl_PL","og_type":"article","og_title":"Umie\u015b\u0107 recenzje G2 Crowd na stronie Wix (bezp\u0142atnie i szybko)","og_description":"Zaprojektowanie aplikacji G2 Crowd Reviews i wy\u015bwietlenie jej na stronie Wix jest ca\u0142kowicie proste. Obs\u0142uga klienta Elfsight jest bezp\u0142atna i szybka.","og_url":"https:\/\/elfsight.com\/pl\/g2-crowd-reviews-widget\/wix\/","og_site_name":"Elfsight PL","article_modified_time":"2024-11-14T09:30:14+00:00","twitter_card":"summary_large_image","twitter_misc":{"Szacowany czas czytania":"3 minuty"},"schema":{"@context":"https:\/\/schema.org","@graph":[{"@type":"WebPage","@id":"https:\/\/elfsight.com\/pl\/g2-crowd-reviews-widget\/wix\/","url":"https:\/\/elfsight.com\/pl\/g2-crowd-reviews-widget\/wix\/","name":"Umie\u015b\u0107 recenzje G2 Crowd na stronie Wix (bezp\u0142atnie i szybko)","isPartOf":{"@id":"https:\/\/elfsight.com\/pl\/#website"},"datePublished":"2024-05-03T06:38:12+00:00","dateModified":"2024-11-14T09:30:14+00:00","description":"Zaprojektowanie aplikacji G2 Crowd Reviews i wy\u015bwietlenie jej na stronie Wix jest ca\u0142kowicie proste. Obs\u0142uga klienta Elfsight jest bezp\u0142atna i szybka.","breadcrumb":{"@id":"https:\/\/elfsight.com\/pl\/g2-crowd-reviews-widget\/wix\/#breadcrumb"},"inLanguage":"pl-PL","potentialAction":[{"@type":"ReadAction","target":["https:\/\/elfsight.com\/pl\/g2-crowd-reviews-widget\/wix\/"]}]},{"@type":"BreadcrumbList","@id":"https:\/\/elfsight.com\/pl\/g2-crowd-reviews-widget\/wix\/#breadcrumb","itemListElement":[{"@type":"ListItem","position":1,"name":"Home","item":"https:\/\/elfsight.com\/pl\/"},{"@type":"ListItem","position":2,"name":"G2 Crowd Reviews","item":"https:\/\/elfsight.com\/pl\/g2-crowd-reviews-widget\/"},{"@type":"ListItem","position":3,"name":"G2 Crowd Reviews &#8211; Wix"}]},{"@type":"WebSite","@id":"https:\/\/elfsight.com\/pl\/#website","url":"https:\/\/elfsight.com\/pl\/","name":"Elfsight PL","description":"Just another Elfsight Sites site","potentialAction":[{"@type":"SearchAction","target":{"@type":"EntryPoint","urlTemplate":"https:\/\/elfsight.com\/pl\/?s={search_term_string}"},"query-input":{"@type":"PropertyValueSpecification","valueRequired":true,"valueName":"search_term_string"}}],"inLanguage":"pl-PL"}]}},"meta_box":{"industry":"","seo_heading":"","heading":"","description":"","cta_heading":"","cta_description":"","application":"1480","h1":"Recenzje G2 Crowd dla Wix","h1_caption":"Prezentuj recenzje g2, aby bez wysi\u0142ku podkre\u015bli\u0107 sukces i reputacj\u0119 swojego oprogramowania w\u015br\u00f3d u\u017cytkownik\u00f3w na swojej stronie internetowej Wix.","application_category":[],"applications_title":"","applications_request_title":"","applications_request_button_text":"","hero_text":"","hero_video":"","hero_video_schema_markup":"","selling_points_title":"","selling_points_caption":"","selling_points":[],"selling_points_cta_text":"","features_title":"","features":"","ed_cta_examples_text":"","ed_cta_examples_hidden":"","ed_cta_demo_text":"","ed_cta_demo_hidden":"","why_caption":"","why_editor_title":"","why_editor_text":"","why_team_title":"","why_team_text":"","why_service_title":"","why_service_text":"","template_catalog_visible":"","template_catalog_title":"","template_catalog_text":"","template_catalog_categories_visible":"","demo_title":"Utw\u00f3rz aplikacj\u0119 G2 Crowd Reviews","demo_caption":"Skonfiguruj swoje recenzje G2 Crowd i dodaj je do swojej witryny Wix za darmo!","default_faq_hidden":"","app_template_category":[],"platform":"30","template_public_id":"","codecanyon_url":"","codecanyon_item_id":"","codecanyon_price":"","pricing_caption":"","pricing_elfsight_apps_hide_column":"","pricing_elfsight_apps_url":"","pricing_codecanyon_price_caption":"","integration_category":[],"integration_request_title":"","integration_request_cta":"","integration_platform":"","integrations":[],"platform_category":[],"video_schema_markup":"","price":"od 0 USD \/ miesi\u0105c","trial":"","benefits":[{"text":"Bezp\u0142atna pomoc w instalacji"},{"text":"Do\u015bwiadczona obs\u0142uga klienta"},{"text":"14-dniowa gwarancja zwrotu pieni\u0119dzy"}],"button_url":"#demo","button_target_blank":"","button_nofollow":"","attributes":[{"name":"Instaluje"},{"name":"Czu\u0142y"},{"name":"Kompatybilne przegl\u0105darki"}],"tags":[],"tags_disable_links":"","hide_more_platforms":"","video_object":"","demo_hide_cta":"","demo_hide_cloud_options":"","pricing_title":"","pricing":[{"pricing_icon":"platform","pricing_title":"Elfsight Apps","pricing_title_caption":"Rozwi\u0105zanie niezale\u017cne od platformy","pricing_price":"od 0 USD \/ miesi\u0105c","pricing_price_caption":"zacznij od bezp\u0142atnego planu","pricing_benefits":[{"text":"Nielimitowane domeny"},{"text":"Profesjonalna obs\u0142uga klienta"},{"text":"Bezp\u0142atna pomoc w instalacji"},{"text":"Oferta specjalna na wiele aplikacji"}],"pricing_button_text":"Dodaj do witryny","pricing_button_url":"#demo"}],"related_apps_title":"","related_apps_hidden":"","author":"","image":[],"title":"","job":"","social_networks":[]},"_links":{"self":[{"href":"https:\/\/elfsight.com\/pl\/wp-json\/wp\/v2\/pages\/5333","targetHints":{"allow":["GET"]}}],"collection":[{"href":"https:\/\/elfsight.com\/pl\/wp-json\/wp\/v2\/pages"}],"about":[{"href":"https:\/\/elfsight.com\/pl\/wp-json\/wp\/v2\/types\/page"}],"author":[{"embeddable":true,"href":"https:\/\/elfsight.com\/pl\/wp-json\/wp\/v2\/users\/9"}],"replies":[{"embeddable":true,"href":"https:\/\/elfsight.com\/pl\/wp-json\/wp\/v2\/comments?post=5333"}],"version-history":[{"count":1,"href":"https:\/\/elfsight.com\/pl\/wp-json\/wp\/v2\/pages\/5333\/revisions"}],"predecessor-version":[{"id":5337,"href":"https:\/\/elfsight.com\/pl\/wp-json\/wp\/v2\/pages\/5333\/revisions\/5337"}],"up":[{"embeddable":true,"href":"https:\/\/elfsight.com\/pl\/wp-json\/wp\/v2\/pages\/1481"}],"wp:attachment":[{"href":"https:\/\/elfsight.com\/pl\/wp-json\/wp\/v2\/media?parent=5333"}],"curies":[{"name":"wp","href":"https:\/\/api.w.org\/{rel}","templated":true}]}}