{"id":5327,"date":"2024-05-03T06:38:10","date_gmt":"2024-05-03T06:38:10","guid":{"rendered":"https:\/\/elfsight.com\/pl\/?page_id=5327"},"modified":"2024-11-14T09:27:15","modified_gmt":"2024-11-14T09:27:15","slug":"facebook","status":"publish","type":"page","link":"https:\/\/elfsight.com\/pl\/g2-crowd-reviews-widget\/facebook\/","title":{"rendered":"G2 Crowd Reviews &#8211; Facebook Page"},"content":{"rendered":"<div class=\"application-platform-content-item-description application-platform-content-item\" id=\"description\" data-nav-section=\"description\"><h2>Opis<\/h2> <p>Recenzje Elfsight G2 to naj\u0142atwiejszy spos\u00f3b na poprawienie reputacji Twojej marki poprzez przedstawienie opinii prawdziwych u\u017cytkownik\u00f3w na temat Twoich ofert . Publikuj tylko najlepsze lub najbardziej atrakcyjne recenzje i organizuj je dok\u0142adnie tak, jak potrzebujesz. Zbierz dow\u00f3d spo\u0142eczny, pokazuj\u0105c swoim odbiorcom, \u017ce masz wysoki poziom zaufania. Zainspiruj ludzi do zamieszczania nowych wra\u017ce\u0144 na temat Twoich ofert i us\u0142ug oraz zach\u0119caj do komunikacji z klientami!<\/p> <p><b>Zwi\u0119ksz poziom wiarygodno\u015bci swojej firmy dzi\u0119ki recenzjom G2 Crowd na Twojej stronie<\/b><\/p><\/div> <div class=\"application-platform-content-item-features application-platform-content-item\" id=\"features\" data-nav-section=\"features\"><h2>Funkcje<\/h2> <p>Aby lepiej pozna\u0107 wid\u017cet G2, sprawd\u017a list\u0119 g\u0142\u00f3wnych funkcji. Sprawiaj\u0105, \u017ce wid\u017cet jest niezwykle skuteczny w promocji: <\/p> <ul> <li>3 predefiniowane filtry: wed\u0142ug typu, wykluczania wed\u0142ug i liczby wy\u015bwietlanych recenzji; <\/li><li>4 predefiniowane uk\u0142ady: lista, siatka, mur i suwak; <\/li><li>Adapowalny nag\u0142\u00f3wek wid\u017cetu; <\/li><li>Przycisk pro\u015bby o sprawdzenie kieruje odwiedzaj\u0105cych do konta G2 Crowd; <\/li><li>6 regulowanych cz\u0119\u015bci wid\u017cetu: imi\u0119 i nazwisko autora oraz zdj\u0119cie, rekomendacja, data, znak G2 Crowd i liczba gwiazdek; <\/li><li>Dwa warianty scenariuszy odmowy pro\u015bby o sprawdzenie: pokazanie niestandardowego tekstu lub usuni\u0119cie przycisku. <\/li><\/ul><p><a href=\"#demo\">Nasza wersja demonstracyjna poka\u017ce Ci pe\u0142n\u0105 list\u0119 funkcji<\/a><\/p><\/div> <div class=\"application-platform-content-item-installation application-platform-content-item\" id=\"installation\" data-nav-section=\"installation\"><h2>Jak doda\u0107 recenzje t\u0142umu G2 do strony firmowej na Facebooku<\/h2><p>Aby pomy\u015blnie skonfigurowa\u0107 wid\u017cet, post\u0119puj zgodnie z naszymi prostymi instrukcjami: <\/p><ul><li><b>Stw\u00f3rz swoj\u0105 niestandardowy widget G2Crowd<\/b><br>Korzystaj\u0105c z naszego darmowego edytora, uzyskaj wtyczk\u0119 z wybranym uk\u0142adem i funkcjonalno\u015bci\u0105. <\/li><li><b>Otrzymaj indywidualny kod umo\u017cliwiaj\u0105cy dodanie wtyczki<\/b><br>Po dostosowaniu wid\u017cetu otrzymasz unikalny kod z powiadomienia pojawiaj\u0105cego si\u0119 w aplikacjach Elfsight. Skopiuj kod. <\/li><li><b>Dodaj wid\u017cet Recenzje do strony na Facebooku<\/b><br> Utw\u00f3rz w\u0142asn\u0105 zak\u0142adk\u0119 na Facebooku. Wpisz w zak\u0142adce kod otrzymany w aplikacji elfsight. Je\u015bli masz jakiekolwiek problemy, po prostu zapoznaj si\u0119 z naszym przewodnikiem na stronie <a href=\"https:\/\/elfsight.com\/blog\/how-to-add-custom-tab-to-facebook-page\/\" target=\"_blank\" rel=\"noopener noreferrer\">tworzenie niestandardowej karty Facebook<\/a><\/li><li><b>Konfiguracja powiod\u0142a si\u0119! <\/b><br>Odwied\u017a stron\u0119, aby zobaczy\u0107 swoj\u0105 wtyczk\u0119. <\/li><\/ul><p>Nadal masz w\u0105tpliwo\u015bci? Lub do\u015bwiadczasz problem\u00f3w? Zg\u0142oszenie do naszego dzia\u0142u obs\u0142ugi klienta za\u0142atwi ka\u017cd\u0105 spraw\u0119. <\/p><div class=\"faq\" data-component=\"FAQ\"> <div class=\"faq-item\">\r\n\t\t\t\t\t<div class=\"faq-item-question\">\r\n\t\t\t\t\t\t<h3 class=\"faq-item-question-text\">Jak doda\u0107 recenzje G2 do mojej strony na Facebooku bez umiej\u0119tno\u015bci kodowania?<\/h3>\r\n\r\n\t\t\t\t\t\t<div class=\"faq-item-question-icon\"><\/div>\r\n\t\t\t\t\t<\/div>\r\n\r\n\t\t\t\t\t<div class=\"faq-item-answer\">\r\n\t\t\t\t\t\t<div class=\"faq-item-answer-text\"> <p>Elfsight zapewnia rozwi\u0105zanie SaaS, kt\u00f3re umo\u017cliwia samodzielne utworzenie wid\u017cetu Recenzje G2. Zobacz, jak \u0142atwo proces jest nast\u0119puj\u0105cy: Pracuj bezpo\u015brednio w edytorze online, aby utworzy\u0107 wid\u017cet Recenzji G2, kt\u00f3ry chcesz zobaczy\u0107 na swojej stronie na Facebooku. Wybierz jeden z gotowych szablon\u00f3w i dostosuj ustawienia Recenzji G2, dodaj tre\u015b\u0107, zmie\u0144 uk\u0142ad i kolory bez umiej\u0119tno\u015bci kodowania. Zapisz recenzje G2 i skopiuj ich kod instalacyjny, kt\u00f3ry mo\u017cesz \u0142atwo wklei\u0107 na swojej stronie na Facebooku, bez konieczno\u015bci kupowania p\u0142atnej subskrypcji. Dzi\u0119ki naszemu intuicyjnemu edytorowi ka\u017cdy u\u017cytkownik Internetu mo\u017ce stworzy\u0107 wid\u017cet Recenzje G2 online i \u0142atwo osadzi\u0107 go na swojej stronie na Facebooku. Aby uzyska\u0107 dost\u0119p do us\u0142ugi, nie trzeba p\u0142aci\u0107 ani wprowadza\u0107 danych uwierzytelniaj\u0105cych karty. Je\u015bli na kt\u00f3rymkolwiek etapie napotkasz jakiekolwiek problemy, skontaktuj si\u0119 z naszym zespo\u0142em pomocy technicznej.<\/p> <\/div>\r\n\t\t\t\t\t<\/div>\r\n\t\t\t\t<\/div> <\/div> <\/div>","protected":false},"excerpt":{"rendered":"","protected":false},"author":9,"featured_media":0,"parent":1481,"menu_order":0,"comment_status":"closed","ping_status":"closed","template":"templates\/template-application-platform.php","meta":{"publish_to_discourse":"","publish_post_category":"","wpdc_auto_publish_overridden":"","wpdc_topic_tags":"","wpdc_pin_topic":"","wpdc_pin_until":"","discourse_post_id":"","discourse_permalink":"","wpdc_publishing_response":"","wpdc_publishing_error":"","footnotes":""},"class_list":["post-5327","page","type-page","status-publish","hentry"],"yoast_head":"<!-- This site is optimized with the Yoast SEO plugin v25.3.1 - https:\/\/yoast.com\/wordpress\/plugins\/seo\/ -->\n<title>Dodaj zak\u0142adk\u0119 Recenzje t\u0142umu G2 do strony firmowej na Facebooku (2026)<\/title>\n<meta name=\"description\" content=\"Stworzenie zak\u0142adki Recenzje G2 Crowd i dodanie jej do strony firmowej na Facebooku nie jest trudne. Obs\u0142uga klienta Elfsight jest bezp\u0142atna i szybka.\" \/>\n<meta name=\"robots\" content=\"index, follow, max-snippet:-1, max-image-preview:large, max-video-preview:-1\" \/>\n<link rel=\"canonical\" href=\"https:\/\/elfsight.com\/pl\/g2-crowd-reviews-widget\/facebook\/\" \/>\n<meta property=\"og:locale\" content=\"pl_PL\" \/>\n<meta property=\"og:type\" content=\"article\" \/>\n<meta property=\"og:title\" content=\"Dodaj zak\u0142adk\u0119 Recenzje t\u0142umu G2 do strony firmowej na Facebooku (2026)\" \/>\n<meta property=\"og:description\" content=\"Stworzenie zak\u0142adki Recenzje G2 Crowd i dodanie jej do strony firmowej na Facebooku nie jest trudne. Obs\u0142uga klienta Elfsight jest bezp\u0142atna i szybka.\" \/>\n<meta property=\"og:url\" content=\"https:\/\/elfsight.com\/pl\/g2-crowd-reviews-widget\/facebook\/\" \/>\n<meta property=\"og:site_name\" content=\"Elfsight PL\" \/>\n<meta property=\"article:modified_time\" content=\"2024-11-14T09:27:15+00:00\" \/>\n<meta name=\"twitter:card\" content=\"summary_large_image\" \/>\n<meta name=\"twitter:label1\" content=\"Szacowany czas czytania\" \/>\n\t<meta name=\"twitter:data1\" content=\"3 minuty\" \/>\n<!-- \/ Yoast SEO plugin. -->","yoast_head_json":{"title":"Dodaj zak\u0142adk\u0119 Recenzje t\u0142umu G2 do strony firmowej na Facebooku (2026)","description":"Stworzenie zak\u0142adki Recenzje G2 Crowd i dodanie jej do strony firmowej na Facebooku nie jest trudne. Obs\u0142uga klienta Elfsight jest bezp\u0142atna i szybka.","robots":{"index":"index","follow":"follow","max-snippet":"max-snippet:-1","max-image-preview":"max-image-preview:large","max-video-preview":"max-video-preview:-1"},"canonical":"https:\/\/elfsight.com\/pl\/g2-crowd-reviews-widget\/facebook\/","og_locale":"pl_PL","og_type":"article","og_title":"Dodaj zak\u0142adk\u0119 Recenzje t\u0142umu G2 do strony firmowej na Facebooku (2026)","og_description":"Stworzenie zak\u0142adki Recenzje G2 Crowd i dodanie jej do strony firmowej na Facebooku nie jest trudne. Obs\u0142uga klienta Elfsight jest bezp\u0142atna i szybka.","og_url":"https:\/\/elfsight.com\/pl\/g2-crowd-reviews-widget\/facebook\/","og_site_name":"Elfsight PL","article_modified_time":"2024-11-14T09:27:15+00:00","twitter_card":"summary_large_image","twitter_misc":{"Szacowany czas czytania":"3 minuty"},"schema":{"@context":"https:\/\/schema.org","@graph":[{"@type":"WebPage","@id":"https:\/\/elfsight.com\/pl\/g2-crowd-reviews-widget\/facebook\/","url":"https:\/\/elfsight.com\/pl\/g2-crowd-reviews-widget\/facebook\/","name":"Dodaj zak\u0142adk\u0119 Recenzje t\u0142umu G2 do strony firmowej na Facebooku (2026)","isPartOf":{"@id":"https:\/\/elfsight.com\/pl\/#website"},"datePublished":"2024-05-03T06:38:10+00:00","dateModified":"2024-11-14T09:27:15+00:00","description":"Stworzenie zak\u0142adki Recenzje G2 Crowd i dodanie jej do strony firmowej na Facebooku nie jest trudne. Obs\u0142uga klienta Elfsight jest bezp\u0142atna i szybka.","breadcrumb":{"@id":"https:\/\/elfsight.com\/pl\/g2-crowd-reviews-widget\/facebook\/#breadcrumb"},"inLanguage":"pl-PL","potentialAction":[{"@type":"ReadAction","target":["https:\/\/elfsight.com\/pl\/g2-crowd-reviews-widget\/facebook\/"]}]},{"@type":"BreadcrumbList","@id":"https:\/\/elfsight.com\/pl\/g2-crowd-reviews-widget\/facebook\/#breadcrumb","itemListElement":[{"@type":"ListItem","position":1,"name":"Home","item":"https:\/\/elfsight.com\/pl\/"},{"@type":"ListItem","position":2,"name":"G2 Crowd Reviews","item":"https:\/\/elfsight.com\/pl\/g2-crowd-reviews-widget\/"},{"@type":"ListItem","position":3,"name":"G2 Crowd Reviews &#8211; Facebook Page"}]},{"@type":"WebSite","@id":"https:\/\/elfsight.com\/pl\/#website","url":"https:\/\/elfsight.com\/pl\/","name":"Elfsight PL","description":"Just another Elfsight Sites site","potentialAction":[{"@type":"SearchAction","target":{"@type":"EntryPoint","urlTemplate":"https:\/\/elfsight.com\/pl\/?s={search_term_string}"},"query-input":{"@type":"PropertyValueSpecification","valueRequired":true,"valueName":"search_term_string"}}],"inLanguage":"pl-PL"}]}},"meta_box":{"industry":"","seo_heading":"","heading":"","description":"","cta_heading":"","cta_description":"","application":"1480","h1":"Recenzje G2 Crowd na stronie na Facebooku","h1_caption":"Prezentuj recenzje g2, aby bez wysi\u0142ku podkre\u015bli\u0107 sukces i reputacj\u0119 swojego oprogramowania w\u015br\u00f3d u\u017cytkownik\u00f3w na swojej stronie na Facebooku.","application_category":[],"applications_title":"","applications_request_title":"","applications_request_button_text":"","hero_text":"","hero_video":"","hero_video_schema_markup":"","selling_points_title":"","selling_points_caption":"","selling_points":[],"selling_points_cta_text":"","features_title":"","features":"","ed_cta_examples_text":"","ed_cta_examples_hidden":"","ed_cta_demo_text":"","ed_cta_demo_hidden":"","why_caption":"","why_editor_title":"","why_editor_text":"","why_team_title":"","why_team_text":"","why_service_title":"","why_service_text":"","template_catalog_visible":"","template_catalog_title":"","template_catalog_text":"","template_catalog_categories_visible":"","demo_title":"Utw\u00f3rz wid\u017cet Recenzje G2 Crowd","demo_caption":"Skonfiguruj swoje recenzje G2 Crowd i dodaj je za darmo do swojej strony na Facebooku!","default_faq_hidden":"","app_template_category":[],"platform":"319","template_public_id":"","codecanyon_url":"","codecanyon_item_id":"","codecanyon_price":"","pricing_caption":"","pricing_elfsight_apps_hide_column":"","pricing_elfsight_apps_url":"","pricing_codecanyon_price_caption":"","integration_category":[],"integration_request_title":"","integration_request_cta":"","integration_platform":"","integrations":[],"platform_category":[],"video_schema_markup":"","price":"od 0 USD \/ miesi\u0105c","trial":"","benefits":[{"text":"Bezp\u0142atna us\u0142uga monta\u017cu"},{"text":"Wyj\u0105tkowe wsparcie"},{"text":"14-dniowa gwarancja zwrotu pieni\u0119dzy"}],"button_url":"#demo","button_target_blank":"","button_nofollow":"","attributes":[{"name":"Instaluje"},{"name":"Czu\u0142y"},{"name":"Kompatybilne przegl\u0105darki"}],"tags":[],"tags_disable_links":"","hide_more_platforms":"","video_object":"","demo_hide_cta":"","demo_hide_cloud_options":"","pricing_title":"","pricing":[{"pricing_icon":"platform","pricing_title":"Elfsight Apps","pricing_title_caption":"Wieloplatformowe rozwi\u0105zanie cyfrowe, kt\u00f3re pasuje do ka\u017cdej witryny internetowej","pricing_price":"od 0 USD \/ miesi\u0105c","pricing_price_caption":"zacznij od bezp\u0142atnego planu","pricing_benefits":[{"text":"Nielimitowane strony internetowe"},{"text":"Dedykowane wsparcie firmy"},{"text":"Bezp\u0142atna pomoc w instalacji"},{"text":"W pe\u0142ni konfigurowalny"}],"pricing_button_text":"Dodaj do witryny","pricing_button_url":"#demo"}],"related_apps_title":"","related_apps_hidden":"","author":"","image":[],"title":"","job":"","social_networks":[]},"_links":{"self":[{"href":"https:\/\/elfsight.com\/pl\/wp-json\/wp\/v2\/pages\/5327","targetHints":{"allow":["GET"]}}],"collection":[{"href":"https:\/\/elfsight.com\/pl\/wp-json\/wp\/v2\/pages"}],"about":[{"href":"https:\/\/elfsight.com\/pl\/wp-json\/wp\/v2\/types\/page"}],"author":[{"embeddable":true,"href":"https:\/\/elfsight.com\/pl\/wp-json\/wp\/v2\/users\/9"}],"replies":[{"embeddable":true,"href":"https:\/\/elfsight.com\/pl\/wp-json\/wp\/v2\/comments?post=5327"}],"version-history":[{"count":1,"href":"https:\/\/elfsight.com\/pl\/wp-json\/wp\/v2\/pages\/5327\/revisions"}],"predecessor-version":[{"id":5331,"href":"https:\/\/elfsight.com\/pl\/wp-json\/wp\/v2\/pages\/5327\/revisions\/5331"}],"up":[{"embeddable":true,"href":"https:\/\/elfsight.com\/pl\/wp-json\/wp\/v2\/pages\/1481"}],"wp:attachment":[{"href":"https:\/\/elfsight.com\/pl\/wp-json\/wp\/v2\/media?parent=5327"}],"curies":[{"name":"wp","href":"https:\/\/api.w.org\/{rel}","templated":true}]}}