{"id":5318,"date":"2024-05-03T06:38:05","date_gmt":"2024-05-03T06:38:05","guid":{"rendered":"https:\/\/elfsight.com\/pl\/?page_id=5318"},"modified":"2024-10-23T13:30:14","modified_gmt":"2024-10-23T13:30:14","slug":"prestashop","status":"publish","type":"page","link":"https:\/\/elfsight.com\/pl\/g2-crowd-reviews-widget\/prestashop\/","title":{"rendered":"G2 Crowd Reviews &#8211; PrestaShop"},"content":{"rendered":"<div class=\"application-platform-content-item-description application-platform-content-item\" id=\"description\" data-nav-section=\"description\"> <h2>Opis<\/h2> <p>Elfsight G2 Crowd Reviews to przydatne narz\u0119dzie, kt\u00f3re umo\u017cliwia wy\u015bwietlanie recenzji na temat Twoich towar\u00f3w bezpo\u015brednio na Twoj\u0105 witryn\u0119 ze wszystkich popularnych witryn z recenzjami biznesowymi. Dzi\u0119ki naszemu narz\u0119dziu mo\u017cesz zastosowa\u0107 filtry ukrywaj\u0105ce niepo\u017c\u0105dane komentarze, wy\u015bwietli\u0107 swoj\u0105 liczb\u0119 gwiazdek i ocen\u0119 ilo\u015bciow\u0105 ze swojej strony na dowolnym portalu z recenzjami, doda\u0107 informacje o autorach recenzji i do\u0142\u0105czy\u0107 przycisk CTA, kt\u00f3ry b\u0119dzie motywowa\u0142 u\u017cytkownik\u00f3w do publikowania ich my\u015bli. Aplikacja Elfsight G2 Crowd Reviews pomo\u017ce Ci zaprezentowa\u0107 sw\u00f3j wyj\u0105tkowy dow\u00f3d spo\u0142eczno\u015bciowy na stronie internetowej i zwi\u0119kszy\u0107 liczb\u0119 nowych sprzeda\u017cy. <\/p><p><b>Wykorzystaj najlepsze recenzje G2 Crowd, aby sprosta\u0107 wyzwaniom biznesowym przy mniejszym wysi\u0142ku! <\/b><\/p> <\/div> <div class=\"application-platform-content-item-features application-platform-content-item\" id=\"features\" data-nav-section=\"features\"> <h2>To tylko kilka z mn\u00f3stwa funkcji wid\u017cetu: <\/h2> <ul><li>Integracja recenzji klient\u00f3w z G2 Crowd <\/li><li>3 typy filtr\u00f3w: wykluczanie wed\u0142ug, ilo\u015bci recenzji i typu<\/li><li>Cztery rodzaje uk\u0142ad\u00f3w: siatka, mur, lista i suwak<\/li><li>strza\u0142ki i przeci\u0105gni\u0119cia typy nawigacji w uk\u0142adzie Slider<\/li><li>Ustaw pr\u0119dko\u015b\u0107 slajdu i pr\u0119dko\u015b\u0107 autoodtwarzania<\/li><li>Wybierz typ paginacji w uk\u0142adzie Slider<\/li><li>Przycisk wezwania do dzia\u0142ania, aby uzyska\u0107 recenzje nowych u\u017cytkownik\u00f3w Strona G2 Crowd<\/li><li>Trzy szablony recenzji: Klasyczny, Ba\u0144ka, Spotlight<\/li><li>6 elastycznych element\u00f3w recenzji: ikona i zdj\u0119cie G2 Crowd, rekomendacja, data, nazwisko autora i ocena w gwiazdkach<\/li><li>Opcja zmiany rozmiaru czcionki tekstu recenzji<\/li><\/ul><p><a href=\"#demo\">Wystarczy wypr\u00f3bowa\u0107 t\u0119 wersj\u0119 demonstracyjn\u0105, aby zrozumie\u0107 funkcjonalno\u015b\u0107 wid\u017cetu<\/a><\/p> <\/div> <div class=\"application-platform-content-item-installation application-platform-content-item\" id=\"installation\" data-nav-section=\"installation\"> <h2>Jak osadzi\u0107 recenzje G2 w mojej witrynie PrestaShop? <\/h2> <p>Wystarczy wykona\u0107 kilka krok\u00f3w opisanych poni\u017cej, aby osadzi\u0107 dodatek. <\/p> <ol><li><b>Otw\u00f3rz nasz darmowy edytor i rozpocznij tworzenie spersonalizowanego dodatku. <\/b><br> Okre\u015bl preferowany interfejs i funkcjonalno\u015b\u0107 wid\u017cetu i zastosuj poprawki. <\/li> <li><b>Zdob\u0105d\u017a unikalny kod pojawiaj\u0105cy si\u0119 w polu w aplikacjach Elfsight. <\/b><br> Po zako\u0144czeniu generowania widgetu skopiuj kod osobisty z wy\u015bwietlonego okna i zachowaj go do dalszego wykorzystania. <\/li> <li><b>Zacznij korzysta\u0107 z dodatku na stronie PrestaShop. <\/b><br> Dodaj zapisany wcze\u015bniej kod na swojej stronie g\u0142\u00f3wnej i zapisz zmiany. <\/li> <li><b>Instalacja zosta\u0142a w pe\u0142ni uko\u0144czona. <\/b><br> Odwied\u017a swoj\u0105 witryn\u0119, aby sprawdzi\u0107, jak dzia\u0142a to narz\u0119dzie. <\/li><\/ol> <p>Je\u015bli napotkasz jakiekolwiek przeszkody, nie b\u00f3j si\u0119 napisa\u0107 do naszego zespo\u0142u obs\u0142ugi klienta. Nasi konsultanci z przyjemno\u015bci\u0105 odpowiedz\u0105 na wszystkie pytania dotycz\u0105ce widgetu. <\/p> <div class=\"faq\" data-component=\"FAQ\"> <div class=\"faq-item\">\r\n\t\t\t\t\t<div class=\"faq-item-question\">\r\n\t\t\t\t\t\t<h3 class=\"faq-item-question-text\">Jak doda\u0107 recenzje G2 do mojej witryny PrestaShop bez umiej\u0119tno\u015bci kodowania?<\/h3>\r\n\r\n\t\t\t\t\t\t<div class=\"faq-item-question-icon\"><\/div>\r\n\t\t\t\t\t<\/div>\r\n\r\n\t\t\t\t\t<div class=\"faq-item-answer\">\r\n\t\t\t\t\t\t<div class=\"faq-item-answer-text\"> <p>Elfsight zapewnia rozwi\u0105zanie SaaS, kt\u00f3re pozwala samodzielnie utworzy\u0107 wid\u017cet Recenzje G2, zobacz, jak \u0142atwy jest ten proces to: Pracuj bezpo\u015brednio w edytorze online, aby utworzy\u0107 wid\u017cet Recenzji G2, kt\u00f3ry chcia\u0142by\u015b zobaczy\u0107 na swojej stronie PrestaShop. Wybierz jeden z gotowych szablon\u00f3w i dostosuj ustawienia Recenzji G2, dodaj tre\u015b\u0107, zmie\u0144 uk\u0142ad i kolory bez umiej\u0119tno\u015bci kodowania. Zapisz recenzje G2 i skopiuj ich kod instalacyjny, kt\u00f3ry mo\u017cesz \u0142atwo osadzi\u0107 na swojej stronie PrestaShop bez konieczno\u015bci kupowania p\u0142atnej subskrypcji. Dzi\u0119ki naszemu intuicyjnemu edytorowi ka\u017cdy u\u017cytkownik Internetu mo\u017ce stworzy\u0107 wid\u017cet Recenzje G2 online i \u0142atwo osadzi\u0107 go na swojej stronie PrestaShop. Aby uzyska\u0107 dost\u0119p do us\u0142ugi, nie trzeba p\u0142aci\u0107 ani wprowadza\u0107 danych uwierzytelniaj\u0105cych karty. Je\u015bli na kt\u00f3rymkolwiek etapie napotkasz jakiekolwiek problemy, skontaktuj si\u0119 z naszym zespo\u0142em pomocy technicznej.<\/p> <\/div>\r\n\t\t\t\t\t<\/div>\r\n\t\t\t\t<\/div> <\/div> <\/div>","protected":false},"excerpt":{"rendered":"","protected":false},"author":9,"featured_media":0,"parent":1481,"menu_order":0,"comment_status":"closed","ping_status":"closed","template":"templates\/template-application-platform.php","meta":{"publish_to_discourse":"","publish_post_category":"","wpdc_auto_publish_overridden":"","wpdc_topic_tags":"","wpdc_pin_topic":"","wpdc_pin_until":"","discourse_post_id":"","discourse_permalink":"","wpdc_publishing_response":"","wpdc_publishing_error":"","footnotes":""},"class_list":["post-5318","page","type-page","status-publish","hentry"],"yoast_head":"<!-- This site is optimized with the Yoast SEO plugin v25.3.1 - https:\/\/yoast.com\/wordpress\/plugins\/seo\/ -->\n<title>Umie\u015b\u0107 recenzje G2 Crowd na stronie PrestaShop (bezp\u0142atnie i szybko)<\/title>\n<meta name=\"description\" content=\"Dzi\u0119ki Elfsight utw\u00f3rz dodatek G2 Crowd Reviews i wstaw go na swoj\u0105 witryn\u0119 PrestaShop. Mamy bezp\u0142atn\u0105 obs\u0142ug\u0119 klienta i wi\u0119cej bonus\u00f3w.\" \/>\n<meta name=\"robots\" content=\"index, follow, max-snippet:-1, max-image-preview:large, max-video-preview:-1\" \/>\n<link rel=\"canonical\" href=\"https:\/\/elfsight.com\/pl\/g2-crowd-reviews-widget\/prestashop\/\" \/>\n<meta property=\"og:locale\" content=\"pl_PL\" \/>\n<meta property=\"og:type\" content=\"article\" \/>\n<meta property=\"og:title\" content=\"Umie\u015b\u0107 recenzje G2 Crowd na stronie PrestaShop (bezp\u0142atnie i szybko)\" \/>\n<meta property=\"og:description\" content=\"Dzi\u0119ki Elfsight utw\u00f3rz dodatek G2 Crowd Reviews i wstaw go na swoj\u0105 witryn\u0119 PrestaShop. Mamy bezp\u0142atn\u0105 obs\u0142ug\u0119 klienta i wi\u0119cej bonus\u00f3w.\" \/>\n<meta property=\"og:url\" content=\"https:\/\/elfsight.com\/pl\/g2-crowd-reviews-widget\/prestashop\/\" \/>\n<meta property=\"og:site_name\" content=\"Elfsight PL\" \/>\n<meta property=\"article:modified_time\" content=\"2024-10-23T13:30:14+00:00\" \/>\n<meta name=\"twitter:card\" content=\"summary_large_image\" \/>\n<meta name=\"twitter:label1\" content=\"Szacowany czas czytania\" \/>\n\t<meta name=\"twitter:data1\" content=\"3 minuty\" \/>\n<!-- \/ Yoast SEO plugin. -->","yoast_head_json":{"title":"Umie\u015b\u0107 recenzje G2 Crowd na stronie PrestaShop (bezp\u0142atnie i szybko)","description":"Dzi\u0119ki Elfsight utw\u00f3rz dodatek G2 Crowd Reviews i wstaw go na swoj\u0105 witryn\u0119 PrestaShop. Mamy bezp\u0142atn\u0105 obs\u0142ug\u0119 klienta i wi\u0119cej bonus\u00f3w.","robots":{"index":"index","follow":"follow","max-snippet":"max-snippet:-1","max-image-preview":"max-image-preview:large","max-video-preview":"max-video-preview:-1"},"canonical":"https:\/\/elfsight.com\/pl\/g2-crowd-reviews-widget\/prestashop\/","og_locale":"pl_PL","og_type":"article","og_title":"Umie\u015b\u0107 recenzje G2 Crowd na stronie PrestaShop (bezp\u0142atnie i szybko)","og_description":"Dzi\u0119ki Elfsight utw\u00f3rz dodatek G2 Crowd Reviews i wstaw go na swoj\u0105 witryn\u0119 PrestaShop. Mamy bezp\u0142atn\u0105 obs\u0142ug\u0119 klienta i wi\u0119cej bonus\u00f3w.","og_url":"https:\/\/elfsight.com\/pl\/g2-crowd-reviews-widget\/prestashop\/","og_site_name":"Elfsight PL","article_modified_time":"2024-10-23T13:30:14+00:00","twitter_card":"summary_large_image","twitter_misc":{"Szacowany czas czytania":"3 minuty"},"schema":{"@context":"https:\/\/schema.org","@graph":[{"@type":"WebPage","@id":"https:\/\/elfsight.com\/pl\/g2-crowd-reviews-widget\/prestashop\/","url":"https:\/\/elfsight.com\/pl\/g2-crowd-reviews-widget\/prestashop\/","name":"Umie\u015b\u0107 recenzje G2 Crowd na stronie PrestaShop (bezp\u0142atnie i szybko)","isPartOf":{"@id":"https:\/\/elfsight.com\/pl\/#website"},"datePublished":"2024-05-03T06:38:05+00:00","dateModified":"2024-10-23T13:30:14+00:00","description":"Dzi\u0119ki Elfsight utw\u00f3rz dodatek G2 Crowd Reviews i wstaw go na swoj\u0105 witryn\u0119 PrestaShop. Mamy bezp\u0142atn\u0105 obs\u0142ug\u0119 klienta i wi\u0119cej bonus\u00f3w.","breadcrumb":{"@id":"https:\/\/elfsight.com\/pl\/g2-crowd-reviews-widget\/prestashop\/#breadcrumb"},"inLanguage":"pl-PL","potentialAction":[{"@type":"ReadAction","target":["https:\/\/elfsight.com\/pl\/g2-crowd-reviews-widget\/prestashop\/"]}]},{"@type":"BreadcrumbList","@id":"https:\/\/elfsight.com\/pl\/g2-crowd-reviews-widget\/prestashop\/#breadcrumb","itemListElement":[{"@type":"ListItem","position":1,"name":"Home","item":"https:\/\/elfsight.com\/pl\/"},{"@type":"ListItem","position":2,"name":"G2 Crowd Reviews","item":"https:\/\/elfsight.com\/pl\/g2-crowd-reviews-widget\/"},{"@type":"ListItem","position":3,"name":"G2 Crowd Reviews &#8211; PrestaShop"}]},{"@type":"WebSite","@id":"https:\/\/elfsight.com\/pl\/#website","url":"https:\/\/elfsight.com\/pl\/","name":"Elfsight PL","description":"Just another Elfsight Sites site","potentialAction":[{"@type":"SearchAction","target":{"@type":"EntryPoint","urlTemplate":"https:\/\/elfsight.com\/pl\/?s={search_term_string}"},"query-input":{"@type":"PropertyValueSpecification","valueRequired":true,"valueName":"search_term_string"}}],"inLanguage":"pl-PL"}]}},"meta_box":{"industry":"","seo_heading":"","heading":"","description":"","cta_heading":"","cta_description":"","application":"1480","h1":"Recenzje G2 Crowd dotycz\u0105ce PrestaShop","h1_caption":"Prezentuj recenzje g2, aby bez wysi\u0142ku podkre\u015bli\u0107 sukces i reputacj\u0119 swojego oprogramowania w\u015br\u00f3d u\u017cytkownik\u00f3w w swojej witrynie Prestashop.","application_category":[],"applications_title":"","applications_request_title":"","applications_request_button_text":"","hero_text":"","hero_video":"","hero_video_schema_markup":"","selling_points_title":"","selling_points_caption":"","selling_points":[],"selling_points_cta_text":"","features_title":"","features":"","ed_cta_examples_text":"","ed_cta_examples_hidden":"","ed_cta_demo_text":"","ed_cta_demo_hidden":"","why_caption":"","why_editor_title":"","why_editor_text":"","why_team_title":"","why_team_text":"","why_service_title":"","why_service_text":"","template_catalog_visible":"","template_catalog_title":"","template_catalog_text":"","template_catalog_categories_visible":"","demo_title":"Tw\u00f3rz recenzje t\u0142umu G2 bez wysi\u0142ku!","demo_caption":"Skorzystaj z tej wersji demonstracyjnej, aby ustawi\u0107 wtyczk\u0119 dla swojej witryny i osadzi\u0107 j\u0105 w niej.","default_faq_hidden":"","app_template_category":[],"platform":"586","template_public_id":"","codecanyon_url":"","codecanyon_item_id":"","codecanyon_price":"","pricing_caption":"","pricing_elfsight_apps_hide_column":"","pricing_elfsight_apps_url":"","pricing_codecanyon_price_caption":"","integration_category":[],"integration_request_title":"","integration_request_cta":"","integration_platform":"","integrations":[],"platform_category":[],"video_schema_markup":"","price":"od 0 USD \/ miesi\u0105c","trial":"","benefits":[{"text":"Bezp\u0142atna pomoc w instalacji"},{"text":"Skuteczna obs\u0142uga klienta"},{"text":"14-dniowa gwarancja zwrotu pieni\u0119dzy"}],"button_url":"#demo","button_target_blank":"","button_nofollow":"","attributes":[{"name":"Instaluje"},{"name":"Czu\u0142y"},{"name":"Kompatybilne przegl\u0105darki"}],"tags":[],"tags_disable_links":"","hide_more_platforms":"","video_object":"","demo_hide_cta":"","demo_hide_cloud_options":"","pricing_title":"","pricing":[{"pricing_icon":"platform","pricing_title":"Elfsight Apps","pricing_title_caption":"Oprogramowanie wieloplatformowe","pricing_price":"od 0 USD \/ miesi\u0105c","pricing_price_caption":"zacznij od bezp\u0142atnego planu","pricing_benefits":[{"text":"Nielimitowane strony internetowe"},{"text":"Ca\u0142odobowa obs\u0142uga klienta"},{"text":"Bezp\u0142atna us\u0142uga monta\u017cu"},{"text":"Elastyczny projekt"}],"pricing_button_text":"Dodaj do witryny","pricing_button_url":"#demo"}],"related_apps_title":"","related_apps_hidden":"","author":"","image":[],"title":"","job":"","social_networks":[]},"_links":{"self":[{"href":"https:\/\/elfsight.com\/pl\/wp-json\/wp\/v2\/pages\/5318","targetHints":{"allow":["GET"]}}],"collection":[{"href":"https:\/\/elfsight.com\/pl\/wp-json\/wp\/v2\/pages"}],"about":[{"href":"https:\/\/elfsight.com\/pl\/wp-json\/wp\/v2\/types\/page"}],"author":[{"embeddable":true,"href":"https:\/\/elfsight.com\/pl\/wp-json\/wp\/v2\/users\/9"}],"replies":[{"embeddable":true,"href":"https:\/\/elfsight.com\/pl\/wp-json\/wp\/v2\/comments?post=5318"}],"version-history":[{"count":1,"href":"https:\/\/elfsight.com\/pl\/wp-json\/wp\/v2\/pages\/5318\/revisions"}],"predecessor-version":[{"id":5322,"href":"https:\/\/elfsight.com\/pl\/wp-json\/wp\/v2\/pages\/5318\/revisions\/5322"}],"up":[{"embeddable":true,"href":"https:\/\/elfsight.com\/pl\/wp-json\/wp\/v2\/pages\/1481"}],"wp:attachment":[{"href":"https:\/\/elfsight.com\/pl\/wp-json\/wp\/v2\/media?parent=5318"}],"curies":[{"name":"wp","href":"https:\/\/api.w.org\/{rel}","templated":true}]}}