{"id":5317,"date":"2024-05-03T06:38:04","date_gmt":"2024-05-03T06:38:04","guid":{"rendered":"https:\/\/elfsight.com\/pl\/?page_id=5317"},"modified":"2024-10-23T13:30:32","modified_gmt":"2024-10-23T13:30:32","slug":"jimdo","status":"publish","type":"page","link":"https:\/\/elfsight.com\/pl\/g2-crowd-reviews-widget\/jimdo\/","title":{"rendered":"G2 Crowd Reviews &#8211; Jimdo"},"content":{"rendered":"<div class=\"application-platform-content-item-description application-platform-content-item\" id=\"description\" data-nav-section=\"description\"> <h2>Opis<\/h2> <p>G2 Crowd Reviews to przydatny widget oferuj\u0105cy mo\u017cliwo\u015b\u0107 ujawniania recenzji na temat Twoich ofert bezpo\u015brednio na Twoim ze wszystkich renomowanych witryn z recenzjami. Za pomoc\u0105 naszego wid\u017cetu mo\u017cesz zastosowa\u0107 filtry ukrywaj\u0105ce niepo\u017c\u0105dane recenzje, pokaza\u0107 swoj\u0105 liczb\u0119 gwiazdek i ocen bezpo\u015brednio ze swojej strony w dowolnym serwisie z recenzjami, doda\u0107 informacje o autorach recenzji i do\u0142\u0105czy\u0107 przycisk CTA, kt\u00f3ry zmotywuje odwiedzaj\u0105cych do napisania swoich przemy\u015ble\u0144. Widget Recenzje G2 Crowd poprosi Ci\u0119 o zaprezentowanie swojego wspania\u0142ego dowodu spo\u0142eczno\u015bciowego bezpo\u015brednio na stronie internetowej i zaczniesz uzyskiwa\u0107 wi\u0119cej nowych sprzeda\u017cy. <\/p> <p><b>Korzystaj z recenzji G2 Crowd, aby skuteczniej realizowa\u0107 swoje cele e-commerce! <\/b><\/p> <\/div> <div class=\"application-platform-content-item-features application-platform-content-item\" id=\"features\" data-nav-section=\"features\"> <h2>Znajd\u017a poni\u017cej najwa\u017cniejsze funkcje wid\u017cetu: <\/h2> <ul><li>Umie\u015b\u0107 recenzje klient\u00f3w z konta G2 Crowd<\/b><\/p> li&gt;<li>Trzy typy filtr\u00f3w: wed\u0142ug typu, ilo\u015bci recenzji i wykluczenia wed\u0142ug<\/li><li>Cztery rodzaje uk\u0142ad\u00f3w: suwak, mur, lista i siatka<\/li><li>przeci\u0105ga nawigacj\u0119 i typy strza\u0142ek w uk\u0142adzie Slider<\/li><li>Ustaw pr\u0119dko\u015b\u0107 automatycznego odtwarzania i pr\u0119dko\u015b\u0107 slajdu<\/li><li>Wybierz typ paginacji w uk\u0142adzie Slider<\/li><li>Przycisk wezwania do dzia\u0142ania, aby uzyska\u0107 recenzje nowych u\u017cytkownik\u00f3w w G2 Crowd strona<\/li><li>Trzy szablony recenzji: Klasyczny, Ba\u0144ka, Spotlight<\/li><li>6 elastycznych element\u00f3w recenzji: ikona i zdj\u0119cie G2 Crowd, rekomendacja, liczba gwiazdek, data i nazwisko autora<\/li><li>Opcja zmiany rozmiaru czcionki tekstu recenzji<\/li><\/ul><p><a href=\"#demo\">Za pomoc\u0105 wersji demonstracyjnej mo\u017cesz zobaczy\u0107, ile wart jest wid\u017cet<\/a> <\/p> <\/div> <div class=\"application-platform-content-item-installation application-platform-content-item\" id=\"installation\" data-nav-section=\"installation\"> <h2>Jak osadzi\u0107 recenzje G2 Crowd na mojej stronie internetowej Jimdo? <\/h2> <p>Wystarczy spe\u0142ni\u0107 poni\u017csze wskaz\u00f3wki, aby wstawi\u0107 narz\u0119dzie. <\/p> <ol><li><b>Wykonaj bezp\u0142atn\u0105 wersj\u0119 demonstracyjn\u0105 i rozpocznij tworzenie niestandardowego wid\u017cetu. <\/b><br> Wybierz preferowany wygl\u0105d i parametry wid\u017cetu i zapisz zmiany. <\/li> <li><b>Zdob\u0105d\u017a kod osobisty ujawniony w specjalnym formularzu w aplikacjach Elfsight. <\/b><br> Po zako\u0144czeniu konfiguracji wid\u017cetu skopiuj kod osobisty z pola i zapisz go do dalszego wykorzystania. <\/li> <li><b>Rozpocznij korzystanie z wid\u017cetu na swojej stronie internetowej Jimdo. <\/b><br> Zintegruj ostatnio skopiowany kod ze swoj\u0105 witryn\u0105 i zapisz ulepszenia. <\/li> <li><b>Instalacja zosta\u0142a pomy\u015blnie przeprowadzona. <\/b><br> Wejd\u017a na swoj\u0105 stron\u0119 i zobacz jak dzia\u0142a narz\u0119dzie. <\/li><\/ol> <p>Je\u015bli masz pytania lub wyst\u0119puj\u0105 jakiekolwiek komplikacje, mo\u017cesz zg\u0142osi\u0107 si\u0119 do naszego zespo\u0142u wsparcia. Nasi pracownicy z przyjemno\u015bci\u0105 odpowiedz\u0105 na wszystkie pytania dotycz\u0105ce widgetu. <\/p> <div class=\"faq\" data-component=\"FAQ\"> <div class=\"faq-item\">\r\n\t\t\t\t\t<div class=\"faq-item-question\">\r\n\t\t\t\t\t\t<h3 class=\"faq-item-question-text\">Jak mog\u0119 doda\u0107 recenzje G2 do mojej witryny Jimdo bez umiej\u0119tno\u015bci kodowania?<\/h3>\r\n\r\n\t\t\t\t\t\t<div class=\"faq-item-question-icon\"><\/div>\r\n\t\t\t\t\t<\/div>\r\n\r\n\t\t\t\t\t<div class=\"faq-item-answer\">\r\n\t\t\t\t\t\t<div class=\"faq-item-answer-text\"> <p>Elfsight zapewnia rozwi\u0105zanie SaaS, kt\u00f3re pozwala na samodzielne utworzenie wid\u017cetu Recenzje G2, przekonaj si\u0119, jak \u0142atwo proces jest nast\u0119puj\u0105cy: Pracuj bezpo\u015brednio w edytorze online, aby utworzy\u0107 wid\u017cet Recenzji G2, kt\u00f3ry chcia\u0142by\u015b zobaczy\u0107 na swojej stronie internetowej Jimdo. Wybierz jeden z gotowych szablon\u00f3w i dostosuj ustawienia Recenzji G2, dodaj tre\u015b\u0107, zmie\u0144 uk\u0142ad i schemat kolor\u00f3w bez umiej\u0119tno\u015bci kodowania. Zapisz recenzje G2 i skopiuj ich kod instalacyjny, kt\u00f3ry mo\u017cesz bez wysi\u0142ku wklei\u0107 na swojej stronie Jimdo bez konieczno\u015bci zakupu p\u0142atnej subskrypcji. Dzi\u0119ki naszemu intuicyjnemu edytorowi ka\u017cdy u\u017cytkownik Internetu mo\u017ce stworzy\u0107 wid\u017cet Recenzje G2 online i \u0142atwo osadzi\u0107 go na swojej stronie internetowej Jimdo. Aby uzyska\u0107 dost\u0119p do us\u0142ugi, nie trzeba p\u0142aci\u0107 ani wprowadza\u0107 danych uwierzytelniaj\u0105cych karty. Je\u015bli na kt\u00f3rymkolwiek etapie napotkasz jakiekolwiek problemy, skontaktuj si\u0119 z naszym zespo\u0142em pomocy technicznej.<\/p> <\/div>\r\n\t\t\t\t\t<\/div>\r\n\t\t\t\t<\/div> <\/div> <\/div>","protected":false},"excerpt":{"rendered":"","protected":false},"author":9,"featured_media":0,"parent":1481,"menu_order":0,"comment_status":"closed","ping_status":"closed","template":"templates\/template-application-platform.php","meta":{"publish_to_discourse":"","publish_post_category":"","wpdc_auto_publish_overridden":"","wpdc_topic_tags":"","wpdc_pin_topic":"","wpdc_pin_until":"","discourse_post_id":"","discourse_permalink":"","wpdc_publishing_response":"","wpdc_publishing_error":"","footnotes":""},"class_list":["post-5317","page","type-page","status-publish","hentry"],"yoast_head":"<!-- This site is optimized with the Yoast SEO plugin v25.3.1 - https:\/\/yoast.com\/wordpress\/plugins\/seo\/ -->\n<title>Umie\u015b\u0107 recenzje G2 Crowd na stronie internetowej Jimdo (bezp\u0142atnie i szybko)<\/title>\n<meta name=\"description\" content=\"Dzi\u0119ki Elfsight stw\u00f3rz wid\u017cet G2 Crowd Reviews i wstaw go w mgnieniu oka na swoj\u0105 stron\u0119 internetow\u0105 Jimdo. Mamy bezp\u0142atn\u0105 obs\u0142ug\u0119 klienta i wi\u0119cej bonus\u00f3w.\" \/>\n<meta name=\"robots\" content=\"index, follow, max-snippet:-1, max-image-preview:large, max-video-preview:-1\" \/>\n<link rel=\"canonical\" href=\"https:\/\/elfsight.com\/pl\/g2-crowd-reviews-widget\/jimdo\/\" \/>\n<meta property=\"og:locale\" content=\"pl_PL\" \/>\n<meta property=\"og:type\" content=\"article\" \/>\n<meta property=\"og:title\" content=\"Umie\u015b\u0107 recenzje G2 Crowd na stronie internetowej Jimdo (bezp\u0142atnie i szybko)\" \/>\n<meta property=\"og:description\" content=\"Dzi\u0119ki Elfsight stw\u00f3rz wid\u017cet G2 Crowd Reviews i wstaw go w mgnieniu oka na swoj\u0105 stron\u0119 internetow\u0105 Jimdo. Mamy bezp\u0142atn\u0105 obs\u0142ug\u0119 klienta i wi\u0119cej bonus\u00f3w.\" \/>\n<meta property=\"og:url\" content=\"https:\/\/elfsight.com\/pl\/g2-crowd-reviews-widget\/jimdo\/\" \/>\n<meta property=\"og:site_name\" content=\"Elfsight PL\" \/>\n<meta property=\"article:modified_time\" content=\"2024-10-23T13:30:32+00:00\" \/>\n<meta name=\"twitter:card\" content=\"summary_large_image\" \/>\n<meta name=\"twitter:label1\" content=\"Szacowany czas czytania\" \/>\n\t<meta name=\"twitter:data1\" content=\"3 minuty\" \/>\n<!-- \/ Yoast SEO plugin. -->","yoast_head_json":{"title":"Umie\u015b\u0107 recenzje G2 Crowd na stronie internetowej Jimdo (bezp\u0142atnie i szybko)","description":"Dzi\u0119ki Elfsight stw\u00f3rz wid\u017cet G2 Crowd Reviews i wstaw go w mgnieniu oka na swoj\u0105 stron\u0119 internetow\u0105 Jimdo. Mamy bezp\u0142atn\u0105 obs\u0142ug\u0119 klienta i wi\u0119cej bonus\u00f3w.","robots":{"index":"index","follow":"follow","max-snippet":"max-snippet:-1","max-image-preview":"max-image-preview:large","max-video-preview":"max-video-preview:-1"},"canonical":"https:\/\/elfsight.com\/pl\/g2-crowd-reviews-widget\/jimdo\/","og_locale":"pl_PL","og_type":"article","og_title":"Umie\u015b\u0107 recenzje G2 Crowd na stronie internetowej Jimdo (bezp\u0142atnie i szybko)","og_description":"Dzi\u0119ki Elfsight stw\u00f3rz wid\u017cet G2 Crowd Reviews i wstaw go w mgnieniu oka na swoj\u0105 stron\u0119 internetow\u0105 Jimdo. Mamy bezp\u0142atn\u0105 obs\u0142ug\u0119 klienta i wi\u0119cej bonus\u00f3w.","og_url":"https:\/\/elfsight.com\/pl\/g2-crowd-reviews-widget\/jimdo\/","og_site_name":"Elfsight PL","article_modified_time":"2024-10-23T13:30:32+00:00","twitter_card":"summary_large_image","twitter_misc":{"Szacowany czas czytania":"3 minuty"},"schema":{"@context":"https:\/\/schema.org","@graph":[{"@type":"WebPage","@id":"https:\/\/elfsight.com\/pl\/g2-crowd-reviews-widget\/jimdo\/","url":"https:\/\/elfsight.com\/pl\/g2-crowd-reviews-widget\/jimdo\/","name":"Umie\u015b\u0107 recenzje G2 Crowd na stronie internetowej Jimdo (bezp\u0142atnie i szybko)","isPartOf":{"@id":"https:\/\/elfsight.com\/pl\/#website"},"datePublished":"2024-05-03T06:38:04+00:00","dateModified":"2024-10-23T13:30:32+00:00","description":"Dzi\u0119ki Elfsight stw\u00f3rz wid\u017cet G2 Crowd Reviews i wstaw go w mgnieniu oka na swoj\u0105 stron\u0119 internetow\u0105 Jimdo. Mamy bezp\u0142atn\u0105 obs\u0142ug\u0119 klienta i wi\u0119cej bonus\u00f3w.","breadcrumb":{"@id":"https:\/\/elfsight.com\/pl\/g2-crowd-reviews-widget\/jimdo\/#breadcrumb"},"inLanguage":"pl-PL","potentialAction":[{"@type":"ReadAction","target":["https:\/\/elfsight.com\/pl\/g2-crowd-reviews-widget\/jimdo\/"]}]},{"@type":"BreadcrumbList","@id":"https:\/\/elfsight.com\/pl\/g2-crowd-reviews-widget\/jimdo\/#breadcrumb","itemListElement":[{"@type":"ListItem","position":1,"name":"Home","item":"https:\/\/elfsight.com\/pl\/"},{"@type":"ListItem","position":2,"name":"G2 Crowd Reviews","item":"https:\/\/elfsight.com\/pl\/g2-crowd-reviews-widget\/"},{"@type":"ListItem","position":3,"name":"G2 Crowd Reviews &#8211; Jimdo"}]},{"@type":"WebSite","@id":"https:\/\/elfsight.com\/pl\/#website","url":"https:\/\/elfsight.com\/pl\/","name":"Elfsight PL","description":"Just another Elfsight Sites site","potentialAction":[{"@type":"SearchAction","target":{"@type":"EntryPoint","urlTemplate":"https:\/\/elfsight.com\/pl\/?s={search_term_string}"},"query-input":{"@type":"PropertyValueSpecification","valueRequired":true,"valueName":"search_term_string"}}],"inLanguage":"pl-PL"}]}},"meta_box":{"industry":"","seo_heading":"","heading":"","description":"","cta_heading":"","cta_description":"","application":"1480","h1":"Recenzje G2 Crowd dla Jimdo","h1_caption":"Prezentuj recenzje g2, aby bez wysi\u0142ku podkre\u015bli\u0107 sukces i reputacj\u0119 swojego oprogramowania w\u015br\u00f3d u\u017cytkownik\u00f3w na swojej stronie internetowej Jimdo.","application_category":[],"applications_title":"","applications_request_title":"","applications_request_button_text":"","hero_text":"","hero_video":"","hero_video_schema_markup":"","selling_points_title":"","selling_points_caption":"","selling_points":[],"selling_points_cta_text":"","features_title":"","features":"","ed_cta_examples_text":"","ed_cta_examples_hidden":"","ed_cta_demo_text":"","ed_cta_demo_hidden":"","why_caption":"","why_editor_title":"","why_editor_text":"","why_team_title":"","why_team_text":"","why_service_title":"","why_service_text":"","template_catalog_visible":"","template_catalog_title":"","template_catalog_text":"","template_catalog_categories_visible":"","demo_title":"Tw\u00f3rz recenzje t\u0142umu G2 bez wysi\u0142ku!","demo_caption":"Skorzystaj z tej wersji demonstracyjnej, aby ustawi\u0107 wtyczk\u0119 dla swojej witryny i osadzi\u0107 j\u0105 w niej.","default_faq_hidden":"","app_template_category":[],"platform":"193","template_public_id":"","codecanyon_url":"","codecanyon_item_id":"","codecanyon_price":"","pricing_caption":"","pricing_elfsight_apps_hide_column":"","pricing_elfsight_apps_url":"","pricing_codecanyon_price_caption":"","integration_category":[],"integration_request_title":"","integration_request_cta":"","integration_platform":"","integrations":[],"platform_category":[],"video_schema_markup":"","price":"od 0 USD \/ miesi\u0105c","trial":"","benefits":[{"text":"Bezp\u0142atna us\u0142uga monta\u017cu"},{"text":"Kompetentna obs\u0142uga klienta"},{"text":"14-dniowa gwarancja zwrotu pieni\u0119dzy"}],"button_url":"#demo","button_target_blank":"","button_nofollow":"","attributes":[{"name":"Instaluje"},{"name":"Czu\u0142y"},{"name":"Kompatybilne przegl\u0105darki"}],"tags":[],"tags_disable_links":"","hide_more_platforms":"","video_object":"","demo_hide_cta":"","demo_hide_cloud_options":"","pricing_title":"","pricing":[{"pricing_icon":"platform","pricing_title":"Elfsight Apps","pricing_title_caption":"Wersja wieloplatformowa, kt\u00f3ra pasuje do ka\u017cdej witryny internetowej","pricing_price":"od 0 USD \/ miesi\u0105c","pricing_price_caption":"zacznij od bezp\u0142atnego planu","pricing_benefits":[{"text":"Nielimitowane strony internetowe"},{"text":"Ca\u0142odobowe i terminowe wsparcie oraz dobrze udokumentowane"},{"text":"Bezp\u0142atna pomoc w monta\u017cu"},{"text":"Elastyczny projekt"}],"pricing_button_text":"Dodaj do witryny","pricing_button_url":"#demo"}],"related_apps_title":"","related_apps_hidden":"","author":"","image":[],"title":"","job":"","social_networks":[]},"_links":{"self":[{"href":"https:\/\/elfsight.com\/pl\/wp-json\/wp\/v2\/pages\/5317","targetHints":{"allow":["GET"]}}],"collection":[{"href":"https:\/\/elfsight.com\/pl\/wp-json\/wp\/v2\/pages"}],"about":[{"href":"https:\/\/elfsight.com\/pl\/wp-json\/wp\/v2\/types\/page"}],"author":[{"embeddable":true,"href":"https:\/\/elfsight.com\/pl\/wp-json\/wp\/v2\/users\/9"}],"replies":[{"embeddable":true,"href":"https:\/\/elfsight.com\/pl\/wp-json\/wp\/v2\/comments?post=5317"}],"version-history":[{"count":1,"href":"https:\/\/elfsight.com\/pl\/wp-json\/wp\/v2\/pages\/5317\/revisions"}],"predecessor-version":[{"id":5321,"href":"https:\/\/elfsight.com\/pl\/wp-json\/wp\/v2\/pages\/5317\/revisions\/5321"}],"up":[{"embeddable":true,"href":"https:\/\/elfsight.com\/pl\/wp-json\/wp\/v2\/pages\/1481"}],"wp:attachment":[{"href":"https:\/\/elfsight.com\/pl\/wp-json\/wp\/v2\/media?parent=5317"}],"curies":[{"name":"wp","href":"https:\/\/api.w.org\/{rel}","templated":true}]}}