{"id":5312,"date":"2024-05-03T06:38:03","date_gmt":"2024-05-03T06:38:03","guid":{"rendered":"https:\/\/elfsight.com\/pl\/?page_id=5312"},"modified":"2024-11-14T12:46:06","modified_gmt":"2024-11-14T12:46:06","slug":"blogger","status":"publish","type":"page","link":"https:\/\/elfsight.com\/pl\/online-form-builder\/blogger\/","title":{"rendered":"Form Builder &#8211; Blogger"},"content":{"rendered":"<div class=\"application-platform-content-item-description application-platform-content-item\" id=\"description\" data-nav-section=\"description\"><h2>Kreator niestandardowych formularzy dla Bloggera<\/h2><p>Generator formularzy kontaktowych dla Bloggera to wielofunkcyjne narz\u0119dzie, umo\u017cliwiaj\u0105ce utworzenie wszystkich wymaganych rodzaje formularzy wype\u0142niaj\u0105cych i osadza\u0107 je w dowolnym zasobie internetowym. Uzyskaj wi\u0119cej szczeg\u00f3\u0142\u00f3w od swoich obecnych i potencjalnych odbiorc\u00f3w za pomoc\u0105 prostych ankiet, formularzy opinii, pr\u00f3\u015bb o ocen\u0119 i innych. Ustaw wz\u00f3r formularza, wybierz, aby utworzy\u0107 spersonalizowane formularze, aby uzyska\u0107 wi\u0119cej informacji od odbiorc\u00f3w. Niezale\u017cnie od rodzaju informacji, kt\u00f3rych mo\u017cesz potrzebowa\u0107: wy\u015bwietle\u0144, wynik\u00f3w, rezerwacji i sprzeda\u017cy \u2013 nasz Kreator formularzy zapewni wszystko, aby utworzy\u0107 odpowiedni formularz do wype\u0142nienia tego zadania. Dzi\u0119ki elastycznej strukturze i r\u00f3\u017cnorodnym predefiniowanym elementom Tw\u00f3j formularz b\u0119dzie \u0142atwy w obs\u0142udze dla Twoich klient\u00f3w i praktyczny dla Ciebie.<\/p><p><b>Zbieraj pomys\u0142y klient\u00f3w, pracuj nad rezerwacjami i zapytaniami klient\u00f3w Twojej witryny!<\/b> <\/p><ul><li><b>Tw\u00f3rz atrakcyjne formularze, aby zebra\u0107 wi\u0119cej opinii<\/b>.<br>Masz dost\u0119pn\u0105 obszern\u0105 kolekcj\u0119 element\u00f3w, kt\u00f3ra umo\u017cliwia kszta\u0142towanie zabawnych i praktycznych formularzy. R\u00f3\u017cnorodne mo\u017cliwo\u015bci dostosowania stylu naszego wid\u017cetu sprawi\u0105, \u017ce b\u0119dzie on ja\u015bniejszy i zach\u0119ci do obsadzenia wi\u0119kszej liczby klient\u00f3w.<\/li><li><b>Zwi\u0119ksz liczb\u0119 potencjalnych klient\u00f3w dzi\u0119ki \u0142atwym do zarz\u0105dzania formularzom<\/b>.<br>Formularz wid\u017cetu Elfsight Builder umo\u017cliwia kszta\u0142towanie najwygodniejszych i naj\u0142atwiejszych w obs\u0142udze formularzy dla Twoich klient\u00f3w. Umo\u017cliwiaj\u0105 skuteczn\u0105 i przyjemn\u0105 komunikacj\u0119 oraz utrzymuj\u0105 zaanga\u017cowanie odbiorc\u00f3w przez ca\u0142y czas wype\u0142niania, aby pomy\u015blnie je uko\u0144czy\u0107.<\/li><li><b>Oszcz\u0119dzaj czas i pieni\u0105dze dzi\u0119ki wielofunkcyjnemu narz\u0119dziu<\/b>.<br>Ten pojedynczy instrument umo\u017cliwia tworzenie r\u00f3\u017cnego rodzaju form o r\u00f3\u017cnorodnych zestawach przedmiot\u00f3w i strukturze. Pomo\u017ce Ci to skonfigurowa\u0107 formularze tak, aby otrzymywa\u0107 opinie r\u00f3\u017cnego typu, bez wydawania wi\u0119kszej ilo\u015bci pieni\u0119dzy i czasu.<\/li><\/ul><\/div><div class=\"application-platform-content-item-features application-platform-content-item\" id=\"features\" data-nav-section=\"features\"><h2>Funkcje wtyczki do tworzenia formularzy<\/h2><p>Dlaczego Elfsight Online Form Builder sta\u0142 si\u0119 najlepsz\u0105 wtyczk\u0105 do uzyskiwania opinii klient\u00f3w i pracy z zam\u00f3wieniami w Bloggerze?<\/p><ul><li>Formularze krok po kroku maj\u0105 pasek post\u0119pu z ca\u0142kowit\u0105 liczb\u0105 krok\u00f3w i nazwa bie\u017c\u0105cego kroku;<\/li><li>Mo\u017cliwo\u015b\u0107 roz\u0142o\u017cenia p\u00f3l na kilka kolumn;<\/li><li>Przypisz dowolny adres e-mail, a wyniki wype\u0142nienia formularza zostan\u0105 automatycznie przes\u0142ane tam;<\/li><li> Ustaw dowolny adres URL, na kt\u00f3ry u\u017cytkownik zostanie przekierowany po wype\u0142nieniu formularza;<\/li><li>Inteligentny program do kolorowania znajdzie maksymalnie kontrastuj\u0105cy kolor tekstu i element\u00f3w interfejsu w zale\u017cno\u015bci od wybranego koloru g\u0142\u00f3wnego.<\/li><\/ul><p><a href=\"#demo\">Przetestuj pe\u0142n\u0105 list\u0119 zalet w naszym konfiguratorze<\/a><\/p><\/div><div class=\"application-platform-content-item-installation application-platform-content-item\" id=\"installation\" data-nav-section=\"installation\"><h2>Jak doda\u0107 Kreator formularzy wid\u017cet do witryny Bloggera<\/h2><div class=\"video-container\"><iframe width=\"720\" height=\"405\" src=\"https:\/\/www.youtube.com\/embed\/Acsdx32D1-o\" frameborder=\"0\" allowfullscreen=\"\"><\/iframe><\/div><p>Podsumowany czas trwania procesu wynosi oko\u0142o 70 sekund, a mi\u0142ym dodatkiem jest to, \u017ce nie wymaga do\u015bwiadczenia w tworzeniu stron internetowych.<\/p><ol><li><b>Utw\u00f3rz sw\u00f3j osobisty kreator formularzy<\/b>.<br>Przy pomocy naszego bezp\u0142atnego konfiguratora zbuduj wtyczk\u0119 o niezb\u0119dnym wygl\u0105dzie i mo\u017cliwo\u015bciach.<\/li><li><b>Nabyj kod wy\u015bwietlaj\u0105cy wtyczk\u0119<\/b>.<br>Po utworzeniu wid\u017cetu uzyskaj kod wtyczki Form z wyskakuj\u0105cego powiadomienia w aplikacji Elfsight.<\/li><li><b>Odkryj wtyczk\u0119 w witrynie Bloggera<\/b> .<br>Dodaj wtyczk\u0119 w odpowiednim miejscu strony i zastosuj zmiany.<\/li><li><b>Gotowe!<\/b>.<br>Przejd\u017a do swojej witryny Bloggera, aby zobaczy\u0107 swoj\u0105 prac\u0119.<\/li><\/ol><p>Wyst\u0105pi\u0142y trudno\u015bci podczas konfigurowania lub zmiany parametr\u00f3w wid\u017cetu? Mo\u017cesz przeczyta\u0107 dok\u0142adny przewodnik \u00ab<a href=\"https:\/\/elfsight.com\/tutorials\/how-to-add-form-builder-to-blogger\/\">Jak osadza\u0107 formularze w Bloggerze<\/a>\u00bb i spr\u00f3buj sam jeszcze raz. Mo\u017cesz te\u017c zwr\u00f3ci\u0107 si\u0119 do obs\u0142ugi klienta Elfsight, podaj\u0105c pe\u0142ny opis problemu. Jeste\u015bmy tu, aby Ci pom\u00f3c.<\/p><div class=\"faq\" data-component=\"FAQ\"> <div class=\"faq-item\">\r\n\t\t\t\t\t<div class=\"faq-item-question\">\r\n\t\t\t\t\t\t<h3 class=\"faq-item-question-text\">Jak doda\u0107 Kreatora formularzy do mojej witryny Bloggera bez umiej\u0119tno\u015bci kodowania?<\/h3>\r\n\r\n\t\t\t\t\t\t<div class=\"faq-item-question-icon\"><\/div>\r\n\t\t\t\t\t<\/div>\r\n\r\n\t\t\t\t\t<div class=\"faq-item-answer\">\r\n\t\t\t\t\t\t<div class=\"faq-item-answer-text\"> <p>Elfsight zapewnia rozwi\u0105zanie SaaS, kt\u00f3re pozwala Ci samodzielnie utworzy\u0107 wid\u017cet Kreatora formularzy , przekonaj si\u0119, jakie to proste: Pracuj bezpo\u015brednio w edytorze online, aby utworzy\u0107 wid\u017cet Kreatora formularzy, kt\u00f3ry chcesz widzie\u0107 w swojej witrynie Bloggera. Wybierz jeden z gotowych szablon\u00f3w i dostosuj ustawienia Kreatora formularzy, dodaj tre\u015b\u0107, zmie\u0144 uk\u0142ad i schemat kolor\u00f3w bez umiej\u0119tno\u015bci kodowania. Zapisz Kreator formularzy i skopiuj jego kod instalacyjny, kt\u00f3ry mo\u017cesz po prostu umie\u015bci\u0107 na swojej stronie Bloggera bez konieczno\u015bci kupowania wersji p\u0142atnej. Dzi\u0119ki naszemu intuicyjnemu edytorowi ka\u017cdy u\u017cytkownik Internetu mo\u017ce utworzy\u0107 wid\u017cet Kreatora formularzy online i \u0142atwo osadzi\u0107 go na swojej stronie Bloggera. Aby uzyska\u0107 dost\u0119p do us\u0142ugi, nie trzeba p\u0142aci\u0107 ani wprowadza\u0107 danych uwierzytelniaj\u0105cych karty. Je\u015bli na kt\u00f3rymkolwiek etapie napotkasz jakiekolwiek problemy, skontaktuj si\u0119 z naszym zespo\u0142em pomocy technicznej.<\/p> <\/div>\r\n\t\t\t\t\t<\/div>\r\n\t\t\t\t<\/div><div class=\"faq-item\">\r\n\t\t\t\t\t<div class=\"faq-item-question\">\r\n\t\t\t\t\t\t<h3 class=\"faq-item-question-text\">Czy istniej\u0105 niestandardowe szablony Kreatora formularzy dla witryny Bloggera?<\/h3>\r\n\r\n\t\t\t\t\t\t<div class=\"faq-item-question-icon\"><\/div>\r\n\t\t\t\t\t<\/div>\r\n\r\n\t\t\t\t\t<div class=\"faq-item-answer\">\r\n\t\t\t\t\t\t<div class=\"faq-item-answer-text\"><p>Tak . Elfsight przygotowa\u0142 szeroki wyb\u00f3r ponad 300 <a href=\"https:\/\/elfsight.com\/online-form-builder\/templates\/\">szablon\u00f3w Kreatora formularzy<\/a> z dostosowywalnymi elementami i funkcjami. Mo\u017cesz znale\u017a\u0107 szablon formularza na ka\u017cd\u0105 okazj\u0119, na przyk\u0142ad <a href=\"https:\/\/elfsight.com\/online-form-builder\/templates\/application-forms\/\">Formularze aplikacji<\/a>, <a href=\"https:\/\/elfsight.com\/online-form-builder\/templates\/booking-forms\/\">Formularze rezerwacji<\/a>, <a href=\"https:\/\/elfsight.com\/online-form-builder\/ templates\/order-forms\/\">Formularze zam\u00f3wie\u0144<\/a>, <a href=\"https:\/\/elfsight.com\/online-form-builder\/templates\/product-forms\/\">Formularze produkt\u00f3w<\/a>, <a href=\"https:\/\/elfsight.com\/online-form-builder\/templates\/questionnaires\/\">Kwestionariusze<\/a>, <a href=\"https:\/\/elfsight.com\/online-form-builder\/templates \/quizzes\/\">Quizy<\/a>, <a href=\"https:\/\/elfsight.com\/online-form-builder\/templates\/surveys\/\">Ankiety<\/a>, <a href=\"https:\/ \/elfsight.com\/online-form-builder\/templates\/file-upload-forms\/\">Formularze przesy\u0142ania plik\u00f3w<\/a> i wiele innych.<\/p><\/div>\r\n\t\t\t\t\t<\/div>\r\n\t\t\t\t<\/div> <\/div> <\/div>","protected":false},"excerpt":{"rendered":"","protected":false},"author":9,"featured_media":0,"parent":2133,"menu_order":0,"comment_status":"closed","ping_status":"closed","template":"templates\/template-application-platform.php","meta":{"publish_to_discourse":"","publish_post_category":"","wpdc_auto_publish_overridden":"","wpdc_topic_tags":"","wpdc_pin_topic":"","wpdc_pin_until":"","discourse_post_id":"","discourse_permalink":"","wpdc_publishing_response":"","wpdc_publishing_error":"","footnotes":""},"class_list":["post-5312","page","type-page","status-publish","hentry"],"yoast_head":"<!-- This site is optimized with the Yoast SEO plugin v25.3.1 - https:\/\/yoast.com\/wordpress\/plugins\/seo\/ -->\n<title>Utw\u00f3rz i dodaj niestandardowy formularz na Bloggerze za darmo!<\/title>\n<meta name=\"description\" content=\"Utw\u00f3rz bezp\u0142atnie najlepszy kreator formularzy online dla Bloggera! Zaprojektuj osobisty widget formularza w Elfsight w zaledwie 3 minuty.\" \/>\n<meta name=\"robots\" content=\"index, follow, max-snippet:-1, max-image-preview:large, max-video-preview:-1\" \/>\n<link rel=\"canonical\" href=\"https:\/\/elfsight.com\/pl\/online-form-builder\/blogger\/\" \/>\n<meta property=\"og:locale\" content=\"pl_PL\" \/>\n<meta property=\"og:type\" content=\"article\" \/>\n<meta property=\"og:title\" content=\"Utw\u00f3rz i dodaj niestandardowy formularz na Bloggerze za darmo!\" \/>\n<meta property=\"og:description\" content=\"Utw\u00f3rz bezp\u0142atnie najlepszy kreator formularzy online dla Bloggera! Zaprojektuj osobisty widget formularza w Elfsight w zaledwie 3 minuty.\" \/>\n<meta property=\"og:url\" content=\"https:\/\/elfsight.com\/pl\/online-form-builder\/blogger\/\" \/>\n<meta property=\"og:site_name\" content=\"Elfsight PL\" \/>\n<meta property=\"article:modified_time\" content=\"2024-11-14T12:46:06+00:00\" \/>\n<meta name=\"twitter:card\" content=\"summary_large_image\" \/>\n<meta name=\"twitter:label1\" content=\"Szacowany czas czytania\" \/>\n\t<meta name=\"twitter:data1\" content=\"4 minuty\" \/>\n<!-- \/ Yoast SEO plugin. -->","yoast_head_json":{"title":"Utw\u00f3rz i dodaj niestandardowy formularz na Bloggerze za darmo!","description":"Utw\u00f3rz bezp\u0142atnie najlepszy kreator formularzy online dla Bloggera! Zaprojektuj osobisty widget formularza w Elfsight w zaledwie 3 minuty.","robots":{"index":"index","follow":"follow","max-snippet":"max-snippet:-1","max-image-preview":"max-image-preview:large","max-video-preview":"max-video-preview:-1"},"canonical":"https:\/\/elfsight.com\/pl\/online-form-builder\/blogger\/","og_locale":"pl_PL","og_type":"article","og_title":"Utw\u00f3rz i dodaj niestandardowy formularz na Bloggerze za darmo!","og_description":"Utw\u00f3rz bezp\u0142atnie najlepszy kreator formularzy online dla Bloggera! Zaprojektuj osobisty widget formularza w Elfsight w zaledwie 3 minuty.","og_url":"https:\/\/elfsight.com\/pl\/online-form-builder\/blogger\/","og_site_name":"Elfsight PL","article_modified_time":"2024-11-14T12:46:06+00:00","twitter_card":"summary_large_image","twitter_misc":{"Szacowany czas czytania":"4 minuty"},"schema":{"@context":"https:\/\/schema.org","@graph":[{"@type":"WebPage","@id":"https:\/\/elfsight.com\/pl\/online-form-builder\/blogger\/","url":"https:\/\/elfsight.com\/pl\/online-form-builder\/blogger\/","name":"Utw\u00f3rz i dodaj niestandardowy formularz na Bloggerze za darmo!","isPartOf":{"@id":"https:\/\/elfsight.com\/pl\/#website"},"datePublished":"2024-05-03T06:38:03+00:00","dateModified":"2024-11-14T12:46:06+00:00","description":"Utw\u00f3rz bezp\u0142atnie najlepszy kreator formularzy online dla Bloggera! Zaprojektuj osobisty widget formularza w Elfsight w zaledwie 3 minuty.","breadcrumb":{"@id":"https:\/\/elfsight.com\/pl\/online-form-builder\/blogger\/#breadcrumb"},"inLanguage":"pl-PL","potentialAction":[{"@type":"ReadAction","target":["https:\/\/elfsight.com\/pl\/online-form-builder\/blogger\/"]}]},{"@type":"BreadcrumbList","@id":"https:\/\/elfsight.com\/pl\/online-form-builder\/blogger\/#breadcrumb","itemListElement":[{"@type":"ListItem","position":1,"name":"Home","item":"https:\/\/elfsight.com\/pl\/"},{"@type":"ListItem","position":2,"name":"Form Builder","item":"https:\/\/elfsight.com\/pl\/online-form-builder\/"},{"@type":"ListItem","position":3,"name":"Form Builder &#8211; Blogger"}]},{"@type":"WebSite","@id":"https:\/\/elfsight.com\/pl\/#website","url":"https:\/\/elfsight.com\/pl\/","name":"Elfsight PL","description":"Just another Elfsight Sites site","potentialAction":[{"@type":"SearchAction","target":{"@type":"EntryPoint","urlTemplate":"https:\/\/elfsight.com\/pl\/?s={search_term_string}"},"query-input":{"@type":"PropertyValueSpecification","valueRequired":true,"valueName":"search_term_string"}}],"inLanguage":"pl-PL"}]}},"meta_box":{"industry":"","seo_heading":"","heading":"","description":"","cta_heading":"","cta_description":"","application":"2132","h1":"Wid\u017cet Kreatora formularzy dla Bloggera","h1_caption":"Tw\u00f3rz dostosowywalne formularze do dowolnego celu \u2014 opinii, ankiet, formularzy kontaktowych \u2014 bez kodowania, co u\u0142atwia gromadzenie informacji od u\u017cytkownik\u00f3w w witrynie Bloggera.","application_category":[],"applications_title":"","applications_request_title":"","applications_request_button_text":"","hero_text":"","hero_video":"","hero_video_schema_markup":"","selling_points_title":"","selling_points_caption":"","selling_points":[],"selling_points_cta_text":"","features_title":"","features":"","ed_cta_examples_text":"","ed_cta_examples_hidden":"","ed_cta_demo_text":"","ed_cta_demo_hidden":"","why_caption":"","why_editor_title":"","why_editor_text":"","why_team_title":"","why_team_text":"","why_service_title":"","why_service_text":"","template_catalog_visible":"","template_catalog_title":"","template_catalog_text":"","template_catalog_categories_visible":"","demo_title":"Utw\u00f3rz wid\u017cet Konstruktora formularzy","demo_caption":"Skonfiguruj Kreatora formularzy i dodaj go do swojej witryny Bloggera za darmo!","default_faq_hidden":"","app_template_category":[],"platform":"44","template_public_id":"","codecanyon_url":"","codecanyon_item_id":"","codecanyon_price":"","pricing_caption":"","pricing_elfsight_apps_hide_column":"","pricing_elfsight_apps_url":"","pricing_codecanyon_price_caption":"","integration_category":[],"integration_request_title":"","integration_request_cta":"","integration_platform":"","integrations":[],"platform_category":[],"video_schema_markup":"","price":"od 0 USD \/ miesi\u0105c","trial":"","benefits":[{"text":"Bezp\u0142atna pomoc w monta\u017cu"},{"text":"Do\u015bwiadczona obs\u0142uga klienta"},{"text":"14-dniowa gwarancja zwrotu pieni\u0119dzy"}],"button_url":"#demo","button_target_blank":"","button_nofollow":"","attributes":[{"name":"Instaluje"},{"name":"Czu\u0142y"},{"name":"Kompatybilne przegl\u0105darki"}],"tags":[],"tags_disable_links":"","hide_more_platforms":"","video_object":"","demo_hide_cta":"","demo_hide_cloud_options":"","pricing_title":"","pricing":[{"pricing_icon":"platform","pricing_title":"Blogger widget","pricing_title_caption":"Rozwi\u0105zanie niezale\u017cne od platformy, kt\u00f3re dzia\u0142a na ka\u017cdej stronie internetowej","pricing_price":"od 0 USD \/ miesi\u0105c","pricing_price_caption":"zacznij od bezp\u0142atnego planu","pricing_benefits":[{"text":"Nielimitowane domeny"},{"text":"Bezp\u0142atne wsparcie firmy i dobrze udokumentowane"},{"text":"Bezp\u0142atna pomoc w monta\u017cu"},{"text":"Elastyczny projekt"}],"pricing_button_text":"Dodaj do witryny","pricing_button_url":"#demo"}],"related_apps_title":"","related_apps_hidden":"","author":"","image":[],"title":"","job":"","social_networks":[]},"_links":{"self":[{"href":"https:\/\/elfsight.com\/pl\/wp-json\/wp\/v2\/pages\/5312","targetHints":{"allow":["GET"]}}],"collection":[{"href":"https:\/\/elfsight.com\/pl\/wp-json\/wp\/v2\/pages"}],"about":[{"href":"https:\/\/elfsight.com\/pl\/wp-json\/wp\/v2\/types\/page"}],"author":[{"embeddable":true,"href":"https:\/\/elfsight.com\/pl\/wp-json\/wp\/v2\/users\/9"}],"replies":[{"embeddable":true,"href":"https:\/\/elfsight.com\/pl\/wp-json\/wp\/v2\/comments?post=5312"}],"version-history":[{"count":2,"href":"https:\/\/elfsight.com\/pl\/wp-json\/wp\/v2\/pages\/5312\/revisions"}],"predecessor-version":[{"id":7821,"href":"https:\/\/elfsight.com\/pl\/wp-json\/wp\/v2\/pages\/5312\/revisions\/7821"}],"up":[{"embeddable":true,"href":"https:\/\/elfsight.com\/pl\/wp-json\/wp\/v2\/pages\/2133"}],"wp:attachment":[{"href":"https:\/\/elfsight.com\/pl\/wp-json\/wp\/v2\/media?parent=5312"}],"curies":[{"name":"wp","href":"https:\/\/api.w.org\/{rel}","templated":true}]}}