{"id":5310,"date":"2024-05-03T06:38:01","date_gmt":"2024-05-03T06:38:01","guid":{"rendered":"https:\/\/elfsight.com\/pl\/?page_id=5310"},"modified":"2025-06-25T09:54:16","modified_gmt":"2025-06-25T09:54:16","slug":"bigcommerce","status":"publish","type":"page","link":"https:\/\/elfsight.com\/pl\/online-form-builder\/bigcommerce\/","title":{"rendered":"Form Builder &#8211; BigCommerce"},"content":{"rendered":"<div class=\"application-platform-content-item-description application-platform-content-item\" id=\"description\" data-nav-section=\"description\">\n<h2>Niestandardowy kreator formularzy dla BigCommerce<\/h2>\n<p>Nasza ujednolicona aplikacja, zawieraj\u0105ca kreator formularzy Bigcommerce, jest przeznaczona do tworzenia dowolnego typu wype\u0142niania formularzy i wy\u015bwietlania ich na stronie internetowej. Uzyskuj przydatne informacje od swoich obecnych i przysz\u0142ych klient\u00f3w za pomoc\u0105 \u0142atwych do zarz\u0105dzania ankiet, formularzy opinii, pr\u00f3\u015bb o ocen\u0119 i innych typ\u00f3w. Kontrola nad struktur\u0105 formularzy daje mo\u017cliwo\u015b\u0107 skonfigurowania atrakcyjnych formularzy w celu zbierania informacji od klient\u00f3w. Niezale\u017cnie od tego, jakiego rodzaju spostrze\u017cenia planujesz: pomys\u0142y, oceny, zam\u00f3wienia i zakupy \u2013 Form Builder firmy Elfsight zapewni wszystko, aby stworzy\u0107 odpowiedni formularz wype\u0142niaj\u0105cy. Dzi\u0119ki responsywnemu wzorowi i r\u00f3\u017cnorodnym predefiniowanym komponentom Tw\u00f3j formularz b\u0119dzie wygodny dla odbiorc\u00f3w i skuteczny dla Ciebie.<\/p>\n<p><b>Otrzymuj oceny, pomys\u0142y, emocje i wyniki u\u017cytkownik\u00f3w, aby rozwija\u0107 sw\u00f3j biznes!<\/b><\/p>\n<ul>\n    <li><b>Tw\u00f3rz atrakcyjne formularze, aby zebra\u0107 wi\u0119cej opinii<\/b>.<br>Masz do dyspozycji szerok\u0105 gam\u0119 element\u00f3w, kt\u00f3re pozwalaj\u0105 tworzy\u0107 kusz\u0105ce i praktyczne formularze. Zr\u00f3\u017cnicowane modyfikacje stylu aplikacji firmy Elfsight sprawi\u0105, \u017ce b\u0119dzie ona przyci\u0105ga\u0142a wzrok i przyci\u0105gn\u0119\u0142a wi\u0119cej klient\u00f3w do wype\u0142nienia.<\/li>\n    <li><b>Zwi\u0119ksz liczb\u0119 potencjalnych klient\u00f3w dzi\u0119ki \u0142atwym do zarz\u0105dzania formularzom<\/b>.<br>Aplikacja przez Elfsight Form Builder pozwala generowa\u0107 wygodne i przydatne formularze dla odbiorc\u00f3w. Pozwalaj\u0105 na nawi\u0105zanie skutecznej i zr\u00f3wnowa\u017conej komunikacji oraz zajmuj\u0105 klient\u00f3w przez ca\u0142y czas wype\u0142niania, aby pomy\u015blnie j\u0105 zako\u0144czy\u0107.<\/li>\n    <li><b>Oszcz\u0119dzaj czas i pieni\u0105dze dzi\u0119ki wielofunkcyjnemu narz\u0119dziu<\/b>.<br>Nie musisz kupowa\u0107 wielu r\u00f3\u017cnorodnych aplikacji, aby zaspokoi\u0107 wszystkie potrzeby zwi\u0105zane z tworzeniem formularzy opinii dla Twojej witryny. Nasz Kreator formularzy pomo\u017ce Ci stworzy\u0107 odpowiedni formularz do przywo\u0142ywania opinii wszelkiego rodzaju dzi\u0119ki jego r\u00f3\u017cnorodnym segmentom i responsywnemu szkieletowi.<\/li>\n<\/ul>\n<\/div>\n\n<div class=\"application-platform-content-item-features application-platform-content-item\" id=\"features\" data-nav-section=\"features\">\n<h2>Funkcje wtyczki do tworzenia formularzy<\/h2>\n<p>Oto powody, dla kt\u00f3rych nasz Kreator formularzy znajduje si\u0119 w\u015br\u00f3d najlepszych wtyczek do przesy\u0142ania opinii na temat BigCommerce<\/p>\n<ul>\n    <li>Ka\u017cdy element formularza ma edytowaln\u0105 etykiet\u0119 wy\u015bwietlan\u0105 nad polem;<\/li>\n    <li>Edytowalny tekst przycisku wysy\u0142ania;<\/li>\n    <li>Edytowalny tekst wiadomo\u015bci z podzi\u0119kowaniami i przycisk ponownego wype\u0142nienia formularza;<\/li>\n    <li>Opcjonalnie zapisz funkcj\u0119 post\u0119pu wype\u0142niania;<\/li>\n    <li>5 predefiniowanych styl\u00f3w p\u00f3l formularza.<\/li>\n<\/ul>\n<p><a href=\"#demo\">Przeanalizuj g\u0142\u00f3wne funkcje w naszym konfiguratorze<\/a><\/p>\n<\/div>\n\n<div class=\"application-platform-content-item-installation application-platform-content-item\" id=\"installation\" data-nav-section=\"installation\">\n<h2>Jak doda\u0107 aplikacj\u0119 Form Builder do witryny BigCommerce<\/h2>\n<div class=\"video-container\"><iframe width=\"720\" height=\"405\" src=\"https:\/\/www.youtube.com\/embed\/EQLmaJzVRk0\" frameborder=\"0\" allowfullscreen=\"\"><\/iframe><\/div>\n<p>Wystarczy wykona\u0107 kilka krok\u00f3w przedstawionych poni\u017cej, aby osadzi\u0107 aplikacj\u0119 w BigCommerce.<\/p>\n<ol>\n    <li><b>Skorzystaj z naszej bezp\u0142atnej wersji demonstracyjnej i zacznij tworzy\u0107 spersonalizowany widget. <\/b><br>Wybierz preferowany wygl\u0105d i parametry aplikacji oraz zastosuj zmiany.<\/li>\n    <li><b>Skopiuj sw\u00f3j indywidualny kod, kt\u00f3ry pojawi si\u0119 w specjalnym formularzu w aplikacjach Elfsight. <\/b><br>Zaraz po dostosowaniu osobistego wid\u017cetu skopiuj ekskluzywny kod z wy\u015bwietlonego wyskakuj\u0105cego okienka i zapisz go na przysz\u0142o\u015b\u0107.<\/li>\n    <li><b>Zacznij korzysta\u0107 z aplikacji Form Builder na Witryna BigCommerce. <\/b><br>Zintegruj zapisany wcze\u015bniej kod ze swoj\u0105 witryn\u0105 i zapisz zmiany.<\/li>\n    <li><b>Gotowe! Integracja zako\u0144czy\u0142a si\u0119 pomy\u015blnie. <\/b><br>Przejd\u017a na swoj\u0105 witryn\u0119, aby zobaczy\u0107, jak dzia\u0142a narz\u0119dzie.<\/li>\n<\/ol>\n<p>Wyst\u0105pi\u0142y jakie\u015b trudno\u015bci podczas korzystania z przewodnika lub tworzenia aplikacji? Musisz przestudiowa\u0107 pe\u0142n\u0105 instrukcj\u0119 \u00ab<a href=\"https:\/\/elfsight.com\/tutorials\/how-to-add-form-builder-app-to-bigcommerce\/\">Jak wy\u015bwietla\u0107 formularze w BigCommerce<\/a>\u00bb i spr\u00f3buj ponownie osadzi\u0107 go samodzielnie lub zostaw swoje zapytanie w centrum pomocy Elfsight ze szczeg\u00f3\u0142owym wyja\u015bnieniem problemu, a nasz zesp\u00f3\u0142 z przyjemno\u015bci\u0105 doradzi.<\/p>\n<div class=\"faq\" data-component=\"FAQ\">\n<div class=\"faq-item\">\r\n\t\t\t\t\t<div class=\"faq-item-question\">\r\n\t\t\t\t\t\t<h3 class=\"faq-item-question-text\">Jak doda\u0107 Kreatora formularzy do mojej witryny BigCommerce bez umiej\u0119tno\u015bci kodowania?<\/h3>\r\n\r\n\t\t\t\t\t\t<div class=\"faq-item-question-icon\"><\/div>\r\n\t\t\t\t\t<\/div>\r\n\r\n\t\t\t\t\t<div class=\"faq-item-answer\">\r\n\t\t\t\t\t\t<div class=\"faq-item-answer-text\">\n<p>Elfsight zapewnia rozwi\u0105zanie SaaS, kt\u00f3re pozwala samodzielnie utworzy\u0107 wid\u017cet Kreatora formularzy. Zobacz, jak \u0142atwy jest ten proces: Pracuj bezpo\u015brednio w edytorze online, aby utworzy\u0107 Kreatora formularzy widget, kt\u00f3ry chcia\u0142by\u015b zobaczy\u0107 na swojej stronie BigCommerce. Wybierz jeden z gotowych szablon\u00f3w i dostosuj ustawienia Kreatora formularzy, dodaj tre\u015b\u0107, zmie\u0144 uk\u0142ad i schemat kolor\u00f3w bez umiej\u0119tno\u015bci kodowania. Zapisz Kreator formularzy i skopiuj jego kod instalacyjny, kt\u00f3ry mo\u017cesz po prostu wklei\u0107 na swojej stronie BigCommerce bez kupowania p\u0142atnego planu. Dzi\u0119ki naszemu intuicyjnemu edytorowi ka\u017cdy u\u017cytkownik Internetu mo\u017ce stworzy\u0107 widget Form Builder online i \u0142atwo osadzi\u0107 go na swojej stronie BigCommerce. Aby uzyska\u0107 dost\u0119p do us\u0142ugi, nie trzeba p\u0142aci\u0107 ani wprowadza\u0107 danych uwierzytelniaj\u0105cych karty. Je\u015bli na kt\u00f3rymkolwiek etapie napotkasz jakiekolwiek problemy, skontaktuj si\u0119 z naszym zespo\u0142em pomocy technicznej.<\/p>\n<\/div>\r\n\t\t\t\t\t<\/div>\r\n\t\t\t\t<\/div>\n<div class=\"faq-item\">\r\n\t\t\t\t\t<div class=\"faq-item-question\">\r\n\t\t\t\t\t\t<h3 class=\"faq-item-question-text\">Czy istniej\u0105 niestandardowe szablony Form Builder dla witryny BigCommerce?<\/h3>\r\n\r\n\t\t\t\t\t\t<div class=\"faq-item-question-icon\"><\/div>\r\n\t\t\t\t\t<\/div>\r\n\r\n\t\t\t\t\t<div class=\"faq-item-answer\">\r\n\t\t\t\t\t\t<div class=\"faq-item-answer-text\">\n<p>Tak, absolutnie! Dost\u0119pnych jest ponad 300 gotowych szablon\u00f3w do ka\u017cdego przypadku, takich jak <a href=\"https:\/\/elfsight.com\/online-form-builder\/templates\/application-forms\/\">Formularze zg\u0142oszeniowe<\/a>, <a href=\"https:\/\/elfsight.com\/online-form-builder\/templates\/booking-forms\/\">Formularze rezerwacji<\/a>, <a href=\"https:\/\/elfsight.com\/online-form-builder\/templates\/order-forms\/\">Formularze zam\u00f3wie\u0144<\/a>, <a href=\"https:\/\/elfsight.com\/online-form-builder\/templates\/product-forms\/\">Formularze produkt\u00f3w<\/a>, <a href=\"https:\/\/elfsight.com\/online-form-builder\/templates\/questionnaires\/\">Kwestionariusze<\/a>, <a href=\"https:\/\/elfsight.com\/online-form-builder\/templates\/quizzes\/\">Quizy<\/a>, <a href=\"https:\/\/elfsight.com\/online-form-builder\/templates\/surveys\/\">Ankiety<\/a>, <a href=\"https:\/\/elfsight.com\/online-form-builder\/templates\/file-upload-forms\/\">Formularze przesy\u0142ania plik\u00f3w<\/a> i wiele innych. Zach\u0119camy do przetestowania <a href=\"https:\/\/elfsight.com\/online-form-builder\/templates\/\">szablon\u00f3w Kreatora formularzy<\/a> i podzielenia si\u0119 z nami swoj\u0105 opini\u0105.<\/p>\n<\/div>\r\n\t\t\t\t\t<\/div>\r\n\t\t\t\t<\/div>\n<\/div>\n<\/div>","protected":false},"excerpt":{"rendered":"","protected":false},"author":9,"featured_media":0,"parent":2133,"menu_order":0,"comment_status":"closed","ping_status":"closed","template":"templates\/template-application-platform.php","meta":{"publish_to_discourse":"","publish_post_category":"","wpdc_auto_publish_overridden":"","wpdc_topic_tags":"","wpdc_pin_topic":"","wpdc_pin_until":"","discourse_post_id":"","discourse_permalink":"","wpdc_publishing_response":"","wpdc_publishing_error":"","footnotes":""},"class_list":["post-5310","page","type-page","status-publish","hentry"],"yoast_head":"<!-- This site is optimized with the Yoast SEO plugin v25.3.1 - https:\/\/yoast.com\/wordpress\/plugins\/seo\/ -->\n<title>Utw\u00f3rz i dodaj niestandardowy formularz na BigCommerce za darmo!<\/title>\n<meta name=\"description\" content=\"Utw\u00f3rz aplikacj\u0119 Form Builder do instalacji BigCommerce na swojej stronie internetowej w zaledwie 3 minuty. Darmowe demo, wsparcie przy dodawaniu i wi\u0119cej bonus\u00f3w od Elfsight!\" \/>\n<meta name=\"robots\" content=\"index, follow, max-snippet:-1, max-image-preview:large, max-video-preview:-1\" \/>\n<link rel=\"canonical\" href=\"https:\/\/elfsight.com\/pl\/online-form-builder\/bigcommerce\/\" \/>\n<meta property=\"og:locale\" content=\"pl_PL\" \/>\n<meta property=\"og:type\" content=\"article\" \/>\n<meta property=\"og:title\" content=\"Utw\u00f3rz i dodaj niestandardowy formularz na BigCommerce za darmo!\" \/>\n<meta property=\"og:description\" content=\"Utw\u00f3rz aplikacj\u0119 Form Builder do instalacji BigCommerce na swojej stronie internetowej w zaledwie 3 minuty. Darmowe demo, wsparcie przy dodawaniu i wi\u0119cej bonus\u00f3w od Elfsight!\" \/>\n<meta property=\"og:url\" content=\"https:\/\/elfsight.com\/pl\/online-form-builder\/bigcommerce\/\" \/>\n<meta property=\"og:site_name\" content=\"Elfsight PL\" \/>\n<meta property=\"article:modified_time\" content=\"2025-06-25T09:54:16+00:00\" \/>\n<meta name=\"twitter:card\" content=\"summary_large_image\" \/>\n<meta name=\"twitter:label1\" content=\"Szacowany czas czytania\" \/>\n\t<meta name=\"twitter:data1\" content=\"4 minuty\" \/>\n<!-- \/ Yoast SEO plugin. -->","yoast_head_json":{"title":"Utw\u00f3rz i dodaj niestandardowy formularz na BigCommerce za darmo!","description":"Utw\u00f3rz aplikacj\u0119 Form Builder do instalacji BigCommerce na swojej stronie internetowej w zaledwie 3 minuty. Darmowe demo, wsparcie przy dodawaniu i wi\u0119cej bonus\u00f3w od Elfsight!","robots":{"index":"index","follow":"follow","max-snippet":"max-snippet:-1","max-image-preview":"max-image-preview:large","max-video-preview":"max-video-preview:-1"},"canonical":"https:\/\/elfsight.com\/pl\/online-form-builder\/bigcommerce\/","og_locale":"pl_PL","og_type":"article","og_title":"Utw\u00f3rz i dodaj niestandardowy formularz na BigCommerce za darmo!","og_description":"Utw\u00f3rz aplikacj\u0119 Form Builder do instalacji BigCommerce na swojej stronie internetowej w zaledwie 3 minuty. Darmowe demo, wsparcie przy dodawaniu i wi\u0119cej bonus\u00f3w od Elfsight!","og_url":"https:\/\/elfsight.com\/pl\/online-form-builder\/bigcommerce\/","og_site_name":"Elfsight PL","article_modified_time":"2025-06-25T09:54:16+00:00","twitter_card":"summary_large_image","twitter_misc":{"Szacowany czas czytania":"4 minuty"},"schema":{"@context":"https:\/\/schema.org","@graph":[{"@type":"WebPage","@id":"https:\/\/elfsight.com\/pl\/online-form-builder\/bigcommerce\/","url":"https:\/\/elfsight.com\/pl\/online-form-builder\/bigcommerce\/","name":"Utw\u00f3rz i dodaj niestandardowy formularz na BigCommerce za darmo!","isPartOf":{"@id":"https:\/\/elfsight.com\/pl\/#website"},"datePublished":"2024-05-03T06:38:01+00:00","dateModified":"2025-06-25T09:54:16+00:00","description":"Utw\u00f3rz aplikacj\u0119 Form Builder do instalacji BigCommerce na swojej stronie internetowej w zaledwie 3 minuty. Darmowe demo, wsparcie przy dodawaniu i wi\u0119cej bonus\u00f3w od Elfsight!","breadcrumb":{"@id":"https:\/\/elfsight.com\/pl\/online-form-builder\/bigcommerce\/#breadcrumb"},"inLanguage":"pl-PL","potentialAction":[{"@type":"ReadAction","target":["https:\/\/elfsight.com\/pl\/online-form-builder\/bigcommerce\/"]}]},{"@type":"BreadcrumbList","@id":"https:\/\/elfsight.com\/pl\/online-form-builder\/bigcommerce\/#breadcrumb","itemListElement":[{"@type":"ListItem","position":1,"name":"Home","item":"https:\/\/elfsight.com\/pl\/"},{"@type":"ListItem","position":2,"name":"Form Builder","item":"https:\/\/elfsight.com\/pl\/online-form-builder\/"},{"@type":"ListItem","position":3,"name":"Form Builder &#8211; BigCommerce"}]},{"@type":"WebSite","@id":"https:\/\/elfsight.com\/pl\/#website","url":"https:\/\/elfsight.com\/pl\/","name":"Elfsight PL","description":"Just another Elfsight Sites site","potentialAction":[{"@type":"SearchAction","target":{"@type":"EntryPoint","urlTemplate":"https:\/\/elfsight.com\/pl\/?s={search_term_string}"},"query-input":{"@type":"PropertyValueSpecification","valueRequired":true,"valueName":"search_term_string"}}],"inLanguage":"pl-PL"}]}},"meta_box":{"industry":"","seo_heading":"","heading":"","description":"","cta_heading":"","cta_description":"","application":"2132","h1":"Aplikacja do tworzenia formularzy dla BigCommerce","h1_caption":"Tw\u00f3rz konfigurowalne formularze do dowolnego celu \u2013 opinie, ankiety, formularze kontaktowe \u2013 bez kodowania, co u\u0142atwia gromadzenie informacji od u\u017cytkownik\u00f3w w witrynie BigCommerce bez wysi\u0142ku.","application_category":[],"applications_title":"","applications_request_title":"","applications_request_button_text":"","hero_text":"","hero_video":"","hero_video_schema_markup":"","selling_points_title":"","selling_points_caption":"","selling_points":[],"selling_points_cta_text":"","features_title":"","features":"","ed_cta_examples_text":"","ed_cta_examples_hidden":"","ed_cta_demo_text":"","ed_cta_demo_hidden":"","why_caption":"","why_editor_title":"","why_editor_text":"","why_team_title":"","why_team_text":"","why_service_title":"","why_service_text":"","template_catalog_visible":"0","template_catalog_title":"","template_catalog_text":"","template_catalog_categories_visible":"","demo_title":"Utw\u00f3rz aplikacj\u0119 do tworzenia formularzy","demo_caption":"Skonfiguruj sw\u00f3j Kreator formularzy i dodaj go do swojej witryny BigCommerce za darmo!","default_faq_hidden":"","app_template_category":[],"platform":"41","template_public_id":"","codecanyon_url":"","codecanyon_item_id":"","codecanyon_price":"","pricing_caption":"","pricing_elfsight_apps_hide_column":"","pricing_elfsight_apps_url":"","pricing_codecanyon_price_caption":"","integration_category":[],"integration_request_title":"","integration_request_cta":"","integration_platform":"","integrations":[],"platform_category":[],"video_schema_markup":"","price":"od 0 USD \/ miesi\u0105c","trial":"","benefits":[{"text":"Bezp\u0142atna pomoc w monta\u017cu"},{"text":"Kompetentna obs\u0142uga klienta"},{"text":"14-dniowa gwarancja zwrotu pieni\u0119dzy"}],"button_url":"#demo","button_target_blank":"0","button_nofollow":"0","attributes":[{"name":"Instaluje"},{"name":"Czu\u0142y"},{"name":"Kompatybilne przegl\u0105darki"}],"tags":[],"tags_disable_links":"0","hide_more_platforms":"0","video_object":"","demo_hide_cta":"0","demo_hide_cloud_options":"0","pricing_title":"","pricing":[{"pricing_icon":"cloud","pricing_title":"Elfsight Apps","pricing_title_caption":"Wersja wieloplatformowa, kt\u00f3ra dzia\u0142a na ka\u017cdej stronie internetowej","pricing_price":"od 0 USD \/ miesi\u0105c","pricing_price_caption":"zacznij od bezp\u0142atnego planu","pricing_benefits":[{"text":"Nielimitowane strony internetowe"},{"text":"Bezp\u0142atne i terminowe wsparcie oraz dobrze udokumentowane"},{"text":"Bezp\u0142atna pomoc w monta\u017cu"},{"text":"100% konfigurowalny"}],"pricing_button_text":"Dodaj do witryny","pricing_button_url":"#demo"}],"related_apps_title":"","related_apps_hidden":"0","author":"","image":[],"title":"","job":"","social_networks":[]},"_links":{"self":[{"href":"https:\/\/elfsight.com\/pl\/wp-json\/wp\/v2\/pages\/5310","targetHints":{"allow":["GET"]}}],"collection":[{"href":"https:\/\/elfsight.com\/pl\/wp-json\/wp\/v2\/pages"}],"about":[{"href":"https:\/\/elfsight.com\/pl\/wp-json\/wp\/v2\/types\/page"}],"author":[{"embeddable":true,"href":"https:\/\/elfsight.com\/pl\/wp-json\/wp\/v2\/users\/9"}],"replies":[{"embeddable":true,"href":"https:\/\/elfsight.com\/pl\/wp-json\/wp\/v2\/comments?post=5310"}],"version-history":[{"count":3,"href":"https:\/\/elfsight.com\/pl\/wp-json\/wp\/v2\/pages\/5310\/revisions"}],"predecessor-version":[{"id":10490,"href":"https:\/\/elfsight.com\/pl\/wp-json\/wp\/v2\/pages\/5310\/revisions\/10490"}],"up":[{"embeddable":true,"href":"https:\/\/elfsight.com\/pl\/wp-json\/wp\/v2\/pages\/2133"}],"wp:attachment":[{"href":"https:\/\/elfsight.com\/pl\/wp-json\/wp\/v2\/media?parent=5310"}],"curies":[{"name":"wp","href":"https:\/\/api.w.org\/{rel}","templated":true}]}}