{"id":5309,"date":"2024-05-03T06:38:00","date_gmt":"2024-05-03T06:38:00","guid":{"rendered":"https:\/\/elfsight.com\/pl\/?page_id=5309"},"modified":"2025-06-25T09:56:19","modified_gmt":"2025-06-25T09:56:19","slug":"drupal","status":"publish","type":"page","link":"https:\/\/elfsight.com\/pl\/online-form-builder\/drupal\/","title":{"rendered":"Form Builder &#8211; Drupal"},"content":{"rendered":"<div class=\"application-platform-content-item-description application-platform-content-item\" id=\"description\" data-nav-section=\"description\">\n<h2>Niestandardowy kreator formularzy dla Drupala<\/h2>\n<p>Dzi\u0119ki modu\u0142owi Drupal Form, Form Builder firmy Elfsight staje si\u0119 uniwersalnym rozwi\u0105zaniem do tworzenia r\u00f3\u017cnorodnych rodzaj\u00f3w formularzy wype\u0142niaj\u0105cych i wy\u015bwietlania ich na strona. Zbieraj informacje od obecnych i prawdopodobnych u\u017cytkownik\u00f3w za pomoc\u0105 praktycznych ankiet, formularzy opinii, pr\u00f3\u015bb o ocen\u0119 i innych wariant\u00f3w. Zdefiniuj konfiguracj\u0119 formularza, miejsce do tworzenia unikalnych formularzy w celu zbierania opinii od klient\u00f3w, a Drupal Build Form umo\u017cliwia dostosowanie formularza do Twoich wymaga\u0144. Niewa\u017cne, jakich przyk\u0142ad\u00f3w danych potrzebujesz: punkt\u00f3w widzenia, ocen, zam\u00f3wie\u0144 i zakup\u00f3w \u2013 modu\u0142 Elfsight Form i Drupal Build Form umo\u017cliwi\u0105 Ci stworzenie wymaganego, por\u0119cznego formularza wype\u0142niaj\u0105cego to zadanie. Dzi\u0119ki regulowanym ramom i r\u00f3\u017cnorodno\u015bci dost\u0119pnych segment\u00f3w Tw\u00f3j formularz b\u0119dzie wykonalny dla Twoich klient\u00f3w i skuteczny dla Ciebie.<\/p>\n<p><b>Zbieraj opinie, wra\u017cenia, odczucia i oceny klient\u00f3w, aby ulepszy\u0107 swoje biznes!<\/b><\/p>\n<ul>\n    <li><b>Tw\u00f3rz atrakcyjne formularze, aby zebra\u0107 wi\u0119cej opinii<\/b>.<br>Wykorzystaj ka\u017cdy parametr modu\u0142u Elfsight do konstruowania wydajnych formularzy wype\u0142niaj\u0105cych. Wybierz elementy i zdefiniuj konfiguracj\u0119, aby Twoje formularze by\u0142y uporz\u0105dkowane i proste. Skorzystaj z funkcji stylu, aby zaprojektowa\u0107 niezwyk\u0142y wygl\u0105d i zebra\u0107 wi\u0119cej opinii.<\/li>\n    <li><b>Zwi\u0119ksz liczb\u0119 potencjalnych klient\u00f3w dzi\u0119ki \u0142atwym do zarz\u0105dzania formularzom<\/b>.<br>Nie pozw\u00f3l odbiorcom rezygnowa\u0107 z wype\u0142niania niedoko\u0144czonych informacji. Przesta\u0144 traci\u0107 cenne informacje. Tw\u00f3rz formularze za pomoc\u0105 por\u0119cznych krok\u00f3w i prostego szkieletu, kt\u00f3re utrzymaj\u0105 zaanga\u017cowanie odbiorc\u00f3w do ko\u0144ca i zwi\u0119ksz\u0105 liczb\u0119 potencjalnych klient\u00f3w.<\/li>\n    <li><b>Oszcz\u0119dzaj czas i pieni\u0105dze dzi\u0119ki wielofunkcyjnemu narz\u0119dziu<\/b>.<br>Nie ma potrzeby kupowania wielu r\u00f3\u017cnorodnych narz\u0119dzi, aby spe\u0142ni\u0107 wszystkie Twoje wymagania w zakresie kszta\u0142towania formularzy opinii dla Twojej witryny. Nasz Kreator formularzy umo\u017cliwia wygenerowanie najbardziej przydatnego formularza do gromadzenia wszelkiego rodzaju informacji dzi\u0119ki jego zr\u00f3\u017cnicowanym elementom i elastycznemu sk\u0142adowi.<\/li>\n<\/ul>\n<\/div>\n\n<div class=\"application-platform-content-item-features application-platform-content-item\" id=\"features\" data-nav-section=\"features\">\n<h2>Funkcje Wtyczka do tworzenia formularzy<\/h2>\n<p>Dlaczego nasz Kreator formularzy jest najlepszym modu\u0142em do uzyskiwania recenzji i reakcji klient\u00f3w na Drupalu?<\/p>\n<ul>\n    <li>Wy\u015bwietlaj nag\u0142\u00f3wek formularza z tytu\u0142em i tekstem;<\/li>\n    <li>Ka\u017cde pole mo\u017ce wymaga\u0107 wype\u0142nienia symbolem gwiazdki (*), aby to wskaza\u0107;<\/li>\n    <li>Wybierz scenariusz po przes\u0142aniu formularza: wiadomo\u015b\u0107 z podzi\u0119kowaniami, przekierowanie na inn\u0105 stron\u0119 lub ukrycie formularza;<\/li>\n    <li>10 osadzonych ikon p\u0142ywaj\u0105cego przycisku;<\/li>\n    <li>Inteligentny program do kolorowania znajdzie maksymalnie kontrastuj\u0105cy kolor tekstu i element\u00f3w interfejsu w zale\u017cno\u015bci od wybranego g\u0142\u00f3wnego koloru.<\/li>\n<\/ul>\n<p><a href=\"#demo\">Mo\u017cesz pozna\u0107 wszystkie zalety za pomoc\u0105 konstruktora na \u017cywo<\/a><\/p>\n<\/div>\n\n<div class=\"application-platform-content-item-installation application-platform-content-item\" id=\"installation\" data-nav-section=\"installation\">\n<h2>Jak doda\u0107 modu\u0142 Form Builder do Strona Drupala<\/h2>\n<p>Wystarczy wykona\u0107 kilka krok\u00f3w przedstawionych poni\u017cej, aby rozpocz\u0105\u0107 prac\u0119 z narz\u0119dziem na Drupalu.<\/p>\n<ol>\n    <li><b>Otw\u00f3rz nasz darmowy konfigurator i zacznij tworzy\u0107 sw\u00f3j spersonalizowany modu\u0142 Form Builder. <\/b><br>Znajd\u017a niestandardowy uk\u0142ad i funkcje wid\u017cetu i zastosuj zmiany.<\/li>\n    <li><b>Wy\u015bwietl sw\u00f3j unikalny kod w polu w aplikacjach Elfsight. <\/b><br>Po zako\u0144czeniu generowania modu\u0142u skopiuj kod osobisty z wy\u015bwietlonego pola i zachowaj go na p\u00f3\u017aniej.<\/li>\n    <li><b>Rozpocznij korzystanie z narz\u0119dzia na witryna Drupala. <\/b><br>Zaimplementuj skopiowany ostatnio kod na swojej stronie internetowej i zapisz zmiany.<\/li>\n    <li><b>Gotowe! Integracja zosta\u0142a pomy\u015blnie przeprowadzona. <\/b><br>Odwied\u017a swoj\u0105 witryn\u0119, aby zobaczy\u0107 dzia\u0142anie narz\u0119dzia.<\/li>\n<\/ol>\n<p>Potrzebujesz porady dotycz\u0105cej konfiguracji lub ustawie\u0144 modu\u0142u? Zesp\u00f3\u0142 wsparcia Elfsight z przyjemno\u015bci\u0105 pomo\u017ce i zintegruje rozwi\u0105zanie! Mo\u017cesz tak\u017ce spr\u00f3bowa\u0107 poradzi\u0107 sobie z tym problemem samodzielnie, korzystaj\u0105c z naszego kompletnego planu \u00ab<a href=\"https:\/\/elfsight.com\/tutorials\/how-to-add-form-builder-module-to-drupal\/\">Jak aby doda\u0107 formularze na stronie Drupal<\/a>\u00bb.<\/p>\n<\/div>\n\n<div class=\"faq\" data-component=\"FAQ\">\n<div class=\"faq-item\">\r\n\t\t\t\t\t<div class=\"faq-item-question\">\r\n\t\t\t\t\t\t<h3 class=\"faq-item-question-text\">Czy formularze Elfsight s\u0105 bezpieczne?<\/h3>\r\n\r\n\t\t\t\t\t\t<div class=\"faq-item-question-icon\"><\/div>\r\n\t\t\t\t\t<\/div>\r\n\r\n\t\t\t\t\t<div class=\"faq-item-answer\">\r\n\t\t\t\t\t\t<div class=\"faq-item-answer-text\">\n<p>Nasz formularz Builder jest zintegrowany z jednym z najskuteczniejszych narz\u0119dzi bezpiecze\u0144stwa reCAPTCHA. Zosta\u0142 zintegrowany, aby zabezpieczy\u0107 formularz i skrzynk\u0119 pocztow\u0105 przed spamem i botami oraz zapewni\u0107 \u0142atw\u0105 prac\u0119 i tylko przydatne dane.<\/p>\n<\/div>\r\n\t\t\t\t\t<\/div>\r\n\t\t\t\t<\/div>\n<div class=\"faq-item\">\r\n\t\t\t\t\t<div class=\"faq-item-question\">\r\n\t\t\t\t\t\t<h3 class=\"faq-item-question-text\">Czy istniej\u0105 szablony obs\u0142uguj\u0105ce formularze logiki warunkowej \/ wielokrotne formularze polowe \/ e-maile?<\/h3>\r\n\r\n\t\t\t\t\t\t<div class=\"faq-item-question-icon\"><\/div>\r\n\t\t\t\t\t<\/div>\r\n\r\n\t\t\t\t\t<div class=\"faq-item-answer\">\r\n\t\t\t\t\t\t<div class=\"faq-item-answer-text\">\n<p>Oczywi\u015bcie! Wszystko, co musisz zrobi\u0107, to zalogowa\u0107 si\u0119 do aplikacji Elfsight i wybra\u0107 odpowiedni szablon, a nast\u0119pnie rozpocz\u0105\u0107 tworzenie spersonalizowanego narz\u0119dzia.<\/p>\n<\/div>\r\n\t\t\t\t\t<\/div>\r\n\t\t\t\t<\/div>\n<div class=\"faq-item\">\r\n\t\t\t\t\t<div class=\"faq-item-question\">\r\n\t\t\t\t\t\t<h3 class=\"faq-item-question-text\">W jaki spos\u00f3b mog\u0119 zbudowa\u0107 kontakt lub formularz opinii dla mojej witryny Drupal?<\/h3>\r\n\r\n\t\t\t\t\t\t<div class=\"faq-item-question-icon\"><\/div>\r\n\t\t\t\t\t<\/div>\r\n\r\n\t\t\t\t\t<div class=\"faq-item-answer\">\r\n\t\t\t\t\t\t<div class=\"faq-item-answer-text\">\n<p>Aby utworzy\u0107 formularz kontaktu \/ opinii, musisz zalogowa\u0107 si\u0119 na stronie Elfsight Apps i wprowadzi\u0107 wszystkie wymagane zmiany w wid\u017cecie. Nast\u0119pnie zapisz zmiany i przejd\u017a do swojej witryny internetowej. Gotowe.<\/p>\n<\/div>\r\n\t\t\t\t\t<\/div>\r\n\t\t\t\t<\/div>\n<div class=\"faq-item\">\r\n\t\t\t\t\t<div class=\"faq-item-question\">\r\n\t\t\t\t\t\t<h3 class=\"faq-item-question-text\">Czy masz jakie\u015b wst\u0119pnie zaprojektowane szablony Kreatora formularzy dla witryny Drupal?<\/h3>\r\n\r\n\t\t\t\t\t\t<div class=\"faq-item-question-icon\"><\/div>\r\n\t\t\t\t\t<\/div>\r\n\r\n\t\t\t\t\t<div class=\"faq-item-answer\">\r\n\t\t\t\t\t\t<div class=\"faq-item-answer-text\">\n<p>Tak. Nasz zesp\u00f3\u0142 ci\u0119\u017cko pracowa\u0142 nad stworzeniem ogromnej kolekcji ponad 300 szablon\u00f3w, takich jak <a href=\"https:\/\/elfsight.com\/online-form-builder\/templates\/application-forms\/\">Formularze zg\u0142oszeniowe<\/a>, <a href=\"https:\/\/elfsight.com\/online-form-builder\/templates\/booking-forms\/\">Formularze rezerwacji<\/a>, <a href=\"https:\/\/elfsight.com\/online-form-builder\/templates\/order-forms\/\">Formularze zam\u00f3wie\u0144<\/a>, <a href=\"https:\/\/elfsight.com\/online-form-builder\/templates\/product-forms\/\">Formularze produkt\u00f3w<\/a>, <a href=\"https:\/\/elfsight.com\/online-form-builder\/templates\/questionnaires\/\">kwestionariusze<\/a>, <a href=\"https:\/\/elfsight.com\/online-form-builder\/templates\/quizzes\/\">Quizy<\/a>, <a href=\"https:\/\/elfsight.com\/online-form-builder\/templates\/surveys\/\">Ankiety<\/a>, <a href=\"https:\/\/elfsight.com\/online-form-builder\/templates\/file-upload-forms\/\">Formularze przesy\u0142ania plik\u00f3w<\/a> i wiele innych. Znalezienie odpowiedniego dopasowania dzi\u0119ki <a href=\"https:\/\/elfsight.com\/online-form-builder\/templates\/\">szablonom Kreatora formularzy<\/a> nie b\u0119dzie wi\u0119c trudne.<\/p>\n<\/div>\r\n\t\t\t\t\t<\/div>\r\n\t\t\t\t<\/div>\n<\/div>\n","protected":false},"excerpt":{"rendered":"","protected":false},"author":9,"featured_media":0,"parent":2133,"menu_order":0,"comment_status":"closed","ping_status":"closed","template":"templates\/template-application-platform.php","meta":{"publish_to_discourse":"","publish_post_category":"","wpdc_auto_publish_overridden":"","wpdc_topic_tags":"","wpdc_pin_topic":"","wpdc_pin_until":"","discourse_post_id":"","discourse_permalink":"","wpdc_publishing_response":"","wpdc_publishing_error":"","footnotes":""},"class_list":["post-5309","page","type-page","status-publish","hentry"],"yoast_head":"<!-- This site is optimized with the Yoast SEO plugin v25.3.1 - https:\/\/yoast.com\/wordpress\/plugins\/seo\/ -->\n<title>Tw\u00f3rz i dodawaj niestandardowy formularz na Drupalu za darmo!<\/title>\n<meta name=\"description\" content=\"Stw\u00f3rz najlepszy kreator formularzy dla Drupala w zaledwie 60 sekund. Skorzystaj z szybkiej wersji demonstracyjnej, aby ca\u0142kowicie za darmo skonfigurowa\u0107 modu\u0142 Form firmy Elfsight.\" \/>\n<meta name=\"robots\" content=\"index, follow, max-snippet:-1, max-image-preview:large, max-video-preview:-1\" \/>\n<link rel=\"canonical\" href=\"https:\/\/elfsight.com\/pl\/online-form-builder\/drupal\/\" \/>\n<meta property=\"og:locale\" content=\"pl_PL\" \/>\n<meta property=\"og:type\" content=\"article\" \/>\n<meta property=\"og:title\" content=\"Tw\u00f3rz i dodawaj niestandardowy formularz na Drupalu za darmo!\" \/>\n<meta property=\"og:description\" content=\"Stw\u00f3rz najlepszy kreator formularzy dla Drupala w zaledwie 60 sekund. Skorzystaj z szybkiej wersji demonstracyjnej, aby ca\u0142kowicie za darmo skonfigurowa\u0107 modu\u0142 Form firmy Elfsight.\" \/>\n<meta property=\"og:url\" content=\"https:\/\/elfsight.com\/pl\/online-form-builder\/drupal\/\" \/>\n<meta property=\"og:site_name\" content=\"Elfsight PL\" \/>\n<meta property=\"article:modified_time\" content=\"2025-06-25T09:56:19+00:00\" \/>\n<meta name=\"twitter:card\" content=\"summary_large_image\" \/>\n<meta name=\"twitter:label1\" content=\"Szacowany czas czytania\" \/>\n\t<meta name=\"twitter:data1\" content=\"5 minut\" \/>\n<!-- \/ Yoast SEO plugin. -->","yoast_head_json":{"title":"Tw\u00f3rz i dodawaj niestandardowy formularz na Drupalu za darmo!","description":"Stw\u00f3rz najlepszy kreator formularzy dla Drupala w zaledwie 60 sekund. Skorzystaj z szybkiej wersji demonstracyjnej, aby ca\u0142kowicie za darmo skonfigurowa\u0107 modu\u0142 Form firmy Elfsight.","robots":{"index":"index","follow":"follow","max-snippet":"max-snippet:-1","max-image-preview":"max-image-preview:large","max-video-preview":"max-video-preview:-1"},"canonical":"https:\/\/elfsight.com\/pl\/online-form-builder\/drupal\/","og_locale":"pl_PL","og_type":"article","og_title":"Tw\u00f3rz i dodawaj niestandardowy formularz na Drupalu za darmo!","og_description":"Stw\u00f3rz najlepszy kreator formularzy dla Drupala w zaledwie 60 sekund. Skorzystaj z szybkiej wersji demonstracyjnej, aby ca\u0142kowicie za darmo skonfigurowa\u0107 modu\u0142 Form firmy Elfsight.","og_url":"https:\/\/elfsight.com\/pl\/online-form-builder\/drupal\/","og_site_name":"Elfsight PL","article_modified_time":"2025-06-25T09:56:19+00:00","twitter_card":"summary_large_image","twitter_misc":{"Szacowany czas czytania":"5 minut"},"schema":{"@context":"https:\/\/schema.org","@graph":[{"@type":"WebPage","@id":"https:\/\/elfsight.com\/pl\/online-form-builder\/drupal\/","url":"https:\/\/elfsight.com\/pl\/online-form-builder\/drupal\/","name":"Tw\u00f3rz i dodawaj niestandardowy formularz na Drupalu za darmo!","isPartOf":{"@id":"https:\/\/elfsight.com\/pl\/#website"},"datePublished":"2024-05-03T06:38:00+00:00","dateModified":"2025-06-25T09:56:19+00:00","description":"Stw\u00f3rz najlepszy kreator formularzy dla Drupala w zaledwie 60 sekund. Skorzystaj z szybkiej wersji demonstracyjnej, aby ca\u0142kowicie za darmo skonfigurowa\u0107 modu\u0142 Form firmy Elfsight.","breadcrumb":{"@id":"https:\/\/elfsight.com\/pl\/online-form-builder\/drupal\/#breadcrumb"},"inLanguage":"pl-PL","potentialAction":[{"@type":"ReadAction","target":["https:\/\/elfsight.com\/pl\/online-form-builder\/drupal\/"]}]},{"@type":"BreadcrumbList","@id":"https:\/\/elfsight.com\/pl\/online-form-builder\/drupal\/#breadcrumb","itemListElement":[{"@type":"ListItem","position":1,"name":"Home","item":"https:\/\/elfsight.com\/pl\/"},{"@type":"ListItem","position":2,"name":"Form Builder","item":"https:\/\/elfsight.com\/pl\/online-form-builder\/"},{"@type":"ListItem","position":3,"name":"Form Builder &#8211; Drupal"}]},{"@type":"WebSite","@id":"https:\/\/elfsight.com\/pl\/#website","url":"https:\/\/elfsight.com\/pl\/","name":"Elfsight PL","description":"Just another Elfsight Sites site","potentialAction":[{"@type":"SearchAction","target":{"@type":"EntryPoint","urlTemplate":"https:\/\/elfsight.com\/pl\/?s={search_term_string}"},"query-input":{"@type":"PropertyValueSpecification","valueRequired":true,"valueName":"search_term_string"}}],"inLanguage":"pl-PL"}]}},"meta_box":{"industry":"","seo_heading":"","heading":"","description":"","cta_heading":"","cta_description":"","application":"2132","h1":"Kreator formularzy online dla Drupala","h1_caption":"Tw\u00f3rz konfigurowalne formularze do dowolnego celu \u2013 opinie, ankiety, formularze kontaktowe \u2013 bez kodowania, co u\u0142atwia gromadzenie informacji od u\u017cytkownik\u00f3w w witrynie Drupal.","application_category":[],"applications_title":"","applications_request_title":"","applications_request_button_text":"","hero_text":"","hero_video":"","hero_video_schema_markup":"","selling_points_title":"","selling_points_caption":"","selling_points":[],"selling_points_cta_text":"","features_title":"","features":"","ed_cta_examples_text":"","ed_cta_examples_hidden":"","ed_cta_demo_text":"","ed_cta_demo_hidden":"","why_caption":"","why_editor_title":"","why_editor_text":"","why_team_title":"","why_team_text":"","why_service_title":"","why_service_text":"","template_catalog_visible":"0","template_catalog_title":"","template_catalog_text":"","template_catalog_categories_visible":"","demo_title":"Utw\u00f3rz modu\u0142 Konstruktora formularzy","demo_caption":"Skonfiguruj sw\u00f3j Kreator formularzy i dodaj go do swojej witryny Drupal za darmo!","default_faq_hidden":"","app_template_category":[],"platform":"47","template_public_id":"","codecanyon_url":"","codecanyon_item_id":"","codecanyon_price":"","pricing_caption":"","pricing_elfsight_apps_hide_column":"","pricing_elfsight_apps_url":"","pricing_codecanyon_price_caption":"","integration_category":[],"integration_request_title":"","integration_request_cta":"","integration_platform":"","integrations":[],"platform_category":[],"video_schema_markup":"","price":"od 0 USD \/ miesi\u0105c","trial":"","benefits":[{"text":"Bezp\u0142atna pomoc w monta\u017cu"},{"text":"Do\u015bwiadczona obs\u0142uga klienta"},{"text":"14-dniowa gwarancja zwrotu pieni\u0119dzy"}],"button_url":"#demo","button_target_blank":"0","button_nofollow":"0","attributes":[{"name":"Instaluje"},{"name":"Czu\u0142y"},{"name":"Kompatybilne przegl\u0105darki"}],"tags":[],"tags_disable_links":"0","hide_more_platforms":"0","video_object":"","demo_hide_cta":"0","demo_hide_cloud_options":"0","pricing_title":"","pricing":[{"pricing_icon":"cloud","pricing_title":"Elfsight Apps","pricing_title_caption":"Wersja wieloplatformowa, kt\u00f3ra pasuje do ka\u017cdej witryny","pricing_price":"od 0 USD \/ miesi\u0105c","pricing_price_caption":"zacznij od bezp\u0142atnego planu","pricing_benefits":[{"text":"Nielimitowane strony internetowe"},{"text":"Bezp\u0142atne wsparcie"},{"text":"Bezp\u0142atna pomoc w instalacji"},{"text":"Specjalna cena za wiele aplikacji"}],"pricing_button_text":"Dodaj do witryny","pricing_button_url":"#demo"}],"related_apps_title":"","related_apps_hidden":"0","author":"","image":[],"title":"","job":"","social_networks":[]},"_links":{"self":[{"href":"https:\/\/elfsight.com\/pl\/wp-json\/wp\/v2\/pages\/5309","targetHints":{"allow":["GET"]}}],"collection":[{"href":"https:\/\/elfsight.com\/pl\/wp-json\/wp\/v2\/pages"}],"about":[{"href":"https:\/\/elfsight.com\/pl\/wp-json\/wp\/v2\/types\/page"}],"author":[{"embeddable":true,"href":"https:\/\/elfsight.com\/pl\/wp-json\/wp\/v2\/users\/9"}],"replies":[{"embeddable":true,"href":"https:\/\/elfsight.com\/pl\/wp-json\/wp\/v2\/comments?post=5309"}],"version-history":[{"count":3,"href":"https:\/\/elfsight.com\/pl\/wp-json\/wp\/v2\/pages\/5309\/revisions"}],"predecessor-version":[{"id":10493,"href":"https:\/\/elfsight.com\/pl\/wp-json\/wp\/v2\/pages\/5309\/revisions\/10493"}],"up":[{"embeddable":true,"href":"https:\/\/elfsight.com\/pl\/wp-json\/wp\/v2\/pages\/2133"}],"wp:attachment":[{"href":"https:\/\/elfsight.com\/pl\/wp-json\/wp\/v2\/media?parent=5309"}],"curies":[{"name":"wp","href":"https:\/\/api.w.org\/{rel}","templated":true}]}}