{"id":5304,"date":"2024-05-03T06:37:59","date_gmt":"2024-05-03T06:37:59","guid":{"rendered":"https:\/\/elfsight.com\/pl\/?page_id=5304"},"modified":"2024-11-14T12:45:58","modified_gmt":"2024-11-14T12:45:58","slug":"html","status":"publish","type":"page","link":"https:\/\/elfsight.com\/pl\/online-form-builder\/html\/","title":{"rendered":"Form Builder &#8211; HTML"},"content":{"rendered":"<div class=\"application-platform-content-item-description application-platform-content-item\" id=\"description\" data-nav-section=\"description\"><\/p>\n<h2>Niestandardowy kreator formularzy dla HTML<\/h2>\n<p>Prosty kreator formularzy Elfsight to wszechstronne narz\u0119dzie do tworzenia r\u00f3\u017cnorodnych formularzy wype\u0142niania i publikowania ich w swoim zasobie internetowym. Zbieraj spostrze\u017cenia od swoich obecnych i przysz\u0142ych klient\u00f3w za pomoc\u0105 \u0142atwych do wype\u0142nienia ankiet, formularzy opinii, pr\u00f3\u015bb o ocen\u0119, szablonu HTML formularza podania o prac\u0119, szablonu HTML formularza rejestracyjnego i jeszcze wi\u0119kszej liczby rodzaj\u00f3w formularzy. Zaprojektuj kompozycj\u0119 formularza za pomoc\u0105 bezp\u0142atnego generatora formularzy HTML i bezp\u0142atnego generatora kodu formularza kontaktowego HTML, zapewniaj\u0105c nieograniczone mo\u017cliwo\u015bci kszta\u0142towania niestandardowych formularzy w celu otrzymywania spostrze\u017ce\u0144 od u\u017cytkownik\u00f3w. Bez wzgl\u0119du na to, jakich wariant\u00f3w informacji szukasz: przemy\u015ble\u0144, ocen, rezerwacji i sprzeda\u017cy \u2013 internetowy kreator formularzy HTML firmy Elfsight pomo\u017ce Ci stworzy\u0107 najbardziej odpowiedni formularz do ich wype\u0142niania. Dzi\u0119ki responsywnej kompozycji i r\u00f3\u017cnorodnym predefiniowanym elementom Tw\u00f3j formularz b\u0119dzie wygodny dla Twoich klient\u00f3w i skuteczny dla Ciebie.<\/p>\n<p><b>Przetwarzaj rezerwacje i zakupy za pomoc\u0105 por\u0119cznych formularzy, aby dokonywa\u0107 szybkich i \u0142atwych zakup\u00f3w!<\/b><\/p>\n<ul>\n<li><b>Tw\u00f3rz atrakcyjne formularze, aby zebra\u0107 wi\u0119cej opinii<\/b>. Masz do dyspozycji bogat\u0105 gam\u0119 segment\u00f3w formularzy, kt\u00f3re umo\u017cliwiaj\u0105 projektowanie ekscytuj\u0105cych i funkcjonalnych formularzy. R\u00f3\u017cnorodna personalizacja stylu wid\u017cetu przez Elfsight pozwoli uatrakcyjni\u0107 go i zaprosi\u0107 wi\u0119cej u\u017cytkownik\u00f3w do jego wype\u0142nienia.<\/li>\n<li><b>Zwi\u0119ksz liczb\u0119 lead\u00f3w dzi\u0119ki \u0142atwym do zarz\u0105dzania formularzom<\/b>.Nie pozw\u00f3l klientom odej\u015b\u0107 procedura nape\u0142niania niezako\u0144czona, przez co utracisz cenne spostrze\u017cenia. Tw\u00f3rz formularze z \u0142atwymi do wype\u0142nienia etapami i wygodn\u0105 struktur\u0105, kt\u00f3re utrzymaj\u0105 zaanga\u017cowanie klient\u00f3w do samego ko\u0144ca i zwi\u0119ksz\u0105 liczb\u0119 potencjalnych klient\u00f3w.<\/li>\n<li><b>Oszcz\u0119dzaj czas i pieni\u0105dze dzi\u0119ki wielofunkcyjnemu narz\u0119dziu<\/b>.Nie ma potrzeby kupowania wielu r\u00f3\u017cnych rozwi\u0105za\u0144, kt\u00f3re zaspokoj\u0105 wszystkie Twoje wymagania dotycz\u0105ce tworzenia formularzy opinii dla Twojej witryny. Nasz Kreator formularzy umo\u017cliwia kszta\u0142towanie potrzebnego formularza w celu uzyskania spostrze\u017ce\u0144 wszelkiego typu, dzi\u0119ki jego r\u00f3\u017cnorodnym elementom i responsywnej strukturze.<\/li>\n<\/ul>\n<p><\/div>\n<div class=\"application-platform-content-item-features application-platform-content-item\" id=\"features\" data-nav-section=\"features\"><h2>Funkcje wtyczki do tworzenia formularzy<\/h2>Co sprawia, \u017ce \u200b\u200bnasz Kreator formularzy online jest najlepsz\u0105 wtyczk\u0105 do zbierania opinii i reakcji klient\u00f3w na temat HTML?<ul> <li>Utw\u00f3rz opis dla ka\u017cdego elementu, b\u0119dzie on widoczny pod etykiet\u0105;<\/li> <li>Edytowalny tekst przycisku przesy\u0142ania;<\/li> <li>Przypisz dowolny adres e-mail, a wyniki wype\u0142nienia formularza zostan\u0105 tam automatycznie przes\u0142ane; <\/li> <li>3 gotowe do u\u017cycia uk\u0142ady (Domy\u015blny, Pude\u0142ko, P\u0142ywaj\u0105cy);<\/li> <li>Maluj formularz jednym klikni\u0119ciem &#8211; g\u0142\u00f3wny kolor zostanie zastosowany do wszystkich aktywnych element\u00f3w, przycisk Wy\u015blij, pasek post\u0119pu itp.<\/li><\/ul><a href=\"#demo\">Przetestuj wszystkie zalety w wersji demonstracyjnej na \u017cywo<\/a><\/div><!-- \/wp:shortcode --><div class=\"application-platform-content-item-installation application-platform-content-item\" id=\"installation\" data-nav-section=\"installation\"><h2>Jak doda\u0107 niestandardowy Kreator formularzy do kodu witryny HTML<\/h2><div class=\"video-container\"><iframe src=\"https:\/\/www.youtube.com\/embed\/OWaK4YneeH0\" width=\"720\" height=\"405\" frameborder=\"0\" allowfullscreen=\"allowfullscreen\"><\/iframe><\/div>Wid\u017cet Elfsight jest prosty w instalacji i nie b\u0119dzie wymagaj\u0105 kompetencji w rozwoju. Wykonanie instrukcji zajmie Ci tylko 1 minut\u0119.<ol> <li><b>Stw\u00f3rz w\u0142asny kreator formularzy<\/b>.Korzystaj\u0105c z naszej bezp\u0142atnej wersji demonstracyjnej, wygeneruj wtyczk\u0119 z wymaganym uk\u0142adem i opcjami.<\/li> <li><b>Odbierz kod do integracji wtyczki<\/b>. Po utworzeniu wid\u017cetu uzyskaj kod wtyczki Form z wy\u015bwietlonego okna aplikacji Elfsight.<\/li> <li><b>Dodaj wid\u017cet w witryn\u0119 HTML<\/b>.Uruchom kod strony w edytorze HTML i zintegruj widget w wymaganym miejscu (tre\u015b\u0107, stopka, pasek boczny itp.) i zastosuj zmiany.<\/li> <li><b>Uda\u0142o si\u0119 w pe\u0142ni instalacja<\/b>. Otw\u00f3rz witryn\u0119 HTML, aby sprawdzi\u0107 formularz.<\/li><\/ol>Napotka\u0142e\u015b problemy z wy\u015bwietlaniem lub ustawianiem wid\u017cetu? Skontaktuj si\u0119 z naszym centrum pomocy lub przeczytaj obszerny artyku\u0142 \u00ab<a href=\"https:\/\/elfsight.com\/tutorials\/how-to-add-form-builder-widget-to-html\/\">Jak doda\u0107 formularz Kreator w HTML<\/a>\u00bb.<\/div><!-- \/wp:shortcode --><!-- wp:shortcode --><div class=\"faq\" data-component=\"FAQ\"> <div class=\"faq-item\">\r\n\t\t\t\t\t<div class=\"faq-item-question\">\r\n\t\t\t\t\t\t<h3 class=\"faq-item-question-text\">Jak zachowa\u0107 informacje o formularzu klienta w formacie HTML na mojej stronie g\u0142\u00f3wnej?<\/h3>\r\n\r\n\t\t\t\t\t\t<div class=\"faq-item-question-icon\"><\/div>\r\n\t\t\t\t\t<\/div>\r\n\r\n\t\t\t\t\t<div class=\"faq-item-answer\">\r\n\t\t\t\t\t\t<div class=\"faq-item-answer-text\"> Nasz Kreator formularzy jest wyposa\u017cony w jedn\u0105 z najskuteczniejszych us\u0142ug bezpiecze\u0144stwa reCAPTCHA. Jego zadaniem jest zabezpieczenie Twojego formularza i skrzynki pocztowej przed spamem oraz zapewnienie bezproblemowej pracy i tylko wa\u017cnych danych.<\/div>\r\n\t\t\t\t\t<\/div>\r\n\t\t\t\t<\/div> <div class=\"faq-item\">\r\n\t\t\t\t\t<div class=\"faq-item-question\">\r\n\t\t\t\t\t\t<h3 class=\"faq-item-question-text\">Czy istniej\u0105 szablony obs\u0142uguj\u0105ce formularze logiki warunkowej \/ wiele p\u00f3l \/ e-maile?<\/h3>\r\n\r\n\t\t\t\t\t\t<div class=\"faq-item-question-icon\"><\/div>\r\n\t\t\t\t\t<\/div>\r\n\r\n\t\t\t\t\t<div class=\"faq-item-answer\">\r\n\t\t\t\t\t\t<div class=\"faq-item-answer-text\"> Oczywi\u015bcie! Wszystko, co musisz zrobi\u0107, to zalogowa\u0107 si\u0119 do aplikacji Elfsight i wybra\u0107 odpowiedni szablon, a nast\u0119pnie przyst\u0105pi\u0107 do tworzenia narz\u0119dzia.<\/div>\r\n\t\t\t\t\t<\/div>\r\n\t\t\t\t<\/div> <div class=\"faq-item\">\r\n\t\t\t\t\t<div class=\"faq-item-question\">\r\n\t\t\t\t\t\t<h3 class=\"faq-item-question-text\">Jak zbudowa\u0107 formularz kontaktowy lub formularz opinii dla mojej witryny HTML?<\/h3>\r\n\r\n\t\t\t\t\t\t<div class=\"faq-item-question-icon\"><\/div>\r\n\t\t\t\t\t<\/div>\r\n\r\n\t\t\t\t\t<div class=\"faq-item-answer\">\r\n\t\t\t\t\t\t<div class=\"faq-item-answer-text\"> Aby utworzy\u0107 formularz kontaktowy lub formularz opinii, zaloguj si\u0119 do us\u0142ugi Elfsight Apps i dokonaj wszystkich niezb\u0119dnych zmian we wtyczce. Po zako\u0144czeniu zapisz zmiany i przejd\u017a do swojej witryny. Gotowe.<\/div>\r\n\t\t\t\t\t<\/div>\r\n\t\t\t\t<\/div><div class=\"faq-item\">\r\n\t\t\t\t\t<div class=\"faq-item-question\">\r\n\t\t\t\t\t\t<h3 class=\"faq-item-question-text\">Czy istniej\u0105 niestandardowe szablony Kreatora formularzy dla witryny HTML?<\/h3>\r\n\r\n\t\t\t\t\t\t<div class=\"faq-item-question-icon\"><\/div>\r\n\t\t\t\t\t<\/div>\r\n\r\n\t\t\t\t\t<div class=\"faq-item-answer\">\r\n\t\t\t\t\t\t<div class=\"faq-item-answer-text\">Tak, zdecydowanie! Dost\u0119pnych jest ponad 300 gotowych szablon\u00f3w do ka\u017cdego przypadku, takich jak <a href=\"https:\/\/elfsight.com\/online-form-builder\/templates\/application-forms\/\">Formularze zg\u0142oszeniowe<\/a>, <a href=\"https:\/\/elfsight.com\/online-form-builder\/templates\/booking-forms\/\">Formularze rezerwacji<\/a>, <a href=\"https:\/\/elfsight.com\/online-form- builder\/templates\/order-forms\/\">Formularze zam\u00f3wie\u0144<\/a>, <a href=\"https:\/\/elfsight.com\/online-form-builder\/templates\/product-forms\/\">Formularze produkt\u00f3w<\/a> , <a href=\"https:\/\/elfsight.com\/online-form-builder\/templates\/questionnaires\/\">Kwestionariusze<\/a>, <a href=\"https:\/\/elfsight.com\/online-form-builder \/templates\/quizzes\/\">Quizy<\/a>, <a href=\"https:\/\/elfsight.com\/online-form-builder\/templates\/surveys\/\">Ankiety<\/a>, <a href=\"https:\/\/elfsight.com\/online-form-builder\/templates\/file-upload-forms\/\">Formularze przesy\u0142ania plik\u00f3w<\/a> i wiele innych. Zach\u0119camy do przetestowania <a href=\"https:\/\/elfsight.com\/online-form-builder\/templates\/\">szablon\u00f3w Kreatora formularzy<\/a> i podzielenia si\u0119 z nami swoj\u0105 opini\u0105.<\/div>\r\n\t\t\t\t\t<\/div>\r\n\t\t\t\t<\/div> <\/div>","protected":false},"excerpt":{"rendered":"","protected":false},"author":9,"featured_media":0,"parent":2133,"menu_order":0,"comment_status":"closed","ping_status":"closed","template":"templates\/template-application-platform.php","meta":{"publish_to_discourse":"","publish_post_category":"","wpdc_auto_publish_overridden":"","wpdc_topic_tags":"","wpdc_pin_topic":"","wpdc_pin_until":"","discourse_post_id":"","discourse_permalink":"","wpdc_publishing_response":"","wpdc_publishing_error":"","footnotes":""},"class_list":["post-5304","page","type-page","status-publish","hentry"],"yoast_head":"<!-- This site is optimized with the Yoast SEO plugin v25.3.1 - https:\/\/yoast.com\/wordpress\/plugins\/seo\/ -->\n<title>Tw\u00f3rz i dodawaj niestandardowy formularz w formacie HTML za darmo!<\/title>\n<meta name=\"description\" content=\"Utw\u00f3rz najlepszy kreator formularzy online w kodzie swojej witryny HTML bez umiej\u0119tno\u015bci programowania. Wypr\u00f3buj por\u0119czn\u0105 wersj\u0119 demonstracyjn\u0105 Elfsight i skonfiguruj wid\u017cet formularza.\" \/>\n<meta name=\"robots\" content=\"index, follow, max-snippet:-1, max-image-preview:large, max-video-preview:-1\" \/>\n<link rel=\"canonical\" href=\"https:\/\/elfsight.com\/pl\/online-form-builder\/html\/\" \/>\n<meta property=\"og:locale\" content=\"pl_PL\" \/>\n<meta property=\"og:type\" content=\"article\" \/>\n<meta property=\"og:title\" content=\"Tw\u00f3rz i dodawaj niestandardowy formularz w formacie HTML za darmo!\" \/>\n<meta property=\"og:description\" content=\"Utw\u00f3rz najlepszy kreator formularzy online w kodzie swojej witryny HTML bez umiej\u0119tno\u015bci programowania. Wypr\u00f3buj por\u0119czn\u0105 wersj\u0119 demonstracyjn\u0105 Elfsight i skonfiguruj wid\u017cet formularza.\" \/>\n<meta property=\"og:url\" content=\"https:\/\/elfsight.com\/pl\/online-form-builder\/html\/\" \/>\n<meta property=\"og:site_name\" content=\"Elfsight PL\" \/>\n<meta property=\"article:modified_time\" content=\"2024-11-14T12:45:58+00:00\" \/>\n<meta name=\"twitter:card\" content=\"summary_large_image\" \/>\n<meta name=\"twitter:label1\" content=\"Szacowany czas czytania\" \/>\n\t<meta name=\"twitter:data1\" content=\"4 minuty\" \/>\n<!-- \/ Yoast SEO plugin. -->","yoast_head_json":{"title":"Tw\u00f3rz i dodawaj niestandardowy formularz w formacie HTML za darmo!","description":"Utw\u00f3rz najlepszy kreator formularzy online w kodzie swojej witryny HTML bez umiej\u0119tno\u015bci programowania. Wypr\u00f3buj por\u0119czn\u0105 wersj\u0119 demonstracyjn\u0105 Elfsight i skonfiguruj wid\u017cet formularza.","robots":{"index":"index","follow":"follow","max-snippet":"max-snippet:-1","max-image-preview":"max-image-preview:large","max-video-preview":"max-video-preview:-1"},"canonical":"https:\/\/elfsight.com\/pl\/online-form-builder\/html\/","og_locale":"pl_PL","og_type":"article","og_title":"Tw\u00f3rz i dodawaj niestandardowy formularz w formacie HTML za darmo!","og_description":"Utw\u00f3rz najlepszy kreator formularzy online w kodzie swojej witryny HTML bez umiej\u0119tno\u015bci programowania. Wypr\u00f3buj por\u0119czn\u0105 wersj\u0119 demonstracyjn\u0105 Elfsight i skonfiguruj wid\u017cet formularza.","og_url":"https:\/\/elfsight.com\/pl\/online-form-builder\/html\/","og_site_name":"Elfsight PL","article_modified_time":"2024-11-14T12:45:58+00:00","twitter_card":"summary_large_image","twitter_misc":{"Szacowany czas czytania":"4 minuty"},"schema":{"@context":"https:\/\/schema.org","@graph":[{"@type":"WebPage","@id":"https:\/\/elfsight.com\/pl\/online-form-builder\/html\/","url":"https:\/\/elfsight.com\/pl\/online-form-builder\/html\/","name":"Tw\u00f3rz i dodawaj niestandardowy formularz w formacie HTML za darmo!","isPartOf":{"@id":"https:\/\/elfsight.com\/pl\/#website"},"datePublished":"2024-05-03T06:37:59+00:00","dateModified":"2024-11-14T12:45:58+00:00","description":"Utw\u00f3rz najlepszy kreator formularzy online w kodzie swojej witryny HTML bez umiej\u0119tno\u015bci programowania. Wypr\u00f3buj por\u0119czn\u0105 wersj\u0119 demonstracyjn\u0105 Elfsight i skonfiguruj wid\u017cet formularza.","breadcrumb":{"@id":"https:\/\/elfsight.com\/pl\/online-form-builder\/html\/#breadcrumb"},"inLanguage":"pl-PL","potentialAction":[{"@type":"ReadAction","target":["https:\/\/elfsight.com\/pl\/online-form-builder\/html\/"]}]},{"@type":"BreadcrumbList","@id":"https:\/\/elfsight.com\/pl\/online-form-builder\/html\/#breadcrumb","itemListElement":[{"@type":"ListItem","position":1,"name":"Home","item":"https:\/\/elfsight.com\/pl\/"},{"@type":"ListItem","position":2,"name":"Form Builder","item":"https:\/\/elfsight.com\/pl\/online-form-builder\/"},{"@type":"ListItem","position":3,"name":"Form Builder &#8211; HTML"}]},{"@type":"WebSite","@id":"https:\/\/elfsight.com\/pl\/#website","url":"https:\/\/elfsight.com\/pl\/","name":"Elfsight PL","description":"Just another Elfsight Sites site","potentialAction":[{"@type":"SearchAction","target":{"@type":"EntryPoint","urlTemplate":"https:\/\/elfsight.com\/pl\/?s={search_term_string}"},"query-input":{"@type":"PropertyValueSpecification","valueRequired":true,"valueName":"search_term_string"}}],"inLanguage":"pl-PL"}]}},"meta_box":{"industry":"","seo_heading":"","heading":"","description":"","cta_heading":"","cta_description":"","application":"2132","h1":"Kreator formularzy online dla HTML","h1_caption":"Tw\u00f3rz dostosowywalne formularze do dowolnego celu \u2014 opinie, ankiety, formularze kontaktowe \u2014 bez kodowania, co u\u0142atwia gromadzenie informacji od u\u017cytkownik\u00f3w w witrynie HTML.","application_category":[],"applications_title":"","applications_request_title":"","applications_request_button_text":"","hero_text":"","hero_video":"","hero_video_schema_markup":"","selling_points_title":"","selling_points_caption":"","selling_points":[],"selling_points_cta_text":"","features_title":"","features":"","ed_cta_examples_text":"","ed_cta_examples_hidden":"","ed_cta_demo_text":"","ed_cta_demo_hidden":"","why_caption":"","why_editor_title":"","why_editor_text":"","why_team_title":"","why_team_text":"","why_service_title":"","why_service_text":"","template_catalog_visible":"0","template_catalog_title":"","template_catalog_text":"","template_catalog_categories_visible":"","demo_title":"Utw\u00f3rz wid\u017cet Konstruktora formularzy","demo_caption":"Skonfiguruj Kreator formularzy i dodaj go do swojej witryny HTML za darmo!","default_faq_hidden":"","app_template_category":[],"platform":"50","template_public_id":"","codecanyon_url":"","codecanyon_item_id":"","codecanyon_price":"","pricing_caption":"","pricing_elfsight_apps_hide_column":"","pricing_elfsight_apps_url":"","pricing_codecanyon_price_caption":"","integration_category":[],"integration_request_title":"","integration_request_cta":"","integration_platform":"","integrations":[],"platform_category":[],"video_schema_markup":"","price":"od 0 USD \/ miesi\u0105c","trial":"","benefits":[{"text":"Bezp\u0142atna pomoc w monta\u017cu"},{"text":"Do\u015bwiadczona obs\u0142uga klienta"},{"text":"14-dniowa gwarancja zwrotu pieni\u0119dzy"}],"button_url":"#demo","button_target_blank":"0","button_nofollow":"0","attributes":[{"name":"Instaluje","content":"100,000 - 500,000"},{"name":"Czu\u0142y","content":"Tak"},{"name":"Kompatybilne przegl\u0105darki","content":"IE11, Firefox, Safari, Opera, Chrome, Edge"}],"tags":[],"tags_disable_links":"0","hide_more_platforms":"","video_object":"","demo_hide_cta":"0","demo_hide_cloud_options":"0","pricing_title":"","pricing":[{"pricing_icon":"platform","pricing_title":"Elfsight Apps","pricing_title_caption":"Oprogramowanie niezale\u017cne od platformy, kt\u00f3re dzia\u0142a na dowolnej witrynie","pricing_price":"od 0 USD \/ miesi\u0105c","pricing_price_caption":"zacznij od bezp\u0142atnego planu","pricing_benefits":[{"text":"Nielimitowane strony internetowe"},{"text":"Wsparcie premium, terminowe i dobrze udokumentowane"},{"text":"Bezp\u0142atna us\u0142uga monta\u017cu"},{"text":"Oferta specjalna na wiele aplikacji"}],"pricing_button_text":"Dodaj do witryny","pricing_button_url":"#demo"}],"related_apps_title":"","related_apps_hidden":"0","author":"","image":[],"title":"","job":"","social_networks":[]},"_links":{"self":[{"href":"https:\/\/elfsight.com\/pl\/wp-json\/wp\/v2\/pages\/5304","targetHints":{"allow":["GET"]}}],"collection":[{"href":"https:\/\/elfsight.com\/pl\/wp-json\/wp\/v2\/pages"}],"about":[{"href":"https:\/\/elfsight.com\/pl\/wp-json\/wp\/v2\/types\/page"}],"author":[{"embeddable":true,"href":"https:\/\/elfsight.com\/pl\/wp-json\/wp\/v2\/users\/9"}],"replies":[{"embeddable":true,"href":"https:\/\/elfsight.com\/pl\/wp-json\/wp\/v2\/comments?post=5304"}],"version-history":[{"count":3,"href":"https:\/\/elfsight.com\/pl\/wp-json\/wp\/v2\/pages\/5304\/revisions"}],"predecessor-version":[{"id":8178,"href":"https:\/\/elfsight.com\/pl\/wp-json\/wp\/v2\/pages\/5304\/revisions\/8178"}],"up":[{"embeddable":true,"href":"https:\/\/elfsight.com\/pl\/wp-json\/wp\/v2\/pages\/2133"}],"wp:attachment":[{"href":"https:\/\/elfsight.com\/pl\/wp-json\/wp\/v2\/media?parent=5304"}],"curies":[{"name":"wp","href":"https:\/\/api.w.org\/{rel}","templated":true}]}}