{"id":5303,"date":"2024-05-03T06:37:58","date_gmt":"2024-05-03T06:37:58","guid":{"rendered":"https:\/\/elfsight.com\/pl\/?page_id=5303"},"modified":"2025-06-25T09:58:45","modified_gmt":"2025-06-25T09:58:45","slug":"joomla","status":"publish","type":"page","link":"https:\/\/elfsight.com\/pl\/online-form-builder\/joomla\/","title":{"rendered":"Form Builder &#8211; Joomla"},"content":{"rendered":"<div class=\"application-platform-content-item-description application-platform-content-item\" id=\"description\" data-nav-section=\"description\">\n<h2>Niestandardowy kreator formularzy dla Joomla<\/h2>\nRozszerzenie Form Builder firmy Elfsight to najlepszy darmowy kreator formularzy Joomla, pojedyncze narz\u0119dzie do tworzenia wszystkich mo\u017cliwych wariant\u00f3w formularzy wype\u0142niaj\u0105cych i dodawania ich dowoln\u0105 stron\u0119 internetow\u0105. Otrzymuj dane od swoich obecnych i potencjalnych klient\u00f3w za pomoc\u0105 wygodnych ankiet, formularzy opinii, pr\u00f3\u015bb o ocen\u0119 i wszystkich innych przyk\u0142ad\u00f3w, korzystaj\u0105c z bezp\u0142atnego narz\u0119dzia do tworzenia formularzy Joomla. Zaprojektuj szkielet formularza za pomoc\u0105 najlepszego darmowego narz\u0119dzia do tworzenia formularzy Joomla, zdefiniuj projektowanie niestandardowych formularzy w celu przywo\u0142ania danych procesowych od u\u017cytkownik\u00f3w. Niezale\u017cnie od tego, jakiego rodzaju spostrze\u017ce\u0144 mo\u017cesz potrzebowa\u0107: opinii, ocen, rezerwacji i zakup\u00f3w \u2013 nasz modu\u0142 Form Builder umo\u017cliwi Ci bezp\u0142atne utworzenie odpowiedniego formularza do wype\u0142nienia za pomoc\u0105 narz\u0119dzia do tworzenia formularzy Joomla. Dzi\u0119ki elastycznemu szkieletowi i r\u00f3\u017cnorodnym dost\u0119pnym komponentom Tw\u00f3j formularz b\u0119dzie wygodny dla odbiorc\u00f3w i atrakcyjny dla Ciebie dzi\u0119ki najlepszemu darmowemu kreatorowi formularzy Joomla.\n<b>Odbieraj emocje klient\u00f3w, zdobywaj rezerwacje i pro\u015bby u\u017cytkownik\u00f3w Twojej witryny!<\/b>\n<ul>\n    <li><b>Tw\u00f3rz atrakcyjne formularze, aby zebra\u0107 wi\u0119cej opinii<\/b>.Wypr\u00f3buj ka\u017cd\u0105 opcj\u0119 rozszerzenia Elfsight, aby zaprojektowa\u0107 skuteczne formularze do wype\u0142niania. Ustaw segmenty i zdefiniuj struktur\u0119, aby Twoje formularze by\u0142y uporz\u0105dkowane i wygodne. Wykorzystaj wszystkie opcje stylu, aby stworzy\u0107 przyci\u0105gaj\u0105cy wzrok interfejs i uzyska\u0107 wi\u0119cej opinii.<\/li>\n    <li><b>Zwi\u0119ksz liczb\u0119 potencjalnych klient\u00f3w dzi\u0119ki \u0142atwym do zarz\u0105dzania formularzom<\/b>. Nasze rozszerzenie Form Builder pomaga w komponowaniu najwygodniejsze i najprostsze formy dla Twoich klient\u00f3w. Pomog\u0105 Ci zorganizowa\u0107 sprawn\u0105 i zr\u00f3wnowa\u017con\u0105 komunikacj\u0119 oraz zajm\u0105 klient\u00f3w przez ca\u0142y czas wype\u0142niania, aby pomy\u015blnie je zako\u0144czy\u0107.<\/li>\n    <li><b>Oszcz\u0119dzaj czas i pieni\u0105dze dzi\u0119ki wielofunkcyjnemu narz\u0119dziu<\/b>. To ujednolicone narz\u0119dzie pozwala na generowanie formularzy o r\u00f3\u017cnorodnych kategoriach, z r\u00f3\u017cnymi zestawami segment\u00f3w i dowoln\u0105 struktur\u0105. Pomo\u017ce Ci to wygenerowa\u0107 formularze do zbierania informacji o klientach r\u00f3\u017cnych kategorii bez wydawania dodatkowych pieni\u0119dzy i czasu.<\/li>\n<\/ul>\n<\/div>\n\n<div class=\"application-platform-content-item-features application-platform-content-item\" id=\"features\" data-nav-section=\"features\">\n<h2>Funkcje wtyczki do tworzenia formularzy<\/h2>\nDlaczego prosty kreator formularzy Elfsight sta\u0142 si\u0119 najlepszym rozszerzeniem do zbierania opinii klient\u00f3w w Joomla?\n<ul>\n    <li>Tw\u00f3rz klasyczne i szczeg\u00f3\u0142owe formularze \u0142\u0105cz\u0105ce elementy w grupy;<\/li>\n    <li>Ka\u017cde pole mo\u017ce by\u0107 wymagane do wype\u0142nienia z symbolem gwiazdki (*), aby to wskaza\u0107;<\/li>\n    <li>Edytowalny tekst wiadomo\u015bci z podzi\u0119kowaniami i przycisk do ponownego wype\u0142nienia formularza;<\/li>\n    <li>Ustaw niestandardow\u0105 szeroko\u015b\u0107 formularza w Uk\u0142ady domy\u015blne i pude\u0142kowe;<\/li>\n    <li>5 predefiniowanych styl\u00f3w p\u00f3l formularzy.<\/li>\n<\/ul>\n<a href=\"#demo\">Wszystkie funkcje w naszym edytorze<\/a>\n<\/div>\n\n<div class=\"application-platform-content-item-installation application-platform-content-item\" id=\"installation\" data-nav-section=\"installation\">\n<h2>Jak doda\u0107 modu\u0142 Form Builder do witryny Joomla<\/h2>\nWystarczy spe\u0142ni\u0107 poni\u017csze wskaz\u00f3wki, aby osadzi\u0107 narz\u0119dzie w Joomla.\n<ol>\n    <li><b>Zastosuj nasz darmowy edytor i zacznij tworzenie spersonalizowanego Kreatora formularzy. <\/b>Okre\u015bl preferowany interfejs i funkcjonalno\u015b\u0107 rozszerzenia oraz zastosuj modyfikacje.<\/li>\n    <li><b>Odbierz sw\u00f3j osobisty kod pojawiaj\u0105cy si\u0119 w specjalnym formularzu w aplikacjach Elfsight. <\/b>Gdy tylko konfiguracja Twojego osobistego rozszerzenia zostanie zako\u0144czona, skopiuj osobisty kod z wy\u015bwietlonego okna i zachowaj go do dalszego wykorzystania.<\/li>\n    <li><b>Rozpocznij stosowanie wtyczki na stronie Joomla . <\/b>Wstaw skopiowany niedawno kod do swojej witryny i zastosuj ulepszenia.<\/li>\n    <li><b>Instalacja zosta\u0142a ca\u0142kowicie uko\u0144czona. <\/b>Odwied\u017a swoj\u0105 stron\u0119, aby sprawdzi\u0107, jak dzia\u0142a wtyczka.<\/li>\n<\/ol>\nWyst\u0119puj\u0105 problemy podczas korzystania z przewodnika? Zostaw zapytanie w centrum wsparcia Elfsight lub przeanalizuj szczeg\u00f3\u0142owy wariant samouczka \u00ab<a href=\"https:\/\/elfsight.com\/tutorials\/how-to-add-form-builder-extension-to-joomla\/\">Jak aby doda\u0107 Formularze do witryny Joomla<\/a>\u00bb i samodzielnie doko\u0144cz konfigurowanie.\n<\/div>\n\n<div class=\"faq\" data-component=\"FAQ\">\n<div class=\"faq-item\">\r\n\t\t\t\t\t<div class=\"faq-item-question\">\r\n\t\t\t\t\t\t<h3 class=\"faq-item-question-text\">Czy Twoje formularze s\u0105 bezpieczne?<\/h3>\r\n\r\n\t\t\t\t\t\t<div class=\"faq-item-question-icon\"><\/div>\r\n\t\t\t\t\t<\/div>\r\n\r\n\t\t\t\t\t<div class=\"faq-item-answer\">\r\n\t\t\t\t\t\t<div class=\"faq-item-answer-text\">Kreator formularzy Elfsight widget jest zintegrowany z najbardziej atrakcyjnym narz\u0119dziem reCAPTCHA. Ma chroni\u0107 Twoje formularze i skrzynk\u0119 pocztow\u0105 przed spamem oraz zapewnia\u0107 \u0142atw\u0105 prac\u0119 i tylko zyskowne dane.<\/div>\r\n\t\t\t\t\t<\/div>\r\n\t\t\t\t<\/div>\n<div class=\"faq-item\">\r\n\t\t\t\t\t<div class=\"faq-item-question\">\r\n\t\t\t\t\t\t<h3 class=\"faq-item-question-text\">Czy s\u0105 jakie\u015b szablony obs\u0142uguj\u0105ce formularze logiki warunkowej \/ formularze z wieloma polami \/ formularze e-mail ?<\/h3>\r\n\r\n\t\t\t\t\t\t<div class=\"faq-item-question-icon\"><\/div>\r\n\t\t\t\t\t<\/div>\r\n\r\n\t\t\t\t\t<div class=\"faq-item-answer\">\r\n\t\t\t\t\t\t<div class=\"faq-item-answer-text\">Z pewno\u015bci\u0105! Wszystko, co musisz zrobi\u0107, to zalogowa\u0107 si\u0119 do us\u0142ugi Elfsight Apps i wybra\u0107 odpowiedni szablon, a nast\u0119pnie przyst\u0105pi\u0107 do tworzenia spersonalizowanego narz\u0119dzia.<\/div>\r\n\t\t\t\t\t<\/div>\r\n\t\t\t\t<\/div>\n<div class=\"faq-item\">\r\n\t\t\t\t\t<div class=\"faq-item-question\">\r\n\t\t\t\t\t\t<h3 class=\"faq-item-question-text\">Jak mog\u0119 zbudowa\u0107 kontakt lub opini\u0119 formularz dla mojej witryny Joomla?<\/h3>\r\n\r\n\t\t\t\t\t\t<div class=\"faq-item-question-icon\"><\/div>\r\n\t\t\t\t\t<\/div>\r\n\r\n\t\t\t\t\t<div class=\"faq-item-answer\">\r\n\t\t\t\t\t\t<div class=\"faq-item-answer-text\"> Aby zaprojektowa\u0107 formularz kontaktowy \/ formularz opinii, musisz zalogowa\u0107 si\u0119 na stronie Elfsight Apps i wprowadzi\u0107 wszystkie istotne modyfikacje w wid\u017cecie. Po dokonaniu zmian zapisz zmiany i przejd\u017a do swojej witryny. To proste.<\/div>\r\n\t\t\t\t\t<\/div>\r\n\t\t\t\t<\/div>\n<div class=\"faq-item\">\r\n\t\t\t\t\t<div class=\"faq-item-question\">\r\n\t\t\t\t\t\t<h3 class=\"faq-item-question-text\">Czy masz jakie\u015b wst\u0119pnie zaprojektowane szablony Kreatora formularzy dla witryny Joomla?<\/h3>\r\n\r\n\t\t\t\t\t\t<div class=\"faq-item-question-icon\"><\/div>\r\n\t\t\t\t\t<\/div>\r\n\r\n\t\t\t\t\t<div class=\"faq-item-answer\">\r\n\t\t\t\t\t\t<div class=\"faq-item-answer-text\">Tak. Nasz zesp\u00f3\u0142 ci\u0119\u017cko pracowa\u0142 nad stworzeniem ogromnej kolekcji ponad 300 szablon\u00f3w, takich jak <a href=\"https:\/\/elfsight.com\/online-form-builder\/templates\/application-forms\/\">Formularze zg\u0142oszeniowe<\/a>, <a href=\"https:\/\/elfsight.com\/online-form-builder\/templates\/booking-forms\/\">Formularze rezerwacji<\/a>, <a href=\"https:\/\/elfsight.com\/online-form-builder\/templates\/order-forms\/\">Formularze zam\u00f3wie\u0144<\/a>, <a href=\"https:\/\/elfsight.com\/online-form-builder\/templates\/product-forms\/\">Formularze produkt\u00f3w<\/a>, <a href=\"https:\/\/elfsight.com\/online-form-builder\/templates\/questionnaires\/\">kwestionariusze<\/a>, <a href=\"https:\/\/elfsight.com\/online-form-builder\/templates\/quizzes\/\">Quizy<\/a>, <a href=\"https:\/\/elfsight.com\/online-form-builder\/templates\/surveys\/\">Ankiety<\/a>, <a href=\"https:\/\/elfsight.com\/online-form-builder\/templates\/file-upload-forms\/\">Formularze przesy\u0142ania plik\u00f3w<\/a> i wiele innych. Dlatego znalezienie odpowiedniego dopasowania dzi\u0119ki <a href=\"https:\/\/elfsight.com\/online-form-builder\/templates\/\">szablonom Kreatora formularzy<\/a> nie b\u0119dzie takie trudne.<\/div>\r\n\t\t\t\t\t<\/div>\r\n\t\t\t\t<\/div>\n<\/div>","protected":false},"excerpt":{"rendered":"","protected":false},"author":9,"featured_media":0,"parent":2133,"menu_order":0,"comment_status":"closed","ping_status":"closed","template":"templates\/template-application-platform.php","meta":{"publish_to_discourse":"","publish_post_category":"","wpdc_auto_publish_overridden":"","wpdc_topic_tags":"","wpdc_pin_topic":"","wpdc_pin_until":"","discourse_post_id":"","discourse_permalink":"","wpdc_publishing_response":"","wpdc_publishing_error":"","footnotes":""},"class_list":["post-5303","page","type-page","status-publish","hentry"],"yoast_head":"<!-- This site is optimized with the Yoast SEO plugin v25.3.1 - https:\/\/yoast.com\/wordpress\/plugins\/seo\/ -->\n<title>Tw\u00f3rz i dodawaj niestandardowe formularze w Joomla za darmo!<\/title>\n<meta name=\"description\" content=\"Skonfiguruj prosty Kreator formularzy na swojej stronie Joomla w ci\u0105gu zaledwie kilku minut. B\u0142yskawiczna i \u0142atwa budowa dowolnego formularza internetowego. Rozszerzenie formularza przez Elfsight.\" \/>\n<meta name=\"robots\" content=\"index, follow, max-snippet:-1, max-image-preview:large, max-video-preview:-1\" \/>\n<link rel=\"canonical\" href=\"https:\/\/elfsight.com\/pl\/online-form-builder\/joomla\/\" \/>\n<meta property=\"og:locale\" content=\"pl_PL\" \/>\n<meta property=\"og:type\" content=\"article\" \/>\n<meta property=\"og:title\" content=\"Tw\u00f3rz i dodawaj niestandardowe formularze w Joomla za darmo!\" \/>\n<meta property=\"og:description\" content=\"Skonfiguruj prosty Kreator formularzy na swojej stronie Joomla w ci\u0105gu zaledwie kilku minut. B\u0142yskawiczna i \u0142atwa budowa dowolnego formularza internetowego. Rozszerzenie formularza przez Elfsight.\" \/>\n<meta property=\"og:url\" content=\"https:\/\/elfsight.com\/pl\/online-form-builder\/joomla\/\" \/>\n<meta property=\"og:site_name\" content=\"Elfsight PL\" \/>\n<meta property=\"article:modified_time\" content=\"2025-06-25T09:58:45+00:00\" \/>\n<meta name=\"twitter:card\" content=\"summary_large_image\" \/>\n<meta name=\"twitter:label1\" content=\"Szacowany czas czytania\" \/>\n\t<meta name=\"twitter:data1\" content=\"4 minuty\" \/>\n<!-- \/ Yoast SEO plugin. -->","yoast_head_json":{"title":"Tw\u00f3rz i dodawaj niestandardowe formularze w Joomla za darmo!","description":"Skonfiguruj prosty Kreator formularzy na swojej stronie Joomla w ci\u0105gu zaledwie kilku minut. B\u0142yskawiczna i \u0142atwa budowa dowolnego formularza internetowego. Rozszerzenie formularza przez Elfsight.","robots":{"index":"index","follow":"follow","max-snippet":"max-snippet:-1","max-image-preview":"max-image-preview:large","max-video-preview":"max-video-preview:-1"},"canonical":"https:\/\/elfsight.com\/pl\/online-form-builder\/joomla\/","og_locale":"pl_PL","og_type":"article","og_title":"Tw\u00f3rz i dodawaj niestandardowe formularze w Joomla za darmo!","og_description":"Skonfiguruj prosty Kreator formularzy na swojej stronie Joomla w ci\u0105gu zaledwie kilku minut. B\u0142yskawiczna i \u0142atwa budowa dowolnego formularza internetowego. Rozszerzenie formularza przez Elfsight.","og_url":"https:\/\/elfsight.com\/pl\/online-form-builder\/joomla\/","og_site_name":"Elfsight PL","article_modified_time":"2025-06-25T09:58:45+00:00","twitter_card":"summary_large_image","twitter_misc":{"Szacowany czas czytania":"4 minuty"},"schema":{"@context":"https:\/\/schema.org","@graph":[{"@type":"WebPage","@id":"https:\/\/elfsight.com\/pl\/online-form-builder\/joomla\/","url":"https:\/\/elfsight.com\/pl\/online-form-builder\/joomla\/","name":"Tw\u00f3rz i dodawaj niestandardowe formularze w Joomla za darmo!","isPartOf":{"@id":"https:\/\/elfsight.com\/pl\/#website"},"datePublished":"2024-05-03T06:37:58+00:00","dateModified":"2025-06-25T09:58:45+00:00","description":"Skonfiguruj prosty Kreator formularzy na swojej stronie Joomla w ci\u0105gu zaledwie kilku minut. B\u0142yskawiczna i \u0142atwa budowa dowolnego formularza internetowego. Rozszerzenie formularza przez Elfsight.","breadcrumb":{"@id":"https:\/\/elfsight.com\/pl\/online-form-builder\/joomla\/#breadcrumb"},"inLanguage":"pl-PL","potentialAction":[{"@type":"ReadAction","target":["https:\/\/elfsight.com\/pl\/online-form-builder\/joomla\/"]}]},{"@type":"BreadcrumbList","@id":"https:\/\/elfsight.com\/pl\/online-form-builder\/joomla\/#breadcrumb","itemListElement":[{"@type":"ListItem","position":1,"name":"Home","item":"https:\/\/elfsight.com\/pl\/"},{"@type":"ListItem","position":2,"name":"Form Builder","item":"https:\/\/elfsight.com\/pl\/online-form-builder\/"},{"@type":"ListItem","position":3,"name":"Form Builder &#8211; Joomla"}]},{"@type":"WebSite","@id":"https:\/\/elfsight.com\/pl\/#website","url":"https:\/\/elfsight.com\/pl\/","name":"Elfsight PL","description":"Just another Elfsight Sites site","potentialAction":[{"@type":"SearchAction","target":{"@type":"EntryPoint","urlTemplate":"https:\/\/elfsight.com\/pl\/?s={search_term_string}"},"query-input":{"@type":"PropertyValueSpecification","valueRequired":true,"valueName":"search_term_string"}}],"inLanguage":"pl-PL"}]}},"meta_box":{"industry":"","seo_heading":"","heading":"","description":"","cta_heading":"","cta_description":"","application":"2132","h1":"Modu\u0142 konstruktora formularzy dla Joomla","h1_caption":"Tw\u00f3rz konfigurowalne formularze do dowolnego celu \u2013 opinie, ankiety, formularze kontaktowe \u2013 bez kodowania, co u\u0142atwia gromadzenie informacji od u\u017cytkownik\u00f3w w witrynie Joomla.","application_category":[],"applications_title":"","applications_request_title":"","applications_request_button_text":"","hero_text":"","hero_video":"","hero_video_schema_markup":"","selling_points_title":"","selling_points_caption":"","selling_points":[],"selling_points_cta_text":"","features_title":"","features":"","ed_cta_examples_text":"","ed_cta_examples_hidden":"","ed_cta_demo_text":"","ed_cta_demo_hidden":"","why_caption":"","why_editor_title":"","why_editor_text":"","why_team_title":"","why_team_text":"","why_service_title":"","why_service_text":"","template_catalog_visible":"0","template_catalog_title":"","template_catalog_text":"","template_catalog_categories_visible":"","demo_title":"Utw\u00f3rz wtyczk\u0119 do tworzenia formularzy","demo_caption":"Skonfiguruj kreator formularzy i dodaj go do swojej witryny Joomla za darmo!","default_faq_hidden":"","app_template_category":[],"platform":"53","template_public_id":"","codecanyon_url":"","codecanyon_item_id":"","codecanyon_price":"","pricing_caption":"","pricing_elfsight_apps_hide_column":"","pricing_elfsight_apps_url":"","pricing_codecanyon_price_caption":"","integration_category":[],"integration_request_title":"","integration_request_cta":"","integration_platform":"","integrations":[],"platform_category":[],"video_schema_markup":"","price":"od 0 USD \/ miesi\u0105c","trial":"","benefits":[{"text":"Bezp\u0142atna pomoc w monta\u017cu"},{"text":"Kompetentna obs\u0142uga klienta"},{"text":"14-dniowa gwarancja zwrotu pieni\u0119dzy"}],"button_url":"#demo","button_target_blank":"0","button_nofollow":"0","attributes":[{"name":"Instaluje"},{"name":"Czu\u0142y"},{"name":"Kompatybilne przegl\u0105darki"}],"tags":[],"tags_disable_links":"0","hide_more_platforms":"0","video_object":"","demo_hide_cta":"0","demo_hide_cloud_options":"0","pricing_title":"","pricing":[{"pricing_icon":"cloud","pricing_title":"Elfsight Apps","pricing_title_caption":"Oprogramowanie niezale\u017cne od platformy","pricing_price":"od 0 USD \/ miesi\u0105c","pricing_price_caption":"zacznij od bezp\u0142atnego planu","pricing_benefits":[{"text":"Nielimitowane domeny"},{"text":"Wsparcie premium i dobrze udokumentowane"},{"text":"Bezp\u0142atna pomoc w monta\u017cu"},{"text":"Oferta ograniczona czasowo dla wielu aplikacji"}],"pricing_button_text":"Dodaj do witryny","pricing_button_url":"#demo"}],"related_apps_title":"","related_apps_hidden":"0","author":"","image":[],"title":"","job":"","social_networks":[]},"_links":{"self":[{"href":"https:\/\/elfsight.com\/pl\/wp-json\/wp\/v2\/pages\/5303","targetHints":{"allow":["GET"]}}],"collection":[{"href":"https:\/\/elfsight.com\/pl\/wp-json\/wp\/v2\/pages"}],"about":[{"href":"https:\/\/elfsight.com\/pl\/wp-json\/wp\/v2\/types\/page"}],"author":[{"embeddable":true,"href":"https:\/\/elfsight.com\/pl\/wp-json\/wp\/v2\/users\/9"}],"replies":[{"embeddable":true,"href":"https:\/\/elfsight.com\/pl\/wp-json\/wp\/v2\/comments?post=5303"}],"version-history":[{"count":3,"href":"https:\/\/elfsight.com\/pl\/wp-json\/wp\/v2\/pages\/5303\/revisions"}],"predecessor-version":[{"id":10496,"href":"https:\/\/elfsight.com\/pl\/wp-json\/wp\/v2\/pages\/5303\/revisions\/10496"}],"up":[{"embeddable":true,"href":"https:\/\/elfsight.com\/pl\/wp-json\/wp\/v2\/pages\/2133"}],"wp:attachment":[{"href":"https:\/\/elfsight.com\/pl\/wp-json\/wp\/v2\/media?parent=5303"}],"curies":[{"name":"wp","href":"https:\/\/api.w.org\/{rel}","templated":true}]}}