{"id":5301,"date":"2024-05-03T06:37:56","date_gmt":"2024-05-03T06:37:56","guid":{"rendered":"https:\/\/elfsight.com\/pl\/?page_id=5301"},"modified":"2025-06-25T10:00:03","modified_gmt":"2025-06-25T10:00:03","slug":"magento","status":"publish","type":"page","link":"https:\/\/elfsight.com\/pl\/online-form-builder\/magento\/","title":{"rendered":"Form Builder &#8211; Magento"},"content":{"rendered":"<div class=\"application-platform-content-item-description application-platform-content-item\" id=\"description\" data-nav-section=\"description\">\n<h2>Niestandardowy kreator formularzy dla Magento<\/h2>\nNasz Magento Form Builder to idealne rozwi\u0105zanie do tworzenia niestandardowych formularzy do wype\u0142niania, kt\u00f3re mo\u017cna \u0142atwo zintegrowa\u0107 z Twoim sklepem internetowym. Dzi\u0119ki naszemu rozszerzeniu do tworzenia niestandardowych formularzy Magento mo\u017cesz tworzy\u0107 r\u00f3\u017cne formaty formularzy i p\u0142ynnie zbiera\u0107 informacje od swoich klient\u00f3w. Niezale\u017cnie od tego, czy chcesz zbiera\u0107 opinie, oceny, rezerwacje czy dane dotycz\u0105ce sprzeda\u017cy, nasz Kreator formularzy zapewni Ci narz\u0119dzia potrzebne do utworzenia niestandardowego formularza spe\u0142niaj\u0105cego Twoje specyficzne potrzeby. Dzi\u0119ki elastycznej strukturze i szerokiej gamie predefiniowanych element\u00f3w Tw\u00f3j formularz b\u0119dzie zar\u00f3wno przyjazny dla u\u017cytkownika, jak i atrakcyjny wizualnie. Je\u015bli wi\u0119c szukasz pot\u0119\u017cnego narz\u0119dzia do tworzenia formularzy Magento, kt\u00f3re pomo\u017ce Ci usprawni\u0107 proces gromadzenia danych, nie szukaj dalej ni\u017c nasze rozszerzenie Kreatora formularzy.\n<b>Otrzymuj opinie klient\u00f3w, otrzymuj rezerwacje i pro\u015bby od klient\u00f3w Twojej witryny!<\/b>\n<ul>\n    <li><b>Tw\u00f3rz atrakcyjne formularze, aby zebra\u0107 wi\u0119cej opinii<\/b>.Wypr\u00f3buj ka\u017cde ustawienie rozszerzenia Elfsight, aby stworzy\u0107 praktyczne formularze do wype\u0142niania. Wybierz segmenty i zdefiniuj wz\u00f3r, aby Twoje formy by\u0142y dobrze ukszta\u0142towane i por\u0119czne. U\u017cyj ustawie\u0144 stylu, aby uzyska\u0107 atrakcyjny interfejs, kt\u00f3ry pomo\u017ce Ci zebra\u0107 wi\u0119cej opinii.<\/li>\n    <li><b>Zwi\u0119ksz liczb\u0119 potencjalnych klient\u00f3w dzi\u0119ki \u0142atwym do zarz\u0105dzania formularzom<\/b>. Nie pozw\u00f3l u\u017cytkownikom porzuca\u0107 procesu wype\u0142niania w celu niekompletno\u015bci brakuje Ci cennych informacji zwrotnych. Generuj formularze z wygodnymi krokami i wygodn\u0105 struktur\u0105, kt\u00f3re utrzymaj\u0105 zaanga\u017cowanie klient\u00f3w do samego ko\u0144ca i zwi\u0119ksz\u0105 liczb\u0119 potencjalnych klient\u00f3w.<\/li>\n    <li><b>Oszcz\u0119dzaj czas i pieni\u0105dze dzi\u0119ki wielofunkcyjnemu narz\u0119dziu<\/b>.To rozszerzenie all-in-one umo\u017cliwia projektowanie form r\u00f3\u017cnego typu z r\u00f3\u017cnorodnymi zestawami element\u00f3w i r\u00f3\u017cn\u0105 struktur\u0105. Pomo\u017ce Ci to kszta\u0142towa\u0107 formularze tak, aby gromadzi\u0142y r\u00f3\u017cnego rodzaju informacje bez wydawania dodatkowych pieni\u0119dzy i czasu.<\/li>\n<\/ul>\n<\/div>\n\n<div class=\"application-platform-content-item-features application-platform-content-item\" id=\"features\" data-nav-section=\"features\">\n<h2>Funkcje wtyczki do tworzenia formularzy<\/h2>\nDlaczego Elfsight Custom Form Builder jest wtyczk\u0105 numer jeden do otrzymywania opinii i odpowiedzi u\u017cytkownik\u00f3w na temat Magento?\n<ul>\n    <li>18 typ\u00f3w p\u00f3l do spe\u0142nienia prawie ka\u017cdego zadania gromadzenia danych;<\/li>\n    <li>Ka\u017cde pole mo\u017cna utworzy\u0107 wymagane do wype\u0142nienia, oznaczaj\u0105ce to symbolem gwiazdki (*);<\/li>\n    <li>Przypisz dowolny adres e-mail, a wyniki wype\u0142nienia formularza zostan\u0105 na niego automatycznie przes\u0142ane;<\/li>\n    <li>Opcjonalnie zapisz funkcj\u0119 post\u0119pu wype\u0142niania;<\/li>\n    <li>5 predefiniowanych styl\u00f3w p\u00f3l formularzy.<\/li>\n<\/ul>\n<a href=\"#demo\">Przetestuj wszystkie zalety w wersji demonstracyjnej na \u017cywo<\/a>\n<\/div>\n\n<div class=\"application-platform-content-item-installation application-platform-content-item\" id=\"installation\" data-nav-section=\"installation\">\n<h2>Jak doda\u0107 rozszerzenie Form Builder do witryny Magento<\/h2>\nWystarczy post\u0119powa\u0107 zgodnie z poni\u017cszymi instrukcjami, aby zintegrowa\u0107 rozszerzenie z Magento.\n<ol>\n    <li><b>Otw\u00f3rz nasze bezp\u0142atne demo i rozpocznij tworzenie spersonalizowanego rozszerzenia. <\/b>Okre\u015bl preferowan\u0105 form\u0119 i funkcjonalno\u015b\u0107 narz\u0119dzia oraz zapisz zmiany.<\/li>\n    <li><b>Skopiuj sw\u00f3j indywidualny kod ujawniony w specjalnym formularzu w aplikacjach Elfsight. <\/b>Po skonfigurowaniu osobistego rozszerzenia Form Builder skopiuj osobisty kod z wy\u015bwietlonego okna i zachowaj go na dalsze potrzeby.<\/li>\n    <li><b>Wprowad\u017a zgod\u0119 na korzystanie z rozszerzenia na stronie Magento . <\/b>Osad\u017a ostatnio skopiowany kod na swojej stronie g\u0142\u00f3wnej i zastosuj modyfikacje.<\/li>\n    <li><b>Gotowe! Konfiguracja zosta\u0142a w pe\u0142ni uko\u0144czona. <\/b>Wejd\u017a na swoj\u0105 witryn\u0119 i sprawd\u017a dzia\u0142anie wid\u017cetu.<\/li>\n<\/ol>\nPotrzebujesz pomocy przy wstawianiu lub projektowaniu rozszerzenia? Nasz zesp\u00f3\u0142 centrum pomocy z przyjemno\u015bci\u0105 udzieli pomocy i doda rozwi\u0105zanie! Mo\u017cesz tak\u017ce rozwi\u0105za\u0107 problem samodzielnie, korzystaj\u0105c z naszego obszernego przewodnika \u00ab<a href=\"https:\/\/elfsight.com\/tutorials\/how-to-add-form-builder-extension-to-magento\/\">Jak zainstalowa\u0107 niestandardow\u0105 Rozszerzenie formularza na stronie Magento<\/a>\u00bb.\n<\/div>\n\n<div class=\"faq\" data-component=\"FAQ\">\n<div class=\"faq-item\">\r\n\t\t\t\t\t<div class=\"faq-item-question\">\r\n\t\t\t\t\t\t<h3 class=\"faq-item-question-text\">Czy Twoje formularze s\u0105 bezpieczne?<\/h3>\r\n\r\n\t\t\t\t\t\t<div class=\"faq-item-question-icon\"><\/div>\r\n\t\t\t\t\t<\/div>\r\n\r\n\t\t\t\t\t<div class=\"faq-item-answer\">\r\n\t\t\t\t\t\t<div class=\"faq-item-answer-text\">Widget Elfsight Form Builder jest wstawiany z jednym z najbardziej przekonuj\u0105ca us\u0142uga bezpiecze\u0144stwa reCAPTCHA. Zosta\u0142 dodany, aby chroni\u0107 Twoje formularze i skrzynk\u0119 pocztow\u0105 przed spamem i botami oraz zapewni\u0107 p\u0142ynn\u0105 prac\u0119 i tylko cenne dane.<\/div>\r\n\t\t\t\t\t<\/div>\r\n\t\t\t\t<\/div>\n<div class=\"faq-item\">\r\n\t\t\t\t\t<div class=\"faq-item-question\">\r\n\t\t\t\t\t\t<h3 class=\"faq-item-question-text\">Czy istniej\u0105 szablony obs\u0142uguj\u0105ce formularze logiki warunkowej \/ wiele p\u00f3l \/ e-maile?<\/h3>\r\n\r\n\t\t\t\t\t\t<div class=\"faq-item-question-icon\"><\/div>\r\n\t\t\t\t\t<\/div>\r\n\r\n\t\t\t\t\t<div class=\"faq-item-answer\">\r\n\t\t\t\t\t\t<div class=\"faq-item-answer-text\">Z pewno\u015bci\u0105! Wszystko, co musisz zrobi\u0107, to zalogowa\u0107 si\u0119 do aplikacji Elfsight i wybra\u0107 odpowiedni szablon, a nast\u0119pnie przyst\u0105pi\u0107 do tworzenia spersonalizowanego wid\u017cetu.<\/div>\r\n\t\t\t\t\t<\/div>\r\n\t\t\t\t<\/div>\n<div class=\"faq-item\">\r\n\t\t\t\t\t<div class=\"faq-item-question\">\r\n\t\t\t\t\t\t<h3 class=\"faq-item-question-text\">Jak zbudowa\u0107 formularz kontaktowy \/ opinii dla mojego Witryna Magento?<\/h3>\r\n\r\n\t\t\t\t\t\t<div class=\"faq-item-question-icon\"><\/div>\r\n\t\t\t\t\t<\/div>\r\n\r\n\t\t\t\t\t<div class=\"faq-item-answer\">\r\n\t\t\t\t\t\t<div class=\"faq-item-answer-text\"> Aby zaprojektowa\u0107 formularz kontaktowy lub formularz opinii, nale\u017cy zalogowa\u0107 si\u0119 na stronie Elfsight Apps i przeprowadzi\u0107 wszystkie istotne zmiany w narz\u0119dziu. Nast\u0119pnie zapisz zmiany i przejd\u017a do swojej witryny. Wszystko gotowe.<\/div>\r\n\t\t\t\t\t<\/div>\r\n\t\t\t\t<\/div>\n<div class=\"faq-item\">\r\n\t\t\t\t\t<div class=\"faq-item-question\">\r\n\t\t\t\t\t\t<h3 class=\"faq-item-question-text\">Czy masz jakie\u015b wst\u0119pnie zaprojektowane szablony Form Builder dla witryny Magento?<\/h3>\r\n\r\n\t\t\t\t\t\t<div class=\"faq-item-question-icon\"><\/div>\r\n\t\t\t\t\t<\/div>\r\n\r\n\t\t\t\t\t<div class=\"faq-item-answer\">\r\n\t\t\t\t\t\t<div class=\"faq-item-answer-text\">Tak. Nasz zesp\u00f3\u0142 ci\u0119\u017cko pracowa\u0142 nad stworzeniem ogromnej kolekcji ponad 300 szablon\u00f3w, takich jak <a href=\"https:\/\/elfsight.com\/online-form-builder\/templates\/application-forms\/\">Formularze zg\u0142oszeniowe<\/a>, <a href=\"https:\/\/elfsight.com\/online-form-builder\/templates\/booking-forms\/\">Formularze rezerwacji<\/a>, <a href=\"https:\/\/elfsight.com\/online-form-builder\/templates\/order-forms\/\">Formularze zam\u00f3wie\u0144<\/a>, <a href=\"https:\/\/elfsight.com\/online-form-builder\/templates\/product-forms\/\">Formularze produkt\u00f3w<\/a>, <a href=\"https:\/\/elfsight.com\/online-form-builder\/templates\/questionnaires\/\">kwestionariusze<\/a>, <a href=\"https:\/\/elfsight.com\/online-form-builder\/templates\/quizzes\/\">Quizy<\/a>, <a href=\"https:\/\/elfsight.com\/online-form-builder\/templates\/surveys\/\">Ankiety<\/a>, <a href=\"https:\/\/elfsight.com\/online-form-builder\/templates\/file-upload-forms\/\">Formularze przesy\u0142ania plik\u00f3w<\/a> i wiele innych. Dlatego znalezienie odpowiedniego dopasowania dzi\u0119ki <a href=\"https:\/\/elfsight.com\/online-form-builder\/templates\/\">szablonom Kreatora formularzy<\/a> nie b\u0119dzie takie trudne.<\/div>\r\n\t\t\t\t\t<\/div>\r\n\t\t\t\t<\/div>\n<\/div>","protected":false},"excerpt":{"rendered":"","protected":false},"author":9,"featured_media":0,"parent":2133,"menu_order":0,"comment_status":"closed","ping_status":"closed","template":"templates\/template-application-platform.php","meta":{"publish_to_discourse":"","publish_post_category":"","wpdc_auto_publish_overridden":"","wpdc_topic_tags":"","wpdc_pin_topic":"","wpdc_pin_until":"","discourse_post_id":"","discourse_permalink":"","wpdc_publishing_response":"","wpdc_publishing_error":"","footnotes":""},"class_list":["post-5301","page","type-page","status-publish","hentry"],"yoast_head":"<!-- This site is optimized with the Yoast SEO plugin v25.3.1 - https:\/\/yoast.com\/wordpress\/plugins\/seo\/ -->\n<title>Tw\u00f3rz i dodawaj niestandardowe formularze na Magento za darmo!<\/title>\n<meta name=\"description\" content=\"Przetestuj ju\u017c teraz nasz niestandardowy Kreator formularzy dla Magento. Wygeneruj indywidualne rozszerzenie formularza dla swojej witryny tylko w kilka minut!\" \/>\n<meta name=\"robots\" content=\"index, follow, max-snippet:-1, max-image-preview:large, max-video-preview:-1\" \/>\n<link rel=\"canonical\" href=\"https:\/\/elfsight.com\/pl\/online-form-builder\/magento\/\" \/>\n<meta property=\"og:locale\" content=\"pl_PL\" \/>\n<meta property=\"og:type\" content=\"article\" \/>\n<meta property=\"og:title\" content=\"Tw\u00f3rz i dodawaj niestandardowe formularze na Magento za darmo!\" \/>\n<meta property=\"og:description\" content=\"Przetestuj ju\u017c teraz nasz niestandardowy Kreator formularzy dla Magento. Wygeneruj indywidualne rozszerzenie formularza dla swojej witryny tylko w kilka minut!\" \/>\n<meta property=\"og:url\" content=\"https:\/\/elfsight.com\/pl\/online-form-builder\/magento\/\" \/>\n<meta property=\"og:site_name\" content=\"Elfsight PL\" \/>\n<meta property=\"article:modified_time\" content=\"2025-06-25T10:00:03+00:00\" \/>\n<meta name=\"twitter:card\" content=\"summary_large_image\" \/>\n<meta name=\"twitter:label1\" content=\"Szacowany czas czytania\" \/>\n\t<meta name=\"twitter:data1\" content=\"4 minuty\" \/>\n<!-- \/ Yoast SEO plugin. -->","yoast_head_json":{"title":"Tw\u00f3rz i dodawaj niestandardowe formularze na Magento za darmo!","description":"Przetestuj ju\u017c teraz nasz niestandardowy Kreator formularzy dla Magento. Wygeneruj indywidualne rozszerzenie formularza dla swojej witryny tylko w kilka minut!","robots":{"index":"index","follow":"follow","max-snippet":"max-snippet:-1","max-image-preview":"max-image-preview:large","max-video-preview":"max-video-preview:-1"},"canonical":"https:\/\/elfsight.com\/pl\/online-form-builder\/magento\/","og_locale":"pl_PL","og_type":"article","og_title":"Tw\u00f3rz i dodawaj niestandardowe formularze na Magento za darmo!","og_description":"Przetestuj ju\u017c teraz nasz niestandardowy Kreator formularzy dla Magento. Wygeneruj indywidualne rozszerzenie formularza dla swojej witryny tylko w kilka minut!","og_url":"https:\/\/elfsight.com\/pl\/online-form-builder\/magento\/","og_site_name":"Elfsight PL","article_modified_time":"2025-06-25T10:00:03+00:00","twitter_card":"summary_large_image","twitter_misc":{"Szacowany czas czytania":"4 minuty"},"schema":{"@context":"https:\/\/schema.org","@graph":[{"@type":"WebPage","@id":"https:\/\/elfsight.com\/pl\/online-form-builder\/magento\/","url":"https:\/\/elfsight.com\/pl\/online-form-builder\/magento\/","name":"Tw\u00f3rz i dodawaj niestandardowe formularze na Magento za darmo!","isPartOf":{"@id":"https:\/\/elfsight.com\/pl\/#website"},"datePublished":"2024-05-03T06:37:56+00:00","dateModified":"2025-06-25T10:00:03+00:00","description":"Przetestuj ju\u017c teraz nasz niestandardowy Kreator formularzy dla Magento. Wygeneruj indywidualne rozszerzenie formularza dla swojej witryny tylko w kilka minut!","breadcrumb":{"@id":"https:\/\/elfsight.com\/pl\/online-form-builder\/magento\/#breadcrumb"},"inLanguage":"pl-PL","potentialAction":[{"@type":"ReadAction","target":["https:\/\/elfsight.com\/pl\/online-form-builder\/magento\/"]}]},{"@type":"BreadcrumbList","@id":"https:\/\/elfsight.com\/pl\/online-form-builder\/magento\/#breadcrumb","itemListElement":[{"@type":"ListItem","position":1,"name":"Home","item":"https:\/\/elfsight.com\/pl\/"},{"@type":"ListItem","position":2,"name":"Form Builder","item":"https:\/\/elfsight.com\/pl\/online-form-builder\/"},{"@type":"ListItem","position":3,"name":"Form Builder &#8211; Magento"}]},{"@type":"WebSite","@id":"https:\/\/elfsight.com\/pl\/#website","url":"https:\/\/elfsight.com\/pl\/","name":"Elfsight PL","description":"Just another Elfsight Sites site","potentialAction":[{"@type":"SearchAction","target":{"@type":"EntryPoint","urlTemplate":"https:\/\/elfsight.com\/pl\/?s={search_term_string}"},"query-input":{"@type":"PropertyValueSpecification","valueRequired":true,"valueName":"search_term_string"}}],"inLanguage":"pl-PL"}]}},"meta_box":{"industry":"","seo_heading":"","heading":"","description":"","cta_heading":"","cta_description":"","application":"2132","h1":"Rozszerzenie Form Builder dla Magento","h1_caption":"Tw\u00f3rz konfigurowalne formularze do dowolnego celu \u2013 opinie, ankiety, formularze kontaktowe \u2013 bez kodowania, co u\u0142atwia gromadzenie informacji od u\u017cytkownik\u00f3w w Twojej witrynie Magento.","application_category":[],"applications_title":"","applications_request_title":"","applications_request_button_text":"","hero_text":"","hero_video":"","hero_video_schema_markup":"","selling_points_title":"","selling_points_caption":"","selling_points":[],"selling_points_cta_text":"","features_title":"","features":"","ed_cta_examples_text":"","ed_cta_examples_hidden":"","ed_cta_demo_text":"","ed_cta_demo_hidden":"","why_caption":"","why_editor_title":"","why_editor_text":"","why_team_title":"","why_team_text":"","why_service_title":"","why_service_text":"","template_catalog_visible":"0","template_catalog_title":"","template_catalog_text":"","template_catalog_categories_visible":"","demo_title":"Utw\u00f3rz rozszerzenie Kreatora formularzy","demo_caption":"Skonfiguruj Kreator formularzy i dodaj go do swojej witryny Magento za darmo!","default_faq_hidden":"","app_template_category":[],"platform":"92","template_public_id":"","codecanyon_url":"","codecanyon_item_id":"","codecanyon_price":"","pricing_caption":"","pricing_elfsight_apps_hide_column":"","pricing_elfsight_apps_url":"","pricing_codecanyon_price_caption":"","integration_category":[],"integration_request_title":"","integration_request_cta":"","integration_platform":"","integrations":[],"platform_category":[],"video_schema_markup":"","price":"od 0 USD \/ miesi\u0105c","trial":"","benefits":[{"text":"Bezp\u0142atna pomoc w monta\u017cu"},{"text":"Profesjonalna obs\u0142uga klienta"},{"text":"14-dniowa gwarancja zwrotu pieni\u0119dzy"}],"button_url":"#demo","button_target_blank":"0","button_nofollow":"0","attributes":[{"name":"Instaluje"},{"name":"Czu\u0142y"},{"name":"Kompatybilne przegl\u0105darki"}],"tags":[],"tags_disable_links":"0","hide_more_platforms":"0","video_object":"","demo_hide_cta":"0","demo_hide_cloud_options":"0","pricing_title":"","pricing":[{"pricing_icon":"platform","pricing_title":"Elfsight Apps","pricing_title_caption":"Niezale\u017cne od platformy rozwi\u0105zanie cyfrowe, kt\u00f3re dzia\u0142a na ka\u017cdej stronie","pricing_price":"od 0 USD \/ miesi\u0105c","pricing_price_caption":"zacznij od bezp\u0142atnego planu","pricing_benefits":[{"text":"Nielimitowane domeny"},{"text":"Profesjonalne wsparcie firmy i dobrze udokumentowane"},{"text":"Bezp\u0142atne wsparcie przy instalacji"},{"text":"100% konfigurowalny"}],"pricing_button_text":"Dodaj do witryny","pricing_button_url":"#demo"}],"related_apps_title":"","related_apps_hidden":"0","author":"","image":[],"title":"","job":"","social_networks":[]},"_links":{"self":[{"href":"https:\/\/elfsight.com\/pl\/wp-json\/wp\/v2\/pages\/5301","targetHints":{"allow":["GET"]}}],"collection":[{"href":"https:\/\/elfsight.com\/pl\/wp-json\/wp\/v2\/pages"}],"about":[{"href":"https:\/\/elfsight.com\/pl\/wp-json\/wp\/v2\/types\/page"}],"author":[{"embeddable":true,"href":"https:\/\/elfsight.com\/pl\/wp-json\/wp\/v2\/users\/9"}],"replies":[{"embeddable":true,"href":"https:\/\/elfsight.com\/pl\/wp-json\/wp\/v2\/comments?post=5301"}],"version-history":[{"count":2,"href":"https:\/\/elfsight.com\/pl\/wp-json\/wp\/v2\/pages\/5301\/revisions"}],"predecessor-version":[{"id":10497,"href":"https:\/\/elfsight.com\/pl\/wp-json\/wp\/v2\/pages\/5301\/revisions\/10497"}],"up":[{"embeddable":true,"href":"https:\/\/elfsight.com\/pl\/wp-json\/wp\/v2\/pages\/2133"}],"wp:attachment":[{"href":"https:\/\/elfsight.com\/pl\/wp-json\/wp\/v2\/media?parent=5301"}],"curies":[{"name":"wp","href":"https:\/\/api.w.org\/{rel}","templated":true}]}}