{"id":5295,"date":"2024-05-03T06:37:54","date_gmt":"2024-05-03T06:37:54","guid":{"rendered":"https:\/\/elfsight.com\/pl\/?page_id=5295"},"modified":"2024-11-14T12:45:42","modified_gmt":"2024-11-14T12:45:42","slug":"opencart","status":"publish","type":"page","link":"https:\/\/elfsight.com\/pl\/online-form-builder\/opencart\/","title":{"rendered":"Form Builder &#8211; OpenCart"},"content":{"rendered":"<div class=\"application-platform-content-item-description application-platform-content-item\" id=\"description\" data-nav-section=\"description\"><h2>Niestandardowy kreator formularzy dla OpenCart<\/h2>To kompleksowe rozwi\u0105zanie umo\u017cliwiaj\u0105ce tworzenie r\u00f3\u017cnego rodzaju formularzy wype\u0142niaj\u0105cych i wy\u015bwietlanie ich na dowolnej stronie internetowej. Uzyskuj dane od swoich obecnych i potencjalnych odbiorc\u00f3w za pomoc\u0105 praktycznych ankiet, formularzy opinii, pr\u00f3\u015bb o ocen\u0119 i innych typ\u00f3w formularzy. Zdefiniuj szkielet formularza, wybierz elementy, aby wygenerowa\u0107 unikalne formularze, kt\u00f3re przynios\u0105 Ci wi\u0119cej informacji zwrotnych od klient\u00f3w. Bez wzgl\u0119du na to, jakiego rodzaju informacji mo\u017cesz potrzebowa\u0107: wra\u017ce\u0144, ocen, rezerwacji i \u017c\u0105da\u0144 \u2013 Elfsight Form Builder umo\u017cliwi Ci utworzenie odpowiedniego formularza do ich wype\u0142nienia. Dzi\u0119ki elastycznej strukturze i r\u00f3\u017cnorodno\u015bci dost\u0119pnych segment\u00f3w Tw\u00f3j formularz b\u0119dzie \u0142atwy w obs\u0142udze dla Twoich klient\u00f3w i praktyczny dla Ciebie.<b>Za\u0142\u00f3\u017c rezerwacj\u0119 i zakupy za pomoc\u0105 praktycznych formularzy, aby zakupy by\u0142y szybkie i \u0142atwe!<\/b><ul> <li><b>Tw\u00f3rz atrakcyjne formularze, aby zebra\u0107 wi\u0119cej opinii<\/b>. Masz do dyspozycji wiele segment\u00f3w, kt\u00f3re umo\u017cliwiaj\u0105 projektowanie ekscytuj\u0105cych i funkcjonalnych formularzy. Zr\u00f3\u017cnicowane opcje stylu naszego rozszerzenia pomog\u0105 przyci\u0105gn\u0105\u0107 wzrok i przyci\u0105gn\u0105\u0107 wi\u0119cej klient\u00f3w do wype\u0142nienia.<\/li> <li><b>Zwi\u0119ksz liczb\u0119 lead\u00f3w dzi\u0119ki \u0142atwym do zarz\u0105dzania formularzom<\/b>.Nie pozw\u00f3l klientom odej\u015b\u0107 procedura nape\u0142niania niedoko\u0144czona. Kszta\u0142tuj formularze sk\u0142adaj\u0105ce si\u0119 z por\u0119cznych etap\u00f3w i o \u0142atwej strukturze, kt\u00f3re utrzymaj\u0105 zaanga\u017cowanie klient\u00f3w do samego ko\u0144ca i zwi\u0119ksz\u0105 liczb\u0119 lead\u00f3w.<\/li> <li><b>Oszcz\u0119dzaj czas i pieni\u0105dze dzi\u0119ki wielofunkcyjnemu narz\u0119dziu<\/b> To uniwersalne narz\u0119dzie pozwala na komponowanie r\u00f3\u017cnorodnych form z r\u00f3\u017cnymi zestawami komponent\u00f3w i r\u00f3\u017cnymi frameworkami. Pomo\u017ce Ci to skonfigurowa\u0107 formularze tak, aby zbiera\u0142y statystyki w r\u00f3\u017cnych formatach, bez po\u015bwi\u0119cania dodatkowych pieni\u0119dzy i czasu.<\/li><\/ul><\/div><div class=\"application-platform-content-item-features application-platform-content-item\" id=\"features\" data-nav-section=\"features\"><h2>Funkcje wtyczki do tworzenia formularzy<\/h2>Co sprawia, \u017ce \u200b\u200bnasz Kreator formularzy jest najlepszym rozszerzeniem do przesy\u0142ania opinii i pr\u00f3\u015bb w OpenCart?<ul> <li>Tw\u00f3rz klasyczne formularze i formularze krok po kroku \u0142\u0105cz\u0105ce elementy w grupy;<\/li> <li>Ka\u017cde pole mo\u017cna utworzy\u0107 wymagane do wype\u0142nienia, oznaczaj\u0105ce to symbolem gwiazdki (*);<\/li> <li>Przypisz dowolny adres e-mail, a wyniki wype\u0142nienia formularza zostan\u0105 tam automatycznie przes\u0142ane;<\/li> <li>Prze\u0142\u0105czany pasek post\u0119pu podczas wykonywania czynno\u015bci krok po kroku zastosowano format;<\/li> <li>5 predefiniowanych styl\u00f3w p\u00f3l formularzy.<\/li><\/ul><a href=\"#demo\">Wi\u0119cej funkcji w naszym edytorze<\/a><\/div><div class=\"application-platform-content-item-installation application-platform-content-item\" id=\"installation\" data-nav-section=\"installation\"><h2>Jak doda\u0107 Kreator formularzy do witryny OpenCart<\/h2>Wystarczy post\u0119powa\u0107 zgodnie z poni\u017cszymi instrukcjami, aby osadzi\u0107 wid\u017cet w OpenCart.<ol> <li><b>Zarz\u0105dzaj nasz\u0105 bezp\u0142atn\u0105 wersj\u0105 demonstracyjn\u0105 i rozpocznij tworzenie swojego w\u0142asne rozszerzenie. <\/b>Okre\u015bl preferowany uk\u0142ad i aspekty rozszerzenia oraz zapisz poprawki.<\/li> <li><b>Zdob\u0105d\u017a osobisty kod widoczny w pude\u0142ku w aplikacjach Elfsight. <\/b>Po zako\u0144czeniu tworzenia osobistego wid\u017cetu skopiuj ekskluzywny kod z wy\u015bwietlonego pola i zapisz go do wykorzystania w przysz\u0142o\u015bci.<\/li> <li><b>Rozpocznij korzystanie z Kreatora formularzy na swojej stronie OpenCart. <\/b>Umie\u015b\u0107 ostatnio skopiowany kod na swojej stronie internetowej i zapisz zmiany.<\/li> <li><b>Konfiguracja zosta\u0142a zako\u0144czona. <\/b>Wejd\u017a na swoj\u0105 stron\u0119 internetow\u0105, aby zobaczy\u0107 dzia\u0142anie narz\u0119dzia.<\/li><\/ol>Masz problemy z instalacj\u0105 rozszerzenia lub jego dostosowaniem? Wy\u015blij wiadomo\u015b\u0107 do obs\u0142ugi klienta Elfsight lub spr\u00f3buj przeczyta\u0107 kompletny przewodnik \u00ab<a href=\"https:\/\/elfsight.com\/tutorials\/how-to-add-form-builder-to-opencart\/\">Osadzanie rozszerzenia formularza na OpenCart<\/a>\u00bb.<div class=\"faq\" data-component=\"FAQ\"> <div class=\"faq-item\">\r\n\t\t\t\t\t<div class=\"faq-item-question\">\r\n\t\t\t\t\t\t<h3 class=\"faq-item-question-text\">Jak mog\u0119 doda\u0107 Kreatora formularzy do mojej witryny OpenCart bez umiej\u0119tno\u015bci kodowania?<\/h3>\r\n\r\n\t\t\t\t\t\t<div class=\"faq-item-question-icon\"><\/div>\r\n\t\t\t\t\t<\/div>\r\n\r\n\t\t\t\t\t<div class=\"faq-item-answer\">\r\n\t\t\t\t\t\t<div class=\"faq-item-answer-text\">Elfsight zapewnia rozwi\u0105zanie SaaS, kt\u00f3re pozwala samodzielnie utworzy\u0107 wid\u017cet Kreatora formularzy, zobacz, jakie to proste proces jest nast\u0119puj\u0105cy: Pracuj bezpo\u015brednio w edytorze online, aby utworzy\u0107 wid\u017cet Konstruktora formularzy, kt\u00f3ry chcia\u0142by\u015b zobaczy\u0107 na swojej stronie OpenCart. Wybierz jeden z gotowych szablon\u00f3w i dostosuj ustawienia Kreatora formularzy, dodaj tre\u015b\u0107, zmie\u0144 uk\u0142ad i schemat kolor\u00f3w bez umiej\u0119tno\u015bci kodowania. Zapisz Kreator formularzy i skopiuj jego kod instalacyjny, aby m\u00f3c po prostu doda\u0107 go do swojej witryny OpenCart bez konieczno\u015bci zakupu p\u0142atnej subskrypcji. Dzi\u0119ki naszemu intuicyjnemu edytorowi ka\u017cdy u\u017cytkownik Internetu mo\u017ce stworzy\u0107 wid\u017cet Form Builder online i \u0142atwo osadzi\u0107 go na swojej stronie OpenCart. Aby uzyska\u0107 dost\u0119p do us\u0142ugi, nie trzeba p\u0142aci\u0107 ani wprowadza\u0107 danych uwierzytelniaj\u0105cych karty. Je\u015bli na kt\u00f3rymkolwiek etapie napotkasz jakiekolwiek problemy, skontaktuj si\u0119 z naszym zespo\u0142em pomocy technicznej.<\/div>\r\n\t\t\t\t\t<\/div>\r\n\t\t\t\t<\/div><div class=\"faq-item\">\r\n\t\t\t\t\t<div class=\"faq-item-question\">\r\n\t\t\t\t\t\t<h3 class=\"faq-item-question-text\">Czy masz jakie\u015b wst\u0119pnie zaprojektowane szablony Kreatora formularzy dla witryny OpenCart?<\/h3>\r\n\r\n\t\t\t\t\t\t<div class=\"faq-item-question-icon\"><\/div>\r\n\t\t\t\t\t<\/div>\r\n\r\n\t\t\t\t\t<div class=\"faq-item-answer\">\r\n\t\t\t\t\t\t<div class=\"faq-item-answer-text\">Tak. Nasz zesp\u00f3\u0142 ci\u0119\u017cko pracowa\u0142 nad stworzeniem ogromnej kolekcji ponad 300 szablon\u00f3w, takich jak <a href=\"https:\/\/elfsight.com\/online-form-builder\/templates\/application-forms\/\">Formularze zg\u0142oszeniowe<\/a>, <a href=\"https:\/\/elfsight.com\/online-form-builder\/templates\/booking-forms\/\">Formularze rezerwacji<\/a>, <a href=\"https:\/\/elfsight.com\/online-form -builder\/templates\/order-forms\/\">Formularze zam\u00f3wie\u0144<\/a>, <a href=\"https:\/\/elfsight.com\/online-form-builder\/templates\/product-forms\/\">Formularze produkt\u00f3w<\/a>, <a href=\"https:\/\/elfsight.com\/online-form-builder\/templates\/questionnaires\/\">kwestionariusze<\/a>, <a href=\"https:\/\/elfsight.com\/online-form- builder\/templates\/quizzes\/\">Quizy<\/a>, <a href=\"https:\/\/elfsight.com\/online-form-builder\/templates\/surveys\/\">Ankiety<\/a>, <a href=\"https:\/\/elfsight.com\/online-form-builder\/templates\/file-upload-forms\/\">Formularze przesy\u0142ania plik\u00f3w<\/a> i wiele innych. Dlatego znalezienie odpowiedniego dopasowania dzi\u0119ki <a href=\"https:\/\/elfsight.com\/online-form-builder\/templates\/\">szablonom Kreatora formularzy<\/a> nie b\u0119dzie takie trudne.<\/div>\r\n\t\t\t\t\t<\/div>\r\n\t\t\t\t<\/div> <\/div><\/div>","protected":false},"excerpt":{"rendered":"","protected":false},"author":9,"featured_media":0,"parent":2133,"menu_order":0,"comment_status":"closed","ping_status":"closed","template":"templates\/template-application-platform.php","meta":{"publish_to_discourse":"","publish_post_category":"","wpdc_auto_publish_overridden":"","wpdc_topic_tags":"","wpdc_pin_topic":"","wpdc_pin_until":"","discourse_post_id":"","discourse_permalink":"","wpdc_publishing_response":"","wpdc_publishing_error":"","footnotes":""},"class_list":["post-5295","page","type-page","status-publish","hentry"],"yoast_head":"<!-- This site is optimized with the Yoast SEO plugin v25.3.1 - https:\/\/yoast.com\/wordpress\/plugins\/seo\/ -->\n<title>Utw\u00f3rz i dodaj niestandardowy formularz w OpenCart za darmo!<\/title>\n<meta name=\"description\" content=\"Zaprojektuj sw\u00f3j specjalny kreator formularzy online dla OpenCart w ci\u0105gu zaledwie kilku minut. Wypr\u00f3buj natychmiastowy edytor do projektowania rozszerzenia formularza firmy Elfsight ca\u0142kowicie za darmo.\" \/>\n<meta name=\"robots\" content=\"index, follow, max-snippet:-1, max-image-preview:large, max-video-preview:-1\" \/>\n<link rel=\"canonical\" href=\"https:\/\/elfsight.com\/pl\/online-form-builder\/opencart\/\" \/>\n<meta property=\"og:locale\" content=\"pl_PL\" \/>\n<meta property=\"og:type\" content=\"article\" \/>\n<meta property=\"og:title\" content=\"Utw\u00f3rz i dodaj niestandardowy formularz w OpenCart za darmo!\" \/>\n<meta property=\"og:description\" content=\"Zaprojektuj sw\u00f3j specjalny kreator formularzy online dla OpenCart w ci\u0105gu zaledwie kilku minut. Wypr\u00f3buj natychmiastowy edytor do projektowania rozszerzenia formularza firmy Elfsight ca\u0142kowicie za darmo.\" \/>\n<meta property=\"og:url\" content=\"https:\/\/elfsight.com\/pl\/online-form-builder\/opencart\/\" \/>\n<meta property=\"og:site_name\" content=\"Elfsight PL\" \/>\n<meta property=\"article:modified_time\" content=\"2024-11-14T12:45:42+00:00\" \/>\n<meta name=\"twitter:card\" content=\"summary_large_image\" \/>\n<meta name=\"twitter:label1\" content=\"Szacowany czas czytania\" \/>\n\t<meta name=\"twitter:data1\" content=\"4 minuty\" \/>\n<!-- \/ Yoast SEO plugin. -->","yoast_head_json":{"title":"Utw\u00f3rz i dodaj niestandardowy formularz w OpenCart za darmo!","description":"Zaprojektuj sw\u00f3j specjalny kreator formularzy online dla OpenCart w ci\u0105gu zaledwie kilku minut. Wypr\u00f3buj natychmiastowy edytor do projektowania rozszerzenia formularza firmy Elfsight ca\u0142kowicie za darmo.","robots":{"index":"index","follow":"follow","max-snippet":"max-snippet:-1","max-image-preview":"max-image-preview:large","max-video-preview":"max-video-preview:-1"},"canonical":"https:\/\/elfsight.com\/pl\/online-form-builder\/opencart\/","og_locale":"pl_PL","og_type":"article","og_title":"Utw\u00f3rz i dodaj niestandardowy formularz w OpenCart za darmo!","og_description":"Zaprojektuj sw\u00f3j specjalny kreator formularzy online dla OpenCart w ci\u0105gu zaledwie kilku minut. Wypr\u00f3buj natychmiastowy edytor do projektowania rozszerzenia formularza firmy Elfsight ca\u0142kowicie za darmo.","og_url":"https:\/\/elfsight.com\/pl\/online-form-builder\/opencart\/","og_site_name":"Elfsight PL","article_modified_time":"2024-11-14T12:45:42+00:00","twitter_card":"summary_large_image","twitter_misc":{"Szacowany czas czytania":"4 minuty"},"schema":{"@context":"https:\/\/schema.org","@graph":[{"@type":"WebPage","@id":"https:\/\/elfsight.com\/pl\/online-form-builder\/opencart\/","url":"https:\/\/elfsight.com\/pl\/online-form-builder\/opencart\/","name":"Utw\u00f3rz i dodaj niestandardowy formularz w OpenCart za darmo!","isPartOf":{"@id":"https:\/\/elfsight.com\/pl\/#website"},"datePublished":"2024-05-03T06:37:54+00:00","dateModified":"2024-11-14T12:45:42+00:00","description":"Zaprojektuj sw\u00f3j specjalny kreator formularzy online dla OpenCart w ci\u0105gu zaledwie kilku minut. Wypr\u00f3buj natychmiastowy edytor do projektowania rozszerzenia formularza firmy Elfsight ca\u0142kowicie za darmo.","breadcrumb":{"@id":"https:\/\/elfsight.com\/pl\/online-form-builder\/opencart\/#breadcrumb"},"inLanguage":"pl-PL","potentialAction":[{"@type":"ReadAction","target":["https:\/\/elfsight.com\/pl\/online-form-builder\/opencart\/"]}]},{"@type":"BreadcrumbList","@id":"https:\/\/elfsight.com\/pl\/online-form-builder\/opencart\/#breadcrumb","itemListElement":[{"@type":"ListItem","position":1,"name":"Home","item":"https:\/\/elfsight.com\/pl\/"},{"@type":"ListItem","position":2,"name":"Form Builder","item":"https:\/\/elfsight.com\/pl\/online-form-builder\/"},{"@type":"ListItem","position":3,"name":"Form Builder &#8211; OpenCart"}]},{"@type":"WebSite","@id":"https:\/\/elfsight.com\/pl\/#website","url":"https:\/\/elfsight.com\/pl\/","name":"Elfsight PL","description":"Just another Elfsight Sites site","potentialAction":[{"@type":"SearchAction","target":{"@type":"EntryPoint","urlTemplate":"https:\/\/elfsight.com\/pl\/?s={search_term_string}"},"query-input":{"@type":"PropertyValueSpecification","valueRequired":true,"valueName":"search_term_string"}}],"inLanguage":"pl-PL"}]}},"meta_box":{"industry":"","seo_heading":"","heading":"","description":"","cta_heading":"","cta_description":"","application":"2132","h1":"Kreator formularzy online dla OpenCart","h1_caption":"Tw\u00f3rz konfigurowalne formularze do dowolnego celu \u2013 opinie, ankiety, formularze kontaktowe \u2013 bez kodowania, co u\u0142atwia gromadzenie informacji od u\u017cytkownik\u00f3w w witrynie Opencart.","application_category":[],"applications_title":"","applications_request_title":"","applications_request_button_text":"","hero_text":"","hero_video":"","hero_video_schema_markup":"","selling_points_title":"","selling_points_caption":"","selling_points":[],"selling_points_cta_text":"","features_title":"","features":"","ed_cta_examples_text":"","ed_cta_examples_hidden":"","ed_cta_demo_text":"","ed_cta_demo_hidden":"","why_caption":"","why_editor_title":"","why_editor_text":"","why_team_title":"","why_team_text":"","why_service_title":"","why_service_text":"","template_catalog_visible":"","template_catalog_title":"","template_catalog_text":"","template_catalog_categories_visible":"","demo_title":"Utw\u00f3rz rozszerzenie Kreatora formularzy","demo_caption":"Skonfiguruj sw\u00f3j Kreator formularzy i dodaj go do swojej witryny OpenCart za darmo!","default_faq_hidden":"","app_template_category":[],"platform":"107","template_public_id":"","codecanyon_url":"","codecanyon_item_id":"","codecanyon_price":"","pricing_caption":"","pricing_elfsight_apps_hide_column":"","pricing_elfsight_apps_url":"","pricing_codecanyon_price_caption":"","integration_category":[],"integration_request_title":"","integration_request_cta":"","integration_platform":"","integrations":[],"platform_category":[],"video_schema_markup":"","price":"od 0 USD \/ miesi\u0105c","trial":"","benefits":[{"text":"Bezp\u0142atna us\u0142uga monta\u017cu"},{"text":"Skuteczna obs\u0142uga klienta"},{"text":"14-dniowa gwarancja zwrotu pieni\u0119dzy"}],"button_url":"#demo","button_target_blank":"","button_nofollow":"","attributes":[{"name":"Instaluje"},{"name":"Odpowiedzialny"},{"name":"Kompatybilne przegl\u0105darki"}],"tags":[],"tags_disable_links":"","hide_more_platforms":"","video_object":"","demo_hide_cta":"","demo_hide_cloud_options":"","pricing_title":"","pricing":[{"pricing_icon":"cloud","pricing_title":"Elfsight Apps","pricing_title_caption":"Rozwi\u0105zanie wieloplatformowe, kt\u00f3re dzia\u0142a na ka\u017cdej stronie internetowej","pricing_price":"od 0 USD \/ miesi\u0105c","pricing_price_caption":"zacznij od bezp\u0142atnego planu","pricing_benefits":[{"text":"Nielimitowane strony internetowe"},{"text":"Bezp\u0142atne i terminowe wsparcie"},{"text":"Bezp\u0142atna pomoc przy instalacji"},{"text":"Elastyczny projekt"}],"pricing_button_text":"Dodaj do witryny","pricing_button_url":"#demo"}],"related_apps_title":"","related_apps_hidden":"","author":"","image":[],"title":"","job":"","social_networks":[]},"_links":{"self":[{"href":"https:\/\/elfsight.com\/pl\/wp-json\/wp\/v2\/pages\/5295","targetHints":{"allow":["GET"]}}],"collection":[{"href":"https:\/\/elfsight.com\/pl\/wp-json\/wp\/v2\/pages"}],"about":[{"href":"https:\/\/elfsight.com\/pl\/wp-json\/wp\/v2\/types\/page"}],"author":[{"embeddable":true,"href":"https:\/\/elfsight.com\/pl\/wp-json\/wp\/v2\/users\/9"}],"replies":[{"embeddable":true,"href":"https:\/\/elfsight.com\/pl\/wp-json\/wp\/v2\/comments?post=5295"}],"version-history":[{"count":1,"href":"https:\/\/elfsight.com\/pl\/wp-json\/wp\/v2\/pages\/5295\/revisions"}],"predecessor-version":[{"id":5299,"href":"https:\/\/elfsight.com\/pl\/wp-json\/wp\/v2\/pages\/5295\/revisions\/5299"}],"up":[{"embeddable":true,"href":"https:\/\/elfsight.com\/pl\/wp-json\/wp\/v2\/pages\/2133"}],"wp:attachment":[{"href":"https:\/\/elfsight.com\/pl\/wp-json\/wp\/v2\/media?parent=5295"}],"curies":[{"name":"wp","href":"https:\/\/api.w.org\/{rel}","templated":true}]}}