{"id":5294,"date":"2024-05-03T06:37:53","date_gmt":"2024-05-03T06:37:53","guid":{"rendered":"https:\/\/elfsight.com\/pl\/?page_id=5294"},"modified":"2024-11-14T12:45:42","modified_gmt":"2024-11-14T12:45:42","slug":"shopify","status":"publish","type":"page","link":"https:\/\/elfsight.com\/pl\/online-form-builder\/shopify\/","title":{"rendered":"Form Builder &#8211; Shopify"},"content":{"rendered":"<div class=\"application-platform-content-item-description application-platform-content-item\" id=\"description\" data-nav-section=\"description\">\n<h2>Osad\u017a Kreator formularzy w Shopify za pomoc\u0105 wid\u017cetu Elfsight<\/h2>\n<p>Nasza aplikacja Shopify Form Builder to wszechstronne rozwi\u0105zanie, kt\u00f3re umo\u017cliwia tworzenie dowolnego typu potrzebnego formularza i dodanie go do swojego sklepu Shopify. Niezale\u017cnie od tego, czy chcesz utworzy\u0107 formularz niestandardowy, formularz opinii, czy inny rodzaj formularza, nasza aplikacja u\u0142atwia to. Za pomoc\u0105 kilku klikni\u0119\u0107 mo\u017cesz utworzy\u0107 formularz w Shopify i rozpocz\u0105\u0107 zbieranie danych od swoich klient\u00f3w. Nasza aplikacja do niestandardowych formularzy Shopify zapewnia pe\u0142n\u0105 kontrol\u0119 nad projektem formularza, umo\u017cliwiaj\u0105c tworzenie formularzy, kt\u00f3re s\u0105 nie tylko funkcjonalne, ale tak\u017ce atrakcyjne wizualnie. Niezale\u017cnie od tego, czy chcesz zbiera\u0107 opinie, oceny, rezerwacje czy sprzeda\u017c, nasza aplikacja Ci pomo\u017ce. Dzi\u0119ki naszemu przyjaznemu dla u\u017cytkownika interfejsowi i intuicyjnemu narz\u0119dziu do tworzenia formularzy mo\u017cesz tworzy\u0107 formularze, kt\u00f3re s\u0105 \u0142atwe w u\u017cyciu dla Twoich klient\u00f3w i skuteczne w zarz\u0105dzaniu.<\/p>\n<p><b>Zbieraj opinie, pomys\u0142y, odczucia i oceny klient\u00f3w, aby rozwija\u0107 swoje biznes!<\/b><\/p>\n<ul>\n    <li><b>Tw\u00f3rz atrakcyjne formularze, aby zebra\u0107 wi\u0119cej opinii.<\/b> Wykorzystaj ka\u017cdy parametr wtyczki Elfsight do tworzenia praktycznych formularzy do wype\u0142niania. Definiuj segmenty i kontroluj kompozycj\u0119, aby Twoje formularze by\u0142y dobrze ukszta\u0142towane i por\u0119czne. Zastosuj parametry stylu, aby uzyska\u0107 niezwyk\u0142y wygl\u0105d i otrzyma\u0107 wi\u0119cej informacji zwrotnych.<\/li>\n    <li><b>Zwi\u0119ksz liczb\u0119 potencjalnych klient\u00f3w dzi\u0119ki \u0142atwym do zarz\u0105dzania formularzom.<\/b> Nie pozw\u00f3l klientom zatrzyma\u0107 procesu wype\u0142niania w spos\u00f3b niekompletny, przez co stracisz cenne informacje. Skonfiguruj formularze z wygodnymi etapami i prost\u0105 struktur\u0105, kt\u00f3re utrzymaj\u0105 zaanga\u017cowanie odbiorc\u00f3w do ko\u0144ca i zwi\u0119ksz\u0105 liczb\u0119 lead\u00f3w.<\/li>\n    <li><b>Oszcz\u0119dzaj czas i pieni\u0105dze dzi\u0119ki wielofunkcyjnemu narz\u0119dziu.<\/b> To wszechstronne narz\u0119dzie umo\u017cliwia konstruowanie form o r\u00f3\u017cnorodnych wariantach, z r\u00f3\u017cnorodnymi zestawami element\u00f3w i r\u00f3\u017cnym ustawieniem. Pomo\u017ce Ci to w tworzeniu formularzy umo\u017cliwiaj\u0105cych uzyskiwanie r\u00f3\u017cnego rodzaju spostrze\u017ce\u0144 bez wydawania dodatkowych pieni\u0119dzy i czasu.<\/li>\n<\/ul>\n<\/div>\n\n<div class=\"application-platform-content-item-features application-platform-content-item\" id=\"features\" data-nav-section=\"features\">\n<h2>Funkcje wtyczki do tworzenia formularzy<\/h2>\n<p>Co sprawia, \u017ce \u200b\u200bElfsight Online Form Builder jest jedn\u0105 z najlepszych wtyczek w Shopify do otrzymywania opinii?<\/p>\n<ul>\n    <li>Utw\u00f3rz opis dla ka\u017cdego elementu, zostanie to pokazane pod etykiet\u0105;<\/li>\n    <li>Mo\u017cliwo\u015b\u0107 roz\u0142o\u017cenia p\u00f3l na kilka kolumn;<\/li>\n    <li>Edytowalny tekst wiadomo\u015bci z podzi\u0119kowaniami i przycisk ponownego wype\u0142nienia formularza;<\/li>\n    <li>Ustaw niestandardow\u0105 szeroko\u015b\u0107 formularza w uk\u0142adach domy\u015blnych i pude\u0142kowych;<\/li>\n    <li>5 predefiniowanych styl\u00f3w p\u00f3l formularza.<\/li>\n<\/ul>\n<a href=\"#demo\">Przeczytaj wszystkie szczeg\u00f3\u0142y<\/a>\n<\/div>\n\n<div class=\"application-platform-content-item-installation application-platform-content-item\" id=\"installation\" data-nav-section=\"installation\">\n<h2>Jak doda\u0107 aplikacj\u0119 Form Builder na stronie Shopify<\/h2>\n<div class=\"video-container\">\n    <iframe src=\"https:\/\/www.youtube.com\/embed\/jXxLmKtgMsQ\" width=\"720\" height=\"405\" frameborder=\"0\" allowfullscreen=\"allowfullscreen\"><\/iframe>\n<\/div>\n<p>Pe\u0142ny czas instalacji wynosi oko\u0142o 60 sekund, a co wi\u0119cej, nie potrzebujesz \u017cadnej wiedzy na temat programowania.<\/p>\n<ol>\n    <li><b>Zarz\u0105dzaj naszym darmowym edytorem i rozpocznij prac\u0119 z Twoj\u0105 unikaln\u0105 aplikacj\u0105.<\/b> Wybierz po\u017c\u0105dany wygl\u0105d i funkcjonalno\u015b\u0107 aplikacji i zapisz wszystkie poprawki.<\/li>\n    <li><b>Odbierz unikalny kod pokazany w pude\u0142ku w aplikacjach Elfsight.<\/b> Zaraz po skonfigurowaniu aplikacji osobistej skopiuj kod osobisty z wy\u015bwietlonego okna i zachowaj go na przysz\u0142o\u015b\u0107.<\/li>\n    <li><b>Zarejestruj korzystanie z aplikacji w witrynie Shopify.<\/b> Zintegruj ostatnio skopiowany kod ze swoj\u0105 witryn\u0105 i zapisz zmiany.<\/li>\n    <li><b>Konfiguracja zosta\u0142a w pe\u0142ni przeprowadzona.<\/b> Otw\u00f3rz swoj\u0105 witryn\u0119, aby zobaczy\u0107 dzia\u0142anie aplikacji.<\/li>\n<\/ol>\n<p>Masz pytania dotycz\u0105ce demonstracji aplikacji lub personalizacji w\u0142asnego rozszerzenia? Skontaktuj si\u0119 z zespo\u0142em pomocy technicznej Elfsight lub zapoznaj si\u0119 ze szczeg\u00f3\u0142ow\u0105 instrukcj\u0105 \u00ab<a href=\"https:\/\/elfsight.com\/blog\/adding-form-to-shopify-free-online-form-builder-app\/\" target=\"_blank\" rel=\"noopener\">Tworzenie formularzy w Shopify<\/a>\u00bb.<\/p>\n<\/div>\n\n<div class=\"faq\" data-component=\"FAQ\">\n<div class=\"faq-item\">\r\n\t\t\t\t\t<div class=\"faq-item-question\">\r\n\t\t\t\t\t\t<h3 class=\"faq-item-question-text\">Czy Twoje formularze s\u0105 bezpieczne?<\/h3>\r\n\r\n\t\t\t\t\t\t<div class=\"faq-item-question-icon\"><\/div>\r\n\t\t\t\t\t<\/div>\r\n\r\n\t\t\t\t\t<div class=\"faq-item-answer\">\r\n\t\t\t\t\t\t<div class=\"faq-item-answer-text\">\n<p>Do naszego wid\u017cetu Kreatora formularzy dodano najpot\u0119\u017cniejsze narz\u0119dzie reCAPTCHA. Zosta\u0142 dodany, aby chroni\u0107 formularz i skrzynk\u0119 pocztow\u0105 przed spamem i botami oraz zapewni\u0107 \u0142atw\u0105 prac\u0119 i tylko wa\u017cne dane.<\/p>\n<\/div>\r\n\t\t\t\t\t<\/div>\r\n\t\t\t\t<\/div>\n<div class=\"faq-item\">\r\n\t\t\t\t\t<div class=\"faq-item-question\">\r\n\t\t\t\t\t\t<h3 class=\"faq-item-question-text\">Czy s\u0105 jakie\u015b szablony obs\u0142uguj\u0105ce formularze logiki warunkowej \/ wiele p\u00f3l \/ e-mail formularze?<\/h3>\r\n\r\n\t\t\t\t\t\t<div class=\"faq-item-question-icon\"><\/div>\r\n\t\t\t\t\t<\/div>\r\n\r\n\t\t\t\t\t<div class=\"faq-item-answer\">\r\n\t\t\t\t\t\t<div class=\"faq-item-answer-text\">\n<p>Jasne! Wszystko, co musisz zrobi\u0107, to zalogowa\u0107 si\u0119 do us\u0142ugi Elfsight Apps i wybra\u0107 odpowiedni szablon, a nast\u0119pnie rozpocz\u0105\u0107 tworzenie swojego narz\u0119dzia.<\/p>\n<\/div>\r\n\t\t\t\t\t<\/div>\r\n\t\t\t\t<\/div>\n<div class=\"faq-item\">\r\n\t\t\t\t\t<div class=\"faq-item-question\">\r\n\t\t\t\t\t\t<h3 class=\"faq-item-question-text\">W jaki spos\u00f3b mog\u0119 utworzy\u0107 formularz kontaktowy \/ formularz opinii dla mojej witryny Shopify?<\/h3>\r\n\r\n\t\t\t\t\t\t<div class=\"faq-item-question-icon\"><\/div>\r\n\t\t\t\t\t<\/div>\r\n\r\n\t\t\t\t\t<div class=\"faq-item-answer\">\r\n\t\t\t\t\t\t<div class=\"faq-item-answer-text\">\n<p>Aby utworzy\u0107 formularz kontaktowy lub formularz opinii, musisz zalogowa\u0107 si\u0119 do us\u0142ugi Elfsight Apps i wykona\u0107 wszystkie istotne modyfikacje wtyczki. Po zako\u0144czeniu zapisz zmiany i przejd\u017a do witryny. Gotowe.<\/p>\n<\/div>\r\n\t\t\t\t\t<\/div>\r\n\t\t\t\t<\/div>\n<div class=\"faq-item\">\r\n\t\t\t\t\t<div class=\"faq-item-question\">\r\n\t\t\t\t\t\t<h3 class=\"faq-item-question-text\">Czy istniej\u0105 niestandardowe szablony Kreatora formularzy dla witryny Shopify?<\/h3>\r\n\r\n\t\t\t\t\t\t<div class=\"faq-item-question-icon\"><\/div>\r\n\t\t\t\t\t<\/div>\r\n\r\n\t\t\t\t\t<div class=\"faq-item-answer\">\r\n\t\t\t\t\t\t<div class=\"faq-item-answer-text\">\n<p>Tak, zdecydowanie! Dost\u0119pnych jest ponad 300 gotowych szablon\u00f3w do ka\u017cdego przypadku, takich jak <a href=\"https:\/\/elfsight.com\/online-form-builder\/templates\/application-forms\/\">Formularze zg\u0142oszeniowe<\/a>, <a href=\"https:\/\/elfsight.com\/online-form-builder\/templates\/booking-forms\/\">Formularze rezerwacji<\/a>, <a href=\"https:\/\/elfsight.com\/online-form-builder\/templates\/order-forms\/\">Formularze zam\u00f3wie\u0144<\/a>, <a href=\"https:\/\/elfsight.com\/online-form-builder\/templates\/product-forms\/\">Formularze produkt\u00f3w<\/a>, <a href=\"https:\/\/elfsight.com\/online-form-builder\/templates\/questionnaires\/\">Kwestionariusze<\/a>, <a href=\"https:\/\/elfsight.com\/online-form-builder\/templates\/quizzes\/\">Quizy<\/a>, <a href=\"https:\/\/elfsight.com\/online-form-builder\/templates\/surveys\/\">Ankiety<\/a>, <a href=\"https:\/\/elfsight.com\/online-form-builder\/templates\/file-upload-forms\/\">Formularze przesy\u0142ania plik\u00f3w<\/a> i wiele innych. Zach\u0119camy do przetestowania <a href=\"https:\/\/elfsight.com\/online-form-builder\/templates\/\">szablon\u00f3w Kreatora formularzy<\/a> i podzielenia si\u0119 z nami swoj\u0105 opini\u0105.<\/p>\n<\/div>\r\n\t\t\t\t\t<\/div>\r\n\t\t\t\t<\/div>\n<\/div>\n","protected":false},"excerpt":{"rendered":"","protected":false},"author":9,"featured_media":0,"parent":2133,"menu_order":0,"comment_status":"closed","ping_status":"closed","template":"templates\/template-application-platform.php","meta":{"publish_to_discourse":"","publish_post_category":"","wpdc_auto_publish_overridden":"","wpdc_topic_tags":"","wpdc_pin_topic":"","wpdc_pin_until":"","discourse_post_id":"","discourse_permalink":"","wpdc_publishing_response":"","wpdc_publishing_error":"","footnotes":""},"class_list":["post-5294","page","type-page","status-publish","hentry"],"yoast_head":"<!-- This site is optimized with the Yoast SEO plugin v25.3.1 - https:\/\/yoast.com\/wordpress\/plugins\/seo\/ -->\n<title>Utw\u00f3rz i dodaj niestandardowy formularz na Shopify za darmo!<\/title>\n<meta name=\"description\" content=\"Utw\u00f3rz kreator formularzy online dla swojej witryny Shopify w zaledwie 2 minuty! Wypr\u00f3buj bezp\u0142atn\u0105 wersj\u0119 demonstracyjn\u0105 Elfsight, aby zaprojektowa\u0107 w\u0142asn\u0105 aplikacj\u0119 Form.\" \/>\n<meta name=\"robots\" content=\"index, follow, max-snippet:-1, max-image-preview:large, max-video-preview:-1\" \/>\n<link rel=\"canonical\" href=\"https:\/\/elfsight.com\/pl\/online-form-builder\/shopify\/\" \/>\n<meta property=\"og:locale\" content=\"pl_PL\" \/>\n<meta property=\"og:type\" content=\"article\" \/>\n<meta property=\"og:title\" content=\"Utw\u00f3rz i dodaj niestandardowy formularz na Shopify za darmo!\" \/>\n<meta property=\"og:description\" content=\"Utw\u00f3rz kreator formularzy online dla swojej witryny Shopify w zaledwie 2 minuty! Wypr\u00f3buj bezp\u0142atn\u0105 wersj\u0119 demonstracyjn\u0105 Elfsight, aby zaprojektowa\u0107 w\u0142asn\u0105 aplikacj\u0119 Form.\" \/>\n<meta property=\"og:url\" content=\"https:\/\/elfsight.com\/pl\/online-form-builder\/shopify\/\" \/>\n<meta property=\"og:site_name\" content=\"Elfsight PL\" \/>\n<meta property=\"article:modified_time\" content=\"2024-11-14T12:45:42+00:00\" \/>\n<meta name=\"twitter:card\" content=\"summary_large_image\" \/>\n<meta name=\"twitter:label1\" content=\"Szacowany czas czytania\" \/>\n\t<meta name=\"twitter:data1\" content=\"4 minuty\" \/>\n<!-- \/ Yoast SEO plugin. -->","yoast_head_json":{"title":"Utw\u00f3rz i dodaj niestandardowy formularz na Shopify za darmo!","description":"Utw\u00f3rz kreator formularzy online dla swojej witryny Shopify w zaledwie 2 minuty! Wypr\u00f3buj bezp\u0142atn\u0105 wersj\u0119 demonstracyjn\u0105 Elfsight, aby zaprojektowa\u0107 w\u0142asn\u0105 aplikacj\u0119 Form.","robots":{"index":"index","follow":"follow","max-snippet":"max-snippet:-1","max-image-preview":"max-image-preview:large","max-video-preview":"max-video-preview:-1"},"canonical":"https:\/\/elfsight.com\/pl\/online-form-builder\/shopify\/","og_locale":"pl_PL","og_type":"article","og_title":"Utw\u00f3rz i dodaj niestandardowy formularz na Shopify za darmo!","og_description":"Utw\u00f3rz kreator formularzy online dla swojej witryny Shopify w zaledwie 2 minuty! Wypr\u00f3buj bezp\u0142atn\u0105 wersj\u0119 demonstracyjn\u0105 Elfsight, aby zaprojektowa\u0107 w\u0142asn\u0105 aplikacj\u0119 Form.","og_url":"https:\/\/elfsight.com\/pl\/online-form-builder\/shopify\/","og_site_name":"Elfsight PL","article_modified_time":"2024-11-14T12:45:42+00:00","twitter_card":"summary_large_image","twitter_misc":{"Szacowany czas czytania":"4 minuty"},"schema":{"@context":"https:\/\/schema.org","@graph":[{"@type":"WebPage","@id":"https:\/\/elfsight.com\/pl\/online-form-builder\/shopify\/","url":"https:\/\/elfsight.com\/pl\/online-form-builder\/shopify\/","name":"Utw\u00f3rz i dodaj niestandardowy formularz na Shopify za darmo!","isPartOf":{"@id":"https:\/\/elfsight.com\/pl\/#website"},"datePublished":"2024-05-03T06:37:53+00:00","dateModified":"2024-11-14T12:45:42+00:00","description":"Utw\u00f3rz kreator formularzy online dla swojej witryny Shopify w zaledwie 2 minuty! Wypr\u00f3buj bezp\u0142atn\u0105 wersj\u0119 demonstracyjn\u0105 Elfsight, aby zaprojektowa\u0107 w\u0142asn\u0105 aplikacj\u0119 Form.","breadcrumb":{"@id":"https:\/\/elfsight.com\/pl\/online-form-builder\/shopify\/#breadcrumb"},"inLanguage":"pl-PL","potentialAction":[{"@type":"ReadAction","target":["https:\/\/elfsight.com\/pl\/online-form-builder\/shopify\/"]}]},{"@type":"BreadcrumbList","@id":"https:\/\/elfsight.com\/pl\/online-form-builder\/shopify\/#breadcrumb","itemListElement":[{"@type":"ListItem","position":1,"name":"Home","item":"https:\/\/elfsight.com\/pl\/"},{"@type":"ListItem","position":2,"name":"Form Builder","item":"https:\/\/elfsight.com\/pl\/online-form-builder\/"},{"@type":"ListItem","position":3,"name":"Form Builder &#8211; Shopify"}]},{"@type":"WebSite","@id":"https:\/\/elfsight.com\/pl\/#website","url":"https:\/\/elfsight.com\/pl\/","name":"Elfsight PL","description":"Just another Elfsight Sites site","potentialAction":[{"@type":"SearchAction","target":{"@type":"EntryPoint","urlTemplate":"https:\/\/elfsight.com\/pl\/?s={search_term_string}"},"query-input":{"@type":"PropertyValueSpecification","valueRequired":true,"valueName":"search_term_string"}}],"inLanguage":"pl-PL"}]}},"meta_box":{"industry":"","seo_heading":"","heading":"","description":"","cta_heading":"","cta_description":"","application":"2132","h1":"Kreator formularzy online dla Shopify","h1_caption":"Tw\u00f3rz konfigurowalne formularze do dowolnego celu \u2014 opinie, ankiety, formularze kontaktowe \u2014 bez kodowania, co u\u0142atwia gromadzenie informacji od u\u017cytkownik\u00f3w w witrynie Shopify.","application_category":[],"applications_title":"","applications_request_title":"","applications_request_button_text":"","hero_text":"","hero_video":"","hero_video_schema_markup":"","selling_points_title":"","selling_points_caption":"","selling_points":[],"selling_points_cta_text":"","features_title":"","features":"","ed_cta_examples_text":"","ed_cta_examples_hidden":"","ed_cta_demo_text":"","ed_cta_demo_hidden":"","why_caption":"","why_editor_title":"","why_editor_text":"","why_team_title":"","why_team_text":"","why_service_title":"","why_service_text":"","template_catalog_visible":"0","template_catalog_title":"","template_catalog_text":"","template_catalog_categories_visible":"","demo_title":"Utw\u00f3rz aplikacj\u0119 do tworzenia formularzy","demo_caption":"Skonfiguruj Kreatora formularzy i dodaj go do swojej witryny Shopify za darmo!","default_faq_hidden":"","app_template_category":[],"platform":"7580","template_public_id":"","codecanyon_url":"","codecanyon_item_id":"","codecanyon_price":"","pricing_caption":"","pricing_elfsight_apps_hide_column":"","pricing_elfsight_apps_url":"","pricing_codecanyon_price_caption":"","integration_category":[],"integration_request_title":"","integration_request_cta":"","integration_platform":"","integrations":[],"platform_category":[],"video_schema_markup":"","price":"od 0 USD \/ miesi\u0105c","trial":"","benefits":[{"text":"Bezp\u0142atna us\u0142uga monta\u017cu"},{"text":"Wsparcie premium"},{"text":"14-dniowa gwarancja zwrotu pieni\u0119dzy"}],"button_url":"#demo","button_target_blank":"0","button_nofollow":"0","attributes":[{"name":"Instaluje","content":"100,000 - 500,000"},{"name":"Czu\u0142y","content":"Tak"},{"name":"Kompatybilne przegl\u0105darki","content":"IE11, Firefox, Safari, Opera, Chrome, Edge"}],"tags":[],"tags_disable_links":"0","hide_more_platforms":"","video_object":"","demo_hide_cta":"0","demo_hide_cloud_options":"0","pricing_title":"","pricing":[{"pricing_icon":"cloud","pricing_title":"Elfsight Apps","pricing_title_caption":"Wersja wieloplatformowa, kt\u00f3ra dzia\u0142a na ka\u017cdej stronie internetowej","pricing_price":"od 0 USD \/ miesi\u0105c","pricing_price_caption":"zacznij od bezp\u0142atnego planu","pricing_benefits":[{"text":"Nielimitowane strony internetowe"},{"text":"Wsparcie premium"},{"text":"Bezp\u0142atna us\u0142uga monta\u017cu"},{"text":"Oferta specjalna na wiele aplikacji"}],"pricing_button_text":"Dodaj do witryny","pricing_button_url":"#demo"}],"related_apps_title":"","related_apps_hidden":"0","author":"","image":[],"title":"","job":"","social_networks":[]},"_links":{"self":[{"href":"https:\/\/elfsight.com\/pl\/wp-json\/wp\/v2\/pages\/5294","targetHints":{"allow":["GET"]}}],"collection":[{"href":"https:\/\/elfsight.com\/pl\/wp-json\/wp\/v2\/pages"}],"about":[{"href":"https:\/\/elfsight.com\/pl\/wp-json\/wp\/v2\/types\/page"}],"author":[{"embeddable":true,"href":"https:\/\/elfsight.com\/pl\/wp-json\/wp\/v2\/users\/9"}],"replies":[{"embeddable":true,"href":"https:\/\/elfsight.com\/pl\/wp-json\/wp\/v2\/comments?post=5294"}],"version-history":[{"count":3,"href":"https:\/\/elfsight.com\/pl\/wp-json\/wp\/v2\/pages\/5294\/revisions"}],"predecessor-version":[{"id":8179,"href":"https:\/\/elfsight.com\/pl\/wp-json\/wp\/v2\/pages\/5294\/revisions\/8179"}],"up":[{"embeddable":true,"href":"https:\/\/elfsight.com\/pl\/wp-json\/wp\/v2\/pages\/2133"}],"wp:attachment":[{"href":"https:\/\/elfsight.com\/pl\/wp-json\/wp\/v2\/media?parent=5294"}],"curies":[{"name":"wp","href":"https:\/\/api.w.org\/{rel}","templated":true}]}}