{"id":5293,"date":"2024-05-03T06:37:52","date_gmt":"2024-05-03T06:37:52","guid":{"rendered":"https:\/\/elfsight.com\/pl\/?page_id=5293"},"modified":"2024-11-14T12:45:42","modified_gmt":"2024-11-14T12:45:42","slug":"squarespace","status":"publish","type":"page","link":"https:\/\/elfsight.com\/pl\/online-form-builder\/squarespace\/","title":{"rendered":"Form Builder &#8211; Squarespace"},"content":{"rendered":"<div class=\"application-platform-content-item-description application-platform-content-item\" id=\"description\" data-nav-section=\"description\"><h2>Niestandardowy kreator formularzy dla Squarespace<\/h2>Nasz kreator formularzy to wszechstronne narz\u0119dzie, kt\u00f3re pozwala tworzy\u0107 r\u00f3\u017cne typy formularzy, w tym formularze rejestracji Squarespace, formularze wieloetapowe, formularze rejestracyjne formularze, formularze ankiet i inne. Wy\u015bwietlaj je na swojej stronie internetowej i zbieraj informacje zar\u00f3wno od swoich obecnych, jak i potencjalnych klient\u00f3w. Dostosuj struktur\u0119 formularza i wybieraj spo\u015br\u00f3d szerokiej gamy element\u00f3w formularzy, aby tworzy\u0107 spersonalizowane formularze odpowiadaj\u0105ce potrzebom biznesowym. Niezale\u017cnie od tego, czy potrzebujesz zbiera\u0107 opinie, oceny, zam\u00f3wienia czy zakupy &#8211; nasz Kreator formularzy pomo\u017ce Ci stworzy\u0107 formularz spe\u0142niaj\u0105cy Twoje wymagania. Dzi\u0119ki responsywnemu projektowi i r\u00f3\u017cnorodnym wst\u0119pnie zbudowanym komponentom Tw\u00f3j formularz b\u0119dzie \u0142atwy w u\u017cyciu dla Twoich klient\u00f3w i skuteczny dla Ciebie.<b>Otrzymuj opinie klient\u00f3w, przetwarzaj rezerwacje i pytania klient\u00f3w Twojej witryny!<\/b><ul> <li><b>Tw\u00f3rz atrakcyjne formularze, aby zebra\u0107 wi\u0119cej opinii<\/b>. Masz do dyspozycji bogaty zestaw element\u00f3w, kt\u00f3re pozwalaj\u0105 tworzy\u0107 zabawne i praktyczne formularze. R\u00f3\u017cnorodne dostosowania stylu wid\u017cetu Elfsight pozwol\u0105 uczyni\u0107 go ja\u015bniejszym i przyci\u0105gn\u0105\u0107 wi\u0119cej odbiorc\u00f3w do wype\u0142nienia.<\/li> <li><b>Zwi\u0119ksz liczb\u0119 potencjalnych klient\u00f3w dzi\u0119ki \u0142atwym do zarz\u0105dzania formularzom<\/b>. Nie pozw\u00f3l klientom opu\u015bci\u0107 wype\u0142nienia proces niedoko\u0144czony. Generuj formularze sk\u0142adaj\u0105ce si\u0119 z prostych krok\u00f3w i wygodnego wzoru, kt\u00f3re utrzymaj\u0105 zaanga\u017cowanie u\u017cytkownik\u00f3w a\u017c do ostatniego kroku i pomno\u017c\u0105 liczb\u0119 potencjalnych klient\u00f3w.<\/li> <li><b>Oszcz\u0119dzaj czas i pieni\u0105dze dzi\u0119ki wielofunkcyjnemu narz\u0119dziu<\/b>. Nie ma takiej opcji musisz kupi\u0107 wiele r\u00f3\u017cnorodnych narz\u0119dzi, aby zaspokoi\u0107 wszystkie potrzeby zwi\u0105zane z projektowaniem formularzy opinii dla Twojej witryny. Nasz Kreator formularzy umo\u017cliwia wygenerowanie najbardziej przydatnego formularza do otrzymywania informacji ze wszystkich kategorii, dzi\u0119ki r\u00f3\u017cnorodnym komponentom i responsywnej kompozycji.<\/li><\/ul><\/div><div class=\"application-platform-content-item-features application-platform-content-item\" id=\"features\" data-nav-section=\"features\"><h2>Funkcje wtyczki Form Builder<\/h2>Co sprawia, \u017ce \u200b\u200bElfsight online Form Builder jest jedn\u0105 z najlepszych wtyczek Squarespace do zbierania recenzji i \u017c\u0105da\u0144 klient\u00f3w?<ul> <li>Wy\u015bwietlaj nag\u0142\u00f3wek formularza z tytu\u0142em i tekstem;<\/li> <li>Mo\u017cliwo\u015b\u0107 edycji tekst przycisku wysy\u0142ania;<\/li> <li>Wybierz scenariusz po przes\u0142aniu formularza: wiadomo\u015b\u0107 z podzi\u0119kowaniami, przekierowanie na inn\u0105 stron\u0119 lub ukrycie formularza;<\/li> <li>Ustaw niestandardow\u0105 szeroko\u015b\u0107 formularza w opcjach Domy\u015blny i W ramce uk\u0142ady;<\/li> <li>5 predefiniowanych styl\u00f3w p\u00f3l formularzy.<\/li><\/ul><a href=\"#demo\">Wypr\u00f3buj je wszystkie<\/a><\/div><div class=\"application-platform-content-item-installation  application-platform-content-item\" id=\"installation \" data-nav-section=\"installation \"><h2>Jak doda\u0107 wid\u017cet Konstruktora formularzy do witryny SquareSpace<\/h2><div class=\"video-container\"><iframe src=\"https:\/\/www.youtube.com\/embed\/aQin9AQ5iDA\" width=\"720\" height=\"405\" frameborder=\"0\" allowfullscreen=\"allowfullscreen\"><\/iframe><\/div>Wst\u0119pny plan dodania przycisk\u00f3w bez wiedzy z zakresu programowania lub zatrudnienia dodatkowego programisty. Wdro\u017cenie przewodnika zajmie mniej ni\u017c kilka minut.<ol> <li><b>Stw\u00f3rz w\u0142asny kreator formularzy<\/b>. Korzystaj\u0105c z naszej bezp\u0142atnej wersji demonstracyjnej, utw\u00f3rz wtyczk\u0119 z potrzebnym uk\u0142adem i funkcjami.<\/li> <li><b>Skopiuj kod integracji wtyczki<\/b>. Po skonfigurowaniu wid\u017cetu odbierz kod wtyczki Form z wy\u015bwietlonego okna aplikacji Elfsight.<\/li> <li><b>Wy\u015bwietl wtyczk\u0119 w witrynie SquareSpace<\/b>. Opublikuj wtyczk\u0119 na wymaganej stronie witryny i zapisz zmiany.<\/li> <li><b>Instalacja zosta\u0142a w pe\u0142ni przeprowadzona<\/b>. Przejd\u017a do swojej witryny, aby sprawdzi\u0107 swoj\u0105 prac\u0119.<\/li><\/ol>Masz pytania zwi\u0105zane ze stosowaniem instrukcji? Skontaktuj si\u0119 z naszym zespo\u0142em pomocy technicznej lub zapoznaj si\u0119 z obszern\u0105 wersj\u0105 instrukcji \u00ab<a href=\"https:\/\/elfsight.com\/blog\/how-to-embed-form-on-squarespace-website\/\">Jak zainstalowa\u0107 Kreator formularzy w Squarespace<\/a>\u00bb i wykonaj konfiguracj\u0119 samodzielnie.<div class=\"faq\" data-component=\"FAQ\"> <div class=\"faq-item\">\r\n\t\t\t\t\t<div class=\"faq-item-question\">\r\n\t\t\t\t\t\t<h3 class=\"faq-item-question-text\">Czy s\u0105 jakie\u015b niestandardowe szablony Kreatora formularzy dla witryny Squarespace?<\/h3>\r\n\r\n\t\t\t\t\t\t<div class=\"faq-item-question-icon\"><\/div>\r\n\t\t\t\t\t<\/div>\r\n\r\n\t\t\t\t\t<div class=\"faq-item-answer\">\r\n\t\t\t\t\t\t<div class=\"faq-item-answer-text\">Tak . Elfsight przygotowa\u0142 szeroki wyb\u00f3r ponad 300 <a href=\"https:\/\/elfsight.com\/online-form-builder\/templates\/\">szablon\u00f3w Kreatora formularzy<\/a> z dostosowywalnymi elementami i funkcjami. Mo\u017cesz znale\u017a\u0107 szablon formularza na ka\u017cd\u0105 okazj\u0119, na przyk\u0142ad <a href=\"https:\/\/elfsight.com\/online-form-builder\/templates\/application-forms\/\">Formularze aplikacji<\/a>, <a href=\"https:\/\/elfsight.com\/online-form-builder\/templates\/booking-forms\/\">Formularze rezerwacji<\/a>, <a href=\"https:\/\/elfsight.com\/online-form-builder\/ templates\/order-forms\/\">Formularze zam\u00f3wie\u0144<\/a>, <a href=\"https:\/\/elfsight.com\/online-form-builder\/templates\/product-forms\/\">Formularze produkt\u00f3w<\/a>, <a href=\"https:\/\/elfsight.com\/online-form-builder\/templates\/questionnaires\/\">Kwestionariusze<\/a>, <a href=\"https:\/\/elfsight.com\/online-form-builder\/templates \/quizzes\/\">Quizy<\/a>, <a href=\"https:\/\/elfsight.com\/online-form-builder\/templates\/surveys\/\">Ankiety<\/a>, <a href=\"https:\/ \/elfsight.com\/online-form-builder\/templates\/file-upload-forms\/\">Formularze przesy\u0142ania plik\u00f3w<\/a> i wiele innych.<\/div>\r\n\t\t\t\t\t<\/div>\r\n\t\t\t\t<\/div> <\/div><\/div>","protected":false},"excerpt":{"rendered":"","protected":false},"author":9,"featured_media":0,"parent":2133,"menu_order":0,"comment_status":"closed","ping_status":"closed","template":"templates\/template-application-platform.php","meta":{"publish_to_discourse":"","publish_post_category":"","wpdc_auto_publish_overridden":"","wpdc_topic_tags":"","wpdc_pin_topic":"","wpdc_pin_until":"","discourse_post_id":"","discourse_permalink":"","wpdc_publishing_response":"","wpdc_publishing_error":"","footnotes":""},"class_list":["post-5293","page","type-page","status-publish","hentry"],"yoast_head":"<!-- This site is optimized with the Yoast SEO plugin v25.3.1 - https:\/\/yoast.com\/wordpress\/plugins\/seo\/ -->\n<title>Tw\u00f3rz i dodawaj niestandardowy formularz w Squarespace za darmo!<\/title>\n<meta name=\"description\" content=\"Sprawd\u017a bezp\u0142atnie najlepszy wid\u017cet Konstruktora formularzy online dla Squarespace. Nieskomplikowana i szybka konfiguracja bez wiedzy programistycznej w ci\u0105gu zaledwie kilku minut.\" \/>\n<meta name=\"robots\" content=\"index, follow, max-snippet:-1, max-image-preview:large, max-video-preview:-1\" \/>\n<link rel=\"canonical\" href=\"https:\/\/elfsight.com\/pl\/online-form-builder\/squarespace\/\" \/>\n<meta property=\"og:locale\" content=\"pl_PL\" \/>\n<meta property=\"og:type\" content=\"article\" \/>\n<meta property=\"og:title\" content=\"Tw\u00f3rz i dodawaj niestandardowy formularz w Squarespace za darmo!\" \/>\n<meta property=\"og:description\" content=\"Sprawd\u017a bezp\u0142atnie najlepszy wid\u017cet Konstruktora formularzy online dla Squarespace. Nieskomplikowana i szybka konfiguracja bez wiedzy programistycznej w ci\u0105gu zaledwie kilku minut.\" \/>\n<meta property=\"og:url\" content=\"https:\/\/elfsight.com\/pl\/online-form-builder\/squarespace\/\" \/>\n<meta property=\"og:site_name\" content=\"Elfsight PL\" \/>\n<meta property=\"article:modified_time\" content=\"2024-11-14T12:45:42+00:00\" \/>\n<meta name=\"twitter:card\" content=\"summary_large_image\" \/>\n<meta name=\"twitter:label1\" content=\"Szacowany czas czytania\" \/>\n\t<meta name=\"twitter:data1\" content=\"3 minuty\" \/>\n<!-- \/ Yoast SEO plugin. -->","yoast_head_json":{"title":"Tw\u00f3rz i dodawaj niestandardowy formularz w Squarespace za darmo!","description":"Sprawd\u017a bezp\u0142atnie najlepszy wid\u017cet Konstruktora formularzy online dla Squarespace. Nieskomplikowana i szybka konfiguracja bez wiedzy programistycznej w ci\u0105gu zaledwie kilku minut.","robots":{"index":"index","follow":"follow","max-snippet":"max-snippet:-1","max-image-preview":"max-image-preview:large","max-video-preview":"max-video-preview:-1"},"canonical":"https:\/\/elfsight.com\/pl\/online-form-builder\/squarespace\/","og_locale":"pl_PL","og_type":"article","og_title":"Tw\u00f3rz i dodawaj niestandardowy formularz w Squarespace za darmo!","og_description":"Sprawd\u017a bezp\u0142atnie najlepszy wid\u017cet Konstruktora formularzy online dla Squarespace. Nieskomplikowana i szybka konfiguracja bez wiedzy programistycznej w ci\u0105gu zaledwie kilku minut.","og_url":"https:\/\/elfsight.com\/pl\/online-form-builder\/squarespace\/","og_site_name":"Elfsight PL","article_modified_time":"2024-11-14T12:45:42+00:00","twitter_card":"summary_large_image","twitter_misc":{"Szacowany czas czytania":"3 minuty"},"schema":{"@context":"https:\/\/schema.org","@graph":[{"@type":"WebPage","@id":"https:\/\/elfsight.com\/pl\/online-form-builder\/squarespace\/","url":"https:\/\/elfsight.com\/pl\/online-form-builder\/squarespace\/","name":"Tw\u00f3rz i dodawaj niestandardowy formularz w Squarespace za darmo!","isPartOf":{"@id":"https:\/\/elfsight.com\/pl\/#website"},"datePublished":"2024-05-03T06:37:52+00:00","dateModified":"2024-11-14T12:45:42+00:00","description":"Sprawd\u017a bezp\u0142atnie najlepszy wid\u017cet Konstruktora formularzy online dla Squarespace. Nieskomplikowana i szybka konfiguracja bez wiedzy programistycznej w ci\u0105gu zaledwie kilku minut.","breadcrumb":{"@id":"https:\/\/elfsight.com\/pl\/online-form-builder\/squarespace\/#breadcrumb"},"inLanguage":"pl-PL","potentialAction":[{"@type":"ReadAction","target":["https:\/\/elfsight.com\/pl\/online-form-builder\/squarespace\/"]}]},{"@type":"BreadcrumbList","@id":"https:\/\/elfsight.com\/pl\/online-form-builder\/squarespace\/#breadcrumb","itemListElement":[{"@type":"ListItem","position":1,"name":"Home","item":"https:\/\/elfsight.com\/pl\/"},{"@type":"ListItem","position":2,"name":"Form Builder","item":"https:\/\/elfsight.com\/pl\/online-form-builder\/"},{"@type":"ListItem","position":3,"name":"Form Builder &#8211; Squarespace"}]},{"@type":"WebSite","@id":"https:\/\/elfsight.com\/pl\/#website","url":"https:\/\/elfsight.com\/pl\/","name":"Elfsight PL","description":"Just another Elfsight Sites site","potentialAction":[{"@type":"SearchAction","target":{"@type":"EntryPoint","urlTemplate":"https:\/\/elfsight.com\/pl\/?s={search_term_string}"},"query-input":{"@type":"PropertyValueSpecification","valueRequired":true,"valueName":"search_term_string"}}],"inLanguage":"pl-PL"}]}},"meta_box":{"industry":"","seo_heading":"","heading":"","description":"","cta_heading":"","cta_description":"","application":"2132","h1":"Kreator formularzy online dla Squarespace","h1_caption":"Tw\u00f3rz konfigurowalne formularze do dowolnego celu \u2014 opinie, ankiety, formularze kontaktowe \u2014 bez kodowania, co u\u0142atwia gromadzenie informacji od u\u017cytkownik\u00f3w w witrynie Squarespace.","application_category":[],"applications_title":"","applications_request_title":"","applications_request_button_text":"","hero_text":"","hero_video":"","hero_video_schema_markup":"","selling_points_title":"","selling_points_caption":"","selling_points":[],"selling_points_cta_text":"","features_title":"","features":"","ed_cta_examples_text":"","ed_cta_examples_hidden":"","ed_cta_demo_text":"","ed_cta_demo_hidden":"","why_caption":"","why_editor_title":"","why_editor_text":"","why_team_title":"","why_team_text":"","why_service_title":"","why_service_text":"","template_catalog_visible":"0","template_catalog_title":"","template_catalog_text":"","template_catalog_categories_visible":"","demo_title":"Utw\u00f3rz wtyczk\u0119 do tworzenia formularzy","demo_caption":"Skonfiguruj Kreator formularzy i dodaj go do swojej witryny Squarespace za darmo!","default_faq_hidden":"","app_template_category":[],"platform":"7588","template_public_id":"","codecanyon_url":"","codecanyon_item_id":"","codecanyon_price":"","pricing_caption":"","pricing_elfsight_apps_hide_column":"","pricing_elfsight_apps_url":"","pricing_codecanyon_price_caption":"","integration_category":[],"integration_request_title":"","integration_request_cta":"","integration_platform":"","integrations":[],"platform_category":[],"video_schema_markup":"","price":"od 0 USD \/ miesi\u0105c","trial":"","benefits":[{"text":"14-dniowa gwarancja zwrotu pieni\u0119dzy"},{"text":"Bezp\u0142atna pomoc w monta\u017cu"},{"text":"Do\u015bwiadczona obs\u0142uga klienta"}],"button_url":"#demo","button_target_blank":"0","button_nofollow":"0","attributes":[{"name":"Instaluje","content":"100,000 - 500,000"},{"name":"Czu\u0142y","content":"Tak"},{"name":"Kompatybilne przegl\u0105darki","content":"IE11, Firefox, Safari, Opera, Chrome, Edge"}],"tags":[],"tags_disable_links":"0","hide_more_platforms":"","video_object":"","demo_hide_cta":"0","demo_hide_cloud_options":"0","pricing_title":"","pricing":[{"pricing_icon":"platform","pricing_title":"Elfsight Apps","pricing_title_caption":"Oprogramowanie wieloplatformowe, kt\u00f3re pasuje do ka\u017cdej witryny","pricing_price":"od 0 USD \/ miesi\u0105c","pricing_price_caption":"zacznij od bezp\u0142atnego planu","pricing_benefits":[{"text":"Nielimitowane strony internetowe"},{"text":"Profesjonalne wsparcie firmy i dobrze udokumentowane"},{"text":"Bezp\u0142atna pomoc w monta\u017cu"},{"text":"Elastyczny projekt"}],"pricing_button_text":"Dodaj do witryny","pricing_button_url":"#demo"}],"related_apps_title":"","related_apps_hidden":"0","author":"","image":[],"title":"","job":"","social_networks":[]},"_links":{"self":[{"href":"https:\/\/elfsight.com\/pl\/wp-json\/wp\/v2\/pages\/5293","targetHints":{"allow":["GET"]}}],"collection":[{"href":"https:\/\/elfsight.com\/pl\/wp-json\/wp\/v2\/pages"}],"about":[{"href":"https:\/\/elfsight.com\/pl\/wp-json\/wp\/v2\/types\/page"}],"author":[{"embeddable":true,"href":"https:\/\/elfsight.com\/pl\/wp-json\/wp\/v2\/users\/9"}],"replies":[{"embeddable":true,"href":"https:\/\/elfsight.com\/pl\/wp-json\/wp\/v2\/comments?post=5293"}],"version-history":[{"count":2,"href":"https:\/\/elfsight.com\/pl\/wp-json\/wp\/v2\/pages\/5293\/revisions"}],"predecessor-version":[{"id":7817,"href":"https:\/\/elfsight.com\/pl\/wp-json\/wp\/v2\/pages\/5293\/revisions\/7817"}],"up":[{"embeddable":true,"href":"https:\/\/elfsight.com\/pl\/wp-json\/wp\/v2\/pages\/2133"}],"wp:attachment":[{"href":"https:\/\/elfsight.com\/pl\/wp-json\/wp\/v2\/media?parent=5293"}],"curies":[{"name":"wp","href":"https:\/\/api.w.org\/{rel}","templated":true}]}}