{"id":5287,"date":"2024-05-03T06:37:50","date_gmt":"2024-05-03T06:37:50","guid":{"rendered":"https:\/\/elfsight.com\/pl\/?page_id=5287"},"modified":"2025-07-26T20:31:13","modified_gmt":"2025-07-26T20:31:13","slug":"weebly","status":"publish","type":"page","link":"https:\/\/elfsight.com\/pl\/online-form-builder\/weebly\/","title":{"rendered":"Form Builder &#8211; Weebly"},"content":{"rendered":"<div class=\"application-platform-content-item-description application-platform-content-item\" id=\"description\" data-nav-section=\"description\">\n<h2>Niestandardowy kreator formularzy dla Weebly<\/h2>\n<p>Kreator formularzy firmy Elfsight umo\u017cliwia utworzenie formularza rejestracji weebly i zam\u00f3wienia weebly formularz rejestracyjny, formularz rejestracyjny weeb lub inny rodzaj formularza wype\u0142niaj\u0105cego, kt\u00f3rego mo\u017cesz potrzebowa\u0107. Dzi\u0119ki tej uniwersalnej aplikacji mo\u017cesz z \u0142atwo\u015bci\u0105 otrzymywa\u0107 opinie od klient\u00f3w za pomoc\u0105 ankiet, pr\u00f3\u015bb o ocen\u0119 i innych odmian. Struktur\u0119 formularza mo\u017cna zdefiniowa\u0107 i stylizowa\u0107 w celu przechwytywania wi\u0119kszej ilo\u015bci informacji od klient\u00f3w. Bez wzgl\u0119du na to, jakiego rodzaju informacji potrzebujesz, czy to pomys\u0142\u00f3w, ocen, rezerwacji czy zakup\u00f3w, nasz Kreator formularzy umo\u017cliwi Ci utworzenie odpowiedniego formularza wype\u0142niaj\u0105cego. Nasz responsywny projekt i szereg predefiniowanych element\u00f3w gwarantuje, \u017ce Tw\u00f3j formularz b\u0119dzie \u0142atwy w u\u017cyciu dla Twoich klient\u00f3w i atrakcyjny dla Ciebie.<\/p>\n<p><b>Zbieraj opinie klient\u00f3w, otrzymuj rezerwacje i pro\u015bby od odbiorc\u00f3w Twojej witryny!<\/b><\/p>\n<ul>\n    <li><b>Tw\u00f3rz atrakcyjne formularze, aby zebra\u0107 wi\u0119cej opinii<\/b>.<br>Zastosuj ka\u017cdy parametr aplikacji Elfsight, aby konstruowa\u0107 skuteczne formularze wype\u0142niaj\u0105ce. Kontroluj komponenty i definiuj ramy, aby Twoje formularze by\u0142y zr\u00f3wnowa\u017cone i por\u0119czne. Wykorzystaj parametry stylu do zaprojektowania godnego uwagi interfejsu i zdob\u0105d\u017a wi\u0119cej opinii.<\/li>\n    <li><b>Zwi\u0119ksz liczb\u0119 potencjalnych klient\u00f3w dzi\u0119ki \u0142atwym do zarz\u0105dzania formularzom<\/b>.<br>Nie pozw\u00f3l klientom przerywa\u0107 wype\u0142niania bez zako\u0144czenia i pozostawi\u0105 Ci\u0119 bez ich spostrze\u017ce\u0144. Tw\u00f3rz formularze z wygodnymi krokami i logiczn\u0105 konfiguracj\u0105, kt\u00f3re utrzymaj\u0105 zaanga\u017cowanie u\u017cytkownik\u00f3w do samego ko\u0144ca i zwi\u0119ksz\u0105 liczb\u0119 potencjalnych klient\u00f3w.<\/li>\n    <li><b>Oszcz\u0119dzaj czas i pieni\u0105dze dzi\u0119ki wielofunkcyjnemu narz\u0119dziu<\/b>. Instrument ten umo\u017cliwia projektowanie r\u00f3\u017cnego rodzaju form o r\u00f3\u017cnorodnym zestawie element\u00f3w i r\u00f3\u017cnej strukturze. Pomo\u017ce Ci to w tworzeniu formularzy w celu przywo\u0142ywania danych w r\u00f3\u017cnych formatach bez wydawania dodatkowych pieni\u0119dzy i czasu.<\/li>\n<\/ul>\n<\/div>\n\n<div class=\"application-platform-content-item-features application-platform-content-item\" id=\"features\" data-nav-section=\"features\">\n<h2>Funkcje wtyczki do tworzenia formularzy<\/h2>\n<p>Dlaczego Elfsight Form Builder jest najlepsz\u0105 wtyczk\u0105 do uzyskiwania opinii klient\u00f3w, pr\u00f3\u015bb lub informacji o rezerwacjach w Twojej witrynie Weebly?<\/p>\n<ul>\n    <li>Tw\u00f3rz formularze klasyczne i krok po kroku \u0142\u0105cz\u0105ce elementy w grupy;<\/li>\n    <li>Edytowalny tekst przycisku wysy\u0142ania;<\/li>\n    <li>Przypisz dowolny adres e-mail i formularz wyniki wype\u0142niania b\u0119d\u0105 tam automatycznie przesy\u0142ane;<\/li>\n    <li>Ustaw dowolny adres URL, na kt\u00f3ry u\u017cytkownik zostanie przekierowany po wype\u0142nieniu formularza;<\/li>\n    <li>Pomaluj formularz jednym klikni\u0119ciem &#8211; do kt\u00f3rego zostanie zastosowany kolor g\u0142\u00f3wny wszystkie aktywne elementy, przycisk przesy\u0142ania, pasek post\u0119pu itp.<\/li>\n<\/ul>\n<p><a href=\"#demo\">Przetestuj g\u0142\u00f3wne funkcje aplikacji w naszej wersji demonstracyjnej<\/a><\/p>\n<\/div>\n\n<div class=\"application-platform-content-item-installation application-platform-content-item\" id=\"installation\" data-nav-section=\"installation\"><\/div>\n<h2>Jak doda\u0107 Kreator formularzy do witryny Weebly<\/h2>\n<div class=\"video-container\"><iframe width=\"720\" height=\"405\" src=\"https:\/\/www.youtube.com\/embed\/xd_ujSjQbrE\" frameborder=\"0\" allowfullscreen=\"\"><\/iframe><\/div>\n<p>Kr\u00f3tka instrukcja za stworzenie aplikacji na Weebly w\u0142asnymi \u015brodkami. Aby wdro\u017cy\u0107 konfiguracj\u0119, nie musisz zaprasza\u0107 programisty ani osobi\u015bcie mie\u0107 do\u015bwiadczenia w programowaniu. Ca\u0142kowity czas wdro\u017cenia to zaledwie 3 minuty.<\/p>\n<ol>\n    <li><b>Zarz\u0105dzaj nasz\u0105 bezp\u0142atn\u0105 wersj\u0105 demonstracyjn\u0105 i zacznij tworzy\u0107 spersonalizowan\u0105 aplikacj\u0119. <\/b><br>Znajd\u017a wybrany interfejs i parametry aplikacji oraz zastosuj wszystkie modyfikacje.<\/li>\n    <li><b>Zdob\u0105d\u017a unikalny kod, kt\u00f3ry jest widoczny w polu aplikacji Elfsight. <\/b><br>Zaraz po skonfigurowaniu aplikacji skopiuj kod w wy\u015bwietlonym oknie i zachowaj go na dalsze potrzeby.<\/li>\n    <li><b>Rozpocznij korzystanie z aplikacji w sieci Weebly strona. <\/b><br>Osad\u017a skopiowany wcze\u015bniej kod na swojej stronie i zastosuj poprawki.<\/li>\n    <li><b>Gotowe! Integracja zosta\u0142a pomy\u015blnie zako\u0144czona. <\/b><br>Odwied\u017a swoj\u0105 witryn\u0119, aby sprawdzi\u0107, jak dzia\u0142a aplikacja.<\/li>\n<\/ol>\n<div class=\"faq\" data-component=\"FAQ\">\n<div class=\"faq-item\">\r\n\t\t\t\t\t<div class=\"faq-item-question\">\r\n\t\t\t\t\t\t<h3 class=\"faq-item-question-text\">Jak doda\u0107 Kreator formularzy do mojej witryny Weebly bez umiej\u0119tno\u015bci kodowania?<\/h3>\r\n\r\n\t\t\t\t\t\t<div class=\"faq-item-question-icon\"><\/div>\r\n\t\t\t\t\t<\/div>\r\n\r\n\t\t\t\t\t<div class=\"faq-item-answer\">\r\n\t\t\t\t\t\t<div class=\"faq-item-answer-text\">\n<p>Elfsight zapewnia rozwi\u0105zanie SaaS, kt\u00f3re pozwala utworzy\u0107 formularz Wid\u017cet Kreatora formularzy, przekonaj si\u0119, jak \u0142atwy jest ten proces: Pracuj bezpo\u015brednio w edytorze online, aby utworzy\u0107 wid\u017cet Kreatora formularzy, kt\u00f3ry chcesz widzie\u0107 w swojej witrynie Weebly. Wybierz jeden z gotowych szablon\u00f3w i dostosuj ustawienia Kreatora formularzy, dodaj tre\u015b\u0107, zmie\u0144 uk\u0142ad i kolory bez umiej\u0119tno\u015bci kodowania. Zapisz Kreatora formularzy i skopiuj jego kod instalacyjny, aby m\u00f3c bez wysi\u0142ku doda\u0107 swoj\u0105 witryn\u0119 Weebly bez konieczno\u015bci kupowania p\u0142atnego planu. Dzi\u0119ki naszemu intuicyjnemu edytorowi ka\u017cdy u\u017cytkownik Internetu mo\u017ce stworzy\u0107 wid\u017cet Kreatora formularzy online i \u0142atwo osadzi\u0107 go na swojej stronie internetowej Weebly. Aby uzyska\u0107 dost\u0119p do us\u0142ugi, nie trzeba p\u0142aci\u0107 ani wprowadza\u0107 danych uwierzytelniaj\u0105cych karty. Je\u015bli na kt\u00f3rymkolwiek etapie napotkasz jakiekolwiek problemy, skontaktuj si\u0119 z naszym zespo\u0142em pomocy technicznej.<\/p>\n<\/div>\r\n\t\t\t\t\t<\/div>\r\n\t\t\t\t<\/div>\n<div class=\"faq-item\">\r\n\t\t\t\t\t<div class=\"faq-item-question\">\r\n\t\t\t\t\t\t<h3 class=\"faq-item-question-text\">Czy istniej\u0105 niestandardowe szablony narz\u0119dzia Form Builder dla witryny Weebly?<\/h3>\r\n\r\n\t\t\t\t\t\t<div class=\"faq-item-question-icon\"><\/div>\r\n\t\t\t\t\t<\/div>\r\n\r\n\t\t\t\t\t<div class=\"faq-item-answer\">\r\n\t\t\t\t\t\t<div class=\"faq-item-answer-text\">\n<p>Tak, absolutnie! Dost\u0119pnych jest ponad 300 gotowych szablon\u00f3w do ka\u017cdego przypadku, takich jak <a href=\"https:\/\/elfsight.com\/online-form-builder\/templates\/application-forms\/\">Formularze zg\u0142oszeniowe<\/a>, <a href=\"https:\/\/elfsight.com\/online-form-builder\/templates\/booking-forms\/\">Formularze rezerwacji<\/a>, <a href=\"https:\/\/elfsight.com\/online-form-builder\/templates\/order-forms\/\">Formularze zam\u00f3wie\u0144<\/a>, <a href=\"https:\/\/elfsight.com\/online-form-builder\/templates\/product-forms\/\">Formularze produkt\u00f3w<\/a>, <a href=\"https:\/\/elfsight.com\/online-form-builder\/templates\/questionnaires\/\">Kwestionariusze<\/a>, <a href=\"https:\/\/elfsight.com\/online-form-builder\/templates\/quizzes\/\">Quizy<\/a>, <a href=\"https:\/\/elfsight.com\/online-form-builder\/templates\/surveys\/\">Ankiety<\/a>, <a href=\"https:\/\/elfsight.com\/online-form-builder\/templates\/file-upload-forms\/\">Formularze przesy\u0142ania plik\u00f3w<\/a> i wiele innych. Zach\u0119camy do przetestowania <a href=\"https:\/\/elfsight.com\/online-form-builder\/templates\/\">szablon\u00f3w Kreatora formularzy<\/a> i podzielenia si\u0119 z nami swoj\u0105 opini\u0105.<\/p>\n<\/div>\r\n\t\t\t\t\t<\/div>\r\n\t\t\t\t<\/div>\n<\/div>","protected":false},"excerpt":{"rendered":"Jak doda\u0107 Kreator formularzy do witryny Weebly Kr\u00f3tka instrukcja za stworzenie aplikacji na Weebly w\u0142asnymi \u015brodkami. Aby wdro\u017cy\u0107 konfiguracj\u0119, nie musisz zaprasza\u0107 programisty ani osobi\u015bcie mie\u0107 do\u015bwiadczenia w programowaniu. Ca\u0142kowity czas wdro\u017cenia to zaledwie 3 minuty. Zarz\u0105dzaj nasz\u0105 bezp\u0142atn\u0105 wersj\u0105 demonstracyjn\u0105 i zacznij tworzy\u0107 spersonalizowan\u0105 aplikacj\u0119. Znajd\u017a wybrany interfejs i&#8230;","protected":false},"author":9,"featured_media":0,"parent":2133,"menu_order":0,"comment_status":"closed","ping_status":"closed","template":"templates\/template-application-platform.php","meta":{"publish_to_discourse":"","publish_post_category":"","wpdc_auto_publish_overridden":"","wpdc_topic_tags":"","wpdc_pin_topic":"","wpdc_pin_until":"","discourse_post_id":"","discourse_permalink":"","wpdc_publishing_response":"","wpdc_publishing_error":"","footnotes":""},"class_list":["post-5287","page","type-page","status-publish","hentry"],"yoast_head":"<!-- This site is optimized with the Yoast SEO plugin v25.3.1 - https:\/\/yoast.com\/wordpress\/plugins\/seo\/ -->\n<title>Tw\u00f3rz i dodawaj niestandardowe formularze w Weebly za darmo!<\/title>\n<meta name=\"description\" content=\"Przetestuj najlepszy kreator formularzy online dla witryny Weebly. Dodaj interaktywne aplikacje w zaledwie 1 minut\u0119 za darmo w najprostszym kreatorze formularzy.\" \/>\n<meta name=\"robots\" content=\"index, follow, max-snippet:-1, max-image-preview:large, max-video-preview:-1\" \/>\n<link rel=\"canonical\" href=\"https:\/\/elfsight.com\/pl\/online-form-builder\/weebly\/\" \/>\n<meta property=\"og:locale\" content=\"pl_PL\" \/>\n<meta property=\"og:type\" content=\"article\" \/>\n<meta property=\"og:title\" content=\"Tw\u00f3rz i dodawaj niestandardowe formularze w Weebly za darmo!\" \/>\n<meta property=\"og:description\" content=\"Przetestuj najlepszy kreator formularzy online dla witryny Weebly. Dodaj interaktywne aplikacje w zaledwie 1 minut\u0119 za darmo w najprostszym kreatorze formularzy.\" \/>\n<meta property=\"og:url\" content=\"https:\/\/elfsight.com\/pl\/online-form-builder\/weebly\/\" \/>\n<meta property=\"og:site_name\" content=\"Elfsight PL\" \/>\n<meta property=\"article:modified_time\" content=\"2025-07-26T20:31:13+00:00\" \/>\n<meta name=\"twitter:card\" content=\"summary_large_image\" \/>\n<meta name=\"twitter:label1\" content=\"Szacowany czas czytania\" \/>\n\t<meta name=\"twitter:data1\" content=\"4 minuty\" \/>\n<!-- \/ Yoast SEO plugin. -->","yoast_head_json":{"title":"Tw\u00f3rz i dodawaj niestandardowe formularze w Weebly za darmo!","description":"Przetestuj najlepszy kreator formularzy online dla witryny Weebly. Dodaj interaktywne aplikacje w zaledwie 1 minut\u0119 za darmo w najprostszym kreatorze formularzy.","robots":{"index":"index","follow":"follow","max-snippet":"max-snippet:-1","max-image-preview":"max-image-preview:large","max-video-preview":"max-video-preview:-1"},"canonical":"https:\/\/elfsight.com\/pl\/online-form-builder\/weebly\/","og_locale":"pl_PL","og_type":"article","og_title":"Tw\u00f3rz i dodawaj niestandardowe formularze w Weebly za darmo!","og_description":"Przetestuj najlepszy kreator formularzy online dla witryny Weebly. Dodaj interaktywne aplikacje w zaledwie 1 minut\u0119 za darmo w najprostszym kreatorze formularzy.","og_url":"https:\/\/elfsight.com\/pl\/online-form-builder\/weebly\/","og_site_name":"Elfsight PL","article_modified_time":"2025-07-26T20:31:13+00:00","twitter_card":"summary_large_image","twitter_misc":{"Szacowany czas czytania":"4 minuty"},"schema":{"@context":"https:\/\/schema.org","@graph":[{"@type":"WebPage","@id":"https:\/\/elfsight.com\/pl\/online-form-builder\/weebly\/","url":"https:\/\/elfsight.com\/pl\/online-form-builder\/weebly\/","name":"Tw\u00f3rz i dodawaj niestandardowe formularze w Weebly za darmo!","isPartOf":{"@id":"https:\/\/elfsight.com\/pl\/#website"},"datePublished":"2024-05-03T06:37:50+00:00","dateModified":"2025-07-26T20:31:13+00:00","description":"Przetestuj najlepszy kreator formularzy online dla witryny Weebly. Dodaj interaktywne aplikacje w zaledwie 1 minut\u0119 za darmo w najprostszym kreatorze formularzy.","breadcrumb":{"@id":"https:\/\/elfsight.com\/pl\/online-form-builder\/weebly\/#breadcrumb"},"inLanguage":"pl-PL","potentialAction":[{"@type":"ReadAction","target":["https:\/\/elfsight.com\/pl\/online-form-builder\/weebly\/"]}]},{"@type":"BreadcrumbList","@id":"https:\/\/elfsight.com\/pl\/online-form-builder\/weebly\/#breadcrumb","itemListElement":[{"@type":"ListItem","position":1,"name":"Home","item":"https:\/\/elfsight.com\/pl\/"},{"@type":"ListItem","position":2,"name":"Form Builder","item":"https:\/\/elfsight.com\/pl\/online-form-builder\/"},{"@type":"ListItem","position":3,"name":"Form Builder &#8211; Weebly"}]},{"@type":"WebSite","@id":"https:\/\/elfsight.com\/pl\/#website","url":"https:\/\/elfsight.com\/pl\/","name":"Elfsight PL","description":"Just another Elfsight Sites site","potentialAction":[{"@type":"SearchAction","target":{"@type":"EntryPoint","urlTemplate":"https:\/\/elfsight.com\/pl\/?s={search_term_string}"},"query-input":{"@type":"PropertyValueSpecification","valueRequired":true,"valueName":"search_term_string"}}],"inLanguage":"pl-PL"}]}},"meta_box":{"industry":"","seo_heading":"","heading":"","description":"","cta_heading":"","cta_description":"","application":"2132","h1":"Kreator formularzy online dla Weebly","h1_caption":"Tw\u00f3rz konfigurowalne formularze do dowolnego celu \u2014 opinie, ankiety, formularze kontaktowe \u2014 bez kodowania, co u\u0142atwi gromadzenie informacji od u\u017cytkownik\u00f3w w witrynie Weebly.","application_category":[],"applications_title":"","applications_request_title":"","applications_request_button_text":"","hero_text":"","hero_video":"","hero_video_schema_markup":"","selling_points_title":"","selling_points_caption":"","selling_points":[],"selling_points_cta_text":"","features_title":"","features":"","ed_cta_examples_text":"","ed_cta_examples_hidden":"","ed_cta_demo_text":"","ed_cta_demo_hidden":"","why_caption":"","why_editor_title":"","why_editor_text":"","why_team_title":"","why_team_text":"","why_service_title":"","why_service_text":"","template_catalog_visible":"0","template_catalog_title":"","template_catalog_text":"","template_catalog_categories_visible":"","demo_title":"Utw\u00f3rz aplikacj\u0119 do tworzenia formularzy","demo_caption":"Skonfiguruj narz\u0119dzie do tworzenia formularzy i dodaj je za darmo do swojej witryny Weebly!","default_faq_hidden":"","app_template_category":[],"platform":"132","template_public_id":"","codecanyon_url":"","codecanyon_item_id":"","codecanyon_price":"","pricing_caption":"","pricing_elfsight_apps_hide_column":"","pricing_elfsight_apps_url":"","pricing_codecanyon_price_caption":"","integration_category":[],"integration_request_title":"","integration_request_cta":"","integration_platform":"","integrations":[],"platform_category":[],"video_schema_markup":"","price":"od 0 USD \/ miesi\u0105c","trial":"","benefits":[{"text":"Bezp\u0142atna us\u0142uga monta\u017cu"},{"text":"Kompetentna obs\u0142uga klienta"},{"text":"14-dniowa gwarancja zwrotu pieni\u0119dzy"}],"button_url":"#demo","button_target_blank":"0","button_nofollow":"0","attributes":[{"name":"Instaluje"},{"name":"Czu\u0142y"},{"name":"Kompatybilne przegl\u0105darki"}],"tags":[],"tags_disable_links":"0","hide_more_platforms":"0","video_object":"","demo_hide_cta":"0","demo_hide_cloud_options":"0","pricing_title":"","pricing":[{"pricing_icon":"cloud","pricing_title":"Elfsight Apps","pricing_title_caption":"Wersja niezale\u017cna od platformy","pricing_price":"od 0 USD \/ miesi\u0105c","pricing_price_caption":"zacznij od bezp\u0142atnego planu","pricing_benefits":[{"text":"Nielimitowane strony internetowe"},{"text":"Wsparcie premium"},{"text":"Bezp\u0142atna us\u0142uga monta\u017cu"},{"text":"Elastyczny projekt"}],"pricing_button_text":"Dodaj do witryny","pricing_button_url":"#demo"}],"related_apps_title":"","related_apps_hidden":"1","author":"","image":[],"title":"","job":"","social_networks":[]},"_links":{"self":[{"href":"https:\/\/elfsight.com\/pl\/wp-json\/wp\/v2\/pages\/5287","targetHints":{"allow":["GET"]}}],"collection":[{"href":"https:\/\/elfsight.com\/pl\/wp-json\/wp\/v2\/pages"}],"about":[{"href":"https:\/\/elfsight.com\/pl\/wp-json\/wp\/v2\/types\/page"}],"author":[{"embeddable":true,"href":"https:\/\/elfsight.com\/pl\/wp-json\/wp\/v2\/users\/9"}],"replies":[{"embeddable":true,"href":"https:\/\/elfsight.com\/pl\/wp-json\/wp\/v2\/comments?post=5287"}],"version-history":[{"count":4,"href":"https:\/\/elfsight.com\/pl\/wp-json\/wp\/v2\/pages\/5287\/revisions"}],"predecessor-version":[{"id":10730,"href":"https:\/\/elfsight.com\/pl\/wp-json\/wp\/v2\/pages\/5287\/revisions\/10730"}],"up":[{"embeddable":true,"href":"https:\/\/elfsight.com\/pl\/wp-json\/wp\/v2\/pages\/2133"}],"wp:attachment":[{"href":"https:\/\/elfsight.com\/pl\/wp-json\/wp\/v2\/media?parent=5287"}],"curies":[{"name":"wp","href":"https:\/\/api.w.org\/{rel}","templated":true}]}}