{"id":5286,"date":"2024-05-03T06:37:49","date_gmt":"2024-05-03T06:37:49","guid":{"rendered":"https:\/\/elfsight.com\/pl\/?page_id=5286"},"modified":"2026-01-19T12:48:43","modified_gmt":"2026-01-19T12:48:43","slug":"wix","status":"publish","type":"page","link":"https:\/\/elfsight.com\/pl\/online-form-builder\/wix\/","title":{"rendered":"Form Builder &#8211; Wix"},"content":{"rendered":"<div class=\"application-platform-content-item-description application-platform-content-item\" id=\"description\" data-nav-section=\"description\"><h2>Niestandardowy kreator formularzy dla Wix<\/h2><p>Elfsight Form Builder to wszechstronne narz\u0119dzie, kt\u00f3re umo\u017cliwia tworzenie r\u00f3\u017cnego rodzaju formularzy i wy\u015bwietl je na swojej stronie internetowej. Mo\u017cesz zbiera\u0107 informacje od swoich obecnych i potencjalnych klient\u00f3w, korzystaj\u0105c z przyjaznych dla u\u017cytkownika ankiet, formularzy opinii, pr\u00f3\u015bb o ocen\u0119 i innych podobnych format\u00f3w, w tym niestandardowego formularza zam\u00f3wienia Wix lub formularza aplikacji Wix. Za pomoc\u0105 tej aplikacji mo\u017cesz dostosowa\u0107 struktur\u0119 formularza i wybiera\u0107 spo\u015br\u00f3d szeregu element\u00f3w, aby tworzy\u0107 anga\u017cuj\u0105ce i skuteczne formularze odpowiadaj\u0105ce Twoim potrzebom. Niezale\u017cnie od tego, czy potrzebujesz zbiera\u0107 opinie, oceny, rezerwacje czy zakupy, darmowy kreator niestandardowych formularzy dla Wix pomo\u017ce Ci zaprojektowa\u0107 najodpowiedniejszy formularz do wype\u0142nienia. Dzi\u0119ki szerokiej gamie dost\u0119pnych element\u00f3w i konfigurowalnym wzorom, Tw\u00f3j formularz b\u0119dzie przyjazny dla u\u017cytkownika i atrakcyjny wizualnie dla Ciebie i Twoich klient\u00f3w, podobnie jak aplikacja do tworzenia formularzy Wix.<\/p><p><b>Umo\u017cliwiaj sk\u0142adanie zapyta\u0144 i dokonywanie zakup\u00f3w za pomoc\u0105 por\u0119cznego narz\u0119dzia formularze do szybkiej i \u0142atwej komunikacji z klientami!<\/b><\/p><ul><li><b>Tw\u00f3rz atrakcyjne formularze, aby zbiera\u0107 wi\u0119cej opinii<\/b>.<br>Wykorzystuj ka\u017cd\u0105 opcj\u0119 aplikacji Elfsight, aby projektowa\u0107 pot\u0119\u017cne wype\u0142nianie formularzy. Wybierz elementy i zdefiniuj struktur\u0119, aby Twoje formy by\u0142y zr\u00f3wnowa\u017cone i proste. U\u017cyj ustawie\u0144 stylu, aby stworzy\u0107 wyr\u00f3\u017cniaj\u0105cy si\u0119 interfejs i zebra\u0107 wi\u0119cej opinii.<\/li><li><b>Zwi\u0119ksz liczb\u0119 potencjalnych klient\u00f3w dzi\u0119ki \u0142atwym do zarz\u0105dzania formularzom<\/b>.<br>Nie pozw\u00f3l u\u017cytkownikom pozostawia\u0107 wype\u0142nienia niedoko\u0144czonym, dzi\u0119ki wszystkie dane utracone. Generuj formularze z wygodnymi etapami i \u0142atw\u0105 struktur\u0105, kt\u00f3re utrzymaj\u0105 zaanga\u017cowanie u\u017cytkownik\u00f3w do samego ko\u0144ca i zwi\u0119ksz\u0105 liczb\u0119 lead\u00f3w.<\/li><li><b>Oszcz\u0119dzaj czas i pieni\u0105dze dzi\u0119ki wielofunkcyjnemu narz\u0119dziu<\/b>.<br>Nie ma potrzeby kupowania wielu r\u00f3\u017cnorodnych narz\u0119dzi, kt\u00f3re zaspokoj\u0105 wszystkie Twoje potrzeby zwi\u0105zane z tworzeniem formularzy opinii dla Twojej witryny. Nasz Kreator formularzy umo\u017cliwia zaprojektowanie odpowiedniego formularza do zbierania danych wszystkich wariant\u00f3w, dzi\u0119ki r\u00f3\u017cnorodno\u015bci element\u00f3w i elastycznemu szkieletowi.<\/li><\/ul><\/div><div class=\"application-platform-content-item-features application-platform-content-item\" id=\"features\" data-nav-section=\"features\"><h2>Funkcje Wtyczka do tworzenia formularzy<\/h2><p>Dlaczego nasza aplikacja do tworzenia formularzy jest jedn\u0105 z najlepszych w\u015br\u00f3d aplikacji do zbierania recenzji u\u017cytkownik\u00f3w i przetwarzania zam\u00f3wie\u0144 w Wix?<\/p><ul><li>18 rodzaj\u00f3w p\u00f3l do wype\u0142nienia prawie dowolne zadanie gromadzenia danych;<\/li><li>Mo\u017cliwo\u015b\u0107 roz\u0142o\u017cenia p\u00f3l na kilka kolumn;<\/li><li>Przypisz dowolny adres e-mail, a wyniki wype\u0142nienia formularza b\u0119d\u0105 automatycznie przesy\u0142ane tam;<\/li><li>10 osadzone ikony p\u0142ywaj\u0105cego przycisku;<\/li><li>5 predefiniowanych styl\u00f3w p\u00f3l formularzy.<\/li><\/ul><p><a href=\"#demo\">Zobacz wi\u0119cej funkcji w darmowym edytorze<\/a><\/p><\/div><div class=\"application-platform-content-item-installation application-platform-content-item\" id=\"installation\" data-nav-section=\"installation\"><h2>Jak doda\u0107 aplikacj\u0119 Form Builder na stronie Wix? <\/h2><div class=\"video-container\"><iframe allowfullscreen=\"\" frameborder=\"0\" height=\"405\" src=\"https:\/\/www.youtube.com\/embed\/v40Ioe_WAKo?si=WWFYAzXdl-fwVmsU\" width=\"720\"><\/iframe><\/div><p>Przybli\u017cony czas instalacji to nieca\u0142e 3 minuty i nie wymaga umiej\u0119tno\u015bci programowania WWW.<\/p><ol><li><b>Kup widget na Wix market<\/b>.<br>Otw\u00f3rz stron\u0119 za pomoc\u0105 Kreatora formularzy i kliknij przycisk \u00abDodaj do witryny\u00bb.<\/li><li><b>Wstaw wid\u017cet do witryny<\/b>.<br> W wyskakuj\u0105cym powiadomieniu kliknij \u00abOtw\u00f3rz edytor\u00bb i wy\u015bwietl wid\u017cet na swojej stronie.<\/li><li><b>Skonfiguruj sw\u00f3j formularz<\/b>.<br>Wprowad\u017a wymagane parametry projektu i dat\u0119 za pokazanie. Zastosuj wszystkie zmiany.<\/li><li><b>Gotowe!<\/b><br>Przejd\u017a do witryny, aby wy\u015bwietli\u0107 Kreator formularzy.<\/li><\/ol><p>Podczas instalowania lub personalizowania aplikacji zada\u0142e\u015b pytania? Po prostu skorzystaj z rozszerzonej instrukcji \u00ab<a href=\"https:\/\/elfsight.com\/blog\/how-to-add-form-to-wix-elfsight-form-builder-app\/\" target=\"_blank\" rel=\"noopener\">Jak doda\u0107 formularze na stronie Wix<\/a>\u00bb i spr\u00f3buj ponownie. Lub skontaktuj si\u0119 z centrum pomocy, podaj\u0105c szczeg\u00f3\u0142owe wyja\u015bnienie trudno\u015bci. Do\u0142o\u017cymy wszelkich stara\u0144, aby zapewni\u0107 rozwi\u0105zania.<\/p><div class=\"faq\" data-component=\"FAQ\"> <div class=\"faq-item\">\r\n\t\t\t\t\t<div class=\"faq-item-question\">\r\n\t\t\t\t\t\t<h3 class=\"faq-item-question-text\">Jak doda\u0107 Kreator formularzy do mojej witryny Wix bez umiej\u0119tno\u015bci kodowania?<\/h3>\r\n\r\n\t\t\t\t\t\t<div class=\"faq-item-question-icon\"><\/div>\r\n\t\t\t\t\t<\/div>\r\n\r\n\t\t\t\t\t<div class=\"faq-item-answer\">\r\n\t\t\t\t\t\t<div class=\"faq-item-answer-text\"> <p>Elfsight zapewnia rozwi\u0105zanie SaaS, kt\u00f3re pozwala utworzy\u0107 formularz Sam wid\u017cet Konstruktora formularzy, przekonaj si\u0119, jak \u0142atwy jest ten proces: Pracuj bezpo\u015brednio w Edytorze online, aby utworzy\u0107 wid\u017cet Konstruktora formularzy, kt\u00f3ry chcia\u0142by\u015b zobaczy\u0107 na swojej stronie Wix. Wybierz jeden z gotowych szablon\u00f3w i dostosuj ustawienia Kreatora formularzy, dodaj tre\u015b\u0107, zmie\u0144 uk\u0142ad i schemat kolor\u00f3w bez umiej\u0119tno\u015bci kodowania. Zapisz Kreator formularzy i skopiuj jego kod instalacyjny, kt\u00f3ry mo\u017cesz \u0142atwo wklei\u0107 na swojej stronie Wix bez konieczno\u015bci kupowania wersji p\u0142atnej. Dzi\u0119ki naszemu intuicyjnemu Edytorowi ka\u017cdy u\u017cytkownik Internetu mo\u017ce stworzy\u0107 wid\u017cet Kreatora Formularzy online i \u0142atwo osadzi\u0107 go na swojej stronie Wix. Aby uzyska\u0107 dost\u0119p do us\u0142ugi, nie trzeba p\u0142aci\u0107 ani wprowadza\u0107 danych uwierzytelniaj\u0105cych karty. Je\u015bli na kt\u00f3rymkolwiek etapie napotkasz jakiekolwiek problemy, skontaktuj si\u0119 z naszym zespo\u0142em pomocy technicznej.<\/p> <\/div>\r\n\t\t\t\t\t<\/div>\r\n\t\t\t\t<\/div><div class=\"faq-item\">\r\n\t\t\t\t\t<div class=\"faq-item-question\">\r\n\t\t\t\t\t\t<h3 class=\"faq-item-question-text\">Czy s\u0105 jakie\u015b niestandardowe szablony Form Builder dla witryny Wix?<\/h3>\r\n\r\n\t\t\t\t\t\t<div class=\"faq-item-question-icon\"><\/div>\r\n\t\t\t\t\t<\/div>\r\n\r\n\t\t\t\t\t<div class=\"faq-item-answer\">\r\n\t\t\t\t\t\t<div class=\"faq-item-answer-text\"><p>Tak . Elfsight przygotowa\u0142 szeroki wyb\u00f3r ponad 300 <a href=\"https:\/\/elfsight.com\/online-form-builder\/templates\/\">szablon\u00f3w Kreatora formularzy<\/a> z dostosowywalnymi elementami i funkcjami. Mo\u017cesz znale\u017a\u0107 szablon formularza na ka\u017cd\u0105 okazj\u0119, na przyk\u0142ad <a href=\"https:\/\/elfsight.com\/online-form-builder\/templates\/application-forms\/\">Formularze aplikacji<\/a>, <a href=\"https:\/\/elfsight.com\/online-form-builder\/templates\/booking-forms\/\">Formularze rezerwacji<\/a>, <a href=\"https:\/\/elfsight.com\/online-form-builder\/ templates\/order-forms\/\">Formularze zam\u00f3wie\u0144<\/a>, <a href=\"https:\/\/elfsight.com\/online-form-builder\/templates\/product-forms\/\">Formularze produkt\u00f3w<\/a>, <a href=\"https:\/\/elfsight.com\/online-form-builder\/templates\/questionnaires\/\">Kwestionariusze<\/a>, <a href=\"https:\/\/elfsight.com\/online-form-builder\/templates \/quizzes\/\">Quizy<\/a>, <a href=\"https:\/\/elfsight.com\/online-form-builder\/templates\/surveys\/\">Ankiety<\/a>, <a href=\"https:\/ \/elfsight.com\/online-form-builder\/templates\/file-upload-forms\/\">Formularze przesy\u0142ania plik\u00f3w<\/a> i wiele innych.<\/p><\/div>\r\n\t\t\t\t\t<\/div>\r\n\t\t\t\t<\/div> <\/div> <\/div>","protected":false},"excerpt":{"rendered":"","protected":false},"author":9,"featured_media":0,"parent":2133,"menu_order":0,"comment_status":"closed","ping_status":"closed","template":"templates\/template-application-platform.php","meta":{"publish_to_discourse":"","publish_post_category":"","wpdc_auto_publish_overridden":"","wpdc_topic_tags":"","wpdc_pin_topic":"","wpdc_pin_until":"","discourse_post_id":"","discourse_permalink":"","wpdc_publishing_response":"","wpdc_publishing_error":"","footnotes":""},"class_list":["post-5286","page","type-page","status-publish","hentry"],"yoast_head":"<!-- This site is optimized with the Yoast SEO plugin v25.3.1 - https:\/\/yoast.com\/wordpress\/plugins\/seo\/ -->\n<title>Tw\u00f3rz i dodawaj niestandardowe formularze na Wix za darmo!<\/title>\n<meta name=\"description\" content=\"Stw\u00f3rz spersonalizowany kreator formularzy online dla swojej witryny Wix w zaledwie 1 minut\u0119! Przetestuj darmowy panel Elfsight, aby wygenerowa\u0107 w\u0142asn\u0105 aplikacj\u0119 Form.\" \/>\n<meta name=\"robots\" content=\"index, follow, max-snippet:-1, max-image-preview:large, max-video-preview:-1\" \/>\n<link rel=\"canonical\" href=\"https:\/\/elfsight.com\/pl\/online-form-builder\/wix\/\" \/>\n<meta property=\"og:locale\" content=\"pl_PL\" \/>\n<meta property=\"og:type\" content=\"article\" \/>\n<meta property=\"og:title\" content=\"Tw\u00f3rz i dodawaj niestandardowe formularze na Wix za darmo!\" \/>\n<meta property=\"og:description\" content=\"Stw\u00f3rz spersonalizowany kreator formularzy online dla swojej witryny Wix w zaledwie 1 minut\u0119! Przetestuj darmowy panel Elfsight, aby wygenerowa\u0107 w\u0142asn\u0105 aplikacj\u0119 Form.\" \/>\n<meta property=\"og:url\" content=\"https:\/\/elfsight.com\/pl\/online-form-builder\/wix\/\" \/>\n<meta property=\"og:site_name\" content=\"Elfsight PL\" \/>\n<meta property=\"article:modified_time\" content=\"2026-01-19T12:48:43+00:00\" \/>\n<meta name=\"twitter:card\" content=\"summary_large_image\" \/>\n<meta name=\"twitter:label1\" content=\"Szacowany czas czytania\" \/>\n\t<meta name=\"twitter:data1\" content=\"4 minuty\" \/>\n<!-- \/ Yoast SEO plugin. -->","yoast_head_json":{"title":"Tw\u00f3rz i dodawaj niestandardowe formularze na Wix za darmo!","description":"Stw\u00f3rz spersonalizowany kreator formularzy online dla swojej witryny Wix w zaledwie 1 minut\u0119! Przetestuj darmowy panel Elfsight, aby wygenerowa\u0107 w\u0142asn\u0105 aplikacj\u0119 Form.","robots":{"index":"index","follow":"follow","max-snippet":"max-snippet:-1","max-image-preview":"max-image-preview:large","max-video-preview":"max-video-preview:-1"},"canonical":"https:\/\/elfsight.com\/pl\/online-form-builder\/wix\/","og_locale":"pl_PL","og_type":"article","og_title":"Tw\u00f3rz i dodawaj niestandardowe formularze na Wix za darmo!","og_description":"Stw\u00f3rz spersonalizowany kreator formularzy online dla swojej witryny Wix w zaledwie 1 minut\u0119! Przetestuj darmowy panel Elfsight, aby wygenerowa\u0107 w\u0142asn\u0105 aplikacj\u0119 Form.","og_url":"https:\/\/elfsight.com\/pl\/online-form-builder\/wix\/","og_site_name":"Elfsight PL","article_modified_time":"2026-01-19T12:48:43+00:00","twitter_card":"summary_large_image","twitter_misc":{"Szacowany czas czytania":"4 minuty"},"schema":{"@context":"https:\/\/schema.org","@graph":[{"@type":"WebPage","@id":"https:\/\/elfsight.com\/pl\/online-form-builder\/wix\/","url":"https:\/\/elfsight.com\/pl\/online-form-builder\/wix\/","name":"Tw\u00f3rz i dodawaj niestandardowe formularze na Wix za darmo!","isPartOf":{"@id":"https:\/\/elfsight.com\/pl\/#website"},"datePublished":"2024-05-03T06:37:49+00:00","dateModified":"2026-01-19T12:48:43+00:00","description":"Stw\u00f3rz spersonalizowany kreator formularzy online dla swojej witryny Wix w zaledwie 1 minut\u0119! Przetestuj darmowy panel Elfsight, aby wygenerowa\u0107 w\u0142asn\u0105 aplikacj\u0119 Form.","breadcrumb":{"@id":"https:\/\/elfsight.com\/pl\/online-form-builder\/wix\/#breadcrumb"},"inLanguage":"pl-PL","potentialAction":[{"@type":"ReadAction","target":["https:\/\/elfsight.com\/pl\/online-form-builder\/wix\/"]}]},{"@type":"BreadcrumbList","@id":"https:\/\/elfsight.com\/pl\/online-form-builder\/wix\/#breadcrumb","itemListElement":[{"@type":"ListItem","position":1,"name":"Home","item":"https:\/\/elfsight.com\/pl\/"},{"@type":"ListItem","position":2,"name":"Form Builder","item":"https:\/\/elfsight.com\/pl\/online-form-builder\/"},{"@type":"ListItem","position":3,"name":"Form Builder &#8211; Wix"}]},{"@type":"WebSite","@id":"https:\/\/elfsight.com\/pl\/#website","url":"https:\/\/elfsight.com\/pl\/","name":"Elfsight PL","description":"Just another Elfsight Sites site","potentialAction":[{"@type":"SearchAction","target":{"@type":"EntryPoint","urlTemplate":"https:\/\/elfsight.com\/pl\/?s={search_term_string}"},"query-input":{"@type":"PropertyValueSpecification","valueRequired":true,"valueName":"search_term_string"}}],"inLanguage":"pl-PL"}]}},"meta_box":{"industry":"","seo_heading":"","heading":"","description":"","cta_heading":"","cta_description":"","application":"2132","h1":"Kreator formularzy online dla Wix","h1_caption":"Tw\u00f3rz konfigurowalne formularze do dowolnego celu \u2013 opinie, ankiety, formularze kontaktowe \u2013 bez kodowania, dzi\u0119ki czemu mo\u017cesz \u0142atwo i bez wysi\u0142ku zbiera\u0107 informacje od u\u017cytkownik\u00f3w na swojej stronie Wix.","application_category":[],"applications_title":"","applications_request_title":"","applications_request_button_text":"","hero_text":"","hero_video":"","hero_video_schema_markup":"","selling_points_title":"","selling_points_caption":"","selling_points":[],"selling_points_cta_text":"","features_title":"","features":"","ed_cta_examples_text":"","ed_cta_examples_hidden":"","ed_cta_demo_text":"","ed_cta_demo_hidden":"","why_caption":"","why_editor_title":"","why_editor_text":"","why_team_title":"","why_team_text":"","why_service_title":"","why_service_text":"","template_catalog_visible":"0","template_catalog_title":"","template_catalog_text":"","template_catalog_categories_visible":"","demo_title":"Utw\u00f3rz aplikacj\u0119 do tworzenia formularzy","demo_caption":"Skonfiguruj sw\u00f3j Kreator Formularzy i dodaj go do swojej witryny Wix za darmo!","default_faq_hidden":"","app_template_category":[],"platform":"30","template_public_id":"","codecanyon_url":"","codecanyon_item_id":"","codecanyon_price":"","pricing_caption":"","pricing_elfsight_apps_hide_column":"","pricing_elfsight_apps_url":"","pricing_codecanyon_price_caption":"","integration_category":[],"integration_request_title":"","integration_request_cta":"","integration_platform":"","integrations":[],"platform_category":[],"video_schema_markup":"","price":"od 0 USD \/ miesi\u0105c","trial":"","benefits":[{"text":"Bezp\u0142atna pomoc w monta\u017cu"},{"text":"Skuteczna obs\u0142uga klienta"},{"text":"14-dniowa gwarancja zwrotu pieni\u0119dzy"}],"button_url":"#demo","button_target_blank":"0","button_nofollow":"0","attributes":[{"name":"Instaluje","content":"100,000 - 500,000"},{"name":"Czu\u0142y","content":"Tak"},{"name":"Kompatybilne przegl\u0105darki","content":"IE11, Firefox, Safari, Opera, Chrome, Edge"}],"tags":[],"tags_disable_links":"0","hide_more_platforms":"0","video_object":"","demo_hide_cta":"0","demo_hide_cloud_options":"0","pricing_title":"","pricing":[{"pricing_icon":"platform","pricing_title":"Wix app","pricing_title_caption":"Wieloplatformowe rozwi\u0105zanie cyfrowe, kt\u00f3re pasuje do ka\u017cdej witryny internetowej","pricing_price":"od 0 USD \/ miesi\u0105c","pricing_price_caption":"zacznij od bezp\u0142atnego planu","pricing_benefits":[{"text":"Nieograniczona liczba domen"},{"text":"Szybka obs\u0142uga klienta"},{"text":"Bezp\u0142atna pomoc w instalacji"},{"text":"Oferta specjalna na wiele aplikacji"}],"pricing_button_text":"Dodaj do witryny","pricing_button_url":"#demo"}],"related_apps_title":"","related_apps_hidden":"0","author":"","image":[],"title":"","job":"","social_networks":[]},"_links":{"self":[{"href":"https:\/\/elfsight.com\/pl\/wp-json\/wp\/v2\/pages\/5286","targetHints":{"allow":["GET"]}}],"collection":[{"href":"https:\/\/elfsight.com\/pl\/wp-json\/wp\/v2\/pages"}],"about":[{"href":"https:\/\/elfsight.com\/pl\/wp-json\/wp\/v2\/types\/page"}],"author":[{"embeddable":true,"href":"https:\/\/elfsight.com\/pl\/wp-json\/wp\/v2\/users\/9"}],"replies":[{"embeddable":true,"href":"https:\/\/elfsight.com\/pl\/wp-json\/wp\/v2\/comments?post=5286"}],"version-history":[{"count":3,"href":"https:\/\/elfsight.com\/pl\/wp-json\/wp\/v2\/pages\/5286\/revisions"}],"predecessor-version":[{"id":10844,"href":"https:\/\/elfsight.com\/pl\/wp-json\/wp\/v2\/pages\/5286\/revisions\/10844"}],"up":[{"embeddable":true,"href":"https:\/\/elfsight.com\/pl\/wp-json\/wp\/v2\/pages\/2133"}],"wp:attachment":[{"href":"https:\/\/elfsight.com\/pl\/wp-json\/wp\/v2\/media?parent=5286"}],"curies":[{"name":"wp","href":"https:\/\/api.w.org\/{rel}","templated":true}]}}