{"id":5285,"date":"2024-05-03T06:37:48","date_gmt":"2024-05-03T06:37:48","guid":{"rendered":"https:\/\/elfsight.com\/pl\/?page_id=5285"},"modified":"2026-01-14T14:36:36","modified_gmt":"2026-01-14T14:36:36","slug":"wordpress","status":"publish","type":"page","link":"https:\/\/elfsight.com\/pl\/online-form-builder\/wordpress\/","title":{"rendered":"Form Builder &#8211; WordPress"},"content":{"rendered":"<div class=\"application-platform-content-item-description application-platform-content-item\" id=\"description\" data-nav-section=\"description\"><h2>Osad\u017a Kreator formularzy w WordPress za pomoc\u0105 wid\u017cetu Elfsight<\/h2><p>Najlepszy Kreator formularzy firmy Elfsight to uniwersalna wtyczka do tworzenia r\u00f3\u017cnych rodzaje formularzy do wype\u0142niania i osadzaj je w swoich zasobach internetowych. Uzyskuj informacje od swoich obecnych i potencjalnych u\u017cytkownik\u00f3w za pomoc\u0105 \u0142atwych do wype\u0142nienia ankiet, formularzy opinii, pr\u00f3\u015bb o ocen\u0119 i wszystkich innych kategorii. Kontroluj kompozycj\u0119 formularza, wybieraj elementy, aby konstruowa\u0107 spersonalizowane formularze pomagaj\u0105ce uzyskiwa\u0107 informacje od klient\u00f3w i \u0142atwo dodawa\u0107 formularz do swojej witryny WordPress. Niezale\u017cnie od tego, jakiego rodzaju danych szukasz: przemy\u015ble\u0144, ocen, zam\u00f3wie\u0144 i zakup\u00f3w \u2013 wtyczka WordPress Form umo\u017cliwi Ci utworzenie odpowiedniego formularza do ich wype\u0142nienia. Dzi\u0119ki elastycznej konfiguracji i r\u00f3\u017cnorodno\u015bci dost\u0119pnych komponent\u00f3w Tw\u00f3j formularz b\u0119dzie wygodny dla Twoich klient\u00f3w i anga\u017cuj\u0105cy dla Ciebie.<\/p><p><b>Zbieraj pomys\u0142y klient\u00f3w, przetwarzaj rezerwacje i zapytania klient\u00f3w Twojej witryny!<\/b> <\/p><ul><li><b>Tw\u00f3rz atrakcyjne formularze, aby zebra\u0107 wi\u0119cej opinii<\/b>.<br>Masz dost\u0119pn\u0105 szerok\u0105 kolekcj\u0119 segment\u00f3w, kt\u00f3re pozwalaj\u0105 tworzy\u0107 zabawne i praktyczne formularze. Zr\u00f3\u017cnicowane opcje stylu wtyczki Elfsight pozwol\u0105 uczyni\u0107 j\u0105 ja\u015bniejsz\u0105 i przyci\u0105gn\u0105\u0107 wi\u0119cej u\u017cytkownik\u00f3w do wype\u0142nienia.<\/li><li><b>Zwi\u0119ksz liczb\u0119 potencjalnych klient\u00f3w dzi\u0119ki \u0142atwym do zarz\u0105dzania formularzom<\/b>.<br>Nie r\u00f3b tego pozw\u00f3l klientom pozostawi\u0107 procedur\u0119 nape\u0142niania niedoko\u0144czon\u0105, trac\u0105c cenne informacje. Tw\u00f3rz formularze z \u0142atwymi do wykonania krokami i \u0142atw\u0105 kompozycj\u0105, kt\u00f3re utrzymaj\u0105 zaanga\u017cowanie klient\u00f3w a\u017c do ostatniego etapu i zwi\u0119ksz\u0105 liczb\u0119 potencjalnych klient\u00f3w.<\/li><li><b>Oszcz\u0119dzaj czas i pieni\u0105dze dzi\u0119ki wielofunkcyjnemu narz\u0119dziu<\/b>. <br>Ta wszechstronna wtyczka umo\u017cliwia konstruowanie form o r\u00f3\u017cnych wariantach, z r\u00f3\u017cnorodnymi zestawami przedmiot\u00f3w i unikalnym wzorem. Pomo\u017ce Ci to w dostosowaniu formularzy do otrzymywania r\u00f3\u017cnego rodzaju danych bez po\u015bwi\u0119cania dodatkowych pieni\u0119dzy i czasu.<\/li><\/ul><\/div><div class=\"application-platform-content-item-features application-platform-content-item\" id=\"features\" data-nav-section=\"features\"><h2>Funkcje wtyczki do tworzenia formularzy<\/h2><p>Dlaczego nasz Kreator formularzy pozostaje jedn\u0105 z najlepszych wtyczek WodPress do gromadzenia danych klient\u00f3w?<\/p><ul><li>18 typ\u00f3w p\u00f3l do spe\u0142nienia prawie ka\u017cdego zadania gromadzenia danych;<\/li><li> Edytowalny tekst przycisku wysy\u0142ania;<\/li><li>Edytowalny tekst wiadomo\u015bci z podzi\u0119kowaniami i przycisk do ponownego wype\u0142nienia formularza;<\/li><li>10 osadzonych ikon p\u0142ywaj\u0105cego przycisku;<\/li><li>A inteligentny program do kolorowania znajdzie maksymalnie kontrastuj\u0105cy kolor tekstu i element\u00f3w interfejsu w zale\u017cno\u015bci od wybranego g\u0142\u00f3wnego koloru.<\/li><\/ul><p><a href=\"#demo\">Przeczytaj ca\u0142\u0105 list\u0119 funkcji w edytor<\/a><\/p><\/div><div class=\"application-platform-content-item-installation application-platform-content-item\" id=\"installation\" data-nav-section=\"installation\"><h2>Jak doda\u0107 wtyczk\u0119 Form Builder do witryny WordPress<\/h2><div class=\"video-container\">\n<iframe width=\"720\" height=\"405\" src=\"https:\/\/www.youtube.com\/embed\/ggI2EgqkDDY?si=FFrACu0H_CsCXgOq\" frameborder=\"0\" allowfullscreen=\"\"><\/iframe>\n<\/div><p>Po prostu spe\u0142nij post\u0119puj zgodnie z poni\u017cszymi wytycznymi, aby osadzi\u0107 narz\u0119dzie w WordPress.<\/p><ol><li><b>Skorzystaj z naszego bezp\u0142atnego edytora i zacznij tworzy\u0107 w\u0142asny widget. <\/b><br>Znajd\u017a po\u017c\u0105dany interfejs i funkcje narz\u0119dzia oraz zapisz modyfikacje.<\/li><li><b>Odbierz sw\u00f3j unikalny kod, kt\u00f3ry pojawi si\u0119 w oknie aplikacji Elfsight. <\/b><br>Zaraz po zako\u0144czeniu konfiguracji osobistego Kreatora formularzy skopiuj indywidualny kod z wy\u015bwietlonego okna i zachowaj go na przysz\u0142o\u015b\u0107.<\/li><li><b>Rozpocznij korzystanie z wid\u017cetu na swoj\u0105 witryn\u0119 WordPress. <\/b><br>Zintegruj zapisany wcze\u015bniej kod ze swoj\u0105 witryn\u0105 i zapisz zmiany.<\/li><li><b>Gotowe! Integracja zosta\u0142a w pe\u0142ni wykonana. <\/b><br>Przejd\u017a na swoj\u0105 stron\u0119, aby sprawdzi\u0107 dzia\u0142anie wtyczki.<\/li><\/ol><p>Masz trudno\u015bci lub masz pytania dotycz\u0105ce instalacji lub ustawie\u0144 wtyczki osobistej? Zobacz pe\u0142n\u0105 instrukcj\u0119 \u00ab<a href=\"https:\/\/elfsight.com\/blog\/how-to-create-form-for-wordpress\/\" target=\"_blank\" rel=\"noopener\">Jak doda\u0107 wtyczk\u0119 formularza na Witryna WordPress<\/a>\u00bb lub zostaw wiadomo\u015b\u0107 w centrum pomocy, a nasz zesp\u00f3\u0142 z przyjemno\u015bci\u0105 Ci pomo\u017ce.<\/p><\/div><div class=\"faq\" data-component=\"FAQ\"><div class=\"faq-item\">\r\n\t\t\t\t\t<div class=\"faq-item-question\">\r\n\t\t\t\t\t\t<h3 class=\"faq-item-question-text\"> Jak chroni\u0107 dane formularzy WordPress na moich stronach?<\/h3>\r\n\r\n\t\t\t\t\t\t<div class=\"faq-item-question-icon\"><\/div>\r\n\t\t\t\t\t<\/div>\r\n\r\n\t\t\t\t\t<div class=\"faq-item-answer\">\r\n\t\t\t\t\t\t<div class=\"faq-item-answer-text\"><p>Nasz Kreator formularzy jest zintegrowany z najbardziej atrakcyjn\u0105 us\u0142ug\u0105 bezpiecze\u0144stwa reCAPTCHA. Zosta\u0142 zintegrowany, aby zabezpieczy\u0107 Twoje formularze i skrzynk\u0119 pocztow\u0105 przed spamem oraz zapewni\u0107 bezproblemow\u0105 prac\u0119 i tylko cenne dane. <\/p><\/div>\r\n\t\t\t\t\t<\/div>\r\n\t\t\t\t<\/div><div class=\"faq-item\">\r\n\t\t\t\t\t<div class=\"faq-item-question\">\r\n\t\t\t\t\t\t<h3 class=\"faq-item-question-text\">Czy istniej\u0105 szablony obs\u0142uguj\u0105ce formularze logiki warunkowej \/ wiele p\u00f3l \/ formularze e-mailowe?<\/h3>\r\n\r\n\t\t\t\t\t\t<div class=\"faq-item-question-icon\"><\/div>\r\n\t\t\t\t\t<\/div>\r\n\r\n\t\t\t\t\t<div class=\"faq-item-answer\">\r\n\t\t\t\t\t\t<div class=\"faq-item-answer-text\"><p>Jasne! Wszystko, co musisz zrobi\u0107, to zalogowa\u0107 si\u0119 do aplikacji Elfsight i wybra\u0107 dowolny szablon dopasowania, a nast\u0119pnie rozpocz\u0105\u0107 tworzenie niestandardowego wid\u017cetu. <\/p><\/div>\r\n\t\t\t\t\t<\/div>\r\n\t\t\t\t<\/div><div class=\"faq-item\">\r\n\t\t\t\t\t<div class=\"faq-item-question\">\r\n\t\t\t\t\t\t<h3 class=\"faq-item-question-text\">Jak utworzy\u0107 formularz kontaktu \/ opinii dla witryny WordPress?<\/h3>\r\n\r\n\t\t\t\t\t\t<div class=\"faq-item-question-icon\"><\/div>\r\n\t\t\t\t\t<\/div>\r\n\r\n\t\t\t\t\t<div class=\"faq-item-answer\">\r\n\t\t\t\t\t\t<div class=\"faq-item-answer-text\"><p>Aby utworzy\u0107 formularz kontaktu lub opinii, musisz zalogowa\u0107 si\u0119 do us\u0142ug\u0119 Elfsight Apps i dokonaj wszystkich niezb\u0119dnych zmian w narz\u0119dziu. Po zako\u0144czeniu zapisz zmiany i przejd\u017a do witryny internetowej. Proste. <\/p><\/div>\r\n\t\t\t\t\t<\/div>\r\n\t\t\t\t<\/div><div class=\"faq-item\">\r\n\t\t\t\t\t<div class=\"faq-item-question\">\r\n\t\t\t\t\t\t<h3 class=\"faq-item-question-text\">Czy masz gotowe szablony Kreatora formularzy dla witryny WordPress?<\/h3>\r\n\r\n\t\t\t\t\t\t<div class=\"faq-item-question-icon\"><\/div>\r\n\t\t\t\t\t<\/div>\r\n\r\n\t\t\t\t\t<div class=\"faq-item-answer\">\r\n\t\t\t\t\t\t<div class=\"faq-item-answer-text\"><p>Tak. Nasz zesp\u00f3\u0142 ci\u0119\u017cko pracowa\u0142 nad stworzeniem ogromnej kolekcji ponad 300 szablon\u00f3w, takich jak <a href=\"https:\/\/elfsight.com\/online-form-builder\/templates\/application-forms\/\">Formularze zg\u0142oszeniowe<\/a>, <a href=\"https:\/\/elfsight.com\/online-form-builder\/templates\/booking-forms\/\">Formularze rezerwacji<\/a>, <a href=\"https:\/\/elfsight.com\/online-form -builder\/templates\/order-forms\/\">Formularze zam\u00f3wie\u0144<\/a>, <a href=\"https:\/\/elfsight.com\/online-form-builder\/templates\/product-forms\/\">Formularze produkt\u00f3w<\/a>, <a href=\"https:\/\/elfsight.com\/online-form-builder\/templates\/questionnaires\/\">kwestionariusze<\/a>, <a href=\"https:\/\/elfsight.com\/online-form- builder\/templates\/quizzes\/\">Quizy<\/a>, <a href=\"https:\/\/elfsight.com\/online-form-builder\/templates\/surveys\/\">Ankiety<\/a>, <a href=\"https:\/\/elfsight.com\/online-form-builder\/templates\/file-upload-forms\/\">Formularze przesy\u0142ania plik\u00f3w<\/a> i wiele innych. Znalezienie odpowiedniego dopasowania dzi\u0119ki <a href=\"https:\/\/elfsight.com\/online-form-builder\/templates\/\">szablonom Kreatora formularzy<\/a> nie b\u0119dzie wi\u0119c trudne.<\/p> <\/div>\r\n\t\t\t\t\t<\/div>\r\n\t\t\t\t<\/div><\/div>","protected":false},"excerpt":{"rendered":"","protected":false},"author":9,"featured_media":0,"parent":2133,"menu_order":0,"comment_status":"closed","ping_status":"closed","template":"templates\/template-application-platform.php","meta":{"publish_to_discourse":"","publish_post_category":"","wpdc_auto_publish_overridden":"","wpdc_topic_tags":"","wpdc_pin_topic":"","wpdc_pin_until":"","discourse_post_id":"","discourse_permalink":"","wpdc_publishing_response":"","wpdc_publishing_error":"","footnotes":""},"class_list":["post-5285","page","type-page","status-publish","hentry"],"yoast_head":"<!-- This site is optimized with the Yoast SEO plugin v25.3.1 - https:\/\/yoast.com\/wordpress\/plugins\/seo\/ -->\n<title>Utw\u00f3rz i dodaj niestandardowy formularz na WordPress za darmo!<\/title>\n<meta name=\"description\" content=\"Utw\u00f3rz dostosowan\u0105 wtyczk\u0119 Form Builder dla witryny WordPress. Zainstaluj wtyczki w zaledwie 3 minuty za darmo w najszybszym panelu widget\u00f3w.\" \/>\n<meta name=\"robots\" content=\"index, follow, max-snippet:-1, max-image-preview:large, max-video-preview:-1\" \/>\n<link rel=\"canonical\" href=\"https:\/\/elfsight.com\/pl\/online-form-builder\/wordpress\/\" \/>\n<meta property=\"og:locale\" content=\"pl_PL\" \/>\n<meta property=\"og:type\" content=\"article\" \/>\n<meta property=\"og:title\" content=\"Utw\u00f3rz i dodaj niestandardowy formularz na WordPress za darmo!\" \/>\n<meta property=\"og:description\" content=\"Utw\u00f3rz dostosowan\u0105 wtyczk\u0119 Form Builder dla witryny WordPress. Zainstaluj wtyczki w zaledwie 3 minuty za darmo w najszybszym panelu widget\u00f3w.\" \/>\n<meta property=\"og:url\" content=\"https:\/\/elfsight.com\/pl\/online-form-builder\/wordpress\/\" \/>\n<meta property=\"og:site_name\" content=\"Elfsight PL\" \/>\n<meta property=\"article:modified_time\" content=\"2026-01-14T14:36:36+00:00\" \/>\n<meta name=\"twitter:card\" content=\"summary_large_image\" \/>\n<meta name=\"twitter:label1\" content=\"Szacowany czas czytania\" \/>\n\t<meta name=\"twitter:data1\" content=\"4 minuty\" \/>\n<!-- \/ Yoast SEO plugin. -->","yoast_head_json":{"title":"Utw\u00f3rz i dodaj niestandardowy formularz na WordPress za darmo!","description":"Utw\u00f3rz dostosowan\u0105 wtyczk\u0119 Form Builder dla witryny WordPress. Zainstaluj wtyczki w zaledwie 3 minuty za darmo w najszybszym panelu widget\u00f3w.","robots":{"index":"index","follow":"follow","max-snippet":"max-snippet:-1","max-image-preview":"max-image-preview:large","max-video-preview":"max-video-preview:-1"},"canonical":"https:\/\/elfsight.com\/pl\/online-form-builder\/wordpress\/","og_locale":"pl_PL","og_type":"article","og_title":"Utw\u00f3rz i dodaj niestandardowy formularz na WordPress za darmo!","og_description":"Utw\u00f3rz dostosowan\u0105 wtyczk\u0119 Form Builder dla witryny WordPress. Zainstaluj wtyczki w zaledwie 3 minuty za darmo w najszybszym panelu widget\u00f3w.","og_url":"https:\/\/elfsight.com\/pl\/online-form-builder\/wordpress\/","og_site_name":"Elfsight PL","article_modified_time":"2026-01-14T14:36:36+00:00","twitter_card":"summary_large_image","twitter_misc":{"Szacowany czas czytania":"4 minuty"},"schema":{"@context":"https:\/\/schema.org","@graph":[{"@type":"WebPage","@id":"https:\/\/elfsight.com\/pl\/online-form-builder\/wordpress\/","url":"https:\/\/elfsight.com\/pl\/online-form-builder\/wordpress\/","name":"Utw\u00f3rz i dodaj niestandardowy formularz na WordPress za darmo!","isPartOf":{"@id":"https:\/\/elfsight.com\/pl\/#website"},"datePublished":"2024-05-03T06:37:48+00:00","dateModified":"2026-01-14T14:36:36+00:00","description":"Utw\u00f3rz dostosowan\u0105 wtyczk\u0119 Form Builder dla witryny WordPress. Zainstaluj wtyczki w zaledwie 3 minuty za darmo w najszybszym panelu widget\u00f3w.","breadcrumb":{"@id":"https:\/\/elfsight.com\/pl\/online-form-builder\/wordpress\/#breadcrumb"},"inLanguage":"pl-PL","potentialAction":[{"@type":"ReadAction","target":["https:\/\/elfsight.com\/pl\/online-form-builder\/wordpress\/"]}]},{"@type":"BreadcrumbList","@id":"https:\/\/elfsight.com\/pl\/online-form-builder\/wordpress\/#breadcrumb","itemListElement":[{"@type":"ListItem","position":1,"name":"Home","item":"https:\/\/elfsight.com\/pl\/"},{"@type":"ListItem","position":2,"name":"Form Builder","item":"https:\/\/elfsight.com\/pl\/online-form-builder\/"},{"@type":"ListItem","position":3,"name":"Form Builder &#8211; WordPress"}]},{"@type":"WebSite","@id":"https:\/\/elfsight.com\/pl\/#website","url":"https:\/\/elfsight.com\/pl\/","name":"Elfsight PL","description":"Just another Elfsight Sites site","potentialAction":[{"@type":"SearchAction","target":{"@type":"EntryPoint","urlTemplate":"https:\/\/elfsight.com\/pl\/?s={search_term_string}"},"query-input":{"@type":"PropertyValueSpecification","valueRequired":true,"valueName":"search_term_string"}}],"inLanguage":"pl-PL"}]}},"meta_box":{"industry":"","seo_heading":"","heading":"","description":"","cta_heading":"","cta_description":"","application":"2132","h1":"Wtyczka do tworzenia formularzy WordPress","h1_caption":"Tw\u00f3rz informacje - zbieraj\u0105c r\u00f3\u017cnorodne formy w nieskomplikowanych krokach","application_category":[],"applications_title":"","applications_request_title":"","applications_request_button_text":"","hero_text":"","hero_video":"","hero_video_schema_markup":"","selling_points_title":"","selling_points_caption":"","selling_points":[],"selling_points_cta_text":"","features_title":"","features":"","ed_cta_examples_text":"","ed_cta_examples_hidden":"","ed_cta_demo_text":"","ed_cta_demo_hidden":"","why_caption":"","why_editor_title":"","why_editor_text":"","why_team_title":"","why_team_text":"","why_service_title":"","why_service_text":"","template_catalog_visible":"0","template_catalog_title":"","template_catalog_text":"","template_catalog_categories_visible":"","demo_title":"Utw\u00f3rz wtyczk\u0119 do tworzenia formularzy","demo_caption":"Skonfiguruj Kreator formularzy i dodaj go do swojej witryny WordPress za darmo!","default_faq_hidden":"","app_template_category":[],"platform":"31","template_public_id":"","codecanyon_url":"","codecanyon_item_id":"","codecanyon_price":"","pricing_caption":"","pricing_elfsight_apps_hide_column":"","pricing_elfsight_apps_url":"","pricing_codecanyon_price_caption":"","integration_category":[],"integration_request_title":"","integration_request_cta":"","integration_platform":"","integrations":[],"platform_category":[],"video_schema_markup":"","price":"od 0 USD \/ miesi\u0105c","trial":"","benefits":[{"text":"Bezp\u0142atna pomoc w instalacji"},{"text":"Skuteczna obs\u0142uga klienta"},{"text":"14-dniowa gwarancja zwrotu pieni\u0119dzy"}],"button_url":"#demo","button_target_blank":"0","button_nofollow":"0","attributes":[{"name":"Instaluje","content":"100,000 - 500,000"},{"name":"Czu\u0142y","content":"Tak"},{"name":"Kompatybilne przegl\u0105darki","content":"IE11, Firefox, Safari, Opera, Chrome, Edge"}],"tags":[],"tags_disable_links":"0","hide_more_platforms":"0","video_object":"","demo_hide_cta":"0","demo_hide_cloud_options":"0","pricing_title":"","pricing":[{"pricing_icon":"cloud","pricing_title":"Elfsight Apps","pricing_title_caption":"Wieloplatformowe rozwi\u0105zanie cyfrowe, kt\u00f3re dzia\u0142a w dowolnej witrynie","pricing_price":"od 0 USD \/ miesi\u0105c","pricing_price_caption":"zacznij od bezp\u0142atnego planu","pricing_benefits":[{"text":"Nielimitowane strony internetowe"},{"text":"Szybka obs\u0142uga klienta i dobrze udokumentowana"},{"text":"Bezp\u0142atna us\u0142uga monta\u017cu"},{"text":"Specjalna cena za wiele aplikacji"}],"pricing_button_text":"Dodaj do witryny","pricing_button_url":"#demo"}],"related_apps_title":"","related_apps_hidden":"0","author":"","image":[],"title":"","job":"","social_networks":[]},"_links":{"self":[{"href":"https:\/\/elfsight.com\/pl\/wp-json\/wp\/v2\/pages\/5285","targetHints":{"allow":["GET"]}}],"collection":[{"href":"https:\/\/elfsight.com\/pl\/wp-json\/wp\/v2\/pages"}],"about":[{"href":"https:\/\/elfsight.com\/pl\/wp-json\/wp\/v2\/types\/page"}],"author":[{"embeddable":true,"href":"https:\/\/elfsight.com\/pl\/wp-json\/wp\/v2\/users\/9"}],"replies":[{"embeddable":true,"href":"https:\/\/elfsight.com\/pl\/wp-json\/wp\/v2\/comments?post=5285"}],"version-history":[{"count":4,"href":"https:\/\/elfsight.com\/pl\/wp-json\/wp\/v2\/pages\/5285\/revisions"}],"predecessor-version":[{"id":10837,"href":"https:\/\/elfsight.com\/pl\/wp-json\/wp\/v2\/pages\/5285\/revisions\/10837"}],"up":[{"embeddable":true,"href":"https:\/\/elfsight.com\/pl\/wp-json\/wp\/v2\/pages\/2133"}],"wp:attachment":[{"href":"https:\/\/elfsight.com\/pl\/wp-json\/wp\/v2\/media?parent=5285"}],"curies":[{"name":"wp","href":"https:\/\/api.w.org\/{rel}","templated":true}]}}