{"id":5280,"date":"2024-05-03T06:37:47","date_gmt":"2024-05-03T06:37:47","guid":{"rendered":"https:\/\/elfsight.com\/pl\/?page_id=5280"},"modified":"2024-11-14T12:40:06","modified_gmt":"2024-11-14T12:40:06","slug":"elementor","status":"publish","type":"page","link":"https:\/\/elfsight.com\/pl\/online-form-builder\/elementor\/","title":{"rendered":"Form Builder &#8211; Elementor"},"content":{"rendered":"<div class=\"application-platform-content-item-description application-platform-content-item\" id=\"description\" data-nav-section=\"description\"><h2>Niestandardowy kreator formularzy dla Elementora<\/h2><p>Dzi\u0119ki kreatorowi formularzy Elementor mo\u017cesz tworzy\u0107 r\u00f3\u017cnego rodzaju formularze wype\u0142niaj\u0105ce i wy\u015bwietl je na swojej stronie internetowej. Zbieraj informacje od swoich obecnych i potencjalnych klient\u00f3w za pomoc\u0105 przydatnych ankiet, formularzy opinii, pr\u00f3\u015bb o ocen\u0119 i jeszcze wi\u0119kszej liczby format\u00f3w. Zaprojektuj struktur\u0119 formularza, dodaj pola i wybierz uk\u0142ad, a nast\u0119pnie u\u017cyj niestandardowego formularza Elementor, aby jeszcze bardziej spersonalizowa\u0107 sw\u00f3j formularz. Niezale\u017cnie od rodzaju danych, kt\u00f3re potrzebujesz: pomys\u0142y, wyceny, zam\u00f3wienia i sprzeda\u017c \u2013 nasz darmowy formularz Elementor zapewni wszystko, aby stworzy\u0107 odpowiedni i najlepiej wype\u0142niaj\u0105cy formularz. Dzi\u0119ki regulowanej konfiguracji i r\u00f3\u017cnorodnym dost\u0119pnym komponentom Tw\u00f3j formularz b\u0119dzie wygodny dla Twoich klient\u00f3w i wysoce wydajny dla Ciebie.<\/p><p><b>Zbieraj opinie klient\u00f3w, pracuj nad zam\u00f3wieniami i zapytaniami u\u017cytkownik\u00f3w Twojej witryny!<\/b><\/p><p><b>Tw\u00f3rz atrakcyjne formularze, aby zebra\u0107 wi\u0119cej opinii<\/b><br>Zastosuj ka\u017cd\u0105 funkcj\u0119 wtyczki Elfsight, aby tworzy\u0107 pot\u0119\u017cne formularze wype\u0142niania. Wybierz komponenty i kontroluj konfiguracj\u0119, aby Twoje formularze mia\u0142y odpowiedni kszta\u0142t i by\u0142y \u0142atwe do wype\u0142nienia. Wypr\u00f3buj funkcje stylu, aby ukszta\u0142towa\u0107 niezwyk\u0142y wygl\u0105d i uzyska\u0107 wi\u0119cej opinii.<\/p><p><b>Zwi\u0119ksz liczb\u0119 potencjalnych klient\u00f3w dzi\u0119ki \u0142atwym do zarz\u0105dzania formularzom<\/b><br>Nie pozw\u00f3l odbiorcom pomin\u0105\u0107 wype\u0142nienia w stanie niedoko\u0144czonym cenne spostrze\u017cenia. Kszta\u0142tuj formularze z wieloma etapami i wygodnym szkieletem, kt\u00f3re utrzymaj\u0105 zaanga\u017cowanie u\u017cytkownik\u00f3w do samego ko\u0144ca.<\/p><p><b>Oszcz\u0119dzaj czas i pieni\u0105dze dzi\u0119ki wielofunkcyjnemu narz\u0119dziu<\/b><br>Nie potrzebujesz kupi\u0107 wiele r\u00f3\u017cnych rozwi\u0105za\u0144, aby spe\u0142ni\u0107 wszystkie Twoje wymagania w zakresie kszta\u0142towania formularzy opinii dla Twojej witryny. Nasz Kreator formularzy umo\u017cliwia zaprojektowanie dowolnego formularza w celu uzyskania wgl\u0105du dzi\u0119ki r\u00f3\u017cnym komponentom i elastycznemu wzorowi.<\/p><\/div><div class=\"application-platform-content-item-features application-platform-content-item\" id=\"features\" data-nav-section=\"features\"><h2>Funkcje wtyczki konstruktora formularzy<\/h2><p>Zalety wid\u017cetu Elfsight, kt\u00f3re czyni\u0105 z niego niezb\u0119dn\u0105 wtyczk\u0119 WordPress:<\/p><ul><li>Utw\u00f3rz opis dla ka\u017cdego elementu, b\u0119dzie on widoczny pod etykiet\u0105;<\/li><li>Mo\u017cliwo\u015b\u0107 rozk\u0142adania p\u00f3l na kilka kolumn;<\/li><li>Przypisz dowolny adres e-mail, a wyniki wype\u0142nienia formularza zostan\u0105 tam automatycznie przes\u0142ane;<\/li><li>Prze\u0142\u0105czany pasek post\u0119pu w przypadku zastosowania formatu krok po kroku;<\/li>5 predefiniowane style p\u00f3l formularzy;<li>Projektuj formularze wype\u0142niaj\u0105ce w nieograniczonej liczbie wariant\u00f3w, aby uzyska\u0107 szczeg\u00f3\u0142owe informacje o kliencie.<\/li><\/ul><p><a href=\"#demo\">Mo\u017cesz wypr\u00f3bowa\u0107 wszystkie funkcje w naszym bezp\u0142atnym demo<\/a><\/p><\/div><div class=\"application-platform-content-item-installation application-platform-content-item\" id=\"installation\" data-nav-section=\"installation\"><h2>Jak doda\u0107 Kreator formularzy do witryny Elementor<\/h2><div class=\"video-container\"><iframe width=\"720\" height=\"405\" src=\"https:\/\/www.youtube.com\/embed\/a_gV6touuCk\" frameborder=\"0\" allowfullscreen=\"\"><\/iframe><\/div><p>Nasza wtyczka jest intuicyjna w integracji i nie b\u0119dzie wymaga\u0142o do\u015bwiadczenia w rozwoju. B\u0119dziesz potrzebowa\u0107 oko\u0142o kilku minut, aby <a href=\"https:\/\/elfsight.com\/blog\/how-to-add-form-to-elementor-by-elfsight-plugin-widget\/\" target=\"_blank\" rel=\"noopener\">dodaj formularz do witryny Elementor<\/a>.<\/p><ol><li><b>Stw\u00f3rz w\u0142asny wid\u017cet formularza<\/b><br> Za pomoc\u0105 naszego bezp\u0142atnego edytora utw\u00f3rz wtyczka z \u017c\u0105danym uk\u0142adem i funkcjami.<\/li> <li><b>Skopiuj sw\u00f3j unikalny kod do osadzenia wtyczki<\/b><br> Po skonfigurowaniu wid\u017cetu w aplikacji Elfsight pojawi si\u0119 wyskakuj\u0105ce okienko z unikalnym kodem instalacyjnym . Zapisz kod.<\/li><li><b>Osad\u017a wtyczk\u0119 na stronie Elementora<\/b><br> Dodaj wtyczk\u0119 w wymaganych obszarach strony i opublikuj wyniki.<\/li><li><b>Instalacja przebieg\u0142a pomy\u015blnie<\/b><br> Przejd\u017a do swojej witryny i sprawd\u017a swoj\u0105 prac\u0119.<\/li><\/ol><p>Szukasz porady dotycz\u0105cej instalacji lub dostosowania wtyczki? Nasi specjali\u015bci wsparcia ch\u0119tnie pomog\u0105 i zaproponuj\u0105 rozwi\u0105zanie!<\/p><div class=\"faq\" data-component=\"FAQ\"> <div class=\"faq-item\">\r\n\t\t\t\t\t<div class=\"faq-item-question\">\r\n\t\t\t\t\t\t<h3 class=\"faq-item-question-text\">Czy istniej\u0105 niestandardowe szablony Kreatora formularzy dla witryny Elementor?<\/h3>\r\n\r\n\t\t\t\t\t\t<div class=\"faq-item-question-icon\"><\/div>\r\n\t\t\t\t\t<\/div>\r\n\r\n\t\t\t\t\t<div class=\"faq-item-answer\">\r\n\t\t\t\t\t\t<div class=\"faq-item-answer-text\"><p>Tak. Elfsight przygotowa\u0142 szeroki wyb\u00f3r ponad 300 <a href=\"https:\/\/elfsight.com\/online-form-builder\/templates\/\">szablon\u00f3w Kreatora formularzy<\/a> z dostosowywalnymi elementami i funkcjami. Mo\u017cesz znale\u017a\u0107 szablon formularza na ka\u017cd\u0105 okazj\u0119, na przyk\u0142ad <a href=\"https:\/\/elfsight.com\/online-form-builder\/templates\/application-forms\/\">Formularze aplikacji<\/a>, <a href=\"https:\/\/elfsight.com\/online-form-builder\/templates\/booking-forms\/\">Formularze rezerwacji<\/a>, <a href=\"https:\/\/elfsight.com\/online-form-builder\/ templates\/order-forms\/\">Formularze zam\u00f3wie\u0144<\/a>, <a href=\"https:\/\/elfsight.com\/online-form-builder\/templates\/product-forms\/\">Formularze produkt\u00f3w<\/a>, <a href=\"https:\/\/elfsight.com\/online-form-builder\/templates\/questionnaires\/\">Kwestionariusze<\/a>, <a href=\"https:\/\/elfsight.com\/online-form-builder\/templates \/quizzes\/\">Quizy<\/a>, <a href=\"https:\/\/elfsight.com\/online-form-builder\/templates\/surveys\/\">Ankiety<\/a>, <a href=\"https:\/ \/elfsight.com\/online-form-builder\/templates\/file-upload-forms\/\">Formularze przesy\u0142ania plik\u00f3w<\/a> i wiele innych.<\/p><\/div>\r\n\t\t\t\t\t<\/div>\r\n\t\t\t\t<\/div> <\/div> <\/div>","protected":false},"excerpt":{"rendered":"","protected":false},"author":9,"featured_media":0,"parent":2133,"menu_order":0,"comment_status":"closed","ping_status":"closed","template":"templates\/template-application-platform.php","meta":{"publish_to_discourse":"","publish_post_category":"","wpdc_auto_publish_overridden":"","wpdc_topic_tags":"","wpdc_pin_topic":"","wpdc_pin_until":"","discourse_post_id":"","discourse_permalink":"","wpdc_publishing_response":"","wpdc_publishing_error":"","footnotes":""},"class_list":["post-5280","page","type-page","status-publish","hentry"],"yoast_head":"<!-- This site is optimized with the Yoast SEO plugin v25.3.1 - https:\/\/yoast.com\/wordpress\/plugins\/seo\/ -->\n<title>Tw\u00f3rz i dodawaj niestandardowy formularz na Elementorze za darmo!<\/title>\n<meta name=\"description\" content=\"Wygeneruj sw\u00f3j unikalny kreator formularzy do wy\u015bwietlenia na swojej stronie internetowej w ci\u0105gu zaledwie 1 minuty. Darmowe demo, pomoc w ustawieniach i wiele r\u00f3\u017cnych bonus\u00f3w od Elfsight!\" \/>\n<meta name=\"robots\" content=\"index, follow, max-snippet:-1, max-image-preview:large, max-video-preview:-1\" \/>\n<link rel=\"canonical\" href=\"https:\/\/elfsight.com\/pl\/online-form-builder\/elementor\/\" \/>\n<meta property=\"og:locale\" content=\"pl_PL\" \/>\n<meta property=\"og:type\" content=\"article\" \/>\n<meta property=\"og:title\" content=\"Tw\u00f3rz i dodawaj niestandardowy formularz na Elementorze za darmo!\" \/>\n<meta property=\"og:description\" content=\"Wygeneruj sw\u00f3j unikalny kreator formularzy do wy\u015bwietlenia na swojej stronie internetowej w ci\u0105gu zaledwie 1 minuty. Darmowe demo, pomoc w ustawieniach i wiele r\u00f3\u017cnych bonus\u00f3w od Elfsight!\" \/>\n<meta property=\"og:url\" content=\"https:\/\/elfsight.com\/pl\/online-form-builder\/elementor\/\" \/>\n<meta property=\"og:site_name\" content=\"Elfsight PL\" \/>\n<meta property=\"article:modified_time\" content=\"2024-11-14T12:40:06+00:00\" \/>\n<meta name=\"twitter:card\" content=\"summary_large_image\" \/>\n<meta name=\"twitter:label1\" content=\"Szacowany czas czytania\" \/>\n\t<meta name=\"twitter:data1\" content=\"3 minuty\" \/>\n<!-- \/ Yoast SEO plugin. -->","yoast_head_json":{"title":"Tw\u00f3rz i dodawaj niestandardowy formularz na Elementorze za darmo!","description":"Wygeneruj sw\u00f3j unikalny kreator formularzy do wy\u015bwietlenia na swojej stronie internetowej w ci\u0105gu zaledwie 1 minuty. Darmowe demo, pomoc w ustawieniach i wiele r\u00f3\u017cnych bonus\u00f3w od Elfsight!","robots":{"index":"index","follow":"follow","max-snippet":"max-snippet:-1","max-image-preview":"max-image-preview:large","max-video-preview":"max-video-preview:-1"},"canonical":"https:\/\/elfsight.com\/pl\/online-form-builder\/elementor\/","og_locale":"pl_PL","og_type":"article","og_title":"Tw\u00f3rz i dodawaj niestandardowy formularz na Elementorze za darmo!","og_description":"Wygeneruj sw\u00f3j unikalny kreator formularzy do wy\u015bwietlenia na swojej stronie internetowej w ci\u0105gu zaledwie 1 minuty. Darmowe demo, pomoc w ustawieniach i wiele r\u00f3\u017cnych bonus\u00f3w od Elfsight!","og_url":"https:\/\/elfsight.com\/pl\/online-form-builder\/elementor\/","og_site_name":"Elfsight PL","article_modified_time":"2024-11-14T12:40:06+00:00","twitter_card":"summary_large_image","twitter_misc":{"Szacowany czas czytania":"3 minuty"},"schema":{"@context":"https:\/\/schema.org","@graph":[{"@type":"WebPage","@id":"https:\/\/elfsight.com\/pl\/online-form-builder\/elementor\/","url":"https:\/\/elfsight.com\/pl\/online-form-builder\/elementor\/","name":"Tw\u00f3rz i dodawaj niestandardowy formularz na Elementorze za darmo!","isPartOf":{"@id":"https:\/\/elfsight.com\/pl\/#website"},"datePublished":"2024-05-03T06:37:47+00:00","dateModified":"2024-11-14T12:40:06+00:00","description":"Wygeneruj sw\u00f3j unikalny kreator formularzy do wy\u015bwietlenia na swojej stronie internetowej w ci\u0105gu zaledwie 1 minuty. Darmowe demo, pomoc w ustawieniach i wiele r\u00f3\u017cnych bonus\u00f3w od Elfsight!","breadcrumb":{"@id":"https:\/\/elfsight.com\/pl\/online-form-builder\/elementor\/#breadcrumb"},"inLanguage":"pl-PL","potentialAction":[{"@type":"ReadAction","target":["https:\/\/elfsight.com\/pl\/online-form-builder\/elementor\/"]}]},{"@type":"BreadcrumbList","@id":"https:\/\/elfsight.com\/pl\/online-form-builder\/elementor\/#breadcrumb","itemListElement":[{"@type":"ListItem","position":1,"name":"Home","item":"https:\/\/elfsight.com\/pl\/"},{"@type":"ListItem","position":2,"name":"Form Builder","item":"https:\/\/elfsight.com\/pl\/online-form-builder\/"},{"@type":"ListItem","position":3,"name":"Form Builder &#8211; Elementor"}]},{"@type":"WebSite","@id":"https:\/\/elfsight.com\/pl\/#website","url":"https:\/\/elfsight.com\/pl\/","name":"Elfsight PL","description":"Just another Elfsight Sites site","potentialAction":[{"@type":"SearchAction","target":{"@type":"EntryPoint","urlTemplate":"https:\/\/elfsight.com\/pl\/?s={search_term_string}"},"query-input":{"@type":"PropertyValueSpecification","valueRequired":true,"valueName":"search_term_string"}}],"inLanguage":"pl-PL"}]}},"meta_box":{"industry":"","seo_heading":"","heading":"","description":"","cta_heading":"","cta_description":"","application":"2132","h1":"Wid\u017cet Kreatora formularzy Elementor","h1_caption":"Tw\u00f3rz dostosowywalne formularze do dowolnego celu \u2014 opinie, ankiety, formularze kontaktowe \u2014 bez kodowania, co u\u0142atwia gromadzenie informacji od u\u017cytkownik\u00f3w w witrynie Elementor.","application_category":[],"applications_title":"","applications_request_title":"","applications_request_button_text":"","hero_text":"","hero_video":"","hero_video_schema_markup":"","selling_points_title":"","selling_points_caption":"","selling_points":[],"selling_points_cta_text":"","features_title":"","features":"","ed_cta_examples_text":"","ed_cta_examples_hidden":"","ed_cta_demo_text":"","ed_cta_demo_hidden":"","why_caption":"","why_editor_title":"","why_editor_text":"","why_team_title":"","why_team_text":"","why_service_title":"","why_service_text":"","template_catalog_visible":"0","template_catalog_title":"","template_catalog_text":"","template_catalog_categories_visible":"","demo_title":"Utw\u00f3rz wid\u017cet Konstruktora formularzy","demo_caption":"Skonfiguruj Kreator formularzy i dodaj go do swojej witryny Elementor za darmo!","default_faq_hidden":"","app_template_category":[],"platform":"268","template_public_id":"","codecanyon_url":"","codecanyon_item_id":"","codecanyon_price":"","pricing_caption":"","pricing_elfsight_apps_hide_column":"","pricing_elfsight_apps_url":"","pricing_codecanyon_price_caption":"","integration_category":[],"integration_request_title":"","integration_request_cta":"","integration_platform":"","integrations":[],"platform_category":[],"video_schema_markup":"","price":"od 0 USD \/ miesi\u0105c","trial":"","benefits":[{"text":"Bezp\u0142atna us\u0142uga monta\u017cu"},{"text":"Do\u015bwiadczona obs\u0142uga klienta"},{"text":"14-dniowa gwarancja zwrotu pieni\u0119dzy"}],"button_url":"#demo","button_target_blank":"0","button_nofollow":"0","attributes":[{"name":"Instaluje","content":"100,000 - 500,000"},{"name":"Czu\u0142y","content":"Tak"},{"name":"Kompatybilne przegl\u0105darki","content":"IE11, Firefox, Safari, Opera, Chrome, Edge"}],"tags":[],"tags_disable_links":"0","hide_more_platforms":"","video_object":"","demo_hide_cta":"0","demo_hide_cloud_options":"0","pricing_title":"","pricing":[{"pricing_icon":"platform","pricing_title":"Elfsight Apps","pricing_title_caption":"Oprogramowanie niezale\u017cne od platformy, kt\u00f3re pasuje do ka\u017cdej witryny internetowej","pricing_price":"od 0 USD \/ miesi\u0105c","pricing_price_caption":"zacznij od bezp\u0142atnego planu","pricing_benefits":[{"text":"Nielimitowane strony internetowe"},{"text":"Wsparcie 24\/7"},{"text":"Bezp\u0142atna pomoc w monta\u017cu"},{"text":"Specjalna oferta na wiele aplikacji"}],"pricing_button_text":"Dodaj do witryny","pricing_button_url":"#demo"}],"related_apps_title":"","related_apps_hidden":"0","author":"","image":[],"title":"","job":"","social_networks":[]},"_links":{"self":[{"href":"https:\/\/elfsight.com\/pl\/wp-json\/wp\/v2\/pages\/5280","targetHints":{"allow":["GET"]}}],"collection":[{"href":"https:\/\/elfsight.com\/pl\/wp-json\/wp\/v2\/pages"}],"about":[{"href":"https:\/\/elfsight.com\/pl\/wp-json\/wp\/v2\/types\/page"}],"author":[{"embeddable":true,"href":"https:\/\/elfsight.com\/pl\/wp-json\/wp\/v2\/users\/9"}],"replies":[{"embeddable":true,"href":"https:\/\/elfsight.com\/pl\/wp-json\/wp\/v2\/comments?post=5280"}],"version-history":[{"count":2,"href":"https:\/\/elfsight.com\/pl\/wp-json\/wp\/v2\/pages\/5280\/revisions"}],"predecessor-version":[{"id":7812,"href":"https:\/\/elfsight.com\/pl\/wp-json\/wp\/v2\/pages\/5280\/revisions\/7812"}],"up":[{"embeddable":true,"href":"https:\/\/elfsight.com\/pl\/wp-json\/wp\/v2\/pages\/2133"}],"wp:attachment":[{"href":"https:\/\/elfsight.com\/pl\/wp-json\/wp\/v2\/media?parent=5280"}],"curies":[{"name":"wp","href":"https:\/\/api.w.org\/{rel}","templated":true}]}}