{"id":5278,"date":"2024-05-03T06:37:45","date_gmt":"2024-05-03T06:37:45","guid":{"rendered":"https:\/\/elfsight.com\/pl\/?page_id=5278"},"modified":"2025-06-25T09:57:05","modified_gmt":"2025-06-25T09:57:05","slug":"facebook","status":"publish","type":"page","link":"https:\/\/elfsight.com\/pl\/online-form-builder\/facebook\/","title":{"rendered":"Form Builder &#8211; Facebook Page"},"content":{"rendered":"<div class=\"application-platform-content-item-description application-platform-content-item\" id=\"description\" data-nav-section=\"description\">\n<h2>Niestandardowy kreator formularzy dla strony na Facebooku<\/h2>\n<p>To wielofunkcyjne narz\u0119dzie do tworzenia r\u00f3\u017cnorodnych przyk\u0142ad\u00f3w wype\u0142niania formularzy i demonstrowania je na dowolnej stronie. Uzyskaj informacje od swoich obecnych i potencjalnych odbiorc\u00f3w za pomoc\u0105 wygodnych ankiet, formularzy opinii, pr\u00f3\u015bb o ocen\u0119 i wszystkich innych typ\u00f3w. Ustaw struktur\u0119 formularza, miejsce do tworzenia unikalnych formularzy do otrzymywania danych od klient\u00f3w, a nawet utw\u00f3rz formularz na swojej stronie na Facebooku. Niezale\u017cnie od tego, jakie informacje chcesz mie\u0107: opinie klient\u00f3w, oceny, zam\u00f3wienia i sprzeda\u017ce \u2013 nasza wtyczka pomo\u017ce Ci stworzy\u0107 wygodny formularz do wype\u0142niania. Dzi\u0119ki elastycznej strukturze i predefiniowanym elementom Tw\u00f3j formularz b\u0119dzie wygodny dla Twoich klient\u00f3w i skuteczny dla Ciebie.<\/p>\n<p><b>Przetwarzaj zam\u00f3wienia i zakupy za pomoc\u0105 wygodnych formularzy, kt\u00f3re zapewniaj\u0105 szybkie i \u0142atwe korzystanie!<\/b><\/p>\n<\/div>\n\n<div class=\"application-platform-content-item-features application-platform-content-item\" id=\"features\" data-nav-section=\"features\">\n<h2>Funkcje wtyczki Kreator formularzy<\/h2>\n<p>To uniwersalne rozwi\u0105zanie umo\u017cliwiaj\u0105ce tworzenie r\u00f3\u017cnego rodzaju formularzy wype\u0142niaj\u0105cych i wy\u015bwietlanie ich na Twoja strona internetowa. Mo\u017ce to by\u0107 pomocne w zwi\u0119kszaniu liczby lead\u00f3w i zbieraniu danych od potencjalnych klient\u00f3w<\/p>\n<ul>\n    <li>Utw\u00f3rz opis dla ka\u017cdego elementu, kt\u00f3ry b\u0119dzie wy\u015bwietlany pod etykiet\u0105;<\/li>\n    <li>Ka\u017cde pole mo\u017cna przeznaczony do wype\u0142nienia symbolem gwiazdki (*), aby to wskaza\u0107;<\/li>\n    <li>Wybierz scenariusz po przes\u0142aniu formularza: wiadomo\u015b\u0107 z podzi\u0119kowaniem, przekierowanie na inn\u0105 stron\u0119 lub ukrycie formularza;<\/li>\n    <li>Ustaw dowolny Adres URL, na kt\u00f3ry u\u017cytkownik zostanie przekierowany po wype\u0142nieniu formularza;<\/li>\n    <li>5 predefiniowanych styl\u00f3w p\u00f3l formularza.<\/li>\n<\/ul>\n<p><a href=\"#demo\">Sprawd\u017a, jak wszystkie funkcje dzia\u0142aj\u0105, w naszej wersji demonstracyjnej<\/a><\/p>\n<\/div>\n\n<div class=\"application-platform-content-item-installation application-platform-content-item\" id=\"installation\" data-nav-section=\"installation\"><\/div>\n<h2>Jak doda\u0107 formularz do strony firmowej na Facebooku<\/h2>\n<p>Aby wstawi\u0107 wid\u017cet, wykonaj nast\u0119puj\u0105ce czynno\u015bci poni\u017csze wytyczne<\/p>\n<ul>\n    <li><b>Stw\u00f3rz w\u0142asn\u0105 zak\u0142adk\u0119 Formularz<\/b><br>Korzystaj\u0105c z naszego bezp\u0142atnego konfiguratora, wygeneruj wid\u017cet z preferowanym uk\u0142adem i funkcjami. <\/li>\n    <li><b>Uzyskaj osobisty kod umo\u017cliwiaj\u0105cy skonfigurowanie wid\u017cetu<\/b><br>Po skonfigurowaniu wid\u017cetu otrzymasz kod instalacyjny z powiadomienia pojawiaj\u0105cego si\u0119 w aplikacjach Elfsight. Skopiuj to. <\/li>\n    <li><b>Dodaj formularz do strony na Facebooku<\/b><br> Utw\u00f3rz w\u0142asn\u0105 zak\u0142adk\u0119 na Facebooku. Wpisz w zak\u0142adce kod otrzymany w aplikacji elfsight. Je\u015bli masz jakiekolwiek problemy, po prostu zapoznaj si\u0119 z naszym przewodnikiem na stronie <a href=\"https:\/\/elfsight.com\/blog\/how-to-add-custom-tab-to-facebook-page\/\" target=\"_blank\" rel=\"noopener noreferrer\">tworzenie niestandardowej karty na Facebooku<\/a><\/li>\n    <li><b>Gotowe! <\/b><br>Odwied\u017a stron\u0119 firmy, aby wy\u015bwietli\u0107 formularz.<\/li>\n<\/ul>\n<p>Je\u015bli potrzebujesz pomocy lub masz pytania, skontaktuj si\u0119 z obs\u0142ug\u0105 klienta Elfsight. Ch\u0119tnie pomo\u017cemy w ka\u017cdej pro\u015bbie. <\/p>\n<div class=\"faq\" data-component=\"FAQ\">\n<div class=\"faq-item\">\r\n\t\t\t\t\t<div class=\"faq-item-question\">\r\n\t\t\t\t\t\t<h3 class=\"faq-item-question-text\">Jak doda\u0107 Kreatora formularzy do mojej strony na Facebooku bez umiej\u0119tno\u015bci kodowania?<\/h3>\r\n\r\n\t\t\t\t\t\t<div class=\"faq-item-question-icon\"><\/div>\r\n\t\t\t\t\t<\/div>\r\n\r\n\t\t\t\t\t<div class=\"faq-item-answer\">\r\n\t\t\t\t\t\t<div class=\"faq-item-answer-text\">\n<p>Elfsight zapewnia rozwi\u0105zanie SaaS, kt\u00f3re pozwala Ci samodzielnie utworzy\u0107 wid\u017cet Kreatora formularzy. Zobacz, jak \u0142atwo proces jest nast\u0119puj\u0105cy: Pracuj bezpo\u015brednio w edytorze online, aby utworzy\u0107 wid\u017cet Kreatora formularzy, kt\u00f3ry chcesz zobaczy\u0107 na swojej stronie na Facebooku. Wybierz jeden z gotowych szablon\u00f3w i dostosuj ustawienia Kreatora formularzy, dodaj tre\u015b\u0107, zmie\u0144 uk\u0142ad i kolory bez umiej\u0119tno\u015bci kodowania. Zapisz Kreator formularzy i skopiuj jego kod instalacyjny, kt\u00f3ry mo\u017cesz bez problemu umie\u015bci\u0107 na swojej stronie na Facebooku, bez konieczno\u015bci kupowania p\u0142atnego planu. Dzi\u0119ki naszemu intuicyjnemu edytorowi ka\u017cdy u\u017cytkownik Internetu mo\u017ce stworzy\u0107 wid\u017cet Form Builder online i \u0142atwo osadzi\u0107 go na swojej stronie na Facebooku. Aby uzyska\u0107 dost\u0119p do us\u0142ugi, nie trzeba p\u0142aci\u0107 ani wprowadza\u0107 danych uwierzytelniaj\u0105cych karty. Je\u015bli na kt\u00f3rymkolwiek etapie napotkasz jakiekolwiek problemy, skontaktuj si\u0119 z naszym zespo\u0142em pomocy technicznej.<\/p>\n<\/div>\r\n\t\t\t\t\t<\/div>\r\n\t\t\t\t<\/div>\n<div class=\"faq-item\">\r\n\t\t\t\t\t<div class=\"faq-item-question\">\r\n\t\t\t\t\t\t<h3 class=\"faq-item-question-text\">Czy istniej\u0105 niestandardowe szablony Kreatora formularzy dla witryny strony na Facebooku?<\/h3>\r\n\r\n\t\t\t\t\t\t<div class=\"faq-item-question-icon\"><\/div>\r\n\t\t\t\t\t<\/div>\r\n\r\n\t\t\t\t\t<div class=\"faq-item-answer\">\r\n\t\t\t\t\t\t<div class=\"faq-item-answer-text\">\n<p>Tak, absolutnie! Dost\u0119pnych jest ponad 300 gotowych szablon\u00f3w do ka\u017cdego przypadku, takich jak <a href=\"https:\/\/elfsight.com\/online-form-builder\/templates\/application-forms\/\">Formularze zg\u0142oszeniowe<\/a>, <a href=\"https:\/\/elfsight.com\/online-form-builder\/templates\/booking-forms\/\">Formularze rezerwacji<\/a>, <a href=\"https:\/\/elfsight.com\/online-form-builder\/templates\/order-forms\/\">Formularze zam\u00f3wie\u0144<\/a>, <a href=\"https:\/\/elfsight.com\/online-form-builder\/templates\/product-forms\/\">Formularze produkt\u00f3w<\/a>, <a href=\"https:\/\/elfsight.com\/online-form-builder\/templates\/questionnaires\/\">Kwestionariusze<\/a>, <a href=\"https:\/\/elfsight.com\/online-form-builder\/templates\/quizzes\/\">Quizy<\/a>, <a href=\"https:\/\/elfsight.com\/online-form-builder\/templates\/surveys\/\">Ankiety<\/a>, <a href=\"https:\/\/elfsight.com\/online-form-builder\/templates\/file-upload-forms\/\">Formularze przesy\u0142ania plik\u00f3w<\/a> i wiele innych. Zach\u0119camy do przetestowania <a href=\"https:\/\/elfsight.com\/online-form-builder\/templates\/\">szablon\u00f3w Kreatora formularzy<\/a> i podzielenia si\u0119 z nami swoj\u0105 opini\u0105.<\/p>\n<\/div>\r\n\t\t\t\t\t<\/div>\r\n\t\t\t\t<\/div>\n<\/div>","protected":false},"excerpt":{"rendered":"Jak doda\u0107 formularz do strony firmowej na Facebooku Aby wstawi\u0107 wid\u017cet, wykonaj nast\u0119puj\u0105ce czynno\u015bci poni\u017csze wytyczne Stw\u00f3rz w\u0142asn\u0105 zak\u0142adk\u0119 FormularzKorzystaj\u0105c z naszego bezp\u0142atnego konfiguratora, wygeneruj wid\u017cet z preferowanym uk\u0142adem i funkcjami. Uzyskaj osobisty kod umo\u017cliwiaj\u0105cy skonfigurowanie wid\u017cetuPo skonfigurowaniu wid\u017cetu otrzymasz kod instalacyjny z powiadomienia pojawiaj\u0105cego si\u0119 w aplikacjach Elfsight. Skopiuj&#8230;","protected":false},"author":9,"featured_media":0,"parent":2133,"menu_order":0,"comment_status":"closed","ping_status":"closed","template":"templates\/template-application-platform.php","meta":{"publish_to_discourse":"","publish_post_category":"","wpdc_auto_publish_overridden":"","wpdc_topic_tags":"","wpdc_pin_topic":"","wpdc_pin_until":"","discourse_post_id":"","discourse_permalink":"","wpdc_publishing_response":"","wpdc_publishing_error":"","footnotes":""},"class_list":["post-5278","page","type-page","status-publish","hentry"],"yoast_head":"<!-- This site is optimized with the Yoast SEO plugin v25.3.1 - https:\/\/yoast.com\/wordpress\/plugins\/seo\/ -->\n<title>Utw\u00f3rz i dodaj niestandardowy formularz na stronie na Facebooku za darmo!<\/title>\n<meta name=\"description\" content=\"Utw\u00f3rz wid\u017cet formularza dla strony biznesowej na Facebooku w zaledwie 2 minuty. Przetestuj wszystkie g\u0142\u00f3wne zalety najlepszego kreatora formularzy w bezp\u0142atnej wersji demonstracyjnej.\" \/>\n<meta name=\"robots\" content=\"index, follow, max-snippet:-1, max-image-preview:large, max-video-preview:-1\" \/>\n<link rel=\"canonical\" href=\"https:\/\/elfsight.com\/pl\/online-form-builder\/facebook\/\" \/>\n<meta property=\"og:locale\" content=\"pl_PL\" \/>\n<meta property=\"og:type\" content=\"article\" \/>\n<meta property=\"og:title\" content=\"Utw\u00f3rz i dodaj niestandardowy formularz na stronie na Facebooku za darmo!\" \/>\n<meta property=\"og:description\" content=\"Utw\u00f3rz wid\u017cet formularza dla strony biznesowej na Facebooku w zaledwie 2 minuty. Przetestuj wszystkie g\u0142\u00f3wne zalety najlepszego kreatora formularzy w bezp\u0142atnej wersji demonstracyjnej.\" \/>\n<meta property=\"og:url\" content=\"https:\/\/elfsight.com\/pl\/online-form-builder\/facebook\/\" \/>\n<meta property=\"og:site_name\" content=\"Elfsight PL\" \/>\n<meta property=\"article:modified_time\" content=\"2025-06-25T09:57:05+00:00\" \/>\n<meta name=\"twitter:card\" content=\"summary_large_image\" \/>\n<meta name=\"twitter:label1\" content=\"Szacowany czas czytania\" \/>\n\t<meta name=\"twitter:data1\" content=\"4 minuty\" \/>\n<!-- \/ Yoast SEO plugin. -->","yoast_head_json":{"title":"Utw\u00f3rz i dodaj niestandardowy formularz na stronie na Facebooku za darmo!","description":"Utw\u00f3rz wid\u017cet formularza dla strony biznesowej na Facebooku w zaledwie 2 minuty. Przetestuj wszystkie g\u0142\u00f3wne zalety najlepszego kreatora formularzy w bezp\u0142atnej wersji demonstracyjnej.","robots":{"index":"index","follow":"follow","max-snippet":"max-snippet:-1","max-image-preview":"max-image-preview:large","max-video-preview":"max-video-preview:-1"},"canonical":"https:\/\/elfsight.com\/pl\/online-form-builder\/facebook\/","og_locale":"pl_PL","og_type":"article","og_title":"Utw\u00f3rz i dodaj niestandardowy formularz na stronie na Facebooku za darmo!","og_description":"Utw\u00f3rz wid\u017cet formularza dla strony biznesowej na Facebooku w zaledwie 2 minuty. Przetestuj wszystkie g\u0142\u00f3wne zalety najlepszego kreatora formularzy w bezp\u0142atnej wersji demonstracyjnej.","og_url":"https:\/\/elfsight.com\/pl\/online-form-builder\/facebook\/","og_site_name":"Elfsight PL","article_modified_time":"2025-06-25T09:57:05+00:00","twitter_card":"summary_large_image","twitter_misc":{"Szacowany czas czytania":"4 minuty"},"schema":{"@context":"https:\/\/schema.org","@graph":[{"@type":"WebPage","@id":"https:\/\/elfsight.com\/pl\/online-form-builder\/facebook\/","url":"https:\/\/elfsight.com\/pl\/online-form-builder\/facebook\/","name":"Utw\u00f3rz i dodaj niestandardowy formularz na stronie na Facebooku za darmo!","isPartOf":{"@id":"https:\/\/elfsight.com\/pl\/#website"},"datePublished":"2024-05-03T06:37:45+00:00","dateModified":"2025-06-25T09:57:05+00:00","description":"Utw\u00f3rz wid\u017cet formularza dla strony biznesowej na Facebooku w zaledwie 2 minuty. Przetestuj wszystkie g\u0142\u00f3wne zalety najlepszego kreatora formularzy w bezp\u0142atnej wersji demonstracyjnej.","breadcrumb":{"@id":"https:\/\/elfsight.com\/pl\/online-form-builder\/facebook\/#breadcrumb"},"inLanguage":"pl-PL","potentialAction":[{"@type":"ReadAction","target":["https:\/\/elfsight.com\/pl\/online-form-builder\/facebook\/"]}]},{"@type":"BreadcrumbList","@id":"https:\/\/elfsight.com\/pl\/online-form-builder\/facebook\/#breadcrumb","itemListElement":[{"@type":"ListItem","position":1,"name":"Home","item":"https:\/\/elfsight.com\/pl\/"},{"@type":"ListItem","position":2,"name":"Form Builder","item":"https:\/\/elfsight.com\/pl\/online-form-builder\/"},{"@type":"ListItem","position":3,"name":"Form Builder &#8211; Facebook Page"}]},{"@type":"WebSite","@id":"https:\/\/elfsight.com\/pl\/#website","url":"https:\/\/elfsight.com\/pl\/","name":"Elfsight PL","description":"Just another Elfsight Sites site","potentialAction":[{"@type":"SearchAction","target":{"@type":"EntryPoint","urlTemplate":"https:\/\/elfsight.com\/pl\/?s={search_term_string}"},"query-input":{"@type":"PropertyValueSpecification","valueRequired":true,"valueName":"search_term_string"}}],"inLanguage":"pl-PL"}]}},"meta_box":{"industry":"","seo_heading":"","heading":"","description":"","cta_heading":"","cta_description":"","application":"2132","h1":"Kreator formularzy dla strony biznesowej na Facebooku","h1_caption":"Tw\u00f3rz dostosowywalne formularze do dowolnego celu \u2014 opinie, ankiety, formularze kontaktowe \u2014 bez kodowania, co u\u0142atwia gromadzenie informacji od u\u017cytkownik\u00f3w w witrynie strony na Facebooku.","application_category":[],"applications_title":"","applications_request_title":"","applications_request_button_text":"","hero_text":"","hero_video":"","hero_video_schema_markup":"","selling_points_title":"","selling_points_caption":"","selling_points":[],"selling_points_cta_text":"","features_title":"","features":"","ed_cta_examples_text":"","ed_cta_examples_hidden":"","ed_cta_demo_text":"","ed_cta_demo_hidden":"","why_caption":"","why_editor_title":"","why_editor_text":"","why_team_title":"","why_team_text":"","why_service_title":"","why_service_text":"","template_catalog_visible":"0","template_catalog_title":"","template_catalog_text":"","template_catalog_categories_visible":"","demo_title":"Utw\u00f3rz wid\u017cet Konstruktora formularzy","demo_caption":"Skonfiguruj narz\u0119dzie do tworzenia formularzy i dodaj je bezp\u0142atnie do swojej strony na Facebooku!","default_faq_hidden":"","app_template_category":[],"platform":"319","template_public_id":"","codecanyon_url":"","codecanyon_item_id":"","codecanyon_price":"","pricing_caption":"","pricing_elfsight_apps_hide_column":"","pricing_elfsight_apps_url":"","pricing_codecanyon_price_caption":"","integration_category":[],"integration_request_title":"","integration_request_cta":"","integration_platform":"","integrations":[],"platform_category":[],"video_schema_markup":"","price":"od 0 USD \/ miesi\u0105c","trial":"","benefits":[{"text":"Bezp\u0142atna us\u0142uga monta\u017cu"},{"text":"Wsparcie premium"},{"text":"14-dniowa gwarancja zwrotu pieni\u0119dzy"}],"button_url":"#demo","button_target_blank":"0","button_nofollow":"0","attributes":[{"name":"Instaluje"},{"name":"Reakcja na co\u015b"},{"name":"Kompatybilne przegl\u0105darki"}],"tags":[],"tags_disable_links":"0","hide_more_platforms":"0","video_object":"","demo_hide_cta":"0","demo_hide_cloud_options":"0","pricing_title":"","pricing":[{"pricing_icon":"platform","pricing_title":"Elfsight Apps","pricing_title_caption":"Wersja wieloplatformowa, kt\u00f3ra dzia\u0142a na ka\u017cdej stronie internetowej","pricing_price":"od 0 USD \/ miesi\u0105c","pricing_price_caption":"zacznij od bezp\u0142atnego planu","pricing_benefits":[{"text":"Nielimitowane strony internetowe"},{"text":"Wsparcie premium"},{"text":"Bezp\u0142atna pomoc w instalacji"},{"text":"100% konfigurowalny"}],"pricing_button_text":"Dodaj do witryny","pricing_button_url":"#demo"}],"related_apps_title":"","related_apps_hidden":"0","author":"","image":[],"title":"","job":"","social_networks":[]},"_links":{"self":[{"href":"https:\/\/elfsight.com\/pl\/wp-json\/wp\/v2\/pages\/5278","targetHints":{"allow":["GET"]}}],"collection":[{"href":"https:\/\/elfsight.com\/pl\/wp-json\/wp\/v2\/pages"}],"about":[{"href":"https:\/\/elfsight.com\/pl\/wp-json\/wp\/v2\/types\/page"}],"author":[{"embeddable":true,"href":"https:\/\/elfsight.com\/pl\/wp-json\/wp\/v2\/users\/9"}],"replies":[{"embeddable":true,"href":"https:\/\/elfsight.com\/pl\/wp-json\/wp\/v2\/comments?post=5278"}],"version-history":[{"count":2,"href":"https:\/\/elfsight.com\/pl\/wp-json\/wp\/v2\/pages\/5278\/revisions"}],"predecessor-version":[{"id":10494,"href":"https:\/\/elfsight.com\/pl\/wp-json\/wp\/v2\/pages\/5278\/revisions\/10494"}],"up":[{"embeddable":true,"href":"https:\/\/elfsight.com\/pl\/wp-json\/wp\/v2\/pages\/2133"}],"wp:attachment":[{"href":"https:\/\/elfsight.com\/pl\/wp-json\/wp\/v2\/media?parent=5278"}],"curies":[{"name":"wp","href":"https:\/\/api.w.org\/{rel}","templated":true}]}}