{"id":5277,"date":"2024-05-03T06:37:44","date_gmt":"2024-05-03T06:37:44","guid":{"rendered":"https:\/\/elfsight.com\/pl\/?page_id=5277"},"modified":"2025-06-25T10:01:31","modified_gmt":"2025-06-25T10:01:31","slug":"webnode","status":"publish","type":"page","link":"https:\/\/elfsight.com\/pl\/online-form-builder\/webnode\/","title":{"rendered":"Form Builder &#8211; Webnode"},"content":{"rendered":"<div class=\"application-platform-content-item-description application-platform-content-item\" id=\"description\" data-nav-section=\"description\"> <h2>Niestandardowy kreator formularzy dla Webnode<\/h2> <p>To ujednolicony instrument stworzony do tworzenia dowolnych typ\u00f3w formularzy wype\u0142niaj\u0105cych i demonstrowania ich na dowolny zas\u00f3b sieciowy. Uzyskuj informacje od swoich obecnych i potencjalnych klient\u00f3w za pomoc\u0105 prostych ankiet, formularzy opinii, pr\u00f3\u015bb o ocen\u0119 i innych format\u00f3w. Mo\u017cliwo\u015b\u0107 wyboru ustawie\u0144 formularza daje mo\u017cliwo\u015b\u0107 skonfigurowania atrakcyjnych formularzy w celu przywo\u0142ania informacji procesowych od u\u017cytkownik\u00f3w. Niewa\u017cne, jakie kategorie informacji potrzebujesz: przemy\u015blenia, wyniki, zam\u00f3wienia i sprzeda\u017c \u2013 Form Builder firmy Elfsight zapewni Ci wszystko, aby stworzy\u0107 odpowiedni i por\u0119czny formularz do wype\u0142nienia. Dzi\u0119ki elastycznemu szkieletowi i zr\u00f3\u017cnicowanym segmentom Tw\u00f3j formularz b\u0119dzie wygodny dla Twoich klient\u00f3w i skuteczny dla Ciebie.<\/p> <p><b>Um\u00f3w si\u0119 na rezerwacj\u0119 i zakupy za pomoc\u0105 wygodnych formularzy zapewniaj\u0105cych szybkie i proste zakupy!<\/b><\/p><h3>Korzy\u015bci<\/h3><p><b>Tw\u00f3rz atrakcyjne formularze, aby zebra\u0107 wi\u0119cej opinii<\/b><br>Dost\u0119pna jest szeroka gama element\u00f3w, kt\u00f3re umo\u017cliwiaj\u0105 tworzenie zabawnych i praktycznych formularzy. R\u00f3\u017cnorodne mo\u017cliwo\u015bci personalizacji naszej wtyczki sprawi\u0105, \u017ce b\u0119dzie ona przyci\u0105ga\u0142a wzrok i zach\u0119ca\u0142a do wype\u0142nienia wi\u0119cej klient\u00f3w.<\/p><p><b>Zwi\u0119ksz liczb\u0119 lead\u00f3w dzi\u0119ki \u0142atwym do zarz\u0105dzania formularzom<\/b><br>Nie pozw\u00f3l Twoi klienci pozostawiaj\u0105 proces nape\u0142niania niedoko\u0144czony i nie przestaj\u0105 zbiera\u0107 cennych informacji zwrotnych. Tw\u00f3rz formularze z wygodnymi krokami i wygodn\u0105 konfiguracj\u0105, kt\u00f3re utrzymaj\u0105 zaanga\u017cowanie klient\u00f3w do ko\u0144ca i zwi\u0119ksz\u0105 liczb\u0119 potencjalnych klient\u00f3w.<\/p><p><b>Oszcz\u0119dzaj czas i pieni\u0105dze dzi\u0119ki wielofunkcyjnemu narz\u0119dziu<\/b><br>Nie musisz kupowa\u0107 wielu r\u00f3\u017cnorodnych rozwi\u0105za\u0144, aby spe\u0142ni\u0107 wszystkie Twoje wymagania dotycz\u0105ce tworzenia formularzy opinii dla Twojej witryny. Nasz Kreator formularzy umo\u017cliwia kszta\u0142towanie najbardziej u\u017cytecznego formularza do odbierania danych we wszystkich formatach, dzi\u0119ki zr\u00f3\u017cnicowanym segmentom i elastycznemu sk\u0142adowi.<\/p><\/div><div class=\"application-platform-content-item-features application-platform-content-item\" id=\"features\" data-nav-section=\"features\"> <h2>Funkcje wtyczki Kreatora formularzy <\/h2> <p><\/p> <ul><li>Wy\u015bwietl nag\u0142\u00f3wek formularza z tytu\u0142em i tekstem;<\/li><li>Mo\u017cliwo\u015b\u0107 roz\u0142o\u017cenia p\u00f3l na kilka kolumn;<\/li><li>Edytowalne teksty Wiadomo\u015b\u0107 z podzi\u0119kowaniem i przycisk do ponownego wype\u0142nienia formularza;<\/li><li>3 gotowe uk\u0142ady (Domy\u015blny, W pude\u0142ku, P\u0142ywaj\u0105cy);<\/li><li>5 predefiniowanych styl\u00f3w p\u00f3l formularza.<\/li><li>5 predefiniowanych styl\u00f3w p\u00f3l formularza.<\/li><\/ul><p><a href=\"#demo\">Sprawd\u017a wszystkie w\u0142a\u015bciwo\u015bci w darmowym edytorze<\/a><\/p> <\/div> <div class=\"application-platform-content-item-installation application-platform-content-item\" id=\"installation\" data-nav-section=\"installation\"> <h2>Jak aby doda\u0107 Kreator formularzy do witryny Webnode<\/h2> <p>Wystarczy kilka prostych krok\u00f3w, aby osadzi\u0107.<\/p><ol><li><b>Utw\u00f3rz spersonalizowany wid\u017cet formularza<\/b> <br> Zarz\u0105dzaj\u0105c naszym darmowym konfiguratorem, uzyskaj wtyczk\u0119 o niestandardowym wygl\u0105dzie i cechach funkcjonalnych. <\/li><li><b>Uzyskaj osobisty kod do zainstalowania wid\u017cetu<\/b><br> Po utworzeniu wid\u017cetu otrzymasz kod instalacyjny z wy\u015bwietlonego okna aplikacji Elfsight. Skopiuj ten kod. <\/li> <li><b>Dodaj widget na swoj\u0105 stron\u0119 Webnode<\/b><br> Znajd\u017a miejsce, w kt\u00f3rym chcesz doda\u0107 wtyczk\u0119 i wklej tam skopiowany kod. Zastosuj wyniki. <\/li> <li><b>Osadzanie powiod\u0142o si\u0119! <\/b><br> Wejd\u017a na stron\u0119 internetow\u0105, aby obejrze\u0107 sw\u00f3j widget. <\/li> <\/ol><p>Nadal nie jeste\u015b pewien? Albo natkn\u0105\u0142e\u015b si\u0119 na co\u015b? Pro\u015bba do naszego zespo\u0142u wsparcia rozwi\u0105\u017ce ka\u017cdy problem.<\/p> <div class=\"faq\" data-component=\"FAQ\"> <div class=\"faq-item\">\r\n\t\t\t\t\t<div class=\"faq-item-question\">\r\n\t\t\t\t\t\t<h3 class=\"faq-item-question-text\">Jak doda\u0107 Kreator formularzy do mojej witryny Webnode bez umiej\u0119tno\u015bci kodowania?<\/h3>\r\n\r\n\t\t\t\t\t\t<div class=\"faq-item-question-icon\"><\/div>\r\n\t\t\t\t\t<\/div>\r\n\r\n\t\t\t\t\t<div class=\"faq-item-answer\">\r\n\t\t\t\t\t\t<div class=\"faq-item-answer-text\"> <p>Elfsight zapewnia rozwi\u0105zanie SaaS, kt\u00f3re pozwala sam tworzysz wid\u017cet Konstruktora formularzy, przekonaj si\u0119, jak \u0142atwy jest ten proces: Pracuj bezpo\u015brednio w edytorze online, aby utworzy\u0107 wid\u017cet Konstruktora formularzy, kt\u00f3ry chcia\u0142by\u015b zobaczy\u0107 na swojej stronie internetowej Webnode. Wybierz jeden z gotowych szablon\u00f3w i dostosuj ustawienia Kreatora formularzy, dodaj tre\u015b\u0107, zmie\u0144 uk\u0142ad i schemat kolor\u00f3w bez umiej\u0119tno\u015bci kodowania. Zapisz Kreator formularzy i skopiuj jego kod instalacyjny, kt\u00f3ry mo\u017cesz \u0142atwo wklei\u0107 na swojej stronie Webnode bez konieczno\u015bci kupowania wersji p\u0142atnej. Dzi\u0119ki naszemu intuicyjnemu edytorowi ka\u017cdy u\u017cytkownik Internetu mo\u017ce stworzy\u0107 wid\u017cet Form Builder online i \u0142atwo osadzi\u0107 go na swojej stronie internetowej Webnode. Aby uzyska\u0107 dost\u0119p do us\u0142ugi, nie trzeba p\u0142aci\u0107 ani wprowadza\u0107 danych uwierzytelniaj\u0105cych karty. Je\u015bli na kt\u00f3rymkolwiek etapie napotkasz jakiekolwiek problemy, skontaktuj si\u0119 z naszym zespo\u0142em pomocy technicznej.<\/p> <\/div>\r\n\t\t\t\t\t<\/div>\r\n\t\t\t\t<\/div> <\/div> <\/div>","protected":false},"excerpt":{"rendered":"","protected":false},"author":9,"featured_media":0,"parent":2133,"menu_order":0,"comment_status":"closed","ping_status":"closed","template":"templates\/template-application-platform.php","meta":{"publish_to_discourse":"","publish_post_category":"","wpdc_auto_publish_overridden":"","wpdc_topic_tags":"","wpdc_pin_topic":"","wpdc_pin_until":"","discourse_post_id":"","discourse_permalink":"","wpdc_publishing_response":"","wpdc_publishing_error":"","footnotes":""},"class_list":["post-5277","page","type-page","status-publish","hentry"],"yoast_head":"<!-- This site is optimized with the Yoast SEO plugin v25.3.1 - https:\/\/yoast.com\/wordpress\/plugins\/seo\/ -->\n<title>Tw\u00f3rz i dodawaj niestandardowe formularze na Webnode za darmo!<\/title>\n<meta name=\"description\" content=\"Ukszta\u0142towanie wid\u017cetu Konstruktora formularzy i dodanie go do witryny Webnode jest ca\u0142kowicie proste. Obs\u0142uga klienta Elfsight jest bezp\u0142atna i szybka.\" \/>\n<meta name=\"robots\" content=\"index, follow, max-snippet:-1, max-image-preview:large, max-video-preview:-1\" \/>\n<link rel=\"canonical\" href=\"https:\/\/elfsight.com\/pl\/online-form-builder\/webnode\/\" \/>\n<meta property=\"og:locale\" content=\"pl_PL\" \/>\n<meta property=\"og:type\" content=\"article\" \/>\n<meta property=\"og:title\" content=\"Tw\u00f3rz i dodawaj niestandardowe formularze na Webnode za darmo!\" \/>\n<meta property=\"og:description\" content=\"Ukszta\u0142towanie wid\u017cetu Konstruktora formularzy i dodanie go do witryny Webnode jest ca\u0142kowicie proste. Obs\u0142uga klienta Elfsight jest bezp\u0142atna i szybka.\" \/>\n<meta property=\"og:url\" content=\"https:\/\/elfsight.com\/pl\/online-form-builder\/webnode\/\" \/>\n<meta property=\"og:site_name\" content=\"Elfsight PL\" \/>\n<meta property=\"article:modified_time\" content=\"2025-06-25T10:01:31+00:00\" \/>\n<meta name=\"twitter:card\" content=\"summary_large_image\" \/>\n<meta name=\"twitter:label1\" content=\"Szacowany czas czytania\" \/>\n\t<meta name=\"twitter:data1\" content=\"4 minuty\" \/>\n<!-- \/ Yoast SEO plugin. -->","yoast_head_json":{"title":"Tw\u00f3rz i dodawaj niestandardowe formularze na Webnode za darmo!","description":"Ukszta\u0142towanie wid\u017cetu Konstruktora formularzy i dodanie go do witryny Webnode jest ca\u0142kowicie proste. Obs\u0142uga klienta Elfsight jest bezp\u0142atna i szybka.","robots":{"index":"index","follow":"follow","max-snippet":"max-snippet:-1","max-image-preview":"max-image-preview:large","max-video-preview":"max-video-preview:-1"},"canonical":"https:\/\/elfsight.com\/pl\/online-form-builder\/webnode\/","og_locale":"pl_PL","og_type":"article","og_title":"Tw\u00f3rz i dodawaj niestandardowe formularze na Webnode za darmo!","og_description":"Ukszta\u0142towanie wid\u017cetu Konstruktora formularzy i dodanie go do witryny Webnode jest ca\u0142kowicie proste. Obs\u0142uga klienta Elfsight jest bezp\u0142atna i szybka.","og_url":"https:\/\/elfsight.com\/pl\/online-form-builder\/webnode\/","og_site_name":"Elfsight PL","article_modified_time":"2025-06-25T10:01:31+00:00","twitter_card":"summary_large_image","twitter_misc":{"Szacowany czas czytania":"4 minuty"},"schema":{"@context":"https:\/\/schema.org","@graph":[{"@type":"WebPage","@id":"https:\/\/elfsight.com\/pl\/online-form-builder\/webnode\/","url":"https:\/\/elfsight.com\/pl\/online-form-builder\/webnode\/","name":"Tw\u00f3rz i dodawaj niestandardowe formularze na Webnode za darmo!","isPartOf":{"@id":"https:\/\/elfsight.com\/pl\/#website"},"datePublished":"2024-05-03T06:37:44+00:00","dateModified":"2025-06-25T10:01:31+00:00","description":"Ukszta\u0142towanie wid\u017cetu Konstruktora formularzy i dodanie go do witryny Webnode jest ca\u0142kowicie proste. Obs\u0142uga klienta Elfsight jest bezp\u0142atna i szybka.","breadcrumb":{"@id":"https:\/\/elfsight.com\/pl\/online-form-builder\/webnode\/#breadcrumb"},"inLanguage":"pl-PL","potentialAction":[{"@type":"ReadAction","target":["https:\/\/elfsight.com\/pl\/online-form-builder\/webnode\/"]}]},{"@type":"BreadcrumbList","@id":"https:\/\/elfsight.com\/pl\/online-form-builder\/webnode\/#breadcrumb","itemListElement":[{"@type":"ListItem","position":1,"name":"Home","item":"https:\/\/elfsight.com\/pl\/"},{"@type":"ListItem","position":2,"name":"Form Builder","item":"https:\/\/elfsight.com\/pl\/online-form-builder\/"},{"@type":"ListItem","position":3,"name":"Form Builder &#8211; Webnode"}]},{"@type":"WebSite","@id":"https:\/\/elfsight.com\/pl\/#website","url":"https:\/\/elfsight.com\/pl\/","name":"Elfsight PL","description":"Just another Elfsight Sites site","potentialAction":[{"@type":"SearchAction","target":{"@type":"EntryPoint","urlTemplate":"https:\/\/elfsight.com\/pl\/?s={search_term_string}"},"query-input":{"@type":"PropertyValueSpecification","valueRequired":true,"valueName":"search_term_string"}}],"inLanguage":"pl-PL"}]}},"meta_box":{"industry":"","seo_heading":"","heading":"","description":"","cta_heading":"","cta_description":"","application":"2132","h1":"Widget Kreatora formularzy Webnode","h1_caption":"Tw\u00f3rz konfigurowalne formularze do dowolnego celu \u2014 opinie, ankiety, formularze kontaktowe \u2014 bez kodowania, co u\u0142atwia gromadzenie informacji od u\u017cytkownik\u00f3w w witrynie Webnode.","application_category":[],"applications_title":"","applications_request_title":"","applications_request_button_text":"","hero_text":"","hero_video":"","hero_video_schema_markup":"","selling_points_title":"","selling_points_caption":"","selling_points":[],"selling_points_cta_text":"","features_title":"","features":"","ed_cta_examples_text":"","ed_cta_examples_hidden":"","ed_cta_demo_text":"","ed_cta_demo_hidden":"","why_caption":"","why_editor_title":"","why_editor_text":"","why_team_title":"","why_team_text":"","why_service_title":"","why_service_text":"","template_catalog_visible":"0","template_catalog_title":"","template_catalog_text":"","template_catalog_categories_visible":"","demo_title":"Utw\u00f3rz wid\u017cet Konstruktora formularzy","demo_caption":"Skonfiguruj sw\u00f3j Kreator formularzy i dodaj go do swojej witryny Webnode za darmo!","default_faq_hidden":"","app_template_category":[],"platform":"138","template_public_id":"","codecanyon_url":"","codecanyon_item_id":"","codecanyon_price":"","pricing_caption":"","pricing_elfsight_apps_hide_column":"","pricing_elfsight_apps_url":"","pricing_codecanyon_price_caption":"","integration_category":[],"integration_request_title":"","integration_request_cta":"","integration_platform":"","integrations":[],"platform_category":[],"video_schema_markup":"","price":"od 0 USD \/ miesi\u0105c","trial":"","benefits":[{"text":"Skuteczna obs\u0142uga klienta"},{"text":"Wsparcie premium"},{"text":"14-dniowa gwarancja zwrotu pieni\u0119dzy"}],"button_url":"#demo","button_target_blank":"0","button_nofollow":"0","attributes":[{"name":"Instaluje"},{"name":"Czu\u0142y"},{"name":"Kompatybilne przegl\u0105darki"}],"tags":[],"tags_disable_links":"0","hide_more_platforms":"0","video_object":"","demo_hide_cta":"0","demo_hide_cloud_options":"0","pricing_title":"","pricing":[{"pricing_icon":"platform","pricing_title":"Elfsight Apps","pricing_title_caption":"Rozwi\u0105zanie niezale\u017cne od platformy","pricing_price":"od 0 USD \/ miesi\u0105c","pricing_price_caption":"zacznij od bezp\u0142atnego planu","pricing_benefits":[{"text":"Nielimitowane strony internetowe"},{"text":"Wsparcie firmy premium i dobrze udokumentowane"},{"text":"Bezp\u0142atna us\u0142uga monta\u017cu"},{"text":"Specjalna cena za wiele aplikacji"}],"pricing_button_text":"Dodaj do witryny","pricing_button_url":"#demo"}],"related_apps_title":"","related_apps_hidden":"0","author":"","image":[],"title":"","job":"","social_networks":[]},"_links":{"self":[{"href":"https:\/\/elfsight.com\/pl\/wp-json\/wp\/v2\/pages\/5277","targetHints":{"allow":["GET"]}}],"collection":[{"href":"https:\/\/elfsight.com\/pl\/wp-json\/wp\/v2\/pages"}],"about":[{"href":"https:\/\/elfsight.com\/pl\/wp-json\/wp\/v2\/types\/page"}],"author":[{"embeddable":true,"href":"https:\/\/elfsight.com\/pl\/wp-json\/wp\/v2\/users\/9"}],"replies":[{"embeddable":true,"href":"https:\/\/elfsight.com\/pl\/wp-json\/wp\/v2\/comments?post=5277"}],"version-history":[{"count":2,"href":"https:\/\/elfsight.com\/pl\/wp-json\/wp\/v2\/pages\/5277\/revisions"}],"predecessor-version":[{"id":10498,"href":"https:\/\/elfsight.com\/pl\/wp-json\/wp\/v2\/pages\/5277\/revisions\/10498"}],"up":[{"embeddable":true,"href":"https:\/\/elfsight.com\/pl\/wp-json\/wp\/v2\/pages\/2133"}],"wp:attachment":[{"href":"https:\/\/elfsight.com\/pl\/wp-json\/wp\/v2\/media?parent=5277"}],"curies":[{"name":"wp","href":"https:\/\/api.w.org\/{rel}","templated":true}]}}