{"id":5272,"date":"2024-05-03T06:37:43","date_gmt":"2024-05-03T06:37:43","guid":{"rendered":"https:\/\/elfsight.com\/pl\/?page_id=5272"},"modified":"2024-11-14T09:19:58","modified_gmt":"2024-11-14T09:19:58","slug":"woocommerce","status":"publish","type":"page","link":"https:\/\/elfsight.com\/pl\/online-form-builder\/woocommerce\/","title":{"rendered":"Form Builder &#8211; WooCommerce"},"content":{"rendered":"<div class=\"application-platform-content-item-description application-platform-content-item\" id=\"description\" data-nav-section=\"description\"><h2>Kreator formularzy niestandardowych dla WooCommerce<\/h2><p>To wszechstronne narz\u0119dzie, kt\u00f3re umo\u017cliwia tworzenie szerokiej gamy niestandardowych formularzy i wy\u015bwietl je na swojej stronie internetowej. Niezale\u017cnie od tego, czy potrzebujesz wtyczki do tworzenia formularzy Woocommerce, niestandardowego formularza Woocommerce czy niestandardowego formularza do jakichkolwiek innych cel\u00f3w, mo\u017cesz uzyska\u0107 informacje od swoich obecnych i potencjalnych klient\u00f3w, korzystaj\u0105c z praktycznych ankiet, formularzy opinii, pr\u00f3\u015bb o ocen\u0119 i nie tylko. Mo\u017cesz zaprojektowa\u0107 struktur\u0119 swojego formularza, wybra\u0107 jego komponenty, okre\u015bli\u0107 rodzaje danych, kt\u00f3re chcesz gromadzi\u0107, zintegrowa\u0107 skale i inne elementy, aby zbudowa\u0107 atrakcyjne i przyjazne dla u\u017cytkownika formularze wype\u0142niaj\u0105ce w celu skutecznego gromadzenia informacji.<\/p><p><b>Dzi\u0119ki Elfsight Form Builder rozpocznij szybszy rozw\u00f3j biznesu i zwi\u0119ksz sprzeda\u017c<\/b><\/p><\/div><div class=\"application-platform-content-item-features application-platform-content-item\" id=\"features\" data-nav-section=\"features\"><h2>Funkcje wtyczki Form Builder<\/h2><ul><li>Wy\u015bwietl nag\u0142\u00f3wek formularza z tytu\u0142em i tekstem;<\/li><li>Edytowalny tekst przycisku przesy\u0142ania;<\/li><li>Edytowalny tekst wiadomo\u015bci z podzi\u0119kowaniami i przycisk ponownego wype\u0142nienia formularza;<\/li><li>10 osadzonych ikon p\u0142ywaj\u0105cego przycisku;<\/li><li>Maluj formularz jednym klikni\u0119ciem \u2013 g\u0142\u00f3wny kolor zostanie zastosowany do wszystkich aktywnych element\u00f3w, przycisku Wy\u015blij, paska post\u0119pu itp.<\/li><\/ul><p><a href=\"#demo\">Pe\u0142n\u0105 funkcjonalno\u015b\u0107 wid\u017cetu mo\u017cesz odkry\u0107 w poni\u017cszej wersji demonstracyjnej<\/a><\/p><\/div><div class=\"application-platform-content-item-installation application-platform-content-item\" id=\"installation\" data-nav-section=\"installation\"><\/div><h2>Jak to zrobi\u0107 doda\u0107 Kreator formularzy do mojej witryny WooCommerce?<\/h2><p>Wystarczy wykona\u0107 poni\u017csze wskaz\u00f3wki, aby aktywowa\u0107 narz\u0119dzie.<\/p><ol><li><b>Skorzystaj z naszego bezp\u0142atnego konfiguratora i zacznij kszta\u0142towa\u0107 sw\u00f3j niestandardowy widget .<\/b><br>Okre\u015bl niestandardow\u0105 form\u0119 i aspekty narz\u0119dzia oraz zapisz zmiany.<\/li><li><b>Odbierz unikalny kod widoczny w polu aplikacji Elfsight.<\/b><br>Zaraz po zako\u0144czeniu generowania wid\u017cetu skopiuj ekskluzywny kod z wy\u015bwietlonego pola i zachowaj go na p\u00f3\u017aniej.<\/li><li><b>Rozpocznij korzystanie z narz\u0119dzia na swojej stronie WooCommerce.<\/b><br>Dodaj ostatnio zapisany kod do swojej strony g\u0142\u00f3wnej i zapisz zmiany.<\/li><li><b>Gotowe! Osadzanie zosta\u0142o zako\u0144czone pomy\u015blnie.<\/b><br>Odwied\u017a swoj\u0105 stron\u0119, aby sprawdzi\u0107, jak dzia\u0142a narz\u0119dzie.<\/li><\/ol><p>W przypadku jakichkolwiek komplikacji, zwr\u00f3\u0107 si\u0119 o pomoc do naszego zespo\u0142u obs\u0142ugi klienta. Nasi specjali\u015bci pragn\u0105 rozwi\u0105za\u0107 wszystkie problemy, jakie mo\u017cesz mie\u0107 z tym narz\u0119dziem.<\/p><div class=\"faq\" data-component=\"FAQ\"><\/div> <div class=\"faq-item\">\r\n\t\t\t\t\t<div class=\"faq-item-question\">\r\n\t\t\t\t\t\t<h3 class=\"faq-item-question-text\">Jak mog\u0119 doda\u0107 Kreator formularzy do mojej witryny WooCommerce bez umiej\u0119tno\u015bci kodowania?<\/h3>\r\n\r\n\t\t\t\t\t\t<div class=\"faq-item-question-icon\"><\/div>\r\n\t\t\t\t\t<\/div>\r\n\r\n\t\t\t\t\t<div class=\"faq-item-answer\">\r\n\t\t\t\t\t\t<div class=\"faq-item-answer-text\"> <p>Elfsight zapewnia Rozwi\u0105zanie SaaS, kt\u00f3re umo\u017cliwia samodzielne utworzenie wid\u017cetu Konstruktora formularzy. Przekonaj si\u0119, jak \u0142atwy jest ten proces: Pracuj bezpo\u015brednio w edytorze online, aby utworzy\u0107 wid\u017cet Konstruktora formularzy, kt\u00f3ry chcia\u0142by\u015b zobaczy\u0107 na swojej stronie WooCommerce. Wybierz jeden z gotowych szablon\u00f3w i dostosuj ustawienia Kreatora formularzy, dodaj tre\u015b\u0107, zmie\u0144 uk\u0142ad i kolory bez umiej\u0119tno\u015bci kodowania. Zapisz Kreator formularzy i skopiuj jego kod instalacyjny, kt\u00f3ry mo\u017cesz bez wysi\u0142ku doda\u0107 do swojej witryny WooCommerce bez konieczno\u015bci kupowania p\u0142atnej subskrypcji. Dzi\u0119ki naszemu intuicyjnemu edytorowi ka\u017cdy u\u017cytkownik Internetu mo\u017ce stworzy\u0107 wid\u017cet Form Builder online i \u0142atwo osadzi\u0107 go na swojej stronie WooCommerce. Aby uzyska\u0107 dost\u0119p do us\u0142ugi, nie trzeba p\u0142aci\u0107 ani wprowadza\u0107 danych uwierzytelniaj\u0105cych karty. Je\u015bli na kt\u00f3rymkolwiek etapie napotkasz jakiekolwiek problemy, skontaktuj si\u0119 z naszym zespo\u0142em pomocy technicznej.<\/p> <\/div>\r\n\t\t\t\t\t<\/div>\r\n\t\t\t\t<\/div><div class=\"faq-item\">\r\n\t\t\t\t\t<div class=\"faq-item-question\">\r\n\t\t\t\t\t\t<h3 class=\"faq-item-question-text\">Czy istniej\u0105 niestandardowe szablony Form Builder dla witryny WooCommerce?<\/h3>\r\n\r\n\t\t\t\t\t\t<div class=\"faq-item-question-icon\"><\/div>\r\n\t\t\t\t\t<\/div>\r\n\r\n\t\t\t\t\t<div class=\"faq-item-answer\">\r\n\t\t\t\t\t\t<div class=\"faq-item-answer-text\"><p>Tak , absolutnie! Dost\u0119pnych jest ponad 300 gotowych szablon\u00f3w do ka\u017cdego przypadku, takich jak <a href=\"https:\/\/elfsight.com\/online-form-builder\/templates\/application-forms\/\">Formularze zg\u0142oszeniowe<\/a>, <a href=\"https:\/\/elfsight.com\/online-form-builder\/templates\/booking-forms\/\">Formularze rezerwacji<\/a>, <a href=\"https:\/\/elfsight.com\/online-form- builder\/templates\/order-forms\/\">Formularze zam\u00f3wie\u0144<\/a>, <a href=\"https:\/\/elfsight.com\/online-form-builder\/templates\/product-forms\/\">Formularze produkt\u00f3w<\/a> , <a href=\"https:\/\/elfsight.com\/online-form-builder\/templates\/questionnaires\/\">Kwestionariusze<\/a>, <a href=\"https:\/\/elfsight.com\/online-form-builder \/templates\/quizzes\/\">Quizy<\/a>, <a href=\"https:\/\/elfsight.com\/online-form-builder\/templates\/surveys\/\">Ankiety<\/a>, <a href=\"https:\/\/elfsight.com\/online-form-builder\/templates\/file-upload-forms\/\">Formularze przesy\u0142ania plik\u00f3w<\/a> i wiele innych. Zach\u0119camy do przetestowania <a href=\"https:\/\/elfsight.com\/online-form-builder\/templates\/\">szablon\u00f3w Kreatora formularzy<\/a> i podzielenia si\u0119 z nami swoj\u0105 opini\u0105.<\/p><\/div>\r\n\t\t\t\t\t<\/div>\r\n\t\t\t\t<\/div> [ \/faq] [\/element_platformy_aplikacji_zawarto\u015bci]","protected":false},"excerpt":{"rendered":"Jak to zrobi\u0107 doda\u0107 Kreator formularzy do mojej witryny WooCommerce?Wystarczy wykona\u0107 poni\u017csze wskaz\u00f3wki, aby aktywowa\u0107 narz\u0119dzie.Skorzystaj z naszego bezp\u0142atnego konfiguratora i zacznij kszta\u0142towa\u0107 sw\u00f3j niestandardowy widget .Okre\u015bl niestandardow\u0105 form\u0119 i aspekty narz\u0119dzia oraz zapisz zmiany.Odbierz unikalny kod widoczny w polu aplikacji Elfsight.Zaraz po zako\u0144czeniu generowania wid\u017cetu skopiuj ekskluzywny kod z&#8230;","protected":false},"author":9,"featured_media":0,"parent":2133,"menu_order":0,"comment_status":"closed","ping_status":"closed","template":"templates\/template-application-platform.php","meta":{"publish_to_discourse":"","publish_post_category":"","wpdc_auto_publish_overridden":"","wpdc_topic_tags":"","wpdc_pin_topic":"","wpdc_pin_until":"","discourse_post_id":"","discourse_permalink":"","wpdc_publishing_response":"","wpdc_publishing_error":"","footnotes":""},"class_list":["post-5272","page","type-page","status-publish","hentry"],"yoast_head":"<!-- This site is optimized with the Yoast SEO plugin v25.3.1 - https:\/\/yoast.com\/wordpress\/plugins\/seo\/ -->\n<title>Utw\u00f3rz i dodaj niestandardowy formularz na WooCommerce za darmo!<\/title>\n<meta name=\"description\" content=\"Skorzystaj z okazji, aby dostosowa\u0107 wtyczk\u0119 Form Builder ju\u017c teraz i wstaw j\u0105 na swoj\u0105 witryn\u0119 WooCommerce bezpo\u015brednio z wersji demonstracyjnej na \u017cywo.\" \/>\n<meta name=\"robots\" content=\"index, follow, max-snippet:-1, max-image-preview:large, max-video-preview:-1\" \/>\n<link rel=\"canonical\" href=\"https:\/\/elfsight.com\/pl\/online-form-builder\/woocommerce\/\" \/>\n<meta property=\"og:locale\" content=\"pl_PL\" \/>\n<meta property=\"og:type\" content=\"article\" \/>\n<meta property=\"og:title\" content=\"Utw\u00f3rz i dodaj niestandardowy formularz na WooCommerce za darmo!\" \/>\n<meta property=\"og:description\" content=\"Skorzystaj z okazji, aby dostosowa\u0107 wtyczk\u0119 Form Builder ju\u017c teraz i wstaw j\u0105 na swoj\u0105 witryn\u0119 WooCommerce bezpo\u015brednio z wersji demonstracyjnej na \u017cywo.\" \/>\n<meta property=\"og:url\" content=\"https:\/\/elfsight.com\/pl\/online-form-builder\/woocommerce\/\" \/>\n<meta property=\"og:site_name\" content=\"Elfsight PL\" \/>\n<meta property=\"article:modified_time\" content=\"2024-11-14T09:19:58+00:00\" \/>\n<meta name=\"twitter:card\" content=\"summary_large_image\" \/>\n<meta name=\"twitter:label1\" content=\"Szacowany czas czytania\" \/>\n\t<meta name=\"twitter:data1\" content=\"3 minuty\" \/>\n<!-- \/ Yoast SEO plugin. -->","yoast_head_json":{"title":"Utw\u00f3rz i dodaj niestandardowy formularz na WooCommerce za darmo!","description":"Skorzystaj z okazji, aby dostosowa\u0107 wtyczk\u0119 Form Builder ju\u017c teraz i wstaw j\u0105 na swoj\u0105 witryn\u0119 WooCommerce bezpo\u015brednio z wersji demonstracyjnej na \u017cywo.","robots":{"index":"index","follow":"follow","max-snippet":"max-snippet:-1","max-image-preview":"max-image-preview:large","max-video-preview":"max-video-preview:-1"},"canonical":"https:\/\/elfsight.com\/pl\/online-form-builder\/woocommerce\/","og_locale":"pl_PL","og_type":"article","og_title":"Utw\u00f3rz i dodaj niestandardowy formularz na WooCommerce za darmo!","og_description":"Skorzystaj z okazji, aby dostosowa\u0107 wtyczk\u0119 Form Builder ju\u017c teraz i wstaw j\u0105 na swoj\u0105 witryn\u0119 WooCommerce bezpo\u015brednio z wersji demonstracyjnej na \u017cywo.","og_url":"https:\/\/elfsight.com\/pl\/online-form-builder\/woocommerce\/","og_site_name":"Elfsight PL","article_modified_time":"2024-11-14T09:19:58+00:00","twitter_card":"summary_large_image","twitter_misc":{"Szacowany czas czytania":"3 minuty"},"schema":{"@context":"https:\/\/schema.org","@graph":[{"@type":"WebPage","@id":"https:\/\/elfsight.com\/pl\/online-form-builder\/woocommerce\/","url":"https:\/\/elfsight.com\/pl\/online-form-builder\/woocommerce\/","name":"Utw\u00f3rz i dodaj niestandardowy formularz na WooCommerce za darmo!","isPartOf":{"@id":"https:\/\/elfsight.com\/pl\/#website"},"datePublished":"2024-05-03T06:37:43+00:00","dateModified":"2024-11-14T09:19:58+00:00","description":"Skorzystaj z okazji, aby dostosowa\u0107 wtyczk\u0119 Form Builder ju\u017c teraz i wstaw j\u0105 na swoj\u0105 witryn\u0119 WooCommerce bezpo\u015brednio z wersji demonstracyjnej na \u017cywo.","breadcrumb":{"@id":"https:\/\/elfsight.com\/pl\/online-form-builder\/woocommerce\/#breadcrumb"},"inLanguage":"pl-PL","potentialAction":[{"@type":"ReadAction","target":["https:\/\/elfsight.com\/pl\/online-form-builder\/woocommerce\/"]}]},{"@type":"BreadcrumbList","@id":"https:\/\/elfsight.com\/pl\/online-form-builder\/woocommerce\/#breadcrumb","itemListElement":[{"@type":"ListItem","position":1,"name":"Home","item":"https:\/\/elfsight.com\/pl\/"},{"@type":"ListItem","position":2,"name":"Form Builder","item":"https:\/\/elfsight.com\/pl\/online-form-builder\/"},{"@type":"ListItem","position":3,"name":"Form Builder &#8211; WooCommerce"}]},{"@type":"WebSite","@id":"https:\/\/elfsight.com\/pl\/#website","url":"https:\/\/elfsight.com\/pl\/","name":"Elfsight PL","description":"Just another Elfsight Sites site","potentialAction":[{"@type":"SearchAction","target":{"@type":"EntryPoint","urlTemplate":"https:\/\/elfsight.com\/pl\/?s={search_term_string}"},"query-input":{"@type":"PropertyValueSpecification","valueRequired":true,"valueName":"search_term_string"}}],"inLanguage":"pl-PL"}]}},"meta_box":{"industry":"","seo_heading":"","heading":"","description":"","cta_heading":"","cta_description":"","application":"2132","h1":"Wtyczka WooCommerce Form Builder","h1_caption":"Skonfiguruj formularze wype\u0142niania nieograniczonej liczby kategorii, kt\u00f3rych zadaniem jest pozyskiwanie informacji o klientach.","application_category":[],"applications_title":"","applications_request_title":"","applications_request_button_text":"","hero_text":"","hero_video":"","hero_video_schema_markup":"","selling_points_title":"","selling_points_caption":"","selling_points":[],"selling_points_cta_text":"","features_title":"","features":"","ed_cta_examples_text":"","ed_cta_examples_hidden":"","ed_cta_demo_text":"","ed_cta_demo_hidden":"","why_caption":"","why_editor_title":"","why_editor_text":"","why_team_title":"","why_team_text":"","why_service_title":"","why_service_text":"","template_catalog_visible":"","template_catalog_title":"","template_catalog_text":"","template_catalog_categories_visible":"","demo_title":"Utw\u00f3rz aplikacj\u0119 do tworzenia formularzy","demo_caption":"Skonfiguruj Kreator formularzy i dodaj go do swojej witryny WooCommerce za darmo!","default_faq_hidden":"","app_template_category":[],"platform":"335","template_public_id":"","codecanyon_url":"","codecanyon_item_id":"","codecanyon_price":"","pricing_caption":"","pricing_elfsight_apps_hide_column":"","pricing_elfsight_apps_url":"","pricing_codecanyon_price_caption":"","integration_category":[],"integration_request_title":"","integration_request_cta":"","integration_platform":"","integrations":[],"platform_category":[],"video_schema_markup":"","price":"od 0 USD \/ miesi\u0105c","trial":"","benefits":[{"text":"Bezp\u0142atna pomoc w monta\u017cu"},{"text":"Profesjonalna obs\u0142uga klienta"},{"text":"14-dniowa gwarancja zwrotu pieni\u0119dzy"}],"button_url":"#demo","button_target_blank":"","button_nofollow":"","attributes":[{"name":"Instaluje"},{"name":"Czu\u0142y"},{"name":"Kompatybilne przegl\u0105darki"}],"tags":[],"tags_disable_links":"","hide_more_platforms":"","video_object":"","demo_hide_cta":"","demo_hide_cloud_options":"","pricing_title":"","pricing":[{"pricing_icon":"platform","pricing_title":"Elfsight Apps","pricing_title_caption":"Wersja wieloplatformowa, kt\u00f3ra dzia\u0142a na ka\u017cdej stronie internetowej","pricing_price":"od 0 USD \/ miesi\u0105c","pricing_price_caption":"zacznij od bezp\u0142atnego planu","pricing_benefits":[{"text":"Nielimitowane strony internetowe"},{"text":"Bezp\u0142atne wsparcie firmy i dobrze udokumentowane"},{"text":"Bezp\u0142atna pomoc w monta\u017cu"},{"text":"100% konfigurowalny"}],"pricing_button_text":"Dodaj do witryny","pricing_button_url":"#demo"}],"related_apps_title":"","related_apps_hidden":"","author":"","image":[],"title":"","job":"","social_networks":[]},"_links":{"self":[{"href":"https:\/\/elfsight.com\/pl\/wp-json\/wp\/v2\/pages\/5272","targetHints":{"allow":["GET"]}}],"collection":[{"href":"https:\/\/elfsight.com\/pl\/wp-json\/wp\/v2\/pages"}],"about":[{"href":"https:\/\/elfsight.com\/pl\/wp-json\/wp\/v2\/types\/page"}],"author":[{"embeddable":true,"href":"https:\/\/elfsight.com\/pl\/wp-json\/wp\/v2\/users\/9"}],"replies":[{"embeddable":true,"href":"https:\/\/elfsight.com\/pl\/wp-json\/wp\/v2\/comments?post=5272"}],"version-history":[{"count":1,"href":"https:\/\/elfsight.com\/pl\/wp-json\/wp\/v2\/pages\/5272\/revisions"}],"predecessor-version":[{"id":5276,"href":"https:\/\/elfsight.com\/pl\/wp-json\/wp\/v2\/pages\/5272\/revisions\/5276"}],"up":[{"embeddable":true,"href":"https:\/\/elfsight.com\/pl\/wp-json\/wp\/v2\/pages\/2133"}],"wp:attachment":[{"href":"https:\/\/elfsight.com\/pl\/wp-json\/wp\/v2\/media?parent=5272"}],"curies":[{"name":"wp","href":"https:\/\/api.w.org\/{rel}","templated":true}]}}