{"id":5270,"date":"2024-05-03T06:37:41","date_gmt":"2024-05-03T06:37:41","guid":{"rendered":"https:\/\/elfsight.com\/pl\/?page_id=5270"},"modified":"2025-06-25T10:04:18","modified_gmt":"2025-06-25T10:04:18","slug":"google-sites","status":"publish","type":"page","link":"https:\/\/elfsight.com\/pl\/online-form-builder\/google-sites\/","title":{"rendered":"Form Builder &#8211; Google Sites"},"content":{"rendered":"<div class=\"application-platform-content-item-description application-platform-content-item\" id=\"description\" data-nav-section=\"description\">\n<h2>Osad\u017a Kreator formularzy w Witrynach Google za pomoc\u0105 wid\u017cetu Elfsight<\/h2>\n<p>Kreator formularzy Elfsight to kompleksowe rozwi\u0105zanie umo\u017cliwiaj\u0105ce tw\u00f3rz r\u00f3\u017cnego rodzaju formularze do wype\u0142niania i dodawaj je do swojej witryny, \u0142\u0105cznie z formularzem zam\u00f3wienia w Witrynach Google. Uzyskuj informacje od swoich obecnych i potencjalnych klient\u00f3w za pomoc\u0105 \u0142atwych do zarz\u0105dzania ankiet, formularzy opinii, pr\u00f3\u015bb o ocen\u0119 i innych typ\u00f3w. Zaprojektuj struktur\u0119 formularza, dodaj go, aby zbudowa\u0107 spersonalizowane formularze, aby zebra\u0107 opinie od swoich klient\u00f3w. Niezale\u017cnie od kategorii danych, kt\u00f3re planujesz posiada\u0107: wy\u015bwietlenia, wyniki, zam\u00f3wienia i sprzeda\u017ce \u2013 nasza pomoc umo\u017cliwi Ci utworzenie najodpowiedniejszego formularza do wype\u0142niania. Dzi\u0119ki regulowanej strukturze i r\u00f3\u017cnorodnym dost\u0119pnym elementom Tw\u00f3j formularz b\u0119dzie przydatny dla Twoich klient\u00f3w i atrakcyjny dla Ciebie.<\/p>\n<p><b>Zbieraj opinie, pomys\u0142y, odczucia i oceny u\u017cytkownik\u00f3w, aby ulepszy\u0107 sw\u00f3j biznes!<\/b><\/p>\n<\/div>\n\n<div class=\"faq\" data-component=\"FAQ\">\n    <div class=\"faq-item\">\r\n\t\t\t\t\t<div class=\"faq-item-question\">\r\n\t\t\t\t\t\t<h3 class=\"faq-item-question-text\">Jak zabezpieczy\u0107 dane z formularzy klienta Witryn Google na moich stronach?<\/h3>\r\n\r\n\t\t\t\t\t\t<div class=\"faq-item-question-icon\"><\/div>\r\n\t\t\t\t\t<\/div>\r\n\r\n\t\t\t\t\t<div class=\"faq-item-answer\">\r\n\t\t\t\t\t\t<div class=\"faq-item-answer-text\">\n    <p>Formularz Elfsight Widget Builder jest zintegrowany z jednym z najpot\u0119\u017cniejszych narz\u0119dzi reCAPTCHA. Zosta\u0142 dodany, aby zabezpieczy\u0107 Tw\u00f3j formularz i skrzynk\u0119 pocztow\u0105 przed spamem oraz zapewni\u0107 p\u0142ynn\u0105 prac\u0119 i tylko cenne dane.<\/p>\n    <\/div>\r\n\t\t\t\t\t<\/div>\r\n\t\t\t\t<\/div>\n    <div class=\"faq-item\">\r\n\t\t\t\t\t<div class=\"faq-item-question\">\r\n\t\t\t\t\t\t<h3 class=\"faq-item-question-text\">Czy istniej\u0105 szablony obs\u0142uguj\u0105ce formularze logiki warunkowej \/ formularze z wieloma polami \/ e-maile?<\/h3>\r\n\r\n\t\t\t\t\t\t<div class=\"faq-item-question-icon\"><\/div>\r\n\t\t\t\t\t<\/div>\r\n\r\n\t\t\t\t\t<div class=\"faq-item-answer\">\r\n\t\t\t\t\t\t<div class=\"faq-item-answer-text\">\n    <p>Oczywi\u015bcie! Wszystko, co musisz zrobi\u0107, to zalogowa\u0107 si\u0119 do aplikacji Elfsight i wybra\u0107 odpowiedni szablon, a nast\u0119pnie rozpocz\u0105\u0107 tworzenie spersonalizowanego widgetu.<\/p>\n    <\/div>\r\n\t\t\t\t\t<\/div>\r\n\t\t\t\t<\/div>\n    <div class=\"faq-item\">\r\n\t\t\t\t\t<div class=\"faq-item-question\">\r\n\t\t\t\t\t\t<h3 class=\"faq-item-question-text\">W jaki spos\u00f3b mog\u0119 utworzy\u0107 formularz kontaktowy\/opinii dla mojej witryny Google Sites?<\/h3>\r\n\r\n\t\t\t\t\t\t<div class=\"faq-item-question-icon\"><\/div>\r\n\t\t\t\t\t<\/div>\r\n\r\n\t\t\t\t\t<div class=\"faq-item-answer\">\r\n\t\t\t\t\t\t<div class=\"faq-item-answer-text\">\n    <p>Aby skonfigurowa\u0107 formularz kontaktowy\/opinii, musisz zaloguj si\u0119 do witryny Elfsight Apps i dokonaj wszystkich niezb\u0119dnych modyfikacji w wid\u017cecie. Po dokonaniu zmian zapisz zmiany i przejd\u017a do swojej witryny. Jeste\u015b sko\u0144czony.<\/p>\n    <\/div>\r\n\t\t\t\t\t<\/div>\r\n\t\t\t\t<\/div>\n    <div class=\"faq-item\">\r\n\t\t\t\t\t<div class=\"faq-item-question\">\r\n\t\t\t\t\t\t<h3 class=\"faq-item-question-text\">Czy istniej\u0105 niestandardowe szablony Kreatora formularzy dla witryny Google Sites?<\/h3>\r\n\r\n\t\t\t\t\t\t<div class=\"faq-item-question-icon\"><\/div>\r\n\t\t\t\t\t<\/div>\r\n\r\n\t\t\t\t\t<div class=\"faq-item-answer\">\r\n\t\t\t\t\t\t<div class=\"faq-item-answer-text\">\n    <p>Tak. Elfsight przygotowa\u0142 szeroki wyb\u00f3r ponad 300 <a href=\"https:\/\/elfsight.com\/online-form-builder\/templates\/\">szablon\u00f3w Kreatora formularzy<\/a> z dostosowywalnymi elementami i funkcjami. Mo\u017cesz znale\u017a\u0107 szablon formularza na ka\u017cd\u0105 okazj\u0119, na przyk\u0142ad <a href=\"https:\/\/elfsight.com\/online-form-builder\/templates\/application-forms\/\">Formularze aplikacji<\/a>, <a href=\"https:\/\/elfsight.com\/online-form-builder\/templates\/booking-forms\/\">Formularze rezerwacji<\/a>, <a href=\"https:\/\/elfsight.com\/online-form-builder\/templates\/order-forms\/\">Formularze zam\u00f3wie\u0144<\/a>, <a href=\"https:\/\/elfsight.com\/online-form-builder\/templates\/product-forms\/\">Formularze produkt\u00f3w<\/a>, <a href=\"https:\/\/elfsight.com\/online-form-builder\/templates\/questionnaires\/\">Kwestionariusze<\/a>, <a href=\"https:\/\/elfsight.com\/online-form-builder\/templates\/quizzes\/\">Quizy<\/a>, <a href=\"https:\/\/elfsight.com\/online-form-builder\/templates\/surveys\/\">Ankiety<\/a>, <a href=\"https:\/\/elfsight.com\/online-form-builder\/templates\/file-upload-forms\/\">Formularze przesy\u0142ania plik\u00f3w<\/a> i wiele innych.<\/p>\n    <\/div>\r\n\t\t\t\t\t<\/div>\r\n\t\t\t\t<\/div>\n    <div class=\"faq-item\">\r\n\t\t\t\t\t<div class=\"faq-item-question\">\r\n\t\t\t\t\t\t<h3 class=\"faq-item-question-text\">Jak mog\u0119 osadzi\u0107 galeri\u0119 wideo YouTube na moj\u0105 witryn\u0119 Squarespace bez umiej\u0119tno\u015bci kodowania?<\/h3>\r\n\r\n\t\t\t\t\t\t<div class=\"faq-item-question-icon\"><\/div>\r\n\t\t\t\t\t<\/div>\r\n\r\n\t\t\t\t\t<div class=\"faq-item-answer\">\r\n\t\t\t\t\t\t<div class=\"faq-item-answer-text\">\n    <p>Elfsight zapewnia rozwi\u0105zanie oparte na chmurze, kt\u00f3re umo\u017cliwia u\u017cytkownikom niezale\u017cne generowanie galerii wideo YouTube. Odkryj, jak nieskomplikowana jest ta procedura:<\/p>\n    <ul>\n        <li>Wejd\u017a do edytora online, aby utworzy\u0107 sekcj\u0119 galerii wideo YouTube, kt\u00f3r\u0105 chcesz zintegrowa\u0107 ze swoj\u0105 witryn\u0105 Squarespace.<\/li>\n        <li>Wybierz jedn\u0105 z naszych gotowych szablon\u00f3w i dostosuj ustawienia Galerii wideo YouTube, zmie\u0144 uk\u0142ad i schemat kolor\u00f3w, do\u0142\u0105cz swoje tre\u015bci bez konieczno\u015bci kodowania.<\/li>\n        <li>Zachowaj preferencje skonfigurowane dla Twojej Galerii wideo YouTube i uzyskaj kod wid\u017cetu do umieszczenia, kt\u00f3ry mo\u017cna bezproblemowo i bezp\u0142atnie umie\u015bci\u0107 w witrynie Squarespace.<\/li>\n    <\/ul>\n    <p>Dzi\u0119ki obs\u0142udze przyjaznego dla u\u017cytkownika Edytora ka\u017cdy u\u017cytkownik Internetu mo\u017ce za\u0142o\u017cy\u0107 galeri\u0119 wideo YouTube sekcj\u0119 i wstaw j\u0105 na swoj\u0105 stron\u0119 internetow\u0105 Squarespace. Aby uzyska\u0107 dost\u0119p do Edytora Elfsight, nie jest wymagana \u017cadna p\u0142atno\u015b\u0107 ani ujawnianie danych karty. Je\u015bli na kt\u00f3rymkolwiek etapie napotkasz jakiekolwiek problemy, nie wahaj si\u0119 skontaktowa\u0107 z naszym dzia\u0142em obs\u0142ugi klienta.<\/p>\n    <\/div>\r\n\t\t\t\t\t<\/div>\r\n\t\t\t\t<\/div>\n<\/div>\n\n<div class=\"application-platform-content-item-features application-platform-content-item\" id=\"features\" data-nav-section=\"features\">\n<h2>Funkcje wtyczki do tworzenia formularzy<\/h2>\n<ul>\n    <li>Tw\u00f3rz formularze klasyczne i krok po kroku \u0142\u0105cz\u0105ce elementy w grupy<\/li>\n    <li>Mo\u017cliwo\u015b\u0107 roz\u0142o\u017cenia p\u00f3l na kilka kolumn<\/li>\n    <li>Edytowalne teksty wiadomo\u015bci z podzi\u0119kowaniami i przycisku dla ponownego wype\u0142nienia formularza<\/li>\n    <li>Opcjonalnie zapisz funkcj\u0119 post\u0119pu wype\u0142niania<\/li>\n<\/ul>\n<p><a href=\"#demo\">Mo\u017cesz poczu\u0107, czy wid\u017cet jest dla Ciebie, wypr\u00f3bowuj\u0105c demo<\/a><\/p>\n<\/div>\n\n<div class=\"application-platform-content-item-installation application-platform-content-item\" id=\"installation\" data-nav-section=\"installation\">\n<h2>Jak doda\u0107 formularz do Witryn Google<\/h2>\n<p>Wystarczy wykona\u0107 poni\u017csze kroki, aby aktywowa\u0107 wtyczk\u0119.<\/p>\n<ol>\n    <li><b>Uruchom nasz darmowy edytor i zacznij tworzy\u0107 swoj\u0105 unikaln\u0105 wtyczk\u0119.<\/b><br> Okre\u015bl po\u017c\u0105dan\u0105 form\u0119 i cechy narz\u0119dzia oraz zapisz modyfikacje.<\/li>\n    <li><b>Zdob\u0105d\u017a unikalny kod widoczny w polu aplikacji Elfsight. <\/b><br> Po skonfigurowaniu osobistej wtyczki skopiuj osobisty kod z wyskakuj\u0105cego okienka i zapisz go na przysz\u0142o\u015b\u0107.<\/li>\n    <li><b>Zacznij korzysta\u0107 z formularza w Witrynach Google.<\/b><br> Wprowad\u017a skopiowany wcze\u015bniej kod na swoj\u0105 stron\u0119 i zapisz zmiany. <\/li>\n    <li><b>Instalacja zosta\u0142a pomy\u015blnie przeprowadzona.<\/b><br> Przejd\u017a do witryny internetowej, aby sprawdzi\u0107 dzia\u0142anie narz\u0119dzia.<\/li>\n<\/ol>\n<div class=\"tip-yellow tip\"><b>Ze wzgl\u0119du na specyfik\u0119 dzia\u0142ania Witryn Google, wid\u017cet mo\u017ce wygl\u0105da\u0107 inaczej ni\u017c wersja demonstracyjna online. Przepraszamy za wszelkie niedogodno\u015bci.<\/b><\/div>\n<p>Je\u015bli napotkasz jakie\u015b przeszkody, skontaktuj si\u0119 z naszym personelem pomocy. Nasi specjali\u015bci z przyjemno\u015bci\u0105 pomog\u0105 Ci we wszystkich trudno\u015bciach, jakie mo\u017cesz napotka\u0107 w zwi\u0105zku z tym narz\u0119dziem.<\/p>\n<\/div>","protected":false},"excerpt":{"rendered":"","protected":false},"author":9,"featured_media":0,"parent":2133,"menu_order":0,"comment_status":"closed","ping_status":"closed","template":"templates\/template-application-platform.php","meta":{"publish_to_discourse":"","publish_post_category":"","wpdc_auto_publish_overridden":"","wpdc_topic_tags":"","wpdc_pin_topic":"","wpdc_pin_until":"","discourse_post_id":"","discourse_permalink":"","wpdc_publishing_response":"","wpdc_publishing_error":"","footnotes":""},"class_list":["post-5270","page","type-page","status-publish","hentry"],"yoast_head":"<!-- This site is optimized with the Yoast SEO plugin v25.3.1 - https:\/\/yoast.com\/wordpress\/plugins\/seo\/ -->\n<title>Tw\u00f3rz i dodawaj niestandardowe formularze w Witrynach Google za darmo!<\/title>\n<meta name=\"description\" content=\"Zaimplementuj responsywny wid\u017cet Kreatora formularzy w swoich Witrynach Google i zdob\u0105d\u017a pe\u0142ne zaufanie. Skorzystaj z wersji demonstracyjnej Elfsight, aby stworzy\u0107 spersonalizowan\u0105 funkcj\u0119.\" \/>\n<meta name=\"robots\" content=\"index, follow, max-snippet:-1, max-image-preview:large, max-video-preview:-1\" \/>\n<link rel=\"canonical\" href=\"https:\/\/elfsight.com\/pl\/online-form-builder\/google-sites\/\" \/>\n<meta property=\"og:locale\" content=\"pl_PL\" \/>\n<meta property=\"og:type\" content=\"article\" \/>\n<meta property=\"og:title\" content=\"Tw\u00f3rz i dodawaj niestandardowe formularze w Witrynach Google za darmo!\" \/>\n<meta property=\"og:description\" content=\"Zaimplementuj responsywny wid\u017cet Kreatora formularzy w swoich Witrynach Google i zdob\u0105d\u017a pe\u0142ne zaufanie. Skorzystaj z wersji demonstracyjnej Elfsight, aby stworzy\u0107 spersonalizowan\u0105 funkcj\u0119.\" \/>\n<meta property=\"og:url\" content=\"https:\/\/elfsight.com\/pl\/online-form-builder\/google-sites\/\" \/>\n<meta property=\"og:site_name\" content=\"Elfsight PL\" \/>\n<meta property=\"article:modified_time\" content=\"2025-06-25T10:04:18+00:00\" \/>\n<meta name=\"twitter:card\" content=\"summary_large_image\" \/>\n<meta name=\"twitter:label1\" content=\"Szacowany czas czytania\" \/>\n\t<meta name=\"twitter:data1\" content=\"4 minuty\" \/>\n<!-- \/ Yoast SEO plugin. -->","yoast_head_json":{"title":"Tw\u00f3rz i dodawaj niestandardowe formularze w Witrynach Google za darmo!","description":"Zaimplementuj responsywny wid\u017cet Kreatora formularzy w swoich Witrynach Google i zdob\u0105d\u017a pe\u0142ne zaufanie. Skorzystaj z wersji demonstracyjnej Elfsight, aby stworzy\u0107 spersonalizowan\u0105 funkcj\u0119.","robots":{"index":"index","follow":"follow","max-snippet":"max-snippet:-1","max-image-preview":"max-image-preview:large","max-video-preview":"max-video-preview:-1"},"canonical":"https:\/\/elfsight.com\/pl\/online-form-builder\/google-sites\/","og_locale":"pl_PL","og_type":"article","og_title":"Tw\u00f3rz i dodawaj niestandardowe formularze w Witrynach Google za darmo!","og_description":"Zaimplementuj responsywny wid\u017cet Kreatora formularzy w swoich Witrynach Google i zdob\u0105d\u017a pe\u0142ne zaufanie. Skorzystaj z wersji demonstracyjnej Elfsight, aby stworzy\u0107 spersonalizowan\u0105 funkcj\u0119.","og_url":"https:\/\/elfsight.com\/pl\/online-form-builder\/google-sites\/","og_site_name":"Elfsight PL","article_modified_time":"2025-06-25T10:04:18+00:00","twitter_card":"summary_large_image","twitter_misc":{"Szacowany czas czytania":"4 minuty"},"schema":{"@context":"https:\/\/schema.org","@graph":[{"@type":"WebPage","@id":"https:\/\/elfsight.com\/pl\/online-form-builder\/google-sites\/","url":"https:\/\/elfsight.com\/pl\/online-form-builder\/google-sites\/","name":"Tw\u00f3rz i dodawaj niestandardowe formularze w Witrynach Google za darmo!","isPartOf":{"@id":"https:\/\/elfsight.com\/pl\/#website"},"datePublished":"2024-05-03T06:37:41+00:00","dateModified":"2025-06-25T10:04:18+00:00","description":"Zaimplementuj responsywny wid\u017cet Kreatora formularzy w swoich Witrynach Google i zdob\u0105d\u017a pe\u0142ne zaufanie. Skorzystaj z wersji demonstracyjnej Elfsight, aby stworzy\u0107 spersonalizowan\u0105 funkcj\u0119.","breadcrumb":{"@id":"https:\/\/elfsight.com\/pl\/online-form-builder\/google-sites\/#breadcrumb"},"inLanguage":"pl-PL","potentialAction":[{"@type":"ReadAction","target":["https:\/\/elfsight.com\/pl\/online-form-builder\/google-sites\/"]}]},{"@type":"BreadcrumbList","@id":"https:\/\/elfsight.com\/pl\/online-form-builder\/google-sites\/#breadcrumb","itemListElement":[{"@type":"ListItem","position":1,"name":"Home","item":"https:\/\/elfsight.com\/pl\/"},{"@type":"ListItem","position":2,"name":"Form Builder","item":"https:\/\/elfsight.com\/pl\/online-form-builder\/"},{"@type":"ListItem","position":3,"name":"Form Builder &#8211; Google Sites"}]},{"@type":"WebSite","@id":"https:\/\/elfsight.com\/pl\/#website","url":"https:\/\/elfsight.com\/pl\/","name":"Elfsight PL","description":"Just another Elfsight Sites site","potentialAction":[{"@type":"SearchAction","target":{"@type":"EntryPoint","urlTemplate":"https:\/\/elfsight.com\/pl\/?s={search_term_string}"},"query-input":{"@type":"PropertyValueSpecification","valueRequired":true,"valueName":"search_term_string"}}],"inLanguage":"pl-PL"}]}},"meta_box":{"industry":"","seo_heading":"","heading":"","description":"","cta_heading":"","cta_description":"","application":"2132","h1":"Widget Kreatora formularzy Witryn Google","h1_caption":"Tw\u00f3rz dostosowywalne formularze do dowolnego celu \u2013 opinie, ankiety, formularze kontaktowe \u2013 bez kodowania, co u\u0142atwia gromadzenie informacji od u\u017cytkownik\u00f3w w Witrynach Google.","application_category":[],"applications_title":"","applications_request_title":"","applications_request_button_text":"","hero_text":"","hero_video":"","hero_video_schema_markup":"","selling_points_title":"","selling_points_caption":"","selling_points":[],"selling_points_cta_text":"","features_title":"","features":"","ed_cta_examples_text":"","ed_cta_examples_hidden":"","ed_cta_demo_text":"","ed_cta_demo_hidden":"","why_caption":"","why_editor_title":"","why_editor_text":"","why_team_title":"","why_team_text":"","why_service_title":"","why_service_text":"","template_catalog_visible":"0","template_catalog_title":"","template_catalog_text":"","template_catalog_categories_visible":"","demo_title":"Utw\u00f3rz wid\u017cet Konstruktora formularzy","demo_caption":"Skonfiguruj Kreatora formularzy i dodaj go do swojej witryny Google Sites za darmo!","default_faq_hidden":"","app_template_category":[],"platform":"484","template_public_id":"","codecanyon_url":"","codecanyon_item_id":"","codecanyon_price":"","pricing_caption":"","pricing_elfsight_apps_hide_column":"","pricing_elfsight_apps_url":"","pricing_codecanyon_price_caption":"","integration_category":[],"integration_request_title":"","integration_request_cta":"","integration_platform":"","integrations":[],"platform_category":[],"video_schema_markup":"","price":"od 0 USD \/ miesi\u0105c","trial":"","benefits":[{"text":"Bezp\u0142atna pomoc w instalacji"},{"text":"Wyj\u0105tkowe wsparcie"},{"text":"14-dniowa gwarancja zwrotu pieni\u0119dzy"}],"button_url":"#demo","button_target_blank":"0","button_nofollow":"0","attributes":[{"name":"Instaluje"},{"name":"Reakcja na co\u015b"},{"name":"Kompatybilne przegl\u0105darki"}],"tags":[],"tags_disable_links":"0","hide_more_platforms":"0","video_object":"","demo_hide_cta":"0","demo_hide_cloud_options":"0","pricing_title":"","pricing":[{"pricing_icon":"platform","pricing_title":"Elfsight Apps","pricing_title_caption":"Wersja wieloplatformowa, kt\u00f3ra pasuje do ka\u017cdej witryny","pricing_price":"od 0 USD \/ miesi\u0105c","pricing_price_caption":"zacznij od bezp\u0142atnego planu","pricing_benefits":[{"text":"Nieograniczona liczba domen"},{"text":"Bezp\u0142atne i terminowe wsparcie"},{"text":"Bezp\u0142atne wsparcie instalacyjne"},{"text":"100% konfigurowalny"}],"pricing_button_text":"Dodaj do witryny","pricing_button_url":"#demo"}],"related_apps_title":"","related_apps_hidden":"0","author":"","image":[],"title":"","job":"","social_networks":[]},"_links":{"self":[{"href":"https:\/\/elfsight.com\/pl\/wp-json\/wp\/v2\/pages\/5270","targetHints":{"allow":["GET"]}}],"collection":[{"href":"https:\/\/elfsight.com\/pl\/wp-json\/wp\/v2\/pages"}],"about":[{"href":"https:\/\/elfsight.com\/pl\/wp-json\/wp\/v2\/types\/page"}],"author":[{"embeddable":true,"href":"https:\/\/elfsight.com\/pl\/wp-json\/wp\/v2\/users\/9"}],"replies":[{"embeddable":true,"href":"https:\/\/elfsight.com\/pl\/wp-json\/wp\/v2\/comments?post=5270"}],"version-history":[{"count":3,"href":"https:\/\/elfsight.com\/pl\/wp-json\/wp\/v2\/pages\/5270\/revisions"}],"predecessor-version":[{"id":10501,"href":"https:\/\/elfsight.com\/pl\/wp-json\/wp\/v2\/pages\/5270\/revisions\/10501"}],"up":[{"embeddable":true,"href":"https:\/\/elfsight.com\/pl\/wp-json\/wp\/v2\/pages\/2133"}],"wp:attachment":[{"href":"https:\/\/elfsight.com\/pl\/wp-json\/wp\/v2\/media?parent=5270"}],"curies":[{"name":"wp","href":"https:\/\/api.w.org\/{rel}","templated":true}]}}