{"id":5269,"date":"2024-05-03T06:37:40","date_gmt":"2024-05-03T06:37:40","guid":{"rendered":"https:\/\/elfsight.com\/pl\/?page_id=5269"},"modified":"2024-10-24T13:25:47","modified_gmt":"2024-10-24T13:25:47","slug":"godaddy","status":"publish","type":"page","link":"https:\/\/elfsight.com\/pl\/online-form-builder\/godaddy\/","title":{"rendered":"Form Builder &#8211; GoDaddy"},"content":{"rendered":"<div class=\"application-platform-content-item-description application-platform-content-item\" id=\"description\" data-nav-section=\"description\"><h2>Niestandardowy kreator formularzy dla GoDaddy<\/h2> <p>Nasza aplikacja GoDaddy Form Builder to wszechstronne rozwi\u0105zanie, kt\u00f3re umo\u017cliwia tworzenie dowolnego rodzaju formularz, kt\u00f3rego potrzebujesz i dodaj go do swojego sklepu Shopify. Niezale\u017cnie od tego, czy chcesz utworzy\u0107 formularz niestandardowy, formularz opinii, czy inny rodzaj formularza, nasza aplikacja u\u0142atwia to. Za pomoc\u0105 kilku klikni\u0119\u0107 mo\u017cesz utworzy\u0107 formularz w GoDaddy i rozpocz\u0105\u0107 zbieranie danych od swoich klient\u00f3w. Nasza aplikacja do niestandardowych formularzy Shopify zapewnia pe\u0142n\u0105 kontrol\u0119 nad projektem formularza, umo\u017cliwiaj\u0105c tworzenie formularzy, kt\u00f3re s\u0105 nie tylko funkcjonalne, ale tak\u017ce atrakcyjne wizualnie. Niezale\u017cnie od tego, czy chcesz zbiera\u0107 opinie, oceny, rezerwacje czy sprzeda\u017c, nasza aplikacja Ci pomo\u017ce. A dzi\u0119ki naszemu przyjaznemu dla u\u017cytkownika interfejsowi i intuicyjnemu Kreatorowi Formularzy mo\u017cesz tworzy\u0107 formularze, kt\u00f3re b\u0119d\u0105 \u0142atwe w u\u017cyciu dla Twoich klient\u00f3w i skuteczne w zarz\u0105dzaniu.<\/p><p><b>Wprowad\u017a Kreator Formularzy na swojej stronie internetowej z \u0142atwo\u015bci\u0105 i szybko.<\/b><\/p><\/div><div class=\"application-platform-content-item-features application-platform-content-item\" id=\"features\" data-nav-section=\"features\"><h2>Funkcje wtyczki do tworzenia formularzy<\/h2> <ul><li>Utw\u00f3rz opis dla ka\u017cdego elementu, zostanie on wy\u015bwietlony pod etykiet\u0105;<\/li><li>Mo\u017cliwo\u015b\u0107 roz\u0142o\u017cenia p\u00f3l na kilka kolumn;<\/li><li>Edytowalna tre\u015b\u0107 wiadomo\u015bci z podzi\u0119kowaniem i przycisk umo\u017cliwiaj\u0105cy powt\u00f3rne wype\u0142nienie formularza;<\/li><li>Ustaw niestandardowe szeroko\u015b\u0107 formularza w uk\u0142adach Domy\u015blnym i Pude\u0142kowym;<\/li><li>5 predefiniowanych styl\u00f3w p\u00f3l formularza.<\/li><li>2 potencjalne scenariusze odrzucenia pro\u015bby o recenzj\u0119: wy\u015bwietlenie tekstu lub usuni\u0119cie przycisku. <\/li><\/ul><div class=\"application-platform-content-item-installation application-platform-content-item\" id=\"installation\" data-nav-section=\"installation\"><\/div> <h2>Jak mog\u0119 doda\u0107 Kreatora formularzy do mojej witryny GoDaddy? <\/h2> <p>Wystarczy wykona\u0107 poni\u017csze kroki, aby rozpocz\u0105\u0107 prac\u0119 z narz\u0119dziem. <\/p> <ol><li><b>Wykonaj bezp\u0142atn\u0105 wersj\u0119 demonstracyjn\u0105 i rozpocznij tworzenie spersonalizowanej wtyczki. <\/b><br> Okre\u015bl niestandardowy uk\u0142ad i aspekty wtyczki i zapisz zmiany. <\/li> <li><b>Skopiuj sw\u00f3j unikalny kod widoczny w oknie aplikacji Elfsight. <\/b><br> Po dostosowaniu narz\u0119dzia skopiuj ekskluzywny kod z wy\u015bwietlonego pola i zachowaj go do wykorzystania w przysz\u0142o\u015bci. <\/li> <li><b>Zacznij korzysta\u0107 z wtyczki na swojej stronie g\u0142\u00f3wnej GoDaddy. <\/b><br> Dodaj kod zapisany ostatnio na swojej stronie g\u0142\u00f3wnej i zastosuj modyfikacje. <\/li> <li><b>Gotowe! Integracja zosta\u0142a pomy\u015blnie przeprowadzona. <\/b><br> Przejd\u017a na swoj\u0105 stron\u0119, aby zobaczy\u0107, jak dzia\u0142a wtyczka. <\/li><\/ol> <p>Je\u015bli masz pytania lub napotykasz trudno\u015bci, nie wahaj si\u0119 skontaktowa\u0107 z naszym zespo\u0142em wsparcia. Nasi pracownicy pragn\u0105 rozwi\u0105za\u0107 wszystkie problemy, jakie mo\u017cesz mie\u0107 z produktem. <\/p><div class=\"faq\" data-component=\"FAQ\"> <div class=\"faq-item\">\r\n\t\t\t\t\t<div class=\"faq-item-question\">\r\n\t\t\t\t\t\t<h3 class=\"faq-item-question-text\">Czy masz jakie\u015b wst\u0119pnie zaprojektowane szablony Kreatora formularzy dla witryny GoDaddy?<\/h3>\r\n\r\n\t\t\t\t\t\t<div class=\"faq-item-question-icon\"><\/div>\r\n\t\t\t\t\t<\/div>\r\n\r\n\t\t\t\t\t<div class=\"faq-item-answer\">\r\n\t\t\t\t\t\t<div class=\"faq-item-answer-text\"><p>Tak. Nasz zesp\u00f3\u0142 ci\u0119\u017cko pracowa\u0142 nad stworzeniem ogromnej kolekcji ponad 300 szablon\u00f3w, takich jak <a href=\"https:\/\/elfsight.com\/online-form-builder\/templates\/application-forms\/\">Formularze zg\u0142oszeniowe<\/a>, <a href=\"https:\/\/elfsight.com\/online-form-builder\/templates\/booking-forms\/\">Formularze rezerwacji<\/a>, <a href=\"https:\/\/elfsight.com\/online-form -builder\/templates\/order-forms\/\">Formularze zam\u00f3wie\u0144<\/a>, <a href=\"https:\/\/elfsight.com\/online-form-builder\/templates\/product-forms\/\">Formularze produkt\u00f3w<\/a>, <a href=\"https:\/\/elfsight.com\/online-form-builder\/templates\/questionnaires\/\">kwestionariusze<\/a>, <a href=\"https:\/\/elfsight.com\/online-form- builder\/templates\/quizzes\/\">Quizy<\/a>, <a href=\"https:\/\/elfsight.com\/online-form-builder\/templates\/surveys\/\">Ankiety<\/a>, <a href=\"https:\/\/elfsight.com\/online-form-builder\/templates\/file-upload-forms\/\">Formularze przesy\u0142ania plik\u00f3w<\/a> i wiele innych. Znalezienie odpowiedniego dopasowania dzi\u0119ki <a href=\"https:\/\/elfsight.com\/online-form-builder\/templates\/\">szablonom Kreatora formularzy<\/a> nie b\u0119dzie wi\u0119c trudne.<\/p> <\/div>\r\n\t\t\t\t\t<\/div>\r\n\t\t\t\t<\/div> <\/div> <\/div>","protected":false},"excerpt":{"rendered":"","protected":false},"author":9,"featured_media":0,"parent":2133,"menu_order":0,"comment_status":"closed","ping_status":"closed","template":"templates\/template-application-platform.php","meta":{"publish_to_discourse":"","publish_post_category":"","wpdc_auto_publish_overridden":"","wpdc_topic_tags":"","wpdc_pin_topic":"","wpdc_pin_until":"","discourse_post_id":"","discourse_permalink":"","wpdc_publishing_response":"","wpdc_publishing_error":"","footnotes":""},"class_list":["post-5269","page","type-page","status-publish","hentry"],"yoast_head":"<!-- This site is optimized with the Yoast SEO plugin v25.3.1 - https:\/\/yoast.com\/wordpress\/plugins\/seo\/ -->\n<title>Utw\u00f3rz i dodaj niestandardowy formularz w GoDaddy za darmo!<\/title>\n<meta name=\"description\" content=\"Utw\u00f3rz formularz dowolnego typu dla swojej witryny GoDaddy za pomoc\u0105 wspania\u0142ej wtyczki Form Builder dla swojej witryny! Rozwi\u0144 sw\u00f3j biznes dzi\u0119ki Elfsight!\" \/>\n<meta name=\"robots\" content=\"index, follow, max-snippet:-1, max-image-preview:large, max-video-preview:-1\" \/>\n<link rel=\"canonical\" href=\"https:\/\/elfsight.com\/pl\/online-form-builder\/godaddy\/\" \/>\n<meta property=\"og:locale\" content=\"pl_PL\" \/>\n<meta property=\"og:type\" content=\"article\" \/>\n<meta property=\"og:title\" content=\"Utw\u00f3rz i dodaj niestandardowy formularz w GoDaddy za darmo!\" \/>\n<meta property=\"og:description\" content=\"Utw\u00f3rz formularz dowolnego typu dla swojej witryny GoDaddy za pomoc\u0105 wspania\u0142ej wtyczki Form Builder dla swojej witryny! Rozwi\u0144 sw\u00f3j biznes dzi\u0119ki Elfsight!\" \/>\n<meta property=\"og:url\" content=\"https:\/\/elfsight.com\/pl\/online-form-builder\/godaddy\/\" \/>\n<meta property=\"og:site_name\" content=\"Elfsight PL\" \/>\n<meta property=\"article:modified_time\" content=\"2024-10-24T13:25:47+00:00\" \/>\n<meta name=\"twitter:card\" content=\"summary_large_image\" \/>\n<meta name=\"twitter:label1\" content=\"Szacowany czas czytania\" \/>\n\t<meta name=\"twitter:data1\" content=\"2 minuty\" \/>\n<!-- \/ Yoast SEO plugin. -->","yoast_head_json":{"title":"Utw\u00f3rz i dodaj niestandardowy formularz w GoDaddy za darmo!","description":"Utw\u00f3rz formularz dowolnego typu dla swojej witryny GoDaddy za pomoc\u0105 wspania\u0142ej wtyczki Form Builder dla swojej witryny! Rozwi\u0144 sw\u00f3j biznes dzi\u0119ki Elfsight!","robots":{"index":"index","follow":"follow","max-snippet":"max-snippet:-1","max-image-preview":"max-image-preview:large","max-video-preview":"max-video-preview:-1"},"canonical":"https:\/\/elfsight.com\/pl\/online-form-builder\/godaddy\/","og_locale":"pl_PL","og_type":"article","og_title":"Utw\u00f3rz i dodaj niestandardowy formularz w GoDaddy za darmo!","og_description":"Utw\u00f3rz formularz dowolnego typu dla swojej witryny GoDaddy za pomoc\u0105 wspania\u0142ej wtyczki Form Builder dla swojej witryny! Rozwi\u0144 sw\u00f3j biznes dzi\u0119ki Elfsight!","og_url":"https:\/\/elfsight.com\/pl\/online-form-builder\/godaddy\/","og_site_name":"Elfsight PL","article_modified_time":"2024-10-24T13:25:47+00:00","twitter_card":"summary_large_image","twitter_misc":{"Szacowany czas czytania":"2 minuty"},"schema":{"@context":"https:\/\/schema.org","@graph":[{"@type":"WebPage","@id":"https:\/\/elfsight.com\/pl\/online-form-builder\/godaddy\/","url":"https:\/\/elfsight.com\/pl\/online-form-builder\/godaddy\/","name":"Utw\u00f3rz i dodaj niestandardowy formularz w GoDaddy za darmo!","isPartOf":{"@id":"https:\/\/elfsight.com\/pl\/#website"},"datePublished":"2024-05-03T06:37:40+00:00","dateModified":"2024-10-24T13:25:47+00:00","description":"Utw\u00f3rz formularz dowolnego typu dla swojej witryny GoDaddy za pomoc\u0105 wspania\u0142ej wtyczki Form Builder dla swojej witryny! Rozwi\u0144 sw\u00f3j biznes dzi\u0119ki Elfsight!","breadcrumb":{"@id":"https:\/\/elfsight.com\/pl\/online-form-builder\/godaddy\/#breadcrumb"},"inLanguage":"pl-PL","potentialAction":[{"@type":"ReadAction","target":["https:\/\/elfsight.com\/pl\/online-form-builder\/godaddy\/"]}]},{"@type":"BreadcrumbList","@id":"https:\/\/elfsight.com\/pl\/online-form-builder\/godaddy\/#breadcrumb","itemListElement":[{"@type":"ListItem","position":1,"name":"Home","item":"https:\/\/elfsight.com\/pl\/"},{"@type":"ListItem","position":2,"name":"Form Builder","item":"https:\/\/elfsight.com\/pl\/online-form-builder\/"},{"@type":"ListItem","position":3,"name":"Form Builder &#8211; GoDaddy"}]},{"@type":"WebSite","@id":"https:\/\/elfsight.com\/pl\/#website","url":"https:\/\/elfsight.com\/pl\/","name":"Elfsight PL","description":"Just another Elfsight Sites site","potentialAction":[{"@type":"SearchAction","target":{"@type":"EntryPoint","urlTemplate":"https:\/\/elfsight.com\/pl\/?s={search_term_string}"},"query-input":{"@type":"PropertyValueSpecification","valueRequired":true,"valueName":"search_term_string"}}],"inLanguage":"pl-PL"}]}},"meta_box":{"industry":"","seo_heading":"","heading":"","description":"","cta_heading":"","cta_description":"","application":"2132","h1":"Wtyczka GoDaddy Form Builder","h1_caption":"Tw\u00f3rz dostosowywalne formularze do dowolnego celu \u2014 opinii, ankiet, formularzy kontaktowych \u2014 bez kodowania, co u\u0142atwia gromadzenie informacji od u\u017cytkownik\u00f3w w witrynie GoDaddy.","application_category":[],"applications_title":"","applications_request_title":"","applications_request_button_text":"","hero_text":"","hero_video":"","hero_video_schema_markup":"","selling_points_title":"","selling_points_caption":"","selling_points":[],"selling_points_cta_text":"","features_title":"","features":"","ed_cta_examples_text":"","ed_cta_examples_hidden":"","ed_cta_demo_text":"","ed_cta_demo_hidden":"","why_caption":"","why_editor_title":"","why_editor_text":"","why_team_title":"","why_team_text":"","why_service_title":"","why_service_text":"","template_catalog_visible":"","template_catalog_title":"","template_catalog_text":"","template_catalog_categories_visible":"","demo_title":"Pospiesz si\u0119, aby utworzy\u0107 dostosowany do potrzeb kreator formularzy GoDaddy","demo_caption":"Dostosuj go i zintegruj ze swoj\u0105 witryn\u0105 za pomoc\u0105 wersji demonstracyjnej.","default_faq_hidden":"","app_template_category":[],"platform":"180","template_public_id":"","codecanyon_url":"","codecanyon_item_id":"","codecanyon_price":"","pricing_caption":"","pricing_elfsight_apps_hide_column":"","pricing_elfsight_apps_url":"","pricing_codecanyon_price_caption":"","integration_category":[],"integration_request_title":"","integration_request_cta":"","integration_platform":"","integrations":[],"platform_category":[],"video_schema_markup":"","price":"od 0 USD \/ miesi\u0105c","trial":"","benefits":[{"text":"Bezp\u0142atna pomoc w instalacji"},{"text":"Wyj\u0105tkowe wsparcie"},{"text":"14-dniowa gwarancja zwrotu pieni\u0119dzy"}],"button_url":"#demo","button_target_blank":"","button_nofollow":"","attributes":[{"name":"Instaluje"},{"name":"Czu\u0142y"},{"name":"Kompatybilne przegl\u0105darki"}],"tags":[],"tags_disable_links":"","hide_more_platforms":"","video_object":"","demo_hide_cta":"","demo_hide_cloud_options":"","pricing_title":"","pricing":[{"pricing_icon":"platform","pricing_title":"Elfsight Apps","pricing_title_caption":"Oprogramowanie niezale\u017cne od platformy, kt\u00f3re dzia\u0142a na dowolnej witrynie","pricing_price":"od 0 USD \/ miesi\u0105c","pricing_price_caption":"zacznij od bezp\u0142atnego planu","pricing_benefits":[{"text":"Nielimitowane strony internetowe"},{"text":"Szybka pomoc firmy i dobrze udokumentowana"},{"text":"Bezp\u0142atna pomoc w monta\u017cu"},{"text":"100% konfigurowalny"}],"pricing_button_text":"Dodaj do witryny","pricing_button_url":"#demo"}],"related_apps_title":"","related_apps_hidden":"","author":"","image":[],"title":"","job":"","social_networks":[]},"_links":{"self":[{"href":"https:\/\/elfsight.com\/pl\/wp-json\/wp\/v2\/pages\/5269","targetHints":{"allow":["GET"]}}],"collection":[{"href":"https:\/\/elfsight.com\/pl\/wp-json\/wp\/v2\/pages"}],"about":[{"href":"https:\/\/elfsight.com\/pl\/wp-json\/wp\/v2\/types\/page"}],"author":[{"embeddable":true,"href":"https:\/\/elfsight.com\/pl\/wp-json\/wp\/v2\/users\/9"}],"replies":[{"embeddable":true,"href":"https:\/\/elfsight.com\/pl\/wp-json\/wp\/v2\/comments?post=5269"}],"version-history":[{"count":1,"href":"https:\/\/elfsight.com\/pl\/wp-json\/wp\/v2\/pages\/5269\/revisions"}],"predecessor-version":[{"id":5273,"href":"https:\/\/elfsight.com\/pl\/wp-json\/wp\/v2\/pages\/5269\/revisions\/5273"}],"up":[{"embeddable":true,"href":"https:\/\/elfsight.com\/pl\/wp-json\/wp\/v2\/pages\/2133"}],"wp:attachment":[{"href":"https:\/\/elfsight.com\/pl\/wp-json\/wp\/v2\/media?parent=5269"}],"curies":[{"name":"wp","href":"https:\/\/api.w.org\/{rel}","templated":true}]}}