{"id":5264,"date":"2024-05-03T06:37:39","date_gmt":"2024-05-03T06:37:39","guid":{"rendered":"https:\/\/elfsight.com\/pl\/?page_id=5264"},"modified":"2024-10-24T13:25:23","modified_gmt":"2024-10-24T13:25:23","slug":"prestashop","status":"publish","type":"page","link":"https:\/\/elfsight.com\/pl\/online-form-builder\/prestashop\/","title":{"rendered":"Form Builder &#8211; PrestaShop"},"content":{"rendered":"<div class=\"application-platform-content-item-description application-platform-content-item\" id=\"description\" data-nav-section=\"description\"> <h2>Niestandardowy kreator formularzy dla PrestaShop<\/h2> <p>Nasz kreator formularzy Prestashop to doskona\u0142e narz\u0119dzie do tworzenia niestandardowych formularzy dostosowanych do Twoich potrzeb. Niezale\u017cnie od tego, czy chcesz zbiera\u0107 opinie, zapytania czy rezerwacje, nasze niestandardowe rozszerzenie do tworzenia formularzy pomo\u017ce Ci. Dzi\u0119ki przyjaznemu interfejsowi i r\u00f3\u017cnorodno\u015bci dost\u0119pnych element\u00f3w z \u0142atwo\u015bci\u0105 zaprojektujesz i zaimplementujesz w\u0142asne formularze na swojej stronie internetowej. Nasz niestandardowy modu\u0142 Prestashop pozwala zbiera\u0107 cenne dane od klient\u00f3w i wykorzystywa\u0107 je do ulepszania swojej firmy. Zacznij tworzy\u0107 w\u0142asne formularze ju\u017c dzi\u015b i przenie\u015b swoj\u0105 obecno\u015b\u0107 w Internecie na wy\u017cszy poziom!<\/p><p><b>U\u017cyj Kreatora formularzy, aby skuteczniej osi\u0105ga\u0107 cele biznesowe! <\/b><\/p> <\/div> <div class=\"application-platform-content-item-features application-platform-content-item\" id=\"features\" data-nav-section=\"features\"> <h2>Funkcje wtyczki do tworzenia formularzy<\/h2> <ul><li>Tw\u00f3rz krok po kroku i klasyczne formularze \u0142\u0105cz\u0105ce elementy w grupy<\/li><li>Poka\u017c lub ukryj pasek post\u0119pu w formacie krok po kroku<\/li><li>18 typ\u00f3w p\u00f3l dla prawie ka\u017cdego zadania gromadzenia danych <\/li><li>Ka\u017cdy element formularza ma edytowalna etykieta wy\u015bwietlana nad polem<\/li><li>Utw\u00f3rz opis ka\u017cdego elementu, b\u0119dzie on widoczny pod etykiet\u0105 <\/li><li>U\u017cyj symboli zast\u0119pczych p\u00f3l, aby poda\u0107 przyk\u0142ad prawid\u0142owego wype\u0142nienia i potrzebny typ dane <\/li><li>Ka\u017cde pole mo\u017ce wymaga\u0107 wype\u0142nienia symbolem gwiazdki (*), aby to zaznaczy\u0107<\/li><li>Mo\u017cliwo\u015b\u0107 roz\u0142o\u017cenia p\u00f3l na kilka kolumn <\/li><li>Przypisz dowolny adres e-mail i wyniki wype\u0142niania formularza zostan\u0105 tam automatycznie przes\u0142ane<\/li><li>Wybierz scenariusz po przes\u0142aniu formularza: Wiadomo\u015b\u0107 z podzi\u0119kowaniem, ukrycie formularza lub przekierowanie na inn\u0105 stron\u0119<\/li><li>Opcjonalnie zapisz funkcj\u0119 post\u0119pu wype\u0142niania<\/li><li>Trzy gotowe do u\u017cycia uk\u0142ady (domy\u015blny, w pude\u0142ku i p\u0142ywaj\u0105cy)<\/li><\/ul><p><a href=\"#demo\">Wystarczy sprawdzi\u0107 t\u0119 wersj\u0119 demonstracyjn\u0105, aby uzyska\u0107 pe\u0142ny pomys\u0142<\/a><\/p> <\/div> <div class=\"application-platform-content-item-installation application-platform-content-item\" id=\"installation\" data-nav-section=\"installation\"> <h2>Jak doda\u0107 Kreatora formularzy do mojej strony internetowej PrestaShop? <\/h2> <p>Wystarczy wykona\u0107 poni\u017csze kroki, aby zintegrowa\u0107 narz\u0119dzie. <\/p> <ol><li><b>Skorzystaj z naszego darmowego edytora i zacznij tworzy\u0107 sw\u00f3j w\u0142asny instrument. <\/b><br> Okre\u015bl niestandardow\u0105 form\u0119 i aspekty narz\u0119dzia i zapisz poprawki. <\/li> <li><b>Uzyskaj indywidualny kod wy\u015bwietlony w oknie aplikacji Elfsight. <\/b><br> Po zako\u0144czeniu dostosowywania osobistego wid\u017cetu skopiuj osobisty kod w wy\u015bwietlonym polu i zapisz go do wykorzystania w przysz\u0142o\u015bci. <\/li> <li><b>Rozpocznij korzystanie z wid\u017cetu na stronie PrestaShop. <\/b><br> Dodaj skopiowany ostatnio kod do swojej witryny i zastosuj zmiany. <\/li> <li><b>Konfiguracja zosta\u0142a pomy\u015blnie przeprowadzona. <\/b><br> Odwied\u017a swoj\u0105 witryn\u0119, aby sprawdzi\u0107 dzia\u0142anie wid\u017cetu. <\/li><\/ol> <p>W przypadku napotkania problem\u00f3w prosimy o kontakt z naszym personelem pomocy technicznej. Nasi ludzie ch\u0119tnie pomog\u0105 Ci we wszystkich problemach, jakie mo\u017cesz mie\u0107 z produktem. <\/p> <div class=\"faq\" data-component=\"FAQ\"> <div class=\"faq-item\">\r\n\t\t\t\t\t<div class=\"faq-item-question\">\r\n\t\t\t\t\t\t<h3 class=\"faq-item-question-text\">Jak mog\u0119 doda\u0107 Kreator formularzy do mojej witryny PrestaShop bez umiej\u0119tno\u015bci kodowania?<\/h3>\r\n\r\n\t\t\t\t\t\t<div class=\"faq-item-question-icon\"><\/div>\r\n\t\t\t\t\t<\/div>\r\n\r\n\t\t\t\t\t<div class=\"faq-item-answer\">\r\n\t\t\t\t\t\t<div class=\"faq-item-answer-text\"> <p>Elfsight zapewnia rozwi\u0105zanie SaaS, kt\u00f3re pozwala Ci samodzielnie utworzy\u0107 wid\u017cet Konstruktora formularzy, zobacz, jak \u0142atwo proces jest nast\u0119puj\u0105cy: Pracuj bezpo\u015brednio w edytorze online, aby utworzy\u0107 wid\u017cet Kreatora formularzy, kt\u00f3ry chcia\u0142by\u015b zobaczy\u0107 na swojej stronie PrestaShop. Wybierz jeden z gotowych szablon\u00f3w i dostosuj ustawienia Kreatora formularzy, dodaj tre\u015b\u0107, zmie\u0144 uk\u0142ad i kolory bez umiej\u0119tno\u015bci kodowania. Zapisz Kreator formularzy i skopiuj jego kod instalacyjny, kt\u00f3ry mo\u017cesz wklei\u0107 na swojej stronie PrestaShop bez konieczno\u015bci kupowania p\u0142atnego planu. Dzi\u0119ki naszemu intuicyjnemu edytorowi ka\u017cdy u\u017cytkownik Internetu mo\u017ce stworzy\u0107 wid\u017cet Kreator formularzy online i \u0142atwo osadzi\u0107 go na swojej stronie PrestaShop. Aby uzyska\u0107 dost\u0119p do us\u0142ugi, nie trzeba p\u0142aci\u0107 ani wprowadza\u0107 danych uwierzytelniaj\u0105cych karty. Je\u015bli na kt\u00f3rymkolwiek etapie napotkasz jakiekolwiek problemy, skontaktuj si\u0119 z naszym zespo\u0142em pomocy technicznej.<\/p> <\/div>\r\n\t\t\t\t\t<\/div>\r\n\t\t\t\t<\/div><div class=\"faq-item\">\r\n\t\t\t\t\t<div class=\"faq-item-question\">\r\n\t\t\t\t\t\t<h3 class=\"faq-item-question-text\">Czy istniej\u0105 niestandardowe szablony Kreatora formularzy dla witryny PrestaShop?<\/h3>\r\n\r\n\t\t\t\t\t\t<div class=\"faq-item-question-icon\"><\/div>\r\n\t\t\t\t\t<\/div>\r\n\r\n\t\t\t\t\t<div class=\"faq-item-answer\">\r\n\t\t\t\t\t\t<div class=\"faq-item-answer-text\"><p>Tak . Elfsight przygotowa\u0142 szeroki wyb\u00f3r ponad 300 <a href=\"https:\/\/elfsight.com\/online-form-builder\/templates\/\">szablon\u00f3w Kreatora formularzy<\/a> z dostosowywalnymi elementami i funkcjami. Mo\u017cesz znale\u017a\u0107 szablon formularza na ka\u017cd\u0105 okazj\u0119, na przyk\u0142ad <a href=\"https:\/\/elfsight.com\/online-form-builder\/templates\/application-forms\/\">Formularze aplikacji<\/a>, <a href=\"https:\/\/elfsight.com\/online-form-builder\/templates\/booking-forms\/\">Formularze rezerwacji<\/a>, <a href=\"https:\/\/elfsight.com\/online-form-builder\/ templates\/order-forms\/\">Formularze zam\u00f3wie\u0144<\/a>, <a href=\"https:\/\/elfsight.com\/online-form-builder\/templates\/product-forms\/\">Formularze produkt\u00f3w<\/a>, <a href=\"https:\/\/elfsight.com\/online-form-builder\/templates\/questionnaires\/\">Kwestionariusze<\/a>, <a href=\"https:\/\/elfsight.com\/online-form-builder\/templates \/quizzes\/\">Quizy<\/a>, <a href=\"https:\/\/elfsight.com\/online-form-builder\/templates\/surveys\/\">Ankiety<\/a>, <a href=\"https:\/ \/elfsight.com\/online-form-builder\/templates\/file-upload-forms\/\">Formularze przesy\u0142ania plik\u00f3w<\/a> i wiele innych.<\/p><\/div>\r\n\t\t\t\t\t<\/div>\r\n\t\t\t\t<\/div> <\/div> <\/div>","protected":false},"excerpt":{"rendered":"","protected":false},"author":9,"featured_media":0,"parent":2133,"menu_order":0,"comment_status":"closed","ping_status":"closed","template":"templates\/template-application-platform.php","meta":{"publish_to_discourse":"","publish_post_category":"","wpdc_auto_publish_overridden":"","wpdc_topic_tags":"","wpdc_pin_topic":"","wpdc_pin_until":"","discourse_post_id":"","discourse_permalink":"","wpdc_publishing_response":"","wpdc_publishing_error":"","footnotes":""},"class_list":["post-5264","page","type-page","status-publish","hentry"],"yoast_head":"<!-- This site is optimized with the Yoast SEO plugin v25.3.1 - https:\/\/yoast.com\/wordpress\/plugins\/seo\/ -->\n<title>Utw\u00f3rz i dodaj niestandardowy formularz w PrestaShop za darmo!<\/title>\n<meta name=\"description\" content=\"Odkryj za darmo najlepszy dodatek do tworzenia formularzy online dla PrestaShop. Nieskomplikowana i szybka konfiguracja w ci\u0105gu zaledwie kilku minut.\" \/>\n<meta name=\"robots\" content=\"index, follow, max-snippet:-1, max-image-preview:large, max-video-preview:-1\" \/>\n<link rel=\"canonical\" href=\"https:\/\/elfsight.com\/pl\/online-form-builder\/prestashop\/\" \/>\n<meta property=\"og:locale\" content=\"pl_PL\" \/>\n<meta property=\"og:type\" content=\"article\" \/>\n<meta property=\"og:title\" content=\"Utw\u00f3rz i dodaj niestandardowy formularz w PrestaShop za darmo!\" \/>\n<meta property=\"og:description\" content=\"Odkryj za darmo najlepszy dodatek do tworzenia formularzy online dla PrestaShop. Nieskomplikowana i szybka konfiguracja w ci\u0105gu zaledwie kilku minut.\" \/>\n<meta property=\"og:url\" content=\"https:\/\/elfsight.com\/pl\/online-form-builder\/prestashop\/\" \/>\n<meta property=\"og:site_name\" content=\"Elfsight PL\" \/>\n<meta property=\"article:modified_time\" content=\"2024-10-24T13:25:23+00:00\" \/>\n<meta name=\"twitter:card\" content=\"summary_large_image\" \/>\n<meta name=\"twitter:label1\" content=\"Szacowany czas czytania\" \/>\n\t<meta name=\"twitter:data1\" content=\"3 minuty\" \/>\n<!-- \/ Yoast SEO plugin. -->","yoast_head_json":{"title":"Utw\u00f3rz i dodaj niestandardowy formularz w PrestaShop za darmo!","description":"Odkryj za darmo najlepszy dodatek do tworzenia formularzy online dla PrestaShop. Nieskomplikowana i szybka konfiguracja w ci\u0105gu zaledwie kilku minut.","robots":{"index":"index","follow":"follow","max-snippet":"max-snippet:-1","max-image-preview":"max-image-preview:large","max-video-preview":"max-video-preview:-1"},"canonical":"https:\/\/elfsight.com\/pl\/online-form-builder\/prestashop\/","og_locale":"pl_PL","og_type":"article","og_title":"Utw\u00f3rz i dodaj niestandardowy formularz w PrestaShop za darmo!","og_description":"Odkryj za darmo najlepszy dodatek do tworzenia formularzy online dla PrestaShop. Nieskomplikowana i szybka konfiguracja w ci\u0105gu zaledwie kilku minut.","og_url":"https:\/\/elfsight.com\/pl\/online-form-builder\/prestashop\/","og_site_name":"Elfsight PL","article_modified_time":"2024-10-24T13:25:23+00:00","twitter_card":"summary_large_image","twitter_misc":{"Szacowany czas czytania":"3 minuty"},"schema":{"@context":"https:\/\/schema.org","@graph":[{"@type":"WebPage","@id":"https:\/\/elfsight.com\/pl\/online-form-builder\/prestashop\/","url":"https:\/\/elfsight.com\/pl\/online-form-builder\/prestashop\/","name":"Utw\u00f3rz i dodaj niestandardowy formularz w PrestaShop za darmo!","isPartOf":{"@id":"https:\/\/elfsight.com\/pl\/#website"},"datePublished":"2024-05-03T06:37:39+00:00","dateModified":"2024-10-24T13:25:23+00:00","description":"Odkryj za darmo najlepszy dodatek do tworzenia formularzy online dla PrestaShop. Nieskomplikowana i szybka konfiguracja w ci\u0105gu zaledwie kilku minut.","breadcrumb":{"@id":"https:\/\/elfsight.com\/pl\/online-form-builder\/prestashop\/#breadcrumb"},"inLanguage":"pl-PL","potentialAction":[{"@type":"ReadAction","target":["https:\/\/elfsight.com\/pl\/online-form-builder\/prestashop\/"]}]},{"@type":"BreadcrumbList","@id":"https:\/\/elfsight.com\/pl\/online-form-builder\/prestashop\/#breadcrumb","itemListElement":[{"@type":"ListItem","position":1,"name":"Home","item":"https:\/\/elfsight.com\/pl\/"},{"@type":"ListItem","position":2,"name":"Form Builder","item":"https:\/\/elfsight.com\/pl\/online-form-builder\/"},{"@type":"ListItem","position":3,"name":"Form Builder &#8211; PrestaShop"}]},{"@type":"WebSite","@id":"https:\/\/elfsight.com\/pl\/#website","url":"https:\/\/elfsight.com\/pl\/","name":"Elfsight PL","description":"Just another Elfsight Sites site","potentialAction":[{"@type":"SearchAction","target":{"@type":"EntryPoint","urlTemplate":"https:\/\/elfsight.com\/pl\/?s={search_term_string}"},"query-input":{"@type":"PropertyValueSpecification","valueRequired":true,"valueName":"search_term_string"}}],"inLanguage":"pl-PL"}]}},"meta_box":{"industry":"","seo_heading":"","heading":"","description":"","cta_heading":"","cta_description":"","application":"2132","h1":"Kreator formularzy online dla PrestaShop","h1_caption":"Tw\u00f3rz konfigurowalne formularze do dowolnego celu \u2013 opinie, ankiety, formularze kontaktowe \u2013 bez kodowania, co u\u0142atwia gromadzenie informacji od u\u017cytkownik\u00f3w w witrynie Prestashop.","application_category":[],"applications_title":"","applications_request_title":"","applications_request_button_text":"","hero_text":"","hero_video":"","hero_video_schema_markup":"","selling_points_title":"","selling_points_caption":"","selling_points":[],"selling_points_cta_text":"","features_title":"","features":"","ed_cta_examples_text":"","ed_cta_examples_hidden":"","ed_cta_demo_text":"","ed_cta_demo_hidden":"","why_caption":"","why_editor_title":"","why_editor_text":"","why_team_title":"","why_team_text":"","why_service_title":"","why_service_text":"","template_catalog_visible":"","template_catalog_title":"","template_catalog_text":"","template_catalog_categories_visible":"","demo_title":"Nie wahaj si\u0119 i utw\u00f3rz niestandardowy formularz PrestaShop za darmo!","demo_caption":"Dostosuj go i wstaw na swoj\u0105 stron\u0119 korzystaj\u0105c z aktywnego demo!","default_faq_hidden":"","app_template_category":[],"platform":"586","template_public_id":"","codecanyon_url":"","codecanyon_item_id":"","codecanyon_price":"","pricing_caption":"","pricing_elfsight_apps_hide_column":"","pricing_elfsight_apps_url":"","pricing_codecanyon_price_caption":"","integration_category":[],"integration_request_title":"","integration_request_cta":"","integration_platform":"","integrations":[],"platform_category":[],"video_schema_markup":"","price":"od 0 USD \/ miesi\u0105c","trial":"","benefits":[{"text":"14-dniowa gwarancja zwrotu pieni\u0119dzy"},{"text":"Bezp\u0142atna pomoc w monta\u017cu"},{"text":"Do\u015bwiadczona obs\u0142uga klienta"}],"button_url":"#demo","button_target_blank":"","button_nofollow":"","attributes":[{"name":"Instaluje"},{"name":"Czu\u0142y"},{"name":"Kompatybilne przegl\u0105darki"}],"tags":[],"tags_disable_links":"","hide_more_platforms":"","video_object":"","demo_hide_cta":"","demo_hide_cloud_options":"","pricing_title":"","pricing":[{"pricing_icon":"platform","pricing_title":"Elfsight Apps","pricing_title_caption":"Oprogramowanie wieloplatformowe, kt\u00f3re pasuje do ka\u017cdej witryny","pricing_price":"od 0 USD \/ miesi\u0105c","pricing_price_caption":"zacznij od bezp\u0142atnego planu","pricing_benefits":[{"text":"Nielimitowane strony internetowe"},{"text":"Dedykowane wsparcie"},{"text":"Bezp\u0142atna pomoc przy instalacji"},{"text":"100% konfigurowalny"}],"pricing_button_text":"Dodaj do witryny","pricing_button_url":"#demo"}],"related_apps_title":"","related_apps_hidden":"","author":"","image":[],"title":"","job":"","social_networks":[]},"_links":{"self":[{"href":"https:\/\/elfsight.com\/pl\/wp-json\/wp\/v2\/pages\/5264","targetHints":{"allow":["GET"]}}],"collection":[{"href":"https:\/\/elfsight.com\/pl\/wp-json\/wp\/v2\/pages"}],"about":[{"href":"https:\/\/elfsight.com\/pl\/wp-json\/wp\/v2\/types\/page"}],"author":[{"embeddable":true,"href":"https:\/\/elfsight.com\/pl\/wp-json\/wp\/v2\/users\/9"}],"replies":[{"embeddable":true,"href":"https:\/\/elfsight.com\/pl\/wp-json\/wp\/v2\/comments?post=5264"}],"version-history":[{"count":1,"href":"https:\/\/elfsight.com\/pl\/wp-json\/wp\/v2\/pages\/5264\/revisions"}],"predecessor-version":[{"id":5268,"href":"https:\/\/elfsight.com\/pl\/wp-json\/wp\/v2\/pages\/5264\/revisions\/5268"}],"up":[{"embeddable":true,"href":"https:\/\/elfsight.com\/pl\/wp-json\/wp\/v2\/pages\/2133"}],"wp:attachment":[{"href":"https:\/\/elfsight.com\/pl\/wp-json\/wp\/v2\/media?parent=5264"}],"curies":[{"name":"wp","href":"https:\/\/api.w.org\/{rel}","templated":true}]}}