{"id":5263,"date":"2024-05-03T06:37:38","date_gmt":"2024-05-03T06:37:38","guid":{"rendered":"https:\/\/elfsight.com\/pl\/?page_id=5263"},"modified":"2025-06-25T10:05:06","modified_gmt":"2025-06-25T10:05:06","slug":"jimdo","status":"publish","type":"page","link":"https:\/\/elfsight.com\/pl\/online-form-builder\/jimdo\/","title":{"rendered":"Form Builder &#8211; Jimdo"},"content":{"rendered":"<div class=\"application-platform-content-item-description application-platform-content-item\" id=\"description\" data-nav-section=\"description\">\n<h2>Niestandardowy kreator formularzy dla Jimdo<\/h2>\n<p>To uniwersalne rozwi\u0105zanie umo\u017cliwiaj\u0105ce tworzenie r\u00f3\u017cnego rodzaju formularzy wype\u0142niaj\u0105cych i wy\u015bwietlanie ich na Twoim komputerze strona internetowa. Zbieraj spostrze\u017cenia od swoich obecnych i potencjalnych klient\u00f3w za pomoc\u0105 \u0142atwych do wype\u0142nienia ankiet, formularzy opinii, pr\u00f3\u015bb o ocen\u0119 i innych format\u00f3w. Zaprojektuj struktur\u0119 formularza, wybierz elementy, okre\u015bl typy danych wej\u015bciowych, dodaj skale i wiele wi\u0119cej, aby stworzy\u0107 \u0142atwe w zarz\u0105dzaniu i efektywne formularze wype\u0142niaj\u0105ce do gromadzenia danych.<\/p>\n<p><b>Zacznij korzysta\u0107 z Kreatora formularzy, aby szybciej sprosta\u0107 wyzwaniom biznesowym!<\/b><\/p>\n<\/div>\n\n<div class=\"application-platform-content-item-features application-platform-content-item\" id=\"features\" data-nav-section=\"features\">\n<h2>Funkcje wtyczki do tworzenia formularzy<\/h2>\n<ul>\n    <li>Tw\u00f3rz krok po kroku i klasyczne formularze \u0142\u0105cz\u0105ce elementy w grupy<\/li>\n    <li>Poka\u017c lub ukryj pasek post\u0119pu w formacie krok po kroku<\/li>\n    <li>18 typ\u00f3w p\u00f3l dla prawie ka\u017cdego zadania gromadzenia danych<\/li>\n    <li>Ka\u017cdy element formularza ma edytowalna etykieta wy\u015bwietlana nad polem<\/li>\n    <li>Utw\u00f3rz opis ka\u017cdego elementu, b\u0119dzie on widoczny pod etykiet\u0105<\/li>\n    <li>U\u017cyj symboli zast\u0119pczych p\u00f3l, aby poda\u0107 przyk\u0142ad prawid\u0142owego wype\u0142nienia i potrzebny typ dane<\/li>\n    <li>Ka\u017cde pole mo\u017ce wymaga\u0107 wype\u0142nienia symbolem gwiazdki (*), aby to zaznaczy\u0107<\/li>\n    <li>Mo\u017cliwo\u015b\u0107 roz\u0142o\u017cenia p\u00f3l na kilka kolumn<\/li>\n    <li>Przypisz dowolny adres e-mail i wyniki wype\u0142niania formularza zostan\u0105 tam automatycznie przes\u0142ane<\/li>\n    <li>Wybierz scenariusz po wype\u0142nieniu formularza: ukrycie formularza, przekierowanie na inn\u0105 stron\u0119 lub wiadomo\u015b\u0107 z podzi\u0119kowaniami<\/li>\n    <li>Opcjonalnie zapisz funkcj\u0119 post\u0119pu wype\u0142niania<\/li>\n    <li>Trzy gotowe do u\u017cycia uk\u0142ady (domy\u015blny, w pude\u0142ku, p\u0142ywaj\u0105cy)<\/li>\n<\/ul>\n<p><a href=\"#demo\">Sprawd\u017a wszystkie ustawienia w fully funkcjonalnej wersji demonstracyjnej<\/a><\/p>\n<\/div>\n\n<div class=\"application-platform-content-item-installation application-platform-content-item\" id=\"installation\" data-nav-section=\"installation\"><\/div>\n<h2>Jak doda\u0107 Kreatora formularzy do mojej strony internetowej Jimdo?<\/h2>\n<p>Wystarczy wykona\u0107 poni\u017csze kroki, aby osadzi\u0107 narz\u0119dzie.<\/p>\n<ol>\n    <li><b>Uruchom nasz darmowy edytor i zacznij tworzy\u0107 spersonalizowany widget. <\/b><br> Okre\u015bl odpowiedni interfejs i parametry narz\u0119dzia oraz zastosuj poprawki. <\/li>\n    <li><b>Uzyskaj osobisty kod pojawiaj\u0105cy si\u0119 w specjalnym formularzu w aplikacjach Elfsight. <\/b><br> Po skonfigurowaniu osobistego widgetu skopiuj indywidualny kod w oknie i zachowaj go do dalszego wykorzystania. <\/li>\n    <li><b>Rozpocznij korzystanie z wid\u017cetu na stronie g\u0142\u00f3wnej Jimdo. <\/b><br> Umie\u015b\u0107 skopiowany wcze\u015bniej kod na swojej stronie i zastosuj ulepszenia. <\/li>\n    <li><b>Gotowe! Konfiguracja zosta\u0142a w pe\u0142ni uko\u0144czona. <\/b><br> Odwied\u017a swoj\u0105 stron\u0119 internetow\u0105, aby sprawdzi\u0107 dzia\u0142anie narz\u0119dzia. <\/li>\n<\/ol>\n<p>W przypadku pyta\u0144 lub trudno\u015bci prosimy o kontakt z naszym personelem pomocniczym. Nasi specjali\u015bci z przyjemno\u015bci\u0105 rozwi\u0105\u017c\u0105 wszystkie problemy, jakie mo\u017cesz mie\u0107 z produktem.<\/p>\n<div class=\"faq\" data-component=\"FAQ\">\n<div class=\"faq-item\">\r\n\t\t\t\t\t<div class=\"faq-item-question\">\r\n\t\t\t\t\t\t<h3 class=\"faq-item-question-text\">Jak mog\u0119 doda\u0107 Kreator formularzy do mojej witryny Jimdo bez umiej\u0119tno\u015bci kodowania?<\/h3>\r\n\r\n\t\t\t\t\t\t<div class=\"faq-item-question-icon\"><\/div>\r\n\t\t\t\t\t<\/div>\r\n\r\n\t\t\t\t\t<div class=\"faq-item-answer\">\r\n\t\t\t\t\t\t<div class=\"faq-item-answer-text\">\n<p>Elfsight zapewnia rozwi\u0105zanie SaaS, kt\u00f3re pozwala Ci samodzielnie utworzy\u0107 wid\u017cet Konstruktora formularzy, przekonaj si\u0119, jak \u0142atwo proces jest nast\u0119puj\u0105cy: Pracuj bezpo\u015brednio w edytorze online, aby utworzy\u0107 wid\u017cet Konstruktora formularzy, kt\u00f3ry chcia\u0142by\u015b zobaczy\u0107 na swojej stronie internetowej Jimdo. Wybierz jeden z gotowych szablon\u00f3w i dostosuj ustawienia Kreatora formularzy, dodaj tre\u015b\u0107, zmie\u0144 uk\u0142ad i kolory bez umiej\u0119tno\u015bci kodowania. Zapisz Kreator formularzy i skopiuj jego kod instalacyjny, kt\u00f3ry mo\u017cesz \u0142atwo osadzi\u0107 na swojej stronie Jimdo bez konieczno\u015bci zakupu p\u0142atnego planu. Dzi\u0119ki naszemu intuitywnemu edytorowi ka\u017cdy u\u017cytkownik Internetu mo\u017ce stworzy\u0107 wid\u017cet Form Builder online i \u0142atwo osadzi\u0107 go na swojej stronie internetowej Jimdo. Aby uzyska\u0107 dost\u0119p do us\u0142ugi, nie trzeba p\u0142aci\u0107 ani wprowadza\u0107 danych uwierzytelniaj\u0105cych karty. Je\u015bli na kt\u00f3rymkolwiek etapie napotkasz jakiekolwiek problemy, skontaktuj si\u0119 z naszym zespo\u0142em pomocy technicznej.<\/p>\n<\/div>\r\n\t\t\t\t\t<\/div>\r\n\t\t\t\t<\/div>\n<div class=\"faq-item\">\r\n\t\t\t\t\t<div class=\"faq-item-question\">\r\n\t\t\t\t\t\t<h3 class=\"faq-item-question-text\">Czy s\u0105 jakie\u015b niestandardowe szablony Form Builder dla witryny Jimdo?<\/h3>\r\n\r\n\t\t\t\t\t\t<div class=\"faq-item-question-icon\"><\/div>\r\n\t\t\t\t\t<\/div>\r\n\r\n\t\t\t\t\t<div class=\"faq-item-answer\">\r\n\t\t\t\t\t\t<div class=\"faq-item-answer-text\">\n<p>Tak, absolutnie! Dost\u0119pnych jest ponad 300 gotowych szablon\u00f3w do ka\u017cdego przypadku, takich jak <a href=\"https:\/\/elfsight.com\/online-form-builder\/templates\/application-forms\/\">Formularze zg\u0142oszeniowe<\/a>, <a href=\"https:\/\/elfsight.com\/online-form-builder\/templates\/booking-forms\/\">Formularze rezerwacji<\/a>, <a href=\"https:\/\/elfsight.com\/online-form-builder\/templates\/order-forms\/\">Formularze zam\u00f3wie\u0144<\/a>, <a href=\"https:\/\/elfsight.com\/online-form-builder\/templates\/product-forms\/\">Formularze produkt\u00f3w<\/a>, <a href=\"https:\/\/elfsight.com\/online-form-builder\/templates\/questionnaires\/\">Kwestionariusze<\/a>, <a href=\"https:\/\/elfsight.com\/online-form-builder\/templates\/quizzes\/\">Quizy<\/a>, <a href=\"https:\/\/elfsight.com\/online-form-builder\/templates\/surveys\/\">Ankiety<\/a>, <a href=\"https:\/\/elfsight.com\/online-form-builder\/templates\/file-upload-forms\/\">Formularze przesy\u0142ania plik\u00f3w<\/a> i wiele innych. Zach\u0119camy do przetestowania <a href=\"https:\/\/elfsight.com\/online-form-builder\/templates\/\">szablon\u00f3w Kreatora formularzy<\/a> i podzielenia si\u0119 z nami swoj\u0105 opini\u0105.<\/p>\n<\/div>\r\n\t\t\t\t\t<\/div>\r\n\t\t\t\t<\/div>\n<\/div>","protected":false},"excerpt":{"rendered":"Jak doda\u0107 Kreatora formularzy do mojej strony internetowej Jimdo? Wystarczy wykona\u0107 poni\u017csze kroki, aby osadzi\u0107 narz\u0119dzie. Uruchom nasz darmowy edytor i zacznij tworzy\u0107 spersonalizowany widget. Okre\u015bl odpowiedni interfejs i parametry narz\u0119dzia oraz zastosuj poprawki. Uzyskaj osobisty kod pojawiaj\u0105cy si\u0119 w specjalnym formularzu w aplikacjach Elfsight. Po skonfigurowaniu osobistego widgetu skopiuj&#8230;","protected":false},"author":9,"featured_media":0,"parent":2133,"menu_order":0,"comment_status":"closed","ping_status":"closed","template":"templates\/template-application-platform.php","meta":{"publish_to_discourse":"","publish_post_category":"","wpdc_auto_publish_overridden":"","wpdc_topic_tags":"","wpdc_pin_topic":"","wpdc_pin_until":"","discourse_post_id":"","discourse_permalink":"","wpdc_publishing_response":"","wpdc_publishing_error":"","footnotes":""},"class_list":["post-5263","page","type-page","status-publish","hentry"],"yoast_head":"<!-- This site is optimized with the Yoast SEO plugin v25.3.1 - https:\/\/yoast.com\/wordpress\/plugins\/seo\/ -->\n<title>Tw\u00f3rz i dodawaj niestandardowy formularz na Jimdo za darmo!<\/title>\n<meta name=\"description\" content=\"Sprawd\u017a za darmo najlepszy widget Kreatora formularzy online dla Jimdo. Nieskomplikowana i szybka konfiguracja bez kodowania w kilka minut.\" \/>\n<meta name=\"robots\" content=\"index, follow, max-snippet:-1, max-image-preview:large, max-video-preview:-1\" \/>\n<link rel=\"canonical\" href=\"https:\/\/elfsight.com\/pl\/online-form-builder\/jimdo\/\" \/>\n<meta property=\"og:locale\" content=\"pl_PL\" \/>\n<meta property=\"og:type\" content=\"article\" \/>\n<meta property=\"og:title\" content=\"Tw\u00f3rz i dodawaj niestandardowy formularz na Jimdo za darmo!\" \/>\n<meta property=\"og:description\" content=\"Sprawd\u017a za darmo najlepszy widget Kreatora formularzy online dla Jimdo. Nieskomplikowana i szybka konfiguracja bez kodowania w kilka minut.\" \/>\n<meta property=\"og:url\" content=\"https:\/\/elfsight.com\/pl\/online-form-builder\/jimdo\/\" \/>\n<meta property=\"og:site_name\" content=\"Elfsight PL\" \/>\n<meta property=\"article:modified_time\" content=\"2025-06-25T10:05:06+00:00\" \/>\n<meta name=\"twitter:card\" content=\"summary_large_image\" \/>\n<meta name=\"twitter:label1\" content=\"Szacowany czas czytania\" \/>\n\t<meta name=\"twitter:data1\" content=\"4 minuty\" \/>\n<!-- \/ Yoast SEO plugin. -->","yoast_head_json":{"title":"Tw\u00f3rz i dodawaj niestandardowy formularz na Jimdo za darmo!","description":"Sprawd\u017a za darmo najlepszy widget Kreatora formularzy online dla Jimdo. Nieskomplikowana i szybka konfiguracja bez kodowania w kilka minut.","robots":{"index":"index","follow":"follow","max-snippet":"max-snippet:-1","max-image-preview":"max-image-preview:large","max-video-preview":"max-video-preview:-1"},"canonical":"https:\/\/elfsight.com\/pl\/online-form-builder\/jimdo\/","og_locale":"pl_PL","og_type":"article","og_title":"Tw\u00f3rz i dodawaj niestandardowy formularz na Jimdo za darmo!","og_description":"Sprawd\u017a za darmo najlepszy widget Kreatora formularzy online dla Jimdo. Nieskomplikowana i szybka konfiguracja bez kodowania w kilka minut.","og_url":"https:\/\/elfsight.com\/pl\/online-form-builder\/jimdo\/","og_site_name":"Elfsight PL","article_modified_time":"2025-06-25T10:05:06+00:00","twitter_card":"summary_large_image","twitter_misc":{"Szacowany czas czytania":"4 minuty"},"schema":{"@context":"https:\/\/schema.org","@graph":[{"@type":"WebPage","@id":"https:\/\/elfsight.com\/pl\/online-form-builder\/jimdo\/","url":"https:\/\/elfsight.com\/pl\/online-form-builder\/jimdo\/","name":"Tw\u00f3rz i dodawaj niestandardowy formularz na Jimdo za darmo!","isPartOf":{"@id":"https:\/\/elfsight.com\/pl\/#website"},"datePublished":"2024-05-03T06:37:38+00:00","dateModified":"2025-06-25T10:05:06+00:00","description":"Sprawd\u017a za darmo najlepszy widget Kreatora formularzy online dla Jimdo. Nieskomplikowana i szybka konfiguracja bez kodowania w kilka minut.","breadcrumb":{"@id":"https:\/\/elfsight.com\/pl\/online-form-builder\/jimdo\/#breadcrumb"},"inLanguage":"pl-PL","potentialAction":[{"@type":"ReadAction","target":["https:\/\/elfsight.com\/pl\/online-form-builder\/jimdo\/"]}]},{"@type":"BreadcrumbList","@id":"https:\/\/elfsight.com\/pl\/online-form-builder\/jimdo\/#breadcrumb","itemListElement":[{"@type":"ListItem","position":1,"name":"Home","item":"https:\/\/elfsight.com\/pl\/"},{"@type":"ListItem","position":2,"name":"Form Builder","item":"https:\/\/elfsight.com\/pl\/online-form-builder\/"},{"@type":"ListItem","position":3,"name":"Form Builder &#8211; Jimdo"}]},{"@type":"WebSite","@id":"https:\/\/elfsight.com\/pl\/#website","url":"https:\/\/elfsight.com\/pl\/","name":"Elfsight PL","description":"Just another Elfsight Sites site","potentialAction":[{"@type":"SearchAction","target":{"@type":"EntryPoint","urlTemplate":"https:\/\/elfsight.com\/pl\/?s={search_term_string}"},"query-input":{"@type":"PropertyValueSpecification","valueRequired":true,"valueName":"search_term_string"}}],"inLanguage":"pl-PL"}]}},"meta_box":{"industry":"","seo_heading":"","heading":"","description":"","cta_heading":"","cta_description":"","application":"2132","h1":"Wid\u017cet do tworzenia formularzy online dla Jimdo","h1_caption":"Tw\u00f3rz dostosowywalne formularze do dowolnego celu \u2013 opinie, ankiety, formularze kontaktowe \u2013 bez kodowania, dzi\u0119ki czemu mo\u017cesz \u0142atwo i bez wysi\u0142ku zbiera\u0107 informacje od u\u017cytkownik\u00f3w na swojej stronie internetowej Jimdo.","application_category":[],"applications_title":"","applications_request_title":"","applications_request_button_text":"","hero_text":"","hero_video":"","hero_video_schema_markup":"","selling_points_title":"","selling_points_caption":"","selling_points":[],"selling_points_cta_text":"","features_title":"","features":"","ed_cta_examples_text":"","ed_cta_examples_hidden":"","ed_cta_demo_text":"","ed_cta_demo_hidden":"","why_caption":"","why_editor_title":"","why_editor_text":"","why_team_title":"","why_team_text":"","why_service_title":"","why_service_text":"","template_catalog_visible":"0","template_catalog_title":"","template_catalog_text":"","template_catalog_categories_visible":"","demo_title":"Zach\u0119camy do tworzenia dostosowanego do indywidualnych potrzeb narz\u0119dzia Jimdo Form Builder!","demo_caption":"Spersonalizuj wid\u017cet i zintegruj go ze swoj\u0105 witryn\u0105 poprzez demonstracj\u0119 na \u017cywo!","default_faq_hidden":"","app_template_category":[],"platform":"193","template_public_id":"","codecanyon_url":"","codecanyon_item_id":"","codecanyon_price":"","pricing_caption":"","pricing_elfsight_apps_hide_column":"","pricing_elfsight_apps_url":"","pricing_codecanyon_price_caption":"","integration_category":[],"integration_request_title":"","integration_request_cta":"","integration_platform":"","integrations":[],"platform_category":[],"video_schema_markup":"","price":"od 0 USD \/ miesi\u0105c","trial":"","benefits":[{"text":"Bezp\u0142atna pomoc w instalacji"},{"text":"Skuteczna obs\u0142uga klienta"},{"text":"14-dniowa gwarancja zwrotu pieni\u0119dzy"}],"button_url":"#demo","button_target_blank":"0","button_nofollow":"0","attributes":[{"name":"Instaluje"},{"name":"Czu\u0142y"},{"name":"Kompatybilne przegl\u0105darki"}],"tags":[],"tags_disable_links":"0","hide_more_platforms":"0","video_object":"","demo_hide_cta":"0","demo_hide_cloud_options":"0","pricing_title":"","pricing":[{"pricing_icon":"platform","pricing_title":"Elfsight Apps","pricing_title_caption":"Rozwi\u0105zanie wieloplatformowe, kt\u00f3re dzia\u0142a na dowolnej witrynie","pricing_price":"od 0 USD \/ miesi\u0105c","pricing_price_caption":"zacznij od bezp\u0142atnego planu","pricing_benefits":[{"text":"Nieograniczona liczba domen"},{"text":"Profesjonalne i terminowe wsparcie"},{"text":"Bezp\u0142atna pomoc w monta\u017cu"},{"text":"Ca\u0142kowicie konfigurowalny"}],"pricing_button_text":"Dodaj do witryny","pricing_button_url":"#demo"}],"related_apps_title":"","related_apps_hidden":"0","author":"","image":[],"title":"","job":"","social_networks":[]},"_links":{"self":[{"href":"https:\/\/elfsight.com\/pl\/wp-json\/wp\/v2\/pages\/5263","targetHints":{"allow":["GET"]}}],"collection":[{"href":"https:\/\/elfsight.com\/pl\/wp-json\/wp\/v2\/pages"}],"about":[{"href":"https:\/\/elfsight.com\/pl\/wp-json\/wp\/v2\/types\/page"}],"author":[{"embeddable":true,"href":"https:\/\/elfsight.com\/pl\/wp-json\/wp\/v2\/users\/9"}],"replies":[{"embeddable":true,"href":"https:\/\/elfsight.com\/pl\/wp-json\/wp\/v2\/comments?post=5263"}],"version-history":[{"count":2,"href":"https:\/\/elfsight.com\/pl\/wp-json\/wp\/v2\/pages\/5263\/revisions"}],"predecessor-version":[{"id":10502,"href":"https:\/\/elfsight.com\/pl\/wp-json\/wp\/v2\/pages\/5263\/revisions\/10502"}],"up":[{"embeddable":true,"href":"https:\/\/elfsight.com\/pl\/wp-json\/wp\/v2\/pages\/2133"}],"wp:attachment":[{"href":"https:\/\/elfsight.com\/pl\/wp-json\/wp\/v2\/media?parent=5263"}],"curies":[{"name":"wp","href":"https:\/\/api.w.org\/{rel}","templated":true}]}}