{"id":5239,"date":"2024-05-03T06:37:26","date_gmt":"2024-05-03T06:37:26","guid":{"rendered":"https:\/\/elfsight.com\/pl\/?page_id=5239"},"modified":"2024-10-24T13:26:13","modified_gmt":"2024-10-24T13:26:13","slug":"clickfunnels","status":"publish","type":"page","link":"https:\/\/elfsight.com\/pl\/online-form-builder\/clickfunnels\/","title":{"rendered":"Form Builder &#8211; ClickFunnels"},"content":{"rendered":"<div class=\"application-platform-content-item-description application-platform-content-item\" id=\"description\" data-nav-section=\"description\"><h2>Opis<\/h2>To elastyczne rozwi\u0105zanie umo\u017cliwiaj\u0105ce generowanie r\u00f3\u017cnego rodzaju formularzy do wype\u0142nienia i wy\u015bwietlanie ich w witrynie ClickFunnels. Z \u0142atwo\u015bci\u0105 zbieraj spostrze\u017cenia od obecnych i potencjalnych klient\u00f3w, korzystaj\u0105c z ankiet, formularzy opinii, pr\u00f3\u015bb o ocen\u0119 i innych format\u00f3w. Stw\u00f3rz struktur\u0119 formularza, wybierz elementy, okre\u015bl typy danych wej\u015bciowych, dodaj skale i wiele wi\u0119cej, aby utworzy\u0107 \u0142atwe w zarz\u0105dzaniu i skuteczne formularze do gromadzenia danych.<b>Zacznij korzysta\u0107 z Kreatora formularzy, aby szybciej osi\u0105gn\u0105\u0107 swoje cele biznesowe!<\/b>[\/ application_platform_content_item]<div class=\"application-platform-content-item-features application-platform-content-item\" id=\"features\" data-nav-section=\"features\"><\/div><h2>Oferujemy przydatne i przyjazne dla u\u017cytkownika funkcje, oto kilka:<\/h2><ul> <li>Dodaj wezwania do dzia\u0142ania, aby poprowadzi\u0107 u\u017cytkownik\u00f3w do celu.<\/li> <li>Dostosuj czas prze\u0142\u0105czania slajd\u00f3w.<\/li> <li>Wybierz spo\u015br\u00f3d wielu wariant\u00f3w.<\/li> <li>Umie\u015b\u0107 tekst w dowolnym miejscu strony dzi\u0119ki zaawansowanemu pozycjonowaniu.<\/li> <li>Zmodyfikuj pi\u0119\u0107 element\u00f3w tre\u015bci. <\/li><\/ul><a href=\"#demo\">Wypr\u00f3buj wszystkie ustawienia w naszej w pe\u0142ni funkcjonalnej wersji demonstracyjnej.<\/a><\/div><div class=\"application-platform-content-item-installation application-platform-content-item\" id=\"installation\" data-nav-section=\"installation\"><h2>Jak zintegrowa\u0107 Kreator formularzy na mojej stronie ClickFunnels?<\/h2>Wystarczy wykona\u0107 poni\u017csze kroki, aby osadzi\u0107 wid\u017cet.<ol> <li><b>Otw\u00f3rz nasz bezp\u0142atny konfigurator i rozpocznij tworzenie spersonalizowanej wtyczki.<\/b>Wybierz preferowany wygl\u0105d i funkcjonalno\u015bci i zastosuj zmiany.<\/li> <li><b>Skopiuj osobisty kod z okna aplikacji Elfsight.<\/b>Po utworzeniu spersonalizowanego wid\u017cetu skopiuj indywidualny kod z wy\u015bwietlonego okna i zapisz go do wykorzystania w przysz\u0142o\u015bci.<\/li> <li><b>Zacznij u\u017cywa\u0107 wtyczki w swojej witrynie ClickFunnels.<\/b>Wstaw ostatnio skopiowany kod na swoj\u0105 stron\u0119 internetow\u0105 i zapisz wprowadzone zmiany.<\/li> <li><b>Instalacja zosta\u0142a zako\u0144czona.<\/b>Wejd\u017a na swoj\u0105 stron\u0119 internetow\u0105, aby zobaczy\u0107 wtyczk\u0119 w dzia\u0142aniu.<\/li><\/ol>W przypadku napotkania jakichkolwiek problem\u00f3w skontaktuj si\u0119 z naszym zespo\u0142em pomocy technicznej. Nasi specjali\u015bci z przyjemno\u015bci\u0105 odpowiedz\u0105 na wszelkie pytania dotycz\u0105ce naszego produktu.<\/div>","protected":false},"excerpt":{"rendered":"","protected":false},"author":9,"featured_media":0,"parent":2133,"menu_order":0,"comment_status":"closed","ping_status":"closed","template":"templates\/template-application-platform.php","meta":{"publish_to_discourse":"","publish_post_category":"","wpdc_auto_publish_overridden":"","wpdc_topic_tags":"","wpdc_pin_topic":"","wpdc_pin_until":"","discourse_post_id":"","discourse_permalink":"","wpdc_publishing_response":"","wpdc_publishing_error":"","footnotes":""},"class_list":["post-5239","page","type-page","status-publish","hentry"],"yoast_head":"<!-- This site is optimized with the Yoast SEO plugin v25.3.1 - https:\/\/yoast.com\/wordpress\/plugins\/seo\/ -->\n<title>Kreator formularzy ClickFunnels - Dodaj wid\u017cet formularza do swojej witryny (\u0142atwe)<\/title>\n<meta name=\"description\" content=\"Utw\u00f3rz kreator formularzy online w ClickFunnels w zaledwie 1 minut\u0119. Wypr\u00f3buj wszystkie podstawowe zalety najlepszego widgetu formularza w darmowym konfiguratorze.\" \/>\n<meta name=\"robots\" content=\"index, follow, max-snippet:-1, max-image-preview:large, max-video-preview:-1\" \/>\n<link rel=\"canonical\" href=\"https:\/\/elfsight.com\/pl\/online-form-builder\/clickfunnels\/\" \/>\n<meta property=\"og:locale\" content=\"pl_PL\" \/>\n<meta property=\"og:type\" content=\"article\" \/>\n<meta property=\"og:title\" content=\"Kreator formularzy ClickFunnels - Dodaj wid\u017cet formularza do swojej witryny (\u0142atwe)\" \/>\n<meta property=\"og:description\" content=\"Utw\u00f3rz kreator formularzy online w ClickFunnels w zaledwie 1 minut\u0119. Wypr\u00f3buj wszystkie podstawowe zalety najlepszego widgetu formularza w darmowym konfiguratorze.\" \/>\n<meta property=\"og:url\" content=\"https:\/\/elfsight.com\/pl\/online-form-builder\/clickfunnels\/\" \/>\n<meta property=\"og:site_name\" content=\"Elfsight PL\" \/>\n<meta property=\"article:modified_time\" content=\"2024-10-24T13:26:13+00:00\" \/>\n<meta name=\"twitter:card\" content=\"summary_large_image\" \/>\n<meta name=\"twitter:label1\" content=\"Szacowany czas czytania\" \/>\n\t<meta name=\"twitter:data1\" content=\"2 minuty\" \/>\n<!-- \/ Yoast SEO plugin. -->","yoast_head_json":{"title":"Kreator formularzy ClickFunnels - Dodaj wid\u017cet formularza do swojej witryny (\u0142atwe)","description":"Utw\u00f3rz kreator formularzy online w ClickFunnels w zaledwie 1 minut\u0119. Wypr\u00f3buj wszystkie podstawowe zalety najlepszego widgetu formularza w darmowym konfiguratorze.","robots":{"index":"index","follow":"follow","max-snippet":"max-snippet:-1","max-image-preview":"max-image-preview:large","max-video-preview":"max-video-preview:-1"},"canonical":"https:\/\/elfsight.com\/pl\/online-form-builder\/clickfunnels\/","og_locale":"pl_PL","og_type":"article","og_title":"Kreator formularzy ClickFunnels - Dodaj wid\u017cet formularza do swojej witryny (\u0142atwe)","og_description":"Utw\u00f3rz kreator formularzy online w ClickFunnels w zaledwie 1 minut\u0119. Wypr\u00f3buj wszystkie podstawowe zalety najlepszego widgetu formularza w darmowym konfiguratorze.","og_url":"https:\/\/elfsight.com\/pl\/online-form-builder\/clickfunnels\/","og_site_name":"Elfsight PL","article_modified_time":"2024-10-24T13:26:13+00:00","twitter_card":"summary_large_image","twitter_misc":{"Szacowany czas czytania":"2 minuty"},"schema":{"@context":"https:\/\/schema.org","@graph":[{"@type":"WebPage","@id":"https:\/\/elfsight.com\/pl\/online-form-builder\/clickfunnels\/","url":"https:\/\/elfsight.com\/pl\/online-form-builder\/clickfunnels\/","name":"Kreator formularzy ClickFunnels - Dodaj wid\u017cet formularza do swojej witryny (\u0142atwe)","isPartOf":{"@id":"https:\/\/elfsight.com\/pl\/#website"},"datePublished":"2024-05-03T06:37:26+00:00","dateModified":"2024-10-24T13:26:13+00:00","description":"Utw\u00f3rz kreator formularzy online w ClickFunnels w zaledwie 1 minut\u0119. Wypr\u00f3buj wszystkie podstawowe zalety najlepszego widgetu formularza w darmowym konfiguratorze.","breadcrumb":{"@id":"https:\/\/elfsight.com\/pl\/online-form-builder\/clickfunnels\/#breadcrumb"},"inLanguage":"pl-PL","potentialAction":[{"@type":"ReadAction","target":["https:\/\/elfsight.com\/pl\/online-form-builder\/clickfunnels\/"]}]},{"@type":"BreadcrumbList","@id":"https:\/\/elfsight.com\/pl\/online-form-builder\/clickfunnels\/#breadcrumb","itemListElement":[{"@type":"ListItem","position":1,"name":"Home","item":"https:\/\/elfsight.com\/pl\/"},{"@type":"ListItem","position":2,"name":"Form Builder","item":"https:\/\/elfsight.com\/pl\/online-form-builder\/"},{"@type":"ListItem","position":3,"name":"Form Builder &#8211; ClickFunnels"}]},{"@type":"WebSite","@id":"https:\/\/elfsight.com\/pl\/#website","url":"https:\/\/elfsight.com\/pl\/","name":"Elfsight PL","description":"Just another Elfsight Sites site","potentialAction":[{"@type":"SearchAction","target":{"@type":"EntryPoint","urlTemplate":"https:\/\/elfsight.com\/pl\/?s={search_term_string}"},"query-input":{"@type":"PropertyValueSpecification","valueRequired":true,"valueName":"search_term_string"}}],"inLanguage":"pl-PL"}]}},"meta_box":{"industry":"","seo_heading":"","heading":"","description":"","cta_heading":"","cta_description":"","application":"2132","h1":"Kreator formularzy online dla ClickFunnels","h1_caption":"Tw\u00f3rz konfigurowalne formularze do dowolnego celu \u2014 opinie, ankiety, formularze kontaktowe \u2014 bez kodowania, co u\u0142atwia gromadzenie informacji od u\u017cytkownik\u00f3w w witrynie ClickFunnels.","application_category":[],"applications_title":"","applications_request_title":"","applications_request_button_text":"","hero_text":"","hero_video":"","hero_video_schema_markup":"","selling_points_title":"","selling_points_caption":"","selling_points":[],"selling_points_cta_text":"","features_title":"","features":"","ed_cta_examples_text":"","ed_cta_examples_hidden":"","ed_cta_demo_text":"","ed_cta_demo_hidden":"","why_caption":"","why_editor_title":"","why_editor_text":"","why_team_title":"","why_team_text":"","why_service_title":"","why_service_text":"","template_catalog_visible":"","template_catalog_title":"","template_catalog_text":"","template_catalog_categories_visible":"","demo_title":"Zbuduj w\u0142asny kreator formularzy ClickFunnels","demo_caption":"Dostosuj go i dodaj do swojej witryny, korzystaj\u0105c z naszej wersji demonstracyjnej na \u017cywo.","default_faq_hidden":"","app_template_category":[],"platform":"379","template_public_id":"","codecanyon_url":"","codecanyon_item_id":"","codecanyon_price":"","pricing_caption":"","pricing_elfsight_apps_hide_column":"","pricing_elfsight_apps_url":"","pricing_codecanyon_price_caption":"","integration_category":[],"integration_request_title":"","integration_request_cta":"","integration_platform":"","integrations":[],"platform_category":[],"video_schema_markup":"","price":"od 0 USD \/ miesi\u0105c","trial":"","benefits":[{"text":"Bezp\u0142atna us\u0142uga monta\u017cu"},{"text":"Wsparcie premium"},{"text":"14-dniowa gwarancja zwrotu pieni\u0119dzy"}],"button_url":"#demo","button_target_blank":"","button_nofollow":"","attributes":[{"name":"Instaluje"},{"name":"Czu\u0142y"},{"name":"Kompatybilne przegl\u0105darki"}],"tags":[],"tags_disable_links":"","hide_more_platforms":"","video_object":"","demo_hide_cta":"","demo_hide_cloud_options":"","pricing_title":"","pricing":[{"pricing_icon":"platform","pricing_title":"ClickFunnels widget","pricing_title_caption":"Rozwi\u0105zanie wieloplatformowe, kt\u00f3re pasuje do ka\u017cdej witryny internetowej","pricing_price":"od 0 USD \/ miesi\u0105c","pricing_price_caption":"zacznij od bezp\u0142atnego planu","pricing_benefits":[{"text":"Nielimitowane strony internetowe"},{"text":"Ca\u0142odobowe i terminowe wsparcie oraz dobrze udokumentowane"},{"text":"Bezp\u0142atna pomoc w monta\u017cu"},{"text":"Oferta ograniczona czasowo dla wielu aplikacji"}],"pricing_button_text":"Dodaj do witryny","pricing_button_url":"#demo"}],"related_apps_title":"","related_apps_hidden":"","author":"","image":[],"title":"","job":"","social_networks":[]},"_links":{"self":[{"href":"https:\/\/elfsight.com\/pl\/wp-json\/wp\/v2\/pages\/5239","targetHints":{"allow":["GET"]}}],"collection":[{"href":"https:\/\/elfsight.com\/pl\/wp-json\/wp\/v2\/pages"}],"about":[{"href":"https:\/\/elfsight.com\/pl\/wp-json\/wp\/v2\/types\/page"}],"author":[{"embeddable":true,"href":"https:\/\/elfsight.com\/pl\/wp-json\/wp\/v2\/users\/9"}],"replies":[{"embeddable":true,"href":"https:\/\/elfsight.com\/pl\/wp-json\/wp\/v2\/comments?post=5239"}],"version-history":[{"count":1,"href":"https:\/\/elfsight.com\/pl\/wp-json\/wp\/v2\/pages\/5239\/revisions"}],"predecessor-version":[{"id":5243,"href":"https:\/\/elfsight.com\/pl\/wp-json\/wp\/v2\/pages\/5239\/revisions\/5243"}],"up":[{"embeddable":true,"href":"https:\/\/elfsight.com\/pl\/wp-json\/wp\/v2\/pages\/2133"}],"wp:attachment":[{"href":"https:\/\/elfsight.com\/pl\/wp-json\/wp\/v2\/media?parent=5239"}],"curies":[{"name":"wp","href":"https:\/\/api.w.org\/{rel}","templated":true}]}}