{"id":5237,"date":"2024-05-03T06:37:24","date_gmt":"2024-05-03T06:37:24","guid":{"rendered":"https:\/\/elfsight.com\/pl\/?page_id=5237"},"modified":"2024-11-14T12:38:53","modified_gmt":"2024-11-14T12:38:53","slug":"bigcommerce","status":"publish","type":"page","link":"https:\/\/elfsight.com\/pl\/file-embed-widget\/bigcommerce\/","title":{"rendered":"File Embed &#8211; BigCommerce"},"content":{"rendered":"<div class=\"application-platform-content-item-description application-platform-content-item\" id=\"description\" data-nav-section=\"description\"> <h2>Opis<\/h2> <p>Elfsight File Embed to jeden z najprostszych i najszybszych widget\u00f3w s\u0142u\u017c\u0105cych do wstawiania plik\u00f3w na stronie internetowej. Osadzaj wszystkie popularne formaty: PDF, Docx, Jpg, Pptx \u2013 w oko\u0142o 20 formatach. Dla wi\u0119kszej \u0142atwo\u015bci u\u017cytkowania dokumenty mo\u017cna wstawia\u0107 poprzez bezpo\u015brednie przes\u0142anie, wed\u0142ug ich adres\u00f3w URL lub poprzez wybranie z listy ostatnio przes\u0142anych dokument\u00f3w. Mo\u017cesz nada\u0107 ka\u017cdemu dokumentowi nazw\u0119, przes\u0142a\u0107 niestandardow\u0105 ikon\u0119 i obraz podgl\u0105du, wybra\u0107 opcj\u0119 uk\u0142adu plik\u00f3w i wiele wi\u0119cej. Twoi odbiorcy mog\u0105 przegl\u0105da\u0107 dokumenty bezpo\u015brednio na stronie, w nowej karcie przegl\u0105darki i je pobiera\u0107. <\/p> <div class=\"faq\" data-component=\"FAQ\"> <div class=\"faq-item\">\r\n\t\t\t\t\t<div class=\"faq-item-question\">\r\n\t\t\t\t\t\t<h3 class=\"faq-item-question-text\">Gdzie w mojej witrynie mog\u0119 opublikowa\u0107 wid\u017cet<\/h3>\r\n\r\n\t\t\t\t\t\t<div class=\"faq-item-question-icon\"><\/div>\r\n\t\t\t\t\t<\/div>\r\n\r\n\t\t\t\t\t<div class=\"faq-item-answer\">\r\n\t\t\t\t\t\t<div class=\"faq-item-answer-text\"> <p>Mo\u017cesz zastosowa\u0107 wid\u017cet File Embed na ka\u017cdej stronie swojej witryny. Dzi\u0119ki temu mo\u017cesz za jego pomoc\u0105 zaprezentowa\u0107 swoje dokumenty techniczne czy instrukcje na stronach produkt\u00f3w, albo pochwali\u0107 si\u0119 swoimi dyplomami i certyfikatami na stronie O nas. <\/p> <\/div>\r\n\t\t\t\t\t<\/div>\r\n\t\t\t\t<\/div> <div class=\"faq-item\">\r\n\t\t\t\t\t<div class=\"faq-item-question\">\r\n\t\t\t\t\t\t<h3 class=\"faq-item-question-text\">Jakie s\u0105 dla mnie zalety korzystania z funkcji osadzania plik\u00f3w?<\/h3>\r\n\r\n\t\t\t\t\t\t<div class=\"faq-item-question-icon\"><\/div>\r\n\t\t\t\t\t<\/div>\r\n\r\n\t\t\t\t\t<div class=\"faq-item-answer\">\r\n\t\t\t\t\t\t<div class=\"faq-item-answer-text\"> <p>Nasz wid\u017cet pozwala zaoszcz\u0119dzi\u0107 du\u017co czasu, poniewa\u017c dzi\u0119ki niemu dodawanie dokument\u00f3w do witryny zajmuje tylko sekundy. Co wi\u0119cej, mo\u017cesz dostarczy\u0107 mn\u00f3stwo istotnych danych o swoich produktach i us\u0142ugach, aby poprawi\u0107 zrozumienie Twoich ofert przez klient\u00f3w. <\/p> <\/div>\r\n\t\t\t\t\t<\/div>\r\n\t\t\t\t<\/div> <div class=\"faq-item\">\r\n\t\t\t\t\t<div class=\"faq-item-question\">\r\n\t\t\t\t\t\t<h3 class=\"faq-item-question-text\">Jak mog\u0119 osadzi\u0107 osadzenie pliku w mojej witrynie Bigcommerce?<\/h3>\r\n\r\n\t\t\t\t\t\t<div class=\"faq-item-question-icon\"><\/div>\r\n\t\t\t\t\t<\/div>\r\n\r\n\t\t\t\t\t<div class=\"faq-item-answer\">\r\n\t\t\t\t\t\t<div class=\"faq-item-answer-text\"> <p>Osadzanie wid\u017cetu zajmuje trzy minuty. Instalacja jest naprawd\u0119 szybka, bezp\u0142atna i bez kodowania. <\/p> <ol> <li>Mo\u017cesz umie\u015bci\u0107 widget na swojej stronie internetowej bezpo\u015brednio za po\u015brednictwem naszego serwisu. Post\u0119puj zgodnie z instrukcj\u0105 na tej stronie. <\/li> <li>Widget mo\u017cna umie\u015bci\u0107 za po\u015brednictwem naszego serwisu lub poprzez platform\u0119 handlow\u0105. Tutaj mo\u017cesz przeczyta\u0107 wi\u0119cej szczeg\u00f3\u0142\u00f3w na temat obu opcji i wybra\u0107 swoj\u0105. <\/li> <\/ol> <\/div>\r\n\t\t\t\t\t<\/div>\r\n\t\t\t\t<\/div> <\/div> <\/div> <div class=\"application-platform-content-item-features application-platform-content-item\" id=\"features\" data-nav-section=\"features\"> <h2>Funkcje<\/h2> <p>Aby uzyska\u0107 pe\u0142n\u0105 wiedz\u0119 na temat wid\u017cetu, sp\u00f3jrz na list\u0119 podstawowych funkcji. Dzi\u0119ki nim nasz widget jest maksymalnie wydajny: <\/p> <ul><li>Wstaw nieograniczon\u0105 liczb\u0119 dokument\u00f3w; <\/li> <li>Opcja uk\u0142adu przegl\u0105darki plik\u00f3w umo\u017cliwiaj\u0105ca przegl\u0105danie plik\u00f3w w witrynie; <\/li> <li>Przesy\u0142anie obraz\u00f3w ikon dokument\u00f3w i podgl\u0105d\u00f3w; <\/li> <li>Wy\u015bwietl lub ukryj tekst pliku pobierania; <\/li> <li> Namaluj sze\u015b\u0107 szczeg\u00f3\u0142\u00f3w interfejsu. <\/li> <\/ul><p>Demo poka\u017ce Ci wszystkie funkcje<\/p> <\/div> <div class=\"application-platform-content-item-installation application-platform-content-item\" id=\"installation\" data-nav-section=\"installation\"> <h2>Sprawd\u017a, jak osadzi\u0107 wid\u017cet File Embed na swojej stronie BigCommerce<\/h2> <div class=\"video-container\"><iframe width=\"720\" height=\"405\" src=\"https:\/\/www.youtube.com\/embed\/ZCni6DklpOM\" frameborder=\"0\" allowfullscreen=\"\"><\/iframe><\/div><p>Wystarczy zastosowa\u0107 si\u0119 do poni\u017cszych instrukcji, aby rozpocz\u0105\u0107 korzystanie z aplikacji w BigCommerce.<\/p> <ol><li><b>Uruchom nasz darmowy konfigurator i zacznij tworzy\u0107 spersonalizowane wid\u017cet. <\/b><br> Okre\u015bl wybrany uk\u0142ad i parametry aplikacji File Embed i zastosuj zmiany. <\/li> <li><b>Odbierz unikalny kod widoczny w pude\u0142ku w aplikacjach Elfsight. <\/b><br> Zaraz po utworzeniu osobistego wid\u017cetu skopiuj indywidualny kod z wy\u015bwietlonego wyskakuj\u0105cego okienka i zapisz go do p\u00f3\u017aniejszego wykorzystania. <\/li> <li><b>Rozpocznij korzystanie z wid\u017cetu na swojej stronie BigCommerce. <\/b><br> Dodaj skopiowany ostatnio kod do swojej witryny i zapisz zmiany. <\/li> <li><b>Instalacja zosta\u0142a ca\u0142kowicie zako\u0144czona. <\/b><br> Przejd\u017a do swojej witryny i zobacz, jak dzia\u0142a narz\u0119dzie. <\/li><\/ol><p>Nadal nie mo\u017cesz podj\u0105\u0107 decyzji? Lub masz pytania? Po prostu skieruj zapytanie do naszego dzia\u0142u obs\u0142ugi klienta, oni rozwi\u0105\u017c\u0105 ka\u017cdy problem. <\/p> <\/div>","protected":false},"excerpt":{"rendered":"","protected":false},"author":9,"featured_media":0,"parent":3428,"menu_order":0,"comment_status":"closed","ping_status":"closed","template":"templates\/template-application-platform.php","meta":{"publish_to_discourse":"","publish_post_category":"","wpdc_auto_publish_overridden":"","wpdc_topic_tags":"","wpdc_pin_topic":"","wpdc_pin_until":"","discourse_post_id":"","discourse_permalink":"","wpdc_publishing_response":"","wpdc_publishing_error":"","footnotes":""},"class_list":["post-5237","page","type-page","status-publish","hentry"],"yoast_head":"<!-- This site is optimized with the Yoast SEO plugin v25.3.1 - https:\/\/yoast.com\/wordpress\/plugins\/seo\/ -->\n<title>Aplikacja File Viewer - osadzaj dowolne pliki na swojej stronie BigCommerce (2025)<\/title>\n<meta name=\"description\" content=\"Utworzenie wid\u017cetu File Embed i dodanie go do witryny BigCommerce nie jest trudne. Obs\u0142uga klienta Elfsight jest bezp\u0142atna i szybka.\" \/>\n<meta name=\"robots\" content=\"index, follow, max-snippet:-1, max-image-preview:large, max-video-preview:-1\" \/>\n<link rel=\"canonical\" href=\"https:\/\/elfsight.com\/pl\/file-embed-widget\/bigcommerce\/\" \/>\n<meta property=\"og:locale\" content=\"pl_PL\" \/>\n<meta property=\"og:type\" content=\"article\" \/>\n<meta property=\"og:title\" content=\"Aplikacja File Viewer - osadzaj dowolne pliki na swojej stronie BigCommerce (2025)\" \/>\n<meta property=\"og:description\" content=\"Utworzenie wid\u017cetu File Embed i dodanie go do witryny BigCommerce nie jest trudne. Obs\u0142uga klienta Elfsight jest bezp\u0142atna i szybka.\" \/>\n<meta property=\"og:url\" content=\"https:\/\/elfsight.com\/pl\/file-embed-widget\/bigcommerce\/\" \/>\n<meta property=\"og:site_name\" content=\"Elfsight PL\" \/>\n<meta property=\"article:modified_time\" content=\"2024-11-14T12:38:53+00:00\" \/>\n<meta name=\"twitter:card\" content=\"summary_large_image\" \/>\n<meta name=\"twitter:label1\" content=\"Szacowany czas czytania\" \/>\n\t<meta name=\"twitter:data1\" content=\"3 minuty\" \/>\n<!-- \/ Yoast SEO plugin. -->","yoast_head_json":{"title":"Aplikacja File Viewer - osadzaj dowolne pliki na swojej stronie BigCommerce (2025)","description":"Utworzenie wid\u017cetu File Embed i dodanie go do witryny BigCommerce nie jest trudne. Obs\u0142uga klienta Elfsight jest bezp\u0142atna i szybka.","robots":{"index":"index","follow":"follow","max-snippet":"max-snippet:-1","max-image-preview":"max-image-preview:large","max-video-preview":"max-video-preview:-1"},"canonical":"https:\/\/elfsight.com\/pl\/file-embed-widget\/bigcommerce\/","og_locale":"pl_PL","og_type":"article","og_title":"Aplikacja File Viewer - osadzaj dowolne pliki na swojej stronie BigCommerce (2025)","og_description":"Utworzenie wid\u017cetu File Embed i dodanie go do witryny BigCommerce nie jest trudne. Obs\u0142uga klienta Elfsight jest bezp\u0142atna i szybka.","og_url":"https:\/\/elfsight.com\/pl\/file-embed-widget\/bigcommerce\/","og_site_name":"Elfsight PL","article_modified_time":"2024-11-14T12:38:53+00:00","twitter_card":"summary_large_image","twitter_misc":{"Szacowany czas czytania":"3 minuty"},"schema":{"@context":"https:\/\/schema.org","@graph":[{"@type":"WebPage","@id":"https:\/\/elfsight.com\/pl\/file-embed-widget\/bigcommerce\/","url":"https:\/\/elfsight.com\/pl\/file-embed-widget\/bigcommerce\/","name":"Aplikacja File Viewer - osadzaj dowolne pliki na swojej stronie BigCommerce (2025)","isPartOf":{"@id":"https:\/\/elfsight.com\/pl\/#website"},"datePublished":"2024-05-03T06:37:24+00:00","dateModified":"2024-11-14T12:38:53+00:00","description":"Utworzenie wid\u017cetu File Embed i dodanie go do witryny BigCommerce nie jest trudne. Obs\u0142uga klienta Elfsight jest bezp\u0142atna i szybka.","breadcrumb":{"@id":"https:\/\/elfsight.com\/pl\/file-embed-widget\/bigcommerce\/#breadcrumb"},"inLanguage":"pl-PL","potentialAction":[{"@type":"ReadAction","target":["https:\/\/elfsight.com\/pl\/file-embed-widget\/bigcommerce\/"]}]},{"@type":"BreadcrumbList","@id":"https:\/\/elfsight.com\/pl\/file-embed-widget\/bigcommerce\/#breadcrumb","itemListElement":[{"@type":"ListItem","position":1,"name":"Home","item":"https:\/\/elfsight.com\/pl\/"},{"@type":"ListItem","position":2,"name":"File Embed","item":"https:\/\/elfsight.com\/pl\/file-embed-widget\/"},{"@type":"ListItem","position":3,"name":"File Embed &#8211; BigCommerce"}]},{"@type":"WebSite","@id":"https:\/\/elfsight.com\/pl\/#website","url":"https:\/\/elfsight.com\/pl\/","name":"Elfsight PL","description":"Just another Elfsight Sites site","potentialAction":[{"@type":"SearchAction","target":{"@type":"EntryPoint","urlTemplate":"https:\/\/elfsight.com\/pl\/?s={search_term_string}"},"query-input":{"@type":"PropertyValueSpecification","valueRequired":true,"valueName":"search_term_string"}}],"inLanguage":"pl-PL"}]}},"meta_box":{"industry":"","seo_heading":"","heading":"","description":"","cta_heading":"","cta_description":"","application":"3361","h1":"Aplikacja do osadzania plik\u00f3w BigCommerce","h1_caption":"Osadzaj dokumenty, arkusze kalkulacyjne i inne pliki na swojej stronie internetowej, aby \u0142atwo je przegl\u0105da\u0107 i pobiera\u0107 do swojej witryny BigCommerce.","application_category":[],"applications_title":"","applications_request_title":"","applications_request_button_text":"","hero_text":"","hero_video":"","hero_video_schema_markup":"","selling_points_title":"","selling_points_caption":"","selling_points":[],"selling_points_cta_text":"","features_title":"","features":"","ed_cta_examples_text":"","ed_cta_examples_hidden":"","ed_cta_demo_text":"","ed_cta_demo_hidden":"","why_caption":"","why_editor_title":"","why_editor_text":"","why_team_title":"","why_team_text":"","why_service_title":"","why_service_text":"","template_catalog_visible":"","template_catalog_title":"","template_catalog_text":"","template_catalog_categories_visible":"","demo_title":"Utw\u00f3rz aplikacj\u0119 do osadzania plik\u00f3w","demo_caption":"Skonfiguruj osadzanie plik\u00f3w i dodaj je do swojej witryny BigCommerce za darmo!","default_faq_hidden":"","app_template_category":[],"platform":"41","template_public_id":"","codecanyon_url":"","codecanyon_item_id":"","codecanyon_price":"","pricing_caption":"","pricing_elfsight_apps_hide_column":"","pricing_elfsight_apps_url":"","pricing_codecanyon_price_caption":"","integration_category":[],"integration_request_title":"","integration_request_cta":"","integration_platform":"","integrations":[],"platform_category":[],"video_schema_markup":"","price":"od 0 USD \/ miesi\u0105c","trial":"","benefits":[{"text":"Bezp\u0142atna us\u0142uga monta\u017cu"},{"text":"Profesjonalna obs\u0142uga klienta"},{"text":"14-dniowa gwarancja zwrotu pieni\u0119dzy"}],"button_url":"#demo","button_target_blank":"","button_nofollow":"","attributes":[{"name":"Instaluje"},{"name":"Czu\u0142y"},{"name":"Kompatybilne przegl\u0105darki"}],"tags":[],"tags_disable_links":"","hide_more_platforms":"","video_object":"","demo_hide_cta":"","demo_hide_cloud_options":"","pricing_title":"","pricing":[{"pricing_icon":"platform","pricing_title":"Elfsight Apps","pricing_title_caption":"Oprogramowanie wieloplatformowe, kt\u00f3re dzia\u0142a na dowolnej witrynie","pricing_price":"od 0 USD \/ miesi\u0105c","pricing_price_caption":"zacznij od bezp\u0142atnego planu","pricing_benefits":[{"text":"Nielimitowane domeny"},{"text":"Dedykowane i terminowe wsparcie"},{"text":"Bezp\u0142atna pomoc w monta\u017cu"},{"text":"100% konfigurowalny"}],"pricing_button_text":"Dodaj do witryny","pricing_button_url":"#demo"}],"related_apps_title":"","related_apps_hidden":"","author":"","image":[],"title":"","job":"","social_networks":[]},"_links":{"self":[{"href":"https:\/\/elfsight.com\/pl\/wp-json\/wp\/v2\/pages\/5237","targetHints":{"allow":["GET"]}}],"collection":[{"href":"https:\/\/elfsight.com\/pl\/wp-json\/wp\/v2\/pages"}],"about":[{"href":"https:\/\/elfsight.com\/pl\/wp-json\/wp\/v2\/types\/page"}],"author":[{"embeddable":true,"href":"https:\/\/elfsight.com\/pl\/wp-json\/wp\/v2\/users\/9"}],"replies":[{"embeddable":true,"href":"https:\/\/elfsight.com\/pl\/wp-json\/wp\/v2\/comments?post=5237"}],"version-history":[{"count":2,"href":"https:\/\/elfsight.com\/pl\/wp-json\/wp\/v2\/pages\/5237\/revisions"}],"predecessor-version":[{"id":7811,"href":"https:\/\/elfsight.com\/pl\/wp-json\/wp\/v2\/pages\/5237\/revisions\/7811"}],"up":[{"embeddable":true,"href":"https:\/\/elfsight.com\/pl\/wp-json\/wp\/v2\/pages\/3428"}],"wp:attachment":[{"href":"https:\/\/elfsight.com\/pl\/wp-json\/wp\/v2\/media?parent=5237"}],"curies":[{"name":"wp","href":"https:\/\/api.w.org\/{rel}","templated":true}]}}