{"id":5232,"date":"2024-05-03T06:37:23","date_gmt":"2024-05-03T06:37:23","guid":{"rendered":"https:\/\/elfsight.com\/pl\/?page_id=5232"},"modified":"2024-11-14T12:38:53","modified_gmt":"2024-11-14T12:38:53","slug":"blogger","status":"publish","type":"page","link":"https:\/\/elfsight.com\/pl\/file-embed-widget\/blogger\/","title":{"rendered":"File Embed &#8211; Blogger"},"content":{"rendered":"<div class=\"application-platform-content-item-description application-platform-content-item\" id=\"description\" data-nav-section=\"description\"> <h2>Opis<\/h2> <p>Elfsight File Embed to naj\u0142atwiejsze i natychmiastowe narz\u0119dzie do dodawania plik\u00f3w do Twojej witryny. Dodaj wszystkie popularne formaty: PDF, Docx, Xlsx, Pptx \u2013 \u0142\u0105cznie oko\u0142o 20 typ\u00f3w. Aby u\u0142atwi\u0107 obs\u0142ug\u0119, pliki mo\u017cna osadza\u0107 poprzez przes\u0142anie, dodanie adres\u00f3w URL lub wybranie ostatnio przes\u0142anego pliku. Mo\u017cesz nada\u0107 ka\u017cdemu plikowi tytu\u0142, przes\u0142a\u0107 w\u0142asn\u0105 ikon\u0119 lub zdj\u0119cie, wybra\u0107 uk\u0142ad plik\u00f3w i inne. Odwiedzaj\u0105cy witryn\u0119 mog\u0105 przeczyta\u0107 dokumenty bezpo\u015brednio w Twojej witrynie, wy\u015bwietli\u0107 je w nowej karcie i pobra\u0107. <\/p> <div class=\"faq\" data-component=\"FAQ\"> <div class=\"faq-item\">\r\n\t\t\t\t\t<div class=\"faq-item-question\">\r\n\t\t\t\t\t\t<h3 class=\"faq-item-question-text\">Gdzie mog\u0119 wy\u015bwietli\u0107 osadzenie pliku?<\/h3>\r\n\r\n\t\t\t\t\t\t<div class=\"faq-item-question-icon\"><\/div>\r\n\t\t\t\t\t<\/div>\r\n\r\n\t\t\t\t\t<div class=\"faq-item-answer\">\r\n\t\t\t\t\t\t<div class=\"faq-item-answer-text\"> <p>Mo\u017cesz wy\u015bwietli\u0107 osadzenie pliku na dowolnej stronie swojej witryny. Mo\u017cna go na przyk\u0142ad zastosowa\u0107 do wklejenia dokumentacji technologicznej lub specyfikacji na odpowiednich stronach produkt\u00f3w lub opublikowania dyplom\u00f3w i kwalifikacji na stronie docelowej. <\/p> <\/div>\r\n\t\t\t\t\t<\/div>\r\n\t\t\t\t<\/div> <div class=\"faq-item\">\r\n\t\t\t\t\t<div class=\"faq-item-question\">\r\n\t\t\t\t\t\t<h3 class=\"faq-item-question-text\">Jakie korzy\u015bci odnios\u0119 z wid\u017cetu?<\/h3>\r\n\r\n\t\t\t\t\t\t<div class=\"faq-item-question-icon\"><\/div>\r\n\t\t\t\t\t<\/div>\r\n\r\n\t\t\t\t\t<div class=\"faq-item-answer\">\r\n\t\t\t\t\t\t<div class=\"faq-item-answer-text\"> <p>Ten wid\u017cet pozwoli Ci zaoszcz\u0119dzi\u0107 mn\u00f3stwo czasu, poniewa\u017c dzi\u0119ki niemu publikowanie dokument\u00f3w w Twojej witrynie trwa zaledwie kilka sekund. Ponadto pomaga dostarczy\u0107 wiele przydatnych informacji o Twoich produktach i us\u0142ugach oraz zwi\u0119kszy\u0107 \u015bwiadomo\u015b\u0107 u\u017cytkownik\u00f3w na temat Twoich produkt\u00f3w. <\/p> <\/div>\r\n\t\t\t\t\t<\/div>\r\n\t\t\t\t<\/div> <div class=\"faq-item\">\r\n\t\t\t\t\t<div class=\"faq-item-question\">\r\n\t\t\t\t\t\t<h3 class=\"faq-item-question-text\">Czego potrzebuj\u0119, aby doda\u0107 osadzanie plik\u00f3w do mojej witryny Bloggera?<\/h3>\r\n\r\n\t\t\t\t\t\t<div class=\"faq-item-question-icon\"><\/div>\r\n\t\t\t\t\t<\/div>\r\n\r\n\t\t\t\t\t<div class=\"faq-item-answer\">\r\n\t\t\t\t\t\t<div class=\"faq-item-answer-text\"> <p>Potrzebujesz tylko kilku minut, aby rozpocz\u0105\u0107 korzystanie z wid\u017cetu. Instalacja jest bardzo szybka, bezp\u0142atna i bez kodowania. <\/p> <ol> <li>Mo\u017cesz umie\u015bci\u0107 widget na swojej stronie internetowej w naszym serwisie. Wystarczy zapozna\u0107 si\u0119 z instrukcjami znajduj\u0105cymi si\u0119 poni\u017cej na tej stronie. <\/li> <li>Osadzanie pliku Elfsight mo\u017cna wstawi\u0107 bezpo\u015brednio za po\u015brednictwem naszej us\u0142ugi lub za po\u015brednictwem rynku. Tutaj mo\u017cesz przeczyta\u0107 wi\u0119cej o tych opcjach i wybra\u0107 swoj\u0105. <\/li> <\/ol> <\/div>\r\n\t\t\t\t\t<\/div>\r\n\t\t\t\t<\/div> <\/div> <\/div> <div class=\"application-platform-content-item-features application-platform-content-item\" id=\"features\" data-nav-section=\"features\"> <h2>Funkcje<\/h2> <p>Aby lepiej zrozumie\u0107 osadzanie plik\u00f3w, oto list\u0119 jego g\u0142\u00f3wnych cech. Sprawiaj\u0105, \u017ce wid\u017cet jest maksymalnie efektywny w Twojej promocji: <\/p> <ul><li>Wklej dowoln\u0105 ilo\u015b\u0107 plik\u00f3w; <\/li> <li>Opcja uk\u0142adu przegl\u0105darki plik\u00f3w umo\u017cliwiaj\u0105ca czytanie dokument\u00f3w na stronie; <\/li> <li>Prze\u015blij zdj\u0119cia ikon plik\u00f3w i podgl\u0105d\u00f3w; <\/li> <li>Pokazywanie lub ukrywanie etykiety dokumentu Pobierz; <\/li> <li>Sze\u015b\u0107 kolorowych detali interfejsu. <\/li> <\/ul><p>Nasza demonstracja na \u017cywo poka\u017ce Ci wszystkie funkcje<\/p> <\/div> <div class=\"application-platform-content-item-installation application-platform-content-item\" id=\"installation\" data-nav-section=\"installation\"> <h2>Zobacz, jak wklei\u0107 wid\u017cet Osad\u017a plik do Bloggera strona. Jest to \u0142atwe i proste.<\/h2> <div class=\"video-container\"><iframe width=\"720\" height=\"405\" src=\"https:\/\/www.youtube.com\/embed\/BZoWoCp1_jo\" frameborder=\"0\" allowfullscreen=\"\"><\/iframe><\/div><p>Poni\u017csze czynno\u015bci to jedyne czynno\u015bci, kt\u00f3re musisz wykona\u0107, aby skonfigurowa\u0107 wid\u017cet. <\/p> <ol><li><b>Stw\u00f3rz w\u0142asn\u0105 wtyczk\u0119 File Embed<\/b><br> Zarz\u0105dzaj\u0105c naszym darmowym edytorem, skonfiguruj wtyczk\u0119 z niestandardowym uk\u0142adem i funkcjami. <\/li><li><b>Uzyskaj indywidualny kod do opublikowania wtyczki<\/b><br> Po dostosowaniu wid\u017cetu otrzymasz unikalny kod z powiadomienia, kt\u00f3re pojawi\u0142o si\u0119 w aplikacjach Elfsight. Skopiuj ten kod do wykorzystania w przysz\u0142o\u015bci. <\/li> <li><b>Osad\u017a wtyczk\u0119 na swojej stronie Bloggera<\/b><br> Okre\u015bl obszar, w kt\u00f3rym chcesz osadzi\u0107 wtyczk\u0119 i dodaj tam zapisany kod. Opublikuj zmiany. <\/li> <li><b>Gotowe! <\/b><br> Przejd\u017a do swojego sklepu i obejrzyj swoj\u0105 wtyczk\u0119. <\/li> <\/ol><p>Nadal nie mo\u017cesz si\u0119 zdecydowa\u0107? Albo masz problemy? Wystarczy wys\u0142a\u0107 pro\u015bb\u0119 do naszego zespo\u0142u obs\u0142ugi klienta. Rozwi\u0105\u017c\u0105 ka\u017cd\u0105 spraw\u0119. <\/p> <\/div>","protected":false},"excerpt":{"rendered":"","protected":false},"author":9,"featured_media":0,"parent":3428,"menu_order":0,"comment_status":"closed","ping_status":"closed","template":"templates\/template-application-platform.php","meta":{"publish_to_discourse":"","publish_post_category":"","wpdc_auto_publish_overridden":"","wpdc_topic_tags":"","wpdc_pin_topic":"","wpdc_pin_until":"","discourse_post_id":"","discourse_permalink":"","wpdc_publishing_response":"","wpdc_publishing_error":"","footnotes":""},"class_list":["post-5232","page","type-page","status-publish","hentry"],"yoast_head":"<!-- This site is optimized with the Yoast SEO plugin v25.3.1 - https:\/\/yoast.com\/wordpress\/plugins\/seo\/ -->\n<title>Widget Przegl\u0105darka plik\u00f3w \u2014 osadzaj dowolne pliki na swojej stronie Bloggera (2025)<\/title>\n<meta name=\"description\" content=\"Dzi\u0119ki Elfsight mo\u017cesz stworzy\u0107 wid\u017cet osadzania plik\u00f3w i szybko doda\u0107 go do witryny Bloggera. Oferujemy bezp\u0142atn\u0105 obs\u0142ug\u0119 klienta i wi\u0119cej bonus\u00f3w.\" \/>\n<meta name=\"robots\" content=\"index, follow, max-snippet:-1, max-image-preview:large, max-video-preview:-1\" \/>\n<link rel=\"canonical\" href=\"https:\/\/elfsight.com\/pl\/file-embed-widget\/blogger\/\" \/>\n<meta property=\"og:locale\" content=\"pl_PL\" \/>\n<meta property=\"og:type\" content=\"article\" \/>\n<meta property=\"og:title\" content=\"Widget Przegl\u0105darka plik\u00f3w \u2014 osadzaj dowolne pliki na swojej stronie Bloggera (2025)\" \/>\n<meta property=\"og:description\" content=\"Dzi\u0119ki Elfsight mo\u017cesz stworzy\u0107 wid\u017cet osadzania plik\u00f3w i szybko doda\u0107 go do witryny Bloggera. Oferujemy bezp\u0142atn\u0105 obs\u0142ug\u0119 klienta i wi\u0119cej bonus\u00f3w.\" \/>\n<meta property=\"og:url\" content=\"https:\/\/elfsight.com\/pl\/file-embed-widget\/blogger\/\" \/>\n<meta property=\"og:site_name\" content=\"Elfsight PL\" \/>\n<meta property=\"article:modified_time\" content=\"2024-11-14T12:38:53+00:00\" \/>\n<meta name=\"twitter:card\" content=\"summary_large_image\" \/>\n<meta name=\"twitter:label1\" content=\"Szacowany czas czytania\" \/>\n\t<meta name=\"twitter:data1\" content=\"3 minuty\" \/>\n<!-- \/ Yoast SEO plugin. -->","yoast_head_json":{"title":"Widget Przegl\u0105darka plik\u00f3w \u2014 osadzaj dowolne pliki na swojej stronie Bloggera (2025)","description":"Dzi\u0119ki Elfsight mo\u017cesz stworzy\u0107 wid\u017cet osadzania plik\u00f3w i szybko doda\u0107 go do witryny Bloggera. Oferujemy bezp\u0142atn\u0105 obs\u0142ug\u0119 klienta i wi\u0119cej bonus\u00f3w.","robots":{"index":"index","follow":"follow","max-snippet":"max-snippet:-1","max-image-preview":"max-image-preview:large","max-video-preview":"max-video-preview:-1"},"canonical":"https:\/\/elfsight.com\/pl\/file-embed-widget\/blogger\/","og_locale":"pl_PL","og_type":"article","og_title":"Widget Przegl\u0105darka plik\u00f3w \u2014 osadzaj dowolne pliki na swojej stronie Bloggera (2025)","og_description":"Dzi\u0119ki Elfsight mo\u017cesz stworzy\u0107 wid\u017cet osadzania plik\u00f3w i szybko doda\u0107 go do witryny Bloggera. Oferujemy bezp\u0142atn\u0105 obs\u0142ug\u0119 klienta i wi\u0119cej bonus\u00f3w.","og_url":"https:\/\/elfsight.com\/pl\/file-embed-widget\/blogger\/","og_site_name":"Elfsight PL","article_modified_time":"2024-11-14T12:38:53+00:00","twitter_card":"summary_large_image","twitter_misc":{"Szacowany czas czytania":"3 minuty"},"schema":{"@context":"https:\/\/schema.org","@graph":[{"@type":"WebPage","@id":"https:\/\/elfsight.com\/pl\/file-embed-widget\/blogger\/","url":"https:\/\/elfsight.com\/pl\/file-embed-widget\/blogger\/","name":"Widget Przegl\u0105darka plik\u00f3w \u2014 osadzaj dowolne pliki na swojej stronie Bloggera (2025)","isPartOf":{"@id":"https:\/\/elfsight.com\/pl\/#website"},"datePublished":"2024-05-03T06:37:23+00:00","dateModified":"2024-11-14T12:38:53+00:00","description":"Dzi\u0119ki Elfsight mo\u017cesz stworzy\u0107 wid\u017cet osadzania plik\u00f3w i szybko doda\u0107 go do witryny Bloggera. Oferujemy bezp\u0142atn\u0105 obs\u0142ug\u0119 klienta i wi\u0119cej bonus\u00f3w.","breadcrumb":{"@id":"https:\/\/elfsight.com\/pl\/file-embed-widget\/blogger\/#breadcrumb"},"inLanguage":"pl-PL","potentialAction":[{"@type":"ReadAction","target":["https:\/\/elfsight.com\/pl\/file-embed-widget\/blogger\/"]}]},{"@type":"BreadcrumbList","@id":"https:\/\/elfsight.com\/pl\/file-embed-widget\/blogger\/#breadcrumb","itemListElement":[{"@type":"ListItem","position":1,"name":"Home","item":"https:\/\/elfsight.com\/pl\/"},{"@type":"ListItem","position":2,"name":"File Embed","item":"https:\/\/elfsight.com\/pl\/file-embed-widget\/"},{"@type":"ListItem","position":3,"name":"File Embed &#8211; Blogger"}]},{"@type":"WebSite","@id":"https:\/\/elfsight.com\/pl\/#website","url":"https:\/\/elfsight.com\/pl\/","name":"Elfsight PL","description":"Just another Elfsight Sites site","potentialAction":[{"@type":"SearchAction","target":{"@type":"EntryPoint","urlTemplate":"https:\/\/elfsight.com\/pl\/?s={search_term_string}"},"query-input":{"@type":"PropertyValueSpecification","valueRequired":true,"valueName":"search_term_string"}}],"inLanguage":"pl-PL"}]}},"meta_box":{"industry":"","seo_heading":"","heading":"","description":"","cta_heading":"","cta_description":"","application":"3361","h1":"Wid\u017cet osadzania plik\u00f3w Bloggera","h1_caption":"Osadzaj dokumenty, arkusze kalkulacyjne i inne pliki w swojej witrynie, aby \u0142atwo je przegl\u0105da\u0107 i pobiera\u0107 do witryny Bloggera.","application_category":[],"applications_title":"","applications_request_title":"","applications_request_button_text":"","hero_text":"","hero_video":"","hero_video_schema_markup":"","selling_points_title":"","selling_points_caption":"","selling_points":[],"selling_points_cta_text":"","features_title":"","features":"","ed_cta_examples_text":"","ed_cta_examples_hidden":"","ed_cta_demo_text":"","ed_cta_demo_hidden":"","why_caption":"","why_editor_title":"","why_editor_text":"","why_team_title":"","why_team_text":"","why_service_title":"","why_service_text":"","template_catalog_visible":"","template_catalog_title":"","template_catalog_text":"","template_catalog_categories_visible":"","demo_title":"Utw\u00f3rz wid\u017cet osadzania plik\u00f3w","demo_caption":"Skonfiguruj osadzanie plik\u00f3w i dodaj je do swojej witryny Bloggera za darmo!","default_faq_hidden":"","app_template_category":[],"platform":"44","template_public_id":"","codecanyon_url":"","codecanyon_item_id":"","codecanyon_price":"","pricing_caption":"","pricing_elfsight_apps_hide_column":"","pricing_elfsight_apps_url":"","pricing_codecanyon_price_caption":"","integration_category":[],"integration_request_title":"","integration_request_cta":"","integration_platform":"","integrations":[],"platform_category":[],"video_schema_markup":"","price":"od 0 USD \/ miesi\u0105c","trial":"","benefits":[{"text":"Bezp\u0142atna pomoc w monta\u017cu"},{"text":"Do\u015bwiadczona obs\u0142uga klienta"},{"text":"14-dniowa gwarancja zwrotu pieni\u0119dzy"}],"button_url":"#demo","button_target_blank":"","button_nofollow":"","attributes":[{"name":"Instaluje"},{"name":"Czu\u0142y"},{"name":"Kompatybilne przegl\u0105darki"}],"tags":[],"tags_disable_links":"","hide_more_platforms":"","video_object":"","demo_hide_cta":"","demo_hide_cloud_options":"","pricing_title":"","pricing":[{"pricing_icon":"platform","pricing_title":"Elfsight Apps","pricing_title_caption":"Wersja wieloplatformowa, kt\u00f3ra pasuje do ka\u017cdej witryny internetowej","pricing_price":"od 0 USD \/ miesi\u0105c","pricing_price_caption":"zacznij od bezp\u0142atnego planu","pricing_benefits":[{"text":"Nielimitowane domeny"},{"text":"Profesjonalna obs\u0142uga klienta i dobrze udokumentowana"},{"text":"Bezp\u0142atna pomoc w monta\u017cu"},{"text":"100% konfigurowalny"}],"pricing_button_text":"Dodaj do witryny","pricing_button_url":"#demo"}],"related_apps_title":"","related_apps_hidden":"","author":"","image":[],"title":"","job":"","social_networks":[]},"_links":{"self":[{"href":"https:\/\/elfsight.com\/pl\/wp-json\/wp\/v2\/pages\/5232","targetHints":{"allow":["GET"]}}],"collection":[{"href":"https:\/\/elfsight.com\/pl\/wp-json\/wp\/v2\/pages"}],"about":[{"href":"https:\/\/elfsight.com\/pl\/wp-json\/wp\/v2\/types\/page"}],"author":[{"embeddable":true,"href":"https:\/\/elfsight.com\/pl\/wp-json\/wp\/v2\/users\/9"}],"replies":[{"embeddable":true,"href":"https:\/\/elfsight.com\/pl\/wp-json\/wp\/v2\/comments?post=5232"}],"version-history":[{"count":2,"href":"https:\/\/elfsight.com\/pl\/wp-json\/wp\/v2\/pages\/5232\/revisions"}],"predecessor-version":[{"id":7810,"href":"https:\/\/elfsight.com\/pl\/wp-json\/wp\/v2\/pages\/5232\/revisions\/7810"}],"up":[{"embeddable":true,"href":"https:\/\/elfsight.com\/pl\/wp-json\/wp\/v2\/pages\/3428"}],"wp:attachment":[{"href":"https:\/\/elfsight.com\/pl\/wp-json\/wp\/v2\/media?parent=5232"}],"curies":[{"name":"wp","href":"https:\/\/api.w.org\/{rel}","templated":true}]}}