{"id":523,"date":"2020-11-20T09:29:26","date_gmt":"2020-11-20T09:29:26","guid":{"rendered":"https:\/\/elfsight.com\/pl\/?page_id=523"},"modified":"2021-04-21T13:47:21","modified_gmt":"2021-04-21T13:47:21","slug":"getresponse-integrations","status":"publish","type":"page","link":"https:\/\/elfsight.com\/pl\/getresponse-integrations\/","title":{"rendered":"GetResponse integrations"},"content":{"rendered":"\n<h2>Najskuteczniejsze wtyczki Elfsight dla unowocze\u015bnienia twojej strony internetowej GetResponse<\/h2>\n\n<p>W ci\u0105gu wielu lat nasza dru\u017cyna programist\u00f3w Elfsight wytwarza \u0142atwe w u\u017cyciu i modyfikowalne aplikacji chmurowe dla Twojej strony www. Elfsight zapewnia obs\u0142ug\u0119 techniczn\u0105 oraz szybkie \u0142adowanie. Rozwi\u0105zania Elfsight wspomagaj\u0105 w\u0142a\u015bcicielom witryn www, edukacyjnych i innym na ca\u0142ym \u015bwiecie sprosta\u0107 powa\u017cnymi dzia\u0142aniami bardziej racjonalnie. \n<\/p>\n\n<p>A\u017ceby podnie\u015b\u0107 liczb\u0119 lead\u00f3w, wykaza\u0107 pozytywny feedback na Pa\u0144stwa us\u0142ugi, zwi\u0119kszy\u0107 zaufanie do swojej marki, poprzez proste dodawanie element\u00f3w interfejsu do swojej serwisu www. Nasze plany subskrypcji s\u0105 w zakresie od bezp\u0142atnych do premium. Spr\u00f3buj w\u0142\u0105czy\u0107 dowolnie odpowiednie widgety korzystaj\u0105c z naszej demonstracji i zobacz jak bardzo to b\u0119dzie wa\u017cne w kwestii rozwoju strony internetowej Twojego biznesu. <\/p>\n\n<h2>Co powoduje, \u017ce nasze wid\u017cety GetResponse s\u0105 jednymi z najlepszych rozwi\u0105zaniami dla was? <\/h2>\n\n<p> Tu jest spis g\u0142\u00f3wnych cech naszych plugin\u00f3w, kt\u00f3re pomagaj\u0105 nam by\u0107 lepszymi, ni\u017c nasi konkurenci: <\/p>\n\n\n<ul>\n<li> Bezp\u0142atna i szybka obs\u0142uga przy dodaniu lub personalizacji plugin\u00f3w; <\/li>\n<li> Zdolno\u015b\u0107 dostosowywania do wszystkich rozdzielczo\u015bci witryn internetowych i dostosowane do urz\u0105dze\u0144 mobilnych; <\/li>\n<li> Nie musisz prosi\u0107 o pomoc programisty; <\/li>\n<li> Szeroki wyb\u00f3r mo\u017cliwo\u015bci personalizacji; <\/li>\n<li> Przechowywanie danych chmurze pomagaj\u0105 zwi\u0119kszy\u0107 pr\u0119dko\u015b\u0107 \u0142adowania strony; <\/li>\n<li> Wszystkie przysz\u0142e aktualizacje s\u0105 bezp\u0142atne i regularnie publikowane; <\/li>\n<li> Przyst\u0119pne ceny; <\/li>\n<li> Profesjonalna pomoc z problemami klient\u00f3w. <\/li>\n<\/ul>\n\n<p> Poznaj bezp\u0142atne opcje naszych plugin\u00f3w i osi\u0105gnij jej potencja\u0142 lub kup dowolne wymagane rozwi\u0105zanie z 20% zni\u017ck\u0105. <\/p>\n\n\n<h2> W jaki spos\u00f3b do\u0142\u0105czy\u0107 pluginy Elfsight na Twoim serwisie www GetResponse <\/h2>\n\n<p> Aby zintegrowa\u0107 rozszerzenia, zobacz poni\u017csze etapy z oczywistej wskaz\u00f3wki: <\/p>\n\n\n<ol>\n<li> Kliknij na odpowiedni\u0105 wtyczk\u0119; <\/li>\n<li> Zmie\u0144 niekt\u00f3re potrzebne ustawienia; <\/li>\n<li> Zapisz zmiany; <\/li>\n<li> Kliknij wygenerowany kod; <\/li>\n<li> Zainstaluj ten kod w przydatnym miejscu Pa\u0144stwa witryny lub szablonu; <\/li>\n<li> Gotowe! Masz zainstalowany wid\u017cet. <\/li>\n<\/ol>\n\n<p> Je\u015bli potrzebujesz doradztwa, nie wahaj si\u0119 poinformowa\u0107 o tym zespo\u0142 wsparcia Elfsight. <\/p>\n","protected":false},"excerpt":{"rendered":"Najskuteczniejsze wtyczki Elfsight dla unowocze\u015bnienia twojej strony internetowej GetResponse W ci\u0105gu wielu lat nasza dru\u017cyna programist\u00f3w Elfsight wytwarza \u0142atwe w u\u017cyciu i modyfikowalne aplikacji chmurowe dla Twojej strony www. Elfsight zapewnia obs\u0142ug\u0119 techniczn\u0105 oraz szybkie \u0142adowanie. Rozwi\u0105zania Elfsight wspomagaj\u0105 w\u0142a\u015bcicielom witryn www, edukacyjnych i innym na ca\u0142ym \u015bwiecie sprosta\u0107 powa\u017cnymi&#8230;","protected":false},"author":13,"featured_media":0,"parent":0,"menu_order":0,"comment_status":"closed","ping_status":"closed","template":"templates\/template-platform.php","meta":{"publish_to_discourse":"","publish_post_category":"","wpdc_auto_publish_overridden":"","wpdc_topic_tags":"","wpdc_pin_topic":"","wpdc_pin_until":"","discourse_post_id":"","discourse_permalink":"","wpdc_publishing_response":"","wpdc_publishing_error":"","footnotes":""},"class_list":["post-523","page","type-page","status-publish","hentry"],"yoast_head":"<!-- This site is optimized with the Yoast SEO plugin v25.3.1 - https:\/\/yoast.com\/wordpress\/plugins\/seo\/ -->\n<title>Ponad 80 najlepszych GetResponse integracji dla strony internetowej<\/title>\n<meta name=\"description\" content=\"Lista gratisowych integracji najwy\u017cszej klasy dla twojej witryny GetResponse. Pom\u00f3c przy dostosowanie a tak\u017ce szeroka gama mo\u017cliwo\u015bci.\" \/>\n<meta name=\"robots\" content=\"index, follow, max-snippet:-1, max-image-preview:large, max-video-preview:-1\" \/>\n<link rel=\"canonical\" href=\"https:\/\/elfsight.com\/pl\/getresponse-integrations\/\" \/>\n<meta property=\"og:locale\" content=\"pl_PL\" \/>\n<meta property=\"og:type\" content=\"article\" \/>\n<meta property=\"og:title\" content=\"Ponad 80 najlepszych GetResponse integracji dla strony internetowej\" \/>\n<meta property=\"og:description\" content=\"Lista gratisowych integracji najwy\u017cszej klasy dla twojej witryny GetResponse. Pom\u00f3c przy dostosowanie a tak\u017ce szeroka gama mo\u017cliwo\u015bci.\" \/>\n<meta property=\"og:url\" content=\"https:\/\/elfsight.com\/pl\/getresponse-integrations\/\" \/>\n<meta property=\"og:site_name\" content=\"Elfsight PL\" \/>\n<meta property=\"article:modified_time\" content=\"2021-04-21T13:47:21+00:00\" \/>\n<meta name=\"twitter:card\" content=\"summary_large_image\" \/>\n<meta name=\"twitter:label1\" content=\"Szacowany czas czytania\" \/>\n\t<meta name=\"twitter:data1\" content=\"2 minuty\" \/>\n<!-- \/ Yoast SEO plugin. -->","yoast_head_json":{"title":"Ponad 80 najlepszych GetResponse integracji dla strony internetowej","description":"Lista gratisowych integracji najwy\u017cszej klasy dla twojej witryny GetResponse. Pom\u00f3c przy dostosowanie a tak\u017ce szeroka gama mo\u017cliwo\u015bci.","robots":{"index":"index","follow":"follow","max-snippet":"max-snippet:-1","max-image-preview":"max-image-preview:large","max-video-preview":"max-video-preview:-1"},"canonical":"https:\/\/elfsight.com\/pl\/getresponse-integrations\/","og_locale":"pl_PL","og_type":"article","og_title":"Ponad 80 najlepszych GetResponse integracji dla strony internetowej","og_description":"Lista gratisowych integracji najwy\u017cszej klasy dla twojej witryny GetResponse. Pom\u00f3c przy dostosowanie a tak\u017ce szeroka gama mo\u017cliwo\u015bci.","og_url":"https:\/\/elfsight.com\/pl\/getresponse-integrations\/","og_site_name":"Elfsight PL","article_modified_time":"2021-04-21T13:47:21+00:00","twitter_card":"summary_large_image","twitter_misc":{"Szacowany czas czytania":"2 minuty"},"schema":{"@context":"https:\/\/schema.org","@graph":[{"@type":"WebPage","@id":"https:\/\/elfsight.com\/pl\/getresponse-integrations\/","url":"https:\/\/elfsight.com\/pl\/getresponse-integrations\/","name":"Ponad 80 najlepszych GetResponse integracji dla strony internetowej","isPartOf":{"@id":"https:\/\/elfsight.com\/pl\/#website"},"datePublished":"2020-11-20T09:29:26+00:00","dateModified":"2021-04-21T13:47:21+00:00","description":"Lista gratisowych integracji najwy\u017cszej klasy dla twojej witryny GetResponse. Pom\u00f3c przy dostosowanie a tak\u017ce szeroka gama mo\u017cliwo\u015bci.","breadcrumb":{"@id":"https:\/\/elfsight.com\/pl\/getresponse-integrations\/#breadcrumb"},"inLanguage":"pl-PL","potentialAction":[{"@type":"ReadAction","target":["https:\/\/elfsight.com\/pl\/getresponse-integrations\/"]}]},{"@type":"BreadcrumbList","@id":"https:\/\/elfsight.com\/pl\/getresponse-integrations\/#breadcrumb","itemListElement":[{"@type":"ListItem","position":1,"name":"Home","item":"https:\/\/elfsight.com\/pl\/"},{"@type":"ListItem","position":2,"name":"GetResponse integrations"}]},{"@type":"WebSite","@id":"https:\/\/elfsight.com\/pl\/#website","url":"https:\/\/elfsight.com\/pl\/","name":"Elfsight PL","description":"Just another Elfsight Sites site","potentialAction":[{"@type":"SearchAction","target":{"@type":"EntryPoint","urlTemplate":"https:\/\/elfsight.com\/pl\/?s={search_term_string}"},"query-input":{"@type":"PropertyValueSpecification","valueRequired":true,"valueName":"search_term_string"}}],"inLanguage":"pl-PL"}]}},"meta_box":{"industry":"","seo_heading":"","heading":"","description":"","cta_heading":"","cta_description":"","application":"","h1":"Najlepsze integracje GetResponse","h1_caption":"Darmowy spis nowych element\u00f3w interfejsu pierwszej klasy z szerokim zakresem funkcji dla zwi\u0119kszenia zapotrzebowania u\u017cytkownik\u00f3w i osi\u0105gni\u0119cia wszystkich innych zada\u0144 w zakresie rozwoju komercyjnego. \u0141atwa implementacja, obszerny wyb\u00f3r mo\u017cliwo\u015bci modyfikacji i profesjonalne wsparcie klienta.","application_category":[],"applications_title":"Obczaj najodpowiedniejsze integracje dla twojej strony w\u015br\u00f3d wszystkich widget\u00f3w darmowych w wersji demonstracyjnej","applications_request_title":"Nie mo\u017cesz znale\u017a\u0107 odpowiedniej integracji?","applications_request_button_text":"Zam\u00f3w integracje","hero_text":"","hero_video":"","hero_video_schema_markup":"","selling_points_title":"","selling_points_caption":"","selling_points":[],"selling_points_cta_text":"","features_title":"","features":"","ed_cta_examples_text":"","ed_cta_examples_hidden":"","ed_cta_demo_text":"","ed_cta_demo_hidden":"","why_caption":"","why_editor_title":"","why_editor_text":"","why_team_title":"","why_team_text":"","why_service_title":"","why_service_text":"","template_catalog_visible":"","template_catalog_title":"","template_catalog_text":"","template_catalog_categories_visible":"","demo_title":"","demo_caption":"","default_faq_hidden":"","app_template_category":[],"platform":"520","template_public_id":"","codecanyon_url":"","codecanyon_item_id":"","codecanyon_price":"","pricing_caption":"","pricing_elfsight_apps_hide_column":"","pricing_elfsight_apps_url":"","pricing_codecanyon_price_caption":"","integration_category":[],"integration_request_title":"","integration_request_cta":"","integration_platform":"","integrations":[],"platform_category":[],"video_schema_markup":"","price":"","trial":"","benefits":[],"button_url":"","button_target_blank":"","button_nofollow":"","attributes":[],"tags":[],"tags_disable_links":"","hide_more_platforms":"","video_object":"","demo_hide_cta":"","demo_hide_cloud_options":"","pricing_title":"","pricing":[],"related_apps_title":"","related_apps_hidden":"","author":"","image":[],"title":"","job":"","social_networks":[]},"_links":{"self":[{"href":"https:\/\/elfsight.com\/pl\/wp-json\/wp\/v2\/pages\/523","targetHints":{"allow":["GET"]}}],"collection":[{"href":"https:\/\/elfsight.com\/pl\/wp-json\/wp\/v2\/pages"}],"about":[{"href":"https:\/\/elfsight.com\/pl\/wp-json\/wp\/v2\/types\/page"}],"author":[{"embeddable":true,"href":"https:\/\/elfsight.com\/pl\/wp-json\/wp\/v2\/users\/13"}],"replies":[{"embeddable":true,"href":"https:\/\/elfsight.com\/pl\/wp-json\/wp\/v2\/comments?post=523"}],"version-history":[{"count":2,"href":"https:\/\/elfsight.com\/pl\/wp-json\/wp\/v2\/pages\/523\/revisions"}],"predecessor-version":[{"id":525,"href":"https:\/\/elfsight.com\/pl\/wp-json\/wp\/v2\/pages\/523\/revisions\/525"}],"wp:attachment":[{"href":"https:\/\/elfsight.com\/pl\/wp-json\/wp\/v2\/media?parent=523"}],"curies":[{"name":"wp","href":"https:\/\/api.w.org\/{rel}","templated":true}]}}