{"id":5223,"date":"2024-05-03T06:37:18","date_gmt":"2024-05-03T06:37:18","guid":{"rendered":"https:\/\/elfsight.com\/pl\/?page_id=5223"},"modified":"2024-11-14T12:38:45","modified_gmt":"2024-11-14T12:38:45","slug":"html","status":"publish","type":"page","link":"https:\/\/elfsight.com\/pl\/file-embed-widget\/html\/","title":{"rendered":"File Embed &#8211; HTML"},"content":{"rendered":"<div class=\"application-platform-content-item-description application-platform-content-item\" id=\"description\" data-nav-section=\"description\"> <h2>Opis<\/h2> <p>Widget Elfsight File Embed to naj\u0142atwiejsze i najszybsze narz\u0119dzie do wstawiania plik\u00f3w na Twoj\u0105 witryn\u0119. Wklej wszystkie najcz\u0119\u015bciej u\u017cywane formaty: PDF, Docx, Jpg, Jpeg \u2013 \u0142\u0105cznie oko\u0142o 20 typ\u00f3w. Dla wi\u0119kszej wygody pliki mo\u017cna wkleja\u0107, po prostu przesy\u0142aj\u0105c je, wprowadzaj\u0105c adresy URL lub wybieraj\u0105c ostatnio przes\u0142ane. Mo\u017cesz nada\u0107 ka\u017cdemu plikowi w\u0142asn\u0105 nazw\u0119, przes\u0142a\u0107 ikon\u0119 lub obraz podgl\u0105du, wybra\u0107 uk\u0142ad i inne. Odwiedzaj\u0105cy witryn\u0119 mog\u0105 sprawdzi\u0107 dokumenty bezpo\u015brednio na Twojej stronie, wy\u015bwietli\u0107 je w nowej karcie i pobra\u0107. <\/p> <div class=\"faq\" data-component=\"FAQ\"> <div class=\"faq-item\">\r\n\t\t\t\t\t<div class=\"faq-item-question\">\r\n\t\t\t\t\t\t<h3 class=\"faq-item-question-text\">Gdzie mog\u0119 zainstalowa\u0107 osadzanie plik\u00f3w?<\/h3>\r\n\r\n\t\t\t\t\t\t<div class=\"faq-item-question-icon\"><\/div>\r\n\t\t\t\t\t<\/div>\r\n\r\n\t\t\t\t\t<div class=\"faq-item-answer\">\r\n\t\t\t\t\t\t<div class=\"faq-item-answer-text\"> <p>Mo\u017cesz wy\u015bwietli\u0107 wid\u017cet osadzania plik\u00f3w na dowolnej stronie serwisu. Mo\u017cesz za jego pomoc\u0105 opublikowa\u0107 na przyk\u0142ad swoje dokumenty technologiczne lub wytyczne na stronach produkt\u00f3w, czy pokaza\u0107 swoje dyplomy i certyfikaty na stronie docelowej. <\/p> <\/div>\r\n\t\t\t\t\t<\/div>\r\n\t\t\t\t<\/div> <div class=\"faq-item\">\r\n\t\t\t\t\t<div class=\"faq-item-question\">\r\n\t\t\t\t\t\t<h3 class=\"faq-item-question-text\">Jakie korzy\u015bci mi to daje?<\/h3>\r\n\r\n\t\t\t\t\t\t<div class=\"faq-item-question-icon\"><\/div>\r\n\t\t\t\t\t<\/div>\r\n\r\n\t\t\t\t\t<div class=\"faq-item-answer\">\r\n\t\t\t\t\t\t<div class=\"faq-item-answer-text\"> <p>Nasz widget mo\u017ce zaoszcz\u0119dzi\u0107 Ci mn\u00f3stwo czasu, bo z jego pomoc\u0105 integracja plik\u00f3w w Twojej witrynie trwa zaledwie kilka sekund . Pomaga tak\u017ce wy\u015bwietla\u0107 wiele przydatnych danych o Twoich ofertach lub us\u0142ugach, aby zapewni\u0107 klientom lepsz\u0105 wiedz\u0119 o Twoich produktach. <\/p> <\/div>\r\n\t\t\t\t\t<\/div>\r\n\t\t\t\t<\/div> <div class=\"faq-item\">\r\n\t\t\t\t\t<div class=\"faq-item-question\">\r\n\t\t\t\t\t\t<h3 class=\"faq-item-question-text\">Czego potrzebuj\u0119, aby doda\u0107 osadzanie plik\u00f3w do mojej witryny HTML?<\/h3>\r\n\r\n\t\t\t\t\t\t<div class=\"faq-item-question-icon\"><\/div>\r\n\t\t\t\t\t<\/div>\r\n\r\n\t\t\t\t\t<div class=\"faq-item-answer\">\r\n\t\t\t\t\t\t<div class=\"faq-item-answer-text\"> <p>Rozpocz\u0119cie korzystania z wid\u017cetu zajmuje tylko minut\u0119. Proces integracji jest bardzo szybki, bezp\u0142atny i nie wymaga kodowania. <\/p> <ol> <li>Mo\u017cesz wklei\u0107 plik osadzony na stronie internetowej bezpo\u015brednio w naszym serwisie. Aby to zrobi\u0107, musisz zapozna\u0107 si\u0119 z instrukcjami na tej stronie. <\/li> <li>Wid\u017cet mo\u017cna zintegrowa\u0107 za po\u015brednictwem naszego serwisu lub rynku. Tutaj mo\u017cesz pozna\u0107 wszystkie szczeg\u00f3\u0142y obu wariant\u00f3w i zdecydowa\u0107, kt\u00f3ry jest Tw\u00f3j. <\/li> <\/ol> <\/div>\r\n\t\t\t\t\t<\/div>\r\n\t\t\t\t<\/div> <\/div> <\/div> <div class=\"application-platform-content-item-features application-platform-content-item\" id=\"features\" data-nav-section=\"features\"> <h2>Funkcje<\/h2> <p>Zdob\u0105d\u017a jasny obraz osadzania plik\u00f3w, sprawdzaj\u0105c list\u0119 z g\u0142\u00f3wnych cech. Dzi\u0119ki nim widget b\u0119dzie maksymalnie skuteczny w Twojej promocji: <\/p> <ul><li>Wstaw nieograniczon\u0105 ilo\u015b\u0107 dokument\u00f3w; <\/li> <li>Opcja uk\u0142adu przegl\u0105darki plik\u00f3w umo\u017cliwiaj\u0105ca przegl\u0105danie dokument\u00f3w w witrynie; <\/li> <li>Opcja przesy\u0142ania obraz\u00f3w ikon dokument\u00f3w i podgl\u0105d\u00f3w; <\/li> <li>Wy\u015bwietlanie lub usuwanie etykiety dokumentu Pobierz; <\/li> <li>Sze\u015b\u0107 szczeg\u00f3\u0142\u00f3w interfejsu wid\u017cetu, kt\u00f3re mo\u017cna pomalowa\u0107. <\/li> <\/ul><p>Aby zobaczy\u0107 wszystkie funkcje, zobacz demonstracj\u0119 na \u017cywo<\/p> <\/div> <div class=\"application-platform-content-item-installation application-platform-content-item\" id=\"installation\" data-nav-section=\"installation\"> <h2>Sprawd\u017amy, jak umie\u015bci\u0107 wid\u017cet osadzania plik\u00f3w w kodzie HTML strona internetowa. To niewiarygodnie proste.<\/h2> <div class=\"video-container\"><iframe width=\"720\" height=\"405\" src=\"https:\/\/www.youtube.com\/embed\/Wn6XsosWI8M\" frameborder=\"0\" allowfullscreen=\"\"><\/iframe><\/div><p>Poni\u017csze czynno\u015bci s\u0105 jedyn\u0105 rzecz\u0105, kt\u00f3r\u0105 musisz wykona\u0107, aby nie wymaga\u0107 kodowania. <\/p> <ol><li><b>Utw\u00f3rz w\u0142asn\u0105 wtyczk\u0119 File Embed<\/b><br> Za pomoc\u0105 naszego bezp\u0142atnego konfiguratora uzyskaj wtyczk\u0119 o preferowanym sk\u0142adzie i funkcjonalno\u015bci. <\/li><li><b>Skopiuj indywidualny kod, aby wy\u015bwietli\u0107 wtyczk\u0119<\/b><br> Po skonfigurowaniu wid\u017cetu otrzymasz kod instalacyjny z wy\u015bwietlonego okna aplikacji Elfsight. Skopiuj to. <\/li> <li><b>Dodaj wtyczk\u0119 na swoj\u0105 stron\u0119 HTML<\/b><br> Wybierz miejsce na platformie wiekowej, w kt\u00f3rym chcesz wy\u015bwietli\u0107 wtyczk\u0119 i wklej tam skopiowany kod. Zastosuj wyniki. <\/li> <li><b>Gotowe! <\/b><br> Odwied\u017a swoj\u0105 witryn\u0119, aby zobaczy\u0107 swoj\u0105 prac\u0119. <\/li> <\/ol><p>Nadal nie jeste\u015b pewien? Albo natkn\u0105\u0142e\u015b si\u0119 na co\u015b? Po prostu wy\u015blij pro\u015bb\u0119 do naszego zespo\u0142u wsparcia, a rozwi\u0105\u017cemy ka\u017cdy problem. <\/p> <\/div>","protected":false},"excerpt":{"rendered":"","protected":false},"author":9,"featured_media":0,"parent":3428,"menu_order":0,"comment_status":"closed","ping_status":"closed","template":"templates\/template-application-platform.php","meta":{"publish_to_discourse":"","publish_post_category":"","wpdc_auto_publish_overridden":"","wpdc_topic_tags":"","wpdc_pin_topic":"","wpdc_pin_until":"","discourse_post_id":"","discourse_permalink":"","wpdc_publishing_response":"","wpdc_publishing_error":"","footnotes":""},"class_list":["post-5223","page","type-page","status-publish","hentry"],"yoast_head":"<!-- This site is optimized with the Yoast SEO plugin v25.3.1 - https:\/\/yoast.com\/wordpress\/plugins\/seo\/ -->\n<title>Widget Przegl\u0105darka plik\u00f3w - Osad\u017a dowolne pliki na swojej stronie HTML (2025)<\/title>\n<meta name=\"description\" content=\"Utworzenie wid\u017cetu Osadzenie pliku i opublikowanie go w witrynie HTML jest \u0142atwe. Obs\u0142uga klienta Elfsight jest bezp\u0142atna i szybka.\" \/>\n<meta name=\"robots\" content=\"index, follow, max-snippet:-1, max-image-preview:large, max-video-preview:-1\" \/>\n<link rel=\"canonical\" href=\"https:\/\/elfsight.com\/pl\/file-embed-widget\/html\/\" \/>\n<meta property=\"og:locale\" content=\"pl_PL\" \/>\n<meta property=\"og:type\" content=\"article\" \/>\n<meta property=\"og:title\" content=\"Widget Przegl\u0105darka plik\u00f3w - Osad\u017a dowolne pliki na swojej stronie HTML (2025)\" \/>\n<meta property=\"og:description\" content=\"Utworzenie wid\u017cetu Osadzenie pliku i opublikowanie go w witrynie HTML jest \u0142atwe. Obs\u0142uga klienta Elfsight jest bezp\u0142atna i szybka.\" \/>\n<meta property=\"og:url\" content=\"https:\/\/elfsight.com\/pl\/file-embed-widget\/html\/\" \/>\n<meta property=\"og:site_name\" content=\"Elfsight PL\" \/>\n<meta property=\"article:modified_time\" content=\"2024-11-14T12:38:45+00:00\" \/>\n<meta name=\"twitter:card\" content=\"summary_large_image\" \/>\n<meta name=\"twitter:label1\" content=\"Szacowany czas czytania\" \/>\n\t<meta name=\"twitter:data1\" content=\"3 minuty\" \/>\n<!-- \/ Yoast SEO plugin. -->","yoast_head_json":{"title":"Widget Przegl\u0105darka plik\u00f3w - Osad\u017a dowolne pliki na swojej stronie HTML (2025)","description":"Utworzenie wid\u017cetu Osadzenie pliku i opublikowanie go w witrynie HTML jest \u0142atwe. Obs\u0142uga klienta Elfsight jest bezp\u0142atna i szybka.","robots":{"index":"index","follow":"follow","max-snippet":"max-snippet:-1","max-image-preview":"max-image-preview:large","max-video-preview":"max-video-preview:-1"},"canonical":"https:\/\/elfsight.com\/pl\/file-embed-widget\/html\/","og_locale":"pl_PL","og_type":"article","og_title":"Widget Przegl\u0105darka plik\u00f3w - Osad\u017a dowolne pliki na swojej stronie HTML (2025)","og_description":"Utworzenie wid\u017cetu Osadzenie pliku i opublikowanie go w witrynie HTML jest \u0142atwe. Obs\u0142uga klienta Elfsight jest bezp\u0142atna i szybka.","og_url":"https:\/\/elfsight.com\/pl\/file-embed-widget\/html\/","og_site_name":"Elfsight PL","article_modified_time":"2024-11-14T12:38:45+00:00","twitter_card":"summary_large_image","twitter_misc":{"Szacowany czas czytania":"3 minuty"},"schema":{"@context":"https:\/\/schema.org","@graph":[{"@type":"WebPage","@id":"https:\/\/elfsight.com\/pl\/file-embed-widget\/html\/","url":"https:\/\/elfsight.com\/pl\/file-embed-widget\/html\/","name":"Widget Przegl\u0105darka plik\u00f3w - Osad\u017a dowolne pliki na swojej stronie HTML (2025)","isPartOf":{"@id":"https:\/\/elfsight.com\/pl\/#website"},"datePublished":"2024-05-03T06:37:18+00:00","dateModified":"2024-11-14T12:38:45+00:00","description":"Utworzenie wid\u017cetu Osadzenie pliku i opublikowanie go w witrynie HTML jest \u0142atwe. Obs\u0142uga klienta Elfsight jest bezp\u0142atna i szybka.","breadcrumb":{"@id":"https:\/\/elfsight.com\/pl\/file-embed-widget\/html\/#breadcrumb"},"inLanguage":"pl-PL","potentialAction":[{"@type":"ReadAction","target":["https:\/\/elfsight.com\/pl\/file-embed-widget\/html\/"]}]},{"@type":"BreadcrumbList","@id":"https:\/\/elfsight.com\/pl\/file-embed-widget\/html\/#breadcrumb","itemListElement":[{"@type":"ListItem","position":1,"name":"Home","item":"https:\/\/elfsight.com\/pl\/"},{"@type":"ListItem","position":2,"name":"File Embed","item":"https:\/\/elfsight.com\/pl\/file-embed-widget\/"},{"@type":"ListItem","position":3,"name":"File Embed &#8211; HTML"}]},{"@type":"WebSite","@id":"https:\/\/elfsight.com\/pl\/#website","url":"https:\/\/elfsight.com\/pl\/","name":"Elfsight PL","description":"Just another Elfsight Sites site","potentialAction":[{"@type":"SearchAction","target":{"@type":"EntryPoint","urlTemplate":"https:\/\/elfsight.com\/pl\/?s={search_term_string}"},"query-input":{"@type":"PropertyValueSpecification","valueRequired":true,"valueName":"search_term_string"}}],"inLanguage":"pl-PL"}]}},"meta_box":{"industry":"","seo_heading":"","heading":"","description":"","cta_heading":"","cta_description":"","application":"3361","h1":"Wid\u017cet osadzania pliku HTML","h1_caption":"Osadzaj dokumenty, arkusze kalkulacyjne i inne pliki w swojej witrynie internetowej, aby \u0142atwo je przegl\u0105da\u0107 i pobiera\u0107 do witryny HTML.","application_category":[],"applications_title":"","applications_request_title":"","applications_request_button_text":"","hero_text":"","hero_video":"","hero_video_schema_markup":"","selling_points_title":"","selling_points_caption":"","selling_points":[],"selling_points_cta_text":"","features_title":"","features":"","ed_cta_examples_text":"","ed_cta_examples_hidden":"","ed_cta_demo_text":"","ed_cta_demo_hidden":"","why_caption":"","why_editor_title":"","why_editor_text":"","why_team_title":"","why_team_text":"","why_service_title":"","why_service_text":"","template_catalog_visible":"","template_catalog_title":"","template_catalog_text":"","template_catalog_categories_visible":"","demo_title":"Utw\u00f3rz wid\u017cet osadzania plik\u00f3w","demo_caption":"Skonfiguruj osadzanie plik\u00f3w i dodaj je do swojej witryny HTML za darmo!","default_faq_hidden":"","app_template_category":[],"platform":"50","template_public_id":"","codecanyon_url":"","codecanyon_item_id":"","codecanyon_price":"","pricing_caption":"","pricing_elfsight_apps_hide_column":"","pricing_elfsight_apps_url":"","pricing_codecanyon_price_caption":"","integration_category":[],"integration_request_title":"","integration_request_cta":"","integration_platform":"","integrations":[],"platform_category":[],"video_schema_markup":"","price":"od 0 USD \/ miesi\u0105c","trial":"","benefits":[{"text":"Bezp\u0142atna us\u0142uga monta\u017cu"},{"text":"Do\u015bwiadczona obs\u0142uga klienta"},{"text":"14-dniowa gwarancja zwrotu pieni\u0119dzy"}],"button_url":"#demo","button_target_blank":"","button_nofollow":"","attributes":[{"name":"Instaluje"},{"name":"Czu\u0142y"},{"name":"Kompatybilne przegl\u0105darki"}],"tags":[],"tags_disable_links":"","hide_more_platforms":"","video_object":"","demo_hide_cta":"","demo_hide_cloud_options":"","pricing_title":"","pricing":[{"pricing_icon":"platform","pricing_title":"Elfsight Apps","pricing_title_caption":"Wersja wieloplatformowa","pricing_price":"od 0 USD \/ miesi\u0105c","pricing_price_caption":"zacznij od bezp\u0142atnego planu","pricing_benefits":[{"text":"Nielimitowane strony internetowe"},{"text":"Wsparcie premium i na czas"},{"text":"Bezp\u0142atna pomoc w monta\u017cu"},{"text":"Specjalna cena za wiele aplikacji"}],"pricing_button_text":"Dodaj do witryny","pricing_button_url":"#demo"}],"related_apps_title":"","related_apps_hidden":"","author":"","image":[],"title":"","job":"","social_networks":[]},"_links":{"self":[{"href":"https:\/\/elfsight.com\/pl\/wp-json\/wp\/v2\/pages\/5223","targetHints":{"allow":["GET"]}}],"collection":[{"href":"https:\/\/elfsight.com\/pl\/wp-json\/wp\/v2\/pages"}],"about":[{"href":"https:\/\/elfsight.com\/pl\/wp-json\/wp\/v2\/types\/page"}],"author":[{"embeddable":true,"href":"https:\/\/elfsight.com\/pl\/wp-json\/wp\/v2\/users\/9"}],"replies":[{"embeddable":true,"href":"https:\/\/elfsight.com\/pl\/wp-json\/wp\/v2\/comments?post=5223"}],"version-history":[{"count":2,"href":"https:\/\/elfsight.com\/pl\/wp-json\/wp\/v2\/pages\/5223\/revisions"}],"predecessor-version":[{"id":7809,"href":"https:\/\/elfsight.com\/pl\/wp-json\/wp\/v2\/pages\/5223\/revisions\/7809"}],"up":[{"embeddable":true,"href":"https:\/\/elfsight.com\/pl\/wp-json\/wp\/v2\/pages\/3428"}],"wp:attachment":[{"href":"https:\/\/elfsight.com\/pl\/wp-json\/wp\/v2\/media?parent=5223"}],"curies":[{"name":"wp","href":"https:\/\/api.w.org\/{rel}","templated":true}]}}