{"id":5216,"date":"2024-05-03T06:37:15","date_gmt":"2024-05-03T06:37:15","guid":{"rendered":"https:\/\/elfsight.com\/pl\/?page_id=5216"},"modified":"2025-06-26T15:10:41","modified_gmt":"2025-06-26T15:10:41","slug":"shopify","status":"publish","type":"page","link":"https:\/\/elfsight.com\/pl\/file-embed-widget\/shopify\/","title":{"rendered":"File Embed &#8211; Shopify"},"content":{"rendered":"<div class=\"application-platform-content-item-description application-platform-content-item\" id=\"description\" data-nav-section=\"description\"> <h2>Osad\u017a plik Osad\u017a na Shopify za pomoc\u0105 wid\u017cetu Elfsight<\/h2> <p>Wid\u017cet osadzania pliku Elfsight to najwygodniejszy i najszybszy spos\u00f3b dodawania pliki do serwisu. Integruj wszystkie popularne formaty plik\u00f3w: PDF, Docx, Jpg, Pptx \u2013 w sumie w oko\u0142o 20 formatach. Aby u\u0142atwi\u0107 obs\u0142ug\u0119, dokumenty mo\u017cna osadza\u0107, przesy\u0142aj\u0105c je, wprowadzaj\u0105c ich adresy URL lub wybieraj\u0105c jeden z ostatnio przes\u0142anych dokument\u00f3w. Mo\u017cesz nada\u0107 ka\u017cdemu plikowi w\u0142asny tytu\u0142, przes\u0142a\u0107 w\u0142asn\u0105 ikon\u0119 i obraz, wybra\u0107 wariant uk\u0142adu i inne. Odbiorcy serwisu mog\u0105 przegl\u0105da\u0107 pliki bezpo\u015brednio na stronie, otwiera\u0107 je w nowej karcie przegl\u0105darki i pobiera\u0107. <\/p> <div class=\"faq\" data-component=\"FAQ\"> <div class=\"faq-item\">\r\n\t\t\t\t\t<div class=\"faq-item-question\">\r\n\t\t\t\t\t\t<h3 class=\"faq-item-question-text\">Gdzie w mojej witrynie mog\u0119 to wy\u015bwietli\u0107<\/h3>\r\n\r\n\t\t\t\t\t\t<div class=\"faq-item-question-icon\"><\/div>\r\n\t\t\t\t\t<\/div>\r\n\r\n\t\t\t\t\t<div class=\"faq-item-answer\">\r\n\t\t\t\t\t\t<div class=\"faq-item-answer-text\"> <p>Mo\u017cesz doda\u0107 wid\u017cet osadzania plik\u00f3w na dowolnej lub wszystkich stronach swojej witryny. Dzi\u0119ki niemu mo\u017cesz doda\u0107 swoj\u0105 dokumentacj\u0119 technologiczn\u0105 lub specyfikacje na stronach produkt\u00f3w lub doda\u0107 swoje dyplomy i kwalifikacje na stronie O nas. <\/p> <\/div>\r\n\t\t\t\t\t<\/div>\r\n\t\t\t\t<\/div> <div class=\"faq-item\">\r\n\t\t\t\t\t<div class=\"faq-item-question\">\r\n\t\t\t\t\t\t<h3 class=\"faq-item-question-text\">Jakie s\u0105 dla mnie korzy\u015bci z osadzania plik\u00f3w?<\/h3>\r\n\r\n\t\t\t\t\t\t<div class=\"faq-item-question-icon\"><\/div>\r\n\t\t\t\t\t<\/div>\r\n\r\n\t\t\t\t\t<div class=\"faq-item-answer\">\r\n\t\t\t\t\t\t<div class=\"faq-item-answer-text\"> <p>Ten wid\u017cet pozwala zaoszcz\u0119dzi\u0107 du\u017co czasu, poniewa\u017c dzi\u0119ki niemu dodawanie dokument\u00f3w do witryny trwa zaledwie sekundy. Co wi\u0119cej, zaprezentujesz wiele cennych danych o swoich produktach lub us\u0142ugach, aby poprawi\u0107 zrozumienie Twojej oferty przez u\u017cytkownik\u00f3w. <\/p> <\/div>\r\n\t\t\t\t\t<\/div>\r\n\t\t\t\t<\/div> <div class=\"faq-item\">\r\n\t\t\t\t\t<div class=\"faq-item-question\">\r\n\t\t\t\t\t\t<h3 class=\"faq-item-question-text\">Jak doda\u0107 osadzanie pliku do mojej witryny Shopify?<\/h3>\r\n\r\n\t\t\t\t\t\t<div class=\"faq-item-question-icon\"><\/div>\r\n\t\t\t\t\t<\/div>\r\n\r\n\t\t\t\t\t<div class=\"faq-item-answer\">\r\n\t\t\t\t\t\t<div class=\"faq-item-answer-text\"> <p>Rozpocz\u0119cie korzystania z wid\u017cetu zajmuje tylko dwie minuty. Proces jest naprawd\u0119 szybki, bezp\u0142atny i nie wymaga kodowania. <\/p> <ol> <li>Mo\u017cesz doda\u0107 wid\u017cet do witryny bezpo\u015brednio za po\u015brednictwem naszej us\u0142ugi. W tym celu wykonaj instrukcje podane na tej stronie. <\/li> <li>Wid\u017cet mo\u017cna zintegrowa\u0107 bezpo\u015brednio za po\u015brednictwem naszego serwisu lub za po\u015brednictwem rynku. Mo\u017cesz zobaczy\u0107 informacje o obu opcjach i wybra\u0107 swoj\u0105. <\/li> <\/ol> <\/div>\r\n\t\t\t\t\t<\/div>\r\n\t\t\t\t<\/div> <\/div> <\/div> <div class=\"application-platform-content-item-features application-platform-content-item\" id=\"features\" data-nav-section=\"features\"> <h2>G\u0142\u00f3wne funkcje wid\u017cetu osadzania plik\u00f3w<\/h2> <p>Aby mie\u0107 pe\u0142ny pogl\u0105d w File Embed odkryj list\u0119 g\u0142\u00f3wnych funkcji. Dzi\u0119ki nim nasz widget jest dla Ciebie niezwykle przydatny: <\/p> <ul><li>Integruj nieograniczon\u0105 liczb\u0119 dokument\u00f3w; <\/li> <li>Opcja uk\u0142adu przegl\u0105darki plik\u00f3w umo\u017cliwiaj\u0105ca przegl\u0105danie dokument\u00f3w na stronie; <\/li> <li>Przesy\u0142anie obraz\u00f3w ikon i podgl\u0105d\u00f3w; <\/li> <li>Pokazywanie lub ukrywanie etykiety pliku pobierania; <\/li> <li>6 kolorowych element\u00f3w interfejsu. <\/li> <\/ul><p>Aby pozna\u0107 wszystkie funkcje, obejrzyj demonstracj\u0119 na \u017cywo<\/p> <\/div> <div class=\"application-platform-content-item-installation application-platform-content-item\" id=\"installation\" data-nav-section=\"installation\"> <h2>Oto jak doda\u0107 wid\u017cet osadzania plik\u00f3w do swojego Sklep Shopify. To niewiarygodnie proste.<\/h2> <div class=\"video-container\"><iframe width=\"720\" height=\"405\" src=\"https:\/\/www.youtube.com\/embed\/_5fIgCodjcA\" frameborder=\"0\" allowfullscreen=\"\"><\/iframe><\/div><p>Te kilka krok\u00f3w to jedyne, co musisz zrobi\u0107. <\/p> <ol><li><b>Skorzystaj z naszej bezp\u0142atnej wersji demonstracyjnej i rozpocznij prac\u0119 ze swoj\u0105 niestandardow\u0105 aplikacj\u0105. <\/b><br> Wybierz odpowiedni uk\u0142ad i aspekty aplikacji, a nast\u0119pnie zastosuj wszystkie zmiany. <\/li> <li><b>Zdob\u0105d\u017a sw\u00f3j indywidualny kod, kt\u00f3ry jest wy\u015bwietlany w specjalnym formularzu w aplikacjach Elfsight. <\/b><br> Zaraz po skonfigurowaniu aplikacji osobistej skopiuj ekskluzywny kod z wy\u015bwietlonego okna i zapisz go do wykorzystania w przysz\u0142o\u015bci. <\/li> <li><b>Rozpocznij korzystanie z aplikacji w witrynie Shopify. <\/b><br> Zaimplementuj zapisany wcze\u015bniej kod w swojej witrynie i zastosuj ulepszenia. <\/li> <li><b>Instalacja zosta\u0142a w pe\u0142ni uko\u0144czona. <\/b><br> Przejd\u017a do swojej witryny, aby sprawdzi\u0107 dzia\u0142anie aplikacji. <\/li><\/ol><p>Nadal nie jeste\u015b pewien? Lub do\u015bwiadczasz problem\u00f3w? Wystarczy jedno zg\u0142oszenie do naszego dzia\u0142u obs\u0142ugi klienta, aby rozwi\u0105za\u0107 ka\u017cdy problem. <\/p> <\/div>","protected":false},"excerpt":{"rendered":"","protected":false},"author":9,"featured_media":0,"parent":3428,"menu_order":0,"comment_status":"closed","ping_status":"closed","template":"templates\/template-application-platform.php","meta":{"publish_to_discourse":"","publish_post_category":"","wpdc_auto_publish_overridden":"","wpdc_topic_tags":"","wpdc_pin_topic":"","wpdc_pin_until":"","discourse_post_id":"","discourse_permalink":"","wpdc_publishing_response":"","wpdc_publishing_error":"","footnotes":""},"class_list":["post-5216","page","type-page","status-publish","hentry"],"yoast_head":"<!-- This site is optimized with the Yoast SEO plugin v25.3.1 - https:\/\/yoast.com\/wordpress\/plugins\/seo\/ -->\n<title>Aplikacja File Viewer \u2014 osadzaj dowolne pliki na swojej stronie Shopify (2025)<\/title>\n<meta name=\"description\" content=\"Dzi\u0119ki Elfsight zaprojektuj aplikacj\u0119 File Embed i z \u0142atwo\u015bci\u0105 wstaw j\u0105 do swojego sklepu Shopify. Mamy bezp\u0142atn\u0105 obs\u0142ug\u0119 klienta i inne bonusy.\" \/>\n<meta name=\"robots\" content=\"index, follow, max-snippet:-1, max-image-preview:large, max-video-preview:-1\" \/>\n<link rel=\"canonical\" href=\"https:\/\/elfsight.com\/pl\/file-embed-widget\/shopify\/\" \/>\n<meta property=\"og:locale\" content=\"pl_PL\" \/>\n<meta property=\"og:type\" content=\"article\" \/>\n<meta property=\"og:title\" content=\"Aplikacja File Viewer \u2014 osadzaj dowolne pliki na swojej stronie Shopify (2025)\" \/>\n<meta property=\"og:description\" content=\"Dzi\u0119ki Elfsight zaprojektuj aplikacj\u0119 File Embed i z \u0142atwo\u015bci\u0105 wstaw j\u0105 do swojego sklepu Shopify. Mamy bezp\u0142atn\u0105 obs\u0142ug\u0119 klienta i inne bonusy.\" \/>\n<meta property=\"og:url\" content=\"https:\/\/elfsight.com\/pl\/file-embed-widget\/shopify\/\" \/>\n<meta property=\"og:site_name\" content=\"Elfsight PL\" \/>\n<meta property=\"article:modified_time\" content=\"2025-06-26T15:10:41+00:00\" \/>\n<meta name=\"twitter:card\" content=\"summary_large_image\" \/>\n<meta name=\"twitter:label1\" content=\"Szacowany czas czytania\" \/>\n\t<meta name=\"twitter:data1\" content=\"3 minuty\" \/>\n<!-- \/ Yoast SEO plugin. -->","yoast_head_json":{"title":"Aplikacja File Viewer \u2014 osadzaj dowolne pliki na swojej stronie Shopify (2025)","description":"Dzi\u0119ki Elfsight zaprojektuj aplikacj\u0119 File Embed i z \u0142atwo\u015bci\u0105 wstaw j\u0105 do swojego sklepu Shopify. Mamy bezp\u0142atn\u0105 obs\u0142ug\u0119 klienta i inne bonusy.","robots":{"index":"index","follow":"follow","max-snippet":"max-snippet:-1","max-image-preview":"max-image-preview:large","max-video-preview":"max-video-preview:-1"},"canonical":"https:\/\/elfsight.com\/pl\/file-embed-widget\/shopify\/","og_locale":"pl_PL","og_type":"article","og_title":"Aplikacja File Viewer \u2014 osadzaj dowolne pliki na swojej stronie Shopify (2025)","og_description":"Dzi\u0119ki Elfsight zaprojektuj aplikacj\u0119 File Embed i z \u0142atwo\u015bci\u0105 wstaw j\u0105 do swojego sklepu Shopify. Mamy bezp\u0142atn\u0105 obs\u0142ug\u0119 klienta i inne bonusy.","og_url":"https:\/\/elfsight.com\/pl\/file-embed-widget\/shopify\/","og_site_name":"Elfsight PL","article_modified_time":"2025-06-26T15:10:41+00:00","twitter_card":"summary_large_image","twitter_misc":{"Szacowany czas czytania":"3 minuty"},"schema":{"@context":"https:\/\/schema.org","@graph":[{"@type":"WebPage","@id":"https:\/\/elfsight.com\/pl\/file-embed-widget\/shopify\/","url":"https:\/\/elfsight.com\/pl\/file-embed-widget\/shopify\/","name":"Aplikacja File Viewer \u2014 osadzaj dowolne pliki na swojej stronie Shopify (2025)","isPartOf":{"@id":"https:\/\/elfsight.com\/pl\/#website"},"datePublished":"2024-05-03T06:37:15+00:00","dateModified":"2025-06-26T15:10:41+00:00","description":"Dzi\u0119ki Elfsight zaprojektuj aplikacj\u0119 File Embed i z \u0142atwo\u015bci\u0105 wstaw j\u0105 do swojego sklepu Shopify. Mamy bezp\u0142atn\u0105 obs\u0142ug\u0119 klienta i inne bonusy.","breadcrumb":{"@id":"https:\/\/elfsight.com\/pl\/file-embed-widget\/shopify\/#breadcrumb"},"inLanguage":"pl-PL","potentialAction":[{"@type":"ReadAction","target":["https:\/\/elfsight.com\/pl\/file-embed-widget\/shopify\/"]}]},{"@type":"BreadcrumbList","@id":"https:\/\/elfsight.com\/pl\/file-embed-widget\/shopify\/#breadcrumb","itemListElement":[{"@type":"ListItem","position":1,"name":"Home","item":"https:\/\/elfsight.com\/pl\/"},{"@type":"ListItem","position":2,"name":"File Embed","item":"https:\/\/elfsight.com\/pl\/file-embed-widget\/"},{"@type":"ListItem","position":3,"name":"File Embed &#8211; Shopify"}]},{"@type":"WebSite","@id":"https:\/\/elfsight.com\/pl\/#website","url":"https:\/\/elfsight.com\/pl\/","name":"Elfsight PL","description":"Just another Elfsight Sites site","potentialAction":[{"@type":"SearchAction","target":{"@type":"EntryPoint","urlTemplate":"https:\/\/elfsight.com\/pl\/?s={search_term_string}"},"query-input":{"@type":"PropertyValueSpecification","valueRequired":true,"valueName":"search_term_string"}}],"inLanguage":"pl-PL"}]}},"meta_box":{"industry":"","seo_heading":"","heading":"","description":"","cta_heading":"","cta_description":"","application":"3361","h1":"Aplikacja Shopify File Embed","h1_caption":"Osadzaj dokumenty, arkusze kalkulacyjne i inne pliki w swojej witrynie, aby \u0142atwo je przegl\u0105da\u0107 i pobiera\u0107 do witryny Shopify.","application_category":[],"applications_title":"","applications_request_title":"","applications_request_button_text":"","hero_text":"","hero_video":"","hero_video_schema_markup":"","selling_points_title":"","selling_points_caption":"","selling_points":[],"selling_points_cta_text":"","features_title":"","features":"","ed_cta_examples_text":"","ed_cta_examples_hidden":"","ed_cta_demo_text":"","ed_cta_demo_hidden":"","why_caption":"","why_editor_title":"","why_editor_text":"","why_team_title":"","why_team_text":"","why_service_title":"","why_service_text":"","template_catalog_visible":"0","template_catalog_title":"","template_catalog_text":"","template_catalog_categories_visible":"","demo_title":"Utw\u00f3rz aplikacj\u0119 do osadzania plik\u00f3w","demo_caption":"Skonfiguruj osadzanie plik\u00f3w i dodaj je do swojej witryny Shopify za darmo!","default_faq_hidden":"","app_template_category":[],"platform":"7580","template_public_id":"","codecanyon_url":"","codecanyon_item_id":"","codecanyon_price":"","pricing_caption":"","pricing_elfsight_apps_hide_column":"","pricing_elfsight_apps_url":"","pricing_codecanyon_price_caption":"","integration_category":[],"integration_request_title":"","integration_request_cta":"","integration_platform":"","integrations":[],"platform_category":[],"video_schema_markup":"","price":"od 0 USD \/ miesi\u0105c","trial":"","benefits":[{"text":"Bezp\u0142atna us\u0142uga monta\u017cu"},{"text":"Wsparcie premium"},{"text":"14-dniowa gwarancja zwrotu pieni\u0119dzy"}],"button_url":"#demo","button_target_blank":"0","button_nofollow":"0","attributes":[{"name":"Instaluje"},{"name":"Czu\u0142y"},{"name":"Kompatybilne przegl\u0105darki"}],"tags":[],"tags_disable_links":"0","hide_more_platforms":"0","video_object":"","demo_hide_cta":"0","demo_hide_cloud_options":"0","pricing_title":"","pricing":[{"pricing_icon":"cloud","pricing_title":"Elfsight Apps","pricing_title_caption":"Wersja wieloplatformowa, kt\u00f3ra dzia\u0142a na ka\u017cdej stronie internetowej","pricing_price":"od 0 USD \/ miesi\u0105c","pricing_price_caption":"zacznij od bezp\u0142atnego planu","pricing_benefits":[{"text":"Nielimitowane strony internetowe"},{"text":"Wsparcie premium"},{"text":"Bezp\u0142atna us\u0142uga monta\u017cu"},{"text":"Oferta specjalna na wiele aplikacji"}],"pricing_button_text":"Dodaj do witryny","pricing_button_url":"#demo"}],"related_apps_title":"","related_apps_hidden":"0","author":"","image":[],"title":"","job":"","social_networks":[]},"_links":{"self":[{"href":"https:\/\/elfsight.com\/pl\/wp-json\/wp\/v2\/pages\/5216","targetHints":{"allow":["GET"]}}],"collection":[{"href":"https:\/\/elfsight.com\/pl\/wp-json\/wp\/v2\/pages"}],"about":[{"href":"https:\/\/elfsight.com\/pl\/wp-json\/wp\/v2\/types\/page"}],"author":[{"embeddable":true,"href":"https:\/\/elfsight.com\/pl\/wp-json\/wp\/v2\/users\/9"}],"replies":[{"embeddable":true,"href":"https:\/\/elfsight.com\/pl\/wp-json\/wp\/v2\/comments?post=5216"}],"version-history":[{"count":2,"href":"https:\/\/elfsight.com\/pl\/wp-json\/wp\/v2\/pages\/5216\/revisions"}],"predecessor-version":[{"id":7808,"href":"https:\/\/elfsight.com\/pl\/wp-json\/wp\/v2\/pages\/5216\/revisions\/7808"}],"up":[{"embeddable":true,"href":"https:\/\/elfsight.com\/pl\/wp-json\/wp\/v2\/pages\/3428"}],"wp:attachment":[{"href":"https:\/\/elfsight.com\/pl\/wp-json\/wp\/v2\/media?parent=5216"}],"curies":[{"name":"wp","href":"https:\/\/api.w.org\/{rel}","templated":true}]}}