{"id":5215,"date":"2024-05-03T06:37:14","date_gmt":"2024-05-03T06:37:14","guid":{"rendered":"https:\/\/elfsight.com\/pl\/?page_id=5215"},"modified":"2025-06-26T15:11:16","modified_gmt":"2025-06-26T15:11:16","slug":"squarespace","status":"publish","type":"page","link":"https:\/\/elfsight.com\/pl\/file-embed-widget\/squarespace\/","title":{"rendered":"File Embed &#8211; Squarespace"},"content":{"rendered":"<div class=\"application-platform-content-item-description application-platform-content-item\" id=\"description\" data-nav-section=\"description\"> <h2>Osad\u017a plik Osad\u017a plik na Squarespace za pomoc\u0105 wid\u017cetu Elfsight<\/h2> <p>Wid\u017cet osadzania pliku Elfsight to naj\u0142atwiejsze i najszybsze narz\u0119dzie do dodawania plik\u00f3w w witrynie internetowej. Osadzaj wszystkie popularne pliki: PDF, Docx, Jpg, Jpeg \u2013 \u0142\u0105cznie oko\u0142o 20 format\u00f3w. Dla wygody u\u017cytkownika pliki mo\u017cna integrowa\u0107 poprzez przesy\u0142anie, wed\u0142ug adres\u00f3w URL lub wybieraj\u0105c spo\u015br\u00f3d ostatnio przes\u0142anych. Funkcje pozwalaj\u0105 nada\u0107 ka\u017cdemu plikowi w\u0142asn\u0105 nazw\u0119, przes\u0142a\u0107 niestandardow\u0105 ikon\u0119 i obraz, wybra\u0107 wariant uk\u0142adu plik\u00f3w i inne. Odwiedzaj\u0105cy witryn\u0119 mog\u0105 przegl\u0105da\u0107 pliki bezpo\u015brednio na stronie, otwiera\u0107 je w nowej karcie przegl\u0105darki i pobiera\u0107. <\/p> <div class=\"faq\" data-component=\"FAQ\"> <div class=\"faq-item\">\r\n\t\t\t\t\t<div class=\"faq-item-question\">\r\n\t\t\t\t\t\t<h3 class=\"faq-item-question-text\">Gdzie mog\u0119 wy\u015bwietli\u0107 t\u0119 wtyczk\u0119<\/h3>\r\n\r\n\t\t\t\t\t\t<div class=\"faq-item-question-icon\"><\/div>\r\n\t\t\t\t\t<\/div>\r\n\r\n\t\t\t\t\t<div class=\"faq-item-answer\">\r\n\t\t\t\t\t\t<div class=\"faq-item-answer-text\"> <p>Zastosowanie osadzania pliku na dowolnych stronach witryny jest \u0142atwe. Mo\u017cna go na przyk\u0142ad zastosowa\u0107 do wklejenia dokumentacji technologicznej lub instrukcji na stronach produkt\u00f3w lub zaprezentowania dyplom\u00f3w i certyfikat\u00f3w na stronie docelowej. <\/p> <\/div>\r\n\t\t\t\t\t<\/div>\r\n\t\t\t\t<\/div> <div class=\"faq-item\">\r\n\t\t\t\t\t<div class=\"faq-item-question\">\r\n\t\t\t\t\t\t<h3 class=\"faq-item-question-text\">Jakie b\u0119d\u0119 z tego korzy\u015bci?<\/h3>\r\n\r\n\t\t\t\t\t\t<div class=\"faq-item-question-icon\"><\/div>\r\n\t\t\t\t\t<\/div>\r\n\r\n\t\t\t\t\t<div class=\"faq-item-answer\">\r\n\t\t\t\t\t\t<div class=\"faq-item-answer-text\"> <p>Nasz widget pozwoli Ci zaoszcz\u0119dzi\u0107 mn\u00f3stwo czasu, poniewa\u017c dzi\u0119ki niemu dodawanie dokument\u00f3w w Twojej witrynie trwa zaledwie kilka sekund. Co wi\u0119cej, b\u0119dziesz w stanie dostarczy\u0107 mn\u00f3stwo cennych informacji o swoich produktach i us\u0142ugach, aby poszerzy\u0107 wiedz\u0119 klient\u00f3w na ich temat. <\/p> <\/div>\r\n\t\t\t\t\t<\/div>\r\n\t\t\t\t<\/div> <div class=\"faq-item\">\r\n\t\t\t\t\t<div class=\"faq-item-question\">\r\n\t\t\t\t\t\t<h3 class=\"faq-item-question-text\">Czego potrzebuj\u0119, aby m\u00f3c osadzi\u0107 plik w mojej witrynie Squarespace?<\/h3>\r\n\r\n\t\t\t\t\t\t<div class=\"faq-item-question-icon\"><\/div>\r\n\t\t\t\t\t<\/div>\r\n\r\n\t\t\t\t\t<div class=\"faq-item-answer\">\r\n\t\t\t\t\t\t<div class=\"faq-item-answer-text\"> <p>Potrzebujesz tylko minuty, aby rozpocz\u0105\u0107 korzystanie z wid\u017cetu. Proces jest bardzo szybki, bezp\u0142atny i nie obejmuje kodowania. <\/p> <ol> <li>Mo\u017cesz doda\u0107 wid\u017cet do swojej witryny internetowej bezpo\u015brednio za po\u015brednictwem naszej us\u0142ugi. Aby to zrobi\u0107, zapoznaj si\u0119 z przewodnikiem na tej stronie. <\/li> <li>Wid\u017cet mo\u017cna wprowadzi\u0107 za po\u015brednictwem naszego serwisu lub za po\u015brednictwem rynku. Mo\u017cesz zapozna\u0107 si\u0119 z obiema opcjami i zdecydowa\u0107, kt\u00f3ra jest Twoja. <\/li> <\/ol> <\/div>\r\n\t\t\t\t\t<\/div>\r\n\t\t\t\t<\/div> <\/div> <\/div> <div class=\"application-platform-content-item-features application-platform-content-item\" id=\"features\" data-nav-section=\"features\"> <h2>G\u0142\u00f3wne funkcje wid\u017cetu osadzania plik\u00f3w<\/h2> <p>Aby utworzy\u0107 pe\u0142ne zrozumienie wid\u017cetu, mo\u017cesz przestudiowa\u0107 list\u0119 jego najcenniejszych funkcji. Dzi\u0119ki nim widget jest dla Ciebie niezwykle przydatny: <\/p> <ul><li>Osadzaj nieograniczon\u0105 liczb\u0119 dokument\u00f3w; <\/li> <li>Opcja uk\u0142adu przegl\u0105darki plik\u00f3w umo\u017cliwiaj\u0105ca czytanie dokument\u00f3w w serwisie; <\/li> <li>Przesy\u0142anie zdj\u0119\u0107 ikon i podgl\u0105d\u00f3w; <\/li> <li>Poka\u017c lub ukryj etykiet\u0119 dokumentu Pobierz; <\/li> <li> Mo\u017cliwo\u015b\u0107 pomalowania sze\u015bciu element\u00f3w interfejsu. <\/li> <\/ul><p>Poznaj pe\u0142n\u0105 list\u0119 funkcji w naszej wersji demonstracyjnej na \u017cywo <\/p> <\/div> <div class=\"application-platform-content-item-installation application-platform-content-item\" id=\"installation\" data-nav-section=\"installation\"> <h2>Dowiedz si\u0119, jak zintegrowa\u0107 wid\u017cet ze swoj\u0105 witryn\u0105 Squarespace . Nie wymaga kodowania<\/h2> <div class=\"video-container\"><iframe width=\"720\" height=\"405\" src=\"https:\/\/www.youtube.com\/embed\/w2cueLjk6Oo\" frameborder=\"0\" allowfullscreen=\"\"><\/iframe><\/div><p>Te kilka czynno\u015bci to jedyna rzecz, kt\u00f3r\u0105 musisz wykona\u0107, aby ustali\u0107. <\/p> <ol><li><b>Stw\u00f3rz w\u0142asn\u0105 wtyczk\u0119 File Embed<\/b><br> W naszym darmowym edytorze mo\u017cesz stworzy\u0107 interfejs ustawie\u0144 wtyczki i opcje projektowania. <\/li><li><b>Uzyskaj osobisty kod do osadzenia wtyczki<\/b><br> Po skonfigurowaniu wid\u017cetu otrzymasz unikalny kod z wy\u015bwietlonego okna aplikacji Elfsight. Skopiuj ten kod do dalszego wykorzystania. <\/li> <li><b>Opublikuj wtyczk\u0119 na swojej stronie Squarespace<\/b><br> Przejd\u017a do obszaru, w kt\u00f3rym chcesz wy\u015bwietli\u0107 wtyczk\u0119 i wklej tam zapisany kod. Opublikuj wyniki. <\/li> <li><b>Instalacja zosta\u0142a w pe\u0142ni przeprowadzona<\/b><br> Odwied\u017a sklep, aby sprawdzi\u0107 swoj\u0105 wtyczk\u0119. <\/li> <\/ol><p>Nadal nie jeste\u015b pewien? Albo natkn\u0105\u0142e\u015b si\u0119 na co\u015b? Wystarczy napisa\u0107 pro\u015bb\u0119 do naszego dzia\u0142u obs\u0142ugi klienta. Rozwi\u0105\u017cemy ka\u017cdy problem terminowo i profesjonalnie. <\/p> <\/div>","protected":false},"excerpt":{"rendered":"","protected":false},"author":9,"featured_media":0,"parent":3428,"menu_order":0,"comment_status":"closed","ping_status":"closed","template":"templates\/template-application-platform.php","meta":{"publish_to_discourse":"","publish_post_category":"","wpdc_auto_publish_overridden":"","wpdc_topic_tags":"","wpdc_pin_topic":"","wpdc_pin_until":"","discourse_post_id":"","discourse_permalink":"","wpdc_publishing_response":"","wpdc_publishing_error":"","footnotes":""},"class_list":["post-5215","page","type-page","status-publish","hentry"],"yoast_head":"<!-- This site is optimized with the Yoast SEO plugin v25.3.1 - https:\/\/yoast.com\/wordpress\/plugins\/seo\/ -->\n<title>Wtyczka File Viewer - osadzaj dowolne pliki na swojej stronie Squarespace (2025)<\/title>\n<meta name=\"description\" content=\"Oto mo\u017cliwo\u015b\u0107 utworzenia wtyczki File Embed i dodania jej do swojej witryny Squarespace. Ciesz si\u0119 bezp\u0142atn\u0105 obs\u0142ug\u0105 klienta i innymi bonusami od Elfsight.\" \/>\n<meta name=\"robots\" content=\"index, follow, max-snippet:-1, max-image-preview:large, max-video-preview:-1\" \/>\n<link rel=\"canonical\" href=\"https:\/\/elfsight.com\/pl\/file-embed-widget\/squarespace\/\" \/>\n<meta property=\"og:locale\" content=\"pl_PL\" \/>\n<meta property=\"og:type\" content=\"article\" \/>\n<meta property=\"og:title\" content=\"Wtyczka File Viewer - osadzaj dowolne pliki na swojej stronie Squarespace (2025)\" \/>\n<meta property=\"og:description\" content=\"Oto mo\u017cliwo\u015b\u0107 utworzenia wtyczki File Embed i dodania jej do swojej witryny Squarespace. Ciesz si\u0119 bezp\u0142atn\u0105 obs\u0142ug\u0105 klienta i innymi bonusami od Elfsight.\" \/>\n<meta property=\"og:url\" content=\"https:\/\/elfsight.com\/pl\/file-embed-widget\/squarespace\/\" \/>\n<meta property=\"og:site_name\" content=\"Elfsight PL\" \/>\n<meta property=\"article:modified_time\" content=\"2025-06-26T15:11:16+00:00\" \/>\n<meta name=\"twitter:card\" content=\"summary_large_image\" \/>\n<meta name=\"twitter:label1\" content=\"Szacowany czas czytania\" \/>\n\t<meta name=\"twitter:data1\" content=\"3 minuty\" \/>\n<!-- \/ Yoast SEO plugin. -->","yoast_head_json":{"title":"Wtyczka File Viewer - osadzaj dowolne pliki na swojej stronie Squarespace (2025)","description":"Oto mo\u017cliwo\u015b\u0107 utworzenia wtyczki File Embed i dodania jej do swojej witryny Squarespace. Ciesz si\u0119 bezp\u0142atn\u0105 obs\u0142ug\u0105 klienta i innymi bonusami od Elfsight.","robots":{"index":"index","follow":"follow","max-snippet":"max-snippet:-1","max-image-preview":"max-image-preview:large","max-video-preview":"max-video-preview:-1"},"canonical":"https:\/\/elfsight.com\/pl\/file-embed-widget\/squarespace\/","og_locale":"pl_PL","og_type":"article","og_title":"Wtyczka File Viewer - osadzaj dowolne pliki na swojej stronie Squarespace (2025)","og_description":"Oto mo\u017cliwo\u015b\u0107 utworzenia wtyczki File Embed i dodania jej do swojej witryny Squarespace. Ciesz si\u0119 bezp\u0142atn\u0105 obs\u0142ug\u0105 klienta i innymi bonusami od Elfsight.","og_url":"https:\/\/elfsight.com\/pl\/file-embed-widget\/squarespace\/","og_site_name":"Elfsight PL","article_modified_time":"2025-06-26T15:11:16+00:00","twitter_card":"summary_large_image","twitter_misc":{"Szacowany czas czytania":"3 minuty"},"schema":{"@context":"https:\/\/schema.org","@graph":[{"@type":"WebPage","@id":"https:\/\/elfsight.com\/pl\/file-embed-widget\/squarespace\/","url":"https:\/\/elfsight.com\/pl\/file-embed-widget\/squarespace\/","name":"Wtyczka File Viewer - osadzaj dowolne pliki na swojej stronie Squarespace (2025)","isPartOf":{"@id":"https:\/\/elfsight.com\/pl\/#website"},"datePublished":"2024-05-03T06:37:14+00:00","dateModified":"2025-06-26T15:11:16+00:00","description":"Oto mo\u017cliwo\u015b\u0107 utworzenia wtyczki File Embed i dodania jej do swojej witryny Squarespace. Ciesz si\u0119 bezp\u0142atn\u0105 obs\u0142ug\u0105 klienta i innymi bonusami od Elfsight.","breadcrumb":{"@id":"https:\/\/elfsight.com\/pl\/file-embed-widget\/squarespace\/#breadcrumb"},"inLanguage":"pl-PL","potentialAction":[{"@type":"ReadAction","target":["https:\/\/elfsight.com\/pl\/file-embed-widget\/squarespace\/"]}]},{"@type":"BreadcrumbList","@id":"https:\/\/elfsight.com\/pl\/file-embed-widget\/squarespace\/#breadcrumb","itemListElement":[{"@type":"ListItem","position":1,"name":"Home","item":"https:\/\/elfsight.com\/pl\/"},{"@type":"ListItem","position":2,"name":"File Embed","item":"https:\/\/elfsight.com\/pl\/file-embed-widget\/"},{"@type":"ListItem","position":3,"name":"File Embed &#8211; Squarespace"}]},{"@type":"WebSite","@id":"https:\/\/elfsight.com\/pl\/#website","url":"https:\/\/elfsight.com\/pl\/","name":"Elfsight PL","description":"Just another Elfsight Sites site","potentialAction":[{"@type":"SearchAction","target":{"@type":"EntryPoint","urlTemplate":"https:\/\/elfsight.com\/pl\/?s={search_term_string}"},"query-input":{"@type":"PropertyValueSpecification","valueRequired":true,"valueName":"search_term_string"}}],"inLanguage":"pl-PL"}]}},"meta_box":{"industry":"","seo_heading":"","heading":"","description":"","cta_heading":"","cta_description":"","application":"3361","h1":"Wtyczka do osadzania plik\u00f3w Squarespace","h1_caption":"Osadzaj dokumenty, arkusze kalkulacyjne i inne pliki w swojej witrynie, aby \u0142atwo je przegl\u0105da\u0107 i pobiera\u0107 do witryny Squarespace.","application_category":[],"applications_title":"","applications_request_title":"","applications_request_button_text":"","hero_text":"","hero_video":"","hero_video_schema_markup":"","selling_points_title":"","selling_points_caption":"","selling_points":[],"selling_points_cta_text":"","features_title":"","features":"","ed_cta_examples_text":"","ed_cta_examples_hidden":"","ed_cta_demo_text":"","ed_cta_demo_hidden":"","why_caption":"","why_editor_title":"","why_editor_text":"","why_team_title":"","why_team_text":"","why_service_title":"","why_service_text":"","template_catalog_visible":"0","template_catalog_title":"","template_catalog_text":"","template_catalog_categories_visible":"","demo_title":"Utw\u00f3rz wtyczk\u0119 File Embed","demo_caption":"Skonfiguruj osadzanie plik\u00f3w i dodaj je do swojej witryny Squarespace za darmo!","default_faq_hidden":"","app_template_category":[],"platform":"7588","template_public_id":"","codecanyon_url":"","codecanyon_item_id":"","codecanyon_price":"","pricing_caption":"","pricing_elfsight_apps_hide_column":"","pricing_elfsight_apps_url":"","pricing_codecanyon_price_caption":"","integration_category":[],"integration_request_title":"","integration_request_cta":"","integration_platform":"","integrations":[],"platform_category":[],"video_schema_markup":"","price":"od 0 USD \/ miesi\u0105c","trial":"","benefits":[{"text":"Bezp\u0142atna pomoc w instalacji"},{"text":"Skuteczna obs\u0142uga klienta"},{"text":"14-dniowa gwarancja zwrotu pieni\u0119dzy"}],"button_url":"#demo","button_target_blank":"0","button_nofollow":"0","attributes":[{"name":"Instaluje"},{"name":"Czu\u0142y"},{"name":"Kompatybilne przegl\u0105darki"}],"tags":[],"tags_disable_links":"0","hide_more_platforms":"0","video_object":"","demo_hide_cta":"0","demo_hide_cloud_options":"0","pricing_title":"","pricing":[{"pricing_icon":"platform","pricing_title":"Elfsight Apps","pricing_title_caption":"Wersja wieloplatformowa","pricing_price":"od 0 USD \/ miesi\u0105c","pricing_price_caption":"zacznij od bezp\u0142atnego planu","pricing_benefits":[{"text":"Nielimitowane domeny"},{"text":"Wsparcie premium, terminowe i dobrze udokumentowane"},{"text":"Bezp\u0142atna us\u0142uga monta\u017cu"},{"text":"100% konfigurowalny"}],"pricing_button_text":"Dodaj do witryny","pricing_button_url":"#demo"}],"related_apps_title":"","related_apps_hidden":"0","author":"","image":[],"title":"","job":"","social_networks":[]},"_links":{"self":[{"href":"https:\/\/elfsight.com\/pl\/wp-json\/wp\/v2\/pages\/5215","targetHints":{"allow":["GET"]}}],"collection":[{"href":"https:\/\/elfsight.com\/pl\/wp-json\/wp\/v2\/pages"}],"about":[{"href":"https:\/\/elfsight.com\/pl\/wp-json\/wp\/v2\/types\/page"}],"author":[{"embeddable":true,"href":"https:\/\/elfsight.com\/pl\/wp-json\/wp\/v2\/users\/9"}],"replies":[{"embeddable":true,"href":"https:\/\/elfsight.com\/pl\/wp-json\/wp\/v2\/comments?post=5215"}],"version-history":[{"count":2,"href":"https:\/\/elfsight.com\/pl\/wp-json\/wp\/v2\/pages\/5215\/revisions"}],"predecessor-version":[{"id":7807,"href":"https:\/\/elfsight.com\/pl\/wp-json\/wp\/v2\/pages\/5215\/revisions\/7807"}],"up":[{"embeddable":true,"href":"https:\/\/elfsight.com\/pl\/wp-json\/wp\/v2\/pages\/3428"}],"wp:attachment":[{"href":"https:\/\/elfsight.com\/pl\/wp-json\/wp\/v2\/media?parent=5215"}],"curies":[{"name":"wp","href":"https:\/\/api.w.org\/{rel}","templated":true}]}}