{"id":5214,"date":"2024-05-03T06:37:13","date_gmt":"2024-05-03T06:37:13","guid":{"rendered":"https:\/\/elfsight.com\/pl\/?page_id=5214"},"modified":"2024-11-14T12:38:36","modified_gmt":"2024-11-14T12:38:36","slug":"webflow","status":"publish","type":"page","link":"https:\/\/elfsight.com\/pl\/file-embed-widget\/webflow\/","title":{"rendered":"File Embed &#8211; Webflow"},"content":{"rendered":"<div class=\"application-platform-content-item-description application-platform-content-item\" id=\"description\" data-nav-section=\"description\"> <h2>Osad\u017a plik Osad\u017a plik w Webflow za pomoc\u0105 wid\u017cetu Elfsight<\/h2> <p>Elfsight File Osad\u017a to naj\u0142atwiejsze i najszybsze narz\u0119dzie do wklejania plik\u00f3w Twoja strona. Przedstaw wszystkie najcz\u0119\u015bciej u\u017cywane pliki: PDF, Docx, Jpg, Pptx \u2013 \u0142\u0105cznie oko\u0142o 20 typ\u00f3w. Aby u\u0142atwi\u0107 obs\u0142ug\u0119, dokumenty mo\u017cna wstawia\u0107 bezpo\u015brednio, wprowadzaj\u0105c adresy URL lub wybieraj\u0105c ostatnio przes\u0142ane dokumenty. Ka\u017cdemu dokumentowi mo\u017cesz nada\u0107 w\u0142asn\u0105 nazw\u0119, za\u0142adowa\u0107 ikon\u0119 lub obraz podgl\u0105du, wybra\u0107 opcj\u0119 uk\u0142adu plik\u00f3w i inne. Odwiedzaj\u0105cy witryn\u0119 mog\u0105 przegl\u0105da\u0107 pliki bezpo\u015brednio na Twojej stronie, otwiera\u0107 je w nowej karcie i pobiera\u0107. <\/p> <div class=\"faq\" data-component=\"FAQ\"> <div class=\"faq-item\">\r\n\t\t\t\t\t<div class=\"faq-item-question\">\r\n\t\t\t\t\t\t<h3 class=\"faq-item-question-text\">Gdzie mog\u0119 doda\u0107 t\u0119 wtyczk\u0119<\/h3>\r\n\r\n\t\t\t\t\t\t<div class=\"faq-item-question-icon\"><\/div>\r\n\t\t\t\t\t<\/div>\r\n\r\n\t\t\t\t\t<div class=\"faq-item-answer\">\r\n\t\t\t\t\t\t<div class=\"faq-item-answer-text\"> <p>Mo\u017cesz wy\u015bwietli\u0107 osadzanie pliku na ka\u017cdej stronie swojej witryny. Mo\u017cna go na przyk\u0142ad wykorzysta\u0107 do umieszczenia dokumentacji technologicznej lub wytycznych na odpowiednich stronach produkt\u00f3w i zaprezentowania dyplom\u00f3w i certyfikat\u00f3w na stronie docelowej. <\/p> <\/div>\r\n\t\t\t\t\t<\/div>\r\n\t\t\t\t<\/div> <div class=\"faq-item\">\r\n\t\t\t\t\t<div class=\"faq-item-question\">\r\n\t\t\t\t\t\t<h3 class=\"faq-item-question-text\">Jakie korzy\u015bci mi to daje?<\/h3>\r\n\r\n\t\t\t\t\t\t<div class=\"faq-item-question-icon\"><\/div>\r\n\t\t\t\t\t<\/div>\r\n\r\n\t\t\t\t\t<div class=\"faq-item-answer\">\r\n\t\t\t\t\t\t<div class=\"faq-item-answer-text\"> <p>Widget firmy Elfsight pozwoli Ci zaoszcz\u0119dzi\u0107 mn\u00f3stwo czasu, poniewa\u017c dzi\u0119ki niemu integracja dokument\u00f3w z Twoj\u0105 witryn\u0105 zajmuje tylko kilka sekund . B\u0119dziesz tak\u017ce w stanie poda\u0107 wiele istotnych szczeg\u00f3\u0142\u00f3w na temat swoich produkt\u00f3w i us\u0142ug, a tak\u017ce osi\u0105gn\u0105\u0107 lepsze zrozumienie swoich ofert w\u015br\u00f3d u\u017cytkownik\u00f3w. <\/p> <\/div>\r\n\t\t\t\t\t<\/div>\r\n\t\t\t\t<\/div> <div class=\"faq-item\">\r\n\t\t\t\t\t<div class=\"faq-item-question\">\r\n\t\t\t\t\t\t<h3 class=\"faq-item-question-text\">Czego potrzebuj\u0119, aby osadzi\u0107 osadzenie pliku w mojej witrynie internetowej Webflow?<\/h3>\r\n\r\n\t\t\t\t\t\t<div class=\"faq-item-question-icon\"><\/div>\r\n\t\t\t\t\t<\/div>\r\n\r\n\t\t\t\t\t<div class=\"faq-item-answer\">\r\n\t\t\t\t\t\t<div class=\"faq-item-answer-text\"> <p>Osadzanie wid\u017cetu zajmuje tylko trzy minuty. Dodawanie jest naprawd\u0119 szybkie, bezp\u0142atne i nie wymaga kodowania. <\/p> <ol> <li>Za po\u015brednictwem naszej us\u0142ugi istnieje mo\u017cliwo\u015b\u0107 wprowadzenia osadzania plik\u00f3w na stronie internetowej. W tym celu skorzystaj z kr\u00f3tkiego opisu na tej stronie. <\/li> <li>Osadzanie plik\u00f3w Elfsight mo\u017cna osadzi\u0107 za po\u015brednictwem naszej us\u0142ugi lub za po\u015brednictwem rynku. Mo\u017cesz zobaczy\u0107 wszystkie szczeg\u00f3\u0142y obu wariant\u00f3w i wybra\u0107 sw\u00f3j. <\/li> <\/ol> <\/div>\r\n\t\t\t\t\t<\/div>\r\n\t\t\t\t<\/div> <\/div> <\/div> <div class=\"application-platform-content-item-features application-platform-content-item\" id=\"features\" data-nav-section=\"features\"> <h2>G\u0142\u00f3wne funkcje wid\u017cetu osadzania plik\u00f3w<\/h2> <p>Aby zapewni\u0107 lepsze zrozumienie w File Embed odkryj list\u0119 najwa\u017cniejszych funkcji. Sprawiaj\u0105, \u017ce widget jest niezwykle korzystny dla Twojej promocji: <\/p> <ul><li>Pokazuj nieograniczon\u0105 liczb\u0119 dokument\u00f3w; <\/li> <li>Opcja uk\u0142adu przegl\u0105darki plik\u00f3w umo\u017cliwiaj\u0105ca przegl\u0105danie plik\u00f3w na stronie internetowej; <\/li> <li>Prze\u015blij obrazy ikon plik\u00f3w i podgl\u0105d\u00f3w; <\/li> <li>Opcja pokazania lub ukrycia tekstu pliku do pobrania; <\/li> <li> Pokoloruj sze\u015b\u0107 szczeg\u00f3\u0142\u00f3w interfejsu. <\/li> <\/ul><p>Aby pozna\u0107 wi\u0119cej funkcji, zobacz demonstracj\u0119<\/p> <\/div> <div class=\"application-platform-content-item-installation application-platform-content-item\" id=\"installation\" data-nav-section=\"installation\"> <h2>Dowiedz si\u0119, jak umie\u015bci\u0107 wid\u017cet osadzania plik\u00f3w w witrynie Webflow. To proste<\/h2> <div class=\"video-container\"><iframe width=\"720\" height=\"405\" src=\"https:\/\/www.youtube.com\/embed\/p0rwdqYR5z8\" frameborder=\"0\" allowfullscreen=\"\"><\/iframe><\/div><p>Poni\u017csze czynno\u015bci to jedyne, co musisz wykona\u0107, aby osadzi\u0107. <\/p> <ol><li><b>Stw\u00f3rz w\u0142asn\u0105 wtyczk\u0119 File Embed<\/b><br> Zarz\u0105dzaj\u0105c naszym darmowym edytorem, stw\u00f3rz wtyczk\u0119 z wybranym uk\u0142adem i cechami funkcjonalnymi. <\/li><li><b>Skopiuj kod osobisty, aby zainstalowa\u0107 wtyczk\u0119<\/b><br> Po utworzeniu wid\u017cetu otrzymasz kod instalacyjny z wy\u015bwietlonego okna aplikacji Elfsight. Skopiuj ten kod. <\/li> <li><b>Opublikuj wtyczk\u0119 na swojej stronie Webflow<\/b><br> Wybierz obszar, z kt\u00f3rym chcesz zintegrowa\u0107 wtyczk\u0119 i wstaw tam skopiowany kod. Opublikuj wyniki. <\/li> <li><b>Gratulacje! W\u0142a\u015bnie zintegrowa\u0142e\u015b widget! <\/b><br> Odwied\u017a witryn\u0119, aby zobaczy\u0107 swoj\u0105 wtyczk\u0119. <\/li> <\/ol><p>Nadal nie mo\u017cesz si\u0119 zdecydowa\u0107? Lub masz pytania? Wystarczy napisa\u0107 wniosek do naszej obs\u0142ugi klienta, a rozwi\u0105\u017cemy ka\u017cdy problem. <\/p> <\/div>","protected":false},"excerpt":{"rendered":"","protected":false},"author":9,"featured_media":0,"parent":3428,"menu_order":0,"comment_status":"closed","ping_status":"closed","template":"templates\/template-application-platform.php","meta":{"publish_to_discourse":"","publish_post_category":"","wpdc_auto_publish_overridden":"","wpdc_topic_tags":"","wpdc_pin_topic":"","wpdc_pin_until":"","discourse_post_id":"","discourse_permalink":"","wpdc_publishing_response":"","wpdc_publishing_error":"","footnotes":""},"class_list":["post-5214","page","type-page","status-publish","hentry"],"yoast_head":"<!-- This site is optimized with the Yoast SEO plugin v25.3.1 - https:\/\/yoast.com\/wordpress\/plugins\/seo\/ -->\n<title>Przegl\u0105darka plik\u00f3w \u2014 osadzaj dowolne pliki na swojej stronie internetowej Webflow (2025)<\/title>\n<meta name=\"description\" content=\"Stworzenie wid\u017cetu File Embed i dodanie go do witryny internetowej Webflow jest ca\u0142kowicie proste. Obs\u0142uga klienta Elfsight jest bezp\u0142atna.\" \/>\n<meta name=\"robots\" content=\"index, follow, max-snippet:-1, max-image-preview:large, max-video-preview:-1\" \/>\n<link rel=\"canonical\" href=\"https:\/\/elfsight.com\/pl\/file-embed-widget\/webflow\/\" \/>\n<meta property=\"og:locale\" content=\"pl_PL\" \/>\n<meta property=\"og:type\" content=\"article\" \/>\n<meta property=\"og:title\" content=\"Przegl\u0105darka plik\u00f3w \u2014 osadzaj dowolne pliki na swojej stronie internetowej Webflow (2025)\" \/>\n<meta property=\"og:description\" content=\"Stworzenie wid\u017cetu File Embed i dodanie go do witryny internetowej Webflow jest ca\u0142kowicie proste. Obs\u0142uga klienta Elfsight jest bezp\u0142atna.\" \/>\n<meta property=\"og:url\" content=\"https:\/\/elfsight.com\/pl\/file-embed-widget\/webflow\/\" \/>\n<meta property=\"og:site_name\" content=\"Elfsight PL\" \/>\n<meta property=\"article:modified_time\" content=\"2024-11-14T12:38:36+00:00\" \/>\n<meta name=\"twitter:card\" content=\"summary_large_image\" \/>\n<meta name=\"twitter:label1\" content=\"Szacowany czas czytania\" \/>\n\t<meta name=\"twitter:data1\" content=\"3 minuty\" \/>\n<!-- \/ Yoast SEO plugin. -->","yoast_head_json":{"title":"Przegl\u0105darka plik\u00f3w \u2014 osadzaj dowolne pliki na swojej stronie internetowej Webflow (2025)","description":"Stworzenie wid\u017cetu File Embed i dodanie go do witryny internetowej Webflow jest ca\u0142kowicie proste. Obs\u0142uga klienta Elfsight jest bezp\u0142atna.","robots":{"index":"index","follow":"follow","max-snippet":"max-snippet:-1","max-image-preview":"max-image-preview:large","max-video-preview":"max-video-preview:-1"},"canonical":"https:\/\/elfsight.com\/pl\/file-embed-widget\/webflow\/","og_locale":"pl_PL","og_type":"article","og_title":"Przegl\u0105darka plik\u00f3w \u2014 osadzaj dowolne pliki na swojej stronie internetowej Webflow (2025)","og_description":"Stworzenie wid\u017cetu File Embed i dodanie go do witryny internetowej Webflow jest ca\u0142kowicie proste. Obs\u0142uga klienta Elfsight jest bezp\u0142atna.","og_url":"https:\/\/elfsight.com\/pl\/file-embed-widget\/webflow\/","og_site_name":"Elfsight PL","article_modified_time":"2024-11-14T12:38:36+00:00","twitter_card":"summary_large_image","twitter_misc":{"Szacowany czas czytania":"3 minuty"},"schema":{"@context":"https:\/\/schema.org","@graph":[{"@type":"WebPage","@id":"https:\/\/elfsight.com\/pl\/file-embed-widget\/webflow\/","url":"https:\/\/elfsight.com\/pl\/file-embed-widget\/webflow\/","name":"Przegl\u0105darka plik\u00f3w \u2014 osadzaj dowolne pliki na swojej stronie internetowej Webflow (2025)","isPartOf":{"@id":"https:\/\/elfsight.com\/pl\/#website"},"datePublished":"2024-05-03T06:37:13+00:00","dateModified":"2024-11-14T12:38:36+00:00","description":"Stworzenie wid\u017cetu File Embed i dodanie go do witryny internetowej Webflow jest ca\u0142kowicie proste. Obs\u0142uga klienta Elfsight jest bezp\u0142atna.","breadcrumb":{"@id":"https:\/\/elfsight.com\/pl\/file-embed-widget\/webflow\/#breadcrumb"},"inLanguage":"pl-PL","potentialAction":[{"@type":"ReadAction","target":["https:\/\/elfsight.com\/pl\/file-embed-widget\/webflow\/"]}]},{"@type":"BreadcrumbList","@id":"https:\/\/elfsight.com\/pl\/file-embed-widget\/webflow\/#breadcrumb","itemListElement":[{"@type":"ListItem","position":1,"name":"Home","item":"https:\/\/elfsight.com\/pl\/"},{"@type":"ListItem","position":2,"name":"File Embed","item":"https:\/\/elfsight.com\/pl\/file-embed-widget\/"},{"@type":"ListItem","position":3,"name":"File Embed &#8211; Webflow"}]},{"@type":"WebSite","@id":"https:\/\/elfsight.com\/pl\/#website","url":"https:\/\/elfsight.com\/pl\/","name":"Elfsight PL","description":"Just another Elfsight Sites site","potentialAction":[{"@type":"SearchAction","target":{"@type":"EntryPoint","urlTemplate":"https:\/\/elfsight.com\/pl\/?s={search_term_string}"},"query-input":{"@type":"PropertyValueSpecification","valueRequired":true,"valueName":"search_term_string"}}],"inLanguage":"pl-PL"}]}},"meta_box":{"industry":"","seo_heading":"","heading":"","description":"","cta_heading":"","cta_description":"","application":"3361","h1":"Widget osadzania pliku Webflow","h1_caption":"Osadzaj dokumenty, arkusze kalkulacyjne i inne pliki w swojej witrynie internetowej, aby \u0142atwo je przegl\u0105da\u0107 i pobiera\u0107 do witryny Webflow.","application_category":[],"applications_title":"","applications_request_title":"","applications_request_button_text":"","hero_text":"","hero_video":"","hero_video_schema_markup":"","selling_points_title":"","selling_points_caption":"","selling_points":[],"selling_points_cta_text":"","features_title":"","features":"","ed_cta_examples_text":"","ed_cta_examples_hidden":"","ed_cta_demo_text":"","ed_cta_demo_hidden":"","why_caption":"","why_editor_title":"","why_editor_text":"","why_team_title":"","why_team_text":"","why_service_title":"","why_service_text":"","template_catalog_visible":"","template_catalog_title":"","template_catalog_text":"","template_catalog_categories_visible":"","demo_title":"Utw\u00f3rz wid\u017cet osadzania plik\u00f3w","demo_caption":"Skonfiguruj osadzanie plik\u00f3w i dodaj je do swojej witryny Webflow za darmo!","default_faq_hidden":"","app_template_category":[],"platform":"127","template_public_id":"","codecanyon_url":"","codecanyon_item_id":"","codecanyon_price":"","pricing_caption":"","pricing_elfsight_apps_hide_column":"","pricing_elfsight_apps_url":"","pricing_codecanyon_price_caption":"","integration_category":[],"integration_request_title":"","integration_request_cta":"","integration_platform":"","integrations":[],"platform_category":[],"video_schema_markup":"","price":"od 0 USD \/ miesi\u0105c","trial":"","benefits":[{"text":"Bezp\u0142atna pomoc w monta\u017cu"},{"text":"Skuteczna obs\u0142uga klienta"},{"text":"14-dniowa gwarancja zwrotu pieni\u0119dzy"}],"button_url":"#demo","button_target_blank":"","button_nofollow":"","attributes":[{"name":"Instaluje"},{"name":"Czu\u0142y"},{"name":"Kompatybilne przegl\u0105darki"}],"tags":[],"tags_disable_links":"","hide_more_platforms":"","video_object":"","demo_hide_cta":"","demo_hide_cloud_options":"","pricing_title":"","pricing":[{"pricing_icon":"platform","pricing_title":"Elfsight Apps","pricing_title_caption":"Wieloplatformowe rozwi\u0105zanie cyfrowe, kt\u00f3re dzia\u0142a na ka\u017cdej stronie internetowej","pricing_price":"od 0 USD \/ miesi\u0105c","pricing_price_caption":"zacznij od bezp\u0142atnego planu","pricing_benefits":[{"text":"Nieograniczona liczba stron internetowych"},{"text":"Wsparcie premium"},{"text":"Bezp\u0142atna us\u0142uga monta\u017cu"},{"text":"Specjalna oferta na wiele aplikacji"}],"pricing_button_text":"Dodaj do witryny","pricing_button_url":"#demo"}],"related_apps_title":"","related_apps_hidden":"","author":"","image":[],"title":"","job":"","social_networks":[]},"_links":{"self":[{"href":"https:\/\/elfsight.com\/pl\/wp-json\/wp\/v2\/pages\/5214","targetHints":{"allow":["GET"]}}],"collection":[{"href":"https:\/\/elfsight.com\/pl\/wp-json\/wp\/v2\/pages"}],"about":[{"href":"https:\/\/elfsight.com\/pl\/wp-json\/wp\/v2\/types\/page"}],"author":[{"embeddable":true,"href":"https:\/\/elfsight.com\/pl\/wp-json\/wp\/v2\/users\/9"}],"replies":[{"embeddable":true,"href":"https:\/\/elfsight.com\/pl\/wp-json\/wp\/v2\/comments?post=5214"}],"version-history":[{"count":2,"href":"https:\/\/elfsight.com\/pl\/wp-json\/wp\/v2\/pages\/5214\/revisions"}],"predecessor-version":[{"id":7806,"href":"https:\/\/elfsight.com\/pl\/wp-json\/wp\/v2\/pages\/5214\/revisions\/7806"}],"up":[{"embeddable":true,"href":"https:\/\/elfsight.com\/pl\/wp-json\/wp\/v2\/pages\/3428"}],"wp:attachment":[{"href":"https:\/\/elfsight.com\/pl\/wp-json\/wp\/v2\/media?parent=5214"}],"curies":[{"name":"wp","href":"https:\/\/api.w.org\/{rel}","templated":true}]}}