{"id":5208,"date":"2024-05-03T06:37:11","date_gmt":"2024-05-03T06:37:11","guid":{"rendered":"https:\/\/elfsight.com\/pl\/?page_id=5208"},"modified":"2024-11-14T12:38:28","modified_gmt":"2024-11-14T12:38:28","slug":"weebly","status":"publish","type":"page","link":"https:\/\/elfsight.com\/pl\/file-embed-widget\/weebly\/","title":{"rendered":"File Embed &#8211; Weebly"},"content":{"rendered":"<div class=\"application-platform-content-item-description application-platform-content-item\" id=\"description\" data-nav-section=\"description\"> <h2>Opis<\/h2> <p>Elfsight File Embed to jeden z naj\u0142atwiejszych wid\u017cet\u00f3w do wklejania plik\u00f3w na stronie. Dodaj wszystkie popularne formaty: PDF, Docx, Jpg, Jpeg \u2013 \u0142\u0105cznie oko\u0142o 20 typ\u00f3w. Dla Twojej wygody dokumenty mo\u017cna dodawa\u0107 po prostu przesy\u0142aj\u0105c je, wed\u0142ug ich adres\u00f3w URL lub wybieraj\u0105c ostatnio przes\u0142ane. Funkcje te umo\u017cliwiaj\u0105 nadanie ka\u017cdemu dokumentowi w\u0142asnego tytu\u0142u, przes\u0142anie ikony i podgl\u0105du obrazu, wybranie wariantu uk\u0142adu plik\u00f3w i inne. Odwiedzaj\u0105cy witryn\u0119 mog\u0105 przegl\u0105da\u0107 dokumenty bezpo\u015brednio na Twojej stronie, otwiera\u0107 je w nowej karcie i pobiera\u0107. <\/p> <div class=\"faq\" data-component=\"FAQ\"> <div class=\"faq-item\">\r\n\t\t\t\t\t<div class=\"faq-item-question\">\r\n\t\t\t\t\t\t<h3 class=\"faq-item-question-text\">Gdzie mog\u0119 to opublikowa\u0107<\/h3>\r\n\r\n\t\t\t\t\t\t<div class=\"faq-item-question-icon\"><\/div>\r\n\t\t\t\t\t<\/div>\r\n\r\n\t\t\t\t\t<div class=\"faq-item-answer\">\r\n\t\t\t\t\t\t<div class=\"faq-item-answer-text\"> <p>Mo\u017cesz doda\u0107 osadzanie pliku na ka\u017cdej stronie witryny. Dzi\u0119ki niemu mo\u017cesz osadzi\u0107 swoje dokumenty techniczne lub wytyczne na odpowiednich stronach produkt\u00f3w, a tak\u017ce pochwali\u0107 si\u0119 swoimi dyplomami i kwalifikacjami na stronie O nas. <\/p> <\/div>\r\n\t\t\t\t\t<\/div>\r\n\t\t\t\t<\/div> <div class=\"faq-item\">\r\n\t\t\t\t\t<div class=\"faq-item-question\">\r\n\t\t\t\t\t\t<h3 class=\"faq-item-question-text\">Jakie korzy\u015bci odnios\u0119 z tej wtyczki?<\/h3>\r\n\r\n\t\t\t\t\t\t<div class=\"faq-item-question-icon\"><\/div>\r\n\t\t\t\t\t<\/div>\r\n\r\n\t\t\t\t\t<div class=\"faq-item-answer\">\r\n\t\t\t\t\t\t<div class=\"faq-item-answer-text\"> <p>Ten widget pozwoli Ci zaoszcz\u0119dzi\u0107 du\u017co czasu, poniewa\u017c z jego pomoc\u0105 dodanie plik\u00f3w do Twojej witryny zajmie tylko sekundy. Co wi\u0119cej, pomaga przekaza\u0107 wiele istotnych szczeg\u00f3\u0142\u00f3w na temat Twoich produkt\u00f3w lub us\u0142ug, aby zwi\u0119kszy\u0107 \u015bwiadomo\u015b\u0107 u\u017cytkownik\u00f3w na temat Twoich produkt\u00f3w. <\/p> <\/div>\r\n\t\t\t\t\t<\/div>\r\n\t\t\t\t<\/div> <div class=\"faq-item\">\r\n\t\t\t\t\t<div class=\"faq-item-question\">\r\n\t\t\t\t\t\t<h3 class=\"faq-item-question-text\">Jak zainstalowa\u0107 osadzanie plik\u00f3w w mojej witrynie Weebly?<\/h3>\r\n\r\n\t\t\t\t\t\t<div class=\"faq-item-question-icon\"><\/div>\r\n\t\t\t\t\t<\/div>\r\n\r\n\t\t\t\t\t<div class=\"faq-item-answer\">\r\n\t\t\t\t\t\t<div class=\"faq-item-answer-text\"> <p>Wystarcz\u0105 tylko trzy minuty, aby rozpocz\u0105\u0107 korzystanie z wid\u017cetu. Osadzanie jest super szybkie, bezp\u0142atne i niewymagaj\u0105ce kodowania. <\/p> <ol> <li>W naszym serwisie mo\u017cesz wprowadzi\u0107 osadzanie plik\u00f3w w swojej witrynie. Wystarczy wykona\u0107 kroki opisane w poni\u017cszym przewodniku na tej stronie. <\/li> <li>Osadzanie plik\u00f3w Elfsight mo\u017cna skonfigurowa\u0107 za po\u015brednictwem naszej us\u0142ugi lub za po\u015brednictwem rynku. Tutaj mo\u017cesz pozna\u0107 wi\u0119cej szczeg\u00f3\u0142\u00f3w na temat tych wariant\u00f3w i wybra\u0107 sw\u00f3j. <\/li> <\/ol> <\/div>\r\n\t\t\t\t\t<\/div>\r\n\t\t\t\t<\/div> <\/div> <\/div> <div class=\"application-platform-content-item-features application-platform-content-item\" id=\"features\" data-nav-section=\"features\"> <h2>Funkcje<\/h2> <p>Aby zapewni\u0107 wyra\u017aniejszy odbi\u00f3r osadzania plik\u00f3w, przejrzyj list\u0119 najbardziej wyr\u00f3\u017cniaj\u0105cych si\u0119 cech. Dzi\u0119ki nim ten widget jest dla Ciebie niezwykle przydatny: <\/p> <ul><li>Dodawaj nieograniczon\u0105 liczb\u0119 dokument\u00f3w; <\/li> <li>Wariant uk\u0142adu przegl\u0105darki plik\u00f3w do przegl\u0105dania dokument\u00f3w na stronie internetowej; <\/li> <li>Prze\u015blij obrazy ikon i podgl\u0105d\u00f3w; <\/li> <li>Poka\u017c lub wy\u0142\u0105cz etykiet\u0119 Pobierz plik; <\/li> <li> Pomaluj sze\u015b\u0107 element\u00f3w interfejsu. <\/li> <\/ul><p>Aby sprawdzi\u0107 wi\u0119cej funkcji, zobacz demonstracj\u0119 na \u017cywo<\/p> <\/div> <div class=\"application-platform-content-item-installation application-platform-content-item\" id=\"installation\" data-nav-section=\"installation\"> <h2>Dowiedz si\u0119, jak zintegrowa\u0107 wid\u017cet File Embed ze swoj\u0105 witryn\u0105 Weebly . <\/h2> <div class=\"video-container\"><iframe width=\"720\" height=\"405\" src=\"https:\/\/www.youtube.com\/embed\/IJAWKe7ltnw\" frameborder=\"0\" allowfullscreen=\"\"><\/iframe><\/div><p>Poni\u017csze czynno\u015bci to jedyne co musisz wykona\u0107, aby opublikowa\u0107 wid\u017cet. <\/p> <ol><li><b>Wykonaj nasz\u0105 bezp\u0142atn\u0105 wersj\u0119 demonstracyjn\u0105 i zacznij tworzy\u0107 spersonalizowan\u0105 aplikacj\u0119. <\/b><br> Wybierz preferowany uk\u0142ad i dzia\u0142anie aplikacji oraz zastosuj wszystkie modyfikacje. <\/li> <li><b>Skopiuj unikalny kod pokazany w specjalnym formularzu w aplikacjach Elfsight. <\/b><br> Po zako\u0144czeniu konfiguracji aplikacji skopiuj ekskluzywny kod z wyskakuj\u0105cego okienka i zapisz go do wykorzystania w przysz\u0142o\u015bci. <\/li> <li><b>Rozpocznij korzystanie z aplikacji na stronie internetowej Weebly. <\/b><br> Umie\u015b\u0107 na swojej stronie ostatnio skopiowany kod i zapisz poprawki. <\/li> <li><b>Gotowe! Osadzanie zosta\u0142o w pe\u0142ni zako\u0144czone. <\/b><br> Odwied\u017a swoj\u0105 stron\u0119 internetow\u0105, aby sprawdzi\u0107 dzia\u0142anie aplikacji. <\/li><\/ol><p>Nadal nie podj\u0105\u0142e\u015b decyzji? Lub do\u015bwiadczasz problem\u00f3w? Tylko jedna pro\u015bba do naszego zespo\u0142u wsparcia rozwi\u0105\u017ce ka\u017cdy problem. <\/p> <\/div>","protected":false},"excerpt":{"rendered":"","protected":false},"author":9,"featured_media":0,"parent":3428,"menu_order":0,"comment_status":"closed","ping_status":"closed","template":"templates\/template-application-platform.php","meta":{"publish_to_discourse":"","publish_post_category":"","wpdc_auto_publish_overridden":"","wpdc_topic_tags":"","wpdc_pin_topic":"","wpdc_pin_until":"","discourse_post_id":"","discourse_permalink":"","wpdc_publishing_response":"","wpdc_publishing_error":"","footnotes":""},"class_list":["post-5208","page","type-page","status-publish","hentry"],"yoast_head":"<!-- This site is optimized with the Yoast SEO plugin v25.3.1 - https:\/\/yoast.com\/wordpress\/plugins\/seo\/ -->\n<title>Aplikacja File Viewer \u2014 osadzaj dowolne pliki na swojej witrynie Weebly (2025 r.)<\/title>\n<meta name=\"description\" content=\"Dzi\u0119ki Elfsight mo\u017cesz z \u0142atwo\u015bci\u0105 stworzy\u0107 aplikacj\u0119 File Embed i umie\u015bci\u0107 j\u0105 na swojej stronie internetowej Weebly. Oferujemy bezp\u0142atn\u0105 obs\u0142ug\u0119 klienta i wi\u0119cej bonus\u00f3w.\" \/>\n<meta name=\"robots\" content=\"index, follow, max-snippet:-1, max-image-preview:large, max-video-preview:-1\" \/>\n<link rel=\"canonical\" href=\"https:\/\/elfsight.com\/pl\/file-embed-widget\/weebly\/\" \/>\n<meta property=\"og:locale\" content=\"pl_PL\" \/>\n<meta property=\"og:type\" content=\"article\" \/>\n<meta property=\"og:title\" content=\"Aplikacja File Viewer \u2014 osadzaj dowolne pliki na swojej witrynie Weebly (2025 r.)\" \/>\n<meta property=\"og:description\" content=\"Dzi\u0119ki Elfsight mo\u017cesz z \u0142atwo\u015bci\u0105 stworzy\u0107 aplikacj\u0119 File Embed i umie\u015bci\u0107 j\u0105 na swojej stronie internetowej Weebly. Oferujemy bezp\u0142atn\u0105 obs\u0142ug\u0119 klienta i wi\u0119cej bonus\u00f3w.\" \/>\n<meta property=\"og:url\" content=\"https:\/\/elfsight.com\/pl\/file-embed-widget\/weebly\/\" \/>\n<meta property=\"og:site_name\" content=\"Elfsight PL\" \/>\n<meta property=\"article:modified_time\" content=\"2024-11-14T12:38:28+00:00\" \/>\n<meta name=\"twitter:card\" content=\"summary_large_image\" \/>\n<meta name=\"twitter:label1\" content=\"Szacowany czas czytania\" \/>\n\t<meta name=\"twitter:data1\" content=\"3 minuty\" \/>\n<!-- \/ Yoast SEO plugin. -->","yoast_head_json":{"title":"Aplikacja File Viewer \u2014 osadzaj dowolne pliki na swojej witrynie Weebly (2025 r.)","description":"Dzi\u0119ki Elfsight mo\u017cesz z \u0142atwo\u015bci\u0105 stworzy\u0107 aplikacj\u0119 File Embed i umie\u015bci\u0107 j\u0105 na swojej stronie internetowej Weebly. Oferujemy bezp\u0142atn\u0105 obs\u0142ug\u0119 klienta i wi\u0119cej bonus\u00f3w.","robots":{"index":"index","follow":"follow","max-snippet":"max-snippet:-1","max-image-preview":"max-image-preview:large","max-video-preview":"max-video-preview:-1"},"canonical":"https:\/\/elfsight.com\/pl\/file-embed-widget\/weebly\/","og_locale":"pl_PL","og_type":"article","og_title":"Aplikacja File Viewer \u2014 osadzaj dowolne pliki na swojej witrynie Weebly (2025 r.)","og_description":"Dzi\u0119ki Elfsight mo\u017cesz z \u0142atwo\u015bci\u0105 stworzy\u0107 aplikacj\u0119 File Embed i umie\u015bci\u0107 j\u0105 na swojej stronie internetowej Weebly. Oferujemy bezp\u0142atn\u0105 obs\u0142ug\u0119 klienta i wi\u0119cej bonus\u00f3w.","og_url":"https:\/\/elfsight.com\/pl\/file-embed-widget\/weebly\/","og_site_name":"Elfsight PL","article_modified_time":"2024-11-14T12:38:28+00:00","twitter_card":"summary_large_image","twitter_misc":{"Szacowany czas czytania":"3 minuty"},"schema":{"@context":"https:\/\/schema.org","@graph":[{"@type":"WebPage","@id":"https:\/\/elfsight.com\/pl\/file-embed-widget\/weebly\/","url":"https:\/\/elfsight.com\/pl\/file-embed-widget\/weebly\/","name":"Aplikacja File Viewer \u2014 osadzaj dowolne pliki na swojej witrynie Weebly (2025 r.)","isPartOf":{"@id":"https:\/\/elfsight.com\/pl\/#website"},"datePublished":"2024-05-03T06:37:11+00:00","dateModified":"2024-11-14T12:38:28+00:00","description":"Dzi\u0119ki Elfsight mo\u017cesz z \u0142atwo\u015bci\u0105 stworzy\u0107 aplikacj\u0119 File Embed i umie\u015bci\u0107 j\u0105 na swojej stronie internetowej Weebly. Oferujemy bezp\u0142atn\u0105 obs\u0142ug\u0119 klienta i wi\u0119cej bonus\u00f3w.","breadcrumb":{"@id":"https:\/\/elfsight.com\/pl\/file-embed-widget\/weebly\/#breadcrumb"},"inLanguage":"pl-PL","potentialAction":[{"@type":"ReadAction","target":["https:\/\/elfsight.com\/pl\/file-embed-widget\/weebly\/"]}]},{"@type":"BreadcrumbList","@id":"https:\/\/elfsight.com\/pl\/file-embed-widget\/weebly\/#breadcrumb","itemListElement":[{"@type":"ListItem","position":1,"name":"Home","item":"https:\/\/elfsight.com\/pl\/"},{"@type":"ListItem","position":2,"name":"File Embed","item":"https:\/\/elfsight.com\/pl\/file-embed-widget\/"},{"@type":"ListItem","position":3,"name":"File Embed &#8211; Weebly"}]},{"@type":"WebSite","@id":"https:\/\/elfsight.com\/pl\/#website","url":"https:\/\/elfsight.com\/pl\/","name":"Elfsight PL","description":"Just another Elfsight Sites site","potentialAction":[{"@type":"SearchAction","target":{"@type":"EntryPoint","urlTemplate":"https:\/\/elfsight.com\/pl\/?s={search_term_string}"},"query-input":{"@type":"PropertyValueSpecification","valueRequired":true,"valueName":"search_term_string"}}],"inLanguage":"pl-PL"}]}},"meta_box":{"industry":"","seo_heading":"","heading":"","description":"","cta_heading":"","cta_description":"","application":"3361","h1":"Aplikacja Weebly do osadzania plik\u00f3w","h1_caption":"Osadzaj dokumenty, arkusze kalkulacyjne i inne pliki w swojej witrynie, aby \u0142atwo je przegl\u0105da\u0107 i pobiera\u0107 do witryny Weebly.","application_category":[],"applications_title":"","applications_request_title":"","applications_request_button_text":"","hero_text":"","hero_video":"","hero_video_schema_markup":"","selling_points_title":"","selling_points_caption":"","selling_points":[],"selling_points_cta_text":"","features_title":"","features":"","ed_cta_examples_text":"","ed_cta_examples_hidden":"","ed_cta_demo_text":"","ed_cta_demo_hidden":"","why_caption":"","why_editor_title":"","why_editor_text":"","why_team_title":"","why_team_text":"","why_service_title":"","why_service_text":"","template_catalog_visible":"","template_catalog_title":"","template_catalog_text":"","template_catalog_categories_visible":"","demo_title":"Utw\u00f3rz aplikacj\u0119 do osadzania plik\u00f3w","demo_caption":"Skonfiguruj osadzanie plik\u00f3w i dodaj je do swojej witryny Weebly za darmo!","default_faq_hidden":"","app_template_category":[],"platform":"132","template_public_id":"","codecanyon_url":"","codecanyon_item_id":"","codecanyon_price":"","pricing_caption":"","pricing_elfsight_apps_hide_column":"","pricing_elfsight_apps_url":"","pricing_codecanyon_price_caption":"","integration_category":[],"integration_request_title":"","integration_request_cta":"","integration_platform":"","integrations":[],"platform_category":[],"video_schema_markup":"","price":"od 0 USD \/ miesi\u0105c","trial":"","benefits":[{"text":"Bezp\u0142atna pomoc w instalacji"},{"text":"Profesjonalna obs\u0142uga klienta"},{"text":"14-dniowa gwarancja zwrotu pieni\u0119dzy"}],"button_url":"#demo","button_target_blank":"","button_nofollow":"","attributes":[{"name":"Instaluje"},{"name":"Czu\u0142y"},{"name":"Kompatybilne przegl\u0105darki"}],"tags":[],"tags_disable_links":"","hide_more_platforms":"","video_object":"","demo_hide_cta":"","demo_hide_cloud_options":"","pricing_title":"","pricing":[{"pricing_icon":"platform","pricing_title":"Elfsight Apps","pricing_title_caption":"Rozwi\u0105zanie wieloplatformowe, kt\u00f3re dzia\u0142a na ka\u017cdej stronie internetowej","pricing_price":"od 0 USD \/ miesi\u0105c","pricing_price_caption":"zacznij od bezp\u0142atnego planu","pricing_benefits":[{"text":"Nielimitowane domeny"},{"text":"Bezp\u0142atne wsparcie"},{"text":"Bezp\u0142atne wsparcie przy instalacji"},{"text":"100% konfigurowalny"}],"pricing_button_text":"Dodaj do witryny","pricing_button_url":"#demo"}],"related_apps_title":"","related_apps_hidden":"","author":"","image":[],"title":"","job":"","social_networks":[]},"_links":{"self":[{"href":"https:\/\/elfsight.com\/pl\/wp-json\/wp\/v2\/pages\/5208","targetHints":{"allow":["GET"]}}],"collection":[{"href":"https:\/\/elfsight.com\/pl\/wp-json\/wp\/v2\/pages"}],"about":[{"href":"https:\/\/elfsight.com\/pl\/wp-json\/wp\/v2\/types\/page"}],"author":[{"embeddable":true,"href":"https:\/\/elfsight.com\/pl\/wp-json\/wp\/v2\/users\/9"}],"replies":[{"embeddable":true,"href":"https:\/\/elfsight.com\/pl\/wp-json\/wp\/v2\/comments?post=5208"}],"version-history":[{"count":2,"href":"https:\/\/elfsight.com\/pl\/wp-json\/wp\/v2\/pages\/5208\/revisions"}],"predecessor-version":[{"id":7805,"href":"https:\/\/elfsight.com\/pl\/wp-json\/wp\/v2\/pages\/5208\/revisions\/7805"}],"up":[{"embeddable":true,"href":"https:\/\/elfsight.com\/pl\/wp-json\/wp\/v2\/pages\/3428"}],"wp:attachment":[{"href":"https:\/\/elfsight.com\/pl\/wp-json\/wp\/v2\/media?parent=5208"}],"curies":[{"name":"wp","href":"https:\/\/api.w.org\/{rel}","templated":true}]}}