{"id":5206,"date":"2024-05-03T06:37:09","date_gmt":"2024-05-03T06:37:09","guid":{"rendered":"https:\/\/elfsight.com\/pl\/?page_id=5206"},"modified":"2024-11-14T12:38:28","modified_gmt":"2024-11-14T12:38:28","slug":"wordpress","status":"publish","type":"page","link":"https:\/\/elfsight.com\/pl\/file-embed-widget\/wordpress\/","title":{"rendered":"File Embed &#8211; WordPress"},"content":{"rendered":"<div class=\"application-platform-content-item-description application-platform-content-item\" id=\"description\" data-nav-section=\"description\"> <h2>Osad\u017a plik Osad\u017a plik w WordPress za pomoc\u0105 wid\u017cetu Elfsight<\/h2> <p>Osadzanie pliku Elfsight to najwygodniejszy i najszybszy spos\u00f3b integracji plik\u00f3w w Twojej witrynie. Wstawiaj wszystkie popularne pliki: PDF, Docx, Jpg, Jpeg \u2013 \u0142\u0105cznie oko\u0142o 20 format\u00f3w. Aby u\u0142atwi\u0107 obs\u0142ug\u0119, pliki mo\u017cna dodawa\u0107, po prostu przesy\u0142aj\u0105c je, dodaj\u0105c ich adresy URL lub wybieraj\u0105c spo\u015br\u00f3d ostatnio przes\u0142anych. Mo\u017cesz nada\u0107 ka\u017cdemu plikowi nazw\u0119, przes\u0142a\u0107 w\u0142asn\u0105 ikon\u0119 lub obraz, wybra\u0107 wariant uk\u0142adu plik\u00f3w i zrobi\u0107 wi\u0119cej. U\u017cytkownicy serwisu mog\u0105 przeczyta\u0107 dokumenty bezpo\u015brednio na stronie, otworzy\u0107 je w nowej karcie i pobra\u0107. <\/p> <div class=\"faq\" data-component=\"FAQ\"> <div class=\"faq-item\">\r\n\t\t\t\t\t<div class=\"faq-item-question\">\r\n\t\t\t\t\t\t<h3 class=\"faq-item-question-text\">Gdzie w mojej witrynie mog\u0119 go osadzi\u0107<\/h3>\r\n\r\n\t\t\t\t\t\t<div class=\"faq-item-question-icon\"><\/div>\r\n\t\t\t\t\t<\/div>\r\n\r\n\t\t\t\t\t<div class=\"faq-item-answer\">\r\n\t\t\t\t\t\t<div class=\"faq-item-answer-text\"> <p>Mo\u017cesz wy\u015bwietli\u0107 opcj\u0119 Osadzenie pliku na dowolnej stronie witryny. Mo\u017cesz go wi\u0119c zastosowa\u0107 do wklejenia dokument\u00f3w technologicznych lub specyfikacji na odpowiednich stronach produkt\u00f3w lub pochwali\u0107 si\u0119 swoimi dyplomami i certyfikatami na stronie docelowej. <\/p> <\/div>\r\n\t\t\t\t\t<\/div>\r\n\t\t\t\t<\/div> <div class=\"faq-item\">\r\n\t\t\t\t\t<div class=\"faq-item-question\">\r\n\t\t\t\t\t\t<h3 class=\"faq-item-question-text\">Jakie korzy\u015bci mo\u017ce mi to da\u0107?<\/h3>\r\n\r\n\t\t\t\t\t\t<div class=\"faq-item-question-icon\"><\/div>\r\n\t\t\t\t\t<\/div>\r\n\r\n\t\t\t\t\t<div class=\"faq-item-answer\">\r\n\t\t\t\t\t\t<div class=\"faq-item-answer-text\"> <p>Ten widget pozwoli Ci zaoszcz\u0119dzi\u0107 mn\u00f3stwo czasu, poniewa\u017c integracja dokument\u00f3w z Twoj\u0105 witryn\u0105 zajmie tylko kilka sekund. Mo\u017cesz tak\u017ce rozpowszechnia\u0107 wiele istotnych informacji o swoich produktach lub us\u0142ugach i poprawia\u0107 zrozumienie Twoich ofert przez klient\u00f3w. <\/p> <\/div>\r\n\t\t\t\t\t<\/div>\r\n\t\t\t\t<\/div> <div class=\"faq-item\">\r\n\t\t\t\t\t<div class=\"faq-item-question\">\r\n\t\t\t\t\t\t<h3 class=\"faq-item-question-text\">Czego potrzebuj\u0119, aby zainstalowa\u0107 File Embed na mojej witrynie WordPress?<\/h3>\r\n\r\n\t\t\t\t\t\t<div class=\"faq-item-question-icon\"><\/div>\r\n\t\t\t\t\t<\/div>\r\n\r\n\t\t\t\t\t<div class=\"faq-item-answer\">\r\n\t\t\t\t\t\t<div class=\"faq-item-answer-text\"> <p>Potrzebujesz tylko jednej minuty, aby rozpocz\u0105\u0107 korzystanie z wid\u017cetu. Osadzanie jest niezwykle szybkie, bezp\u0142atne i nie wymaga kodowania. <\/p> <ol> <li>Mo\u017cesz umie\u015bci\u0107 wid\u017cet na swojej stronie internetowej bezpo\u015brednio za po\u015brednictwem naszego serwisu. Wystarczy zastosowa\u0107 si\u0119 do poni\u017cszych instrukcji na tej stronie. <\/li> <li>Widget mo\u017cna zintegrowa\u0107 za po\u015brednictwem naszej us\u0142ugi lub za po\u015brednictwem rynku. Mo\u017cesz pozna\u0107 wi\u0119cej szczeg\u00f3\u0142\u00f3w obu wariant\u00f3w i wybra\u0107 sw\u00f3j. <\/li> <\/ol> <\/div>\r\n\t\t\t\t\t<\/div>\r\n\t\t\t\t<\/div> <\/div> <\/div> <div class=\"application-platform-content-item-features application-platform-content-item\" id=\"features\" data-nav-section=\"features\"> <h2>G\u0142\u00f3wne funkcje wid\u017cetu osadzania plik\u00f3w<\/h2> <p>Aby uzyska\u0107 ja\u015bniejszy pomys\u0142 widgetu, oto lista jego podstawowych funkcji. Sprawiaj\u0105, \u017ce ten widget jest naprawd\u0119 korzystny dla Twojej firmy: <\/p> <ul><li>Poka\u017c dowoln\u0105 ilo\u015b\u0107 dokument\u00f3w; <\/li> <li>Wariant uk\u0142adu przegl\u0105darki plik\u00f3w do czytania dokument\u00f3w w witrynie; <\/li> <li>Przesy\u0142anie obraz\u00f3w ikon dokument\u00f3w i podgl\u0105d\u00f3w; <\/li> <li>Poka\u017c lub ukryj tekst pliku do pobrania; <\/li> <li> Szczeg\u00f3\u0142y interfejsu programu Paint 6. <\/li> <\/ul><p> Demo poka\u017ce Ci wi\u0119cej funkcji<\/p> <\/div> <div class=\"application-platform-content-item-installation application-platform-content-item\" id=\"installation\" data-nav-section=\"installation\"> <h2>Sprawd\u017amy, jak osadzi\u0107 wid\u017cet File Embed na Twojej witrynie WordPress . <\/h2> <div class=\"video-container\"><iframe width=\"720\" height=\"405\" src=\"https:\/\/www.youtube.com\/embed\/RtBBRptIOY0\" frameborder=\"0\" allowfullscreen=\"\"><\/iframe><\/div><p>Poni\u017csze kroki to jedyne, co musisz opublikowa\u0107. <\/p> <ol><li><b>Otw\u00f3rz nasz darmowy edytor i rozpocznij prac\u0119 z niestandardow\u0105 wtyczk\u0105 File Embed. <\/b><br> Znajd\u017a niestandardowy uk\u0142ad i opcje wtyczki i zapisz wszystkie poprawki. <\/li> <li><b>Zdob\u0105d\u017a unikalny kod pojawiaj\u0105cy si\u0119 w oknie aplikacji Elfsight. <\/b><br> Po zako\u0144czeniu konfiguracji wtyczki skopiuj kod osobisty z wy\u015bwietlonego okna i zachowaj go na przysz\u0142o\u015b\u0107. <\/li> <li><b>Rozpocznij korzystanie z wtyczki na swojej stronie internetowej WordPress. <\/b><br> Umie\u015b\u0107 zapisany wcze\u015bniej kod na swojej stronie internetowej i zastosuj modyfikacje. <\/li> <li><b>Gotowe! Osadzanie zosta\u0142o w pe\u0142ni zako\u0144czone. <\/b><br> Przejd\u017a na swoj\u0105 stron\u0119 internetow\u0105, aby zobaczy\u0107 dzia\u0142anie wtyczki. <\/li><\/ol><p>Nadal nie podj\u0105\u0142e\u015b decyzji? Lub masz pytania? Po prostu wy\u015blij zapytanie do naszego dzia\u0142u obs\u0142ugi klienta, a oni rozwi\u0105\u017c\u0105 ka\u017cdy Tw\u00f3j problem. <\/p> <\/div>","protected":false},"excerpt":{"rendered":"","protected":false},"author":9,"featured_media":0,"parent":3428,"menu_order":0,"comment_status":"closed","ping_status":"closed","template":"templates\/template-application-platform.php","meta":{"publish_to_discourse":"","publish_post_category":"","wpdc_auto_publish_overridden":"","wpdc_topic_tags":"","wpdc_pin_topic":"","wpdc_pin_until":"","discourse_post_id":"","discourse_permalink":"","wpdc_publishing_response":"","wpdc_publishing_error":"","footnotes":""},"class_list":["post-5206","page","type-page","status-publish","hentry"],"yoast_head":"<!-- This site is optimized with the Yoast SEO plugin v25.3.1 - https:\/\/yoast.com\/wordpress\/plugins\/seo\/ -->\n<title>Wtyczka File Viewer - Osad\u017a dowolne pliki na swojej stronie WordPress (2026)<\/title>\n<meta name=\"description\" content=\"Zaprojektuj wtyczk\u0119 File Embed i b\u0142yskawicznie poka\u017c j\u0105 na stronie WordPress. Mamy bezp\u0142atn\u0105 obs\u0142ug\u0119 klienta i inne bonusy.\" \/>\n<meta name=\"robots\" content=\"index, follow, max-snippet:-1, max-image-preview:large, max-video-preview:-1\" \/>\n<link rel=\"canonical\" href=\"https:\/\/elfsight.com\/pl\/file-embed-widget\/wordpress\/\" \/>\n<meta property=\"og:locale\" content=\"pl_PL\" \/>\n<meta property=\"og:type\" content=\"article\" \/>\n<meta property=\"og:title\" content=\"Wtyczka File Viewer - Osad\u017a dowolne pliki na swojej stronie WordPress (2026)\" \/>\n<meta property=\"og:description\" content=\"Zaprojektuj wtyczk\u0119 File Embed i b\u0142yskawicznie poka\u017c j\u0105 na stronie WordPress. Mamy bezp\u0142atn\u0105 obs\u0142ug\u0119 klienta i inne bonusy.\" \/>\n<meta property=\"og:url\" content=\"https:\/\/elfsight.com\/pl\/file-embed-widget\/wordpress\/\" \/>\n<meta property=\"og:site_name\" content=\"Elfsight PL\" \/>\n<meta property=\"article:modified_time\" content=\"2024-11-14T12:38:28+00:00\" \/>\n<meta name=\"twitter:card\" content=\"summary_large_image\" \/>\n<meta name=\"twitter:label1\" content=\"Szacowany czas czytania\" \/>\n\t<meta name=\"twitter:data1\" content=\"3 minuty\" \/>\n<!-- \/ Yoast SEO plugin. -->","yoast_head_json":{"title":"Wtyczka File Viewer - Osad\u017a dowolne pliki na swojej stronie WordPress (2026)","description":"Zaprojektuj wtyczk\u0119 File Embed i b\u0142yskawicznie poka\u017c j\u0105 na stronie WordPress. Mamy bezp\u0142atn\u0105 obs\u0142ug\u0119 klienta i inne bonusy.","robots":{"index":"index","follow":"follow","max-snippet":"max-snippet:-1","max-image-preview":"max-image-preview:large","max-video-preview":"max-video-preview:-1"},"canonical":"https:\/\/elfsight.com\/pl\/file-embed-widget\/wordpress\/","og_locale":"pl_PL","og_type":"article","og_title":"Wtyczka File Viewer - Osad\u017a dowolne pliki na swojej stronie WordPress (2026)","og_description":"Zaprojektuj wtyczk\u0119 File Embed i b\u0142yskawicznie poka\u017c j\u0105 na stronie WordPress. Mamy bezp\u0142atn\u0105 obs\u0142ug\u0119 klienta i inne bonusy.","og_url":"https:\/\/elfsight.com\/pl\/file-embed-widget\/wordpress\/","og_site_name":"Elfsight PL","article_modified_time":"2024-11-14T12:38:28+00:00","twitter_card":"summary_large_image","twitter_misc":{"Szacowany czas czytania":"3 minuty"},"schema":{"@context":"https:\/\/schema.org","@graph":[{"@type":"WebPage","@id":"https:\/\/elfsight.com\/pl\/file-embed-widget\/wordpress\/","url":"https:\/\/elfsight.com\/pl\/file-embed-widget\/wordpress\/","name":"Wtyczka File Viewer - Osad\u017a dowolne pliki na swojej stronie WordPress (2026)","isPartOf":{"@id":"https:\/\/elfsight.com\/pl\/#website"},"datePublished":"2024-05-03T06:37:09+00:00","dateModified":"2024-11-14T12:38:28+00:00","description":"Zaprojektuj wtyczk\u0119 File Embed i b\u0142yskawicznie poka\u017c j\u0105 na stronie WordPress. Mamy bezp\u0142atn\u0105 obs\u0142ug\u0119 klienta i inne bonusy.","breadcrumb":{"@id":"https:\/\/elfsight.com\/pl\/file-embed-widget\/wordpress\/#breadcrumb"},"inLanguage":"pl-PL","potentialAction":[{"@type":"ReadAction","target":["https:\/\/elfsight.com\/pl\/file-embed-widget\/wordpress\/"]}]},{"@type":"BreadcrumbList","@id":"https:\/\/elfsight.com\/pl\/file-embed-widget\/wordpress\/#breadcrumb","itemListElement":[{"@type":"ListItem","position":1,"name":"Home","item":"https:\/\/elfsight.com\/pl\/"},{"@type":"ListItem","position":2,"name":"File Embed","item":"https:\/\/elfsight.com\/pl\/file-embed-widget\/"},{"@type":"ListItem","position":3,"name":"File Embed &#8211; WordPress"}]},{"@type":"WebSite","@id":"https:\/\/elfsight.com\/pl\/#website","url":"https:\/\/elfsight.com\/pl\/","name":"Elfsight PL","description":"Just another Elfsight Sites site","potentialAction":[{"@type":"SearchAction","target":{"@type":"EntryPoint","urlTemplate":"https:\/\/elfsight.com\/pl\/?s={search_term_string}"},"query-input":{"@type":"PropertyValueSpecification","valueRequired":true,"valueName":"search_term_string"}}],"inLanguage":"pl-PL"}]}},"meta_box":{"industry":"","seo_heading":"","heading":"","description":"","cta_heading":"","cta_description":"","application":"3361","h1":"Wtyczka do osadzania plik\u00f3w WordPress","h1_caption":"Zintegruj w swojej witrynie ponad 20 format\u00f3w plik\u00f3w, aby u\u017cytkownicy mogli z nich korzysta\u0107 lub pobiera\u0107","application_category":[],"applications_title":"","applications_request_title":"","applications_request_button_text":"","hero_text":"","hero_video":"","hero_video_schema_markup":"","selling_points_title":"","selling_points_caption":"","selling_points":[],"selling_points_cta_text":"","features_title":"","features":"","ed_cta_examples_text":"","ed_cta_examples_hidden":"","ed_cta_demo_text":"","ed_cta_demo_hidden":"","why_caption":"","why_editor_title":"","why_editor_text":"","why_team_title":"","why_team_text":"","why_service_title":"","why_service_text":"","template_catalog_visible":"","template_catalog_title":"","template_catalog_text":"","template_catalog_categories_visible":"","demo_title":"Utw\u00f3rz wtyczk\u0119 File Embed","demo_caption":"Skonfiguruj osadzanie plik\u00f3w i dodaj je do swojej witryny WordPress za darmo!","default_faq_hidden":"","app_template_category":[],"platform":"31","template_public_id":"","codecanyon_url":"","codecanyon_item_id":"","codecanyon_price":"","pricing_caption":"","pricing_elfsight_apps_hide_column":"","pricing_elfsight_apps_url":"","pricing_codecanyon_price_caption":"","integration_category":[],"integration_request_title":"","integration_request_cta":"","integration_platform":"","integrations":[],"platform_category":[],"video_schema_markup":"","price":"od 0 USD \/ miesi\u0105c","trial":"","benefits":[{"text":"Bezp\u0142atna pomoc w instalacji"},{"text":"Kompetentna obs\u0142uga klienta"},{"text":"14-dniowa gwarancja zwrotu pieni\u0119dzy"}],"button_url":"#demo","button_target_blank":"","button_nofollow":"","attributes":[{"name":"Instaluje"},{"name":"Czu\u0142y"},{"name":"Kompatybilne przegl\u0105darki"}],"tags":[],"tags_disable_links":"","hide_more_platforms":"","video_object":"","demo_hide_cta":"","demo_hide_cloud_options":"","pricing_title":"","pricing":[{"pricing_icon":"platform","pricing_title":"Elfsight Apps","pricing_title_caption":"Wersja niezale\u017cna od platformy","pricing_price":"od 0 USD \/ miesi\u0105c","pricing_price_caption":"zacznij od bezp\u0142atnego planu","pricing_benefits":[{"text":"Nielimitowane domeny"},{"text":"Wsparcie firmy premium"},{"text":"Bezp\u0142atne wsparcie przy instalacji"},{"text":"Specjalna cena za wiele aplikacji"}],"pricing_button_text":"Dodaj do witryny","pricing_button_url":"#demo"}],"related_apps_title":"","related_apps_hidden":"","author":"","image":[],"title":"","job":"","social_networks":[]},"_links":{"self":[{"href":"https:\/\/elfsight.com\/pl\/wp-json\/wp\/v2\/pages\/5206","targetHints":{"allow":["GET"]}}],"collection":[{"href":"https:\/\/elfsight.com\/pl\/wp-json\/wp\/v2\/pages"}],"about":[{"href":"https:\/\/elfsight.com\/pl\/wp-json\/wp\/v2\/types\/page"}],"author":[{"embeddable":true,"href":"https:\/\/elfsight.com\/pl\/wp-json\/wp\/v2\/users\/9"}],"replies":[{"embeddable":true,"href":"https:\/\/elfsight.com\/pl\/wp-json\/wp\/v2\/comments?post=5206"}],"version-history":[{"count":2,"href":"https:\/\/elfsight.com\/pl\/wp-json\/wp\/v2\/pages\/5206\/revisions"}],"predecessor-version":[{"id":7803,"href":"https:\/\/elfsight.com\/pl\/wp-json\/wp\/v2\/pages\/5206\/revisions\/7803"}],"up":[{"embeddable":true,"href":"https:\/\/elfsight.com\/pl\/wp-json\/wp\/v2\/pages\/3428"}],"wp:attachment":[{"href":"https:\/\/elfsight.com\/pl\/wp-json\/wp\/v2\/media?parent=5206"}],"curies":[{"name":"wp","href":"https:\/\/api.w.org\/{rel}","templated":true}]}}