{"id":5200,"date":"2024-05-03T06:37:07","date_gmt":"2024-05-03T06:37:07","guid":{"rendered":"https:\/\/elfsight.com\/pl\/?page_id=5200"},"modified":"2024-11-14T09:31:38","modified_gmt":"2024-11-14T09:31:38","slug":"iframe","status":"publish","type":"page","link":"https:\/\/elfsight.com\/pl\/file-embed-widget\/iframe\/","title":{"rendered":"File Embed &#8211; iFrame"},"content":{"rendered":"<div class=\"application-platform-content-item-description application-platform-content-item\" id=\"description\" data-nav-section=\"description\"><h2>Osad\u017a plik Osad\u017a plik w ramce iFrame za pomoc\u0105 wid\u017cetu Elfsight<\/h2><p>Wid\u017cet osadzania pliku Elfsight to jeden z wygodnych i najszybszych sposob\u00f3w wklejanie plik\u00f3w na stron\u0119 internetow\u0105. Wklej wszystkie najpopularniejsze formaty: PDF, Docx, Xlsx, Pptx \u2013 \u0142\u0105cznie oko\u0142o 20 typ\u00f3w. Aby u\u0142atwi\u0107 obs\u0142ug\u0119, wszystkie dokumenty mo\u017cna zintegrowa\u0107 poprzez proste przes\u0142anie, wprowadzenie ich adres\u00f3w URL lub wybranie ostatnio przes\u0142anych dokument\u00f3w. Funkcje te umo\u017cliwiaj\u0105 nadanie ka\u017cdemu plikowi w\u0142asnego tytu\u0142u, przes\u0142anie ikony i obrazu, wybranie wariantu uk\u0142adu plik\u00f3w i inne. Odbiorcy witryny mog\u0105 czyta\u0107 pliki bezpo\u015brednio na Twojej stronie, przegl\u0105da\u0107 je w nowej karcie i pobiera\u0107.<\/p><p><b>Wklej dowolny typ pliku, kt\u00f3rego potrzebujesz i popraw wygod\u0119 u\u017cytkownika!<\/b><\/p> <\/div><div class=\"application-platform-content-item-features application-platform-content-item\" id=\"features\" data-nav-section=\"features\"><h2>G\u0142\u00f3wne cechy wid\u017cetu Osadzenie pliku<\/h2><p>Aby uzyska\u0107 wi\u0119cej informacji na temat wid\u017cetu Osadzenie pliku, przejrzyj list\u0119 jego najwa\u017cniejszych funkcji. Dzi\u0119ki nim nasz widget jest niezwykle skuteczny w Twojej promocji: <\/p> <ul><li>Osadzaj nieograniczon\u0105 liczb\u0119 plik\u00f3w; <\/li> <li>Wariant uk\u0142adu przegl\u0105darki plik\u00f3w do odczytu plik\u00f3w na stronie; <\/li> <li>Prze\u015blij zdj\u0119cia ikon i podgl\u0105d\u00f3w; <\/li> <li>Poka\u017c lub usu\u0144 tekst dokumentu pobierania; <\/li> <li>Sze\u015b\u0107 kolorowych detali interfejsu. <\/li> <\/ul><p><a href=\"#demo\">Obejrzyj wszystkie funkcje w wersji demonstracyjnej na \u017cywo<\/a><\/p><\/div><div class=\"application-platform-content-item-installation application-platform-content-item\" id=\"installation\" data-nav-section=\"installation\"><h2>Jak osadzi\u0107 przegl\u0105dark\u0119 plik\u00f3w w witrynie iFrame<\/h2><p>Te proste kroki to jedyna rzecz, kt\u00f3r\u0105 musisz wykona\u0107, aby aktywowa\u0107 wid\u017cet. <\/p> <ol><li><b>Zaprojektuj w\u0142asn\u0105 wtyczk\u0119 pliku<\/b><br> Za pomoc\u0105 naszej bezp\u0142atnej wersji demonstracyjnej skonfiguruj wtyczk\u0119 z wybranym uk\u0142adem i cechami funkcjonalnymi. <\/li><li><b>Skopiuj indywidualny kod, aby zainstalowa\u0107 wtyczk\u0119<\/b><br> Po dostosowaniu wid\u017cetu kod instalacyjny otrzymasz z powiadomienia, kt\u00f3re pojawi si\u0119 w aplikacji Elfsight. Skopiuj to. <\/li> <li><b>Wy\u015bwietl wtyczk\u0119 na swojej stronie iFrame<\/b><br> Znajd\u017a miejsce, w kt\u00f3rym chcesz osadzi\u0107 wtyczk\u0119 i wstaw tam zapisany kod. Zapisz zmiany. <\/li> <li><b>Gratulacje! W\u0142a\u015bnie umie\u015bci\u0142e\u015b widget! <\/b><br> Odwied\u017a witryn\u0119 i sprawd\u017a swoj\u0105 prac\u0119.<\/li> <\/ol><p>Nie wahaj si\u0119 da\u0107 nam zna\u0107, je\u015bli b\u0119dziesz potrzebowa\u0107 pomocy. Nasz zesp\u00f3\u0142 obs\u0142ugi klienta ch\u0119tnie Ci pomo\u017ce. <\/p><div class=\"faq\" data-component=\"FAQ\"><div class=\"faq-item\">\r\n\t\t\t\t\t<div class=\"faq-item-question\">\r\n\t\t\t\t\t\t<h3 class=\"faq-item-question-text\">Jak mog\u0119 doda\u0107 cz\u0119sto zadawane pytania do mojej witryny iFrame bez umiej\u0119tno\u015bci kodowania?<\/h3>\r\n\r\n\t\t\t\t\t\t<div class=\"faq-item-question-icon\"><\/div>\r\n\t\t\t\t\t<\/div>\r\n\r\n\t\t\t\t\t<div class=\"faq-item-answer\">\r\n\t\t\t\t\t\t<div class=\"faq-item-answer-text\"> <p>Elfsight zapewnia rozwi\u0105zanie SaaS, kt\u00f3re pozwala samodzielnie utworzy\u0107 wid\u017cet cz\u0119sto zadawanych pyta\u0144. Zobacz, jak \u0142atwy jest ten proces : Pracuj bezpo\u015brednio w edytorze online, aby utworzy\u0107 wid\u017cet FAQ, kt\u00f3ry chcesz zobaczy\u0107 w swojej witrynie iFrame. Wybierz jeden z gotowych szablon\u00f3w i dostosuj ustawienia FAQ, dodaj tre\u015b\u0107, zmie\u0144 uk\u0142ad i kolory bez umiej\u0119tno\u015bci kodowania. Zapisz FAQ i skopiuj jego kod instalacyjny, kt\u00f3ry mo\u017cesz bez problemu wklei\u0107 na swojej stronie iFrame, bez konieczno\u015bci kupowania p\u0142atnej subskrypcji. Dzi\u0119ki naszemu intuicyjnemu edytorowi ka\u017cdy u\u017cytkownik Internetu mo\u017ce stworzy\u0107 wid\u017cet FAQ online i \u0142atwo osadzi\u0107 go na swojej stronie iFrame. Aby uzyska\u0107 dost\u0119p do us\u0142ugi, nie trzeba p\u0142aci\u0107 ani wprowadza\u0107 danych uwierzytelniaj\u0105cych karty. Je\u015bli na kt\u00f3rymkolwiek etapie napotkasz jakiekolwiek problemy, skontaktuj si\u0119 z naszym zespo\u0142em pomocy technicznej.<\/p> <\/div>\r\n\t\t\t\t\t<\/div>\r\n\t\t\t\t<\/div> <\/div><\/div>","protected":false},"excerpt":{"rendered":"","protected":false},"author":9,"featured_media":0,"parent":3428,"menu_order":0,"comment_status":"closed","ping_status":"closed","template":"templates\/template-application-platform.php","meta":{"publish_to_discourse":"","publish_post_category":"","wpdc_auto_publish_overridden":"","wpdc_topic_tags":"","wpdc_pin_topic":"","wpdc_pin_until":"","discourse_post_id":"","discourse_permalink":"","wpdc_publishing_response":"","wpdc_publishing_error":"","footnotes":""},"class_list":["post-5200","page","type-page","status-publish","hentry"],"yoast_head":"<!-- This site is optimized with the Yoast SEO plugin v25.3.1 - https:\/\/yoast.com\/wordpress\/plugins\/seo\/ -->\n<title>Wtyczka iFrame File Viewer dla Twojej witryny (bezp\u0142atna i szybka)<\/title>\n<meta name=\"description\" content=\"Stworzenie wid\u017cetu Przegl\u0105darki plik\u00f3w i osadzenie go na stronie internetowej iFrame jest maksymalnie proste. Obs\u0142uga klienta Elfsight jest bezp\u0142atna i szybka.\" \/>\n<meta name=\"robots\" content=\"index, follow, max-snippet:-1, max-image-preview:large, max-video-preview:-1\" \/>\n<link rel=\"canonical\" href=\"https:\/\/elfsight.com\/pl\/file-embed-widget\/iframe\/\" \/>\n<meta property=\"og:locale\" content=\"pl_PL\" \/>\n<meta property=\"og:type\" content=\"article\" \/>\n<meta property=\"og:title\" content=\"Wtyczka iFrame File Viewer dla Twojej witryny (bezp\u0142atna i szybka)\" \/>\n<meta property=\"og:description\" content=\"Stworzenie wid\u017cetu Przegl\u0105darki plik\u00f3w i osadzenie go na stronie internetowej iFrame jest maksymalnie proste. Obs\u0142uga klienta Elfsight jest bezp\u0142atna i szybka.\" \/>\n<meta property=\"og:url\" content=\"https:\/\/elfsight.com\/pl\/file-embed-widget\/iframe\/\" \/>\n<meta property=\"og:site_name\" content=\"Elfsight PL\" \/>\n<meta property=\"article:modified_time\" content=\"2024-11-14T09:31:38+00:00\" \/>\n<meta name=\"twitter:card\" content=\"summary_large_image\" \/>\n<meta name=\"twitter:label1\" content=\"Szacowany czas czytania\" \/>\n\t<meta name=\"twitter:data1\" content=\"3 minuty\" \/>\n<!-- \/ Yoast SEO plugin. -->","yoast_head_json":{"title":"Wtyczka iFrame File Viewer dla Twojej witryny (bezp\u0142atna i szybka)","description":"Stworzenie wid\u017cetu Przegl\u0105darki plik\u00f3w i osadzenie go na stronie internetowej iFrame jest maksymalnie proste. Obs\u0142uga klienta Elfsight jest bezp\u0142atna i szybka.","robots":{"index":"index","follow":"follow","max-snippet":"max-snippet:-1","max-image-preview":"max-image-preview:large","max-video-preview":"max-video-preview:-1"},"canonical":"https:\/\/elfsight.com\/pl\/file-embed-widget\/iframe\/","og_locale":"pl_PL","og_type":"article","og_title":"Wtyczka iFrame File Viewer dla Twojej witryny (bezp\u0142atna i szybka)","og_description":"Stworzenie wid\u017cetu Przegl\u0105darki plik\u00f3w i osadzenie go na stronie internetowej iFrame jest maksymalnie proste. Obs\u0142uga klienta Elfsight jest bezp\u0142atna i szybka.","og_url":"https:\/\/elfsight.com\/pl\/file-embed-widget\/iframe\/","og_site_name":"Elfsight PL","article_modified_time":"2024-11-14T09:31:38+00:00","twitter_card":"summary_large_image","twitter_misc":{"Szacowany czas czytania":"3 minuty"},"schema":{"@context":"https:\/\/schema.org","@graph":[{"@type":"WebPage","@id":"https:\/\/elfsight.com\/pl\/file-embed-widget\/iframe\/","url":"https:\/\/elfsight.com\/pl\/file-embed-widget\/iframe\/","name":"Wtyczka iFrame File Viewer dla Twojej witryny (bezp\u0142atna i szybka)","isPartOf":{"@id":"https:\/\/elfsight.com\/pl\/#website"},"datePublished":"2024-05-03T06:37:07+00:00","dateModified":"2024-11-14T09:31:38+00:00","description":"Stworzenie wid\u017cetu Przegl\u0105darki plik\u00f3w i osadzenie go na stronie internetowej iFrame jest maksymalnie proste. Obs\u0142uga klienta Elfsight jest bezp\u0142atna i szybka.","breadcrumb":{"@id":"https:\/\/elfsight.com\/pl\/file-embed-widget\/iframe\/#breadcrumb"},"inLanguage":"pl-PL","potentialAction":[{"@type":"ReadAction","target":["https:\/\/elfsight.com\/pl\/file-embed-widget\/iframe\/"]}]},{"@type":"BreadcrumbList","@id":"https:\/\/elfsight.com\/pl\/file-embed-widget\/iframe\/#breadcrumb","itemListElement":[{"@type":"ListItem","position":1,"name":"Home","item":"https:\/\/elfsight.com\/pl\/"},{"@type":"ListItem","position":2,"name":"File Embed","item":"https:\/\/elfsight.com\/pl\/file-embed-widget\/"},{"@type":"ListItem","position":3,"name":"File Embed &#8211; iFrame"}]},{"@type":"WebSite","@id":"https:\/\/elfsight.com\/pl\/#website","url":"https:\/\/elfsight.com\/pl\/","name":"Elfsight PL","description":"Just another Elfsight Sites site","potentialAction":[{"@type":"SearchAction","target":{"@type":"EntryPoint","urlTemplate":"https:\/\/elfsight.com\/pl\/?s={search_term_string}"},"query-input":{"@type":"PropertyValueSpecification","valueRequired":true,"valueName":"search_term_string"}}],"inLanguage":"pl-PL"}]}},"meta_box":{"industry":"","seo_heading":"","heading":"","description":"","cta_heading":"","cta_description":"","application":"3361","h1":"Wtyczka przegl\u0105darki plik\u00f3w iFrame","h1_caption":"Osadzaj dokumenty, arkusze kalkulacyjne i inne pliki w swojej witrynie, aby \u0142atwo je przegl\u0105da\u0107 i pobiera\u0107 do witryny iFrame.","application_category":[],"applications_title":"","applications_request_title":"","applications_request_button_text":"","hero_text":"","hero_video":"","hero_video_schema_markup":"","selling_points_title":"","selling_points_caption":"","selling_points":[],"selling_points_cta_text":"","features_title":"","features":"","ed_cta_examples_text":"","ed_cta_examples_hidden":"","ed_cta_demo_text":"","ed_cta_demo_hidden":"","why_caption":"","why_editor_title":"","why_editor_text":"","why_team_title":"","why_team_text":"","why_service_title":"","why_service_text":"","template_catalog_visible":"","template_catalog_title":"","template_catalog_text":"","template_catalog_categories_visible":"","demo_title":"Utw\u00f3rz wid\u017cet osadzania plik\u00f3w","demo_caption":"Skonfiguruj osadzanie plik\u00f3w i dodaj je do swojej witryny iFrame za darmo!","default_faq_hidden":"","app_template_category":[],"platform":"187","template_public_id":"","codecanyon_url":"","codecanyon_item_id":"","codecanyon_price":"","pricing_caption":"","pricing_elfsight_apps_hide_column":"","pricing_elfsight_apps_url":"","pricing_codecanyon_price_caption":"","integration_category":[],"integration_request_title":"","integration_request_cta":"","integration_platform":"","integrations":[],"platform_category":[],"video_schema_markup":"","price":"od 0 USD \/ miesi\u0105c","trial":"","benefits":[{"text":"Bezp\u0142atna pomoc w monta\u017cu"},{"text":"Wyj\u0105tkowe wsparcie"},{"text":"14-dniowa gwarancja zwrotu pieni\u0119dzy"}],"button_url":"#demo","button_target_blank":"","button_nofollow":"","attributes":[{"name":"Instaluje"},{"name":"Czu\u0142y"},{"name":"Kompatybilne przegl\u0105darki"}],"tags":[],"tags_disable_links":"","hide_more_platforms":"","video_object":"","demo_hide_cta":"","demo_hide_cloud_options":"","pricing_title":"","pricing":[{"pricing_icon":"platform","pricing_title":"Elfsight Apps","pricing_title_caption":"Niezale\u017cne od platformy rozwi\u0105zanie cyfrowe, kt\u00f3re pasuje do ka\u017cdej witryny internetowej","pricing_price":"od 0 USD \/ miesi\u0105c","pricing_price_caption":"zacznij od bezp\u0142atnego planu","pricing_benefits":[{"text":"Nieograniczona liczba domen"},{"text":"Dedykowana obs\u0142uga klienta"},{"text":"Bezp\u0142atna pomoc w monta\u017cu"},{"text":"Specjalna oferta na wiele aplikacji"}],"pricing_button_text":"Dodaj do witryny","pricing_button_url":"#demo"}],"related_apps_title":"","related_apps_hidden":"","author":"","image":[],"title":"","job":"","social_networks":[]},"_links":{"self":[{"href":"https:\/\/elfsight.com\/pl\/wp-json\/wp\/v2\/pages\/5200","targetHints":{"allow":["GET"]}}],"collection":[{"href":"https:\/\/elfsight.com\/pl\/wp-json\/wp\/v2\/pages"}],"about":[{"href":"https:\/\/elfsight.com\/pl\/wp-json\/wp\/v2\/types\/page"}],"author":[{"embeddable":true,"href":"https:\/\/elfsight.com\/pl\/wp-json\/wp\/v2\/users\/9"}],"replies":[{"embeddable":true,"href":"https:\/\/elfsight.com\/pl\/wp-json\/wp\/v2\/comments?post=5200"}],"version-history":[{"count":1,"href":"https:\/\/elfsight.com\/pl\/wp-json\/wp\/v2\/pages\/5200\/revisions"}],"predecessor-version":[{"id":5204,"href":"https:\/\/elfsight.com\/pl\/wp-json\/wp\/v2\/pages\/5200\/revisions\/5204"}],"up":[{"embeddable":true,"href":"https:\/\/elfsight.com\/pl\/wp-json\/wp\/v2\/pages\/3428"}],"wp:attachment":[{"href":"https:\/\/elfsight.com\/pl\/wp-json\/wp\/v2\/media?parent=5200"}],"curies":[{"name":"wp","href":"https:\/\/api.w.org\/{rel}","templated":true}]}}