{"id":5199,"date":"2024-05-03T06:37:06","date_gmt":"2024-05-03T06:37:06","guid":{"rendered":"https:\/\/elfsight.com\/pl\/?page_id=5199"},"modified":"2024-11-14T09:27:38","modified_gmt":"2024-11-14T09:27:38","slug":"facebook","status":"publish","type":"page","link":"https:\/\/elfsight.com\/pl\/file-embed-widget\/facebook\/","title":{"rendered":"File Embed &#8211; Facebook Page"},"content":{"rendered":"<div class=\"application-platform-content-item-description application-platform-content-item\" id=\"description\" data-nav-section=\"description\"><h2>Opis<\/h2><p>Widget Plik Elfsight to jedno z najprostszych i najszybszych narz\u0119dzi do przesy\u0142ania plik\u00f3w na Twoj\u0105 stron\u0119. Zintegruj wszystkie najcz\u0119\u015bciej u\u017cywane pliki: PDF, Docx, Jpg, Jpeg \u2013 \u0142\u0105cznie oko\u0142o 20 typ\u00f3w. Dla wygody u\u017cytkownika pliki mo\u017cna dodawa\u0107 poprzez bezpo\u015brednie przesy\u0142anie, dodawanie ich adres\u00f3w URL lub wybieranie spo\u015br\u00f3d ostatnio przes\u0142anych. Mo\u017cesz nada\u0107 ka\u017cdemu dokumentowi tytu\u0142, przes\u0142a\u0107 niestandardow\u0105 ikon\u0119 lub obraz, wybra\u0107 uk\u0142ad i wiele wi\u0119cej. U\u017cytkownicy strony mog\u0105 czyta\u0107 pliki bezpo\u015brednio na stronie, przegl\u0105da\u0107 w nowej karcie przegl\u0105darki i pobiera\u0107. <\/p><p><b>Prze\u015blij s\u0142owa, dokumenty, obrazy i inne materia\u0142y na swoj\u0105 stron\u0119 na Facebooku w ci\u0105gu kilku sekund!<\/b><\/p><\/div><div class=\"application-platform-content-item-features application-platform-content-item\" id=\"features\" data-nav-section=\"features\"><h2>Funkcje <\/h2><p>Sprawd\u017a wszystkie cechy funkcjonalne produktu. S\u0105 one dost\u0119pne bezpo\u015brednio w edytorze i pomog\u0105 Ci skonfigurowa\u0107 widget specjalnie dla Twojego przypadku u\u017cycia. <\/p><ul><li>Prze\u015blij nieograniczon\u0105 liczb\u0119 dokument\u00f3w; <\/li><li>Opcja uk\u0142adu przegl\u0105darki plik\u00f3w do czytania dokument\u00f3w na stronie; <\/li><li>Przesy\u0142anie obraz\u00f3w ikon i podgl\u0105d\u00f3w; <\/li><li>Poka\u017c lub usu\u0144 tekst dokumentu pobierania; <\/li><li>6 kolorowych element\u00f3w interfejsu. <\/li><\/ul><p><a href=\"#demo\">Sprawd\u017a wszystkie pozosta\u0142e funkcje w wersji demonstracyjnej<\/a><\/p><\/div> <div class=\"application-platform-content-item-installation application-platform-content-item\" id=\"installation\" data-nav-section=\"installation\"><h2> Jak przes\u0142a\u0107 plik na stron\u0119 na Facebooku?<\/h2><p>Aby doda\u0107 wid\u017cet do swojej strony firmowej na Facebooku, post\u0119puj zgodnie z poni\u017cszymi wskaz\u00f3wkami<\/p><ul><li><b>Zaprojektuj spersonalizowany wid\u017cet pliku<\/b><br>Zarz\u0105dzaj nasz\u0105 bezp\u0142atn\u0105 wersj\u0105 demonstracyjn\u0105, kszta\u0142tuj wtyczk\u0119 \u2014 wybierz uk\u0142ad, wybierz kolory i dodaj pliki.<\/li><li><b>Zdob\u0105d\u017a osobisty kod, aby opublikowa\u0107 wtyczk\u0119<\/b><br> Po dostosowaniu wid\u017cetu otrzymasz kod instalacyjny z wy\u015bwietlonego okna aplikacji Elfsight. Skopiuj ten kod do wykorzystania w przysz\u0142o\u015bci. <\/li><li><b>Dodaj wid\u017cet Plik do strony na Facebooku<\/b><br> Utw\u00f3rz w\u0142asn\u0105 zak\u0142adk\u0119 na Facebooku. Wpisz w zak\u0142adce kod otrzymany w aplikacji elfsight. Je\u015bli masz jakiekolwiek problemy, po prostu zapoznaj si\u0119 z naszym przewodnikiem na stronie <a href=\"https:\/\/elfsight.com\/blog\/how-to-add-custom-tab-to-facebook-page\/\" target=\"_blank\" rel=\"noopener noreferrer\">tworzenie niestandardowej karty Facebook<\/a><\/li><li><b>Instalacja zako\u0144czy\u0142a si\u0119 pomy\u015blnie<\/b><br>Odwied\u017a swoj\u0105 stron\u0119, aby obejrze\u0107 swoj\u0105 prac\u0119.&lt;\/li <\/ul><p>Po\u015bwi\u0119\u0107 chwil\u0119, aby skontaktowa\u0107 si\u0119 z obs\u0142ug\u0105 klienta, je\u015bli potrzebujesz pomocy lub masz problemy. Ch\u0119tnie odpowiemy na ka\u017cde zapytanie.<\/p><div class=\"faq\" data-component=\"FAQ\"><div class=\"faq-item\">\r\n\t\t\t\t\t<div class=\"faq-item-question\">\r\n\t\t\t\t\t\t<h3 class=\"faq-item-question-text\">Jak mog\u0119 doda\u0107 cz\u0119sto zadawane pytania do mojej strony na Facebooku bez umiej\u0119tno\u015bci kodowania?<\/h3>\r\n\r\n\t\t\t\t\t\t<div class=\"faq-item-question-icon\"><\/div>\r\n\t\t\t\t\t<\/div>\r\n\r\n\t\t\t\t\t<div class=\"faq-item-answer\">\r\n\t\t\t\t\t\t<div class=\"faq-item-answer-text\"> <p>Elfsight zapewnia rozwi\u0105zanie SaaS, kt\u00f3re pozwala tworzy\u0107 sam wid\u017cet FAQ, przekonaj si\u0119, jak \u0142atwy jest ten proces: Pracuj bezpo\u015brednio w edytorze online, aby utworzy\u0107 wid\u017cet FAQ, kt\u00f3ry chcesz zobaczy\u0107 na swojej stronie na Facebooku. Wybierz jeden z gotowych szablon\u00f3w i dostosuj ustawienia FAQ, dodaj tre\u015b\u0107, zmie\u0144 uk\u0142ad i kolory bez umiej\u0119tno\u015bci kodowania. Zapisz FAQ i skopiuj jego kod instalacyjny, kt\u00f3ry mo\u017cesz po prostu umie\u015bci\u0107 na swojej stronie na Facebooku, bez konieczno\u015bci zakupu p\u0142atnej subskrypcji. Dzi\u0119ki naszemu intuicyjnemu edytorowi ka\u017cdy u\u017cytkownik Internetu mo\u017ce stworzy\u0107 wid\u017cet FAQ online i \u0142atwo osadzi\u0107 go na swojej stronie na Facebooku. Aby uzyska\u0107 dost\u0119p do us\u0142ugi, nie trzeba p\u0142aci\u0107 ani wprowadza\u0107 danych uwierzytelniaj\u0105cych karty. Je\u015bli na kt\u00f3rymkolwiek etapie napotkasz jakiekolwiek problemy, skontaktuj si\u0119 z naszym zespo\u0142em pomocy technicznej.<\/p> <\/div>\r\n\t\t\t\t\t<\/div>\r\n\t\t\t\t<\/div> <\/div><\/div>","protected":false},"excerpt":{"rendered":"","protected":false},"author":9,"featured_media":0,"parent":3428,"menu_order":0,"comment_status":"closed","ping_status":"closed","template":"templates\/template-application-platform.php","meta":{"publish_to_discourse":"","publish_post_category":"","wpdc_auto_publish_overridden":"","wpdc_topic_tags":"","wpdc_pin_topic":"","wpdc_pin_until":"","discourse_post_id":"","discourse_permalink":"","wpdc_publishing_response":"","wpdc_publishing_error":"","footnotes":""},"class_list":["post-5199","page","type-page","status-publish","hentry"],"yoast_head":"<!-- This site is optimized with the Yoast SEO plugin v25.3.1 - https:\/\/yoast.com\/wordpress\/plugins\/seo\/ -->\n<title>Jak doda\u0107 plik do strony na Facebooku \u2014 narz\u0119dzie do przesy\u0142ania i przegl\u0105dania plik\u00f3w (2025)<\/title>\n<meta name=\"description\" content=\"Dzi\u0119ki Elfsight utw\u00f3rz modu\u0142 do przesy\u0142ania i przegl\u0105dania plik\u00f3w oraz szybko dodawaj pliki do swojej strony na Facebooku. Oferujemy bezp\u0142atn\u0105 obs\u0142ug\u0119 klienta i inne bonusy.\" \/>\n<meta name=\"robots\" content=\"index, follow, max-snippet:-1, max-image-preview:large, max-video-preview:-1\" \/>\n<link rel=\"canonical\" href=\"https:\/\/elfsight.com\/pl\/file-embed-widget\/facebook\/\" \/>\n<meta property=\"og:locale\" content=\"pl_PL\" \/>\n<meta property=\"og:type\" content=\"article\" \/>\n<meta property=\"og:title\" content=\"Jak doda\u0107 plik do strony na Facebooku \u2014 narz\u0119dzie do przesy\u0142ania i przegl\u0105dania plik\u00f3w (2025)\" \/>\n<meta property=\"og:description\" content=\"Dzi\u0119ki Elfsight utw\u00f3rz modu\u0142 do przesy\u0142ania i przegl\u0105dania plik\u00f3w oraz szybko dodawaj pliki do swojej strony na Facebooku. Oferujemy bezp\u0142atn\u0105 obs\u0142ug\u0119 klienta i inne bonusy.\" \/>\n<meta property=\"og:url\" content=\"https:\/\/elfsight.com\/pl\/file-embed-widget\/facebook\/\" \/>\n<meta property=\"og:site_name\" content=\"Elfsight PL\" \/>\n<meta property=\"article:modified_time\" content=\"2024-11-14T09:27:38+00:00\" \/>\n<meta name=\"twitter:card\" content=\"summary_large_image\" \/>\n<meta name=\"twitter:label1\" content=\"Szacowany czas czytania\" \/>\n\t<meta name=\"twitter:data1\" content=\"3 minuty\" \/>\n<!-- \/ Yoast SEO plugin. -->","yoast_head_json":{"title":"Jak doda\u0107 plik do strony na Facebooku \u2014 narz\u0119dzie do przesy\u0142ania i przegl\u0105dania plik\u00f3w (2025)","description":"Dzi\u0119ki Elfsight utw\u00f3rz modu\u0142 do przesy\u0142ania i przegl\u0105dania plik\u00f3w oraz szybko dodawaj pliki do swojej strony na Facebooku. Oferujemy bezp\u0142atn\u0105 obs\u0142ug\u0119 klienta i inne bonusy.","robots":{"index":"index","follow":"follow","max-snippet":"max-snippet:-1","max-image-preview":"max-image-preview:large","max-video-preview":"max-video-preview:-1"},"canonical":"https:\/\/elfsight.com\/pl\/file-embed-widget\/facebook\/","og_locale":"pl_PL","og_type":"article","og_title":"Jak doda\u0107 plik do strony na Facebooku \u2014 narz\u0119dzie do przesy\u0142ania i przegl\u0105dania plik\u00f3w (2025)","og_description":"Dzi\u0119ki Elfsight utw\u00f3rz modu\u0142 do przesy\u0142ania i przegl\u0105dania plik\u00f3w oraz szybko dodawaj pliki do swojej strony na Facebooku. Oferujemy bezp\u0142atn\u0105 obs\u0142ug\u0119 klienta i inne bonusy.","og_url":"https:\/\/elfsight.com\/pl\/file-embed-widget\/facebook\/","og_site_name":"Elfsight PL","article_modified_time":"2024-11-14T09:27:38+00:00","twitter_card":"summary_large_image","twitter_misc":{"Szacowany czas czytania":"3 minuty"},"schema":{"@context":"https:\/\/schema.org","@graph":[{"@type":"WebPage","@id":"https:\/\/elfsight.com\/pl\/file-embed-widget\/facebook\/","url":"https:\/\/elfsight.com\/pl\/file-embed-widget\/facebook\/","name":"Jak doda\u0107 plik do strony na Facebooku \u2014 narz\u0119dzie do przesy\u0142ania i przegl\u0105dania plik\u00f3w (2025)","isPartOf":{"@id":"https:\/\/elfsight.com\/pl\/#website"},"datePublished":"2024-05-03T06:37:06+00:00","dateModified":"2024-11-14T09:27:38+00:00","description":"Dzi\u0119ki Elfsight utw\u00f3rz modu\u0142 do przesy\u0142ania i przegl\u0105dania plik\u00f3w oraz szybko dodawaj pliki do swojej strony na Facebooku. Oferujemy bezp\u0142atn\u0105 obs\u0142ug\u0119 klienta i inne bonusy.","breadcrumb":{"@id":"https:\/\/elfsight.com\/pl\/file-embed-widget\/facebook\/#breadcrumb"},"inLanguage":"pl-PL","potentialAction":[{"@type":"ReadAction","target":["https:\/\/elfsight.com\/pl\/file-embed-widget\/facebook\/"]}]},{"@type":"BreadcrumbList","@id":"https:\/\/elfsight.com\/pl\/file-embed-widget\/facebook\/#breadcrumb","itemListElement":[{"@type":"ListItem","position":1,"name":"Home","item":"https:\/\/elfsight.com\/pl\/"},{"@type":"ListItem","position":2,"name":"File Embed","item":"https:\/\/elfsight.com\/pl\/file-embed-widget\/"},{"@type":"ListItem","position":3,"name":"File Embed &#8211; Facebook Page"}]},{"@type":"WebSite","@id":"https:\/\/elfsight.com\/pl\/#website","url":"https:\/\/elfsight.com\/pl\/","name":"Elfsight PL","description":"Just another Elfsight Sites site","potentialAction":[{"@type":"SearchAction","target":{"@type":"EntryPoint","urlTemplate":"https:\/\/elfsight.com\/pl\/?s={search_term_string}"},"query-input":{"@type":"PropertyValueSpecification","valueRequired":true,"valueName":"search_term_string"}}],"inLanguage":"pl-PL"}]}},"meta_box":{"industry":"","seo_heading":"","heading":"","description":"","cta_heading":"","cta_description":"","application":"3361","h1":"Jak doda\u0107 plik do strony na Facebooku","h1_caption":"Osadzaj dokumenty, arkusze kalkulacyjne i inne pliki w swojej witrynie, aby \u0142atwo je przegl\u0105da\u0107 i pobiera\u0107 do witryny strony na Facebooku.","application_category":[],"applications_title":"","applications_request_title":"","applications_request_button_text":"","hero_text":"","hero_video":"","hero_video_schema_markup":"","selling_points_title":"","selling_points_caption":"","selling_points":[],"selling_points_cta_text":"","features_title":"","features":"","ed_cta_examples_text":"","ed_cta_examples_hidden":"","ed_cta_demo_text":"","ed_cta_demo_hidden":"","why_caption":"","why_editor_title":"","why_editor_text":"","why_team_title":"","why_team_text":"","why_service_title":"","why_service_text":"","template_catalog_visible":"","template_catalog_title":"","template_catalog_text":"","template_catalog_categories_visible":"","demo_title":"Utw\u00f3rz wid\u017cet osadzania plik\u00f3w","demo_caption":"Skonfiguruj osadzanie plik\u00f3w i dodaj je bezp\u0142atnie do swojej strony na Facebooku!","default_faq_hidden":"","app_template_category":[],"platform":"319","template_public_id":"","codecanyon_url":"","codecanyon_item_id":"","codecanyon_price":"","pricing_caption":"","pricing_elfsight_apps_hide_column":"","pricing_elfsight_apps_url":"","pricing_codecanyon_price_caption":"","integration_category":[],"integration_request_title":"","integration_request_cta":"","integration_platform":"","integrations":[],"platform_category":[],"video_schema_markup":"","price":"od 0 USD \/ miesi\u0105c","trial":"","benefits":[{"text":"Bezp\u0142atna us\u0142uga monta\u017cu"},{"text":"Do\u015bwiadczona obs\u0142uga klienta"},{"text":"14-dniowa gwarancja zwrotu pieni\u0119dzy"}],"button_url":"#demo","button_target_blank":"","button_nofollow":"","attributes":[{"name":"Instaluje"},{"name":"Reakcja na co\u015b"},{"name":"Kompatybilne przegl\u0105darki"}],"tags":[],"tags_disable_links":"","hide_more_platforms":"","video_object":"","demo_hide_cta":"","demo_hide_cloud_options":"","pricing_title":"","pricing":[{"pricing_icon":"platform","pricing_title":"Elfsight Apps","pricing_title_caption":"Oprogramowanie wieloplatformowe","pricing_price":"od 0 USD \/ miesi\u0105c","pricing_price_caption":"zacznij od bezp\u0142atnego planu","pricing_benefits":[{"text":"Nielimitowane strony internetowe"},{"text":"Wsparcie firmy premium"},{"text":"Bezp\u0142atne wsparcie przy instalacji"},{"text":"100% konfigurowalny"}],"pricing_button_text":"Dodaj do witryny","pricing_button_url":"#demo"}],"related_apps_title":"","related_apps_hidden":"","author":"","image":[],"title":"","job":"","social_networks":[]},"_links":{"self":[{"href":"https:\/\/elfsight.com\/pl\/wp-json\/wp\/v2\/pages\/5199","targetHints":{"allow":["GET"]}}],"collection":[{"href":"https:\/\/elfsight.com\/pl\/wp-json\/wp\/v2\/pages"}],"about":[{"href":"https:\/\/elfsight.com\/pl\/wp-json\/wp\/v2\/types\/page"}],"author":[{"embeddable":true,"href":"https:\/\/elfsight.com\/pl\/wp-json\/wp\/v2\/users\/9"}],"replies":[{"embeddable":true,"href":"https:\/\/elfsight.com\/pl\/wp-json\/wp\/v2\/comments?post=5199"}],"version-history":[{"count":1,"href":"https:\/\/elfsight.com\/pl\/wp-json\/wp\/v2\/pages\/5199\/revisions"}],"predecessor-version":[{"id":5203,"href":"https:\/\/elfsight.com\/pl\/wp-json\/wp\/v2\/pages\/5199\/revisions\/5203"}],"up":[{"embeddable":true,"href":"https:\/\/elfsight.com\/pl\/wp-json\/wp\/v2\/pages\/3428"}],"wp:attachment":[{"href":"https:\/\/elfsight.com\/pl\/wp-json\/wp\/v2\/media?parent=5199"}],"curies":[{"name":"wp","href":"https:\/\/api.w.org\/{rel}","templated":true}]}}