{"id":5198,"date":"2024-05-03T06:37:05","date_gmt":"2024-05-03T06:37:05","guid":{"rendered":"https:\/\/elfsight.com\/pl\/?page_id=5198"},"modified":"2024-11-14T09:20:23","modified_gmt":"2024-11-14T09:20:23","slug":"woocommerce","status":"publish","type":"page","link":"https:\/\/elfsight.com\/pl\/file-embed-widget\/woocommerce\/","title":{"rendered":"File Embed &#8211; WooCommerce"},"content":{"rendered":"<div class=\"application-platform-content-item-description application-platform-content-item\" id=\"description\" data-nav-section=\"description\"><h2>Opis<\/h2><p>Elfsight File Viewer to jedno z najwygodniejszych i najszybszych narz\u0119dzi do wklejania plik\u00f3w na stron\u0119 internetow\u0105. Wstaw wszystkie popularne formaty: PDF, Docx, Xlsx, Jpeg \u2013 \u0142\u0105cznie oko\u0142o 20 opcji. Aby u\u0142atwi\u0107 obs\u0142ug\u0119, pliki mo\u017cna osadza\u0107 poprzez przes\u0142anie ich wed\u0142ug adres\u00f3w URL lub wybranie z listy ostatnio przes\u0142anych plik\u00f3w. Mo\u017cesz nada\u0107 ka\u017cdemu plikowi w\u0142asny tytu\u0142, przes\u0142a\u0107 w\u0142asn\u0105 ikon\u0119 lub obraz, wybra\u0107 uk\u0142ad i inne. U\u017cytkownicy serwisu mog\u0105 przegl\u0105da\u0107 dokumenty bezpo\u015brednio na stronie, przegl\u0105da\u0107 je w nowej karcie przegl\u0105darki i pobiera\u0107.<\/p><p><b>U\u017cyj funkcji osadzania plik\u00f3w, aby szybciej osi\u0105gn\u0105\u0107 swoje cele biznesowe!<\/b><\/p>[\/ application_platform_content_item] <div class=\"application-platform-content-item-features application-platform-content-item\" id=\"features\" data-nav-section=\"features\"><\/div><h2>Podstawowe funkcje widgetu obejmuj\u0105<\/h2><ul><li>Wklejanie nieograniczonej liczby dokument\u00f3w;<\/li><li>Opcja uk\u0142adu przegl\u0105darki plik\u00f3w do odczytywania plik\u00f3w w witrynie; <\/li><li>Prze\u015blij obrazy ikon plik\u00f3w i podgl\u0105d\u00f3w;<\/li><li>Wy\u015bwietl lub ukryj tekst dokumentu pobierania;<\/li><li>6 szczeg\u00f3\u0142\u00f3w interfejsu wid\u017cetu, kt\u00f3re mo\u017cna przemalowa\u0107.&lt;\/li <\/ul><p><a href=\"#demo\">Wystarczy sprawdzi\u0107 t\u0119 wersj\u0119 demonstracyjn\u0105, aby uzyska\u0107 pe\u0142ny obraz<\/a><\/p><\/div><div class=\"application-platform-content-item-installation application-platform-content-item\" id=\"installation\" data-nav-section=\"installation\"><h2>Jak czy mam doda\u0107 przegl\u0105dark\u0119 plik\u00f3w do mojej witryny WooCommerce?<\/h2><p>Wystarczy wykona\u0107 kroki opisane poni\u017cej, aby doda\u0107 wtyczk\u0119.<\/p><ol><li><b>Zarz\u0105dzaj\u0105c naszym bezp\u0142atnym konfiguratorem, rozpocznij kszta\u0142towanie w\u0142asnego instrumentu .<\/b><br>Znajd\u017a preferowany projekt i specyfikacje narz\u0119dzia i zapisz modyfikacje.<\/li><li><b>Odbierz sw\u00f3j osobisty kod, kt\u00f3ry pojawi si\u0119 w oknie aplikacji Elfsight.<\/b><br>Po zako\u0144czeniu tworzenia wtyczki skopiuj ekskluzywny kod z wy\u015bwietlonego wyskakuj\u0105cego okienka i zapisz go do dalszego wykorzystania.<\/li><li><b>Rozpocznij korzystanie z wtyczki na stronie WooCommerce.<\/b><br>Dodaj kod zapisany wcze\u015bniej na swojej stronie g\u0142\u00f3wnej i zastosuj ulepszenia.<\/li><li><b>Instalacja zosta\u0142a pomy\u015blnie przeprowadzona.<\/b><br>Przejd\u017a na swoj\u0105 stron\u0119 internetow\u0105, aby sprawdzi\u0107, jak dzia\u0142a wtyczka. <\/li><\/ol><p>Je\u015bli masz jakiekolwiek przeszkody, napisz do naszego personelu pomocy technicznej. Nasi konsultanci pragn\u0105 rozwi\u0105za\u0107 wszystkie problemy, jakie mo\u017cesz mie\u0107 z wtyczk\u0105.<\/p><div class=\"faq\" data-component=\"FAQ\"><div class=\"faq-item\">\r\n\t\t\t\t\t<div class=\"faq-item-question\">\r\n\t\t\t\t\t\t<h3 class=\"faq-item-question-text\">Jak doda\u0107 osadzanie pliku do mojej witryny WooCommerce bez umiej\u0119tno\u015bci kodowania?<\/h3>\r\n\r\n\t\t\t\t\t\t<div class=\"faq-item-question-icon\"><\/div>\r\n\t\t\t\t\t<\/div>\r\n\r\n\t\t\t\t\t<div class=\"faq-item-answer\">\r\n\t\t\t\t\t\t<div class=\"faq-item-answer-text\"> <p>Elfsight zapewnia SaaS rozwi\u0105zanie, kt\u00f3re pozwala na samodzielne utworzenie wid\u017cetu File Embed, przekonaj si\u0119, jakie to proste: Pracuj bezpo\u015brednio w edytorze online, aby utworzy\u0107 wid\u017cet File Embed, kt\u00f3ry chcia\u0142by\u015b zobaczy\u0107 na swojej stronie WooCommerce. Wybierz jeden z gotowych szablon\u00f3w i dostosuj ustawienia osadzania pliku, dodaj tre\u015b\u0107, zmie\u0144 uk\u0142ad i kolory bez umiej\u0119tno\u015bci kodowania. Zapisz osadzony plik i skopiuj jego kod instalacyjny, kt\u00f3ry mo\u017cesz bez problemu umie\u015bci\u0107 na swojej stronie WooCommerce bez konieczno\u015bci zakupu p\u0142atnej subskrypcji. Dzi\u0119ki naszemu intuicyjnemu edytorowi ka\u017cdy u\u017cytkownik Internetu mo\u017ce stworzy\u0107 wid\u017cet File Embed online i \u0142atwo osadzi\u0107 go na swojej stronie WooCommerce. Aby uzyska\u0107 dost\u0119p do us\u0142ugi, nie trzeba p\u0142aci\u0107 ani wprowadza\u0107 danych uwierzytelniaj\u0105cych karty. Je\u015bli na kt\u00f3rymkolwiek etapie napotkasz jakiekolwiek problemy, skontaktuj si\u0119 z naszym zespo\u0142em pomocy technicznej.<\/p> <\/div>\r\n\t\t\t\t\t<\/div>\r\n\t\t\t\t<\/div> <\/div><\/div>","protected":false},"excerpt":{"rendered":"","protected":false},"author":9,"featured_media":0,"parent":3428,"menu_order":0,"comment_status":"closed","ping_status":"closed","template":"templates\/template-application-platform.php","meta":{"publish_to_discourse":"","publish_post_category":"","wpdc_auto_publish_overridden":"","wpdc_topic_tags":"","wpdc_pin_topic":"","wpdc_pin_until":"","discourse_post_id":"","discourse_permalink":"","wpdc_publishing_response":"","wpdc_publishing_error":"","footnotes":""},"class_list":["post-5198","page","type-page","status-publish","hentry"],"yoast_head":"<!-- This site is optimized with the Yoast SEO plugin v25.3.1 - https:\/\/yoast.com\/wordpress\/plugins\/seo\/ -->\n<title>Wtyczka WooCommerce File Viewer &amp; Embedder dla Twojej witryny internetowej (2025)<\/title>\n<meta name=\"description\" content=\"Mo\u017cesz teraz spersonalizowa\u0107 wtyczk\u0119 File Viewer &amp; Embedder i doda\u0107 j\u0105 do swojej witryny WooCommerce bezpo\u015brednio poprzez wersj\u0119 demonstracyjn\u0105.\" \/>\n<meta name=\"robots\" content=\"index, follow, max-snippet:-1, max-image-preview:large, max-video-preview:-1\" \/>\n<link rel=\"canonical\" href=\"https:\/\/elfsight.com\/pl\/file-embed-widget\/woocommerce\/\" \/>\n<meta property=\"og:locale\" content=\"pl_PL\" \/>\n<meta property=\"og:type\" content=\"article\" \/>\n<meta property=\"og:title\" content=\"Wtyczka WooCommerce File Viewer &amp; Embedder dla Twojej witryny internetowej (2025)\" \/>\n<meta property=\"og:description\" content=\"Mo\u017cesz teraz spersonalizowa\u0107 wtyczk\u0119 File Viewer &amp; Embedder i doda\u0107 j\u0105 do swojej witryny WooCommerce bezpo\u015brednio poprzez wersj\u0119 demonstracyjn\u0105.\" \/>\n<meta property=\"og:url\" content=\"https:\/\/elfsight.com\/pl\/file-embed-widget\/woocommerce\/\" \/>\n<meta property=\"og:site_name\" content=\"Elfsight PL\" \/>\n<meta property=\"article:modified_time\" content=\"2024-11-14T09:20:23+00:00\" \/>\n<meta name=\"twitter:card\" content=\"summary_large_image\" \/>\n<meta name=\"twitter:label1\" content=\"Szacowany czas czytania\" \/>\n\t<meta name=\"twitter:data1\" content=\"3 minuty\" \/>\n<!-- \/ Yoast SEO plugin. -->","yoast_head_json":{"title":"Wtyczka WooCommerce File Viewer & Embedder dla Twojej witryny internetowej (2025)","description":"Mo\u017cesz teraz spersonalizowa\u0107 wtyczk\u0119 File Viewer & Embedder i doda\u0107 j\u0105 do swojej witryny WooCommerce bezpo\u015brednio poprzez wersj\u0119 demonstracyjn\u0105.","robots":{"index":"index","follow":"follow","max-snippet":"max-snippet:-1","max-image-preview":"max-image-preview:large","max-video-preview":"max-video-preview:-1"},"canonical":"https:\/\/elfsight.com\/pl\/file-embed-widget\/woocommerce\/","og_locale":"pl_PL","og_type":"article","og_title":"Wtyczka WooCommerce File Viewer & Embedder dla Twojej witryny internetowej (2025)","og_description":"Mo\u017cesz teraz spersonalizowa\u0107 wtyczk\u0119 File Viewer & Embedder i doda\u0107 j\u0105 do swojej witryny WooCommerce bezpo\u015brednio poprzez wersj\u0119 demonstracyjn\u0105.","og_url":"https:\/\/elfsight.com\/pl\/file-embed-widget\/woocommerce\/","og_site_name":"Elfsight PL","article_modified_time":"2024-11-14T09:20:23+00:00","twitter_card":"summary_large_image","twitter_misc":{"Szacowany czas czytania":"3 minuty"},"schema":{"@context":"https:\/\/schema.org","@graph":[{"@type":"WebPage","@id":"https:\/\/elfsight.com\/pl\/file-embed-widget\/woocommerce\/","url":"https:\/\/elfsight.com\/pl\/file-embed-widget\/woocommerce\/","name":"Wtyczka WooCommerce File Viewer & Embedder dla Twojej witryny internetowej (2025)","isPartOf":{"@id":"https:\/\/elfsight.com\/pl\/#website"},"datePublished":"2024-05-03T06:37:05+00:00","dateModified":"2024-11-14T09:20:23+00:00","description":"Mo\u017cesz teraz spersonalizowa\u0107 wtyczk\u0119 File Viewer & Embedder i doda\u0107 j\u0105 do swojej witryny WooCommerce bezpo\u015brednio poprzez wersj\u0119 demonstracyjn\u0105.","breadcrumb":{"@id":"https:\/\/elfsight.com\/pl\/file-embed-widget\/woocommerce\/#breadcrumb"},"inLanguage":"pl-PL","potentialAction":[{"@type":"ReadAction","target":["https:\/\/elfsight.com\/pl\/file-embed-widget\/woocommerce\/"]}]},{"@type":"BreadcrumbList","@id":"https:\/\/elfsight.com\/pl\/file-embed-widget\/woocommerce\/#breadcrumb","itemListElement":[{"@type":"ListItem","position":1,"name":"Home","item":"https:\/\/elfsight.com\/pl\/"},{"@type":"ListItem","position":2,"name":"File Embed","item":"https:\/\/elfsight.com\/pl\/file-embed-widget\/"},{"@type":"ListItem","position":3,"name":"File Embed &#8211; WooCommerce"}]},{"@type":"WebSite","@id":"https:\/\/elfsight.com\/pl\/#website","url":"https:\/\/elfsight.com\/pl\/","name":"Elfsight PL","description":"Just another Elfsight Sites site","potentialAction":[{"@type":"SearchAction","target":{"@type":"EntryPoint","urlTemplate":"https:\/\/elfsight.com\/pl\/?s={search_term_string}"},"query-input":{"@type":"PropertyValueSpecification","valueRequired":true,"valueName":"search_term_string"}}],"inLanguage":"pl-PL"}]}},"meta_box":{"industry":"","seo_heading":"","heading":"","description":"","cta_heading":"","cta_description":"","application":"3361","h1":"Wtyczka przegl\u0105darki plik\u00f3w WooCommerce","h1_caption":"Osadzaj dokumenty, arkusze kalkulacyjne i inne pliki na swojej stronie internetowej, aby \u0142atwo je przegl\u0105da\u0107 i pobiera\u0107 na swoj\u0105 stron\u0119 WooCommerce.","application_category":[],"applications_title":"","applications_request_title":"","applications_request_button_text":"","hero_text":"","hero_video":"","hero_video_schema_markup":"","selling_points_title":"","selling_points_caption":"","selling_points":[],"selling_points_cta_text":"","features_title":"","features":"","ed_cta_examples_text":"","ed_cta_examples_hidden":"","ed_cta_demo_text":"","ed_cta_demo_hidden":"","why_caption":"","why_editor_title":"","why_editor_text":"","why_team_title":"","why_team_text":"","why_service_title":"","why_service_text":"","template_catalog_visible":"","template_catalog_title":"","template_catalog_text":"","template_catalog_categories_visible":"","demo_title":"Utw\u00f3rz aplikacj\u0119 do osadzania plik\u00f3w","demo_caption":"Skonfiguruj osadzanie plik\u00f3w i dodaj je do swojej witryny WooCommerce za darmo!","default_faq_hidden":"","app_template_category":[],"platform":"335","template_public_id":"","codecanyon_url":"","codecanyon_item_id":"","codecanyon_price":"","pricing_caption":"","pricing_elfsight_apps_hide_column":"","pricing_elfsight_apps_url":"","pricing_codecanyon_price_caption":"","integration_category":[],"integration_request_title":"","integration_request_cta":"","integration_platform":"","integrations":[],"platform_category":[],"video_schema_markup":"","price":"od 0 USD \/ miesi\u0105c","trial":"","benefits":[{"text":"Bezp\u0142atna us\u0142uga monta\u017cu"},{"text":"Skuteczna obs\u0142uga klienta"},{"text":"14-dniowa gwarancja zwrotu pieni\u0119dzy"}],"button_url":"#demo","button_target_blank":"","button_nofollow":"","attributes":[{"name":"Instaluje"},{"name":"Czu\u0142y"},{"name":"Kompatybilne przegl\u0105darki"}],"tags":[],"tags_disable_links":"","hide_more_platforms":"","video_object":"","demo_hide_cta":"","demo_hide_cloud_options":"","pricing_title":"","pricing":[{"pricing_icon":"platform","pricing_title":"Elfsight Apps","pricing_title_caption":"Oprogramowanie niezale\u017cne od platformy, kt\u00f3re pasuje do ka\u017cdej witryny","pricing_price":"od 0 USD \/ miesi\u0105c","pricing_price_caption":"zacznij od bezp\u0142atnego planu","pricing_benefits":[{"text":"Nielimitowane strony internetowe"},{"text":"Ca\u0142odobowe wsparcie firmy"},{"text":"Bezp\u0142atne wsparcie przy instalacji"},{"text":"100% konfigurowalny"}],"pricing_button_text":"Dodaj do witryny","pricing_button_url":"#demo"}],"related_apps_title":"","related_apps_hidden":"","author":"","image":[],"title":"","job":"","social_networks":[]},"_links":{"self":[{"href":"https:\/\/elfsight.com\/pl\/wp-json\/wp\/v2\/pages\/5198","targetHints":{"allow":["GET"]}}],"collection":[{"href":"https:\/\/elfsight.com\/pl\/wp-json\/wp\/v2\/pages"}],"about":[{"href":"https:\/\/elfsight.com\/pl\/wp-json\/wp\/v2\/types\/page"}],"author":[{"embeddable":true,"href":"https:\/\/elfsight.com\/pl\/wp-json\/wp\/v2\/users\/9"}],"replies":[{"embeddable":true,"href":"https:\/\/elfsight.com\/pl\/wp-json\/wp\/v2\/comments?post=5198"}],"version-history":[{"count":1,"href":"https:\/\/elfsight.com\/pl\/wp-json\/wp\/v2\/pages\/5198\/revisions"}],"predecessor-version":[{"id":5202,"href":"https:\/\/elfsight.com\/pl\/wp-json\/wp\/v2\/pages\/5198\/revisions\/5202"}],"up":[{"embeddable":true,"href":"https:\/\/elfsight.com\/pl\/wp-json\/wp\/v2\/pages\/3428"}],"wp:attachment":[{"href":"https:\/\/elfsight.com\/pl\/wp-json\/wp\/v2\/media?parent=5198"}],"curies":[{"name":"wp","href":"https:\/\/api.w.org\/{rel}","templated":true}]}}