{"id":5191,"date":"2024-05-03T06:37:02","date_gmt":"2024-05-03T06:37:02","guid":{"rendered":"https:\/\/elfsight.com\/pl\/?page_id=5191"},"modified":"2024-10-24T12:00:16","modified_gmt":"2024-10-24T12:00:16","slug":"godaddy","status":"publish","type":"page","link":"https:\/\/elfsight.com\/pl\/file-embed-widget\/godaddy\/","title":{"rendered":"File Embed &#8211; GoDaddy"},"content":{"rendered":"<div class=\"application-platform-content-item-description application-platform-content-item\" id=\"description\" data-nav-section=\"description\"> <h2>Osad\u017a plik Osad\u017a w GoDaddy za pomoc\u0105 wid\u017cetu Elfsight<\/h2> <p>Wtyczka do osadzania plik\u00f3w Elfsight dla GoDaddy to naj\u0142atwiejszy spos\u00f3b, w jaki mo\u017cesz to zrobi\u0107 wstaw plik na stron\u0119 swojej witryny. Mo\u017cesz za\u0142\u0105czy\u0107 dowolny popularny typ pliku: PDF, Docx, Xlsx, Jpeg i inne formaty &#8211; kilkoma klikni\u0119ciami. Wybierz jeden z uk\u0142ad\u00f3w, kt\u00f3ry pozwala przegl\u0105da\u0107 pliki bezpo\u015brednio na stronie lub wy\u015bwietla\u0107 ich ikony. Oferujemy ikony wszystkich popularnych format\u00f3w, elementy interfejsu z mo\u017cliwo\u015bci\u0105 malowania, opcje rozmiaru czcionki i edytowalny nag\u0142\u00f3wek wtyczki. Umie\u015b\u0107 swoje certyfikaty, dokumentacj\u0119 techniczn\u0105, instrukcje i nie tylko w ci\u0105gu kilku sekund!<\/p> <p><b>Wi\u0119cej wiedzy klient\u00f3w o Twoich produktach<\/b><\/p> <\/div> <div class=\"application-platform-content-item-features  application-platform-content-item\" id=\"features \" data-nav-section=\"features \"> <h2>To tylko kilka cennych funkcji wtyczki: <\/h2> <ul><li>Osadzaj nieograniczon\u0105 liczb\u0119 plik\u00f3w; <\/li> <li>Wariant uk\u0142adu przegl\u0105darki plik\u00f3w do odczytu plik\u00f3w na stronie; <\/li> <li>Prze\u015blij zdj\u0119cia ikon i podgl\u0105d\u00f3w; <\/li> <li>Poka\u017c lub usu\u0144 tekst dokumentu pobierania; <\/li> <li>Sze\u015b\u0107 kolorowych detali interfejsu. <\/li> <\/ul><p><a href=\"#demo\">Po prostu wypr\u00f3buj t\u0119 wersj\u0119 demonstracyjn\u0105, aby uzyska\u0107 pe\u0142ny obraz<\/a><\/p> <\/div> <div class=\"application-platform-content-item-installation application-platform-content-item\" id=\"installation\" data-nav-section=\"installation\"> <h2>Jak osadzi\u0107 osadzanie pliku na mojej stronie internetowej GoDaddy? <\/h2> <p>Wystarczy post\u0119powa\u0107 zgodnie z poni\u017cszymi wskaz\u00f3wkami, aby zintegrowa\u0107 narz\u0119dzie. <\/p> <ol><li><b>Uruchom nasz darmowy konfigurator i zacznij tworzy\u0107 sw\u00f3j w\u0142asny instrument. <\/b><br> Wybierz odpowiedni projekt i funkcje narz\u0119dzia i zastosuj poprawki. <\/li> <li><b>Uzyskaj unikalny kod, kt\u00f3ry pojawia si\u0119 w polu aplikacji Elfsight. <\/b><br> Zaraz po zako\u0144czeniu generowania narz\u0119dzia skopiuj indywidualny kod z wy\u015bwietlonego wyskakuj\u0105cego okienka i zachowaj go na dalsze potrzeby. <\/li> <li><b>Rozpocznij korzystanie z narz\u0119dzia w witrynie GoDaddy. <\/b><br> Wklej ostatnio skopiowany kod na swoj\u0105 stron\u0119 internetow\u0105 i zastosuj modyfikacje. <\/li> <li><b>Konfiguracja zosta\u0142a w pe\u0142ni przeprowadzona. <\/b><br> Przejd\u017a na swoj\u0105 stron\u0119 i sprawd\u017a, jak dzia\u0142a wtyczka. <\/li><\/ol> <p>Je\u015bli masz pytania lub napotykasz jakiekolwiek trudno\u015bci, bez wahania skontaktuj si\u0119 z naszym personelem pomocniczym. Nasi specjali\u015bci z przyjemno\u015bci\u0105 odpowiedz\u0105 na wszystkie pytania dotycz\u0105ce produktu. <\/p> <div class=\"faq\" data-component=\"FAQ\"><div class=\"faq-item\">\r\n\t\t\t\t\t<div class=\"faq-item-question\">\r\n\t\t\t\t\t\t<h3 class=\"faq-item-question-text\">Jak doda\u0107 cz\u0119sto zadawane pytania do mojej witryny GoDaddy bez umiej\u0119tno\u015bci kodowania?<\/h3>\r\n\r\n\t\t\t\t\t\t<div class=\"faq-item-question-icon\"><\/div>\r\n\t\t\t\t\t<\/div>\r\n\r\n\t\t\t\t\t<div class=\"faq-item-answer\">\r\n\t\t\t\t\t\t<div class=\"faq-item-answer-text\"> <p>Elfsight zapewnia rozwi\u0105zanie SaaS, kt\u00f3re pozwala samodzielnie utworzy\u0107 wid\u017cet cz\u0119sto zadawanych pyta\u0144. Zobacz, jak \u0142atwy jest ten proces: Pracuj bezpo\u015brednio w edytorze online, aby utworzy\u0107 wid\u017cet FAQ, kt\u00f3ry chcesz zobaczy\u0107 w swojej witrynie GoDaddy. Wybierz jeden z gotowych szablon\u00f3w i dostosuj ustawienia FAQ, dodaj tre\u015b\u0107, zmie\u0144 uk\u0142ad i kolory bez umiej\u0119tno\u015bci kodowania. Zapisz FAQ i skopiuj jego kod instalacyjny, kt\u00f3ry mo\u017cesz \u0142atwo osadzi\u0107 na swojej stronie GoDaddy, bez konieczno\u015bci kupowania p\u0142atnej subskrypcji. Dzi\u0119ki naszemu intuicyjnemu edytorowi ka\u017cdy u\u017cytkownik Internetu mo\u017ce stworzy\u0107 wid\u017cet FAQ online i \u0142atwo osadzi\u0107 go na swojej stronie internetowej GoDaddy. Aby uzyska\u0107 dost\u0119p do us\u0142ugi, nie trzeba p\u0142aci\u0107 ani wprowadza\u0107 danych uwierzytelniaj\u0105cych karty. Je\u015bli na kt\u00f3rymkolwiek etapie napotkasz jakiekolwiek problemy, skontaktuj si\u0119 z naszym zespo\u0142em pomocy technicznej.<\/p> <\/div>\r\n\t\t\t\t\t<\/div>\r\n\t\t\t\t<\/div> <\/div><\/div>","protected":false},"excerpt":{"rendered":"","protected":false},"author":9,"featured_media":0,"parent":3428,"menu_order":0,"comment_status":"closed","ping_status":"closed","template":"templates\/template-application-platform.php","meta":{"publish_to_discourse":"","publish_post_category":"","wpdc_auto_publish_overridden":"","wpdc_topic_tags":"","wpdc_pin_topic":"","wpdc_pin_until":"","discourse_post_id":"","discourse_permalink":"","wpdc_publishing_response":"","wpdc_publishing_error":"","footnotes":""},"class_list":["post-5191","page","type-page","status-publish","hentry"],"yoast_head":"<!-- This site is optimized with the Yoast SEO plugin v25.3.1 - https:\/\/yoast.com\/wordpress\/plugins\/seo\/ -->\n<title>Wtyczka do osadzania plik\u00f3w \u2014 Dodaj wtyczk\u0119 do osadzania plik\u00f3w na stronie GoDaddy!<\/title>\n<meta name=\"description\" content=\"Osad\u017a dowolny typ pliku na swojej stronie internetowej za pomoc\u0105 wtyczki do osadzania plik\u00f3w Elfsight dla GoDaddy. G\u0142adko i \u0142atwo!\" \/>\n<meta name=\"robots\" content=\"index, follow, max-snippet:-1, max-image-preview:large, max-video-preview:-1\" \/>\n<link rel=\"canonical\" href=\"https:\/\/elfsight.com\/pl\/file-embed-widget\/godaddy\/\" \/>\n<meta property=\"og:locale\" content=\"pl_PL\" \/>\n<meta property=\"og:type\" content=\"article\" \/>\n<meta property=\"og:title\" content=\"Wtyczka do osadzania plik\u00f3w \u2014 Dodaj wtyczk\u0119 do osadzania plik\u00f3w na stronie GoDaddy!\" \/>\n<meta property=\"og:description\" content=\"Osad\u017a dowolny typ pliku na swojej stronie internetowej za pomoc\u0105 wtyczki do osadzania plik\u00f3w Elfsight dla GoDaddy. G\u0142adko i \u0142atwo!\" \/>\n<meta property=\"og:url\" content=\"https:\/\/elfsight.com\/pl\/file-embed-widget\/godaddy\/\" \/>\n<meta property=\"og:site_name\" content=\"Elfsight PL\" \/>\n<meta property=\"article:modified_time\" content=\"2024-10-24T12:00:16+00:00\" \/>\n<meta name=\"twitter:card\" content=\"summary_large_image\" \/>\n<meta name=\"twitter:label1\" content=\"Szacowany czas czytania\" \/>\n\t<meta name=\"twitter:data1\" content=\"3 minuty\" \/>\n<!-- \/ Yoast SEO plugin. -->","yoast_head_json":{"title":"Wtyczka do osadzania plik\u00f3w \u2014 Dodaj wtyczk\u0119 do osadzania plik\u00f3w na stronie GoDaddy!","description":"Osad\u017a dowolny typ pliku na swojej stronie internetowej za pomoc\u0105 wtyczki do osadzania plik\u00f3w Elfsight dla GoDaddy. G\u0142adko i \u0142atwo!","robots":{"index":"index","follow":"follow","max-snippet":"max-snippet:-1","max-image-preview":"max-image-preview:large","max-video-preview":"max-video-preview:-1"},"canonical":"https:\/\/elfsight.com\/pl\/file-embed-widget\/godaddy\/","og_locale":"pl_PL","og_type":"article","og_title":"Wtyczka do osadzania plik\u00f3w \u2014 Dodaj wtyczk\u0119 do osadzania plik\u00f3w na stronie GoDaddy!","og_description":"Osad\u017a dowolny typ pliku na swojej stronie internetowej za pomoc\u0105 wtyczki do osadzania plik\u00f3w Elfsight dla GoDaddy. G\u0142adko i \u0142atwo!","og_url":"https:\/\/elfsight.com\/pl\/file-embed-widget\/godaddy\/","og_site_name":"Elfsight PL","article_modified_time":"2024-10-24T12:00:16+00:00","twitter_card":"summary_large_image","twitter_misc":{"Szacowany czas czytania":"3 minuty"},"schema":{"@context":"https:\/\/schema.org","@graph":[{"@type":"WebPage","@id":"https:\/\/elfsight.com\/pl\/file-embed-widget\/godaddy\/","url":"https:\/\/elfsight.com\/pl\/file-embed-widget\/godaddy\/","name":"Wtyczka do osadzania plik\u00f3w \u2014 Dodaj wtyczk\u0119 do osadzania plik\u00f3w na stronie GoDaddy!","isPartOf":{"@id":"https:\/\/elfsight.com\/pl\/#website"},"datePublished":"2024-05-03T06:37:02+00:00","dateModified":"2024-10-24T12:00:16+00:00","description":"Osad\u017a dowolny typ pliku na swojej stronie internetowej za pomoc\u0105 wtyczki do osadzania plik\u00f3w Elfsight dla GoDaddy. G\u0142adko i \u0142atwo!","breadcrumb":{"@id":"https:\/\/elfsight.com\/pl\/file-embed-widget\/godaddy\/#breadcrumb"},"inLanguage":"pl-PL","potentialAction":[{"@type":"ReadAction","target":["https:\/\/elfsight.com\/pl\/file-embed-widget\/godaddy\/"]}]},{"@type":"BreadcrumbList","@id":"https:\/\/elfsight.com\/pl\/file-embed-widget\/godaddy\/#breadcrumb","itemListElement":[{"@type":"ListItem","position":1,"name":"Home","item":"https:\/\/elfsight.com\/pl\/"},{"@type":"ListItem","position":2,"name":"File Embed","item":"https:\/\/elfsight.com\/pl\/file-embed-widget\/"},{"@type":"ListItem","position":3,"name":"File Embed &#8211; GoDaddy"}]},{"@type":"WebSite","@id":"https:\/\/elfsight.com\/pl\/#website","url":"https:\/\/elfsight.com\/pl\/","name":"Elfsight PL","description":"Just another Elfsight Sites site","potentialAction":[{"@type":"SearchAction","target":{"@type":"EntryPoint","urlTemplate":"https:\/\/elfsight.com\/pl\/?s={search_term_string}"},"query-input":{"@type":"PropertyValueSpecification","valueRequired":true,"valueName":"search_term_string"}}],"inLanguage":"pl-PL"}]}},"meta_box":{"industry":"","seo_heading":"","heading":"","description":"","cta_heading":"","cta_description":"","application":"3361","h1":"Wtyczka GoDaddy File Embed","h1_caption":"Osadzaj dokumenty, arkusze kalkulacyjne i inne pliki w swojej witrynie, aby \u0142atwo je przegl\u0105da\u0107 i pobiera\u0107 do witryny GoDaddy.","application_category":[],"applications_title":"","applications_request_title":"","applications_request_button_text":"","hero_text":"","hero_video":"","hero_video_schema_markup":"","selling_points_title":"","selling_points_caption":"","selling_points":[],"selling_points_cta_text":"","features_title":"","features":"","ed_cta_examples_text":"","ed_cta_examples_hidden":"","ed_cta_demo_text":"","ed_cta_demo_hidden":"","why_caption":"","why_editor_title":"","why_editor_text":"","why_team_title":"","why_team_text":"","why_service_title":"","why_service_text":"","template_catalog_visible":"","template_catalog_title":"","template_catalog_text":"","template_catalog_categories_visible":"","demo_title":"Nie wahaj si\u0119 i utw\u00f3rz w\u0142asne osadzenie pliku GoDaddy","demo_caption":"Dostosuj go i wstaw na swoj\u0105 stron\u0119, korzystaj\u0105c z wersji demonstracyjnej.","default_faq_hidden":"","app_template_category":[],"platform":"180","template_public_id":"","codecanyon_url":"","codecanyon_item_id":"","codecanyon_price":"","pricing_caption":"","pricing_elfsight_apps_hide_column":"","pricing_elfsight_apps_url":"","pricing_codecanyon_price_caption":"","integration_category":[],"integration_request_title":"","integration_request_cta":"","integration_platform":"","integrations":[],"platform_category":[],"video_schema_markup":"","price":"od 0 USD \/ miesi\u0105c","trial":"","benefits":[{"text":"Bezp\u0142atna pomoc w monta\u017cu"},{"text":"Skuteczna obs\u0142uga klienta"},{"text":"14-dniowa gwarancja zwrotu pieni\u0119dzy"}],"button_url":"#demo","button_target_blank":"","button_nofollow":"","attributes":[{"name":"Instaluje"},{"name":"Czu\u0142y"},{"name":"Kompatybilne przegl\u0105darki"}],"tags":[],"tags_disable_links":"","hide_more_platforms":"","video_object":"","demo_hide_cta":"","demo_hide_cloud_options":"","pricing_title":"","pricing":[{"pricing_icon":"platform","pricing_title":"Elfsight Apps","pricing_title_caption":"Oprogramowanie wieloplatformowe","pricing_price":"od 0 USD \/ miesi\u0105c","pricing_price_caption":"zacznij od bezp\u0142atnego planu","pricing_benefits":[{"text":"Nielimitowane domeny"},{"text":"Dedykowane i terminowe wsparcie oraz dobrze udokumentowane"},{"text":"Bezp\u0142atna pomoc w instalacji"},{"text":"100% konfigurowalny"}],"pricing_button_text":"Dodaj do witryny","pricing_button_url":"#demo"}],"related_apps_title":"","related_apps_hidden":"","author":"","image":[],"title":"","job":"","social_networks":[]},"_links":{"self":[{"href":"https:\/\/elfsight.com\/pl\/wp-json\/wp\/v2\/pages\/5191","targetHints":{"allow":["GET"]}}],"collection":[{"href":"https:\/\/elfsight.com\/pl\/wp-json\/wp\/v2\/pages"}],"about":[{"href":"https:\/\/elfsight.com\/pl\/wp-json\/wp\/v2\/types\/page"}],"author":[{"embeddable":true,"href":"https:\/\/elfsight.com\/pl\/wp-json\/wp\/v2\/users\/9"}],"replies":[{"embeddable":true,"href":"https:\/\/elfsight.com\/pl\/wp-json\/wp\/v2\/comments?post=5191"}],"version-history":[{"count":1,"href":"https:\/\/elfsight.com\/pl\/wp-json\/wp\/v2\/pages\/5191\/revisions"}],"predecessor-version":[{"id":5195,"href":"https:\/\/elfsight.com\/pl\/wp-json\/wp\/v2\/pages\/5191\/revisions\/5195"}],"up":[{"embeddable":true,"href":"https:\/\/elfsight.com\/pl\/wp-json\/wp\/v2\/pages\/3428"}],"wp:attachment":[{"href":"https:\/\/elfsight.com\/pl\/wp-json\/wp\/v2\/media?parent=5191"}],"curies":[{"name":"wp","href":"https:\/\/api.w.org\/{rel}","templated":true}]}}