{"id":5184,"date":"2024-05-03T06:36:59","date_gmt":"2024-05-03T06:36:59","guid":{"rendered":"https:\/\/elfsight.com\/pl\/?page_id=5184"},"modified":"2025-06-26T15:04:57","modified_gmt":"2025-06-26T15:04:57","slug":"wordpress","status":"publish","type":"page","link":"https:\/\/elfsight.com\/pl\/accordion-faq-widget\/wordpress\/","title":{"rendered":"FAQ &#8211; WordPress"},"content":{"rendered":"\n<div class=\"application-platform-content-item-description application-platform-content-item\" id=\"description\" data-nav-section=\"description\"><h2>Umie\u015b\u0107 cz\u0119sto zadawane pytania w WordPress za pomoc\u0105 wid\u017cetu Elfsight<\/h2><p>Responsywne pytania dotycz\u0105ce akordeonu Elfsight to wydajna wtyczka, kt\u00f3ra pomaga wy\u015bwietli\u0107 najbardziej wa\u017cne pytania klient\u00f3w wraz z odpowiedziami na Twojej stronie internetowej. Interaktywna wtyczka z nieskomplikowan\u0105 nawigacj\u0105 pozwala na dostarczenie szczeg\u00f3\u0142owych informacji o Twoich ofertach, skierowanie uwagi czytelnik\u00f3w na pozytywne cechy towar\u00f3w oraz zapobiegni\u0119cie prawdopodobnym w\u0105tpliwo\u015bciom i nieufno\u015bci, kt\u00f3re mog\u0142yby utrudni\u0107 podj\u0119cie decyzji zakupowej.<\/p><p><b>Maksymalnie szybko odpowiadaj na pojawiaj\u0105ce si\u0119 pytania Twoich go\u015bci i zwi\u0119ksz konwersj\u0119 na stronie!<\/b><\/p><ul><li><b>Wyeliminuj podejrzenia swoich klient\u00f3w i osi\u0105gaj wy\u017csze przychody<\/b>.<br> Przedstaw u\u017cytkownikom obszerne informacje o swoich towarach lub ofertach, aby rozwia\u0107 wszelkie w\u0105tpliwo\u015bci i zwi\u0119kszy\u0107 przychody na stronie.<\/li><li><b>Stw\u00f3rz idealny wizerunek swojej marki w\u015br\u00f3d u\u017cytkownik\u00f3w<\/b>.<br>Dostarcz w\u0142a\u015bciwe zrozumienie swojej marki i proces\u00f3w biznesowych, aby wyeliminowa\u0107 wszelkie mo\u017cliwe w\u0105tpliwo\u015bci uniemo\u017cliwiaj\u0105ce nawi\u0105zanie wsp\u00f3\u0142pracy.<\/li><li><b>Zmniejszaj czas i cen\u0119 pracy centrum pomocy<\/b>.<br> Przedstaw odpowiedzi na wszystkie najcz\u0119stsze pytania dotycz\u0105ce Twoich towar\u00f3w, us\u0142ug lub marki, aby odci\u0105\u017cy\u0107 zesp\u00f3\u0142 pomocy technicznej.<\/li><\/ul><\/div><div class=\"application-platform-content-item-features application-platform-content-item\" id=\"features\" data-nav-section=\"features\"><h2>Main funkcje wid\u017cetu FAQ<\/h2><p>Mocne strony funkcjonalno\u015bci naszej wtyczki, kt\u00f3re sprawiaj\u0105, \u017ce najlepiej jest zintegrowa\u0107 FAQ z witryn\u0105 WordPress.<\/p><ul><li>3 gotowe uk\u0142ady responsywne: akordeon, lista , wielokolumnowe;<\/li><li>4 gotowe do u\u017cycia style z obramowaniami i cieniami;<\/li><li>Nieograniczona liczba pyta\u0144 w ka\u017cdej kategorii;<\/li><li>Obs\u0142ugiwany tekst HTML;<\/li><li>Dost\u0119pne aktualizacje zapewniaj\u0105ce \u015bwie\u017co\u015b\u0107.<\/li><\/ul><p><a href=\"#demo\">Sprawd\u017a wszystkie funkcje<\/a><\/p><\/div><div class=\"application-platform-content-item-installation application-platform-content-item\" id=\"installation\" data-nav-section=\"installation\"><h2>Jak doda\u0107 wtyczk\u0119 FAQ Accordion do WordPressa<\/h2><div class=\"video-container\"><iframe width=\"720\" height=\"405\" src=\"https:\/\/www.youtube.com\/embed\/L6OzE2sVMWg\" frameborder=\"0\" allowfullscreen=\"\"><\/iframe><\/div><p>Wystarczy wykona\u0107 poni\u017csze kroki, aby zintegrowa\u0107 wtyczk\u0119 z WordPress.<\/p> <ol><li><b>Zarz\u0105dzaj naszym darmowym edytorem i zacznij tworzy\u0107 w\u0142asn\u0105 wtyczk\u0119. <\/b><br> Wybierz preferowany uk\u0142ad i funkcje wid\u017cetu i zapisz zmiany. <\/li> <li><b>Zdob\u0105d\u017a sw\u00f3j osobisty kod, kt\u00f3ry jest wy\u015bwietlany w specjalnym formularzu w aplikacjach Elfsight. <\/b><br> Po zako\u0144czeniu dostosowywania osobistego wid\u017cetu FAQ skopiuj ekskluzywny kod z wy\u015bwietlonego okna i zachowaj go do wykorzystania w przysz\u0142o\u015bci. <\/li> <li><b>Zacznij korzysta\u0107 z wtyczki na stronie WordPress. <\/b><br> Dodaj skopiowany ostatnio kod na swoj\u0105 stron\u0119 i zapisz zmiany. <\/li> <li><b>Konfiguracja zosta\u0142a pomy\u015blnie uko\u0144czona. <\/b><br> Wejd\u017a na swoj\u0105 stron\u0119 i zobacz jak dzia\u0142a widget. <\/li><\/ol> <p>Masz trudno\u015bci podczas wykonywania samouczka? Skontaktuj si\u0119 z naszym dzia\u0142em pomocy technicznej lub sprawd\u017a pe\u0142ny tekst przewodnika \u00ab<a href=\"https:\/\/elfsight.com\/tutorials\/how-to-add-accordion-faq-plugin-to-wordpress\/\" target=\"_blank\" rel=\"noopener noreferrer\">Jak doda\u0107 wid\u017cet FAQ do WordPressa<\/a>\u00bb i samodzielnie doko\u0144cz dodawanie.<\/p><\/div><div class=\"faq\" data-component=\"FAQ\"><div class=\"faq-item\">\r\n\t\t\t\t\t<div class=\"faq-item-question\">\r\n\t\t\t\t\t\t<h3 class=\"faq-item-question-text\">Jak mog\u0119 osadzi\u0107 FAQ na mojej stronie WordPress?<\/h3>\r\n\r\n\t\t\t\t\t\t<div class=\"faq-item-question-icon\"><\/div>\r\n\t\t\t\t\t<\/div>\r\n\r\n\t\t\t\t\t<div class=\"faq-item-answer\">\r\n\t\t\t\t\t\t<div class=\"faq-item-answer-text\"><p>Tworzenie widgetu odbywa si\u0119 w ramach us\u0142ugi Elfsight i nie musisz uczy\u0107 si\u0119 kodowania. Przejd\u017a do wersji demonstracyjnej na \u017cywo, aby zaprojektowa\u0107 swoje osobiste narz\u0119dzie, zdob\u0105d\u017a kod i umie\u015b\u0107 go na swojej stronie internetowej. <\/p><\/div>\r\n\t\t\t\t\t<\/div>\r\n\t\t\t\t<\/div><div class=\"faq-item\">\r\n\t\t\t\t\t<div class=\"faq-item-question\">\r\n\t\t\t\t\t\t<h3 class=\"faq-item-question-text\">Najlepsze sposoby wykorzystania integracji z najcz\u0119\u015bciej zadawanymi pytaniami dotycz\u0105cymi aplikacji Accordion<\/h3>\r\n\r\n\t\t\t\t\t\t<div class=\"faq-item-question-icon\"><\/div>\r\n\t\t\t\t\t<\/div>\r\n\r\n\t\t\t\t\t<div class=\"faq-item-answer\">\r\n\t\t\t\t\t\t<div class=\"faq-item-answer-text\"><p>Zapewniamy szereg opcji personalizacji: pe\u0142nowymiarowe wid\u017cety do wdro\u017cenia w strefie tre\u015bci , p\u0142ywaj\u0105ce wid\u017cety z funkcj\u0105 przewijania, miniatury stopki Twojej witryny, sekcj\u0119 nag\u0142\u00f3wka i wszelkiego rodzaju pionowe opcje pask\u00f3w bocznych i menu. <\/p><\/div>\r\n\t\t\t\t\t<\/div>\r\n\t\t\t\t<\/div><div class=\"faq-item\">\r\n\t\t\t\t\t<div class=\"faq-item-question\">\r\n\t\t\t\t\t\t<h3 class=\"faq-item-question-text\">Czy mog\u0119 utworzy\u0107 proste lub wielokolumnowe FAQ przy pomocy Twojego edytora?<\/h3>\r\n\r\n\t\t\t\t\t\t<div class=\"faq-item-question-icon\"><\/div>\r\n\t\t\t\t\t<\/div>\r\n\r\n\t\t\t\t\t<div class=\"faq-item-answer\">\r\n\t\t\t\t\t\t<div class=\"faq-item-answer-text\"><p>Mo\u017cesz tworzy\u0107 dowolne odmiany wid\u017cetu. W edytorze masz do dyspozycji mn\u00f3stwo uk\u0142ad\u00f3w, a ka\u017cdy z nich mo\u017cna \u0142atwo dostosowa\u0107 do w\u0142asnych potrzeb. <\/p><\/div>\r\n\t\t\t\t\t<\/div>\r\n\t\t\t\t<\/div><\/div>\n","protected":false},"excerpt":{"rendered":"","protected":false},"author":9,"featured_media":0,"parent":2064,"menu_order":0,"comment_status":"closed","ping_status":"closed","template":"templates\/template-application-platform.php","meta":{"publish_to_discourse":"","publish_post_category":"","wpdc_auto_publish_overridden":"","wpdc_topic_tags":"","wpdc_pin_topic":"","wpdc_pin_until":"","discourse_post_id":"","discourse_permalink":"","wpdc_publishing_response":"","wpdc_publishing_error":"","footnotes":""},"class_list":["post-5184","page","type-page","status-publish","hentry"],"yoast_head":"<!-- This site is optimized with the Yoast SEO plugin v25.3.1 - https:\/\/yoast.com\/wordpress\/plugins\/seo\/ -->\n<title>Wtyczka WordPress FAQ - Najlepszy akordeon FAQ na stron\u0119 internetow\u0105 (za darmo)<\/title>\n<meta name=\"description\" content=\"Ukszta\u0142tuj responsywn\u0105 wtyczk\u0119 FAQ dotycz\u0105c\u0105 akordeonu dla WordPress w 2 minuty. Wypr\u00f3buj natychmiastow\u0105 wersj\u0119 demonstracyjn\u0105 generowania wtyczek przez Elfsight, ca\u0142kowicie za darmo.\" \/>\n<meta name=\"robots\" content=\"index, follow, max-snippet:-1, max-image-preview:large, max-video-preview:-1\" \/>\n<link rel=\"canonical\" href=\"https:\/\/elfsight.com\/pl\/accordion-faq-widget\/wordpress\/\" \/>\n<meta property=\"og:locale\" content=\"pl_PL\" \/>\n<meta property=\"og:type\" content=\"article\" \/>\n<meta property=\"og:title\" content=\"Wtyczka WordPress FAQ - Najlepszy akordeon FAQ na stron\u0119 internetow\u0105 (za darmo)\" \/>\n<meta property=\"og:description\" content=\"Ukszta\u0142tuj responsywn\u0105 wtyczk\u0119 FAQ dotycz\u0105c\u0105 akordeonu dla WordPress w 2 minuty. Wypr\u00f3buj natychmiastow\u0105 wersj\u0119 demonstracyjn\u0105 generowania wtyczek przez Elfsight, ca\u0142kowicie za darmo.\" \/>\n<meta property=\"og:url\" content=\"https:\/\/elfsight.com\/pl\/accordion-faq-widget\/wordpress\/\" \/>\n<meta property=\"og:site_name\" content=\"Elfsight PL\" \/>\n<meta property=\"article:modified_time\" content=\"2025-06-26T15:04:57+00:00\" \/>\n<meta name=\"twitter:card\" content=\"summary_large_image\" \/>\n<meta name=\"twitter:label1\" content=\"Szacowany czas czytania\" \/>\n\t<meta name=\"twitter:data1\" content=\"3 minuty\" \/>\n<!-- \/ Yoast SEO plugin. -->","yoast_head_json":{"title":"Wtyczka WordPress FAQ - Najlepszy akordeon FAQ na stron\u0119 internetow\u0105 (za darmo)","description":"Ukszta\u0142tuj responsywn\u0105 wtyczk\u0119 FAQ dotycz\u0105c\u0105 akordeonu dla WordPress w 2 minuty. Wypr\u00f3buj natychmiastow\u0105 wersj\u0119 demonstracyjn\u0105 generowania wtyczek przez Elfsight, ca\u0142kowicie za darmo.","robots":{"index":"index","follow":"follow","max-snippet":"max-snippet:-1","max-image-preview":"max-image-preview:large","max-video-preview":"max-video-preview:-1"},"canonical":"https:\/\/elfsight.com\/pl\/accordion-faq-widget\/wordpress\/","og_locale":"pl_PL","og_type":"article","og_title":"Wtyczka WordPress FAQ - Najlepszy akordeon FAQ na stron\u0119 internetow\u0105 (za darmo)","og_description":"Ukszta\u0142tuj responsywn\u0105 wtyczk\u0119 FAQ dotycz\u0105c\u0105 akordeonu dla WordPress w 2 minuty. Wypr\u00f3buj natychmiastow\u0105 wersj\u0119 demonstracyjn\u0105 generowania wtyczek przez Elfsight, ca\u0142kowicie za darmo.","og_url":"https:\/\/elfsight.com\/pl\/accordion-faq-widget\/wordpress\/","og_site_name":"Elfsight PL","article_modified_time":"2025-06-26T15:04:57+00:00","twitter_card":"summary_large_image","twitter_misc":{"Szacowany czas czytania":"3 minuty"},"schema":{"@context":"https:\/\/schema.org","@graph":[{"@type":"WebPage","@id":"https:\/\/elfsight.com\/pl\/accordion-faq-widget\/wordpress\/","url":"https:\/\/elfsight.com\/pl\/accordion-faq-widget\/wordpress\/","name":"Wtyczka WordPress FAQ - Najlepszy akordeon FAQ na stron\u0119 internetow\u0105 (za darmo)","isPartOf":{"@id":"https:\/\/elfsight.com\/pl\/#website"},"datePublished":"2024-05-03T06:36:59+00:00","dateModified":"2025-06-26T15:04:57+00:00","description":"Ukszta\u0142tuj responsywn\u0105 wtyczk\u0119 FAQ dotycz\u0105c\u0105 akordeonu dla WordPress w 2 minuty. Wypr\u00f3buj natychmiastow\u0105 wersj\u0119 demonstracyjn\u0105 generowania wtyczek przez Elfsight, ca\u0142kowicie za darmo.","breadcrumb":{"@id":"https:\/\/elfsight.com\/pl\/accordion-faq-widget\/wordpress\/#breadcrumb"},"inLanguage":"pl-PL","potentialAction":[{"@type":"ReadAction","target":["https:\/\/elfsight.com\/pl\/accordion-faq-widget\/wordpress\/"]}]},{"@type":"BreadcrumbList","@id":"https:\/\/elfsight.com\/pl\/accordion-faq-widget\/wordpress\/#breadcrumb","itemListElement":[{"@type":"ListItem","position":1,"name":"Home","item":"https:\/\/elfsight.com\/pl\/"},{"@type":"ListItem","position":2,"name":"FAQ","item":"https:\/\/elfsight.com\/pl\/accordion-faq-widget\/"},{"@type":"ListItem","position":3,"name":"FAQ &#8211; WordPress"}]},{"@type":"WebSite","@id":"https:\/\/elfsight.com\/pl\/#website","url":"https:\/\/elfsight.com\/pl\/","name":"Elfsight PL","description":"Just another Elfsight Sites site","potentialAction":[{"@type":"SearchAction","target":{"@type":"EntryPoint","urlTemplate":"https:\/\/elfsight.com\/pl\/?s={search_term_string}"},"query-input":{"@type":"PropertyValueSpecification","valueRequired":true,"valueName":"search_term_string"}}],"inLanguage":"pl-PL"}]}},"meta_box":{"industry":"","seo_heading":"","heading":"","description":"","cta_heading":"","cta_description":"","application":"2063","h1":"Wtyczka FAQ do WordPressa","h1_caption":"Podaj odpowiedzi na cz\u0119sto zadawane pytania w zorganizowanym formacie umo\u017cliwiaj\u0105cym przeszukiwanie, aby pom\u00f3c u\u017cytkownikom szybko i bez wysi\u0142ku znale\u017a\u0107 rozwi\u0105zania w Twojej witrynie WordPress.","application_category":[],"applications_title":"","applications_request_title":"","applications_request_button_text":"","hero_text":"","hero_video":"","hero_video_schema_markup":"","selling_points_title":"","selling_points_caption":"","selling_points":[],"selling_points_cta_text":"","features_title":"","features":"","ed_cta_examples_text":"","ed_cta_examples_hidden":"","ed_cta_demo_text":"","ed_cta_demo_hidden":"","why_caption":"","why_editor_title":"","why_editor_text":"","why_team_title":"","why_team_text":"","why_service_title":"","why_service_text":"","template_catalog_visible":"0","template_catalog_title":"","template_catalog_text":"","template_catalog_categories_visible":"","demo_title":"Utw\u00f3rz wtyczk\u0119 FAQ","demo_caption":"Skonfiguruj swoje FAQ i dodaj je za darmo do swojej witryny WordPress!","default_faq_hidden":"","app_template_category":[],"platform":"31","template_public_id":"","codecanyon_url":"","codecanyon_item_id":"","codecanyon_price":"","pricing_caption":"","pricing_elfsight_apps_hide_column":"","pricing_elfsight_apps_url":"","pricing_codecanyon_price_caption":"","integration_category":[],"integration_request_title":"","integration_request_cta":"","integration_platform":"","integrations":[],"platform_category":[],"video_schema_markup":"","price":"od 0 USD \/ miesi\u0105c","trial":"","benefits":[{"text":"Bezp\u0142atna pomoc w monta\u017cu"},{"text":"Do\u015bwiadczona obs\u0142uga klienta"},{"text":"14-dniowa gwarancja zwrotu pieni\u0119dzy"}],"button_url":"#demo","button_target_blank":"0","button_nofollow":"0","attributes":[{"name":"Instaluje"},{"name":"Czu\u0142y"},{"name":"Kompatybilne przegl\u0105darki"}],"tags":[],"tags_disable_links":"0","hide_more_platforms":"0","video_object":"","demo_hide_cta":"0","demo_hide_cloud_options":"0","pricing_title":"","pricing":[{"pricing_icon":"cloud","pricing_title":"Elfsight Apps","pricing_title_caption":"Rozwi\u0105zanie wieloplatformowe","pricing_price":"od 0 USD \/ miesi\u0105c","pricing_price_caption":"zacznij od bezp\u0142atnego planu","pricing_benefits":[{"text":"Nielimitowane strony internetowe"},{"text":"Profesjonalne i terminowe wsparcie"},{"text":"Bezp\u0142atna us\u0142uga monta\u017cu"},{"text":"Oferta specjalna na wiele aplikacji"}],"pricing_button_text":"Dodaj do witryny","pricing_button_url":"#demo"}],"related_apps_title":"","related_apps_hidden":"0","author":"","image":[],"title":"","job":"","social_networks":[]},"_links":{"self":[{"href":"https:\/\/elfsight.com\/pl\/wp-json\/wp\/v2\/pages\/5184","targetHints":{"allow":["GET"]}}],"collection":[{"href":"https:\/\/elfsight.com\/pl\/wp-json\/wp\/v2\/pages"}],"about":[{"href":"https:\/\/elfsight.com\/pl\/wp-json\/wp\/v2\/types\/page"}],"author":[{"embeddable":true,"href":"https:\/\/elfsight.com\/pl\/wp-json\/wp\/v2\/users\/9"}],"replies":[{"embeddable":true,"href":"https:\/\/elfsight.com\/pl\/wp-json\/wp\/v2\/comments?post=5184"}],"version-history":[{"count":5,"href":"https:\/\/elfsight.com\/pl\/wp-json\/wp\/v2\/pages\/5184\/revisions"}],"predecessor-version":[{"id":10574,"href":"https:\/\/elfsight.com\/pl\/wp-json\/wp\/v2\/pages\/5184\/revisions\/10574"}],"up":[{"embeddable":true,"href":"https:\/\/elfsight.com\/pl\/wp-json\/wp\/v2\/pages\/2064"}],"wp:attachment":[{"href":"https:\/\/elfsight.com\/pl\/wp-json\/wp\/v2\/media?parent=5184"}],"curies":[{"name":"wp","href":"https:\/\/api.w.org\/{rel}","templated":true}]}}