{"id":5183,"date":"2024-05-03T06:36:58","date_gmt":"2024-05-03T06:36:58","guid":{"rendered":"https:\/\/elfsight.com\/pl\/?page_id=5183"},"modified":"2025-06-26T15:01:22","modified_gmt":"2025-06-26T15:01:22","slug":"shopify","status":"publish","type":"page","link":"https:\/\/elfsight.com\/pl\/accordion-faq-widget\/shopify\/","title":{"rendered":"FAQ &#8211; Shopify"},"content":{"rendered":"<div class=\"application-platform-content-item-description application-platform-content-item\" id=\"description\" data-nav-section=\"description\">\n<h2>Umie\u015b\u0107 cz\u0119sto zadawane pytania w Shopify za pomoc\u0105 wid\u017cetu Elfsight<\/h2>\n<p>FAQ opracowane przez zesp\u00f3\u0142 Elfsight s\u0105 wygodne, \u0142atwe w obs\u0142udze i konfiguracji. Ta aplikacja pomaga wygenerowa\u0107 i opublikowa\u0107 jednostk\u0119 najpopularniejszych pyta\u0144 wraz z odpowiedziami na Twojej osobistej stronie. Aplikacja informacyjna z nieskomplikowan\u0105 nawigacj\u0105 pozwala poda\u0107 maksimum szczeg\u00f3\u0142\u00f3w na temat Twoich ofert, skupi\u0107 uwag\u0119 klient\u00f3w na ich mocnych stronach oraz pokona\u0107 w\u0105tpliwo\u015bci i nieufno\u015b\u0107, kt\u00f3re mog\u0105 uniemo\u017cliwi\u0107 zakup.<\/p>\n<p><b>Odpowiadaj na pytania p\u0142yn\u0105ce od maksymalnie szybko swoich klient\u00f3w i zwi\u0119kszy\u0107 sprzeda\u017c na stronie!<\/b><\/p>\n<ul>\n    <li><b>Prowad\u017a u\u017cytkownik\u00f3w do zakupu dzi\u0119ki strategicznym odpowiedziom<\/b>.<br>Dodawaj odpowiedzi do kluczowych klient\u00f3w zadawaj wcze\u015bniej pytania i przekonaj u\u017cytkownik\u00f3w do dokonania zakupu w Twojej witrynie.<\/li>\n    <li><b>Przeka\u017c klientom odpowiedni wizerunek swojej firmy<\/b>.<br>Zapewnij u\u017cytkownikom w\u0142a\u015bciwy odbi\u00f3r Twojej firmy i jego model komercyjny, aby rozwia\u0107 ich b\u0142\u0119dne przekonania lub w\u0105tpliwo\u015bci i przekona\u0107 ich do wsp\u00f3\u0142pracy.<\/li>\n    <li><b>Zmniejszaj czas i koszty pracy wspieraj\u0105cej klient\u00f3w<\/b>.<br>Udziel odpowiedzi na maksymalnie cz\u0119sto zadawane pytania pytania dotycz\u0105ce Twoich produkt\u00f3w lub us\u0142ug, aby odci\u0105\u017cy\u0107 Ci\u0119 od obs\u0142ugi klienta.<\/li>\n<\/ul>\n<\/div>\n\n<div class=\"application-platform-content-item-features application-platform-content-item\" id=\"features\" data-nav-section=\"features\">\n<h2>G\u0142\u00f3wne funkcje wid\u017cetu FAQ<\/h2>\n<p>Najwa\u017cniejsze cechy aplikacji Elfsight, kt\u00f3re czyni\u0105 j\u0105 najwygodniejszym narz\u0119dziem do dodawania cz\u0119sto zadawanych pyta\u0144 na stronie Shopify.<\/p>\n<ul>\n    <li>Uk\u0142ad harmonijkowy wy\u015bwietlaj\u0105cy odpowiedzi po klikni\u0119ciu;<\/li>\n    <li>Mo\u017cliwo\u015b\u0107 dostosowania kolor\u00f3w tekstu pytania, tekstu odpowiedzi, nazwy kategorii i t\u0142a;<\/li>\n    <li>Pokazuj\/ukrywaj i edytuj nazwy kategorii;<\/li>\n    <li>Schemat pyta\u0144 w postaci mikrodanych, aby pom\u00f3c w optymalizacji SEO;<\/li>\n    <li>Dost\u0119pne aktualizacje, aby zachowa\u0107 \u015bwie\u017co\u015b\u0107.<\/li>\n<\/ul>\n<p><a href=\"#demo\">Sprawd\u017a je wszystkie<\/a><\/p>\n<\/div>\n\n<div class=\"application-platform-content-item-installation application-platform-content-item\" id=\"installation\" data-nav-section=\"installation\">\n<h2>Jak doda\u0107 wid\u017cet FAQ Accordion do Shopify<\/h2>\n<div class=\"video-container\"><iframe width=\"720\" height=\"405\" src=\"https:\/\/www.youtube.com\/embed\/R6k6gRp-w8w\" frameborder=\"0\" allowfullscreen=\"\"><\/iframe><\/div>\n<p>Zainstaluj aplikacj\u0119, korzystaj\u0105c z naszej kr\u00f3tkiej instrukcji. Nie potrzebujesz do\u015bwiadczenia w tworzeniu stron internetowych ani pomocy programisty. Ca\u0142kowity czas konfiguracji to tylko 60 sekund.<\/p>\n<ol>\n    <li><b>Wykonaj nasz\u0105 bezp\u0142atn\u0105 wersj\u0119 demonstracyjn\u0105 i rozpocznij prac\u0119 ze swoj\u0105 dostosowan\u0105 aplikacj\u0105. <\/b><br> Znajd\u017a preferowany uk\u0142ad i cechy funkcjonalne aplikacji i zapisz wszystkie poprawki. <\/li>\n    <li><b>Wy\u015bwietl sw\u00f3j indywidualny kod w specjalnym formularzu w aplikacjach Elfsight. <\/b><br> Po zako\u0144czeniu konfiguracji aplikacji skopiuj ekskluzywny kod z wy\u015bwietlonego wyskakuj\u0105cego okienka i zapisz go na p\u00f3\u017aniej. <\/li>\n    <li><b>Rozpocznij korzystanie z aplikacji w swojej witrynie Shopify. <\/b><br> Umie\u015b\u0107 zapisany wcze\u015bniej kod w swojej witrynie i zapisz zmiany. <\/li>\n    <li><b>Gotowe! Osadzanie zosta\u0142o pomy\u015blnie zako\u0144czone. <\/b><br> Przejd\u017a na swoj\u0105 stron\u0119 internetow\u0105 i obserwuj dzia\u0142anie aplikacji. <\/li>\n<\/ol>\n<p>Masz pytania dotycz\u0105ce aplikacji instrukta\u017cowej? Skontaktuj si\u0119 z zespo\u0142em pomocy technicznej Elfsight lub przeczytaj pe\u0142n\u0105 wersj\u0119 samouczka \u00ab<a href=\"https:\/\/elfsight.com\/blog\/how-to-add-faq-to-shopify-for-free\/\" target=\"_blank\" rel=\"noopener noreferrer\">Jak doda\u0107 cz\u0119sto zadawane pytania do Shopify<\/a>\u00bb i spr\u00f3buj doda\u0107 siebie jeszcze raz.<\/p>\n<\/div>\n\n<div class=\"faq\" data-component=\"FAQ\">\n    <div class=\"faq-item\">\r\n\t\t\t\t\t<div class=\"faq-item-question\">\r\n\t\t\t\t\t\t<h3 class=\"faq-item-question-text\">Jak mog\u0119 osadzi\u0107 FAQ w mojej witrynie Shopify?<\/h3>\r\n\r\n\t\t\t\t\t\t<div class=\"faq-item-question-icon\"><\/div>\r\n\t\t\t\t\t<\/div>\r\n\r\n\t\t\t\t\t<div class=\"faq-item-answer\">\r\n\t\t\t\t\t\t<div class=\"faq-item-answer-text\">\n    <p>Tworzenie wid\u017cetu odbywa si\u0119 na stronach Elfsight i nie trzeba kodowa\u0107. Skorzystaj z wersji demonstracyjnej online, aby spersonalizowa\u0107 sw\u00f3j osobisty widget, uzyskaj kod i dodaj go do swojej witryny.<\/p>\n    <\/div>\r\n\t\t\t\t\t<\/div>\r\n\t\t\t\t<\/div>\n    <div class=\"faq-item\">\r\n\t\t\t\t\t<div class=\"faq-item-question\">\r\n\t\t\t\t\t\t<h3 class=\"faq-item-question-text\">Najlepsze przyk\u0142ady wykorzystania integracji FAQ Accordion<\/h3>\r\n\r\n\t\t\t\t\t\t<div class=\"faq-item-question-icon\"><\/div>\r\n\t\t\t\t\t<\/div>\r\n\r\n\t\t\t\t\t<div class=\"faq-item-answer\">\r\n\t\t\t\t\t\t<div class=\"faq-item-answer-text\">\n    <p>Oferujemy wiele mo\u017cliwo\u015bci dostosowania: pe\u0142nowymiarowe wid\u017cety do osadzania w obszarze zawarto\u015bci, p\u0142ywaj\u0105ce wtyczki z mo\u017cliwo\u015bci\u0105 przewijania, miniaturami stopki, sekcj\u0105 nag\u0142\u00f3wka i wszystkimi odmianami mo\u017cliwo\u015bci pionowych pask\u00f3w bocznych i menu witryny.<\/p>\n    <\/div>\r\n\t\t\t\t\t<\/div>\r\n\t\t\t\t<\/div>\n    <div class=\"faq-item\">\r\n\t\t\t\t\t<div class=\"faq-item-question\">\r\n\t\t\t\t\t\t<h3 class=\"faq-item-question-text\">Jak utworzy\u0107 wielokolumnowe lub rozwijane cz\u0119sto zadawane pytania za pomoc\u0105 edytora?<\/h3>\r\n\r\n\t\t\t\t\t\t<div class=\"faq-item-question-icon\"><\/div>\r\n\t\t\t\t\t<\/div>\r\n\r\n\t\t\t\t\t<div class=\"faq-item-answer\">\r\n\t\t\t\t\t\t<div class=\"faq-item-answer-text\">\n    <p>Mo\u017cesz tworzy\u0107 dowolne modyfikacje wid\u017cetu. W edytorze dost\u0119pnych jest mn\u00f3stwo uk\u0142ad\u00f3w, a ka\u017cdy z nich mo\u017cna szybko spersonalizowa\u0107, tak jak Ci brakuje.<\/p>\n    <\/div>\r\n\t\t\t\t\t<\/div>\r\n\t\t\t\t<\/div>\n<\/div>","protected":false},"excerpt":{"rendered":"","protected":false},"author":9,"featured_media":0,"parent":2064,"menu_order":0,"comment_status":"closed","ping_status":"closed","template":"templates\/template-application-platform.php","meta":{"publish_to_discourse":"","publish_post_category":"","wpdc_auto_publish_overridden":"","wpdc_topic_tags":"","wpdc_pin_topic":"","wpdc_pin_until":"","discourse_post_id":"","discourse_permalink":"","wpdc_publishing_response":"","wpdc_publishing_error":"","footnotes":""},"class_list":["post-5183","page","type-page","status-publish","hentry"],"yoast_head":"<!-- This site is optimized with the Yoast SEO plugin v25.3.1 - https:\/\/yoast.com\/wordpress\/plugins\/seo\/ -->\n<title>Cz\u0119sto zadawane pytania na temat akordeonu \u2014 dodaj aplikacj\u0119 FAQ do witryny Shopify<\/title>\n<meta name=\"description\" content=\"Ukszta\u0142tuj swoj\u0105 dostosowan\u0105 aplikacj\u0119 z cz\u0119sto zadawanymi pytaniami dla Shopify w zaledwie kilka minut. Skorzystaj z najprostszego demo do tworzenia wtyczek firmy Elfsight, ca\u0142kowicie za darmo.\" \/>\n<meta name=\"robots\" content=\"index, follow, max-snippet:-1, max-image-preview:large, max-video-preview:-1\" \/>\n<link rel=\"canonical\" href=\"https:\/\/elfsight.com\/pl\/accordion-faq-widget\/shopify\/\" \/>\n<meta property=\"og:locale\" content=\"pl_PL\" \/>\n<meta property=\"og:type\" content=\"article\" \/>\n<meta property=\"og:title\" content=\"Cz\u0119sto zadawane pytania na temat akordeonu \u2014 dodaj aplikacj\u0119 FAQ do witryny Shopify\" \/>\n<meta property=\"og:description\" content=\"Ukszta\u0142tuj swoj\u0105 dostosowan\u0105 aplikacj\u0119 z cz\u0119sto zadawanymi pytaniami dla Shopify w zaledwie kilka minut. Skorzystaj z najprostszego demo do tworzenia wtyczek firmy Elfsight, ca\u0142kowicie za darmo.\" \/>\n<meta property=\"og:url\" content=\"https:\/\/elfsight.com\/pl\/accordion-faq-widget\/shopify\/\" \/>\n<meta property=\"og:site_name\" content=\"Elfsight PL\" \/>\n<meta property=\"article:modified_time\" content=\"2025-06-26T15:01:22+00:00\" \/>\n<meta name=\"twitter:card\" content=\"summary_large_image\" \/>\n<meta name=\"twitter:label1\" content=\"Szacowany czas czytania\" \/>\n\t<meta name=\"twitter:data1\" content=\"3 minuty\" \/>\n<!-- \/ Yoast SEO plugin. -->","yoast_head_json":{"title":"Cz\u0119sto zadawane pytania na temat akordeonu \u2014 dodaj aplikacj\u0119 FAQ do witryny Shopify","description":"Ukszta\u0142tuj swoj\u0105 dostosowan\u0105 aplikacj\u0119 z cz\u0119sto zadawanymi pytaniami dla Shopify w zaledwie kilka minut. Skorzystaj z najprostszego demo do tworzenia wtyczek firmy Elfsight, ca\u0142kowicie za darmo.","robots":{"index":"index","follow":"follow","max-snippet":"max-snippet:-1","max-image-preview":"max-image-preview:large","max-video-preview":"max-video-preview:-1"},"canonical":"https:\/\/elfsight.com\/pl\/accordion-faq-widget\/shopify\/","og_locale":"pl_PL","og_type":"article","og_title":"Cz\u0119sto zadawane pytania na temat akordeonu \u2014 dodaj aplikacj\u0119 FAQ do witryny Shopify","og_description":"Ukszta\u0142tuj swoj\u0105 dostosowan\u0105 aplikacj\u0119 z cz\u0119sto zadawanymi pytaniami dla Shopify w zaledwie kilka minut. Skorzystaj z najprostszego demo do tworzenia wtyczek firmy Elfsight, ca\u0142kowicie za darmo.","og_url":"https:\/\/elfsight.com\/pl\/accordion-faq-widget\/shopify\/","og_site_name":"Elfsight PL","article_modified_time":"2025-06-26T15:01:22+00:00","twitter_card":"summary_large_image","twitter_misc":{"Szacowany czas czytania":"3 minuty"},"schema":{"@context":"https:\/\/schema.org","@graph":[{"@type":"WebPage","@id":"https:\/\/elfsight.com\/pl\/accordion-faq-widget\/shopify\/","url":"https:\/\/elfsight.com\/pl\/accordion-faq-widget\/shopify\/","name":"Cz\u0119sto zadawane pytania na temat akordeonu \u2014 dodaj aplikacj\u0119 FAQ do witryny Shopify","isPartOf":{"@id":"https:\/\/elfsight.com\/pl\/#website"},"datePublished":"2024-05-03T06:36:58+00:00","dateModified":"2025-06-26T15:01:22+00:00","description":"Ukszta\u0142tuj swoj\u0105 dostosowan\u0105 aplikacj\u0119 z cz\u0119sto zadawanymi pytaniami dla Shopify w zaledwie kilka minut. Skorzystaj z najprostszego demo do tworzenia wtyczek firmy Elfsight, ca\u0142kowicie za darmo.","breadcrumb":{"@id":"https:\/\/elfsight.com\/pl\/accordion-faq-widget\/shopify\/#breadcrumb"},"inLanguage":"pl-PL","potentialAction":[{"@type":"ReadAction","target":["https:\/\/elfsight.com\/pl\/accordion-faq-widget\/shopify\/"]}]},{"@type":"BreadcrumbList","@id":"https:\/\/elfsight.com\/pl\/accordion-faq-widget\/shopify\/#breadcrumb","itemListElement":[{"@type":"ListItem","position":1,"name":"Home","item":"https:\/\/elfsight.com\/pl\/"},{"@type":"ListItem","position":2,"name":"FAQ","item":"https:\/\/elfsight.com\/pl\/accordion-faq-widget\/"},{"@type":"ListItem","position":3,"name":"FAQ &#8211; Shopify"}]},{"@type":"WebSite","@id":"https:\/\/elfsight.com\/pl\/#website","url":"https:\/\/elfsight.com\/pl\/","name":"Elfsight PL","description":"Just another Elfsight Sites site","potentialAction":[{"@type":"SearchAction","target":{"@type":"EntryPoint","urlTemplate":"https:\/\/elfsight.com\/pl\/?s={search_term_string}"},"query-input":{"@type":"PropertyValueSpecification","valueRequired":true,"valueName":"search_term_string"}}],"inLanguage":"pl-PL"}]}},"meta_box":{"industry":"","seo_heading":"","heading":"","description":"","cta_heading":"","cta_description":"","application":"2063","h1":"Aplikacja z cz\u0119sto zadawanymi pytaniami na temat akordeonu dla Shopify","h1_caption":"Podaj odpowiedzi na cz\u0119sto zadawane pytania w zorganizowanym formacie umo\u017cliwiaj\u0105cym przeszukiwanie, aby pom\u00f3c u\u017cytkownikom szybko znale\u017a\u0107 rozwi\u0105zania w Twojej witrynie Shopify.","application_category":[],"applications_title":"","applications_request_title":"","applications_request_button_text":"","hero_text":"","hero_video":"","hero_video_schema_markup":"","selling_points_title":"","selling_points_caption":"","selling_points":[],"selling_points_cta_text":"","features_title":"","features":"","ed_cta_examples_text":"","ed_cta_examples_hidden":"","ed_cta_demo_text":"","ed_cta_demo_hidden":"","why_caption":"","why_editor_title":"","why_editor_text":"","why_team_title":"","why_team_text":"","why_service_title":"","why_service_text":"","template_catalog_visible":"0","template_catalog_title":"","template_catalog_text":"","template_catalog_categories_visible":"","demo_title":"Utw\u00f3rz aplikacj\u0119 z cz\u0119sto zadawanymi pytaniami","demo_caption":"Skonfiguruj swoje FAQ i dodaj je za darmo do swojej witryny Shopify!","default_faq_hidden":"","app_template_category":[],"platform":"7580","template_public_id":"","codecanyon_url":"","codecanyon_item_id":"","codecanyon_price":"","pricing_caption":"","pricing_elfsight_apps_hide_column":"","pricing_elfsight_apps_url":"","pricing_codecanyon_price_caption":"","integration_category":[],"integration_request_title":"","integration_request_cta":"","integration_platform":"","integrations":[],"platform_category":[],"video_schema_markup":"","price":"od 0 USD \/ miesi\u0105c","trial":"","benefits":[{"text":"Bezp\u0142atna us\u0142uga monta\u017cu"},{"text":"Wsparcie premium"},{"text":"14-dniowa gwarancja zwrotu pieni\u0119dzy"}],"button_url":"#demo","button_target_blank":"0","button_nofollow":"0","attributes":[{"name":"Instaluje"},{"name":"Czu\u0142y"},{"name":"Kompatybilne przegl\u0105darki"}],"tags":[],"tags_disable_links":"0","hide_more_platforms":"0","video_object":"","demo_hide_cta":"0","demo_hide_cloud_options":"0","pricing_title":"","pricing":[{"pricing_icon":"cloud","pricing_title":"Elfsight Apps","pricing_title_caption":"Wersja wieloplatformowa, kt\u00f3ra dzia\u0142a na ka\u017cdej stronie internetowej","pricing_price":"od 0 USD \/ miesi\u0105c","pricing_price_caption":"Zacznij od bezp\u0142atnego planu","pricing_benefits":[{"text":"Nielimitowane strony internetowe"},{"text":"Wsparcie premium"},{"text":"Bezp\u0142atna us\u0142uga monta\u017cu"},{"text":"Oferta specjalna na wiele aplikacji"}],"pricing_button_text":"Dodaj do witryny","pricing_button_url":"#demo"}],"related_apps_title":"","related_apps_hidden":"0","author":"","image":[],"title":"","job":"","social_networks":[]},"_links":{"self":[{"href":"https:\/\/elfsight.com\/pl\/wp-json\/wp\/v2\/pages\/5183","targetHints":{"allow":["GET"]}}],"collection":[{"href":"https:\/\/elfsight.com\/pl\/wp-json\/wp\/v2\/pages"}],"about":[{"href":"https:\/\/elfsight.com\/pl\/wp-json\/wp\/v2\/types\/page"}],"author":[{"embeddable":true,"href":"https:\/\/elfsight.com\/pl\/wp-json\/wp\/v2\/users\/9"}],"replies":[{"embeddable":true,"href":"https:\/\/elfsight.com\/pl\/wp-json\/wp\/v2\/comments?post=5183"}],"version-history":[{"count":3,"href":"https:\/\/elfsight.com\/pl\/wp-json\/wp\/v2\/pages\/5183\/revisions"}],"predecessor-version":[{"id":10572,"href":"https:\/\/elfsight.com\/pl\/wp-json\/wp\/v2\/pages\/5183\/revisions\/10572"}],"up":[{"embeddable":true,"href":"https:\/\/elfsight.com\/pl\/wp-json\/wp\/v2\/pages\/2064"}],"wp:attachment":[{"href":"https:\/\/elfsight.com\/pl\/wp-json\/wp\/v2\/media?parent=5183"}],"curies":[{"name":"wp","href":"https:\/\/api.w.org\/{rel}","templated":true}]}}