{"id":5181,"date":"2024-05-03T06:36:56","date_gmt":"2024-05-03T06:36:56","guid":{"rendered":"https:\/\/elfsight.com\/pl\/?page_id=5181"},"modified":"2024-11-14T12:48:51","modified_gmt":"2024-11-14T12:48:51","slug":"magento","status":"publish","type":"page","link":"https:\/\/elfsight.com\/pl\/accordion-faq-widget\/magento\/","title":{"rendered":"FAQ &#8211; Magento"},"content":{"rendered":"<div class=\"application-platform-content-item-description application-platform-content-item\" id=\"description\" data-nav-section=\"description\"><h2>Opis<\/h2><p>Elfsight FAQ to proste, \u0142atwe w zastosowaniu i dostosowywaniu narz\u0119dzie umo\u017cliwiaj\u0105ce pokazanie listy najpopularniejszych pyta\u0144 z odpowiedziami na osobistej stronie internetowej. Rozszerzenie adaptacyjne o prostej konstrukcji daje szans\u0119 na udost\u0119pnienie obszernych informacji o Twoich ofertach, zwr\u00f3cenie uwagi klienta na zalety Twoich produkt\u00f3w i wykluczenie ewentualnych obaw czy nieufno\u015bci, kt\u00f3re mog\u0105 przeszkodzi\u0107 w podj\u0119ciu decyzji zakupowej.<\/p><p><b>Od razu odpowiedz na pojawiaj\u0105ce si\u0119 pytania odwiedzaj\u0105cych i zwi\u0119ksz konwersj\u0119 na stronie!<\/b><\/p><ul><li><b>Wyeliminuj wszelkie w\u0105tpliwo\u015bci, jakie mog\u0105 mie\u0107 Twoi klienci i podnie\u015b poziom swoje dochody<\/b>.<br>Wy\u015bwietlaj potencjalnemu klientowi obszerne dane o swoich produktach lub ofertach, aby zaradzi\u0107 jego niezdecydowaniu i zwi\u0119kszy\u0107 dochody na stronie.<\/li><li><b>Zr\u00f3b skuteczny wizerunek swojej firmy marki w\u015br\u00f3d klient\u00f3w<\/b>.<br>Narysuj odpowiedni wizerunek swojej firmy dla os\u00f3b odwiedzaj\u0105cych witryn\u0119, aby skorygowa\u0107 wszelkie mo\u017cliwe b\u0142\u0119dne przekonania.<\/li><li><b>B\u0142yskawicznie odpowiedz na ka\u017cde pytanie swojego klienta<\/b>.<br>Pom\u00f3\u017c odwiedzaj\u0105cym uzyska\u0107 jak najpe\u0142niejsze informacje o Twoich towarach lub us\u0142ugach i zapobiegnij pojawianiu si\u0119 zapyta\u0144.<\/li><\/ul><\/div><div class=\"application-platform-content-item-features application-platform-content-item\" id=\"features\" data-nav-section=\"features\"><h2>Funkcje<\/h2><p>G\u0142\u00f3wne aspekty funkcjonalne naszego rozszerzenia, kt\u00f3re pozwoli\u0142y mu sta\u0107 si\u0119 najbardziej elastycznym rozszerzeniem integruj\u0105cym FAQ na stronie Magento.<\/p><ul><li>Uk\u0142ad listy, aby wy\u015bwietli\u0107 wszystkie pytania i odpowiedzi na raz;<\/li><li>4 gotowe do u\u017cycia style z obramowaniami i cieniami;<\/li><li>Ikona krzy\u017cyka lub strza\u0142ki dla uk\u0142adu harmonijkowego;<\/li><li>Edytowalny tytu\u0142 wid\u017cetu;<\/li><li>Zoptymalizowany pod k\u0105tem urz\u0105dze\u0144 mobilnych pod k\u0105tem p\u0142ynnej obs\u0142ugi.<\/li><\/ul><p><a href=\"#demo\">Sprawd\u017a wszystkie funkcje<\/a><\/p><\/div><div class=\"application-platform-content-item-installation application-platform-content-item\" id=\"installation\" data-nav-section=\"installation\"><h2>Jak doda\u0107 wid\u017cet FAQ Accordion do Magento<\/h2><p>Wystarczy spe\u0142ni\u0107 poni\u017csze wskaz\u00f3wki, aby aktywowa\u0107 rozszerzenie w Magento.<\/p> <ol><li><b>Otw\u00f3rz nasz darmowy edytor i rozpocznij tworz\u0105c w\u0142asny widget. <\/b><br> Znajd\u017a preferowany projekt i parametry narz\u0119dzia i zastosuj modyfikacje. <\/li> <li><b>Zdob\u0105d\u017a unikalny kod pojawiaj\u0105cy si\u0119 w oknie aplikacji Elfsight. <\/b><br> Po zako\u0144czeniu generowania wid\u017cetu skopiuj ekskluzywny kod z wy\u015bwietlonego pola i zapisz go do wykorzystania w przysz\u0142o\u015bci. <\/li> <li><b>Rozpocznij stosowanie rozszerzenia FAQ na stronie Magento. <\/b><br> Dodaj kod zapisany ostatnio na swojej stronie g\u0142\u00f3wnej i zastosuj zmiany. <\/li> <li><b>Gotowe! Osadzanie zosta\u0142o pomy\u015blnie zako\u0144czone. <\/b><br> Przejd\u017a do swojej witryny, aby zobaczy\u0107 w akcji dzia\u0142anie rozszerzenia. <\/li><\/ol><p>Masz pytania dotycz\u0105ce stosowania przewodnika? Zostaw wiadomo\u015b\u0107 naszemu zespo\u0142owi wsparcia lub przeczytaj obszern\u0105 instrukcj\u0119 \u00ab<a href=\"https:\/\/elfsight.com\/tutorials\/how-to-add-faq-widget-to-magento\/\" target=\"_blank\" rel=\"noopener noreferrer\">Jak doda\u0107 cz\u0119sto zadawane pytania do Magento<\/a>\u00bb i dokona\u0107 ustawie\u0144 samodzielnie.<\/p><div class=\"faq\" data-component=\"FAQ\"><div class=\"faq-item\">\r\n\t\t\t\t\t<div class=\"faq-item-question\">\r\n\t\t\t\t\t\t<h3 class=\"faq-item-question-text\">Jak doda\u0107 cz\u0119sto zadawane pytania do mojej witryny Magento bez umiej\u0119tno\u015bci kodowania?<\/h3>\r\n\r\n\t\t\t\t\t\t<div class=\"faq-item-question-icon\"><\/div>\r\n\t\t\t\t\t<\/div>\r\n\r\n\t\t\t\t\t<div class=\"faq-item-answer\">\r\n\t\t\t\t\t\t<div class=\"faq-item-answer-text\"> <p>Elfsight zapewnia rozwi\u0105zanie SaaS, kt\u00f3re umo\u017cliwia samodzielne utworzenie wid\u017cetu FAQ. Zobacz, jak \u0142atwy jest ten proces: Pracuj bezpo\u015brednio w edytorze online, aby utworzy\u0107 wid\u017cet FAQ, kt\u00f3ry chcia\u0142by\u015b zobaczy\u0107 na swojej stronie Magento. Wybierz jeden z gotowych szablon\u00f3w i dostosuj ustawienia FAQ, dodaj tre\u015b\u0107, zmie\u0144 uk\u0142ad i kolory bez umiej\u0119tno\u015bci kodowania. Zapisz FAQ i skopiuj jego kod instalacyjny, aby\u015b m\u00f3g\u0142 \u0142atwo doda\u0107 go do swojej witryny Magento bez konieczno\u015bci kupowania p\u0142atnego planu. Dzi\u0119ki naszemu intuicyjnemu Edytorowi ka\u017cdy u\u017cytkownik Internetu mo\u017ce stworzy\u0107 wid\u017cet FAQ online i \u0142atwo osadzi\u0107 go na swojej stronie Magento. Aby uzyska\u0107 dost\u0119p do us\u0142ugi, nie trzeba p\u0142aci\u0107 ani wprowadza\u0107 danych uwierzytelniaj\u0105cych karty. Je\u015bli na kt\u00f3rymkolwiek etapie napotkasz jakiekolwiek problemy, skontaktuj si\u0119 z naszym zespo\u0142em pomocy technicznej.<\/p> <\/div>\r\n\t\t\t\t\t<\/div>\r\n\t\t\t\t<\/div> <\/div><\/div>","protected":false},"excerpt":{"rendered":"","protected":false},"author":9,"featured_media":0,"parent":2064,"menu_order":0,"comment_status":"closed","ping_status":"closed","template":"templates\/template-application-platform.php","meta":{"publish_to_discourse":"","publish_post_category":"","wpdc_auto_publish_overridden":"","wpdc_topic_tags":"","wpdc_pin_topic":"","wpdc_pin_until":"","discourse_post_id":"","discourse_permalink":"","wpdc_publishing_response":"","wpdc_publishing_error":"","footnotes":""},"class_list":["post-5181","page","type-page","status-publish","hentry"],"yoast_head":"<!-- This site is optimized with the Yoast SEO plugin v25.3.1 - https:\/\/yoast.com\/wordpress\/plugins\/seo\/ -->\n<title>Accordion FAQ - Dodaj wid\u017cet FAQ do strony Magento<\/title>\n<meta name=\"description\" content=\"Ustaw swoje osobiste rozszerzenie FAQ dla Magento w zaledwie 80 sekund. Sprawd\u017a szybki panel do tworzenia wtyczek przez Elfsight, ca\u0142kowicie za darmo.\" \/>\n<meta name=\"robots\" content=\"index, follow, max-snippet:-1, max-image-preview:large, max-video-preview:-1\" \/>\n<link rel=\"canonical\" href=\"https:\/\/elfsight.com\/pl\/accordion-faq-widget\/magento\/\" \/>\n<meta property=\"og:locale\" content=\"pl_PL\" \/>\n<meta property=\"og:type\" content=\"article\" \/>\n<meta property=\"og:title\" content=\"Accordion FAQ - Dodaj wid\u017cet FAQ do strony Magento\" \/>\n<meta property=\"og:description\" content=\"Ustaw swoje osobiste rozszerzenie FAQ dla Magento w zaledwie 80 sekund. Sprawd\u017a szybki panel do tworzenia wtyczek przez Elfsight, ca\u0142kowicie za darmo.\" \/>\n<meta property=\"og:url\" content=\"https:\/\/elfsight.com\/pl\/accordion-faq-widget\/magento\/\" \/>\n<meta property=\"og:site_name\" content=\"Elfsight PL\" \/>\n<meta property=\"article:modified_time\" content=\"2024-11-14T12:48:51+00:00\" \/>\n<meta name=\"twitter:card\" content=\"summary_large_image\" \/>\n<meta name=\"twitter:label1\" content=\"Szacowany czas czytania\" \/>\n\t<meta name=\"twitter:data1\" content=\"3 minuty\" \/>\n<!-- \/ Yoast SEO plugin. -->","yoast_head_json":{"title":"Accordion FAQ - Dodaj wid\u017cet FAQ do strony Magento","description":"Ustaw swoje osobiste rozszerzenie FAQ dla Magento w zaledwie 80 sekund. Sprawd\u017a szybki panel do tworzenia wtyczek przez Elfsight, ca\u0142kowicie za darmo.","robots":{"index":"index","follow":"follow","max-snippet":"max-snippet:-1","max-image-preview":"max-image-preview:large","max-video-preview":"max-video-preview:-1"},"canonical":"https:\/\/elfsight.com\/pl\/accordion-faq-widget\/magento\/","og_locale":"pl_PL","og_type":"article","og_title":"Accordion FAQ - Dodaj wid\u017cet FAQ do strony Magento","og_description":"Ustaw swoje osobiste rozszerzenie FAQ dla Magento w zaledwie 80 sekund. Sprawd\u017a szybki panel do tworzenia wtyczek przez Elfsight, ca\u0142kowicie za darmo.","og_url":"https:\/\/elfsight.com\/pl\/accordion-faq-widget\/magento\/","og_site_name":"Elfsight PL","article_modified_time":"2024-11-14T12:48:51+00:00","twitter_card":"summary_large_image","twitter_misc":{"Szacowany czas czytania":"3 minuty"},"schema":{"@context":"https:\/\/schema.org","@graph":[{"@type":"WebPage","@id":"https:\/\/elfsight.com\/pl\/accordion-faq-widget\/magento\/","url":"https:\/\/elfsight.com\/pl\/accordion-faq-widget\/magento\/","name":"Accordion FAQ - Dodaj wid\u017cet FAQ do strony Magento","isPartOf":{"@id":"https:\/\/elfsight.com\/pl\/#website"},"datePublished":"2024-05-03T06:36:56+00:00","dateModified":"2024-11-14T12:48:51+00:00","description":"Ustaw swoje osobiste rozszerzenie FAQ dla Magento w zaledwie 80 sekund. Sprawd\u017a szybki panel do tworzenia wtyczek przez Elfsight, ca\u0142kowicie za darmo.","breadcrumb":{"@id":"https:\/\/elfsight.com\/pl\/accordion-faq-widget\/magento\/#breadcrumb"},"inLanguage":"pl-PL","potentialAction":[{"@type":"ReadAction","target":["https:\/\/elfsight.com\/pl\/accordion-faq-widget\/magento\/"]}]},{"@type":"BreadcrumbList","@id":"https:\/\/elfsight.com\/pl\/accordion-faq-widget\/magento\/#breadcrumb","itemListElement":[{"@type":"ListItem","position":1,"name":"Home","item":"https:\/\/elfsight.com\/pl\/"},{"@type":"ListItem","position":2,"name":"FAQ","item":"https:\/\/elfsight.com\/pl\/accordion-faq-widget\/"},{"@type":"ListItem","position":3,"name":"FAQ &#8211; Magento"}]},{"@type":"WebSite","@id":"https:\/\/elfsight.com\/pl\/#website","url":"https:\/\/elfsight.com\/pl\/","name":"Elfsight PL","description":"Just another Elfsight Sites site","potentialAction":[{"@type":"SearchAction","target":{"@type":"EntryPoint","urlTemplate":"https:\/\/elfsight.com\/pl\/?s={search_term_string}"},"query-input":{"@type":"PropertyValueSpecification","valueRequired":true,"valueName":"search_term_string"}}],"inLanguage":"pl-PL"}]}},"meta_box":{"industry":"","seo_heading":"","heading":"","description":"","cta_heading":"","cta_description":"","application":"2063","h1":"Rozszerzenie FAQ dotycz\u0105ce akordeonu dla Magento","h1_caption":"Podaj odpowiedzi na cz\u0119sto zadawane pytania w zorganizowanym formacie z mo\u017cliwo\u015bci\u0105 wyszukiwania, aby pom\u00f3c u\u017cytkownikom szybko znale\u017a\u0107 rozwi\u0105zania w Twojej witrynie Magento.","application_category":[],"applications_title":"","applications_request_title":"","applications_request_button_text":"","hero_text":"","hero_video":"","hero_video_schema_markup":"","selling_points_title":"","selling_points_caption":"","selling_points":[],"selling_points_cta_text":"","features_title":"","features":"","ed_cta_examples_text":"","ed_cta_examples_hidden":"","ed_cta_demo_text":"","ed_cta_demo_hidden":"","why_caption":"","why_editor_title":"","why_editor_text":"","why_team_title":"","why_team_text":"","why_service_title":"","why_service_text":"","template_catalog_visible":"","template_catalog_title":"","template_catalog_text":"","template_catalog_categories_visible":"","demo_title":"Utw\u00f3rz rozszerzenie FAQ","demo_caption":"Skonfiguruj FAQ i dodaj je za darmo do swojej witryny Magento!","default_faq_hidden":"","app_template_category":[],"platform":"92","template_public_id":"","codecanyon_url":"","codecanyon_item_id":"","codecanyon_price":"","pricing_caption":"","pricing_elfsight_apps_hide_column":"","pricing_elfsight_apps_url":"","pricing_codecanyon_price_caption":"","integration_category":[],"integration_request_title":"","integration_request_cta":"","integration_platform":"","integrations":[],"platform_category":[],"video_schema_markup":"","price":"od 0 USD \/ miesi\u0105c","trial":"","benefits":[{"text":"Bezp\u0142atna us\u0142uga monta\u017cu"},{"text":"Do\u015bwiadczona obs\u0142uga klienta"},{"text":"14-dniowa gwarancja zwrotu pieni\u0119dzy"}],"button_url":"#demo","button_target_blank":"","button_nofollow":"","attributes":[{"name":"Instaluje"},{"name":"Czu\u0142y"},{"name":"Kompatybilne przegl\u0105darki"}],"tags":[],"tags_disable_links":"","hide_more_platforms":"","video_object":"","demo_hide_cta":"","demo_hide_cloud_options":"","pricing_title":"","pricing":[{"pricing_icon":"platform","pricing_title":"Elfsight Apps","pricing_title_caption":"Oprogramowanie wieloplatformowe","pricing_price":"od 0 USD \/ miesi\u0105c","pricing_price_caption":"zacznij od bezp\u0142atnego planu","pricing_benefits":[{"text":"Nielimitowane domeny"},{"text":"Ca\u0142odobowe i terminowe wsparcie"},{"text":"Bezp\u0142atna us\u0142uga monta\u017cu"},{"text":"W pe\u0142ni konfigurowalny"}],"pricing_button_text":"Dodaj do witryny","pricing_button_url":"#demo"}],"related_apps_title":"","related_apps_hidden":"","author":"","image":[],"title":"","job":"","social_networks":[]},"_links":{"self":[{"href":"https:\/\/elfsight.com\/pl\/wp-json\/wp\/v2\/pages\/5181","targetHints":{"allow":["GET"]}}],"collection":[{"href":"https:\/\/elfsight.com\/pl\/wp-json\/wp\/v2\/pages"}],"about":[{"href":"https:\/\/elfsight.com\/pl\/wp-json\/wp\/v2\/types\/page"}],"author":[{"embeddable":true,"href":"https:\/\/elfsight.com\/pl\/wp-json\/wp\/v2\/users\/9"}],"replies":[{"embeddable":true,"href":"https:\/\/elfsight.com\/pl\/wp-json\/wp\/v2\/comments?post=5181"}],"version-history":[{"count":1,"href":"https:\/\/elfsight.com\/pl\/wp-json\/wp\/v2\/pages\/5181\/revisions"}],"predecessor-version":[{"id":5185,"href":"https:\/\/elfsight.com\/pl\/wp-json\/wp\/v2\/pages\/5181\/revisions\/5185"}],"up":[{"embeddable":true,"href":"https:\/\/elfsight.com\/pl\/wp-json\/wp\/v2\/pages\/2064"}],"wp:attachment":[{"href":"https:\/\/elfsight.com\/pl\/wp-json\/wp\/v2\/media?parent=5181"}],"curies":[{"name":"wp","href":"https:\/\/api.w.org\/{rel}","templated":true}]}}